{"id":53374,"date":"2020-09-22T13:17:20","date_gmt":"2020-09-22T10:17:20","guid":{"rendered":"https:\/\/rodoaed.ee\/toode\/vesilevy-double-pro-1200-4000\/"},"modified":"2026-04-13T11:04:45","modified_gmt":"2026-04-13T08:04:45","slug":"vesilevy-double-pro-1200-4000","status":"publish","type":"product","link":"https:\/\/rodoaed.ee\/fi\/tuote\/vesilevy-double-pro-1200-4000\/","title":{"rendered":"Vesilevy Double Pro 1200\/4000"},"content":{"rendered":"<h2>Kaksipuolinen keraaminen vesiharava, jossa on 1200\/4000 ter\u00e4\u00e4.<\/h2>\n<div class=\"text\">\n<p>Vesiveitsi on paras v\u00e4line kaikkien keitti\u00f6veitsien ja erityisesti kalliimpien kokkiveitsien k\u00e4siteroittamiseen. Vesiveitsi on hell\u00e4varainen ja tarkka tapa teroittaa hyv\u00e4 veitsi. Nopeiden teroittimien kanssa on oltava hieman varovainen, ettei naarmuta kaunista veitsenter\u00e4\u00e4.  <\/p>\n<p><strong>Eritt\u00e4in k\u00e4yt\u00e4nn\u00f6llinen vesiharava, jonka toisella puolella on karkeampi teroituskivi ja toisella puolella hienompi viimeistelykivi.<\/strong><\/p>\n<p>On olemassa luonnollisia pohjavesikivi\u00e4 ja keraamisia kivi\u00e4, joissa kiven massa on puristettu tai sulatettu. Molemmat ovat hyvi\u00e4. Luonnonmukaisia sopivia hiekkakivikerrostumia on vaikea l\u00f6yt\u00e4\u00e4, ja suuremmat luonnonkivikerrostumat ovat harvinaisia, arvokkaita ja joskus hyvin kalliita. Synteettiset kivilohkareet ovat hyv\u00e4 korvike, koska ne ovat halpoja ja tekev\u00e4t saman ty\u00f6n.   <\/p>\n<p><strong>Vesi-iskujen raekoot ovat yleisesti ottaen seuraavat.<\/strong><\/p>\n<ul>\n<li>Kivi, jonka ter\u00e4vyys on noin 400-800, on karkearakeinen harava, jolla muotoillaan eritt\u00e4in hienoja veitsi\u00e4, poistetaan laikkuja ja parannetaan jyv\u00e4n muotoa.<\/li>\n<li>Kivi, jonka ter\u00e4vyys on noin 1000, on paras p\u00e4ivitt\u00e4iseen ja s\u00e4\u00e4nn\u00f6lliseen teroitukseen.<\/li>\n<li>Kivi, jonka ter\u00e4vyys on noin 3000, soveltuu s\u00e4\u00e4nn\u00f6lliseen teroitukseen sek\u00e4 ter\u00e4n kiillotukseen.<\/li>\n<li>Kivet, joiden raekoko on noin 6000-10 000, on tarkoitettu veitsien viimeistelyyn ja peilien kiillotukseen. T\u00e4m\u00e4 parantaa leikkaavaa vaikutusta ja pident\u00e4\u00e4 ter\u00e4vyytt\u00e4. <\/li>\n<\/ul>\n<p>Jos k\u00e4yt\u00e4t vesikive\u00e4, liota kive\u00e4 vedess\u00e4 muutama minuutti ennen k\u00e4ytt\u00f6\u00e4. Ramppia tai veitsen ter\u00e4\u00e4 ei tarvitse puhdistaa teroituksen aikana &#8211; kaikki vapautuva hieno hiekkap\u00f6ly auttaa teroittamisessa. Lis\u00e4\u00e4 tarvittaessa hieman vett\u00e4 kiveen ty\u00f6skentelyn aikana. Huuhtele veitsenter\u00e4 ja vesiharava puhtaaksi k\u00e4yt\u00f6n j\u00e4lkeen juoksevan veden alla ja kuivaa.   <\/p>\n<p>Robert Herderin veitsiss\u00e4 on 15 asteen leikkuukulma, kuten useimmissa japanilaisissa veitsiss\u00e4. Yksinkertaisemmissa eurooppalaisissa veitsiss\u00e4 on 20 asteen leikkuukulma.  Tarkista teroituskulma valmistajan sivulta ennen teroitusta.<\/p>\n<\/div>\n<h2>T\u00e4rkeimm\u00e4t ominaisuudet:<\/h2>\n<ul>\n<li>Mitat: 180 x 55 x 25 mm<\/li>\n<li>Alkuper\u00e4maa: Japani<\/li>\n<\/ul>\n<p>&nbsp;<\/p>\n<p><a href=\"https:\/\/rodoaed.ee\/fi\/\">kotisivu<\/a> <a href=\"https:\/\/rodoaed.ee\/fi\/tootekategooria\/keittiolaitteet\/\">k\u00e4ynnist\u00e4<\/a> <a href=\"https:\/\/rodoaed.ee\/fi\/tootekategooria\/keittiolaitteet\/keittion-pesuallas\/\">Keitti\u00f6n portaat<\/a> <a href=\"https:\/\/rodoaed.ee\/fi\/toode\/poyta-jossa-on-vanhan-saksalaisen-luumupuun-kahva\/\">p\u00f6yd\u00e4ll\u00e4<\/a> <a href=\"https:\/\/rodoaed.ee\/fi\/toode\/kokanuga-k5-luumupuukahva-182mm\/\">ruoanlaitto veitsi<\/a> <a href=\"https:\/\/rodoaed.ee\/fi\/toode\/leivanuga-k-b2-luumupuukahva-230mm\/\">leip\u00e4 veitsi<\/a><\/p>\n","protected":false},"excerpt":{"rendered":"<p>Kaksipuolinen keraaminen vesiharava, jossa on 1200\/4000 ter\u00e4\u00e4. Vesiveitsi on paras v\u00e4line kaikkien keitti\u00f6veitsien ja erityisesti kalliimpien kokkiveitsien k\u00e4siteroittamiseen. Vesiveitsi on hell\u00e4varainen ja tarkka tapa teroittaa hyv\u00e4 veitsi. Nopeiden teroittimien kanssa on oltava hieman varovainen, ettei naarmuta kaunista veitsenter\u00e4\u00e4. Eritt\u00e4in k\u00e4yt\u00e4nn\u00f6llinen vesiharava, jonka toisella puolella on karkeampi teroituskivi ja toisella puolella hienompi viimeistelykivi. On olemassa luonnollisia pohjavesikivi\u00e4 ja keraamisia kivi\u00e4, joissa kiven massa on puristettu tai&#8230;<\/p>\n","protected":false},"featured_media":33538,"template":"","meta":{"_acf_changed":false},"product_brand":[],"product_cat":[1751,1830,2220,2237],"product_tag":[],"class_list":{"0":"post-53374","1":"product","2":"type-product","3":"status-publish","4":"has-post-thumbnail","6":"product_cat-keittiolaitteet","7":"product_cat-keittion-pesuallas","8":"product_cat-veitsien-teroitus-ja-huolto","9":"product_cat-vesirampit-ja-teroittimet","10":"product_shipping_class-toimitus-1-3-tyopaivan-kuluessa","11":"pa_variatsioon-keittioveitsi-k0-hiiliteras-kiillotettu-varsi-luumupuuta","13":"first","14":"instock","15":"sale","16":"taxable","17":"shipping-taxable","18":"purchasable","19":"product-type-simple"},"acf":[],"yoast_head":"<!-- This site is optimized with the Yoast SEO Premium plugin v27.3 (Yoast SEO v27.3) - https:\/\/yoast.com\/product\/yoast-seo-premium-wordpress\/ -->\n<title>Vesilevy Double Pro 1200\/4000 - Rodoaed<\/title>\n<meta name=\"description\" content=\"Luonnonpellavakuituinen veitsisokkeli suojaa veitsen ter\u00e4\u00e4 laatikossa tai matkalaukussa.\" \/>\n<meta name=\"robots\" content=\"index, follow, max-snippet:-1, max-image-preview:large, max-video-preview:-1\" \/>\n<link rel=\"canonical\" href=\"https:\/\/rodoaed.ee\/fi\/toode\/vesilevy-double-pro-1200-4000\/\" \/>\n<meta property=\"og:locale\" content=\"fi_FI\" \/>\n<meta property=\"og:type\" content=\"article\" \/>\n<meta property=\"og:title\" content=\"Vesilevy Double Pro 1200\/4000\" \/>\n<meta property=\"og:description\" content=\"Kaksipuolinen keraaminen vesiharava, jossa on 1200\/4000 ter\u00e4\u00e4. Vesiveitsi on paras v\u00e4line kaikkien keitti\u00f6veitsien ja erityisesti kalliimpien\" \/>\n<meta property=\"og:url\" content=\"https:\/\/rodoaed.ee\/fi\/toode\/vesilevy-double-pro-1200-4000\/\" \/>\n<meta property=\"og:site_name\" content=\"Rodoaed\" \/>\n<meta property=\"article:publisher\" content=\"https:\/\/www.facebook.com\/kasvuhooned\/\" \/>\n<meta property=\"article:modified_time\" content=\"2026-04-13T08:04:45+00:00\" \/>\n<meta property=\"og:image\" content=\"https:\/\/rodoaed.ee\/wp-content\/uploads\/2020\/09\/vesiluisk-kahepoolne_0125_004_1240_01.jpg\" \/>\n\t<meta property=\"og:image:width\" content=\"1200\" \/>\n\t<meta property=\"og:image:height\" content=\"800\" \/>\n\t<meta property=\"og:image:type\" content=\"image\/jpeg\" \/>\n<meta name=\"twitter:card\" content=\"summary_large_image\" \/>\n<meta name=\"twitter:label1\" content=\"Arvioitu lukuaika\" \/>\n\t<meta name=\"twitter:data1\" content=\"1 minuutti\" \/>\n<script type=\"application\/ld+json\" class=\"yoast-schema-graph\">{\"@context\":\"https:\\\/\\\/schema.org\",\"@graph\":[{\"@type\":\"WebPage\",\"@id\":\"https:\\\/\\\/rodoaed.ee\\\/fi\\\/toode\\\/vesilevy-double-pro-1200-4000\\\/\",\"url\":\"https:\\\/\\\/rodoaed.ee\\\/fi\\\/toode\\\/vesilevy-double-pro-1200-4000\\\/\",\"name\":\"Vesilevy Double Pro 1200\\\/4000 - Rodoaed\",\"isPartOf\":{\"@id\":\"https:\\\/\\\/rodoaed.ee\\\/#website\"},\"primaryImageOfPage\":{\"@id\":\"https:\\\/\\\/rodoaed.ee\\\/fi\\\/toode\\\/vesilevy-double-pro-1200-4000\\\/#primaryimage\"},\"image\":{\"@id\":\"https:\\\/\\\/rodoaed.ee\\\/fi\\\/toode\\\/vesilevy-double-pro-1200-4000\\\/#primaryimage\"},\"thumbnailUrl\":\"https:\\\/\\\/rodoaed.ee\\\/wp-content\\\/uploads\\\/2020\\\/09\\\/vesiluisk-kahepoolne_0125_004_1240_01.jpg\",\"datePublished\":\"2020-09-22T10:17:20+00:00\",\"dateModified\":\"2026-04-13T08:04:45+00:00\",\"description\":\"Luonnonpellavakuituinen veitsisokkeli suojaa veitsen ter\u00e4\u00e4 laatikossa tai matkalaukussa.\",\"breadcrumb\":{\"@id\":\"https:\\\/\\\/rodoaed.ee\\\/fi\\\/toode\\\/vesilevy-double-pro-1200-4000\\\/#breadcrumb\"},\"inLanguage\":\"fi\",\"potentialAction\":[{\"@type\":\"ReadAction\",\"target\":[\"https:\\\/\\\/rodoaed.ee\\\/fi\\\/toode\\\/vesilevy-double-pro-1200-4000\\\/\"]}]},{\"@type\":\"ImageObject\",\"inLanguage\":\"fi\",\"@id\":\"https:\\\/\\\/rodoaed.ee\\\/fi\\\/toode\\\/vesilevy-double-pro-1200-4000\\\/#primaryimage\",\"url\":\"https:\\\/\\\/rodoaed.ee\\\/wp-content\\\/uploads\\\/2020\\\/09\\\/vesiluisk-kahepoolne_0125_004_1240_01.jpg\",\"contentUrl\":\"https:\\\/\\\/rodoaed.ee\\\/wp-content\\\/uploads\\\/2020\\\/09\\\/vesiluisk-kahepoolne_0125_004_1240_01.jpg\",\"width\":1200,\"height\":800},{\"@type\":\"BreadcrumbList\",\"@id\":\"https:\\\/\\\/rodoaed.ee\\\/fi\\\/toode\\\/vesilevy-double-pro-1200-4000\\\/#breadcrumb\",\"itemListElement\":[{\"@type\":\"ListItem\",\"position\":1,\"name\":\"Home\",\"item\":\"https:\\\/\\\/rodoaed.ee\\\/fi\\\/\"},{\"@type\":\"ListItem\",\"position\":2,\"name\":\"Osta osoitteessa\",\"item\":\"https:\\\/\\\/rodoaed.ee\\\/osta-osoitteessa\\\/\"},{\"@type\":\"ListItem\",\"position\":3,\"name\":\"Vesilevy Double Pro 1200\\\/4000\"}]},{\"@type\":\"WebSite\",\"@id\":\"https:\\\/\\\/rodoaed.ee\\\/#website\",\"url\":\"https:\\\/\\\/rodoaed.ee\\\/\",\"name\":\"Rodoaed\",\"description\":\"\",\"publisher\":{\"@id\":\"https:\\\/\\\/rodoaed.ee\\\/#organization\"},\"potentialAction\":[{\"@type\":\"SearchAction\",\"target\":{\"@type\":\"EntryPoint\",\"urlTemplate\":\"https:\\\/\\\/rodoaed.ee\\\/?s={search_term_string}\"},\"query-input\":{\"@type\":\"PropertyValueSpecification\",\"valueRequired\":true,\"valueName\":\"search_term_string\"}}],\"inLanguage\":\"fi\"},{\"@type\":\"Organization\",\"@id\":\"https:\\\/\\\/rodoaed.ee\\\/#organization\",\"name\":\"Rodoaed\",\"url\":\"https:\\\/\\\/rodoaed.ee\\\/\",\"logo\":{\"@type\":\"ImageObject\",\"inLanguage\":\"fi\",\"@id\":\"https:\\\/\\\/rodoaed.ee\\\/#\\\/schema\\\/logo\\\/image\\\/\",\"url\":\"https:\\\/\\\/rodoaed.ee\\\/wp-content\\\/uploads\\\/2019\\\/11\\\/rodoaed-logo-ilma-taustata.jpg\",\"contentUrl\":\"https:\\\/\\\/rodoaed.ee\\\/wp-content\\\/uploads\\\/2019\\\/11\\\/rodoaed-logo-ilma-taustata.jpg\",\"width\":769,\"height\":268,\"caption\":\"Rodoaed\"},\"image\":{\"@id\":\"https:\\\/\\\/rodoaed.ee\\\/#\\\/schema\\\/logo\\\/image\\\/\"},\"sameAs\":[\"https:\\\/\\\/www.facebook.com\\\/kasvuhooned\\\/\",\"https:\\\/\\\/rodoaed.ee\"]}]}<\/script>\n<!-- \/ Yoast SEO Premium plugin. -->","yoast_head_json":{"title":"Vesilevy Double Pro 1200\/4000 - Rodoaed","description":"Luonnonpellavakuituinen veitsisokkeli suojaa veitsen ter\u00e4\u00e4 laatikossa tai matkalaukussa.","robots":{"index":"index","follow":"follow","max-snippet":"max-snippet:-1","max-image-preview":"max-image-preview:large","max-video-preview":"max-video-preview:-1"},"canonical":"https:\/\/rodoaed.ee\/fi\/toode\/vesilevy-double-pro-1200-4000\/","og_locale":"fi_FI","og_type":"article","og_title":"Vesilevy Double Pro 1200\/4000","og_description":"Kaksipuolinen keraaminen vesiharava, jossa on 1200\/4000 ter\u00e4\u00e4. Vesiveitsi on paras v\u00e4line kaikkien keitti\u00f6veitsien ja erityisesti kalliimpien","og_url":"https:\/\/rodoaed.ee\/fi\/toode\/vesilevy-double-pro-1200-4000\/","og_site_name":"Rodoaed","article_publisher":"https:\/\/www.facebook.com\/kasvuhooned\/","article_modified_time":"2026-04-13T08:04:45+00:00","og_image":[{"width":1200,"height":800,"url":"https:\/\/rodoaed.ee\/wp-content\/uploads\/2020\/09\/vesiluisk-kahepoolne_0125_004_1240_01.jpg","type":"image\/jpeg"}],"twitter_card":"summary_large_image","twitter_misc":{"Arvioitu lukuaika":"1 minuutti"},"schema":{"@context":"https:\/\/schema.org","@graph":[{"@type":"WebPage","@id":"https:\/\/rodoaed.ee\/fi\/toode\/vesilevy-double-pro-1200-4000\/","url":"https:\/\/rodoaed.ee\/fi\/toode\/vesilevy-double-pro-1200-4000\/","name":"Vesilevy Double Pro 1200\/4000 - Rodoaed","isPartOf":{"@id":"https:\/\/rodoaed.ee\/#website"},"primaryImageOfPage":{"@id":"https:\/\/rodoaed.ee\/fi\/toode\/vesilevy-double-pro-1200-4000\/#primaryimage"},"image":{"@id":"https:\/\/rodoaed.ee\/fi\/toode\/vesilevy-double-pro-1200-4000\/#primaryimage"},"thumbnailUrl":"https:\/\/rodoaed.ee\/wp-content\/uploads\/2020\/09\/vesiluisk-kahepoolne_0125_004_1240_01.jpg","datePublished":"2020-09-22T10:17:20+00:00","dateModified":"2026-04-13T08:04:45+00:00","description":"Luonnonpellavakuituinen veitsisokkeli suojaa veitsen ter\u00e4\u00e4 laatikossa tai matkalaukussa.","breadcrumb":{"@id":"https:\/\/rodoaed.ee\/fi\/toode\/vesilevy-double-pro-1200-4000\/#breadcrumb"},"inLanguage":"fi","potentialAction":[{"@type":"ReadAction","target":["https:\/\/rodoaed.ee\/fi\/toode\/vesilevy-double-pro-1200-4000\/"]}]},{"@type":"ImageObject","inLanguage":"fi","@id":"https:\/\/rodoaed.ee\/fi\/toode\/vesilevy-double-pro-1200-4000\/#primaryimage","url":"https:\/\/rodoaed.ee\/wp-content\/uploads\/2020\/09\/vesiluisk-kahepoolne_0125_004_1240_01.jpg","contentUrl":"https:\/\/rodoaed.ee\/wp-content\/uploads\/2020\/09\/vesiluisk-kahepoolne_0125_004_1240_01.jpg","width":1200,"height":800},{"@type":"BreadcrumbList","@id":"https:\/\/rodoaed.ee\/fi\/toode\/vesilevy-double-pro-1200-4000\/#breadcrumb","itemListElement":[{"@type":"ListItem","position":1,"name":"Home","item":"https:\/\/rodoaed.ee\/fi\/"},{"@type":"ListItem","position":2,"name":"Osta osoitteessa","item":"https:\/\/rodoaed.ee\/osta-osoitteessa\/"},{"@type":"ListItem","position":3,"name":"Vesilevy Double Pro 1200\/4000"}]},{"@type":"WebSite","@id":"https:\/\/rodoaed.ee\/#website","url":"https:\/\/rodoaed.ee\/","name":"Rodoaed","description":"","publisher":{"@id":"https:\/\/rodoaed.ee\/#organization"},"potentialAction":[{"@type":"SearchAction","target":{"@type":"EntryPoint","urlTemplate":"https:\/\/rodoaed.ee\/?s={search_term_string}"},"query-input":{"@type":"PropertyValueSpecification","valueRequired":true,"valueName":"search_term_string"}}],"inLanguage":"fi"},{"@type":"Organization","@id":"https:\/\/rodoaed.ee\/#organization","name":"Rodoaed","url":"https:\/\/rodoaed.ee\/","logo":{"@type":"ImageObject","inLanguage":"fi","@id":"https:\/\/rodoaed.ee\/#\/schema\/logo\/image\/","url":"https:\/\/rodoaed.ee\/wp-content\/uploads\/2019\/11\/rodoaed-logo-ilma-taustata.jpg","contentUrl":"https:\/\/rodoaed.ee\/wp-content\/uploads\/2019\/11\/rodoaed-logo-ilma-taustata.jpg","width":769,"height":268,"caption":"Rodoaed"},"image":{"@id":"https:\/\/rodoaed.ee\/#\/schema\/logo\/image\/"},"sameAs":["https:\/\/www.facebook.com\/kasvuhooned\/","https:\/\/rodoaed.ee"]}]}},"_links":{"self":[{"href":"https:\/\/rodoaed.ee\/fi\/wp-json\/wp\/v2\/product\/53374","targetHints":{"allow":["GET"]}}],"collection":[{"href":"https:\/\/rodoaed.ee\/fi\/wp-json\/wp\/v2\/product"}],"about":[{"href":"https:\/\/rodoaed.ee\/fi\/wp-json\/wp\/v2\/types\/product"}],"wp:featuredmedia":[{"embeddable":true,"href":"https:\/\/rodoaed.ee\/fi\/wp-json\/wp\/v2\/media\/33538"}],"wp:attachment":[{"href":"https:\/\/rodoaed.ee\/fi\/wp-json\/wp\/v2\/media?parent=53374"}],"wp:term":[{"taxonomy":"product_brand","embeddable":true,"href":"https:\/\/rodoaed.ee\/fi\/wp-json\/wp\/v2\/product_brand?post=53374"},{"taxonomy":"product_cat","embeddable":true,"href":"https:\/\/rodoaed.ee\/fi\/wp-json\/wp\/v2\/product_cat?post=53374"},{"taxonomy":"product_tag","embeddable":true,"href":"https:\/\/rodoaed.ee\/fi\/wp-json\/wp\/v2\/product_tag?post=53374"}],"curies":[{"name":"wp","href":"https:\/\/api.w.org\/{rel}","templated":true}]}}