{"id":53382,"date":"2020-10-05T13:02:03","date_gmt":"2020-10-05T10:02:03","guid":{"rendered":"https:\/\/rodoaed.ee\/toode\/japanilainen-kokan-veitsi-senzo-universal-santoku-165mm\/"},"modified":"2026-04-13T11:04:54","modified_gmt":"2026-04-13T08:04:54","slug":"japanilainen-kokan-veitsi-senzo-universal-santoku-165mm","status":"publish","type":"product","link":"https:\/\/rodoaed.ee\/fi\/tuote\/japanilainen-kokan-veitsi-senzo-universal-santoku-165mm\/","title":{"rendered":"Japanilainen kokan-veitsi Senzo Universal santoku 165mm"},"content":{"rendered":"<h2>Japanilainen Kokanuga Senzo Univeral santoku- ammattik\u00e4ytt\u00f6\u00f6n.<\/h2>\n<h3>Japanilainen valmistaja Suncraft<\/h3>\n<p>Santoku on kokin veitsen (gyuto) ja vihannesten pilkkomisveitsen (nakiri) risteytys. Ter\u00e4n k\u00e4rki, joka osoittaa veitsen keskelt\u00e4 alasp\u00e4in, antaa vakaamman tuen ty\u00f6tasolle. Sopii hyvin lihan, kalan, vihannesten ja hedelmien leikkaamiseen, pilkkomiseen ja viipalointiin.  <\/p>\n<p>Klassisen muotoinen puukahva tuntuu odotetusti mukavalta k\u00e4dess\u00e4. 33-kerroksinen VG-10-ter\u00e4s tarjoaa leikkaustehon ja ter\u00e4vyyden s\u00e4ilymisen, joka ylitt\u00e4\u00e4 odotukset. <\/p>\n<p>Universal-sarjan veitset ovat 3-pinnisen t\u00e4yskantakiinnityksen ansiosta vankkarakenteisia ja hyvin tasapainoisia. Damaskuster\u00e4ksen aaltoileva <em>&#8221;hamon&#8221;<\/em> -kuvio ja moukaroitu <em>&#8221;tsuchime&#8221;<\/em> -pintak\u00e4sittely takaavat, ett\u00e4 jokaisella veitsell\u00e4 on ainutlaatuinen ulkon\u00e4k\u00f6. <\/p>\n<p>On my\u00f6s syyt\u00e4 mainita Universal-niittivalikoiman kilpailukykyinen hinta verrattuna muihin samantyyppisiin ter\u00e4sniitteihin. Senzo Universalin avulla voit kokea japanilaisen kokakokemuksen aidoimmalla mahdollisella tavalla. <\/p>\n<h2>Parhaat sovellukset:<\/h2>\n<div>\n<ul>\n<li>K\u00e4ytt\u00f6 leikkuulaudalla<\/li>\n<li>Pilkkominen ja viipalointi<\/li>\n<li>Liha ja kala<\/li>\n<li>Hedelm\u00e4t ja vihannekset<\/li>\n<\/ul>\n<\/div>\n<h2>T\u00e4rkeimm\u00e4t ominaisuudet:<\/h2>\n<ul>\n<li>Ter\u00e4materiaali: <strong>Damaskuster\u00e4s<\/strong>, VG-10 ruostumaton ter\u00e4s.<\/li>\n<li><strong>Kovuus 60-61 HRC<\/strong> (normaalit veitset ovat noin HRC 55-57).<\/li>\n<li>Kahvan tyyli: klassinen (l\u00e4nsimainen\/eurooppalainen)<\/li>\n<li>Symmetrinen &#8211; sopii sek\u00e4 vasen- ett\u00e4 oikeak\u00e4tisille.<\/li>\n<li>Kahva: puu (pakkauspuu)<\/li>\n<li>Valmistettu: <strong>Japanissa<\/strong><\/li>\n<li>Valmistaja: Suncraft<\/li>\n<\/ul>\n<h2>Tekniset tiedot:<\/h2>\n<ul>\n<li>Ter\u00e4n pituus 165 mm<\/li>\n<li>Damaskuster\u00e4kerrosten m\u00e4\u00e4r\u00e4: 33<\/li>\n<li>Teroituskulma 15 \u00b0<\/li>\n<li>Noahin kokonaispituus kahvan kanssa 295 mm<\/li>\n<li>Paino: 170 g<\/li>\n<\/ul>\n<p><a href=\"https:\/\/rodoaed.ee\/fi\/\">kotisivu<\/a> <a href=\"https:\/\/rodoaed.ee\/fi\/tootekategooria\/keittiolaitteet\/\">k\u00e4ynnist\u00e4<\/a> <a href=\"https:\/\/rodoaed.ee\/fi\/tootekategooria\/keittiolaitteet\/keittion-pesuallas\/\">Keitti\u00f6n portaat<\/a> <a href=\"https:\/\/rodoaed.ee\/fi\/toode\/poyta-jossa-on-vanhan-saksalaisen-luumupuun-kahva\/\">p\u00f6yd\u00e4ll\u00e4<\/a> <a href=\"https:\/\/rodoaed.ee\/fi\/toode\/kokanuga-k5-luumupuukahva-182mm\/\">ruoanlaitto veitsi<\/a> <a href=\"https:\/\/rodoaed.ee\/fi\/toode\/leivanuga-k-b2-luumupuukahva-230mm\/\">leip\u00e4 veitsi<\/a><\/p>\n<p>&nbsp;<\/p>\n","protected":false},"excerpt":{"rendered":"<p>Japanilainen Kokanuga Senzo Univeral santoku- ammattik\u00e4ytt\u00f6\u00f6n. Japanilainen valmistaja Suncraft Santoku on kokin veitsen (gyuto) ja vihannesten pilkkomisveitsen (nakiri) risteytys. Ter\u00e4n k\u00e4rki, joka osoittaa veitsen keskelt\u00e4 alasp\u00e4in, antaa vakaamman tuen ty\u00f6tasolle. Sopii hyvin lihan, kalan, vihannesten ja hedelmien leikkaamiseen, pilkkomiseen ja viipalointiin. Klassisen muotoinen puukahva tuntuu odotetusti mukavalta k\u00e4dess\u00e4. 33-kerroksinen VG-10-ter\u00e4s tarjoaa leikkaustehon ja ter\u00e4vyyden s\u00e4ilymisen, joka ylitt\u00e4\u00e4 odotukset. Universal-sarjan veitset ovat 3-pinnisen t\u00e4yskantakiinnityksen ansiosta vankkarakenteisia&#8230;<\/p>\n","protected":false},"featured_media":33684,"template":"","meta":{"_acf_changed":false},"product_brand":[],"product_cat":[1894,1830,1892,1927],"product_tag":[],"class_list":{"0":"post-53382","1":"product","2":"type-product","3":"status-publish","4":"has-post-thumbnail","6":"product_cat-japanilaiset-kookospahkinat","7":"product_cat-keittion-pesuallas","8":"product_cat-kookos","9":"product_cat-suncraft-senzo-universal-sarja","10":"product_shipping_class-toimitus-1-3-tyopaivan-kuluessa","11":"pa_variatsioon-keittioveitsi-k0-hiiliteras-kiillotettu-varsi-luumupuuta","13":"first","14":"onbackorder","15":"taxable","16":"shipping-taxable","17":"purchasable","18":"product-type-simple"},"acf":[],"yoast_head":"<!-- This site is optimized with the Yoast SEO Premium plugin v27.3 (Yoast SEO v27.3) - https:\/\/yoast.com\/product\/yoast-seo-premium-wordpress\/ -->\n<title>Japanilainen kokan-veitsi Senzo Universal santoku 165mm% % -% Rodoaed% keitti\u00f6n lavuaarit<\/title>\n<meta name=\"description\" content=\"Japanilainen Kokanuga ammattik\u00e4ytt\u00f6\u00f6n. Sopii kaikkiin keitti\u00f6t\u00f6ihin.\" \/>\n<meta name=\"robots\" content=\"index, follow, max-snippet:-1, max-image-preview:large, max-video-preview:-1\" \/>\n<link rel=\"canonical\" href=\"https:\/\/rodoaed.ee\/fi\/toode\/japanilainen-kokan-veitsi-senzo-universal-santoku-165mm\/\" \/>\n<meta property=\"og:locale\" content=\"fi_FI\" \/>\n<meta property=\"og:type\" content=\"article\" \/>\n<meta property=\"og:title\" content=\"Japanilainen kokan-veitsi Senzo Universal santoku 165mm\" \/>\n<meta property=\"og:description\" content=\"Japanilainen Kokanuga Senzo Univeral santoku- ammattik\u00e4ytt\u00f6\u00f6n. Japanilainen valmistaja Suncraft Santoku on kokin veitsen (gyuto) ja vihannesten\" \/>\n<meta property=\"og:url\" content=\"https:\/\/rodoaed.ee\/fi\/toode\/japanilainen-kokan-veitsi-senzo-universal-santoku-165mm\/\" \/>\n<meta property=\"og:site_name\" content=\"Rodoaed\" \/>\n<meta property=\"article:publisher\" content=\"https:\/\/www.facebook.com\/kasvuhooned\/\" \/>\n<meta property=\"article:modified_time\" content=\"2026-04-13T08:04:54+00:00\" \/>\n<meta property=\"og:image\" content=\"https:\/\/rodoaed.ee\/wp-content\/uploads\/2020\/10\/Jaapani-kokanuga_Senzo-Universal-santoku_f01.jpg\" \/>\n\t<meta property=\"og:image:width\" content=\"1440\" \/>\n\t<meta property=\"og:image:height\" content=\"1080\" \/>\n\t<meta property=\"og:image:type\" content=\"image\/jpeg\" \/>\n<meta name=\"twitter:card\" content=\"summary_large_image\" \/>\n<meta name=\"twitter:label1\" content=\"Arvioitu lukuaika\" \/>\n\t<meta name=\"twitter:data1\" content=\"1 minuutti\" \/>\n<script type=\"application\/ld+json\" class=\"yoast-schema-graph\">{\"@context\":\"https:\\\/\\\/schema.org\",\"@graph\":[{\"@type\":\"WebPage\",\"@id\":\"https:\\\/\\\/rodoaed.ee\\\/fi\\\/toode\\\/japanilainen-kokan-veitsi-senzo-universal-santoku-165mm\\\/\",\"url\":\"https:\\\/\\\/rodoaed.ee\\\/fi\\\/toode\\\/japanilainen-kokan-veitsi-senzo-universal-santoku-165mm\\\/\",\"name\":\"Japanilainen kokan-veitsi Senzo Universal santoku 165mm% % -% Rodoaed% keitti\u00f6n lavuaarit\",\"isPartOf\":{\"@id\":\"https:\\\/\\\/rodoaed.ee\\\/#website\"},\"primaryImageOfPage\":{\"@id\":\"https:\\\/\\\/rodoaed.ee\\\/fi\\\/toode\\\/japanilainen-kokan-veitsi-senzo-universal-santoku-165mm\\\/#primaryimage\"},\"image\":{\"@id\":\"https:\\\/\\\/rodoaed.ee\\\/fi\\\/toode\\\/japanilainen-kokan-veitsi-senzo-universal-santoku-165mm\\\/#primaryimage\"},\"thumbnailUrl\":\"https:\\\/\\\/rodoaed.ee\\\/wp-content\\\/uploads\\\/2020\\\/10\\\/Jaapani-kokanuga_Senzo-Universal-santoku_f01.jpg\",\"datePublished\":\"2020-10-05T10:02:03+00:00\",\"dateModified\":\"2026-04-13T08:04:54+00:00\",\"description\":\"Japanilainen Kokanuga ammattik\u00e4ytt\u00f6\u00f6n. Sopii kaikkiin keitti\u00f6t\u00f6ihin.\",\"breadcrumb\":{\"@id\":\"https:\\\/\\\/rodoaed.ee\\\/fi\\\/toode\\\/japanilainen-kokan-veitsi-senzo-universal-santoku-165mm\\\/#breadcrumb\"},\"inLanguage\":\"fi\",\"potentialAction\":[{\"@type\":\"ReadAction\",\"target\":[\"https:\\\/\\\/rodoaed.ee\\\/fi\\\/toode\\\/japanilainen-kokan-veitsi-senzo-universal-santoku-165mm\\\/\"]}]},{\"@type\":\"ImageObject\",\"inLanguage\":\"fi\",\"@id\":\"https:\\\/\\\/rodoaed.ee\\\/fi\\\/toode\\\/japanilainen-kokan-veitsi-senzo-universal-santoku-165mm\\\/#primaryimage\",\"url\":\"https:\\\/\\\/rodoaed.ee\\\/wp-content\\\/uploads\\\/2020\\\/10\\\/Jaapani-kokanuga_Senzo-Universal-santoku_f01.jpg\",\"contentUrl\":\"https:\\\/\\\/rodoaed.ee\\\/wp-content\\\/uploads\\\/2020\\\/10\\\/Jaapani-kokanuga_Senzo-Universal-santoku_f01.jpg\",\"width\":1440,\"height\":1080,\"caption\":\"Japanilainen kokanuga_Senzo Universal santoku\"},{\"@type\":\"BreadcrumbList\",\"@id\":\"https:\\\/\\\/rodoaed.ee\\\/fi\\\/toode\\\/japanilainen-kokan-veitsi-senzo-universal-santoku-165mm\\\/#breadcrumb\",\"itemListElement\":[{\"@type\":\"ListItem\",\"position\":1,\"name\":\"Home\",\"item\":\"https:\\\/\\\/rodoaed.ee\\\/fi\\\/\"},{\"@type\":\"ListItem\",\"position\":2,\"name\":\"Osta osoitteessa\",\"item\":\"https:\\\/\\\/rodoaed.ee\\\/osta-osoitteessa\\\/\"},{\"@type\":\"ListItem\",\"position\":3,\"name\":\"Japanilainen kokan-veitsi Senzo Universal santoku 165mm\"}]},{\"@type\":\"WebSite\",\"@id\":\"https:\\\/\\\/rodoaed.ee\\\/#website\",\"url\":\"https:\\\/\\\/rodoaed.ee\\\/\",\"name\":\"Rodoaed\",\"description\":\"\",\"publisher\":{\"@id\":\"https:\\\/\\\/rodoaed.ee\\\/#organization\"},\"potentialAction\":[{\"@type\":\"SearchAction\",\"target\":{\"@type\":\"EntryPoint\",\"urlTemplate\":\"https:\\\/\\\/rodoaed.ee\\\/?s={search_term_string}\"},\"query-input\":{\"@type\":\"PropertyValueSpecification\",\"valueRequired\":true,\"valueName\":\"search_term_string\"}}],\"inLanguage\":\"fi\"},{\"@type\":\"Organization\",\"@id\":\"https:\\\/\\\/rodoaed.ee\\\/#organization\",\"name\":\"Rodoaed\",\"url\":\"https:\\\/\\\/rodoaed.ee\\\/\",\"logo\":{\"@type\":\"ImageObject\",\"inLanguage\":\"fi\",\"@id\":\"https:\\\/\\\/rodoaed.ee\\\/#\\\/schema\\\/logo\\\/image\\\/\",\"url\":\"https:\\\/\\\/rodoaed.ee\\\/wp-content\\\/uploads\\\/2019\\\/11\\\/rodoaed-logo-ilma-taustata.jpg\",\"contentUrl\":\"https:\\\/\\\/rodoaed.ee\\\/wp-content\\\/uploads\\\/2019\\\/11\\\/rodoaed-logo-ilma-taustata.jpg\",\"width\":769,\"height\":268,\"caption\":\"Rodoaed\"},\"image\":{\"@id\":\"https:\\\/\\\/rodoaed.ee\\\/#\\\/schema\\\/logo\\\/image\\\/\"},\"sameAs\":[\"https:\\\/\\\/www.facebook.com\\\/kasvuhooned\\\/\",\"https:\\\/\\\/rodoaed.ee\"]}]}<\/script>\n<!-- \/ Yoast SEO Premium plugin. -->","yoast_head_json":{"title":"Japanilainen kokan-veitsi Senzo Universal santoku 165mm% % -% Rodoaed% keitti\u00f6n lavuaarit","description":"Japanilainen Kokanuga ammattik\u00e4ytt\u00f6\u00f6n. Sopii kaikkiin keitti\u00f6t\u00f6ihin.","robots":{"index":"index","follow":"follow","max-snippet":"max-snippet:-1","max-image-preview":"max-image-preview:large","max-video-preview":"max-video-preview:-1"},"canonical":"https:\/\/rodoaed.ee\/fi\/toode\/japanilainen-kokan-veitsi-senzo-universal-santoku-165mm\/","og_locale":"fi_FI","og_type":"article","og_title":"Japanilainen kokan-veitsi Senzo Universal santoku 165mm","og_description":"Japanilainen Kokanuga Senzo Univeral santoku- ammattik\u00e4ytt\u00f6\u00f6n. Japanilainen valmistaja Suncraft Santoku on kokin veitsen (gyuto) ja vihannesten","og_url":"https:\/\/rodoaed.ee\/fi\/toode\/japanilainen-kokan-veitsi-senzo-universal-santoku-165mm\/","og_site_name":"Rodoaed","article_publisher":"https:\/\/www.facebook.com\/kasvuhooned\/","article_modified_time":"2026-04-13T08:04:54+00:00","og_image":[{"width":1440,"height":1080,"url":"https:\/\/rodoaed.ee\/wp-content\/uploads\/2020\/10\/Jaapani-kokanuga_Senzo-Universal-santoku_f01.jpg","type":"image\/jpeg"}],"twitter_card":"summary_large_image","twitter_misc":{"Arvioitu lukuaika":"1 minuutti"},"schema":{"@context":"https:\/\/schema.org","@graph":[{"@type":"WebPage","@id":"https:\/\/rodoaed.ee\/fi\/toode\/japanilainen-kokan-veitsi-senzo-universal-santoku-165mm\/","url":"https:\/\/rodoaed.ee\/fi\/toode\/japanilainen-kokan-veitsi-senzo-universal-santoku-165mm\/","name":"Japanilainen kokan-veitsi Senzo Universal santoku 165mm% % -% Rodoaed% keitti\u00f6n lavuaarit","isPartOf":{"@id":"https:\/\/rodoaed.ee\/#website"},"primaryImageOfPage":{"@id":"https:\/\/rodoaed.ee\/fi\/toode\/japanilainen-kokan-veitsi-senzo-universal-santoku-165mm\/#primaryimage"},"image":{"@id":"https:\/\/rodoaed.ee\/fi\/toode\/japanilainen-kokan-veitsi-senzo-universal-santoku-165mm\/#primaryimage"},"thumbnailUrl":"https:\/\/rodoaed.ee\/wp-content\/uploads\/2020\/10\/Jaapani-kokanuga_Senzo-Universal-santoku_f01.jpg","datePublished":"2020-10-05T10:02:03+00:00","dateModified":"2026-04-13T08:04:54+00:00","description":"Japanilainen Kokanuga ammattik\u00e4ytt\u00f6\u00f6n. Sopii kaikkiin keitti\u00f6t\u00f6ihin.","breadcrumb":{"@id":"https:\/\/rodoaed.ee\/fi\/toode\/japanilainen-kokan-veitsi-senzo-universal-santoku-165mm\/#breadcrumb"},"inLanguage":"fi","potentialAction":[{"@type":"ReadAction","target":["https:\/\/rodoaed.ee\/fi\/toode\/japanilainen-kokan-veitsi-senzo-universal-santoku-165mm\/"]}]},{"@type":"ImageObject","inLanguage":"fi","@id":"https:\/\/rodoaed.ee\/fi\/toode\/japanilainen-kokan-veitsi-senzo-universal-santoku-165mm\/#primaryimage","url":"https:\/\/rodoaed.ee\/wp-content\/uploads\/2020\/10\/Jaapani-kokanuga_Senzo-Universal-santoku_f01.jpg","contentUrl":"https:\/\/rodoaed.ee\/wp-content\/uploads\/2020\/10\/Jaapani-kokanuga_Senzo-Universal-santoku_f01.jpg","width":1440,"height":1080,"caption":"Japanilainen kokanuga_Senzo Universal santoku"},{"@type":"BreadcrumbList","@id":"https:\/\/rodoaed.ee\/fi\/toode\/japanilainen-kokan-veitsi-senzo-universal-santoku-165mm\/#breadcrumb","itemListElement":[{"@type":"ListItem","position":1,"name":"Home","item":"https:\/\/rodoaed.ee\/fi\/"},{"@type":"ListItem","position":2,"name":"Osta osoitteessa","item":"https:\/\/rodoaed.ee\/osta-osoitteessa\/"},{"@type":"ListItem","position":3,"name":"Japanilainen kokan-veitsi Senzo Universal santoku 165mm"}]},{"@type":"WebSite","@id":"https:\/\/rodoaed.ee\/#website","url":"https:\/\/rodoaed.ee\/","name":"Rodoaed","description":"","publisher":{"@id":"https:\/\/rodoaed.ee\/#organization"},"potentialAction":[{"@type":"SearchAction","target":{"@type":"EntryPoint","urlTemplate":"https:\/\/rodoaed.ee\/?s={search_term_string}"},"query-input":{"@type":"PropertyValueSpecification","valueRequired":true,"valueName":"search_term_string"}}],"inLanguage":"fi"},{"@type":"Organization","@id":"https:\/\/rodoaed.ee\/#organization","name":"Rodoaed","url":"https:\/\/rodoaed.ee\/","logo":{"@type":"ImageObject","inLanguage":"fi","@id":"https:\/\/rodoaed.ee\/#\/schema\/logo\/image\/","url":"https:\/\/rodoaed.ee\/wp-content\/uploads\/2019\/11\/rodoaed-logo-ilma-taustata.jpg","contentUrl":"https:\/\/rodoaed.ee\/wp-content\/uploads\/2019\/11\/rodoaed-logo-ilma-taustata.jpg","width":769,"height":268,"caption":"Rodoaed"},"image":{"@id":"https:\/\/rodoaed.ee\/#\/schema\/logo\/image\/"},"sameAs":["https:\/\/www.facebook.com\/kasvuhooned\/","https:\/\/rodoaed.ee"]}]}},"_links":{"self":[{"href":"https:\/\/rodoaed.ee\/fi\/wp-json\/wp\/v2\/product\/53382","targetHints":{"allow":["GET"]}}],"collection":[{"href":"https:\/\/rodoaed.ee\/fi\/wp-json\/wp\/v2\/product"}],"about":[{"href":"https:\/\/rodoaed.ee\/fi\/wp-json\/wp\/v2\/types\/product"}],"wp:featuredmedia":[{"embeddable":true,"href":"https:\/\/rodoaed.ee\/fi\/wp-json\/wp\/v2\/media\/33684"}],"wp:attachment":[{"href":"https:\/\/rodoaed.ee\/fi\/wp-json\/wp\/v2\/media?parent=53382"}],"wp:term":[{"taxonomy":"product_brand","embeddable":true,"href":"https:\/\/rodoaed.ee\/fi\/wp-json\/wp\/v2\/product_brand?post=53382"},{"taxonomy":"product_cat","embeddable":true,"href":"https:\/\/rodoaed.ee\/fi\/wp-json\/wp\/v2\/product_cat?post=53382"},{"taxonomy":"product_tag","embeddable":true,"href":"https:\/\/rodoaed.ee\/fi\/wp-json\/wp\/v2\/product_tag?post=53382"}],"curies":[{"name":"wp","href":"https:\/\/api.w.org\/{rel}","templated":true}]}}