{"id":53383,"date":"2020-10-06T15:13:49","date_gmt":"2020-10-06T12:13:49","guid":{"rendered":"https:\/\/rodoaed.ee\/toode\/puutarhatyokalu-jossa-on-5-tikkua-tuhkapuun-varresta\/"},"modified":"2026-04-13T11:04:54","modified_gmt":"2026-04-13T08:04:54","slug":"puutarhatyokalu-jossa-on-5-tikkua-tuhkapuun-varresta","status":"publish","type":"product","link":"https:\/\/rodoaed.ee\/fi\/tuote\/puutarhatyokalu-jossa-on-5-tikkua-tuhkapuun-varresta\/","title":{"rendered":"Puutarhaty\u00f6kalu, jossa on 5 tikkua tuhkapuun varresta"},"content":{"rendered":"<h2>Puutarhan oksasakset, joissa on tasapainoinen tuhkapuukahva ja ruostumattomasta ter\u00e4ksest\u00e4 valmistettu ter\u00e4 kaikkiin puutarhanhoitot\u00f6ihin.<\/h2>\n<h2>Soveltuu sek\u00e4 harraste- ett\u00e4 ammattipuutarhureille.<\/h2>\n<p>Tuotekoodi: 6006-328030<\/p>\n<p>Erinomainen luonnon tuhkapuusta valmistettu puutarhaty\u00f6kalu puutarhojen ja keskikokoisten alueiden tasoittamiseen, raivaamiseen ja valmisteluun kylv\u00f6\u00e4 varten. Erityisen k\u00e4tev\u00e4 kapeampien penkkien tasoittamiseen. <\/p>\n<p><em style=\"font-family: inherit; font-size: inherit; font-variant-caps: inherit;\">Sneeboer &amp; Zn on perinteinen hollantilainen ty\u00f6kaluyritys, joka on valmistanut laadukkaita puutarhaty\u00f6kaluja vuodesta 1913. Sneeboer &amp; Zn valmistaa p\u00e4\u00e4asiassa k\u00e4sin taottuja ruostumattomasta ter\u00e4ksest\u00e4 valmistettuja puutarhaty\u00f6kaluja, joiden k\u00e4ytt\u00f6ik\u00e4 on v\u00e4hint\u00e4\u00e4n yksi sukupolvi. Mutta se, mik\u00e4 tekee heid\u00e4n tuotannostaan hyvin erikoista ja on tehnyt heist\u00e4 maailmankuuluja, on heid\u00e4n sovellusinnovaationsa. T\u00e4m\u00e4 tarkoittaa, ett\u00e4 keksij\u00e4t ymp\u00e4ri maailmaa ovat lis\u00e4nneet omia innovaatioitaan heid\u00e4n tuotevalikoimaansa. Joskus hyvin innovatiivisia ratkaisuja, joskus aivan pieni\u00e4 keksint\u00f6j\u00e4, mutta ne tekev\u00e4t puutarhanhoidosta ja ty\u00f6kalujen k\u00e4yt\u00f6st\u00e4 paljon mukavampaa.    <\/em><\/p>\n<p><em>N\u00e4et sen itse, kun tutustut valikoimaan.<\/em><\/p>\n<p>Hemmottele itse\u00e4si parhaalla. El\u00e4mme vain kerran. <\/p>\n<h2>Tekniset tiedot:<\/h2>\n<ul>\n<li>Ty\u00f6kalun p\u00e4\u00e4n leveys: 17 cm<\/li>\n<li>Ty\u00f6kalun p\u00e4\u00e4n pituus: 21 cm<\/li>\n<li>Kahvan pituus: 155 cm<\/li>\n<li>Kokonaispituus: 167 cm<\/li>\n<li>Rengasrivien lukum\u00e4\u00e4r\u00e4: 5<\/li>\n<li>Renkaan pituus: 6,5 cm<\/li>\n<li>Rengaskeppien v\u00e4li: 3,4 cm.<\/li>\n<li>Kahvamateriaali: saarni ja varsi<\/li>\n<li>Paino: 1,2 kg<\/li>\n<\/ul>\n<div data-fullscreen=\"disabled\" data-mode=\"normal\" data-oembed=\"1\" data-provider=\"youtube\" data-reset-after-played id=\"arve-youtube-5mmr8l90j4k\" class=\"arve\">\n<div class=\"arve-inner\">\n<div style=\"aspect-ratio:1140\/641\" class=\"arve-embed arve-embed--has-aspect-ratio\">\n<div class=\"arve-ar\" style=\"padding-top:56.228070%\"><\/div>\n<p>\t\t\t<iframe allow=\"accelerometer &apos;none&apos;;autoplay &apos;none&apos;;bluetooth &apos;none&apos;;browsing-topics &apos;none&apos;;camera &apos;none&apos;;clipboard-read &apos;none&apos;;clipboard-write;display-capture &apos;none&apos;;encrypted-media &apos;none&apos;;gamepad &apos;none&apos;;geolocation &apos;none&apos;;gyroscope &apos;none&apos;;hid &apos;none&apos;;identity-credentials-get &apos;none&apos;;idle-detection &apos;none&apos;;keyboard-map &apos;none&apos;;local-fonts;magnetometer &apos;none&apos;;microphone &apos;none&apos;;midi &apos;none&apos;;otp-credentials &apos;none&apos;;payment &apos;none&apos;;picture-in-picture;publickey-credentials-create &apos;none&apos;;publickey-credentials-get &apos;none&apos;;screen-wake-lock &apos;none&apos;;serial &apos;none&apos;;summarizer &apos;none&apos;;sync-xhr;usb &apos;none&apos;;web-share;window-management &apos;none&apos;;xr-spatial-tracking &apos;none&apos;;\" allowfullscreen=\"\" class=\"arve-iframe fitvidsignore\" credentialless data-arve=\"arve-youtube-5mmr8l90j4k\" data-lenis-prevent=\"\" data-src-no-ap=\"https:\/\/www.youtube-nocookie.com\/embed\/5mmR8L90J4k?feature=oembed&amp;iv_load_policy=3&amp;modestbranding=1&amp;rel=0&amp;autohide=1&amp;playsinline=0&amp;autoplay=0&amp;enablejsapi=1\" frameborder=\"0\" height=\"0\" loading=\"lazy\" name=\"\" referrerpolicy=\"strict-origin-when-cross-origin\" sandbox=\"allow-scripts allow-same-origin allow-presentation allow-popups allow-popups-to-escape-sandbox\" scrolling=\"no\" src=\"https:\/\/www.youtube-nocookie.com\/embed\/5mmR8L90J4k?feature=oembed&#038;iv_load_policy=3&#038;modestbranding=1&#038;rel=0&#038;autohide=1&#038;playsinline=0&#038;autoplay=0&#038;enablejsapi=1\" title=\"The Sneeboer  Zn 10 tines Garden Rake\" width=\"0\"><\/iframe><\/p><\/div>\n<\/p><\/div>\n<p>\t<script type=\"application\/ld+json\">{\"@context\":\"http:\\\/\\\/schema.org\\\/\",\"@id\":\"https:\\\/\\\/rodoaed.ee\\\/fi\\\/tuote\\\/puutarhatyokalu-jossa-on-5-tikkua-tuhkapuun-varresta\\\/#arve-youtube-5mmr8l90j4k\",\"type\":\"VideoObject\",\"embedURL\":\"https:\\\/\\\/www.youtube-nocookie.com\\\/embed\\\/5mmR8L90J4k?feature=oembed&iv_load_policy=3&modestbranding=1&rel=0&autohide=1&playsinline=0&autoplay=0&enablejsapi=1\",\"name\":\"The Sneeboer  Zn 10 tines Garden Rake\",\"thumbnailUrl\":\"https:\\\/\\\/i.ytimg.com\\\/vi\\\/5mmR8L90J4k\\\/hqdefault.jpg\",\"uploadDate\":\"2026-04-27T12:03:41+03:00\",\"author\":\"Sneeboer\",\"description\":\"Puutarhan oksasakset, joissa on tasapainoinen tuhkapuukahva ja ruostumattomasta ter\\u00e4ksest\\u00e4 valmistettu ter\\u00e4 kaikkiin puutarhanhoitot\\u00f6ihin. Soveltuu sek\\u00e4 harraste- ett\\u00e4 ammattipuutarhureille. Tuotekoodi: 6006-328030 Erinomainen luonnon tuhkapuusta valmistettu puutarhaty\\u00f6kalu puutarhojen ja keskikokoi\"}<\/script><\/p>\n<\/div>\n","protected":false},"excerpt":{"rendered":"<p>Puutarhan oksasakset, joissa on tasapainoinen tuhkapuukahva ja ruostumattomasta ter\u00e4ksest\u00e4 valmistettu ter\u00e4 kaikkiin puutarhanhoitot\u00f6ihin. Soveltuu sek\u00e4 harraste- ett\u00e4 ammattipuutarhureille. Tuotekoodi: 6006-328030 Erinomainen luonnon tuhkapuusta valmistettu puutarhaty\u00f6kalu puutarhojen ja keskikokoisten alueiden tasoittamiseen, raivaamiseen ja valmisteluun kylv\u00f6\u00e4 varten. Erityisen k\u00e4tev\u00e4 kapeampien penkkien tasoittamiseen. Sneeboer &amp; Zn on perinteinen hollantilainen ty\u00f6kaluyritys, joka on valmistanut laadukkaita puutarhaty\u00f6kaluja vuodesta 1913. Sneeboer &amp; Zn valmistaa p\u00e4\u00e4asiassa k\u00e4sin taottuja ruostumattomasta ter\u00e4ksest\u00e4 valmistettuja puutarhaty\u00f6kaluja,&#8230;<\/p>\n","protected":false},"featured_media":33771,"template":"","meta":{"_acf_changed":false},"product_brand":[],"product_cat":[1743,1889,1922,1745],"product_tag":[],"class_list":{"0":"post-53383","1":"product","2":"type-product","3":"status-publish","4":"has-post-thumbnail","6":"product_cat-lisalahjat-lahjat","7":"product_cat-puutarhatyokalut","8":"product_cat-renkaat-ja-lapiot","9":"product_cat-suuri-varaston-tyhjennysmyynti","10":"product_shipping_class-kuljetus-ainoastaan-kuriiripalvelun-valityksella","11":"pa_variatsioon-puutarhan-runko-8-tikulla","13":"first","14":"instock","15":"sale","16":"taxable","17":"shipping-taxable","18":"purchasable","19":"product-type-simple"},"acf":[],"yoast_head":"<!-- This site is optimized with the Yoast SEO Premium plugin v27.3 (Yoast SEO v27.3) - https:\/\/yoast.com\/product\/yoast-seo-premium-wordpress\/ -->\n<title>Puutarhaty\u00f6kalu, jossa on 5 tikkua tuhkapuun varresta -% Puutarhaty\u00f6kalut puutarhaan Puutarha Puutarha<\/title>\n<meta name=\"description\" content=\"Ruostumattomasta ter\u00e4ksest\u00e4 valmistetun k\u00e4rjen ja tuhkapuukahvan ansiosta puutarhaveitsi istuu hyvin k\u00e4teen. Sen painopiste on hyvin tasapainossa.\" \/>\n<meta name=\"robots\" content=\"index, follow, max-snippet:-1, max-image-preview:large, max-video-preview:-1\" \/>\n<link rel=\"canonical\" href=\"https:\/\/rodoaed.ee\/fi\/toode\/puutarhatyokalu-jossa-on-5-tikkua-tuhkapuun-varresta\/\" \/>\n<meta property=\"og:locale\" content=\"fi_FI\" \/>\n<meta property=\"og:type\" content=\"article\" \/>\n<meta property=\"og:title\" content=\"Puutarhaty\u00f6kalu, jossa on 5 tikkua tuhkapuun varresta\" \/>\n<meta property=\"og:description\" content=\"Puutarhan oksasakset, joissa on tasapainoinen tuhkapuukahva ja ruostumattomasta ter\u00e4ksest\u00e4 valmistettu ter\u00e4 kaikkiin puutarhanhoitot\u00f6ihin. Soveltuu sek\u00e4\" \/>\n<meta property=\"og:url\" content=\"https:\/\/rodoaed.ee\/fi\/toode\/puutarhatyokalu-jossa-on-5-tikkua-tuhkapuun-varresta\/\" \/>\n<meta property=\"og:site_name\" content=\"Rodoaed\" \/>\n<meta property=\"article:publisher\" content=\"https:\/\/www.facebook.com\/kasvuhooned\/\" \/>\n<meta property=\"article:modified_time\" content=\"2026-04-13T08:04:54+00:00\" \/>\n<meta property=\"og:image\" content=\"https:\/\/rodoaed.ee\/wp-content\/uploads\/2020\/10\/aiareha-5-pulgaga_6006-328030_04.jpg\" \/>\n\t<meta property=\"og:image:width\" content=\"2162\" \/>\n\t<meta property=\"og:image:height\" content=\"2162\" \/>\n\t<meta property=\"og:image:type\" content=\"image\/jpeg\" \/>\n<meta name=\"twitter:card\" content=\"summary_large_image\" \/>\n<meta name=\"twitter:label1\" content=\"Arvioitu lukuaika\" \/>\n\t<meta name=\"twitter:data1\" content=\"1 minuutti\" \/>\n<script type=\"application\/ld+json\" class=\"yoast-schema-graph\">{\"@context\":\"https:\\\/\\\/schema.org\",\"@graph\":[{\"@type\":\"WebPage\",\"@id\":\"https:\\\/\\\/rodoaed.ee\\\/fi\\\/toode\\\/puutarhatyokalu-jossa-on-5-tikkua-tuhkapuun-varresta\\\/\",\"url\":\"https:\\\/\\\/rodoaed.ee\\\/fi\\\/toode\\\/puutarhatyokalu-jossa-on-5-tikkua-tuhkapuun-varresta\\\/\",\"name\":\"Puutarhaty\u00f6kalu, jossa on 5 tikkua tuhkapuun varresta -% Puutarhaty\u00f6kalut puutarhaan Puutarha Puutarha\",\"isPartOf\":{\"@id\":\"https:\\\/\\\/rodoaed.ee\\\/#website\"},\"primaryImageOfPage\":{\"@id\":\"https:\\\/\\\/rodoaed.ee\\\/fi\\\/toode\\\/puutarhatyokalu-jossa-on-5-tikkua-tuhkapuun-varresta\\\/#primaryimage\"},\"image\":{\"@id\":\"https:\\\/\\\/rodoaed.ee\\\/fi\\\/toode\\\/puutarhatyokalu-jossa-on-5-tikkua-tuhkapuun-varresta\\\/#primaryimage\"},\"thumbnailUrl\":\"https:\\\/\\\/rodoaed.ee\\\/wp-content\\\/uploads\\\/2020\\\/10\\\/aiareha-5-pulgaga_6006-328030_04.jpg\",\"datePublished\":\"2020-10-06T12:13:49+00:00\",\"dateModified\":\"2026-04-13T08:04:54+00:00\",\"description\":\"Ruostumattomasta ter\u00e4ksest\u00e4 valmistetun k\u00e4rjen ja tuhkapuukahvan ansiosta puutarhaveitsi istuu hyvin k\u00e4teen. Sen painopiste on hyvin tasapainossa.\",\"breadcrumb\":{\"@id\":\"https:\\\/\\\/rodoaed.ee\\\/fi\\\/toode\\\/puutarhatyokalu-jossa-on-5-tikkua-tuhkapuun-varresta\\\/#breadcrumb\"},\"inLanguage\":\"fi\",\"potentialAction\":[{\"@type\":\"ReadAction\",\"target\":[\"https:\\\/\\\/rodoaed.ee\\\/fi\\\/toode\\\/puutarhatyokalu-jossa-on-5-tikkua-tuhkapuun-varresta\\\/\"]}]},{\"@type\":\"ImageObject\",\"inLanguage\":\"fi\",\"@id\":\"https:\\\/\\\/rodoaed.ee\\\/fi\\\/toode\\\/puutarhatyokalu-jossa-on-5-tikkua-tuhkapuun-varresta\\\/#primaryimage\",\"url\":\"https:\\\/\\\/rodoaed.ee\\\/wp-content\\\/uploads\\\/2020\\\/10\\\/aiareha-5-pulgaga_6006-328030_04.jpg\",\"contentUrl\":\"https:\\\/\\\/rodoaed.ee\\\/wp-content\\\/uploads\\\/2020\\\/10\\\/aiareha-5-pulgaga_6006-328030_04.jpg\",\"width\":2162,\"height\":2162,\"caption\":\"OLYMPUS DIGITAL CAMERA\"},{\"@type\":\"BreadcrumbList\",\"@id\":\"https:\\\/\\\/rodoaed.ee\\\/fi\\\/toode\\\/puutarhatyokalu-jossa-on-5-tikkua-tuhkapuun-varresta\\\/#breadcrumb\",\"itemListElement\":[{\"@type\":\"ListItem\",\"position\":1,\"name\":\"Home\",\"item\":\"https:\\\/\\\/rodoaed.ee\\\/fi\\\/\"},{\"@type\":\"ListItem\",\"position\":2,\"name\":\"Osta osoitteessa\",\"item\":\"https:\\\/\\\/rodoaed.ee\\\/osta-osoitteessa\\\/\"},{\"@type\":\"ListItem\",\"position\":3,\"name\":\"Puutarhaty\u00f6kalu, jossa on 5 tikkua tuhkapuun varresta\"}]},{\"@type\":\"WebSite\",\"@id\":\"https:\\\/\\\/rodoaed.ee\\\/#website\",\"url\":\"https:\\\/\\\/rodoaed.ee\\\/\",\"name\":\"Rodoaed\",\"description\":\"\",\"publisher\":{\"@id\":\"https:\\\/\\\/rodoaed.ee\\\/#organization\"},\"potentialAction\":[{\"@type\":\"SearchAction\",\"target\":{\"@type\":\"EntryPoint\",\"urlTemplate\":\"https:\\\/\\\/rodoaed.ee\\\/?s={search_term_string}\"},\"query-input\":{\"@type\":\"PropertyValueSpecification\",\"valueRequired\":true,\"valueName\":\"search_term_string\"}}],\"inLanguage\":\"fi\"},{\"@type\":\"Organization\",\"@id\":\"https:\\\/\\\/rodoaed.ee\\\/#organization\",\"name\":\"Rodoaed\",\"url\":\"https:\\\/\\\/rodoaed.ee\\\/\",\"logo\":{\"@type\":\"ImageObject\",\"inLanguage\":\"fi\",\"@id\":\"https:\\\/\\\/rodoaed.ee\\\/#\\\/schema\\\/logo\\\/image\\\/\",\"url\":\"https:\\\/\\\/rodoaed.ee\\\/wp-content\\\/uploads\\\/2019\\\/11\\\/rodoaed-logo-ilma-taustata.jpg\",\"contentUrl\":\"https:\\\/\\\/rodoaed.ee\\\/wp-content\\\/uploads\\\/2019\\\/11\\\/rodoaed-logo-ilma-taustata.jpg\",\"width\":769,\"height\":268,\"caption\":\"Rodoaed\"},\"image\":{\"@id\":\"https:\\\/\\\/rodoaed.ee\\\/#\\\/schema\\\/logo\\\/image\\\/\"},\"sameAs\":[\"https:\\\/\\\/www.facebook.com\\\/kasvuhooned\\\/\",\"https:\\\/\\\/rodoaed.ee\"]}]}<\/script>\n<!-- \/ Yoast SEO Premium plugin. -->","yoast_head_json":{"title":"Puutarhaty\u00f6kalu, jossa on 5 tikkua tuhkapuun varresta -% Puutarhaty\u00f6kalut puutarhaan Puutarha Puutarha","description":"Ruostumattomasta ter\u00e4ksest\u00e4 valmistetun k\u00e4rjen ja tuhkapuukahvan ansiosta puutarhaveitsi istuu hyvin k\u00e4teen. Sen painopiste on hyvin tasapainossa.","robots":{"index":"index","follow":"follow","max-snippet":"max-snippet:-1","max-image-preview":"max-image-preview:large","max-video-preview":"max-video-preview:-1"},"canonical":"https:\/\/rodoaed.ee\/fi\/toode\/puutarhatyokalu-jossa-on-5-tikkua-tuhkapuun-varresta\/","og_locale":"fi_FI","og_type":"article","og_title":"Puutarhaty\u00f6kalu, jossa on 5 tikkua tuhkapuun varresta","og_description":"Puutarhan oksasakset, joissa on tasapainoinen tuhkapuukahva ja ruostumattomasta ter\u00e4ksest\u00e4 valmistettu ter\u00e4 kaikkiin puutarhanhoitot\u00f6ihin. Soveltuu sek\u00e4","og_url":"https:\/\/rodoaed.ee\/fi\/toode\/puutarhatyokalu-jossa-on-5-tikkua-tuhkapuun-varresta\/","og_site_name":"Rodoaed","article_publisher":"https:\/\/www.facebook.com\/kasvuhooned\/","article_modified_time":"2026-04-13T08:04:54+00:00","og_image":[{"width":2162,"height":2162,"url":"https:\/\/rodoaed.ee\/wp-content\/uploads\/2020\/10\/aiareha-5-pulgaga_6006-328030_04.jpg","type":"image\/jpeg"}],"twitter_card":"summary_large_image","twitter_misc":{"Arvioitu lukuaika":"1 minuutti"},"schema":{"@context":"https:\/\/schema.org","@graph":[{"@type":"WebPage","@id":"https:\/\/rodoaed.ee\/fi\/toode\/puutarhatyokalu-jossa-on-5-tikkua-tuhkapuun-varresta\/","url":"https:\/\/rodoaed.ee\/fi\/toode\/puutarhatyokalu-jossa-on-5-tikkua-tuhkapuun-varresta\/","name":"Puutarhaty\u00f6kalu, jossa on 5 tikkua tuhkapuun varresta -% Puutarhaty\u00f6kalut puutarhaan Puutarha Puutarha","isPartOf":{"@id":"https:\/\/rodoaed.ee\/#website"},"primaryImageOfPage":{"@id":"https:\/\/rodoaed.ee\/fi\/toode\/puutarhatyokalu-jossa-on-5-tikkua-tuhkapuun-varresta\/#primaryimage"},"image":{"@id":"https:\/\/rodoaed.ee\/fi\/toode\/puutarhatyokalu-jossa-on-5-tikkua-tuhkapuun-varresta\/#primaryimage"},"thumbnailUrl":"https:\/\/rodoaed.ee\/wp-content\/uploads\/2020\/10\/aiareha-5-pulgaga_6006-328030_04.jpg","datePublished":"2020-10-06T12:13:49+00:00","dateModified":"2026-04-13T08:04:54+00:00","description":"Ruostumattomasta ter\u00e4ksest\u00e4 valmistetun k\u00e4rjen ja tuhkapuukahvan ansiosta puutarhaveitsi istuu hyvin k\u00e4teen. Sen painopiste on hyvin tasapainossa.","breadcrumb":{"@id":"https:\/\/rodoaed.ee\/fi\/toode\/puutarhatyokalu-jossa-on-5-tikkua-tuhkapuun-varresta\/#breadcrumb"},"inLanguage":"fi","potentialAction":[{"@type":"ReadAction","target":["https:\/\/rodoaed.ee\/fi\/toode\/puutarhatyokalu-jossa-on-5-tikkua-tuhkapuun-varresta\/"]}]},{"@type":"ImageObject","inLanguage":"fi","@id":"https:\/\/rodoaed.ee\/fi\/toode\/puutarhatyokalu-jossa-on-5-tikkua-tuhkapuun-varresta\/#primaryimage","url":"https:\/\/rodoaed.ee\/wp-content\/uploads\/2020\/10\/aiareha-5-pulgaga_6006-328030_04.jpg","contentUrl":"https:\/\/rodoaed.ee\/wp-content\/uploads\/2020\/10\/aiareha-5-pulgaga_6006-328030_04.jpg","width":2162,"height":2162,"caption":"OLYMPUS DIGITAL CAMERA"},{"@type":"BreadcrumbList","@id":"https:\/\/rodoaed.ee\/fi\/toode\/puutarhatyokalu-jossa-on-5-tikkua-tuhkapuun-varresta\/#breadcrumb","itemListElement":[{"@type":"ListItem","position":1,"name":"Home","item":"https:\/\/rodoaed.ee\/fi\/"},{"@type":"ListItem","position":2,"name":"Osta osoitteessa","item":"https:\/\/rodoaed.ee\/osta-osoitteessa\/"},{"@type":"ListItem","position":3,"name":"Puutarhaty\u00f6kalu, jossa on 5 tikkua tuhkapuun varresta"}]},{"@type":"WebSite","@id":"https:\/\/rodoaed.ee\/#website","url":"https:\/\/rodoaed.ee\/","name":"Rodoaed","description":"","publisher":{"@id":"https:\/\/rodoaed.ee\/#organization"},"potentialAction":[{"@type":"SearchAction","target":{"@type":"EntryPoint","urlTemplate":"https:\/\/rodoaed.ee\/?s={search_term_string}"},"query-input":{"@type":"PropertyValueSpecification","valueRequired":true,"valueName":"search_term_string"}}],"inLanguage":"fi"},{"@type":"Organization","@id":"https:\/\/rodoaed.ee\/#organization","name":"Rodoaed","url":"https:\/\/rodoaed.ee\/","logo":{"@type":"ImageObject","inLanguage":"fi","@id":"https:\/\/rodoaed.ee\/#\/schema\/logo\/image\/","url":"https:\/\/rodoaed.ee\/wp-content\/uploads\/2019\/11\/rodoaed-logo-ilma-taustata.jpg","contentUrl":"https:\/\/rodoaed.ee\/wp-content\/uploads\/2019\/11\/rodoaed-logo-ilma-taustata.jpg","width":769,"height":268,"caption":"Rodoaed"},"image":{"@id":"https:\/\/rodoaed.ee\/#\/schema\/logo\/image\/"},"sameAs":["https:\/\/www.facebook.com\/kasvuhooned\/","https:\/\/rodoaed.ee"]}]}},"_links":{"self":[{"href":"https:\/\/rodoaed.ee\/fi\/wp-json\/wp\/v2\/product\/53383","targetHints":{"allow":["GET"]}}],"collection":[{"href":"https:\/\/rodoaed.ee\/fi\/wp-json\/wp\/v2\/product"}],"about":[{"href":"https:\/\/rodoaed.ee\/fi\/wp-json\/wp\/v2\/types\/product"}],"wp:featuredmedia":[{"embeddable":true,"href":"https:\/\/rodoaed.ee\/fi\/wp-json\/wp\/v2\/media\/33771"}],"wp:attachment":[{"href":"https:\/\/rodoaed.ee\/fi\/wp-json\/wp\/v2\/media?parent=53383"}],"wp:term":[{"taxonomy":"product_brand","embeddable":true,"href":"https:\/\/rodoaed.ee\/fi\/wp-json\/wp\/v2\/product_brand?post=53383"},{"taxonomy":"product_cat","embeddable":true,"href":"https:\/\/rodoaed.ee\/fi\/wp-json\/wp\/v2\/product_cat?post=53383"},{"taxonomy":"product_tag","embeddable":true,"href":"https:\/\/rodoaed.ee\/fi\/wp-json\/wp\/v2\/product_tag?post=53383"}],"curies":[{"name":"wp","href":"https:\/\/api.w.org\/{rel}","templated":true}]}}