{"id":53385,"date":"2020-10-06T15:36:04","date_gmt":"2020-10-06T12:36:04","guid":{"rendered":"https:\/\/rodoaed.ee\/toode\/rose-naudanlihaa-4-tikulla\/"},"modified":"2026-04-13T11:04:55","modified_gmt":"2026-04-13T08:04:55","slug":"rose-naudanlihaa-4-tikulla","status":"publish","type":"product","link":"https:\/\/rodoaed.ee\/fi\/tuote\/rose-naudanlihaa-4-tikulla\/","title":{"rendered":"Rose naudanlihaa 4 tikulla"},"content":{"rendered":"<h2>Kapeak\u00e4rkinen Roosierha on k\u00e4tev\u00e4 ty\u00f6kalu ahtaissa paikoissa, ja siin\u00e4 on tasapainoinen tuhkapuukahva ja ruostumattomasta ter\u00e4ksest\u00e4 valmistettu ter\u00e4 kaikkiin puutarhat\u00f6ihin. <\/h2>\n<p>Tuotekoodi: 6029-328030<\/p>\n<p>T\u00e4ll\u00e4 k\u00e4yt\u00e4nn\u00f6llisell\u00e4 ty\u00f6kalulla on monia sovelluksia puutarhassa. Kapea p\u00e4\u00e4 (10 cm leve\u00e4 ja 7 cm pitk\u00e4t piikit) ja pitk\u00e4 kahva (kokonaispituus 167 cm) mahdollistavat tarkan ty\u00f6skentelyn pitk\u00e4lt\u00e4 et\u00e4isyydelt\u00e4. Soveltuu kaikkiin yleisiin niittot\u00f6ihin, kuten maanmuokkaukseen, kitkemiseen, rikkaruohojen kitkemiseen, kitkemiseen sek\u00e4 mullan ja lannoitteiden sekoittamiseen maaper\u00e4\u00e4n.  <\/p>\n<p>&nbsp;<\/p>\n<p><em style=\"font-family: inherit; font-size: inherit; font-variant-caps: inherit;\">Sneeboer &amp; Zn on perinteinen hollantilainen ty\u00f6kaluyritys, joka on valmistanut laadukkaita puutarhaty\u00f6kaluja vuodesta 1913. Sneeboer &amp; Zn valmistaa p\u00e4\u00e4asiassa k\u00e4sin taottuja ruostumattomasta ter\u00e4ksest\u00e4 valmistettuja puutarhaty\u00f6kaluja, joiden k\u00e4ytt\u00f6ik\u00e4 on v\u00e4hint\u00e4\u00e4n yksi sukupolvi. Mutta se, mik\u00e4 tekee heid\u00e4n tuotannostaan hyvin erikoista ja on tehnyt heist\u00e4 maailmankuuluja, on heid\u00e4n sovellusinnovaationsa. T\u00e4m\u00e4 tarkoittaa, ett\u00e4 keksij\u00e4t ymp\u00e4ri maailmaa ovat lis\u00e4nneet omia innovaatioitaan heid\u00e4n tuotevalikoimaansa. Joskus hyvin innovatiivisia ratkaisuja, joskus aivan pieni\u00e4 keksint\u00f6j\u00e4, mutta ne tekev\u00e4t puutarhanhoidosta ja ty\u00f6kalun k\u00e4yt\u00f6st\u00e4 paljon helpompaa.    <\/em><\/p>\n<p><em>Voit n\u00e4hd\u00e4 sen itse, kun tutustut valikoimaan.<\/em><\/p>\n<p>Hemmottele itse\u00e4si parhaalla. El\u00e4mme vain kerran. <\/p>\n<h2>Tekniset tiedot:<\/h2>\n<ul>\n<li>Ty\u00f6kalun p\u00e4\u00e4n leveys: 10 cm<\/li>\n<li>Ty\u00f6kalun p\u00e4\u00e4n pituus: 21 cm<\/li>\n<li>Kahvan pituus: 155 cm<\/li>\n<li>Kokonaispituus: 167 cm<\/li>\n<li>Rengastankojen lukum\u00e4\u00e4r\u00e4: 4<\/li>\n<li>Renkaan pituus: 7 cm<\/li>\n<li>Rengaskeppien v\u00e4li: 2,2 cm.<\/li>\n<li>Kahvamateriaali: saarni ja varsi<\/li>\n<li>Paino: 1,0 kg<\/li>\n<\/ul>\n<p>&nbsp;<\/p>\n","protected":false},"excerpt":{"rendered":"<p>Kapeak\u00e4rkinen Roosierha on k\u00e4tev\u00e4 ty\u00f6kalu ahtaissa paikoissa, ja siin\u00e4 on tasapainoinen tuhkapuukahva ja ruostumattomasta ter\u00e4ksest\u00e4 valmistettu ter\u00e4 kaikkiin puutarhat\u00f6ihin. Tuotekoodi: 6029-328030 T\u00e4ll\u00e4 k\u00e4yt\u00e4nn\u00f6llisell\u00e4 ty\u00f6kalulla on monia sovelluksia puutarhassa. Kapea p\u00e4\u00e4 (10 cm leve\u00e4 ja 7 cm pitk\u00e4t piikit) ja pitk\u00e4 kahva (kokonaispituus 167 cm) mahdollistavat tarkan ty\u00f6skentelyn pitk\u00e4lt\u00e4 et\u00e4isyydelt\u00e4. Soveltuu kaikkiin yleisiin niittot\u00f6ihin, kuten maanmuokkaukseen, kitkemiseen, rikkaruohojen kitkemiseen, kitkemiseen sek\u00e4 mullan ja lannoitteiden sekoittamiseen maaper\u00e4\u00e4n&#8230;.<\/p>\n","protected":false},"featured_media":33784,"template":"","meta":{"_acf_changed":false},"product_brand":[],"product_cat":[2193,1889,1922],"product_tag":[],"class_list":{"0":"post-53385","1":"product","2":"type-product","3":"status-publish","4":"has-post-thumbnail","6":"product_cat-nykyt-ja-kokkareet","7":"product_cat-puutarhatyokalut","8":"product_cat-renkaat-ja-lapiot","9":"product_shipping_class-kuljetus-ainoastaan-kuriiripalvelun-valityksella","10":"pa_variatsioon-puutarhan-runko-8-tikulla","12":"first","13":"onbackorder","14":"taxable","15":"shipping-taxable","16":"purchasable","17":"product-type-simple"},"acf":[],"yoast_head":"<!-- This site is optimized with the Yoast SEO Premium plugin v27.3 (Yoast SEO v27.3) - https:\/\/yoast.com\/product\/yoast-seo-premium-wordpress\/ -->\n<title>Rose naudanlihaa 4 tikulla -% Puutarhaty\u00f6kalut puutarhaan Puutarha Puutarha<\/title>\n<meta name=\"description\" content=\"Ruusupuu, tuhkapuu-varsi ja ruostumattomasta ter\u00e4ksest\u00e4 valmistettu k\u00e4rki. Tasapainoinen ruusupuu, jossa on tasapainoinen painopiste ahtaissa tiloissa ty\u00f6skentelyyn.\" \/>\n<meta name=\"robots\" content=\"index, follow, max-snippet:-1, max-image-preview:large, max-video-preview:-1\" \/>\n<link rel=\"canonical\" href=\"https:\/\/rodoaed.ee\/fi\/toode\/rose-naudanlihaa-4-tikulla\/\" \/>\n<meta property=\"og:locale\" content=\"fi_FI\" \/>\n<meta property=\"og:type\" content=\"article\" \/>\n<meta property=\"og:title\" content=\"Rose naudanlihaa 4 tikulla\" \/>\n<meta property=\"og:description\" content=\"Kapeak\u00e4rkinen Roosierha on k\u00e4tev\u00e4 ty\u00f6kalu ahtaissa paikoissa, ja siin\u00e4 on tasapainoinen tuhkapuukahva ja ruostumattomasta ter\u00e4ksest\u00e4 valmistettu ter\u00e4\" \/>\n<meta property=\"og:url\" content=\"https:\/\/rodoaed.ee\/fi\/toode\/rose-naudanlihaa-4-tikulla\/\" \/>\n<meta property=\"og:site_name\" content=\"Rodoaed\" \/>\n<meta property=\"article:publisher\" content=\"https:\/\/www.facebook.com\/kasvuhooned\/\" \/>\n<meta property=\"article:modified_time\" content=\"2026-04-13T08:04:55+00:00\" \/>\n<meta property=\"og:image\" content=\"https:\/\/rodoaed.ee\/wp-content\/uploads\/2020\/10\/roosireha-4-pulgaga_6029-328030_01.jpg\" \/>\n\t<meta property=\"og:image:width\" content=\"2139\" \/>\n\t<meta property=\"og:image:height\" content=\"2139\" \/>\n\t<meta property=\"og:image:type\" content=\"image\/jpeg\" \/>\n<meta name=\"twitter:card\" content=\"summary_large_image\" \/>\n<meta name=\"twitter:label1\" content=\"Arvioitu lukuaika\" \/>\n\t<meta name=\"twitter:data1\" content=\"1 minuutti\" \/>\n<script type=\"application\/ld+json\" class=\"yoast-schema-graph\">{\"@context\":\"https:\\\/\\\/schema.org\",\"@graph\":[{\"@type\":\"WebPage\",\"@id\":\"https:\\\/\\\/rodoaed.ee\\\/fi\\\/toode\\\/rose-naudanlihaa-4-tikulla\\\/\",\"url\":\"https:\\\/\\\/rodoaed.ee\\\/fi\\\/toode\\\/rose-naudanlihaa-4-tikulla\\\/\",\"name\":\"Rose naudanlihaa 4 tikulla -% Puutarhaty\u00f6kalut puutarhaan Puutarha Puutarha\",\"isPartOf\":{\"@id\":\"https:\\\/\\\/rodoaed.ee\\\/#website\"},\"primaryImageOfPage\":{\"@id\":\"https:\\\/\\\/rodoaed.ee\\\/fi\\\/toode\\\/rose-naudanlihaa-4-tikulla\\\/#primaryimage\"},\"image\":{\"@id\":\"https:\\\/\\\/rodoaed.ee\\\/fi\\\/toode\\\/rose-naudanlihaa-4-tikulla\\\/#primaryimage\"},\"thumbnailUrl\":\"https:\\\/\\\/rodoaed.ee\\\/wp-content\\\/uploads\\\/2020\\\/10\\\/roosireha-4-pulgaga_6029-328030_01.jpg\",\"datePublished\":\"2020-10-06T12:36:04+00:00\",\"dateModified\":\"2026-04-13T08:04:55+00:00\",\"description\":\"Ruusupuu, tuhkapuu-varsi ja ruostumattomasta ter\u00e4ksest\u00e4 valmistettu k\u00e4rki. Tasapainoinen ruusupuu, jossa on tasapainoinen painopiste ahtaissa tiloissa ty\u00f6skentelyyn.\",\"breadcrumb\":{\"@id\":\"https:\\\/\\\/rodoaed.ee\\\/fi\\\/toode\\\/rose-naudanlihaa-4-tikulla\\\/#breadcrumb\"},\"inLanguage\":\"fi\",\"potentialAction\":[{\"@type\":\"ReadAction\",\"target\":[\"https:\\\/\\\/rodoaed.ee\\\/fi\\\/toode\\\/rose-naudanlihaa-4-tikulla\\\/\"]}]},{\"@type\":\"ImageObject\",\"inLanguage\":\"fi\",\"@id\":\"https:\\\/\\\/rodoaed.ee\\\/fi\\\/toode\\\/rose-naudanlihaa-4-tikulla\\\/#primaryimage\",\"url\":\"https:\\\/\\\/rodoaed.ee\\\/wp-content\\\/uploads\\\/2020\\\/10\\\/roosireha-4-pulgaga_6029-328030_01.jpg\",\"contentUrl\":\"https:\\\/\\\/rodoaed.ee\\\/wp-content\\\/uploads\\\/2020\\\/10\\\/roosireha-4-pulgaga_6029-328030_01.jpg\",\"width\":2139,\"height\":2139,\"caption\":\"OLYMPUS DIGITAL CAMERA\"},{\"@type\":\"BreadcrumbList\",\"@id\":\"https:\\\/\\\/rodoaed.ee\\\/fi\\\/toode\\\/rose-naudanlihaa-4-tikulla\\\/#breadcrumb\",\"itemListElement\":[{\"@type\":\"ListItem\",\"position\":1,\"name\":\"Home\",\"item\":\"https:\\\/\\\/rodoaed.ee\\\/fi\\\/\"},{\"@type\":\"ListItem\",\"position\":2,\"name\":\"Osta osoitteessa\",\"item\":\"https:\\\/\\\/rodoaed.ee\\\/osta-osoitteessa\\\/\"},{\"@type\":\"ListItem\",\"position\":3,\"name\":\"Rose naudanlihaa 4 tikulla\"}]},{\"@type\":\"WebSite\",\"@id\":\"https:\\\/\\\/rodoaed.ee\\\/#website\",\"url\":\"https:\\\/\\\/rodoaed.ee\\\/\",\"name\":\"Rodoaed\",\"description\":\"\",\"publisher\":{\"@id\":\"https:\\\/\\\/rodoaed.ee\\\/#organization\"},\"potentialAction\":[{\"@type\":\"SearchAction\",\"target\":{\"@type\":\"EntryPoint\",\"urlTemplate\":\"https:\\\/\\\/rodoaed.ee\\\/?s={search_term_string}\"},\"query-input\":{\"@type\":\"PropertyValueSpecification\",\"valueRequired\":true,\"valueName\":\"search_term_string\"}}],\"inLanguage\":\"fi\"},{\"@type\":\"Organization\",\"@id\":\"https:\\\/\\\/rodoaed.ee\\\/#organization\",\"name\":\"Rodoaed\",\"url\":\"https:\\\/\\\/rodoaed.ee\\\/\",\"logo\":{\"@type\":\"ImageObject\",\"inLanguage\":\"fi\",\"@id\":\"https:\\\/\\\/rodoaed.ee\\\/#\\\/schema\\\/logo\\\/image\\\/\",\"url\":\"https:\\\/\\\/rodoaed.ee\\\/wp-content\\\/uploads\\\/2019\\\/11\\\/rodoaed-logo-ilma-taustata.jpg\",\"contentUrl\":\"https:\\\/\\\/rodoaed.ee\\\/wp-content\\\/uploads\\\/2019\\\/11\\\/rodoaed-logo-ilma-taustata.jpg\",\"width\":769,\"height\":268,\"caption\":\"Rodoaed\"},\"image\":{\"@id\":\"https:\\\/\\\/rodoaed.ee\\\/#\\\/schema\\\/logo\\\/image\\\/\"},\"sameAs\":[\"https:\\\/\\\/www.facebook.com\\\/kasvuhooned\\\/\",\"https:\\\/\\\/rodoaed.ee\"]}]}<\/script>\n<!-- \/ Yoast SEO Premium plugin. -->","yoast_head_json":{"title":"Rose naudanlihaa 4 tikulla -% Puutarhaty\u00f6kalut puutarhaan Puutarha Puutarha","description":"Ruusupuu, tuhkapuu-varsi ja ruostumattomasta ter\u00e4ksest\u00e4 valmistettu k\u00e4rki. Tasapainoinen ruusupuu, jossa on tasapainoinen painopiste ahtaissa tiloissa ty\u00f6skentelyyn.","robots":{"index":"index","follow":"follow","max-snippet":"max-snippet:-1","max-image-preview":"max-image-preview:large","max-video-preview":"max-video-preview:-1"},"canonical":"https:\/\/rodoaed.ee\/fi\/toode\/rose-naudanlihaa-4-tikulla\/","og_locale":"fi_FI","og_type":"article","og_title":"Rose naudanlihaa 4 tikulla","og_description":"Kapeak\u00e4rkinen Roosierha on k\u00e4tev\u00e4 ty\u00f6kalu ahtaissa paikoissa, ja siin\u00e4 on tasapainoinen tuhkapuukahva ja ruostumattomasta ter\u00e4ksest\u00e4 valmistettu ter\u00e4","og_url":"https:\/\/rodoaed.ee\/fi\/toode\/rose-naudanlihaa-4-tikulla\/","og_site_name":"Rodoaed","article_publisher":"https:\/\/www.facebook.com\/kasvuhooned\/","article_modified_time":"2026-04-13T08:04:55+00:00","og_image":[{"width":2139,"height":2139,"url":"https:\/\/rodoaed.ee\/wp-content\/uploads\/2020\/10\/roosireha-4-pulgaga_6029-328030_01.jpg","type":"image\/jpeg"}],"twitter_card":"summary_large_image","twitter_misc":{"Arvioitu lukuaika":"1 minuutti"},"schema":{"@context":"https:\/\/schema.org","@graph":[{"@type":"WebPage","@id":"https:\/\/rodoaed.ee\/fi\/toode\/rose-naudanlihaa-4-tikulla\/","url":"https:\/\/rodoaed.ee\/fi\/toode\/rose-naudanlihaa-4-tikulla\/","name":"Rose naudanlihaa 4 tikulla -% Puutarhaty\u00f6kalut puutarhaan Puutarha Puutarha","isPartOf":{"@id":"https:\/\/rodoaed.ee\/#website"},"primaryImageOfPage":{"@id":"https:\/\/rodoaed.ee\/fi\/toode\/rose-naudanlihaa-4-tikulla\/#primaryimage"},"image":{"@id":"https:\/\/rodoaed.ee\/fi\/toode\/rose-naudanlihaa-4-tikulla\/#primaryimage"},"thumbnailUrl":"https:\/\/rodoaed.ee\/wp-content\/uploads\/2020\/10\/roosireha-4-pulgaga_6029-328030_01.jpg","datePublished":"2020-10-06T12:36:04+00:00","dateModified":"2026-04-13T08:04:55+00:00","description":"Ruusupuu, tuhkapuu-varsi ja ruostumattomasta ter\u00e4ksest\u00e4 valmistettu k\u00e4rki. Tasapainoinen ruusupuu, jossa on tasapainoinen painopiste ahtaissa tiloissa ty\u00f6skentelyyn.","breadcrumb":{"@id":"https:\/\/rodoaed.ee\/fi\/toode\/rose-naudanlihaa-4-tikulla\/#breadcrumb"},"inLanguage":"fi","potentialAction":[{"@type":"ReadAction","target":["https:\/\/rodoaed.ee\/fi\/toode\/rose-naudanlihaa-4-tikulla\/"]}]},{"@type":"ImageObject","inLanguage":"fi","@id":"https:\/\/rodoaed.ee\/fi\/toode\/rose-naudanlihaa-4-tikulla\/#primaryimage","url":"https:\/\/rodoaed.ee\/wp-content\/uploads\/2020\/10\/roosireha-4-pulgaga_6029-328030_01.jpg","contentUrl":"https:\/\/rodoaed.ee\/wp-content\/uploads\/2020\/10\/roosireha-4-pulgaga_6029-328030_01.jpg","width":2139,"height":2139,"caption":"OLYMPUS DIGITAL CAMERA"},{"@type":"BreadcrumbList","@id":"https:\/\/rodoaed.ee\/fi\/toode\/rose-naudanlihaa-4-tikulla\/#breadcrumb","itemListElement":[{"@type":"ListItem","position":1,"name":"Home","item":"https:\/\/rodoaed.ee\/fi\/"},{"@type":"ListItem","position":2,"name":"Osta osoitteessa","item":"https:\/\/rodoaed.ee\/osta-osoitteessa\/"},{"@type":"ListItem","position":3,"name":"Rose naudanlihaa 4 tikulla"}]},{"@type":"WebSite","@id":"https:\/\/rodoaed.ee\/#website","url":"https:\/\/rodoaed.ee\/","name":"Rodoaed","description":"","publisher":{"@id":"https:\/\/rodoaed.ee\/#organization"},"potentialAction":[{"@type":"SearchAction","target":{"@type":"EntryPoint","urlTemplate":"https:\/\/rodoaed.ee\/?s={search_term_string}"},"query-input":{"@type":"PropertyValueSpecification","valueRequired":true,"valueName":"search_term_string"}}],"inLanguage":"fi"},{"@type":"Organization","@id":"https:\/\/rodoaed.ee\/#organization","name":"Rodoaed","url":"https:\/\/rodoaed.ee\/","logo":{"@type":"ImageObject","inLanguage":"fi","@id":"https:\/\/rodoaed.ee\/#\/schema\/logo\/image\/","url":"https:\/\/rodoaed.ee\/wp-content\/uploads\/2019\/11\/rodoaed-logo-ilma-taustata.jpg","contentUrl":"https:\/\/rodoaed.ee\/wp-content\/uploads\/2019\/11\/rodoaed-logo-ilma-taustata.jpg","width":769,"height":268,"caption":"Rodoaed"},"image":{"@id":"https:\/\/rodoaed.ee\/#\/schema\/logo\/image\/"},"sameAs":["https:\/\/www.facebook.com\/kasvuhooned\/","https:\/\/rodoaed.ee"]}]}},"_links":{"self":[{"href":"https:\/\/rodoaed.ee\/fi\/wp-json\/wp\/v2\/product\/53385","targetHints":{"allow":["GET"]}}],"collection":[{"href":"https:\/\/rodoaed.ee\/fi\/wp-json\/wp\/v2\/product"}],"about":[{"href":"https:\/\/rodoaed.ee\/fi\/wp-json\/wp\/v2\/types\/product"}],"wp:featuredmedia":[{"embeddable":true,"href":"https:\/\/rodoaed.ee\/fi\/wp-json\/wp\/v2\/media\/33784"}],"wp:attachment":[{"href":"https:\/\/rodoaed.ee\/fi\/wp-json\/wp\/v2\/media?parent=53385"}],"wp:term":[{"taxonomy":"product_brand","embeddable":true,"href":"https:\/\/rodoaed.ee\/fi\/wp-json\/wp\/v2\/product_brand?post=53385"},{"taxonomy":"product_cat","embeddable":true,"href":"https:\/\/rodoaed.ee\/fi\/wp-json\/wp\/v2\/product_cat?post=53385"},{"taxonomy":"product_tag","embeddable":true,"href":"https:\/\/rodoaed.ee\/fi\/wp-json\/wp\/v2\/product_tag?post=53385"}],"curies":[{"name":"wp","href":"https:\/\/api.w.org\/{rel}","templated":true}]}}