{"id":53390,"date":"2019-08-02T12:47:55","date_gmt":"2019-08-02T09:47:55","guid":{"rendered":"https:\/\/rodoaed.ee\/toode\/digitaalinen-termosaadin-thermo-2\/"},"modified":"2026-04-13T11:05:04","modified_gmt":"2026-04-13T08:05:04","slug":"digitaalinen-termosaadin-thermo-2","status":"publish","type":"product","link":"https:\/\/rodoaed.ee\/fi\/tuote\/digitaalinen-termosaadin-thermo-2\/","title":{"rendered":"Digitaalinen termos\u00e4\u00e4din Thermo-2"},"content":{"rendered":"<h3>Digitaalinen Thermo 2 -anturi on ihanteellinen ilmastointilaite kasvihuoneeseen tai kasvihuoneeseen.<\/h3>\n<h4>Thermo 2:lla on kaksitoiminto &#8211; voit antaa sen pit\u00e4\u00e4 oikean l\u00e4mp\u00f6tilan kes\u00e4ll\u00e4 ja talvella. Talvella se huolehtii riitt\u00e4v\u00e4st\u00e4 l\u00e4mmityksest\u00e4 ja kes\u00e4ll\u00e4 se varmistaa, ett\u00e4 kasvihuone tuuletetaan riitt\u00e4v\u00e4sti tuulettimella ja oikea l\u00e4mp\u00f6tila s\u00e4ilyy. <\/h4>\n<p>Se on eritt\u00e4in helppok\u00e4ytt\u00f6inen, sill\u00e4 haluttu l\u00e4mp\u00f6tila sy\u00f6tet\u00e4\u00e4n n\u00e4yt\u00f6lle napin painalluksella.<\/p>\n<p>Ihanteellinen k\u00e4ytett\u00e4v\u00e4ksi kaikkien l\u00e4mmitysmattojen, minil\u00e4mmittimien ja s\u00e4hk\u00f6tuulettimien kanssa. Kotelo on suunniteltu erityisesti kosteisiin tiloihin. Voidaan asentaa sein\u00e4lle tai ripustaa kattoon.  <\/p>\n<h2>T\u00e4rkeimm\u00e4t ominaisuudet<\/h2>\n<ul>\n<li>Toiminto 1 on kes\u00e4ilmanvaihtoa varten.<\/li>\n<li>Toiminto 2 on talvil\u00e4mmityst\u00e4 varten<\/li>\n<li>Termostaatin toiminta-alue 0- 40C<\/li>\n<li>Digitaalinen numeron\u00e4ytt\u00f6<\/li>\n<li>1,5m l\u00e4mp\u00f6tila-anturin kaapeli<\/li>\n<li>Pistokkeella varustettu johto<\/li>\n<li>Termostaatti kaikentyyppisiin s\u00e4hk\u00f6l\u00e4mmitys- ja j\u00e4\u00e4hdytysj\u00e4rjestelmiin<\/li>\n<li>Soveltuu k\u00e4ytett\u00e4v\u00e4ksi enint\u00e4\u00e4n 3000 W:n tehoisten laitteiden kanssa.<\/li>\n<\/ul>\n<h2><strong>Tekniset tiedot<\/strong><\/h2>\n<ul>\n<li>Teho jopa 3000W<\/li>\n<li>Vedenkest\u00e4vyys IPX4<\/li>\n<\/ul>\n<p><a href=\"https:\/\/rodoaed.ee\/wp-content\/uploads\/2019\/08\/Kasutusjuhend_Thermo-2.pdf\">K\u00e4ytt\u00f6ohjeet_Thermo 2<\/a><\/p>\n<div><a href=\"https:\/\/rodoaed.ee\/fi\/\">kotisivu<\/a> <a href=\"https:\/\/rodoaed.ee\/tootekategooria\/kasvuhooned-ja-talveaiad\/\">k\u00e4ynnist\u00e4<\/a> <a href=\"https:\/\/rodoaed.ee\/fi\/tootekategooria\/kasvihuoneen-tarvikkeet\/\">tarvikkeet<\/a> <a href=\"https:\/\/rodoaed.ee\/fi\/tootekategooria\/kasvihuoneen-tarvikkeet\/kasvihuoneen-lammitys\/\">l\u00e4mmitys<\/a> <a href=\"https:\/\/rodoaed.ee\/?post_type=product&#038;p=23174\">kasvihuone tuuletin Palma<\/a> <a href=\"https:\/\/rodoaed.ee\/fi\/toode\/jumbo-minisauna-jossa-on-lampomatto-ja-termostaatti-130x60x50cm\/\">Mini kasvihuone Jumbo<\/a><\/div>\n<div><a href=\"https:\/\/rodoaed.ee\/fi\/tootekategooria\/kasvihuoneen-tarvikkeet\/kasvihuoneen-ilmanvaihto\/\">ilmanvaihto<\/a> <a href=\"https:\/\/rodoaed.ee\/fi\/toode\/univent-automaattinen-kattoluukun-avaaja\/\">luukku<\/a><\/div>\n<div>\n<div>\n<div><\/div>\n<\/div>\n<\/div>\n","protected":false},"excerpt":{"rendered":"<p>Digitaalinen Thermo 2 -anturi on ihanteellinen ilmastointilaite kasvihuoneeseen tai kasvihuoneeseen. Thermo 2:lla on kaksitoiminto &#8211; voit antaa sen pit\u00e4\u00e4 oikean l\u00e4mp\u00f6tilan kes\u00e4ll\u00e4 ja talvella. Talvella se huolehtii riitt\u00e4v\u00e4st\u00e4 l\u00e4mmityksest\u00e4 ja kes\u00e4ll\u00e4 se varmistaa, ett\u00e4 kasvihuone tuuletetaan riitt\u00e4v\u00e4sti tuulettimella ja oikea l\u00e4mp\u00f6tila s\u00e4ilyy. Se on eritt\u00e4in helppok\u00e4ytt\u00f6inen, sill\u00e4 haluttu l\u00e4mp\u00f6tila sy\u00f6tet\u00e4\u00e4n n\u00e4yt\u00f6lle napin painalluksella. Ihanteellinen k\u00e4ytett\u00e4v\u00e4ksi kaikkien l\u00e4mmitysmattojen, minil\u00e4mmittimien ja s\u00e4hk\u00f6tuulettimien kanssa. Kotelo on suunniteltu erityisesti&#8230;<\/p>\n","protected":false},"featured_media":26304,"template":"","meta":{"_acf_changed":false},"product_brand":[],"product_cat":[1811,1956,1992,1869,2184,1858,2182],"product_tag":[],"class_list":{"0":"post-53390","1":"product","2":"type-product","3":"status-publish","4":"has-post-thumbnail","6":"product_cat-kasvien-kasvattaminen","7":"product_cat-kasvihuoneen-ilmanvaihto","8":"product_cat-kasvihuoneen-lammitys","9":"product_cat-kasvihuoneen-tarvikkeet","10":"product_cat-lampomatto-taimille-ja-kasveille","11":"product_cat-miniatyyritilat-ja-esikasvatus","12":"product_cat-sahkolammitysmatot","13":"product_shipping_class-toimitus-1-3-tyopaivan-kuluessa","14":"pa_variatsioon-16-thermo-2-digitaalinen-lammonsaatolaite","16":"first","17":"onbackorder","18":"sale","19":"taxable","20":"shipping-taxable","21":"purchasable","22":"product-type-simple"},"acf":[],"yoast_head":"<!-- This site is optimized with the Yoast SEO Premium plugin v27.3 (Yoast SEO v27.3) - https:\/\/yoast.com\/product\/yoast-seo-premium-wordpress\/ -->\n<title>Digitaalinen termos\u00e4\u00e4din Thermo-2 - Rodoaed<\/title>\n<meta name=\"description\" content=\"Digitaalinen Thermo 2 -anturi on ihanteellinen ilmastointilaite kasvihuoneeseen tai kasvihuoneeseen. S\u00e4ilytt\u00e4\u00e4 automaattisesti ja tarkasti esiasetetun l\u00e4mp\u00f6tilan.\" \/>\n<meta name=\"robots\" content=\"index, follow, max-snippet:-1, max-image-preview:large, max-video-preview:-1\" \/>\n<link rel=\"canonical\" href=\"https:\/\/rodoaed.ee\/fi\/toode\/digitaalinen-termosaadin-thermo-2\/\" \/>\n<meta property=\"og:locale\" content=\"fi_FI\" \/>\n<meta property=\"og:type\" content=\"article\" \/>\n<meta property=\"og:title\" content=\"Digitaalinen termos\u00e4\u00e4din Thermo-2\" \/>\n<meta property=\"og:description\" content=\"Digitaalinen Thermo 2 -anturi on ihanteellinen ilmastointilaite kasvihuoneeseen tai kasvihuoneeseen. Thermo 2:lla on kaksitoiminto - voit antaa sen pit\u00e4\u00e4\" \/>\n<meta property=\"og:url\" content=\"https:\/\/rodoaed.ee\/fi\/toode\/digitaalinen-termosaadin-thermo-2\/\" \/>\n<meta property=\"og:site_name\" content=\"Rodoaed\" \/>\n<meta property=\"article:publisher\" content=\"https:\/\/www.facebook.com\/kasvuhooned\/\" \/>\n<meta property=\"article:modified_time\" content=\"2026-04-13T08:05:04+00:00\" \/>\n<meta property=\"og:image\" content=\"https:\/\/rodoaed.ee\/wp-content\/uploads\/2019\/08\/kasvuhoone-digiandur_Thermo2_01.jpg\" \/>\n\t<meta property=\"og:image:width\" content=\"700\" \/>\n\t<meta property=\"og:image:height\" content=\"700\" \/>\n\t<meta property=\"og:image:type\" content=\"image\/jpeg\" \/>\n<meta name=\"twitter:card\" content=\"summary_large_image\" \/>\n<meta name=\"twitter:label1\" content=\"Arvioitu lukuaika\" \/>\n\t<meta name=\"twitter:data1\" content=\"1 minuutti\" \/>\n<script type=\"application\/ld+json\" class=\"yoast-schema-graph\">{\"@context\":\"https:\\\/\\\/schema.org\",\"@graph\":[{\"@type\":\"WebPage\",\"@id\":\"https:\\\/\\\/rodoaed.ee\\\/fi\\\/toode\\\/digitaalinen-termosaadin-thermo-2\\\/\",\"url\":\"https:\\\/\\\/rodoaed.ee\\\/fi\\\/toode\\\/digitaalinen-termosaadin-thermo-2\\\/\",\"name\":\"Digitaalinen termos\u00e4\u00e4din Thermo-2 - Rodoaed\",\"isPartOf\":{\"@id\":\"https:\\\/\\\/rodoaed.ee\\\/#website\"},\"primaryImageOfPage\":{\"@id\":\"https:\\\/\\\/rodoaed.ee\\\/fi\\\/toode\\\/digitaalinen-termosaadin-thermo-2\\\/#primaryimage\"},\"image\":{\"@id\":\"https:\\\/\\\/rodoaed.ee\\\/fi\\\/toode\\\/digitaalinen-termosaadin-thermo-2\\\/#primaryimage\"},\"thumbnailUrl\":\"https:\\\/\\\/rodoaed.ee\\\/wp-content\\\/uploads\\\/2019\\\/08\\\/kasvuhoone-digiandur_Thermo2_01.jpg\",\"datePublished\":\"2019-08-02T09:47:55+00:00\",\"dateModified\":\"2026-04-13T08:05:04+00:00\",\"description\":\"Digitaalinen Thermo 2 -anturi on ihanteellinen ilmastointilaite kasvihuoneeseen tai kasvihuoneeseen. S\u00e4ilytt\u00e4\u00e4 automaattisesti ja tarkasti esiasetetun l\u00e4mp\u00f6tilan.\",\"breadcrumb\":{\"@id\":\"https:\\\/\\\/rodoaed.ee\\\/fi\\\/toode\\\/digitaalinen-termosaadin-thermo-2\\\/#breadcrumb\"},\"inLanguage\":\"fi\",\"potentialAction\":[{\"@type\":\"ReadAction\",\"target\":[\"https:\\\/\\\/rodoaed.ee\\\/fi\\\/toode\\\/digitaalinen-termosaadin-thermo-2\\\/\"]}]},{\"@type\":\"ImageObject\",\"inLanguage\":\"fi\",\"@id\":\"https:\\\/\\\/rodoaed.ee\\\/fi\\\/toode\\\/digitaalinen-termosaadin-thermo-2\\\/#primaryimage\",\"url\":\"https:\\\/\\\/rodoaed.ee\\\/wp-content\\\/uploads\\\/2019\\\/08\\\/kasvuhoone-digiandur_Thermo2_01.jpg\",\"contentUrl\":\"https:\\\/\\\/rodoaed.ee\\\/wp-content\\\/uploads\\\/2019\\\/08\\\/kasvuhoone-digiandur_Thermo2_01.jpg\",\"width\":700,\"height\":700},{\"@type\":\"BreadcrumbList\",\"@id\":\"https:\\\/\\\/rodoaed.ee\\\/fi\\\/toode\\\/digitaalinen-termosaadin-thermo-2\\\/#breadcrumb\",\"itemListElement\":[{\"@type\":\"ListItem\",\"position\":1,\"name\":\"Home\",\"item\":\"https:\\\/\\\/rodoaed.ee\\\/fi\\\/\"},{\"@type\":\"ListItem\",\"position\":2,\"name\":\"Osta osoitteessa\",\"item\":\"https:\\\/\\\/rodoaed.ee\\\/osta-osoitteessa\\\/\"},{\"@type\":\"ListItem\",\"position\":3,\"name\":\"Digitaalinen termos\u00e4\u00e4din Thermo-2\"}]},{\"@type\":\"WebSite\",\"@id\":\"https:\\\/\\\/rodoaed.ee\\\/#website\",\"url\":\"https:\\\/\\\/rodoaed.ee\\\/\",\"name\":\"Rodoaed\",\"description\":\"\",\"publisher\":{\"@id\":\"https:\\\/\\\/rodoaed.ee\\\/#organization\"},\"potentialAction\":[{\"@type\":\"SearchAction\",\"target\":{\"@type\":\"EntryPoint\",\"urlTemplate\":\"https:\\\/\\\/rodoaed.ee\\\/?s={search_term_string}\"},\"query-input\":{\"@type\":\"PropertyValueSpecification\",\"valueRequired\":true,\"valueName\":\"search_term_string\"}}],\"inLanguage\":\"fi\"},{\"@type\":\"Organization\",\"@id\":\"https:\\\/\\\/rodoaed.ee\\\/#organization\",\"name\":\"Rodoaed\",\"url\":\"https:\\\/\\\/rodoaed.ee\\\/\",\"logo\":{\"@type\":\"ImageObject\",\"inLanguage\":\"fi\",\"@id\":\"https:\\\/\\\/rodoaed.ee\\\/#\\\/schema\\\/logo\\\/image\\\/\",\"url\":\"https:\\\/\\\/rodoaed.ee\\\/wp-content\\\/uploads\\\/2019\\\/11\\\/rodoaed-logo-ilma-taustata.jpg\",\"contentUrl\":\"https:\\\/\\\/rodoaed.ee\\\/wp-content\\\/uploads\\\/2019\\\/11\\\/rodoaed-logo-ilma-taustata.jpg\",\"width\":769,\"height\":268,\"caption\":\"Rodoaed\"},\"image\":{\"@id\":\"https:\\\/\\\/rodoaed.ee\\\/#\\\/schema\\\/logo\\\/image\\\/\"},\"sameAs\":[\"https:\\\/\\\/www.facebook.com\\\/kasvuhooned\\\/\",\"https:\\\/\\\/rodoaed.ee\"]}]}<\/script>\n<!-- \/ Yoast SEO Premium plugin. -->","yoast_head_json":{"title":"Digitaalinen termos\u00e4\u00e4din Thermo-2 - Rodoaed","description":"Digitaalinen Thermo 2 -anturi on ihanteellinen ilmastointilaite kasvihuoneeseen tai kasvihuoneeseen. S\u00e4ilytt\u00e4\u00e4 automaattisesti ja tarkasti esiasetetun l\u00e4mp\u00f6tilan.","robots":{"index":"index","follow":"follow","max-snippet":"max-snippet:-1","max-image-preview":"max-image-preview:large","max-video-preview":"max-video-preview:-1"},"canonical":"https:\/\/rodoaed.ee\/fi\/toode\/digitaalinen-termosaadin-thermo-2\/","og_locale":"fi_FI","og_type":"article","og_title":"Digitaalinen termos\u00e4\u00e4din Thermo-2","og_description":"Digitaalinen Thermo 2 -anturi on ihanteellinen ilmastointilaite kasvihuoneeseen tai kasvihuoneeseen. Thermo 2:lla on kaksitoiminto - voit antaa sen pit\u00e4\u00e4","og_url":"https:\/\/rodoaed.ee\/fi\/toode\/digitaalinen-termosaadin-thermo-2\/","og_site_name":"Rodoaed","article_publisher":"https:\/\/www.facebook.com\/kasvuhooned\/","article_modified_time":"2026-04-13T08:05:04+00:00","og_image":[{"width":700,"height":700,"url":"https:\/\/rodoaed.ee\/wp-content\/uploads\/2019\/08\/kasvuhoone-digiandur_Thermo2_01.jpg","type":"image\/jpeg"}],"twitter_card":"summary_large_image","twitter_misc":{"Arvioitu lukuaika":"1 minuutti"},"schema":{"@context":"https:\/\/schema.org","@graph":[{"@type":"WebPage","@id":"https:\/\/rodoaed.ee\/fi\/toode\/digitaalinen-termosaadin-thermo-2\/","url":"https:\/\/rodoaed.ee\/fi\/toode\/digitaalinen-termosaadin-thermo-2\/","name":"Digitaalinen termos\u00e4\u00e4din Thermo-2 - Rodoaed","isPartOf":{"@id":"https:\/\/rodoaed.ee\/#website"},"primaryImageOfPage":{"@id":"https:\/\/rodoaed.ee\/fi\/toode\/digitaalinen-termosaadin-thermo-2\/#primaryimage"},"image":{"@id":"https:\/\/rodoaed.ee\/fi\/toode\/digitaalinen-termosaadin-thermo-2\/#primaryimage"},"thumbnailUrl":"https:\/\/rodoaed.ee\/wp-content\/uploads\/2019\/08\/kasvuhoone-digiandur_Thermo2_01.jpg","datePublished":"2019-08-02T09:47:55+00:00","dateModified":"2026-04-13T08:05:04+00:00","description":"Digitaalinen Thermo 2 -anturi on ihanteellinen ilmastointilaite kasvihuoneeseen tai kasvihuoneeseen. S\u00e4ilytt\u00e4\u00e4 automaattisesti ja tarkasti esiasetetun l\u00e4mp\u00f6tilan.","breadcrumb":{"@id":"https:\/\/rodoaed.ee\/fi\/toode\/digitaalinen-termosaadin-thermo-2\/#breadcrumb"},"inLanguage":"fi","potentialAction":[{"@type":"ReadAction","target":["https:\/\/rodoaed.ee\/fi\/toode\/digitaalinen-termosaadin-thermo-2\/"]}]},{"@type":"ImageObject","inLanguage":"fi","@id":"https:\/\/rodoaed.ee\/fi\/toode\/digitaalinen-termosaadin-thermo-2\/#primaryimage","url":"https:\/\/rodoaed.ee\/wp-content\/uploads\/2019\/08\/kasvuhoone-digiandur_Thermo2_01.jpg","contentUrl":"https:\/\/rodoaed.ee\/wp-content\/uploads\/2019\/08\/kasvuhoone-digiandur_Thermo2_01.jpg","width":700,"height":700},{"@type":"BreadcrumbList","@id":"https:\/\/rodoaed.ee\/fi\/toode\/digitaalinen-termosaadin-thermo-2\/#breadcrumb","itemListElement":[{"@type":"ListItem","position":1,"name":"Home","item":"https:\/\/rodoaed.ee\/fi\/"},{"@type":"ListItem","position":2,"name":"Osta osoitteessa","item":"https:\/\/rodoaed.ee\/osta-osoitteessa\/"},{"@type":"ListItem","position":3,"name":"Digitaalinen termos\u00e4\u00e4din Thermo-2"}]},{"@type":"WebSite","@id":"https:\/\/rodoaed.ee\/#website","url":"https:\/\/rodoaed.ee\/","name":"Rodoaed","description":"","publisher":{"@id":"https:\/\/rodoaed.ee\/#organization"},"potentialAction":[{"@type":"SearchAction","target":{"@type":"EntryPoint","urlTemplate":"https:\/\/rodoaed.ee\/?s={search_term_string}"},"query-input":{"@type":"PropertyValueSpecification","valueRequired":true,"valueName":"search_term_string"}}],"inLanguage":"fi"},{"@type":"Organization","@id":"https:\/\/rodoaed.ee\/#organization","name":"Rodoaed","url":"https:\/\/rodoaed.ee\/","logo":{"@type":"ImageObject","inLanguage":"fi","@id":"https:\/\/rodoaed.ee\/#\/schema\/logo\/image\/","url":"https:\/\/rodoaed.ee\/wp-content\/uploads\/2019\/11\/rodoaed-logo-ilma-taustata.jpg","contentUrl":"https:\/\/rodoaed.ee\/wp-content\/uploads\/2019\/11\/rodoaed-logo-ilma-taustata.jpg","width":769,"height":268,"caption":"Rodoaed"},"image":{"@id":"https:\/\/rodoaed.ee\/#\/schema\/logo\/image\/"},"sameAs":["https:\/\/www.facebook.com\/kasvuhooned\/","https:\/\/rodoaed.ee"]}]}},"_links":{"self":[{"href":"https:\/\/rodoaed.ee\/fi\/wp-json\/wp\/v2\/product\/53390","targetHints":{"allow":["GET"]}}],"collection":[{"href":"https:\/\/rodoaed.ee\/fi\/wp-json\/wp\/v2\/product"}],"about":[{"href":"https:\/\/rodoaed.ee\/fi\/wp-json\/wp\/v2\/types\/product"}],"wp:featuredmedia":[{"embeddable":true,"href":"https:\/\/rodoaed.ee\/fi\/wp-json\/wp\/v2\/media\/26304"}],"wp:attachment":[{"href":"https:\/\/rodoaed.ee\/fi\/wp-json\/wp\/v2\/media?parent=53390"}],"wp:term":[{"taxonomy":"product_brand","embeddable":true,"href":"https:\/\/rodoaed.ee\/fi\/wp-json\/wp\/v2\/product_brand?post=53390"},{"taxonomy":"product_cat","embeddable":true,"href":"https:\/\/rodoaed.ee\/fi\/wp-json\/wp\/v2\/product_cat?post=53390"},{"taxonomy":"product_tag","embeddable":true,"href":"https:\/\/rodoaed.ee\/fi\/wp-json\/wp\/v2\/product_tag?post=53390"}],"curies":[{"name":"wp","href":"https:\/\/api.w.org\/{rel}","templated":true}]}}