{"id":53393,"date":"2019-08-02T12:47:55","date_gmt":"2019-08-02T09:47:55","guid":{"rendered":"https:\/\/rodoaed.ee\/toode\/ultra-holiday-loma-vetta-saastava-kastelu-matto-2kpl\/"},"modified":"2026-04-13T11:05:05","modified_gmt":"2026-04-13T08:05:05","slug":"ultra-holiday-loma-vetta-saastava-kastelu-matto-2kpl","status":"publish","type":"product","link":"https:\/\/rodoaed.ee\/fi\/tuote\/ultra-holiday-loma-vetta-saastava-kastelu-matto-2kpl\/","title":{"rendered":"Ultra Holiday loma vett\u00e4 s\u00e4\u00e4st\u00e4v\u00e4 kastelu matto 2kpl"},"content":{"rendered":"<h3>Kun l\u00e4hdet lomalle, voit j\u00e4tt\u00e4\u00e4 kasvisi Ultra Holiday -matoille. Kirjaimellisesti. Mukana on kaksi 40&#215;28 cm:n kokoista vett\u00e4 varastoivaa kastelumattoa, jotka pit\u00e4v\u00e4t kasvisi kosteina jopa 3 viikkoa.  <\/h3>\n<p><strong>Utra Holiday -kastelumatot sis\u00e4lt\u00e4v\u00e4t vett\u00e4 sitovia polymeerikiteit\u00e4, jotka sitovat jopa 200 kertaa enemm\u00e4n vett\u00e4.<\/strong><\/p>\n<p>Aseta vain kasvit matolle, ja ne imev\u00e4t itse tarvittavan m\u00e4\u00e4r\u00e4n kosteutta matosta jopa 3 viikon kuluessa. Kaksi mattoa pakkauksessa. Kun maa alkaa kuivua, matto vapauttaa v\u00e4hitellen varastoitunutta vett\u00e4 ja pit\u00e4\u00e4 maan ja kasvien juuret kosteina pidemp\u00e4\u00e4n.  <\/p>\n<p>Tyynyt v\u00e4hent\u00e4v\u00e4t kasvien vedentarvetta 50 %, ja itse tyynyt voivat kest\u00e4\u00e4 useita kasvukausia. Materiaali on ymp\u00e4rist\u00f6yst\u00e4v\u00e4llist\u00e4. Ihanteellinen k\u00e4ytett\u00e4v\u00e4ksi kukkaruukuissa, riippukoreissa sis\u00e4ll\u00e4 ja ulkona.  <\/p>\n","protected":false},"excerpt":{"rendered":"<p>Kun l\u00e4hdet lomalle, voit j\u00e4tt\u00e4\u00e4 kasvisi Ultra Holiday -matoille. Kirjaimellisesti. Mukana on kaksi 40&#215;28 cm:n kokoista vett\u00e4 varastoivaa kastelumattoa, jotka pit\u00e4v\u00e4t kasvisi kosteina jopa 3 viikkoa. Utra Holiday -kastelumatot sis\u00e4lt\u00e4v\u00e4t vett\u00e4 sitovia polymeerikiteit\u00e4, jotka sitovat jopa 200 kertaa enemm\u00e4n vett\u00e4. Aseta vain kasvit matolle, ja ne imev\u00e4t itse tarvittavan m\u00e4\u00e4r\u00e4n kosteutta matosta jopa 3 viikon kuluessa. Kaksi mattoa pakkauksessa. Kun maa alkaa kuivua, matto vapauttaa&#8230;<\/p>\n","protected":false},"featured_media":18591,"template":"","meta":{"_acf_changed":false},"product_brand":[],"product_cat":[1866,1984],"product_tag":[],"class_list":{"0":"post-53393","1":"product","2":"type-product","3":"status-publish","4":"has-post-thumbnail","6":"product_cat-huonekasvien-ja-ikkunalaatikoiden-kastelu","7":"product_cat-kastijarjestelmat","8":"product_shipping_class-toimitus-1-3-tyopaivan-kuluessa","9":"pa_variatsioon-ultra-holiday-loma-vetta-saastava-kastelumatto-2kpl","11":"first","12":"outofstock","13":"sale","14":"taxable","15":"shipping-taxable","16":"purchasable","17":"product-type-simple"},"acf":[],"yoast_head":"<!-- This site is optimized with the Yoast SEO Premium plugin v27.3 (Yoast SEO v27.3) - https:\/\/yoast.com\/product\/yoast-seo-premium-wordpress\/ -->\n<title>Ultra Holiday loma vett\u00e4 s\u00e4\u00e4st\u00e4v\u00e4 kastelu matto 2kpl - Rodoaed<\/title>\n<meta name=\"robots\" content=\"index, follow, max-snippet:-1, max-image-preview:large, max-video-preview:-1\" \/>\n<link rel=\"canonical\" href=\"https:\/\/rodoaed.ee\/toode\/ultra-holiday-loma-vetta-saastava-kastelu-matto-2kpl\/\" \/>\n<meta property=\"og:locale\" content=\"fi_FI\" \/>\n<meta property=\"og:type\" content=\"article\" \/>\n<meta property=\"og:title\" content=\"Ultra Holiday loma vett\u00e4 s\u00e4\u00e4st\u00e4v\u00e4 kastelu matto 2kpl\" \/>\n<meta property=\"og:description\" content=\"Kun l\u00e4hdet lomalle, voit j\u00e4tt\u00e4\u00e4 kasvisi Ultra Holiday -matoille. Kirjaimellisesti. Mukana on kaksi 40x28 cm:n kokoista vett\u00e4 varastoivaa kastelumattoa,\" \/>\n<meta property=\"og:url\" content=\"https:\/\/rodoaed.ee\/toode\/ultra-holiday-loma-vetta-saastava-kastelu-matto-2kpl\/\" \/>\n<meta property=\"og:site_name\" content=\"Rodoaed\" \/>\n<meta property=\"article:publisher\" content=\"https:\/\/www.facebook.com\/kasvuhooned\/\" \/>\n<meta property=\"article:modified_time\" content=\"2026-04-13T08:05:05+00:00\" \/>\n<meta name=\"twitter:card\" content=\"summary_large_image\" \/>\n<meta name=\"twitter:label1\" content=\"Arvioitu lukuaika\" \/>\n\t<meta name=\"twitter:data1\" content=\"1 minuutti\" \/>\n<script type=\"application\/ld+json\" class=\"yoast-schema-graph\">{\"@context\":\"https:\\\/\\\/schema.org\",\"@graph\":[{\"@type\":\"WebPage\",\"@id\":\"https:\\\/\\\/rodoaed.ee\\\/toode\\\/ultra-holiday-loma-vetta-saastava-kastelu-matto-2kpl\\\/\",\"url\":\"https:\\\/\\\/rodoaed.ee\\\/toode\\\/ultra-holiday-loma-vetta-saastava-kastelu-matto-2kpl\\\/\",\"name\":\"Ultra Holiday loma vett\u00e4 s\u00e4\u00e4st\u00e4v\u00e4 kastelu matto 2kpl - Rodoaed\",\"isPartOf\":{\"@id\":\"https:\\\/\\\/rodoaed.ee\\\/#website\"},\"primaryImageOfPage\":{\"@id\":\"https:\\\/\\\/rodoaed.ee\\\/toode\\\/ultra-holiday-loma-vetta-saastava-kastelu-matto-2kpl\\\/#primaryimage\"},\"image\":{\"@id\":\"https:\\\/\\\/rodoaed.ee\\\/toode\\\/ultra-holiday-loma-vetta-saastava-kastelu-matto-2kpl\\\/#primaryimage\"},\"thumbnailUrl\":\"https:\\\/\\\/rodoaed.ee\\\/wp-content\\\/uploads\\\/2019\\\/07\\\/Holiday-Watering-mat.jpg\",\"datePublished\":\"2019-08-02T09:47:55+00:00\",\"dateModified\":\"2026-04-13T08:05:05+00:00\",\"breadcrumb\":{\"@id\":\"https:\\\/\\\/rodoaed.ee\\\/toode\\\/ultra-holiday-loma-vetta-saastava-kastelu-matto-2kpl\\\/#breadcrumb\"},\"inLanguage\":\"fi\",\"potentialAction\":[{\"@type\":\"ReadAction\",\"target\":[\"https:\\\/\\\/rodoaed.ee\\\/toode\\\/ultra-holiday-loma-vetta-saastava-kastelu-matto-2kpl\\\/\"]}]},{\"@type\":\"ImageObject\",\"inLanguage\":\"fi\",\"@id\":\"https:\\\/\\\/rodoaed.ee\\\/toode\\\/ultra-holiday-loma-vetta-saastava-kastelu-matto-2kpl\\\/#primaryimage\",\"url\":\"https:\\\/\\\/rodoaed.ee\\\/wp-content\\\/uploads\\\/2019\\\/07\\\/Holiday-Watering-mat.jpg\",\"contentUrl\":\"https:\\\/\\\/rodoaed.ee\\\/wp-content\\\/uploads\\\/2019\\\/07\\\/Holiday-Watering-mat.jpg\",\"width\":2003,\"height\":2362},{\"@type\":\"BreadcrumbList\",\"@id\":\"https:\\\/\\\/rodoaed.ee\\\/toode\\\/ultra-holiday-loma-vetta-saastava-kastelu-matto-2kpl\\\/#breadcrumb\",\"itemListElement\":[{\"@type\":\"ListItem\",\"position\":1,\"name\":\"Home\",\"item\":\"https:\\\/\\\/rodoaed.ee\\\/fi\\\/\"},{\"@type\":\"ListItem\",\"position\":2,\"name\":\"Osta osoitteessa\",\"item\":\"https:\\\/\\\/rodoaed.ee\\\/osta-osoitteessa\\\/\"},{\"@type\":\"ListItem\",\"position\":3,\"name\":\"Ultra Holiday loma vett\u00e4 s\u00e4\u00e4st\u00e4v\u00e4 kastelu matto 2kpl\"}]},{\"@type\":\"WebSite\",\"@id\":\"https:\\\/\\\/rodoaed.ee\\\/#website\",\"url\":\"https:\\\/\\\/rodoaed.ee\\\/\",\"name\":\"Rodoaed\",\"description\":\"\",\"publisher\":{\"@id\":\"https:\\\/\\\/rodoaed.ee\\\/#organization\"},\"potentialAction\":[{\"@type\":\"SearchAction\",\"target\":{\"@type\":\"EntryPoint\",\"urlTemplate\":\"https:\\\/\\\/rodoaed.ee\\\/?s={search_term_string}\"},\"query-input\":{\"@type\":\"PropertyValueSpecification\",\"valueRequired\":true,\"valueName\":\"search_term_string\"}}],\"inLanguage\":\"fi\"},{\"@type\":\"Organization\",\"@id\":\"https:\\\/\\\/rodoaed.ee\\\/#organization\",\"name\":\"Rodoaed\",\"url\":\"https:\\\/\\\/rodoaed.ee\\\/\",\"logo\":{\"@type\":\"ImageObject\",\"inLanguage\":\"fi\",\"@id\":\"https:\\\/\\\/rodoaed.ee\\\/#\\\/schema\\\/logo\\\/image\\\/\",\"url\":\"https:\\\/\\\/rodoaed.ee\\\/wp-content\\\/uploads\\\/2019\\\/11\\\/rodoaed-logo-ilma-taustata.jpg\",\"contentUrl\":\"https:\\\/\\\/rodoaed.ee\\\/wp-content\\\/uploads\\\/2019\\\/11\\\/rodoaed-logo-ilma-taustata.jpg\",\"width\":769,\"height\":268,\"caption\":\"Rodoaed\"},\"image\":{\"@id\":\"https:\\\/\\\/rodoaed.ee\\\/#\\\/schema\\\/logo\\\/image\\\/\"},\"sameAs\":[\"https:\\\/\\\/www.facebook.com\\\/kasvuhooned\\\/\",\"https:\\\/\\\/rodoaed.ee\"]}]}<\/script>\n<!-- \/ Yoast SEO Premium plugin. -->","yoast_head_json":{"title":"Ultra Holiday loma vett\u00e4 s\u00e4\u00e4st\u00e4v\u00e4 kastelu matto 2kpl - Rodoaed","robots":{"index":"index","follow":"follow","max-snippet":"max-snippet:-1","max-image-preview":"max-image-preview:large","max-video-preview":"max-video-preview:-1"},"canonical":"https:\/\/rodoaed.ee\/toode\/ultra-holiday-loma-vetta-saastava-kastelu-matto-2kpl\/","og_locale":"fi_FI","og_type":"article","og_title":"Ultra Holiday loma vett\u00e4 s\u00e4\u00e4st\u00e4v\u00e4 kastelu matto 2kpl","og_description":"Kun l\u00e4hdet lomalle, voit j\u00e4tt\u00e4\u00e4 kasvisi Ultra Holiday -matoille. Kirjaimellisesti. Mukana on kaksi 40x28 cm:n kokoista vett\u00e4 varastoivaa kastelumattoa,","og_url":"https:\/\/rodoaed.ee\/toode\/ultra-holiday-loma-vetta-saastava-kastelu-matto-2kpl\/","og_site_name":"Rodoaed","article_publisher":"https:\/\/www.facebook.com\/kasvuhooned\/","article_modified_time":"2026-04-13T08:05:05+00:00","twitter_card":"summary_large_image","twitter_misc":{"Arvioitu lukuaika":"1 minuutti"},"schema":{"@context":"https:\/\/schema.org","@graph":[{"@type":"WebPage","@id":"https:\/\/rodoaed.ee\/toode\/ultra-holiday-loma-vetta-saastava-kastelu-matto-2kpl\/","url":"https:\/\/rodoaed.ee\/toode\/ultra-holiday-loma-vetta-saastava-kastelu-matto-2kpl\/","name":"Ultra Holiday loma vett\u00e4 s\u00e4\u00e4st\u00e4v\u00e4 kastelu matto 2kpl - Rodoaed","isPartOf":{"@id":"https:\/\/rodoaed.ee\/#website"},"primaryImageOfPage":{"@id":"https:\/\/rodoaed.ee\/toode\/ultra-holiday-loma-vetta-saastava-kastelu-matto-2kpl\/#primaryimage"},"image":{"@id":"https:\/\/rodoaed.ee\/toode\/ultra-holiday-loma-vetta-saastava-kastelu-matto-2kpl\/#primaryimage"},"thumbnailUrl":"https:\/\/rodoaed.ee\/wp-content\/uploads\/2019\/07\/Holiday-Watering-mat.jpg","datePublished":"2019-08-02T09:47:55+00:00","dateModified":"2026-04-13T08:05:05+00:00","breadcrumb":{"@id":"https:\/\/rodoaed.ee\/toode\/ultra-holiday-loma-vetta-saastava-kastelu-matto-2kpl\/#breadcrumb"},"inLanguage":"fi","potentialAction":[{"@type":"ReadAction","target":["https:\/\/rodoaed.ee\/toode\/ultra-holiday-loma-vetta-saastava-kastelu-matto-2kpl\/"]}]},{"@type":"ImageObject","inLanguage":"fi","@id":"https:\/\/rodoaed.ee\/toode\/ultra-holiday-loma-vetta-saastava-kastelu-matto-2kpl\/#primaryimage","url":"https:\/\/rodoaed.ee\/wp-content\/uploads\/2019\/07\/Holiday-Watering-mat.jpg","contentUrl":"https:\/\/rodoaed.ee\/wp-content\/uploads\/2019\/07\/Holiday-Watering-mat.jpg","width":2003,"height":2362},{"@type":"BreadcrumbList","@id":"https:\/\/rodoaed.ee\/toode\/ultra-holiday-loma-vetta-saastava-kastelu-matto-2kpl\/#breadcrumb","itemListElement":[{"@type":"ListItem","position":1,"name":"Home","item":"https:\/\/rodoaed.ee\/fi\/"},{"@type":"ListItem","position":2,"name":"Osta osoitteessa","item":"https:\/\/rodoaed.ee\/osta-osoitteessa\/"},{"@type":"ListItem","position":3,"name":"Ultra Holiday loma vett\u00e4 s\u00e4\u00e4st\u00e4v\u00e4 kastelu matto 2kpl"}]},{"@type":"WebSite","@id":"https:\/\/rodoaed.ee\/#website","url":"https:\/\/rodoaed.ee\/","name":"Rodoaed","description":"","publisher":{"@id":"https:\/\/rodoaed.ee\/#organization"},"potentialAction":[{"@type":"SearchAction","target":{"@type":"EntryPoint","urlTemplate":"https:\/\/rodoaed.ee\/?s={search_term_string}"},"query-input":{"@type":"PropertyValueSpecification","valueRequired":true,"valueName":"search_term_string"}}],"inLanguage":"fi"},{"@type":"Organization","@id":"https:\/\/rodoaed.ee\/#organization","name":"Rodoaed","url":"https:\/\/rodoaed.ee\/","logo":{"@type":"ImageObject","inLanguage":"fi","@id":"https:\/\/rodoaed.ee\/#\/schema\/logo\/image\/","url":"https:\/\/rodoaed.ee\/wp-content\/uploads\/2019\/11\/rodoaed-logo-ilma-taustata.jpg","contentUrl":"https:\/\/rodoaed.ee\/wp-content\/uploads\/2019\/11\/rodoaed-logo-ilma-taustata.jpg","width":769,"height":268,"caption":"Rodoaed"},"image":{"@id":"https:\/\/rodoaed.ee\/#\/schema\/logo\/image\/"},"sameAs":["https:\/\/www.facebook.com\/kasvuhooned\/","https:\/\/rodoaed.ee"]}]}},"_links":{"self":[{"href":"https:\/\/rodoaed.ee\/fi\/wp-json\/wp\/v2\/product\/53393","targetHints":{"allow":["GET"]}}],"collection":[{"href":"https:\/\/rodoaed.ee\/fi\/wp-json\/wp\/v2\/product"}],"about":[{"href":"https:\/\/rodoaed.ee\/fi\/wp-json\/wp\/v2\/types\/product"}],"wp:featuredmedia":[{"embeddable":true,"href":"https:\/\/rodoaed.ee\/fi\/wp-json\/wp\/v2\/media\/18591"}],"wp:attachment":[{"href":"https:\/\/rodoaed.ee\/fi\/wp-json\/wp\/v2\/media?parent=53393"}],"wp:term":[{"taxonomy":"product_brand","embeddable":true,"href":"https:\/\/rodoaed.ee\/fi\/wp-json\/wp\/v2\/product_brand?post=53393"},{"taxonomy":"product_cat","embeddable":true,"href":"https:\/\/rodoaed.ee\/fi\/wp-json\/wp\/v2\/product_cat?post=53393"},{"taxonomy":"product_tag","embeddable":true,"href":"https:\/\/rodoaed.ee\/fi\/wp-json\/wp\/v2\/product_tag?post=53393"}],"curies":[{"name":"wp","href":"https:\/\/api.w.org\/{rel}","templated":true}]}}