{"id":53394,"date":"2019-08-02T12:47:35","date_gmt":"2019-08-02T09:47:35","guid":{"rendered":"https:\/\/rodoaed.ee\/toode\/puuvilla-super-vahva-150g-m2-8x12m\/"},"modified":"2026-04-13T11:05:06","modified_gmt":"2026-04-13T08:05:06","slug":"puuvilla-super-vahva-150g-m2-8x12m","status":"publish","type":"product","link":"https:\/\/rodoaed.ee\/fi\/tuote\/puuvilla-super-vahva-150g-m2-8x12m\/","title":{"rendered":"Puuvilla Super Vahva <sup>150g\/m2<\/sup> 8x12m"},"content":{"rendered":"<h2>RAINEXO-kantava kansi on korkealaatuinen tuote, joka on valmistettu eritt\u00e4in vahvoista materiaaleista.<\/h2>\n<p>Mainitakseni joitakin t\u00e4m\u00e4n tuotteen hyvi\u00e4 puolia, se on eritt\u00e4in vahvaa mutta kevytt\u00e4, repim\u00e4t\u00f6nt\u00e4 ja UV-s\u00e4teily\u00e4 kest\u00e4v\u00e4\u00e4 materiaalia. Materiaali on 100 % vedenpit\u00e4v\u00e4. Sit\u00e4 on eritt\u00e4in helppo k\u00e4sitell\u00e4 ja asentaa sen keveyden ansiosta.  <\/p>\n<p>Materiaalin reunassa on 50 cm:n v\u00e4lein kiinnitysreiki\u00e4. Kiinnitysrei\u00e4t on k\u00e4sitelty ultra\u00e4\u00e4nitekniikalla, joka takaa, ett\u00e4 ne kest\u00e4v\u00e4t hyvin repe\u00e4mist\u00e4. <\/p>\n<p>RAINEXO-pinnoitteet kest\u00e4v\u00e4t jopa 5 kertaa kauemmin kuin muut vastaavat materiaalit ja ovat 100-prosenttisesti kierr\u00e4tett\u00e4viss\u00e4.<\/p>\n<p>N\u00e4it\u00e4 k\u00e4yt\u00e4nn\u00f6llisi\u00e4 kuormansuojia on saatavana useissa eri kokoluokissa ja kolmessa eri materiaalin lujuusluokassa &#8211; Strong, Extra Strong ja Superstrong.<\/p>\n<p><strong>Super Strong -kuormakate vihre\u00e4ll\u00e4 \/ sinisell\u00e4 v\u00e4riyhdistelm\u00e4ll\u00e4<\/strong><\/p>\n<h2>T\u00e4rkeimm\u00e4t ominaisuudet:<\/h2>\n<ul>\n<li>Helppo taittaa<\/li>\n<li>100% UV-kest\u00e4v\u00e4<\/li>\n<li>100% pakkasenkest\u00e4v\u00e4<\/li>\n<li>100 % kierr\u00e4tett\u00e4viss\u00e4<\/li>\n<li>100% vedenpit\u00e4v\u00e4<\/li>\n<li>Ultra\u00e4\u00e4nik\u00e4sitellyt eritt\u00e4in vahvat kiinnitysrei\u00e4t reunoilla 50 cm:n v\u00e4lein.<\/li>\n<li>5 vuoden takuu<\/li>\n<li>5 kertaa vahvempi kuin vastaavat tuotteet monikerroksisen ristiinlaminoidun materiaalin ansiosta.<\/li>\n<\/ul>\n","protected":false},"excerpt":{"rendered":"<p>RAINEXO-kantava kansi on korkealaatuinen tuote, joka on valmistettu eritt\u00e4in vahvoista materiaaleista. Mainitakseni joitakin t\u00e4m\u00e4n tuotteen hyvi\u00e4 puolia, se on eritt\u00e4in vahvaa mutta kevytt\u00e4, repim\u00e4t\u00f6nt\u00e4 ja UV-s\u00e4teily\u00e4 kest\u00e4v\u00e4\u00e4 materiaalia. Materiaali on 100 % vedenpit\u00e4v\u00e4. Sit\u00e4 on eritt\u00e4in helppo k\u00e4sitell\u00e4 ja asentaa sen keveyden ansiosta. Materiaalin reunassa on 50 cm:n v\u00e4lein kiinnitysreiki\u00e4. Kiinnitysrei\u00e4t on k\u00e4sitelty ultra\u00e4\u00e4nitekniikalla, joka takaa, ett\u00e4 ne kest\u00e4v\u00e4t hyvin repe\u00e4mist\u00e4. RAINEXO-pinnoitteet kest\u00e4v\u00e4t jopa 5&#8230;<\/p>\n","protected":false},"featured_media":18636,"template":"","meta":{"_acf_changed":false},"product_brand":[],"product_cat":[1965],"product_tag":[],"class_list":{"0":"post-53394","1":"product","2":"type-product","3":"status-publish","4":"has-post-thumbnail","6":"product_cat-erittain-vahvat-kuorman-suojukset","7":"pa_variatsioon-puuvillakangas-super-strong-250g-m2-8x12m","9":"first","10":"onbackorder","11":"taxable","12":"shipping-taxable","13":"purchasable","14":"product-type-simple"},"acf":[],"yoast_head":"<!-- This site is optimized with the Yoast SEO Premium plugin v27.3 (Yoast SEO v27.3) - https:\/\/yoast.com\/product\/yoast-seo-premium-wordpress\/ -->\n<title>Puuvilla Super Vahva 150g\/m2 8x12m - Rodoaed<\/title>\n<meta name=\"robots\" content=\"index, follow, max-snippet:-1, max-image-preview:large, max-video-preview:-1\" \/>\n<link rel=\"canonical\" href=\"https:\/\/rodoaed.ee\/fi\/toode\/puuvilla-super-vahva-150g-m2-8x12m\/\" \/>\n<meta property=\"og:locale\" content=\"fi_FI\" \/>\n<meta property=\"og:type\" content=\"article\" \/>\n<meta property=\"og:title\" content=\"Puuvilla Super Vahva 150g\/m2 8x12m\" \/>\n<meta property=\"og:description\" content=\"RAINEXO-kantava kansi on korkealaatuinen tuote, joka on valmistettu eritt\u00e4in vahvoista materiaaleista. Mainitakseni joitakin t\u00e4m\u00e4n tuotteen hyvi\u00e4 puolia,\" \/>\n<meta property=\"og:url\" content=\"https:\/\/rodoaed.ee\/fi\/toode\/puuvilla-super-vahva-150g-m2-8x12m\/\" \/>\n<meta property=\"og:site_name\" content=\"Rodoaed\" \/>\n<meta property=\"article:publisher\" content=\"https:\/\/www.facebook.com\/kasvuhooned\/\" \/>\n<meta property=\"article:modified_time\" content=\"2026-04-13T08:05:06+00:00\" \/>\n<meta property=\"og:image\" content=\"https:\/\/rodoaed.ee\/wp-content\/uploads\/2019\/07\/koormakatted.jpg\" \/>\n\t<meta property=\"og:image:width\" content=\"534\" \/>\n\t<meta property=\"og:image:height\" content=\"378\" \/>\n\t<meta property=\"og:image:type\" content=\"image\/jpeg\" \/>\n<meta name=\"twitter:card\" content=\"summary_large_image\" \/>\n<meta name=\"twitter:label1\" content=\"Arvioitu lukuaika\" \/>\n\t<meta name=\"twitter:data1\" content=\"1 minuutti\" \/>\n<script type=\"application\/ld+json\" class=\"yoast-schema-graph\">{\"@context\":\"https:\\\/\\\/schema.org\",\"@graph\":[{\"@type\":\"WebPage\",\"@id\":\"https:\\\/\\\/rodoaed.ee\\\/fi\\\/toode\\\/puuvilla-super-vahva-150g-m2-8x12m\\\/\",\"url\":\"https:\\\/\\\/rodoaed.ee\\\/fi\\\/toode\\\/puuvilla-super-vahva-150g-m2-8x12m\\\/\",\"name\":\"Puuvilla Super Vahva 150g\\\/m2 8x12m - Rodoaed\",\"isPartOf\":{\"@id\":\"https:\\\/\\\/rodoaed.ee\\\/#website\"},\"primaryImageOfPage\":{\"@id\":\"https:\\\/\\\/rodoaed.ee\\\/fi\\\/toode\\\/puuvilla-super-vahva-150g-m2-8x12m\\\/#primaryimage\"},\"image\":{\"@id\":\"https:\\\/\\\/rodoaed.ee\\\/fi\\\/toode\\\/puuvilla-super-vahva-150g-m2-8x12m\\\/#primaryimage\"},\"thumbnailUrl\":\"https:\\\/\\\/rodoaed.ee\\\/wp-content\\\/uploads\\\/2019\\\/07\\\/koormakatted.jpg\",\"datePublished\":\"2019-08-02T09:47:35+00:00\",\"dateModified\":\"2026-04-13T08:05:06+00:00\",\"breadcrumb\":{\"@id\":\"https:\\\/\\\/rodoaed.ee\\\/fi\\\/toode\\\/puuvilla-super-vahva-150g-m2-8x12m\\\/#breadcrumb\"},\"inLanguage\":\"fi\",\"potentialAction\":[{\"@type\":\"ReadAction\",\"target\":[\"https:\\\/\\\/rodoaed.ee\\\/fi\\\/toode\\\/puuvilla-super-vahva-150g-m2-8x12m\\\/\"]}]},{\"@type\":\"ImageObject\",\"inLanguage\":\"fi\",\"@id\":\"https:\\\/\\\/rodoaed.ee\\\/fi\\\/toode\\\/puuvilla-super-vahva-150g-m2-8x12m\\\/#primaryimage\",\"url\":\"https:\\\/\\\/rodoaed.ee\\\/wp-content\\\/uploads\\\/2019\\\/07\\\/koormakatted.jpg\",\"contentUrl\":\"https:\\\/\\\/rodoaed.ee\\\/wp-content\\\/uploads\\\/2019\\\/07\\\/koormakatted.jpg\",\"width\":534,\"height\":378},{\"@type\":\"BreadcrumbList\",\"@id\":\"https:\\\/\\\/rodoaed.ee\\\/fi\\\/toode\\\/puuvilla-super-vahva-150g-m2-8x12m\\\/#breadcrumb\",\"itemListElement\":[{\"@type\":\"ListItem\",\"position\":1,\"name\":\"Home\",\"item\":\"https:\\\/\\\/rodoaed.ee\\\/fi\\\/\"},{\"@type\":\"ListItem\",\"position\":2,\"name\":\"Osta osoitteessa\",\"item\":\"https:\\\/\\\/rodoaed.ee\\\/osta-osoitteessa\\\/\"},{\"@type\":\"ListItem\",\"position\":3,\"name\":\"Puuvilla Super Vahva 150g\\\/m2 8x12m\"}]},{\"@type\":\"WebSite\",\"@id\":\"https:\\\/\\\/rodoaed.ee\\\/#website\",\"url\":\"https:\\\/\\\/rodoaed.ee\\\/\",\"name\":\"Rodoaed\",\"description\":\"\",\"publisher\":{\"@id\":\"https:\\\/\\\/rodoaed.ee\\\/#organization\"},\"potentialAction\":[{\"@type\":\"SearchAction\",\"target\":{\"@type\":\"EntryPoint\",\"urlTemplate\":\"https:\\\/\\\/rodoaed.ee\\\/?s={search_term_string}\"},\"query-input\":{\"@type\":\"PropertyValueSpecification\",\"valueRequired\":true,\"valueName\":\"search_term_string\"}}],\"inLanguage\":\"fi\"},{\"@type\":\"Organization\",\"@id\":\"https:\\\/\\\/rodoaed.ee\\\/#organization\",\"name\":\"Rodoaed\",\"url\":\"https:\\\/\\\/rodoaed.ee\\\/\",\"logo\":{\"@type\":\"ImageObject\",\"inLanguage\":\"fi\",\"@id\":\"https:\\\/\\\/rodoaed.ee\\\/#\\\/schema\\\/logo\\\/image\\\/\",\"url\":\"https:\\\/\\\/rodoaed.ee\\\/wp-content\\\/uploads\\\/2019\\\/11\\\/rodoaed-logo-ilma-taustata.jpg\",\"contentUrl\":\"https:\\\/\\\/rodoaed.ee\\\/wp-content\\\/uploads\\\/2019\\\/11\\\/rodoaed-logo-ilma-taustata.jpg\",\"width\":769,\"height\":268,\"caption\":\"Rodoaed\"},\"image\":{\"@id\":\"https:\\\/\\\/rodoaed.ee\\\/#\\\/schema\\\/logo\\\/image\\\/\"},\"sameAs\":[\"https:\\\/\\\/www.facebook.com\\\/kasvuhooned\\\/\",\"https:\\\/\\\/rodoaed.ee\"]}]}<\/script>\n<!-- \/ Yoast SEO Premium plugin. -->","yoast_head_json":{"title":"Puuvilla Super Vahva 150g\/m2 8x12m - Rodoaed","robots":{"index":"index","follow":"follow","max-snippet":"max-snippet:-1","max-image-preview":"max-image-preview:large","max-video-preview":"max-video-preview:-1"},"canonical":"https:\/\/rodoaed.ee\/fi\/toode\/puuvilla-super-vahva-150g-m2-8x12m\/","og_locale":"fi_FI","og_type":"article","og_title":"Puuvilla Super Vahva 150g\/m2 8x12m","og_description":"RAINEXO-kantava kansi on korkealaatuinen tuote, joka on valmistettu eritt\u00e4in vahvoista materiaaleista. Mainitakseni joitakin t\u00e4m\u00e4n tuotteen hyvi\u00e4 puolia,","og_url":"https:\/\/rodoaed.ee\/fi\/toode\/puuvilla-super-vahva-150g-m2-8x12m\/","og_site_name":"Rodoaed","article_publisher":"https:\/\/www.facebook.com\/kasvuhooned\/","article_modified_time":"2026-04-13T08:05:06+00:00","og_image":[{"width":534,"height":378,"url":"https:\/\/rodoaed.ee\/wp-content\/uploads\/2019\/07\/koormakatted.jpg","type":"image\/jpeg"}],"twitter_card":"summary_large_image","twitter_misc":{"Arvioitu lukuaika":"1 minuutti"},"schema":{"@context":"https:\/\/schema.org","@graph":[{"@type":"WebPage","@id":"https:\/\/rodoaed.ee\/fi\/toode\/puuvilla-super-vahva-150g-m2-8x12m\/","url":"https:\/\/rodoaed.ee\/fi\/toode\/puuvilla-super-vahva-150g-m2-8x12m\/","name":"Puuvilla Super Vahva 150g\/m2 8x12m - Rodoaed","isPartOf":{"@id":"https:\/\/rodoaed.ee\/#website"},"primaryImageOfPage":{"@id":"https:\/\/rodoaed.ee\/fi\/toode\/puuvilla-super-vahva-150g-m2-8x12m\/#primaryimage"},"image":{"@id":"https:\/\/rodoaed.ee\/fi\/toode\/puuvilla-super-vahva-150g-m2-8x12m\/#primaryimage"},"thumbnailUrl":"https:\/\/rodoaed.ee\/wp-content\/uploads\/2019\/07\/koormakatted.jpg","datePublished":"2019-08-02T09:47:35+00:00","dateModified":"2026-04-13T08:05:06+00:00","breadcrumb":{"@id":"https:\/\/rodoaed.ee\/fi\/toode\/puuvilla-super-vahva-150g-m2-8x12m\/#breadcrumb"},"inLanguage":"fi","potentialAction":[{"@type":"ReadAction","target":["https:\/\/rodoaed.ee\/fi\/toode\/puuvilla-super-vahva-150g-m2-8x12m\/"]}]},{"@type":"ImageObject","inLanguage":"fi","@id":"https:\/\/rodoaed.ee\/fi\/toode\/puuvilla-super-vahva-150g-m2-8x12m\/#primaryimage","url":"https:\/\/rodoaed.ee\/wp-content\/uploads\/2019\/07\/koormakatted.jpg","contentUrl":"https:\/\/rodoaed.ee\/wp-content\/uploads\/2019\/07\/koormakatted.jpg","width":534,"height":378},{"@type":"BreadcrumbList","@id":"https:\/\/rodoaed.ee\/fi\/toode\/puuvilla-super-vahva-150g-m2-8x12m\/#breadcrumb","itemListElement":[{"@type":"ListItem","position":1,"name":"Home","item":"https:\/\/rodoaed.ee\/fi\/"},{"@type":"ListItem","position":2,"name":"Osta osoitteessa","item":"https:\/\/rodoaed.ee\/osta-osoitteessa\/"},{"@type":"ListItem","position":3,"name":"Puuvilla Super Vahva 150g\/m2 8x12m"}]},{"@type":"WebSite","@id":"https:\/\/rodoaed.ee\/#website","url":"https:\/\/rodoaed.ee\/","name":"Rodoaed","description":"","publisher":{"@id":"https:\/\/rodoaed.ee\/#organization"},"potentialAction":[{"@type":"SearchAction","target":{"@type":"EntryPoint","urlTemplate":"https:\/\/rodoaed.ee\/?s={search_term_string}"},"query-input":{"@type":"PropertyValueSpecification","valueRequired":true,"valueName":"search_term_string"}}],"inLanguage":"fi"},{"@type":"Organization","@id":"https:\/\/rodoaed.ee\/#organization","name":"Rodoaed","url":"https:\/\/rodoaed.ee\/","logo":{"@type":"ImageObject","inLanguage":"fi","@id":"https:\/\/rodoaed.ee\/#\/schema\/logo\/image\/","url":"https:\/\/rodoaed.ee\/wp-content\/uploads\/2019\/11\/rodoaed-logo-ilma-taustata.jpg","contentUrl":"https:\/\/rodoaed.ee\/wp-content\/uploads\/2019\/11\/rodoaed-logo-ilma-taustata.jpg","width":769,"height":268,"caption":"Rodoaed"},"image":{"@id":"https:\/\/rodoaed.ee\/#\/schema\/logo\/image\/"},"sameAs":["https:\/\/www.facebook.com\/kasvuhooned\/","https:\/\/rodoaed.ee"]}]}},"_links":{"self":[{"href":"https:\/\/rodoaed.ee\/fi\/wp-json\/wp\/v2\/product\/53394","targetHints":{"allow":["GET"]}}],"collection":[{"href":"https:\/\/rodoaed.ee\/fi\/wp-json\/wp\/v2\/product"}],"about":[{"href":"https:\/\/rodoaed.ee\/fi\/wp-json\/wp\/v2\/types\/product"}],"wp:featuredmedia":[{"embeddable":true,"href":"https:\/\/rodoaed.ee\/fi\/wp-json\/wp\/v2\/media\/18636"}],"wp:attachment":[{"href":"https:\/\/rodoaed.ee\/fi\/wp-json\/wp\/v2\/media?parent=53394"}],"wp:term":[{"taxonomy":"product_brand","embeddable":true,"href":"https:\/\/rodoaed.ee\/fi\/wp-json\/wp\/v2\/product_brand?post=53394"},{"taxonomy":"product_cat","embeddable":true,"href":"https:\/\/rodoaed.ee\/fi\/wp-json\/wp\/v2\/product_cat?post=53394"},{"taxonomy":"product_tag","embeddable":true,"href":"https:\/\/rodoaed.ee\/fi\/wp-json\/wp\/v2\/product_tag?post=53394"}],"curies":[{"name":"wp","href":"https:\/\/api.w.org\/{rel}","templated":true}]}}