{"id":53397,"date":"2019-08-02T12:47:55","date_gmt":"2019-08-02T09:47:55","guid":{"rendered":"https:\/\/rodoaed.ee\/toode\/universal-bat-nest-box-1ffh-tilauksesta\/"},"modified":"2026-04-13T11:05:11","modified_gmt":"2026-04-13T08:05:11","slug":"universal-bat-nest-box-1ffh-tilauksesta","status":"publish","type":"product","link":"https:\/\/rodoaed.ee\/fi\/tuote\/universal-bat-nest-box-1ffh-tilauksesta\/","title":{"rendered":"Universal Bat Nest Box 1FFH- tilauksesta!"},"content":{"rendered":"<h2>Uusi 1FFH-yleislepakkoasennuslaatikko sopii erinomaisesti eri lepakkolajien kes\u00e4pesien ja pesien kasvattamiseen.<\/h2>\n<figure id=\"attachment_3874\" aria-describedby=\"caption-attachment-3874\" style=\"width: 200px\" class=\"wp-caption alignright\"><img loading=\"lazy\" decoding=\"async\" class=\"size-medium-single-product wp-image-3874 \" src=\"https:\/\/www.rodoaed.ee\/wp-content\/uploads\/2013\/07\/Nahkhiire-universaalkast-1FFH_2-200x150.jpg\" alt=\"\" width=\"200\" height=\"150\"><figcaption id=\"caption-attachment-3874\" class=\"wp-caption-text\">Yleinen pes\u00e4laatikko 1FFH<\/figcaption><\/figure>\n<p>Jatkuvan tutkimuksen ansiosta SCHWEGLERI Nature Care -tuoteluettelo laajenee jatkuvasti uusilla pesutuotteilla. T\u00e4m\u00e4n tutkimuksen tuloksena on uusi universaali lepakkopes\u00e4kotelo, jossa on monia innovaatioita ja monia hyv\u00e4ksi havaittuja ominaisuuksia: <\/p>\n<ul>\n<li>1FFH Universal Nest Box -pes\u00e4kotelossa on sek\u00e4 aukkoja ett\u00e4 kapeita rakoja, joihin lepakot voivat piiloutua.<\/li>\n<li>Sis\u00e4inen korkea katto takaa suotuisan mikroilmaston<\/li>\n<li>Erilaiset kolot ja halkeamat luovat monenlaisia pesim\u00e4paikkoja monille eri lajeille.<\/li>\n<li>Forestry on hyv\u00e4ksynyt merkinn\u00e4n, ja se soveltuu seuraaville henkil\u00f6ille<\/li>\n<li>Itsepuhdistuva, huoltovapaa<\/li>\n<li>Kest\u00e4v\u00e4, turvallinen ja s\u00e4\u00e4nkest\u00e4v\u00e4<\/li>\n<li>Saksassa valmistettu korkealaatuinen tuote<\/li>\n<\/ul>\n<p>Koska lepakonpentulaatikon malli 1FFH on pohjastaan avoin ja antaa ulosteiden pudota itsest\u00e4\u00e4n, sit\u00e4 ei tarvitse puhdistaa. T\u00e4m\u00e4n ansiosta se on k\u00e4tev\u00e4 asentaa vaikeasti saavutettaviin paikkoihin, kuten jyrkkiin rinteisiin tai talon korkeille seinille. <\/p>\n<p>&nbsp;<\/p>\n<p><strong>Kes\u00e4n pesint\u00e4 :<\/strong><\/p>\n<p>Yleispes\u00e4laatikko on ihanteellinen suojapaikka kaikille mets\u00e4ss\u00e4 el\u00e4ville lepakkolajeille. Molempien pes\u00e4osastojen innovatiivinen sis\u00e4rakenne takaa lepakoille ihanteelliset ilmasto-olosuhteet alkukes\u00e4ll\u00e4 ja loppusyksyll\u00e4. <\/p>\n<figure id=\"attachment_3875\" aria-describedby=\"caption-attachment-3875\" style=\"width: 200px\" class=\"wp-caption alignright\"><img loading=\"lazy\" decoding=\"async\" class=\"size-medium-single-product wp-image-3875 \" src=\"https:\/\/www.rodoaed.ee\/wp-content\/uploads\/2013\/07\/Nahkhiire-universaalkast-1FFH_3-200x150.jpg\" alt=\"\" width=\"200\" height=\"150\"><figcaption id=\"caption-attachment-3875\" class=\"wp-caption-text\">Poikkileikkauksessa n\u00e4kyv\u00e4t pes\u00e4laatikon 1FFH kaksi eri osastoa.<\/figcaption><\/figure>\n<p>Takahuone soveltuu erinomaisesti isommille lepakkolajeille, ja siell\u00e4 on runsaasti tilaa sek\u00e4 naarasyksil\u00f6ille ja niiden poikasille ett\u00e4 paritteleville pareille.<\/p>\n<p>Kapea sis\u00e4\u00e4nk\u00e4ynti tarjoaa muuttaville lepakoille lis\u00e4turvaa saalistajilta ja muilta h\u00e4iri\u00f6ilt\u00e4.<\/p>\n<p>Yleispes\u00e4laatikko on my\u00f6s itsepuhdistuva ja huoltovapaa.<\/p>\n<p>Molemmissa sis\u00e4tiloissa olevissa p\u00e4iv\u00e4pediss\u00e4 on kovetettu kansi, joka helpottaa liikkumista ja ripustamista. \u00c4\u00e4nek\u00e4s sis\u00e4pinta tekee liikkumisesta helppoa my\u00f6s hyvin nuorille ja kokemattomille lepakkopennuille. <\/p>\n<p>Sis\u00e4tiloista on tehty sopivia pesim\u00e4- ja asuinalueita yli 10:lle mets\u00e4lepakko-lajille. S\u00e4\u00e4n muuttuessa lepakot voivat valita sopivimman paikan lepakkoalueelta, jotta sis\u00e4ilmasto olisi sopiva. <\/p>\n<p>&nbsp;<\/p>\n<p><strong>Pes\u00e4laatikon asennuspaikka:<\/strong><\/p>\n<p>Puiden rungoilla, mastoissa, korkeilla paikoilla. Takasein\u00e4n 4 kiinnityskannattimen ansiosta pes\u00e4laatikko kiinnittyy vakaasti ja turvallisesti my\u00f6s tuulisella s\u00e4\u00e4ll\u00e4 korkeille paikoille. <\/p>\n<p>Paras asennuskorkeus on 3-5 m maanpinnasta.<\/p>\n<p>Lepakot tarvitsevat jatkuvasti useita lep\u00e4ily- ja lev\u00e4hdyspaikkoja. Jopa kokonaiset koloniat muuttavat eri paikkojen v\u00e4lill\u00e4 muutaman p\u00e4iv\u00e4n v\u00e4lein, joskus jopa p\u00e4ivitt\u00e4in. Siksi on hyv\u00e4 idea asentaa alueelle useita pes\u00e4koppeja kerralla, jolloin muodostuu kopparyhm\u00e4. N\u00e4in lis\u00e4t\u00e4\u00e4n kolonisaation todenn\u00e4k\u00f6isyytt\u00e4 ja varmistetaan lepakoiden pitk\u00e4aikainen k\u00e4ytt\u00f6.   <\/p>\n<p>Lepakot suosivat avoimia lentoreittej\u00e4 pes\u00e4koloihinsa. Varmista, ettei suoraan pes\u00e4kopin edess\u00e4 ole est\u00e4vi\u00e4 oksia tai muita esteit\u00e4. T\u00e4m\u00e4 nopeuttaa huomattavasti aikaa, jonka ne tarvitsevat siirty\u00e4kseen pes\u00e4laatikkoon.  <\/p>\n<p><strong>Puhdistus ja tarkastus:<\/strong><\/p>\n<p>Itsepuhdistuva ja huoltovapaa. Voit k\u00e4ytt\u00e4\u00e4 hehkulamppua tai peili\u00e4 ala-aukossa tarkistaaksesi, onko pes\u00e4kotelo varattu. Pes\u00e4koteloa ei voi avata.  <\/p>\n<p>Pes\u00e4kotelon sis\u00e4osa:<\/p>\n<p>2 erillist\u00e4 huonetta, joissa on lepakoiden oleskelualueita sek\u00e4 kallioaltaissa ett\u00e4 puiden latvoissa.<\/p>\n<p>Sis\u00e4mitat: 20 cm leve\u00e4, 74 cm korkea ja 64 cm korkea, kapea sis\u00e4\u00e4nk\u00e4yntiaukko petoel\u00e4imilt\u00e4 suojaamiseksi.<\/p>\n<p><strong>Materiaali:<\/strong><\/p>\n<p>SCHWEGLER ilmaa l\u00e4p\u00e4isev\u00e4 ja pitk\u00e4ik\u00e4inen puubetoni.<\/p>\n<p>Pinnat on valmistettu kovasta, kest\u00e4v\u00e4st\u00e4 puusta. Kiinnitysteline on ruostumatonta ter\u00e4st\u00e4. <\/p>\n<p><strong>Setti sis\u00e4lt\u00e4\u00e4:<\/strong><\/p>\n<ul>\n<li>Yleinen pes\u00e4laatikko 1FFH<\/li>\n<\/ul>\n<p><strong>V\u00e4ri:<\/strong><\/p>\n<p>Musta<\/p>\n<p><strong>Pes\u00e4kotelon mitat:<\/strong><\/p>\n<p>Ulkomitat ovat noin: Korkeus 87,5 cm x leveys 24,5 cm x syvyys 19 cm.<\/p>\n<p><strong>Kuka t\u00e4ytt\u00e4\u00e4 pes\u00e4kotelon:<\/strong><\/p>\n<p><em><em>Eri lepakkolajit<\/em><\/em><\/p>\n<p><strong>Pes\u00e4kotelon paino: <\/strong>noin 16 kg<\/p>\n<p>&nbsp;<\/p>\n<p>&nbsp;<\/p>\n<p>&nbsp;<\/p>\n<p>&nbsp;<\/p>\n","protected":false},"excerpt":{"rendered":"<p>Uusi 1FFH-yleislepakkoasennuslaatikko sopii erinomaisesti eri lepakkolajien kes\u00e4pesien ja pesien kasvattamiseen. Jatkuvan tutkimuksen ansiosta SCHWEGLERI Nature Care -tuoteluettelo laajenee jatkuvasti uusilla pesutuotteilla. T\u00e4m\u00e4n tutkimuksen tuloksena on uusi universaali lepakkopes\u00e4kotelo, jossa on monia innovaatioita ja monia hyv\u00e4ksi havaittuja ominaisuuksia: 1FFH Universal Nest Box -pes\u00e4kotelossa on sek\u00e4 aukkoja ett\u00e4 kapeita rakoja, joihin lepakot voivat piiloutua. Sis\u00e4inen korkea katto takaa suotuisan mikroilmaston Erilaiset kolot ja halkeamat luovat monenlaisia pesim\u00e4paikkoja&#8230;<\/p>\n","protected":false},"featured_media":25651,"template":"","meta":{"_acf_changed":false},"product_brand":[],"product_cat":[1958,1851],"product_tag":[],"class_list":{"0":"post-53397","1":"product","2":"type-product","3":"status-publish","4":"has-post-thumbnail","6":"product_cat-lepakoiden-pesakotelot","7":"product_cat-pesakotelot","8":"pa_variatsioon-bat-universal-pesakotelo-1ffh-tilaamalla","10":"first","11":"onbackorder","12":"taxable","13":"shipping-taxable","14":"purchasable","15":"product-type-simple"},"acf":[],"yoast_head":"<!-- This site is optimized with the Yoast SEO Premium plugin v27.3 (Yoast SEO v27.3) - https:\/\/yoast.com\/product\/yoast-seo-premium-wordpress\/ -->\n<title>Universal Bat Nest Box 1FFH- tilauksesta! - Rodoaed<\/title>\n<meta name=\"robots\" content=\"index, follow, max-snippet:-1, max-image-preview:large, max-video-preview:-1\" \/>\n<link rel=\"canonical\" href=\"https:\/\/rodoaed.ee\/fi\/toode\/universal-bat-nest-box-1ffh-tilauksesta\/\" \/>\n<meta property=\"og:locale\" content=\"fi_FI\" \/>\n<meta property=\"og:type\" content=\"article\" \/>\n<meta property=\"og:title\" content=\"Universal Bat Nest Box 1FFH- tilauksesta!\" \/>\n<meta property=\"og:description\" content=\"Uusi 1FFH-yleislepakkoasennuslaatikko sopii erinomaisesti eri lepakkolajien kes\u00e4pesien ja pesien kasvattamiseen. Jatkuvan tutkimuksen ansiosta SCHWEGLERI\" \/>\n<meta property=\"og:url\" content=\"https:\/\/rodoaed.ee\/fi\/toode\/universal-bat-nest-box-1ffh-tilauksesta\/\" \/>\n<meta property=\"og:site_name\" content=\"Rodoaed\" \/>\n<meta property=\"article:publisher\" content=\"https:\/\/www.facebook.com\/kasvuhooned\/\" \/>\n<meta property=\"article:modified_time\" content=\"2026-04-13T08:05:11+00:00\" \/>\n<meta property=\"og:image\" content=\"https:\/\/rodoaed.ee\/wp-content\/uploads\/2019\/08\/nahkhiirte-pesakast-1FFH_130_01-scaled.jpg\" \/>\n\t<meta property=\"og:image:width\" content=\"2209\" \/>\n\t<meta property=\"og:image:height\" content=\"4013\" \/>\n\t<meta property=\"og:image:type\" content=\"image\/jpeg\" \/>\n<meta name=\"twitter:card\" content=\"summary_large_image\" \/>\n<meta name=\"twitter:label1\" content=\"Arvioitu lukuaika\" \/>\n\t<meta name=\"twitter:data1\" content=\"3 minuuttia\" \/>\n<script type=\"application\/ld+json\" class=\"yoast-schema-graph\">{\"@context\":\"https:\\\/\\\/schema.org\",\"@graph\":[{\"@type\":\"WebPage\",\"@id\":\"https:\\\/\\\/rodoaed.ee\\\/fi\\\/toode\\\/universal-bat-nest-box-1ffh-tilauksesta\\\/\",\"url\":\"https:\\\/\\\/rodoaed.ee\\\/fi\\\/toode\\\/universal-bat-nest-box-1ffh-tilauksesta\\\/\",\"name\":\"Universal Bat Nest Box 1FFH- tilauksesta! - Rodoaed\",\"isPartOf\":{\"@id\":\"https:\\\/\\\/rodoaed.ee\\\/#website\"},\"primaryImageOfPage\":{\"@id\":\"https:\\\/\\\/rodoaed.ee\\\/fi\\\/toode\\\/universal-bat-nest-box-1ffh-tilauksesta\\\/#primaryimage\"},\"image\":{\"@id\":\"https:\\\/\\\/rodoaed.ee\\\/fi\\\/toode\\\/universal-bat-nest-box-1ffh-tilauksesta\\\/#primaryimage\"},\"thumbnailUrl\":\"https:\\\/\\\/rodoaed.ee\\\/wp-content\\\/uploads\\\/2019\\\/08\\\/nahkhiirte-pesakast-1FFH_130_01-scaled.jpg\",\"datePublished\":\"2019-08-02T09:47:55+00:00\",\"dateModified\":\"2026-04-13T08:05:11+00:00\",\"breadcrumb\":{\"@id\":\"https:\\\/\\\/rodoaed.ee\\\/fi\\\/toode\\\/universal-bat-nest-box-1ffh-tilauksesta\\\/#breadcrumb\"},\"inLanguage\":\"fi\",\"potentialAction\":[{\"@type\":\"ReadAction\",\"target\":[\"https:\\\/\\\/rodoaed.ee\\\/fi\\\/toode\\\/universal-bat-nest-box-1ffh-tilauksesta\\\/\"]}]},{\"@type\":\"ImageObject\",\"inLanguage\":\"fi\",\"@id\":\"https:\\\/\\\/rodoaed.ee\\\/fi\\\/toode\\\/universal-bat-nest-box-1ffh-tilauksesta\\\/#primaryimage\",\"url\":\"https:\\\/\\\/rodoaed.ee\\\/wp-content\\\/uploads\\\/2019\\\/08\\\/nahkhiirte-pesakast-1FFH_130_01-scaled.jpg\",\"contentUrl\":\"https:\\\/\\\/rodoaed.ee\\\/wp-content\\\/uploads\\\/2019\\\/08\\\/nahkhiirte-pesakast-1FFH_130_01-scaled.jpg\",\"width\":2209,\"height\":4013},{\"@type\":\"BreadcrumbList\",\"@id\":\"https:\\\/\\\/rodoaed.ee\\\/fi\\\/toode\\\/universal-bat-nest-box-1ffh-tilauksesta\\\/#breadcrumb\",\"itemListElement\":[{\"@type\":\"ListItem\",\"position\":1,\"name\":\"Home\",\"item\":\"https:\\\/\\\/rodoaed.ee\\\/fi\\\/\"},{\"@type\":\"ListItem\",\"position\":2,\"name\":\"Osta osoitteessa\",\"item\":\"https:\\\/\\\/rodoaed.ee\\\/osta-osoitteessa\\\/\"},{\"@type\":\"ListItem\",\"position\":3,\"name\":\"Universal Bat Nest Box 1FFH- tilauksesta!\"}]},{\"@type\":\"WebSite\",\"@id\":\"https:\\\/\\\/rodoaed.ee\\\/#website\",\"url\":\"https:\\\/\\\/rodoaed.ee\\\/\",\"name\":\"Rodoaed\",\"description\":\"\",\"publisher\":{\"@id\":\"https:\\\/\\\/rodoaed.ee\\\/#organization\"},\"potentialAction\":[{\"@type\":\"SearchAction\",\"target\":{\"@type\":\"EntryPoint\",\"urlTemplate\":\"https:\\\/\\\/rodoaed.ee\\\/?s={search_term_string}\"},\"query-input\":{\"@type\":\"PropertyValueSpecification\",\"valueRequired\":true,\"valueName\":\"search_term_string\"}}],\"inLanguage\":\"fi\"},{\"@type\":\"Organization\",\"@id\":\"https:\\\/\\\/rodoaed.ee\\\/#organization\",\"name\":\"Rodoaed\",\"url\":\"https:\\\/\\\/rodoaed.ee\\\/\",\"logo\":{\"@type\":\"ImageObject\",\"inLanguage\":\"fi\",\"@id\":\"https:\\\/\\\/rodoaed.ee\\\/#\\\/schema\\\/logo\\\/image\\\/\",\"url\":\"https:\\\/\\\/rodoaed.ee\\\/wp-content\\\/uploads\\\/2019\\\/11\\\/rodoaed-logo-ilma-taustata.jpg\",\"contentUrl\":\"https:\\\/\\\/rodoaed.ee\\\/wp-content\\\/uploads\\\/2019\\\/11\\\/rodoaed-logo-ilma-taustata.jpg\",\"width\":769,\"height\":268,\"caption\":\"Rodoaed\"},\"image\":{\"@id\":\"https:\\\/\\\/rodoaed.ee\\\/#\\\/schema\\\/logo\\\/image\\\/\"},\"sameAs\":[\"https:\\\/\\\/www.facebook.com\\\/kasvuhooned\\\/\",\"https:\\\/\\\/rodoaed.ee\"]}]}<\/script>\n<!-- \/ Yoast SEO Premium plugin. -->","yoast_head_json":{"title":"Universal Bat Nest Box 1FFH- tilauksesta! - Rodoaed","robots":{"index":"index","follow":"follow","max-snippet":"max-snippet:-1","max-image-preview":"max-image-preview:large","max-video-preview":"max-video-preview:-1"},"canonical":"https:\/\/rodoaed.ee\/fi\/toode\/universal-bat-nest-box-1ffh-tilauksesta\/","og_locale":"fi_FI","og_type":"article","og_title":"Universal Bat Nest Box 1FFH- tilauksesta!","og_description":"Uusi 1FFH-yleislepakkoasennuslaatikko sopii erinomaisesti eri lepakkolajien kes\u00e4pesien ja pesien kasvattamiseen. Jatkuvan tutkimuksen ansiosta SCHWEGLERI","og_url":"https:\/\/rodoaed.ee\/fi\/toode\/universal-bat-nest-box-1ffh-tilauksesta\/","og_site_name":"Rodoaed","article_publisher":"https:\/\/www.facebook.com\/kasvuhooned\/","article_modified_time":"2026-04-13T08:05:11+00:00","og_image":[{"width":2209,"height":4013,"url":"https:\/\/rodoaed.ee\/wp-content\/uploads\/2019\/08\/nahkhiirte-pesakast-1FFH_130_01-scaled.jpg","type":"image\/jpeg"}],"twitter_card":"summary_large_image","twitter_misc":{"Arvioitu lukuaika":"3 minuuttia"},"schema":{"@context":"https:\/\/schema.org","@graph":[{"@type":"WebPage","@id":"https:\/\/rodoaed.ee\/fi\/toode\/universal-bat-nest-box-1ffh-tilauksesta\/","url":"https:\/\/rodoaed.ee\/fi\/toode\/universal-bat-nest-box-1ffh-tilauksesta\/","name":"Universal Bat Nest Box 1FFH- tilauksesta! - Rodoaed","isPartOf":{"@id":"https:\/\/rodoaed.ee\/#website"},"primaryImageOfPage":{"@id":"https:\/\/rodoaed.ee\/fi\/toode\/universal-bat-nest-box-1ffh-tilauksesta\/#primaryimage"},"image":{"@id":"https:\/\/rodoaed.ee\/fi\/toode\/universal-bat-nest-box-1ffh-tilauksesta\/#primaryimage"},"thumbnailUrl":"https:\/\/rodoaed.ee\/wp-content\/uploads\/2019\/08\/nahkhiirte-pesakast-1FFH_130_01-scaled.jpg","datePublished":"2019-08-02T09:47:55+00:00","dateModified":"2026-04-13T08:05:11+00:00","breadcrumb":{"@id":"https:\/\/rodoaed.ee\/fi\/toode\/universal-bat-nest-box-1ffh-tilauksesta\/#breadcrumb"},"inLanguage":"fi","potentialAction":[{"@type":"ReadAction","target":["https:\/\/rodoaed.ee\/fi\/toode\/universal-bat-nest-box-1ffh-tilauksesta\/"]}]},{"@type":"ImageObject","inLanguage":"fi","@id":"https:\/\/rodoaed.ee\/fi\/toode\/universal-bat-nest-box-1ffh-tilauksesta\/#primaryimage","url":"https:\/\/rodoaed.ee\/wp-content\/uploads\/2019\/08\/nahkhiirte-pesakast-1FFH_130_01-scaled.jpg","contentUrl":"https:\/\/rodoaed.ee\/wp-content\/uploads\/2019\/08\/nahkhiirte-pesakast-1FFH_130_01-scaled.jpg","width":2209,"height":4013},{"@type":"BreadcrumbList","@id":"https:\/\/rodoaed.ee\/fi\/toode\/universal-bat-nest-box-1ffh-tilauksesta\/#breadcrumb","itemListElement":[{"@type":"ListItem","position":1,"name":"Home","item":"https:\/\/rodoaed.ee\/fi\/"},{"@type":"ListItem","position":2,"name":"Osta osoitteessa","item":"https:\/\/rodoaed.ee\/osta-osoitteessa\/"},{"@type":"ListItem","position":3,"name":"Universal Bat Nest Box 1FFH- tilauksesta!"}]},{"@type":"WebSite","@id":"https:\/\/rodoaed.ee\/#website","url":"https:\/\/rodoaed.ee\/","name":"Rodoaed","description":"","publisher":{"@id":"https:\/\/rodoaed.ee\/#organization"},"potentialAction":[{"@type":"SearchAction","target":{"@type":"EntryPoint","urlTemplate":"https:\/\/rodoaed.ee\/?s={search_term_string}"},"query-input":{"@type":"PropertyValueSpecification","valueRequired":true,"valueName":"search_term_string"}}],"inLanguage":"fi"},{"@type":"Organization","@id":"https:\/\/rodoaed.ee\/#organization","name":"Rodoaed","url":"https:\/\/rodoaed.ee\/","logo":{"@type":"ImageObject","inLanguage":"fi","@id":"https:\/\/rodoaed.ee\/#\/schema\/logo\/image\/","url":"https:\/\/rodoaed.ee\/wp-content\/uploads\/2019\/11\/rodoaed-logo-ilma-taustata.jpg","contentUrl":"https:\/\/rodoaed.ee\/wp-content\/uploads\/2019\/11\/rodoaed-logo-ilma-taustata.jpg","width":769,"height":268,"caption":"Rodoaed"},"image":{"@id":"https:\/\/rodoaed.ee\/#\/schema\/logo\/image\/"},"sameAs":["https:\/\/www.facebook.com\/kasvuhooned\/","https:\/\/rodoaed.ee"]}]}},"_links":{"self":[{"href":"https:\/\/rodoaed.ee\/fi\/wp-json\/wp\/v2\/product\/53397","targetHints":{"allow":["GET"]}}],"collection":[{"href":"https:\/\/rodoaed.ee\/fi\/wp-json\/wp\/v2\/product"}],"about":[{"href":"https:\/\/rodoaed.ee\/fi\/wp-json\/wp\/v2\/types\/product"}],"wp:featuredmedia":[{"embeddable":true,"href":"https:\/\/rodoaed.ee\/fi\/wp-json\/wp\/v2\/media\/25651"}],"wp:attachment":[{"href":"https:\/\/rodoaed.ee\/fi\/wp-json\/wp\/v2\/media?parent=53397"}],"wp:term":[{"taxonomy":"product_brand","embeddable":true,"href":"https:\/\/rodoaed.ee\/fi\/wp-json\/wp\/v2\/product_brand?post=53397"},{"taxonomy":"product_cat","embeddable":true,"href":"https:\/\/rodoaed.ee\/fi\/wp-json\/wp\/v2\/product_cat?post=53397"},{"taxonomy":"product_tag","embeddable":true,"href":"https:\/\/rodoaed.ee\/fi\/wp-json\/wp\/v2\/product_tag?post=53397"}],"curies":[{"name":"wp","href":"https:\/\/api.w.org\/{rel}","templated":true}]}}