{"id":53398,"date":"2019-08-02T12:47:55","date_gmt":"2019-08-02T09:47:55","guid":{"rendered":"https:\/\/rodoaed.ee\/toode\/lepakon-talvehtimislaatikko-1fw-tilauksesta\/"},"modified":"2026-04-13T11:05:12","modified_gmt":"2026-04-13T08:05:12","slug":"lepakon-talvehtimislaatikko-1fw-tilauksesta","status":"publish","type":"product","link":"https:\/\/rodoaed.ee\/fi\/tuote\/lepakon-talvehtimislaatikko-1fw-tilauksesta\/","title":{"rendered":"Lepakon talvehtimislaatikko 1FW- tilauksesta!"},"content":{"rendered":"<h2>1FW-lepakoiden nukkumislaatikko soveltuu hyvin lepakoiden talvehtimiseen hyv\u00e4n eristyksens\u00e4 ansiosta, mutta se on my\u00f6s erinomainen nukkumislaatikko kes\u00e4kaudeksi.<\/h2>\n<p>T\u00e4ss\u00e4 laatikossa on sama sis\u00e4inen rakenne kuin 1FS-mallissa, mutta siihen on lis\u00e4tty monikerroksinen eristetty sein\u00e4, jossa on erityisesti talvehtimista varten suunnitellut raot. Paksu puubetonisein\u00e4n verhoilu tarjoaa erinomaisen eristyksen, mutta antaa silti ilman hengitt\u00e4\u00e4 seinien l\u00e4pi. <\/p>\n<p>T\u00e4m\u00e4 rakenne tekee siit\u00e4 ihanteellisen talvehtimislaatikon, mutta se on my\u00f6s erinomainen pes\u00e4laatikko suurelle pes\u00e4kolonnalle kes\u00e4ll\u00e4. Jopa 180 talvehtivaa lepakkoyksil\u00f6\u00e4 on kerrallaan listattu yhteen t\u00e4h\u00e4n lepakkolaatikkoon, eik\u00e4 t\u00e4m\u00e4 ole poikkeus tai harvinainen tapahtuma. <\/p>\n<p>Sis\u00e4ll\u00e4 on kolme uritettua puupaneelia, jotka on helppo nostaa ulos tarkastusta ja puhdistusta varten. Etupaneeli on sama kuin 1FS-mallissa. <\/p>\n<p>&nbsp;<\/p>\n<p><strong>Pes\u00e4laatikon asennuspaikka:<\/strong><\/p>\n<p>Puiden rungoissa tai rakennuksissa<\/p>\n<p><strong>Puhdistus ja tarkastus:<\/strong><\/p>\n<p>Helppo puhdistaa ja tarkastaa irrotettavan etupaneelin ansiosta<\/p>\n<p><strong>Materiaali:<\/strong><\/p>\n<p>SCHWEGLER ilmaa l\u00e4p\u00e4isev\u00e4 ja pitk\u00e4ik\u00e4inen puubetoni<\/p>\n<p><strong>Setti sis\u00e4lt\u00e4\u00e4:<\/strong><\/p>\n<ul>\n<li>Pes\u00e4laatikko, jossa on irrotettava etupaneeli<\/li>\n<li>Sinkitty ter\u00e4skiinnike &#8211; mets\u00e4talous hyv\u00e4ksytty.<\/li>\n<li>Alumiinipiikki &#8211; mets\u00e4talouden hyv\u00e4ksym\u00e4<\/li>\n<\/ul>\n<p><strong>V\u00e4ri:<\/strong><\/p>\n<p>Musta<\/p>\n<p><strong>Pes\u00e4kotelon mitat:<\/strong><\/p>\n<p>Halkaisija 38 cm, korkeus 50 cm<\/p>\n<p><strong>Lentoreitin koko:<\/strong><\/p>\n<p>kapea rako<\/p>\n<p><strong>Kuka t\u00e4ytt\u00e4\u00e4 pes\u00e4kotelon:<\/strong><\/p>\n<p><em><em>Eri lepakkolajit<\/em><\/em><\/p>\n<p><strong>Pes\u00e4kotelon paino: <\/strong>29 kg<\/p>\n<p>&nbsp;<\/p>\n","protected":false},"excerpt":{"rendered":"<p>1FW-lepakoiden nukkumislaatikko soveltuu hyvin lepakoiden talvehtimiseen hyv\u00e4n eristyksens\u00e4 ansiosta, mutta se on my\u00f6s erinomainen nukkumislaatikko kes\u00e4kaudeksi. T\u00e4ss\u00e4 laatikossa on sama sis\u00e4inen rakenne kuin 1FS-mallissa, mutta siihen on lis\u00e4tty monikerroksinen eristetty sein\u00e4, jossa on erityisesti talvehtimista varten suunnitellut raot. Paksu puubetonisein\u00e4n verhoilu tarjoaa erinomaisen eristyksen, mutta antaa silti ilman hengitt\u00e4\u00e4 seinien l\u00e4pi. T\u00e4m\u00e4 rakenne tekee siit\u00e4 ihanteellisen talvehtimislaatikon, mutta se on my\u00f6s erinomainen pes\u00e4laatikko suurelle pes\u00e4kolonnalle&#8230;<\/p>\n","protected":false},"featured_media":25636,"template":"","meta":{"_acf_changed":false},"product_brand":[],"product_cat":[1958,1851],"product_tag":[],"class_list":{"0":"post-53398","1":"product","2":"type-product","3":"status-publish","4":"has-post-thumbnail","6":"product_cat-lepakoiden-pesakotelot","7":"product_cat-pesakotelot","8":"pa_variatsioon-lepakon-talvehtimislaatikko-1fw-tilaamalla","10":"first","11":"onbackorder","12":"sale","13":"taxable","14":"shipping-taxable","15":"purchasable","16":"product-type-simple"},"acf":[],"yoast_head":"<!-- This site is optimized with the Yoast SEO Premium plugin v27.3 (Yoast SEO v27.3) - https:\/\/yoast.com\/product\/yoast-seo-premium-wordpress\/ -->\n<title>Lepakon talvehtimislaatikko 1FW- tilauksesta! - Rodoaed<\/title>\n<meta name=\"robots\" content=\"index, follow, max-snippet:-1, max-image-preview:large, max-video-preview:-1\" \/>\n<link rel=\"canonical\" href=\"https:\/\/rodoaed.ee\/fi\/toode\/lepakon-talvehtimislaatikko-1fw-tilauksesta\/\" \/>\n<meta property=\"og:locale\" content=\"fi_FI\" \/>\n<meta property=\"og:type\" content=\"article\" \/>\n<meta property=\"og:title\" content=\"Lepakon talvehtimislaatikko 1FW- tilauksesta!\" \/>\n<meta property=\"og:description\" content=\"1FW-lepakoiden nukkumislaatikko soveltuu hyvin lepakoiden talvehtimiseen hyv\u00e4n eristyksens\u00e4 ansiosta, mutta se on my\u00f6s erinomainen nukkumislaatikko\" \/>\n<meta property=\"og:url\" content=\"https:\/\/rodoaed.ee\/fi\/toode\/lepakon-talvehtimislaatikko-1fw-tilauksesta\/\" \/>\n<meta property=\"og:site_name\" content=\"Rodoaed\" \/>\n<meta property=\"article:publisher\" content=\"https:\/\/www.facebook.com\/kasvuhooned\/\" \/>\n<meta property=\"article:modified_time\" content=\"2026-04-13T08:05:12+00:00\" \/>\n<meta property=\"og:image\" content=\"https:\/\/rodoaed.ee\/wp-content\/uploads\/2019\/08\/nahkhiirte-talvitumiskast-1FW_02.jpg\" \/>\n\t<meta property=\"og:image:width\" content=\"800\" \/>\n\t<meta property=\"og:image:height\" content=\"650\" \/>\n\t<meta property=\"og:image:type\" content=\"image\/jpeg\" \/>\n<meta name=\"twitter:card\" content=\"summary_large_image\" \/>\n<meta name=\"twitter:label1\" content=\"Arvioitu lukuaika\" \/>\n\t<meta name=\"twitter:data1\" content=\"1 minuutti\" \/>\n<script type=\"application\/ld+json\" class=\"yoast-schema-graph\">{\"@context\":\"https:\\\/\\\/schema.org\",\"@graph\":[{\"@type\":\"WebPage\",\"@id\":\"https:\\\/\\\/rodoaed.ee\\\/fi\\\/toode\\\/lepakon-talvehtimislaatikko-1fw-tilauksesta\\\/\",\"url\":\"https:\\\/\\\/rodoaed.ee\\\/fi\\\/toode\\\/lepakon-talvehtimislaatikko-1fw-tilauksesta\\\/\",\"name\":\"Lepakon talvehtimislaatikko 1FW- tilauksesta! - Rodoaed\",\"isPartOf\":{\"@id\":\"https:\\\/\\\/rodoaed.ee\\\/#website\"},\"primaryImageOfPage\":{\"@id\":\"https:\\\/\\\/rodoaed.ee\\\/fi\\\/toode\\\/lepakon-talvehtimislaatikko-1fw-tilauksesta\\\/#primaryimage\"},\"image\":{\"@id\":\"https:\\\/\\\/rodoaed.ee\\\/fi\\\/toode\\\/lepakon-talvehtimislaatikko-1fw-tilauksesta\\\/#primaryimage\"},\"thumbnailUrl\":\"https:\\\/\\\/rodoaed.ee\\\/wp-content\\\/uploads\\\/2019\\\/08\\\/nahkhiirte-talvitumiskast-1FW_02.jpg\",\"datePublished\":\"2019-08-02T09:47:55+00:00\",\"dateModified\":\"2026-04-13T08:05:12+00:00\",\"breadcrumb\":{\"@id\":\"https:\\\/\\\/rodoaed.ee\\\/fi\\\/toode\\\/lepakon-talvehtimislaatikko-1fw-tilauksesta\\\/#breadcrumb\"},\"inLanguage\":\"fi\",\"potentialAction\":[{\"@type\":\"ReadAction\",\"target\":[\"https:\\\/\\\/rodoaed.ee\\\/fi\\\/toode\\\/lepakon-talvehtimislaatikko-1fw-tilauksesta\\\/\"]}]},{\"@type\":\"ImageObject\",\"inLanguage\":\"fi\",\"@id\":\"https:\\\/\\\/rodoaed.ee\\\/fi\\\/toode\\\/lepakon-talvehtimislaatikko-1fw-tilauksesta\\\/#primaryimage\",\"url\":\"https:\\\/\\\/rodoaed.ee\\\/wp-content\\\/uploads\\\/2019\\\/08\\\/nahkhiirte-talvitumiskast-1FW_02.jpg\",\"contentUrl\":\"https:\\\/\\\/rodoaed.ee\\\/wp-content\\\/uploads\\\/2019\\\/08\\\/nahkhiirte-talvitumiskast-1FW_02.jpg\",\"width\":800,\"height\":650},{\"@type\":\"BreadcrumbList\",\"@id\":\"https:\\\/\\\/rodoaed.ee\\\/fi\\\/toode\\\/lepakon-talvehtimislaatikko-1fw-tilauksesta\\\/#breadcrumb\",\"itemListElement\":[{\"@type\":\"ListItem\",\"position\":1,\"name\":\"Home\",\"item\":\"https:\\\/\\\/rodoaed.ee\\\/fi\\\/\"},{\"@type\":\"ListItem\",\"position\":2,\"name\":\"Osta osoitteessa\",\"item\":\"https:\\\/\\\/rodoaed.ee\\\/osta-osoitteessa\\\/\"},{\"@type\":\"ListItem\",\"position\":3,\"name\":\"Lepakon talvehtimislaatikko 1FW- tilauksesta!\"}]},{\"@type\":\"WebSite\",\"@id\":\"https:\\\/\\\/rodoaed.ee\\\/#website\",\"url\":\"https:\\\/\\\/rodoaed.ee\\\/\",\"name\":\"Rodoaed\",\"description\":\"\",\"publisher\":{\"@id\":\"https:\\\/\\\/rodoaed.ee\\\/#organization\"},\"potentialAction\":[{\"@type\":\"SearchAction\",\"target\":{\"@type\":\"EntryPoint\",\"urlTemplate\":\"https:\\\/\\\/rodoaed.ee\\\/?s={search_term_string}\"},\"query-input\":{\"@type\":\"PropertyValueSpecification\",\"valueRequired\":true,\"valueName\":\"search_term_string\"}}],\"inLanguage\":\"fi\"},{\"@type\":\"Organization\",\"@id\":\"https:\\\/\\\/rodoaed.ee\\\/#organization\",\"name\":\"Rodoaed\",\"url\":\"https:\\\/\\\/rodoaed.ee\\\/\",\"logo\":{\"@type\":\"ImageObject\",\"inLanguage\":\"fi\",\"@id\":\"https:\\\/\\\/rodoaed.ee\\\/#\\\/schema\\\/logo\\\/image\\\/\",\"url\":\"https:\\\/\\\/rodoaed.ee\\\/wp-content\\\/uploads\\\/2019\\\/11\\\/rodoaed-logo-ilma-taustata.jpg\",\"contentUrl\":\"https:\\\/\\\/rodoaed.ee\\\/wp-content\\\/uploads\\\/2019\\\/11\\\/rodoaed-logo-ilma-taustata.jpg\",\"width\":769,\"height\":268,\"caption\":\"Rodoaed\"},\"image\":{\"@id\":\"https:\\\/\\\/rodoaed.ee\\\/#\\\/schema\\\/logo\\\/image\\\/\"},\"sameAs\":[\"https:\\\/\\\/www.facebook.com\\\/kasvuhooned\\\/\",\"https:\\\/\\\/rodoaed.ee\"]}]}<\/script>\n<!-- \/ Yoast SEO Premium plugin. -->","yoast_head_json":{"title":"Lepakon talvehtimislaatikko 1FW- tilauksesta! - Rodoaed","robots":{"index":"index","follow":"follow","max-snippet":"max-snippet:-1","max-image-preview":"max-image-preview:large","max-video-preview":"max-video-preview:-1"},"canonical":"https:\/\/rodoaed.ee\/fi\/toode\/lepakon-talvehtimislaatikko-1fw-tilauksesta\/","og_locale":"fi_FI","og_type":"article","og_title":"Lepakon talvehtimislaatikko 1FW- tilauksesta!","og_description":"1FW-lepakoiden nukkumislaatikko soveltuu hyvin lepakoiden talvehtimiseen hyv\u00e4n eristyksens\u00e4 ansiosta, mutta se on my\u00f6s erinomainen nukkumislaatikko","og_url":"https:\/\/rodoaed.ee\/fi\/toode\/lepakon-talvehtimislaatikko-1fw-tilauksesta\/","og_site_name":"Rodoaed","article_publisher":"https:\/\/www.facebook.com\/kasvuhooned\/","article_modified_time":"2026-04-13T08:05:12+00:00","og_image":[{"width":800,"height":650,"url":"https:\/\/rodoaed.ee\/wp-content\/uploads\/2019\/08\/nahkhiirte-talvitumiskast-1FW_02.jpg","type":"image\/jpeg"}],"twitter_card":"summary_large_image","twitter_misc":{"Arvioitu lukuaika":"1 minuutti"},"schema":{"@context":"https:\/\/schema.org","@graph":[{"@type":"WebPage","@id":"https:\/\/rodoaed.ee\/fi\/toode\/lepakon-talvehtimislaatikko-1fw-tilauksesta\/","url":"https:\/\/rodoaed.ee\/fi\/toode\/lepakon-talvehtimislaatikko-1fw-tilauksesta\/","name":"Lepakon talvehtimislaatikko 1FW- tilauksesta! - Rodoaed","isPartOf":{"@id":"https:\/\/rodoaed.ee\/#website"},"primaryImageOfPage":{"@id":"https:\/\/rodoaed.ee\/fi\/toode\/lepakon-talvehtimislaatikko-1fw-tilauksesta\/#primaryimage"},"image":{"@id":"https:\/\/rodoaed.ee\/fi\/toode\/lepakon-talvehtimislaatikko-1fw-tilauksesta\/#primaryimage"},"thumbnailUrl":"https:\/\/rodoaed.ee\/wp-content\/uploads\/2019\/08\/nahkhiirte-talvitumiskast-1FW_02.jpg","datePublished":"2019-08-02T09:47:55+00:00","dateModified":"2026-04-13T08:05:12+00:00","breadcrumb":{"@id":"https:\/\/rodoaed.ee\/fi\/toode\/lepakon-talvehtimislaatikko-1fw-tilauksesta\/#breadcrumb"},"inLanguage":"fi","potentialAction":[{"@type":"ReadAction","target":["https:\/\/rodoaed.ee\/fi\/toode\/lepakon-talvehtimislaatikko-1fw-tilauksesta\/"]}]},{"@type":"ImageObject","inLanguage":"fi","@id":"https:\/\/rodoaed.ee\/fi\/toode\/lepakon-talvehtimislaatikko-1fw-tilauksesta\/#primaryimage","url":"https:\/\/rodoaed.ee\/wp-content\/uploads\/2019\/08\/nahkhiirte-talvitumiskast-1FW_02.jpg","contentUrl":"https:\/\/rodoaed.ee\/wp-content\/uploads\/2019\/08\/nahkhiirte-talvitumiskast-1FW_02.jpg","width":800,"height":650},{"@type":"BreadcrumbList","@id":"https:\/\/rodoaed.ee\/fi\/toode\/lepakon-talvehtimislaatikko-1fw-tilauksesta\/#breadcrumb","itemListElement":[{"@type":"ListItem","position":1,"name":"Home","item":"https:\/\/rodoaed.ee\/fi\/"},{"@type":"ListItem","position":2,"name":"Osta osoitteessa","item":"https:\/\/rodoaed.ee\/osta-osoitteessa\/"},{"@type":"ListItem","position":3,"name":"Lepakon talvehtimislaatikko 1FW- tilauksesta!"}]},{"@type":"WebSite","@id":"https:\/\/rodoaed.ee\/#website","url":"https:\/\/rodoaed.ee\/","name":"Rodoaed","description":"","publisher":{"@id":"https:\/\/rodoaed.ee\/#organization"},"potentialAction":[{"@type":"SearchAction","target":{"@type":"EntryPoint","urlTemplate":"https:\/\/rodoaed.ee\/?s={search_term_string}"},"query-input":{"@type":"PropertyValueSpecification","valueRequired":true,"valueName":"search_term_string"}}],"inLanguage":"fi"},{"@type":"Organization","@id":"https:\/\/rodoaed.ee\/#organization","name":"Rodoaed","url":"https:\/\/rodoaed.ee\/","logo":{"@type":"ImageObject","inLanguage":"fi","@id":"https:\/\/rodoaed.ee\/#\/schema\/logo\/image\/","url":"https:\/\/rodoaed.ee\/wp-content\/uploads\/2019\/11\/rodoaed-logo-ilma-taustata.jpg","contentUrl":"https:\/\/rodoaed.ee\/wp-content\/uploads\/2019\/11\/rodoaed-logo-ilma-taustata.jpg","width":769,"height":268,"caption":"Rodoaed"},"image":{"@id":"https:\/\/rodoaed.ee\/#\/schema\/logo\/image\/"},"sameAs":["https:\/\/www.facebook.com\/kasvuhooned\/","https:\/\/rodoaed.ee"]}]}},"_links":{"self":[{"href":"https:\/\/rodoaed.ee\/fi\/wp-json\/wp\/v2\/product\/53398","targetHints":{"allow":["GET"]}}],"collection":[{"href":"https:\/\/rodoaed.ee\/fi\/wp-json\/wp\/v2\/product"}],"about":[{"href":"https:\/\/rodoaed.ee\/fi\/wp-json\/wp\/v2\/types\/product"}],"wp:featuredmedia":[{"embeddable":true,"href":"https:\/\/rodoaed.ee\/fi\/wp-json\/wp\/v2\/media\/25636"}],"wp:attachment":[{"href":"https:\/\/rodoaed.ee\/fi\/wp-json\/wp\/v2\/media?parent=53398"}],"wp:term":[{"taxonomy":"product_brand","embeddable":true,"href":"https:\/\/rodoaed.ee\/fi\/wp-json\/wp\/v2\/product_brand?post=53398"},{"taxonomy":"product_cat","embeddable":true,"href":"https:\/\/rodoaed.ee\/fi\/wp-json\/wp\/v2\/product_cat?post=53398"},{"taxonomy":"product_tag","embeddable":true,"href":"https:\/\/rodoaed.ee\/fi\/wp-json\/wp\/v2\/product_tag?post=53398"}],"curies":[{"name":"wp","href":"https:\/\/api.w.org\/{rel}","templated":true}]}}