{"id":53399,"date":"2019-08-02T12:47:55","date_gmt":"2019-08-02T09:47:55","guid":{"rendered":"https:\/\/rodoaed.ee\/toode\/siili-lammitetylla-pohjalla\/"},"modified":"2026-04-13T11:05:12","modified_gmt":"2026-04-13T08:05:12","slug":"siili-lammitetylla-pohjalla","status":"publish","type":"product","link":"https:\/\/rodoaed.ee\/fi\/tuote\/siili-lammitetylla-pohjalla\/","title":{"rendered":"Siili &#8211; l\u00e4mmitetyll\u00e4 pohjalla"},"content":{"rendered":"<h2>Siilitalo &#8211; eristetty pohja koko siiliperheelle. Sopii sek\u00e4 kes\u00e4kasvatukseen ett\u00e4 talvilepoon. <\/h2>\n<p>Siilin kolot &#8211; l\u00e4mmitetyll\u00e4 pohjalla varustetut kolot ovat suureksi avuksi siileille. Siilit ovat monissa maissa suojeltuja el\u00e4imi\u00e4, ja Virossa niit\u00e4 on en\u00e4\u00e4 v\u00e4h\u00e4n. <\/p>\n<p>Siilit rakentavat pes\u00e4ns\u00e4 yleens\u00e4 onttoihin puunrunkoihin, p\u00e4\u00e4ryn\u00f6ihin, tiheisiin pensaisiin ja lehv\u00e4st\u00f6ihin &#8211; paikkoihin, joita on nyky\u00e4\u00e4n yh\u00e4 vaikeampi l\u00f6yt\u00e4\u00e4.<\/p>\n<p>Siilit valtaavat nopeasti siilitalon ja rakentavat sinne pes\u00e4n. Siilim\u00f6kki soveltuu erinomaisesti ymp\u00e4rivuotiseen k\u00e4ytt\u00f6\u00f6n, sek\u00e4 kes\u00e4asumiseen ja pesimiseen ett\u00e4 talvehtimiseen, sill\u00e4 siin\u00e4 on paksu sein\u00e4 ja eristetty lattia. Siilit ovat tervetulleita vieraita puutarhoissa, sill\u00e4 niiden ruokavalioon kuuluu muun muassa etanoita, rotuja ja tuhatjalkaisia.  <\/p>\n<h4>Siilon sijoituspaikka:<\/h4>\n<p>Valitse tuulelta ja sateelta suojattu paikka.<\/p>\n<h4>Pesumateriaali:<\/h4>\n<p>K\u00e4yt\u00e4 pes\u00e4n t\u00e4ytteen\u00e4 mieluiten mukana toimitettua hein\u00e4\u00e4, mutta voit k\u00e4ytt\u00e4\u00e4 my\u00f6s lehti\u00e4 ja olkia sek\u00e4 silputtua sanomalehte\u00e4 ja lastuja.<\/p>\n<h4><strong>Materiaali:<\/strong><\/h4>\n<p>SCHWEGLER ilmaa l\u00e4p\u00e4isev\u00e4 ja pitk\u00e4ik\u00e4inen puubetoni<\/p>\n<h4><strong>Setti sis\u00e4lt\u00e4\u00e4:<\/strong><\/h4>\n<ul>\n<li>Siilin pes\u00e4laatikon kupu<\/li>\n<li>Eristetty pohja<\/li>\n<li>Pes\u00e4materiaali<\/li>\n<li>K\u00e4ytt\u00e4j\u00e4n k\u00e4sikirja<\/li>\n<\/ul>\n<h4><strong>Sis\u00e4\u00e4nk\u00e4yntiaukon koko:<\/strong><\/h4>\n<p>&#8211; 11x 12 cm<\/p>\n<p><strong>V\u00e4ri:<\/strong><\/p>\n<p><em>Klassinen ruskea<\/em><\/p>\n<p><strong>Mitat:<\/strong><\/p>\n<p>Sis\u00e4tilat: n. \u00d8 44 cm <\/p>\n<p>Ulkohalkaisija: n. \u00d8 48 cm <\/p>\n<p>Korkeus: 28 cm<\/p>\n<p><strong>Sikalan paino: <\/strong>17 kg<\/p>\n<p>&nbsp;<\/p>\n","protected":false},"excerpt":{"rendered":"<p>Siilitalo &#8211; eristetty pohja koko siiliperheelle. Sopii sek\u00e4 kes\u00e4kasvatukseen ett\u00e4 talvilepoon. Siilin kolot &#8211; l\u00e4mmitetyll\u00e4 pohjalla varustetut kolot ovat suureksi avuksi siileille. Siilit ovat monissa maissa suojeltuja el\u00e4imi\u00e4, ja Virossa niit\u00e4 on en\u00e4\u00e4 v\u00e4h\u00e4n. Siilit rakentavat pes\u00e4ns\u00e4 yleens\u00e4 onttoihin puunrunkoihin, p\u00e4\u00e4ryn\u00f6ihin, tiheisiin pensaisiin ja lehv\u00e4st\u00f6ihin &#8211; paikkoihin, joita on nyky\u00e4\u00e4n yh\u00e4 vaikeampi l\u00f6yt\u00e4\u00e4. Siilit valtaavat nopeasti siilitalon ja rakentavat sinne pes\u00e4n. Siilim\u00f6kki soveltuu erinomaisesti ymp\u00e4rivuotiseen&#8230;<\/p>\n","protected":false},"featured_media":25615,"template":"","meta":{"_acf_changed":false},"product_brand":[],"product_cat":[1851,1933],"product_tag":[],"class_list":{"0":"post-53399","1":"product","2":"type-product","3":"status-publish","4":"has-post-thumbnail","6":"product_cat-pesakotelot","7":"product_cat-siili-house","8":"pa_variatsioon-silicon-earth-eristetylla-pohjalla-tilauksesta","10":"first","11":"outofstock","12":"taxable","13":"shipping-taxable","14":"purchasable","15":"product-type-simple"},"acf":[],"yoast_head":"<!-- This site is optimized with the Yoast SEO Premium plugin v27.3 (Yoast SEO v27.3) - https:\/\/yoast.com\/product\/yoast-seo-premium-wordpress\/ -->\n<title>Siili - l\u00e4mmitetyll\u00e4 pohjalla% % -% Rodoaed% Siilien talot ja siilien ruoka<\/title>\n<meta name=\"description\" content=\"Siilitalo - eristetty pohja koko siiliperheelle. Sopii sek\u00e4 kes\u00e4kasvatukseen ett\u00e4 talvilepoon. Siilitalo - eristetyll\u00e4 pohjalla.\" \/>\n<meta name=\"robots\" content=\"index, follow, max-snippet:-1, max-image-preview:large, max-video-preview:-1\" \/>\n<link rel=\"canonical\" href=\"https:\/\/rodoaed.ee\/fi\/toode\/siili-lammitetylla-pohjalla\/\" \/>\n<meta property=\"og:locale\" content=\"fi_FI\" \/>\n<meta property=\"og:type\" content=\"article\" \/>\n<meta property=\"og:title\" content=\"Siili - l\u00e4mmitetyll\u00e4 pohjalla\" \/>\n<meta property=\"og:description\" content=\"Siilitalo - eristetty pohja koko siiliperheelle. Sopii sek\u00e4 kes\u00e4kasvatukseen ett\u00e4 talvilepoon. Siilin kolot - l\u00e4mmitetyll\u00e4 pohjalla varustetut kolot ovat\" \/>\n<meta property=\"og:url\" content=\"https:\/\/rodoaed.ee\/fi\/toode\/siili-lammitetylla-pohjalla\/\" \/>\n<meta property=\"og:site_name\" content=\"Rodoaed\" \/>\n<meta property=\"article:publisher\" content=\"https:\/\/www.facebook.com\/kasvuhooned\/\" \/>\n<meta property=\"article:modified_time\" content=\"2026-04-13T08:05:12+00:00\" \/>\n<meta property=\"og:image\" content=\"https:\/\/rodoaed.ee\/wp-content\/uploads\/2019\/08\/siilimaja_390_01.jpg\" \/>\n\t<meta property=\"og:image:width\" content=\"800\" \/>\n\t<meta property=\"og:image:height\" content=\"672\" \/>\n\t<meta property=\"og:image:type\" content=\"image\/jpeg\" \/>\n<meta name=\"twitter:card\" content=\"summary_large_image\" \/>\n<meta name=\"twitter:label1\" content=\"Arvioitu lukuaika\" \/>\n\t<meta name=\"twitter:data1\" content=\"1 minuutti\" \/>\n<script type=\"application\/ld+json\" class=\"yoast-schema-graph\">{\"@context\":\"https:\\\/\\\/schema.org\",\"@graph\":[{\"@type\":\"WebPage\",\"@id\":\"https:\\\/\\\/rodoaed.ee\\\/fi\\\/toode\\\/siili-lammitetylla-pohjalla\\\/\",\"url\":\"https:\\\/\\\/rodoaed.ee\\\/fi\\\/toode\\\/siili-lammitetylla-pohjalla\\\/\",\"name\":\"Siili - l\u00e4mmitetyll\u00e4 pohjalla% % -% Rodoaed% Siilien talot ja siilien ruoka\",\"isPartOf\":{\"@id\":\"https:\\\/\\\/rodoaed.ee\\\/#website\"},\"primaryImageOfPage\":{\"@id\":\"https:\\\/\\\/rodoaed.ee\\\/fi\\\/toode\\\/siili-lammitetylla-pohjalla\\\/#primaryimage\"},\"image\":{\"@id\":\"https:\\\/\\\/rodoaed.ee\\\/fi\\\/toode\\\/siili-lammitetylla-pohjalla\\\/#primaryimage\"},\"thumbnailUrl\":\"https:\\\/\\\/rodoaed.ee\\\/wp-content\\\/uploads\\\/2019\\\/08\\\/siilimaja_390_01.jpg\",\"datePublished\":\"2019-08-02T09:47:55+00:00\",\"dateModified\":\"2026-04-13T08:05:12+00:00\",\"description\":\"Siilitalo - eristetty pohja koko siiliperheelle. Sopii sek\u00e4 kes\u00e4kasvatukseen ett\u00e4 talvilepoon. Siilitalo - eristetyll\u00e4 pohjalla.\",\"breadcrumb\":{\"@id\":\"https:\\\/\\\/rodoaed.ee\\\/fi\\\/toode\\\/siili-lammitetylla-pohjalla\\\/#breadcrumb\"},\"inLanguage\":\"fi\",\"potentialAction\":[{\"@type\":\"ReadAction\",\"target\":[\"https:\\\/\\\/rodoaed.ee\\\/fi\\\/toode\\\/siili-lammitetylla-pohjalla\\\/\"]}]},{\"@type\":\"ImageObject\",\"inLanguage\":\"fi\",\"@id\":\"https:\\\/\\\/rodoaed.ee\\\/fi\\\/toode\\\/siili-lammitetylla-pohjalla\\\/#primaryimage\",\"url\":\"https:\\\/\\\/rodoaed.ee\\\/wp-content\\\/uploads\\\/2019\\\/08\\\/siilimaja_390_01.jpg\",\"contentUrl\":\"https:\\\/\\\/rodoaed.ee\\\/wp-content\\\/uploads\\\/2019\\\/08\\\/siilimaja_390_01.jpg\",\"width\":800,\"height\":672,\"caption\":\"Siili - l\u00e4mmitetyll\u00e4 pohjalla\"},{\"@type\":\"BreadcrumbList\",\"@id\":\"https:\\\/\\\/rodoaed.ee\\\/fi\\\/toode\\\/siili-lammitetylla-pohjalla\\\/#breadcrumb\",\"itemListElement\":[{\"@type\":\"ListItem\",\"position\":1,\"name\":\"Home\",\"item\":\"https:\\\/\\\/rodoaed.ee\\\/fi\\\/\"},{\"@type\":\"ListItem\",\"position\":2,\"name\":\"Osta osoitteessa\",\"item\":\"https:\\\/\\\/rodoaed.ee\\\/osta-osoitteessa\\\/\"},{\"@type\":\"ListItem\",\"position\":3,\"name\":\"Siili &#8211; l\u00e4mmitetyll\u00e4 pohjalla\"}]},{\"@type\":\"WebSite\",\"@id\":\"https:\\\/\\\/rodoaed.ee\\\/#website\",\"url\":\"https:\\\/\\\/rodoaed.ee\\\/\",\"name\":\"Rodoaed\",\"description\":\"\",\"publisher\":{\"@id\":\"https:\\\/\\\/rodoaed.ee\\\/#organization\"},\"potentialAction\":[{\"@type\":\"SearchAction\",\"target\":{\"@type\":\"EntryPoint\",\"urlTemplate\":\"https:\\\/\\\/rodoaed.ee\\\/?s={search_term_string}\"},\"query-input\":{\"@type\":\"PropertyValueSpecification\",\"valueRequired\":true,\"valueName\":\"search_term_string\"}}],\"inLanguage\":\"fi\"},{\"@type\":\"Organization\",\"@id\":\"https:\\\/\\\/rodoaed.ee\\\/#organization\",\"name\":\"Rodoaed\",\"url\":\"https:\\\/\\\/rodoaed.ee\\\/\",\"logo\":{\"@type\":\"ImageObject\",\"inLanguage\":\"fi\",\"@id\":\"https:\\\/\\\/rodoaed.ee\\\/#\\\/schema\\\/logo\\\/image\\\/\",\"url\":\"https:\\\/\\\/rodoaed.ee\\\/wp-content\\\/uploads\\\/2019\\\/11\\\/rodoaed-logo-ilma-taustata.jpg\",\"contentUrl\":\"https:\\\/\\\/rodoaed.ee\\\/wp-content\\\/uploads\\\/2019\\\/11\\\/rodoaed-logo-ilma-taustata.jpg\",\"width\":769,\"height\":268,\"caption\":\"Rodoaed\"},\"image\":{\"@id\":\"https:\\\/\\\/rodoaed.ee\\\/#\\\/schema\\\/logo\\\/image\\\/\"},\"sameAs\":[\"https:\\\/\\\/www.facebook.com\\\/kasvuhooned\\\/\",\"https:\\\/\\\/rodoaed.ee\"]}]}<\/script>\n<!-- \/ Yoast SEO Premium plugin. -->","yoast_head_json":{"title":"Siili - l\u00e4mmitetyll\u00e4 pohjalla% % -% Rodoaed% Siilien talot ja siilien ruoka","description":"Siilitalo - eristetty pohja koko siiliperheelle. Sopii sek\u00e4 kes\u00e4kasvatukseen ett\u00e4 talvilepoon. Siilitalo - eristetyll\u00e4 pohjalla.","robots":{"index":"index","follow":"follow","max-snippet":"max-snippet:-1","max-image-preview":"max-image-preview:large","max-video-preview":"max-video-preview:-1"},"canonical":"https:\/\/rodoaed.ee\/fi\/toode\/siili-lammitetylla-pohjalla\/","og_locale":"fi_FI","og_type":"article","og_title":"Siili - l\u00e4mmitetyll\u00e4 pohjalla","og_description":"Siilitalo - eristetty pohja koko siiliperheelle. Sopii sek\u00e4 kes\u00e4kasvatukseen ett\u00e4 talvilepoon. Siilin kolot - l\u00e4mmitetyll\u00e4 pohjalla varustetut kolot ovat","og_url":"https:\/\/rodoaed.ee\/fi\/toode\/siili-lammitetylla-pohjalla\/","og_site_name":"Rodoaed","article_publisher":"https:\/\/www.facebook.com\/kasvuhooned\/","article_modified_time":"2026-04-13T08:05:12+00:00","og_image":[{"width":800,"height":672,"url":"https:\/\/rodoaed.ee\/wp-content\/uploads\/2019\/08\/siilimaja_390_01.jpg","type":"image\/jpeg"}],"twitter_card":"summary_large_image","twitter_misc":{"Arvioitu lukuaika":"1 minuutti"},"schema":{"@context":"https:\/\/schema.org","@graph":[{"@type":"WebPage","@id":"https:\/\/rodoaed.ee\/fi\/toode\/siili-lammitetylla-pohjalla\/","url":"https:\/\/rodoaed.ee\/fi\/toode\/siili-lammitetylla-pohjalla\/","name":"Siili - l\u00e4mmitetyll\u00e4 pohjalla% % -% Rodoaed% Siilien talot ja siilien ruoka","isPartOf":{"@id":"https:\/\/rodoaed.ee\/#website"},"primaryImageOfPage":{"@id":"https:\/\/rodoaed.ee\/fi\/toode\/siili-lammitetylla-pohjalla\/#primaryimage"},"image":{"@id":"https:\/\/rodoaed.ee\/fi\/toode\/siili-lammitetylla-pohjalla\/#primaryimage"},"thumbnailUrl":"https:\/\/rodoaed.ee\/wp-content\/uploads\/2019\/08\/siilimaja_390_01.jpg","datePublished":"2019-08-02T09:47:55+00:00","dateModified":"2026-04-13T08:05:12+00:00","description":"Siilitalo - eristetty pohja koko siiliperheelle. Sopii sek\u00e4 kes\u00e4kasvatukseen ett\u00e4 talvilepoon. Siilitalo - eristetyll\u00e4 pohjalla.","breadcrumb":{"@id":"https:\/\/rodoaed.ee\/fi\/toode\/siili-lammitetylla-pohjalla\/#breadcrumb"},"inLanguage":"fi","potentialAction":[{"@type":"ReadAction","target":["https:\/\/rodoaed.ee\/fi\/toode\/siili-lammitetylla-pohjalla\/"]}]},{"@type":"ImageObject","inLanguage":"fi","@id":"https:\/\/rodoaed.ee\/fi\/toode\/siili-lammitetylla-pohjalla\/#primaryimage","url":"https:\/\/rodoaed.ee\/wp-content\/uploads\/2019\/08\/siilimaja_390_01.jpg","contentUrl":"https:\/\/rodoaed.ee\/wp-content\/uploads\/2019\/08\/siilimaja_390_01.jpg","width":800,"height":672,"caption":"Siili - l\u00e4mmitetyll\u00e4 pohjalla"},{"@type":"BreadcrumbList","@id":"https:\/\/rodoaed.ee\/fi\/toode\/siili-lammitetylla-pohjalla\/#breadcrumb","itemListElement":[{"@type":"ListItem","position":1,"name":"Home","item":"https:\/\/rodoaed.ee\/fi\/"},{"@type":"ListItem","position":2,"name":"Osta osoitteessa","item":"https:\/\/rodoaed.ee\/osta-osoitteessa\/"},{"@type":"ListItem","position":3,"name":"Siili &#8211; l\u00e4mmitetyll\u00e4 pohjalla"}]},{"@type":"WebSite","@id":"https:\/\/rodoaed.ee\/#website","url":"https:\/\/rodoaed.ee\/","name":"Rodoaed","description":"","publisher":{"@id":"https:\/\/rodoaed.ee\/#organization"},"potentialAction":[{"@type":"SearchAction","target":{"@type":"EntryPoint","urlTemplate":"https:\/\/rodoaed.ee\/?s={search_term_string}"},"query-input":{"@type":"PropertyValueSpecification","valueRequired":true,"valueName":"search_term_string"}}],"inLanguage":"fi"},{"@type":"Organization","@id":"https:\/\/rodoaed.ee\/#organization","name":"Rodoaed","url":"https:\/\/rodoaed.ee\/","logo":{"@type":"ImageObject","inLanguage":"fi","@id":"https:\/\/rodoaed.ee\/#\/schema\/logo\/image\/","url":"https:\/\/rodoaed.ee\/wp-content\/uploads\/2019\/11\/rodoaed-logo-ilma-taustata.jpg","contentUrl":"https:\/\/rodoaed.ee\/wp-content\/uploads\/2019\/11\/rodoaed-logo-ilma-taustata.jpg","width":769,"height":268,"caption":"Rodoaed"},"image":{"@id":"https:\/\/rodoaed.ee\/#\/schema\/logo\/image\/"},"sameAs":["https:\/\/www.facebook.com\/kasvuhooned\/","https:\/\/rodoaed.ee"]}]}},"_links":{"self":[{"href":"https:\/\/rodoaed.ee\/fi\/wp-json\/wp\/v2\/product\/53399","targetHints":{"allow":["GET"]}}],"collection":[{"href":"https:\/\/rodoaed.ee\/fi\/wp-json\/wp\/v2\/product"}],"about":[{"href":"https:\/\/rodoaed.ee\/fi\/wp-json\/wp\/v2\/types\/product"}],"wp:featuredmedia":[{"embeddable":true,"href":"https:\/\/rodoaed.ee\/fi\/wp-json\/wp\/v2\/media\/25615"}],"wp:attachment":[{"href":"https:\/\/rodoaed.ee\/fi\/wp-json\/wp\/v2\/media?parent=53399"}],"wp:term":[{"taxonomy":"product_brand","embeddable":true,"href":"https:\/\/rodoaed.ee\/fi\/wp-json\/wp\/v2\/product_brand?post=53399"},{"taxonomy":"product_cat","embeddable":true,"href":"https:\/\/rodoaed.ee\/fi\/wp-json\/wp\/v2\/product_cat?post=53399"},{"taxonomy":"product_tag","embeddable":true,"href":"https:\/\/rodoaed.ee\/fi\/wp-json\/wp\/v2\/product_tag?post=53399"}],"curies":[{"name":"wp","href":"https:\/\/api.w.org\/{rel}","templated":true}]}}