{"id":53400,"date":"2019-08-02T12:47:55","date_gmt":"2019-08-02T09:47:55","guid":{"rendered":"https:\/\/rodoaed.ee\/toode\/pesalaatikko-1mr-aviary-punainen\/"},"modified":"2026-04-13T11:05:13","modified_gmt":"2026-04-13T08:05:13","slug":"pesalaatikko-1mr-aviary-punainen","status":"publish","type":"product","link":"https:\/\/rodoaed.ee\/fi\/tuote\/pesalaatikko-1mr-aviary-punainen\/","title":{"rendered":"Pes\u00e4laatikko 1MR &#8211; Aviary, punainen"},"content":{"rendered":"<h2>Visuaalisesti houkutteleva ja huomiota her\u00e4tt\u00e4v\u00e4 linnunp\u00f6ntt\u00f6 kunkin rakennuksen julkisivulle, parvekkeelle ja verannalle. Kaikkialla, miss\u00e4 koko perhe voi nauttia lintujen tarkkailusta ja antaa lapsille mahdollisuuden tutustua niihin paremmin. <\/h2>\n<p>T\u00e4m\u00e4 yhteisty\u00f6ss\u00e4 johtavien ornitologien ja luonnontieteilij\u00f6iden kanssa kehitetty uuden sukupolven lintujen pes\u00e4laatikko sopii erinomaisesti asunnon ulkoseinille asennettavaksi. T\u00e4m\u00e4 pes\u00e4laatikko, joka on muotoilultaan varsin hienostunut mutta ulkoasultaan silti hyvin houkutteleva, houkuttelee nopeasti erilaisia lajeja, mutta ei pelk\u00e4st\u00e4\u00e4n lintuja. Pes\u00e4laatikon ainutlaatuinen ulkomuoto sopii hyvin mink\u00e4 tahansa rakennuksen julkisivuun ja on todellinen katseenvangitsija. Se osoittaa, ett\u00e4 villiel\u00e4imet voidaan tuoda yhteen jopa nopeatempoisessa kaupunkiel\u00e4m\u00e4ss\u00e4mme.   <\/p>\n<p>&nbsp;<\/p>\n<p><strong>Pes\u00e4laatikon asennuspaikka:<\/strong><\/p>\n<p>Asenna se puutarhaan tai talon sein\u00e4\u00e4n noin 2 metrin korkeudelle maanpinnasta. T\u00e4m\u00e4 korkeus on miellytt\u00e4v\u00e4 silmien korkeudella ja mahdollistaa helpon p\u00e4\u00e4syn pes\u00e4\u00e4n tarkastelua tai puhdistusta varten. Se sopii hyvin my\u00f6s terasseille, kuisteille ja parvekkeille &#8211; kaikkialle, miss\u00e4 on mukava katsella ulos ja tarkkailla lintuja.  <\/p>\n<p>Pes\u00e4laatikko voidaan kiinnitt\u00e4\u00e4 helposti ja turvallisesti vain yhdell\u00e4 keskeisell\u00e4 koukulla. Kiinnitin sis\u00e4ltyy toimitukseen. <\/p>\n<p><strong>Puhdistus ja tarkastus:<\/strong><\/p>\n<p>Helppo puhdistaa ja tarkastaa irrotettavan etupaneelin ansiosta<\/p>\n<p><strong>Materiaali:<\/strong><\/p>\n<p>SCHWEGLER ilmaa l\u00e4p\u00e4isev\u00e4 ja pitk\u00e4ik\u00e4inen puubetoni<\/p>\n<p><strong>Setti sis\u00e4lt\u00e4\u00e4:<\/strong><\/p>\n<ul>\n<li>Pes\u00e4laatikko, jossa on irrotettava etupaneeli<\/li>\n<li>Keskikiinnityskoukku, jossa on tappi<\/li>\n<\/ul>\n<p>&nbsp;<\/p>\n<p><strong>Lentoreitin koko:<\/strong><\/p>\n<p>&#8211; \u00d8 32 mm<\/p>\n<p><strong>Kuka t\u00e4ytt\u00e4\u00e4 pes\u00e4kotelon:<\/strong><\/p>\n<p><em>Valkoposkihanhi, sinihanhi, lapintiira, mustahanhi, tummahanhi, lehtokurppa, mets\u00e4viklo, mustapyrst\u00f6tiainen ja kaulushaikara, punarinta-, telkk\u00e4- ja talokilpikonna sek\u00e4 muut.<\/em><\/p>\n<p><strong>V\u00e4ri:<\/strong><\/p>\n<p>Pes\u00e4laatikon runko punainen<\/p>\n<p>Etupaneeli vaaleanharmaa<\/p>\n<p>Mitat:<\/p>\n<p>Korkeus: 25 cm x leveys: 18 cm x syvyys: 23 cm.<\/p>\n<p><strong>Pes\u00e4kotelon paino: <\/strong>5,2 kg<\/p>\n<p>&nbsp;<\/p>\n<p>&nbsp;<\/p>\n<p>&nbsp;<\/p>\n","protected":false},"excerpt":{"rendered":"<p>Visuaalisesti houkutteleva ja huomiota her\u00e4tt\u00e4v\u00e4 linnunp\u00f6ntt\u00f6 kunkin rakennuksen julkisivulle, parvekkeelle ja verannalle. Kaikkialla, miss\u00e4 koko perhe voi nauttia lintujen tarkkailusta ja antaa lapsille mahdollisuuden tutustua niihin paremmin. T\u00e4m\u00e4 yhteisty\u00f6ss\u00e4 johtavien ornitologien ja luonnontieteilij\u00f6iden kanssa kehitetty uuden sukupolven lintujen pes\u00e4laatikko sopii erinomaisesti asunnon ulkoseinille asennettavaksi. T\u00e4m\u00e4 pes\u00e4laatikko, joka on muotoilultaan varsin hienostunut mutta ulkoasultaan silti hyvin houkutteleva, houkuttelee nopeasti erilaisia lajeja, mutta ei pelk\u00e4st\u00e4\u00e4n lintuja. Pes\u00e4laatikon&#8230;<\/p>\n","protected":false},"featured_media":18505,"template":"","meta":{"_acf_changed":false},"product_brand":[],"product_cat":[1929,1935,1743,1851],"product_tag":[],"class_list":{"0":"post-53400","1":"product","2":"type-product","3":"status-publish","4":"has-post-thumbnail","6":"product_cat-aviary-1mr-lahja-puutarhan-ystavalle","7":"product_cat-harrastepuutarhan-pesalaatikot","8":"product_cat-lisalahjat-lahjat","9":"product_cat-pesakotelot","10":"product_shipping_class-toimitus-1-3-tyopaivan-kuluessa","11":"pa_variatsioon-pesalaatikko-1mr-aviary-punainen-tilauksesta","13":"first","14":"outofstock","15":"sale","16":"taxable","17":"shipping-taxable","18":"purchasable","19":"product-type-simple"},"acf":[],"yoast_head":"<!-- This site is optimized with the Yoast SEO Premium plugin v27.3 (Yoast SEO v27.3) - https:\/\/yoast.com\/product\/yoast-seo-premium-wordpress\/ -->\n<title>Pes\u00e4laatikko 1MR - Aviary, punainen - Rodoaed<\/title>\n<meta name=\"robots\" content=\"index, follow, max-snippet:-1, max-image-preview:large, max-video-preview:-1\" \/>\n<link rel=\"canonical\" href=\"https:\/\/rodoaed.ee\/fi\/toode\/pesalaatikko-1mr-aviary-punainen\/\" \/>\n<meta property=\"og:locale\" content=\"fi_FI\" \/>\n<meta property=\"og:type\" content=\"article\" \/>\n<meta property=\"og:title\" content=\"Pes\u00e4laatikko 1MR - Aviary, punainen\" \/>\n<meta property=\"og:description\" content=\"Visuaalisesti houkutteleva ja huomiota her\u00e4tt\u00e4v\u00e4 linnunp\u00f6ntt\u00f6 kunkin rakennuksen julkisivulle, parvekkeelle ja verannalle. Kaikkialla, miss\u00e4 koko perhe\" \/>\n<meta property=\"og:url\" content=\"https:\/\/rodoaed.ee\/fi\/toode\/pesalaatikko-1mr-aviary-punainen\/\" \/>\n<meta property=\"og:site_name\" content=\"Rodoaed\" \/>\n<meta property=\"article:publisher\" content=\"https:\/\/www.facebook.com\/kasvuhooned\/\" \/>\n<meta property=\"article:modified_time\" content=\"2026-04-13T08:05:13+00:00\" \/>\n<meta property=\"og:image\" content=\"https:\/\/rodoaed.ee\/wp-content\/uploads\/2019\/07\/Pesakast-1MR_Linnumaja_punane.jpg\" \/>\n\t<meta property=\"og:image:width\" content=\"400\" \/>\n\t<meta property=\"og:image:height\" content=\"400\" \/>\n\t<meta property=\"og:image:type\" content=\"image\/jpeg\" \/>\n<meta name=\"twitter:card\" content=\"summary_large_image\" \/>\n<meta name=\"twitter:label1\" content=\"Arvioitu lukuaika\" \/>\n\t<meta name=\"twitter:data1\" content=\"1 minuutti\" \/>\n<script type=\"application\/ld+json\" class=\"yoast-schema-graph\">{\"@context\":\"https:\\\/\\\/schema.org\",\"@graph\":[{\"@type\":\"WebPage\",\"@id\":\"https:\\\/\\\/rodoaed.ee\\\/fi\\\/toode\\\/pesalaatikko-1mr-aviary-punainen\\\/\",\"url\":\"https:\\\/\\\/rodoaed.ee\\\/fi\\\/toode\\\/pesalaatikko-1mr-aviary-punainen\\\/\",\"name\":\"Pes\u00e4laatikko 1MR - Aviary, punainen - Rodoaed\",\"isPartOf\":{\"@id\":\"https:\\\/\\\/rodoaed.ee\\\/#website\"},\"primaryImageOfPage\":{\"@id\":\"https:\\\/\\\/rodoaed.ee\\\/fi\\\/toode\\\/pesalaatikko-1mr-aviary-punainen\\\/#primaryimage\"},\"image\":{\"@id\":\"https:\\\/\\\/rodoaed.ee\\\/fi\\\/toode\\\/pesalaatikko-1mr-aviary-punainen\\\/#primaryimage\"},\"thumbnailUrl\":\"https:\\\/\\\/rodoaed.ee\\\/wp-content\\\/uploads\\\/2019\\\/07\\\/Pesakast-1MR_Linnumaja_punane.jpg\",\"datePublished\":\"2019-08-02T09:47:55+00:00\",\"dateModified\":\"2026-04-13T08:05:13+00:00\",\"breadcrumb\":{\"@id\":\"https:\\\/\\\/rodoaed.ee\\\/fi\\\/toode\\\/pesalaatikko-1mr-aviary-punainen\\\/#breadcrumb\"},\"inLanguage\":\"fi\",\"potentialAction\":[{\"@type\":\"ReadAction\",\"target\":[\"https:\\\/\\\/rodoaed.ee\\\/fi\\\/toode\\\/pesalaatikko-1mr-aviary-punainen\\\/\"]}]},{\"@type\":\"ImageObject\",\"inLanguage\":\"fi\",\"@id\":\"https:\\\/\\\/rodoaed.ee\\\/fi\\\/toode\\\/pesalaatikko-1mr-aviary-punainen\\\/#primaryimage\",\"url\":\"https:\\\/\\\/rodoaed.ee\\\/wp-content\\\/uploads\\\/2019\\\/07\\\/Pesakast-1MR_Linnumaja_punane.jpg\",\"contentUrl\":\"https:\\\/\\\/rodoaed.ee\\\/wp-content\\\/uploads\\\/2019\\\/07\\\/Pesakast-1MR_Linnumaja_punane.jpg\",\"width\":400,\"height\":400},{\"@type\":\"BreadcrumbList\",\"@id\":\"https:\\\/\\\/rodoaed.ee\\\/fi\\\/toode\\\/pesalaatikko-1mr-aviary-punainen\\\/#breadcrumb\",\"itemListElement\":[{\"@type\":\"ListItem\",\"position\":1,\"name\":\"Home\",\"item\":\"https:\\\/\\\/rodoaed.ee\\\/fi\\\/\"},{\"@type\":\"ListItem\",\"position\":2,\"name\":\"Osta osoitteessa\",\"item\":\"https:\\\/\\\/rodoaed.ee\\\/osta-osoitteessa\\\/\"},{\"@type\":\"ListItem\",\"position\":3,\"name\":\"Pes\u00e4laatikko 1MR &#8211; Aviary, punainen\"}]},{\"@type\":\"WebSite\",\"@id\":\"https:\\\/\\\/rodoaed.ee\\\/#website\",\"url\":\"https:\\\/\\\/rodoaed.ee\\\/\",\"name\":\"Rodoaed\",\"description\":\"\",\"publisher\":{\"@id\":\"https:\\\/\\\/rodoaed.ee\\\/#organization\"},\"potentialAction\":[{\"@type\":\"SearchAction\",\"target\":{\"@type\":\"EntryPoint\",\"urlTemplate\":\"https:\\\/\\\/rodoaed.ee\\\/?s={search_term_string}\"},\"query-input\":{\"@type\":\"PropertyValueSpecification\",\"valueRequired\":true,\"valueName\":\"search_term_string\"}}],\"inLanguage\":\"fi\"},{\"@type\":\"Organization\",\"@id\":\"https:\\\/\\\/rodoaed.ee\\\/#organization\",\"name\":\"Rodoaed\",\"url\":\"https:\\\/\\\/rodoaed.ee\\\/\",\"logo\":{\"@type\":\"ImageObject\",\"inLanguage\":\"fi\",\"@id\":\"https:\\\/\\\/rodoaed.ee\\\/#\\\/schema\\\/logo\\\/image\\\/\",\"url\":\"https:\\\/\\\/rodoaed.ee\\\/wp-content\\\/uploads\\\/2019\\\/11\\\/rodoaed-logo-ilma-taustata.jpg\",\"contentUrl\":\"https:\\\/\\\/rodoaed.ee\\\/wp-content\\\/uploads\\\/2019\\\/11\\\/rodoaed-logo-ilma-taustata.jpg\",\"width\":769,\"height\":268,\"caption\":\"Rodoaed\"},\"image\":{\"@id\":\"https:\\\/\\\/rodoaed.ee\\\/#\\\/schema\\\/logo\\\/image\\\/\"},\"sameAs\":[\"https:\\\/\\\/www.facebook.com\\\/kasvuhooned\\\/\",\"https:\\\/\\\/rodoaed.ee\"]}]}<\/script>\n<!-- \/ Yoast SEO Premium plugin. -->","yoast_head_json":{"title":"Pes\u00e4laatikko 1MR - Aviary, punainen - Rodoaed","robots":{"index":"index","follow":"follow","max-snippet":"max-snippet:-1","max-image-preview":"max-image-preview:large","max-video-preview":"max-video-preview:-1"},"canonical":"https:\/\/rodoaed.ee\/fi\/toode\/pesalaatikko-1mr-aviary-punainen\/","og_locale":"fi_FI","og_type":"article","og_title":"Pes\u00e4laatikko 1MR - Aviary, punainen","og_description":"Visuaalisesti houkutteleva ja huomiota her\u00e4tt\u00e4v\u00e4 linnunp\u00f6ntt\u00f6 kunkin rakennuksen julkisivulle, parvekkeelle ja verannalle. Kaikkialla, miss\u00e4 koko perhe","og_url":"https:\/\/rodoaed.ee\/fi\/toode\/pesalaatikko-1mr-aviary-punainen\/","og_site_name":"Rodoaed","article_publisher":"https:\/\/www.facebook.com\/kasvuhooned\/","article_modified_time":"2026-04-13T08:05:13+00:00","og_image":[{"width":400,"height":400,"url":"https:\/\/rodoaed.ee\/wp-content\/uploads\/2019\/07\/Pesakast-1MR_Linnumaja_punane.jpg","type":"image\/jpeg"}],"twitter_card":"summary_large_image","twitter_misc":{"Arvioitu lukuaika":"1 minuutti"},"schema":{"@context":"https:\/\/schema.org","@graph":[{"@type":"WebPage","@id":"https:\/\/rodoaed.ee\/fi\/toode\/pesalaatikko-1mr-aviary-punainen\/","url":"https:\/\/rodoaed.ee\/fi\/toode\/pesalaatikko-1mr-aviary-punainen\/","name":"Pes\u00e4laatikko 1MR - Aviary, punainen - Rodoaed","isPartOf":{"@id":"https:\/\/rodoaed.ee\/#website"},"primaryImageOfPage":{"@id":"https:\/\/rodoaed.ee\/fi\/toode\/pesalaatikko-1mr-aviary-punainen\/#primaryimage"},"image":{"@id":"https:\/\/rodoaed.ee\/fi\/toode\/pesalaatikko-1mr-aviary-punainen\/#primaryimage"},"thumbnailUrl":"https:\/\/rodoaed.ee\/wp-content\/uploads\/2019\/07\/Pesakast-1MR_Linnumaja_punane.jpg","datePublished":"2019-08-02T09:47:55+00:00","dateModified":"2026-04-13T08:05:13+00:00","breadcrumb":{"@id":"https:\/\/rodoaed.ee\/fi\/toode\/pesalaatikko-1mr-aviary-punainen\/#breadcrumb"},"inLanguage":"fi","potentialAction":[{"@type":"ReadAction","target":["https:\/\/rodoaed.ee\/fi\/toode\/pesalaatikko-1mr-aviary-punainen\/"]}]},{"@type":"ImageObject","inLanguage":"fi","@id":"https:\/\/rodoaed.ee\/fi\/toode\/pesalaatikko-1mr-aviary-punainen\/#primaryimage","url":"https:\/\/rodoaed.ee\/wp-content\/uploads\/2019\/07\/Pesakast-1MR_Linnumaja_punane.jpg","contentUrl":"https:\/\/rodoaed.ee\/wp-content\/uploads\/2019\/07\/Pesakast-1MR_Linnumaja_punane.jpg","width":400,"height":400},{"@type":"BreadcrumbList","@id":"https:\/\/rodoaed.ee\/fi\/toode\/pesalaatikko-1mr-aviary-punainen\/#breadcrumb","itemListElement":[{"@type":"ListItem","position":1,"name":"Home","item":"https:\/\/rodoaed.ee\/fi\/"},{"@type":"ListItem","position":2,"name":"Osta osoitteessa","item":"https:\/\/rodoaed.ee\/osta-osoitteessa\/"},{"@type":"ListItem","position":3,"name":"Pes\u00e4laatikko 1MR &#8211; Aviary, punainen"}]},{"@type":"WebSite","@id":"https:\/\/rodoaed.ee\/#website","url":"https:\/\/rodoaed.ee\/","name":"Rodoaed","description":"","publisher":{"@id":"https:\/\/rodoaed.ee\/#organization"},"potentialAction":[{"@type":"SearchAction","target":{"@type":"EntryPoint","urlTemplate":"https:\/\/rodoaed.ee\/?s={search_term_string}"},"query-input":{"@type":"PropertyValueSpecification","valueRequired":true,"valueName":"search_term_string"}}],"inLanguage":"fi"},{"@type":"Organization","@id":"https:\/\/rodoaed.ee\/#organization","name":"Rodoaed","url":"https:\/\/rodoaed.ee\/","logo":{"@type":"ImageObject","inLanguage":"fi","@id":"https:\/\/rodoaed.ee\/#\/schema\/logo\/image\/","url":"https:\/\/rodoaed.ee\/wp-content\/uploads\/2019\/11\/rodoaed-logo-ilma-taustata.jpg","contentUrl":"https:\/\/rodoaed.ee\/wp-content\/uploads\/2019\/11\/rodoaed-logo-ilma-taustata.jpg","width":769,"height":268,"caption":"Rodoaed"},"image":{"@id":"https:\/\/rodoaed.ee\/#\/schema\/logo\/image\/"},"sameAs":["https:\/\/www.facebook.com\/kasvuhooned\/","https:\/\/rodoaed.ee"]}]}},"_links":{"self":[{"href":"https:\/\/rodoaed.ee\/fi\/wp-json\/wp\/v2\/product\/53400","targetHints":{"allow":["GET"]}}],"collection":[{"href":"https:\/\/rodoaed.ee\/fi\/wp-json\/wp\/v2\/product"}],"about":[{"href":"https:\/\/rodoaed.ee\/fi\/wp-json\/wp\/v2\/types\/product"}],"wp:featuredmedia":[{"embeddable":true,"href":"https:\/\/rodoaed.ee\/fi\/wp-json\/wp\/v2\/media\/18505"}],"wp:attachment":[{"href":"https:\/\/rodoaed.ee\/fi\/wp-json\/wp\/v2\/media?parent=53400"}],"wp:term":[{"taxonomy":"product_brand","embeddable":true,"href":"https:\/\/rodoaed.ee\/fi\/wp-json\/wp\/v2\/product_brand?post=53400"},{"taxonomy":"product_cat","embeddable":true,"href":"https:\/\/rodoaed.ee\/fi\/wp-json\/wp\/v2\/product_cat?post=53400"},{"taxonomy":"product_tag","embeddable":true,"href":"https:\/\/rodoaed.ee\/fi\/wp-json\/wp\/v2\/product_tag?post=53400"}],"curies":[{"name":"wp","href":"https:\/\/api.w.org\/{rel}","templated":true}]}}