{"id":53401,"date":"2019-08-02T12:47:55","date_gmt":"2019-08-02T09:47:55","guid":{"rendered":"https:\/\/rodoaed.ee\/toode\/pesalaatikko-varpuslinnuille-barbaarimakujen-terassi\/"},"modified":"2026-04-13T11:05:13","modified_gmt":"2026-04-13T08:05:13","slug":"pesalaatikko-varpuslinnuille-barbaarimakujen-terassi","status":"publish","type":"product","link":"https:\/\/rodoaed.ee\/fi\/tuote\/pesalaatikko-varpuslinnuille-barbaarimakujen-terassi\/","title":{"rendered":"Pes\u00e4laatikko varpuslinnuille &#8211; Barbaarimakujen terassi"},"content":{"rendered":"<h2>Virossa el\u00e4v\u00e4t molempien varpushaukkalajien kolmoset.<\/h2>\n<h4>Merimetsot ruokkivat poikasiaan yksinomaan hy\u00f6nteisill\u00e4 ja erityisesti niveljalkaisilla. Siksi niill\u00e4 on erityinen rooli maatalouden ja puutarhaviljelyn tuholaistorjunnassa. Koska ne ovat hyvin yleisi\u00e4 lintuja, niiden erityinen rooli luonnon tasapainon yll\u00e4pit\u00e4jin\u00e4 j\u00e4\u00e4 usein huomiotta. Kaupunkilaisille ne ovat kuitenkin yksinkertaisesti mukavia seuralaisia.   <\/h4>\n<figure id=\"attachment_4102\" aria-describedby=\"caption-attachment-4102\" style=\"width: 200px\" class=\"wp-caption alignright\"><img loading=\"lazy\" decoding=\"async\" class=\"size-medium-single-product wp-image-4102 \" src=\"https:\/\/www.rodoaed.ee\/wp-content\/uploads\/2013\/07\/Varblase-kast_3-200x150.jpg\" alt=\"\" width=\"200\" height=\"150\"><figcaption id=\"caption-attachment-4102\" class=\"wp-caption-text\">Ryhm\u00e4 Varblasen pes\u00e4koteloita kaupunkirakennuksen julkisivulla.<\/figcaption><\/figure>\n<p>Viime vuosina sek\u00e4 koti- ett\u00e4 peltovarpuslintujen m\u00e4\u00e4r\u00e4 on v\u00e4hentynyt Euroopassa dramaattisesti, ja joillakin alueilla ne ovat kadonneet. Laajat tutkimukset ovat vahvistaneet, ett\u00e4 t\u00e4m\u00e4 dramaattinen v\u00e4heneminen on samanlaista kaikkialla Euroopassa. T\u00e4rkein syy tuulihaukkojen katoamiseen on sopivien elinymp\u00e4rist\u00f6jen h\u00e4vi\u00e4minen &#8211; vanhat talot suljetaan remontin aikana niin tiiviisti, ettei pesim\u00e4paikkoja ole en\u00e4\u00e4 j\u00e4ljell\u00e4, ja uudet rakennukset ovat alusta alkaen niin yksinkertaisia, yksinkertaisine julkisivuineen, ettei pesimismahdollisuuksia yksinkertaisesti ole.  <\/p>\n<h4>Pes\u00e4kotelon asennuspaikka<\/h4>\n<figure id=\"attachment_4105\" aria-describedby=\"caption-attachment-4105\" style=\"width: 200px\" class=\"wp-caption alignright\"><img loading=\"lazy\" decoding=\"async\" class=\"size-medium-single-product wp-image-4105 \" src=\"https:\/\/www.rodoaed.ee\/wp-content\/uploads\/2013\/07\/Varblase-kast_4-200x150.jpg\" alt=\"\" width=\"200\" height=\"150\"><figcaption id=\"caption-attachment-4105\" class=\"wp-caption-text\">Aika kiva<\/figcaption><\/figure>\n<p>Kaikenlaisissa asuinrakennuksissa taajamissa, teollisuusrakennusten ja -rakenteiden seiniss\u00e4, maatalousrakennuksissa, kuten navetoissa, vajoissa ja vajoissa, sek\u00e4 tehtaiden julkisivuissa. Asennetaan v\u00e4hint\u00e4\u00e4n 2 metrin korkeudelle maanpinnasta. <\/p>\n<p>Menetelm\u00e4 1: Helppo pinta-asennus suoraan sein\u00e4\u00e4n mukana toimitetuilla ruuveilla ja tappeilla.<\/p>\n<p>Menetelm\u00e4 2: T\u00e4ysin sein\u00e4n sis\u00e4\u00e4n asennettu asennus &#8211; pes\u00e4laatikkoharkko sijoitetaan sein\u00e4\u00e4n rakentamisen aikana tai asennetaan sein\u00e4\u00e4n my\u00f6hemmin. Pes\u00e4laatikon yl\u00e4puolella olevan sein\u00e4n alikuumenemisen v\u00e4ltt\u00e4miseksi pes\u00e4laatikon takana oleva sein\u00e4 joko eristet\u00e4\u00e4n lis\u00e4ksi tai pes\u00e4laatikkoharkko asennetaan v\u00e4litt\u00f6m\u00e4sti riitt\u00e4v\u00e4n syv\u00e4lle&#8230;. <\/p>\n<p>&nbsp;<\/p>\n<h4>Puhdistus ja tarkastus<\/h4>\n<figure id=\"attachment_4103\" aria-describedby=\"caption-attachment-4103\" style=\"width: 200px\" class=\"wp-caption alignright\"><img loading=\"lazy\" decoding=\"async\" class=\"size-medium-single-product wp-image-4103 \" src=\"https:\/\/www.rodoaed.ee\/wp-content\/uploads\/2013\/07\/Varblase-kast_2-200x150.jpg\" alt=\"\" width=\"200\" height=\"150\"><figcaption id=\"caption-attachment-4103\" class=\"wp-caption-text\">Pikkutuulihaukan pes\u00e4kotelo rakennuksen julkisivussa<\/figcaption><\/figure>\n<p>Puhdistus on suositeltavaa, mutta ei v\u00e4ltt\u00e4m\u00e4t\u00f6nt\u00e4. K\u00e4\u00e4nt\u00e4m\u00e4ll\u00e4 kiinnitystukea 180 astetta voit poistaa etupaneelin ja puhdistaa pistorasian helposti. <\/p>\n<h4>Materiaali:<\/h4>\n<p>SCHWEGLER ilmaa l\u00e4p\u00e4isev\u00e4 ja pitk\u00e4ik\u00e4inen puubetoni<\/p>\n<h4>V\u00e4ri:<\/h4>\n<p>Vaaleanharmaa runko ja hiekan s\u00e4vyinen etupaneeli<\/p>\n<h4>Setti sis\u00e4lt\u00e4\u00e4:<\/h4>\n<ul>\n<li>Pes\u00e4laatikko 1SP<\/li>\n<li>Kiinnittimet<\/li>\n<\/ul>\n<h4>Lentoreitin koko:<\/h4>\n<p>3x kaksinkertaiset aukot<\/p>\n<figure id=\"attachment_4104\" aria-describedby=\"caption-attachment-4104\" style=\"width: 200px\" class=\"wp-caption alignright\"><img loading=\"lazy\" decoding=\"async\" class=\"size-medium-single-product wp-image-4104 \" src=\"https:\/\/www.rodoaed.ee\/wp-content\/uploads\/2013\/07\/Varblase-kast_5-200x150.jpg\" alt=\"\" width=\"200\" height=\"150\"><figcaption id=\"caption-attachment-4104\" class=\"wp-caption-text\">Sein\u00e4asennuskaavio<\/figcaption><\/figure>\n<p><em><em><em>Varpuslintu ja talovarpunen ja joskus my\u00f6s muita lintuja, jotka suosivat samantyyppisi\u00e4 pes\u00e4koteloita, kuten teeri, lehtokerttu, <em>mustap\u00e4\u00e4kerttu ja kauluslintu<\/em>.<\/em><\/em><\/em><\/p>\n<h4>Pes\u00e4laatikon paino:15 kg<\/h4>\n<p>&nbsp;<\/p>\n<p>&nbsp;<\/p>\n<p>&nbsp;<\/p>\n","protected":false},"excerpt":{"rendered":"<p>Virossa el\u00e4v\u00e4t molempien varpushaukkalajien kolmoset. Merimetsot ruokkivat poikasiaan yksinomaan hy\u00f6nteisill\u00e4 ja erityisesti niveljalkaisilla. Siksi niill\u00e4 on erityinen rooli maatalouden ja puutarhaviljelyn tuholaistorjunnassa. Koska ne ovat hyvin yleisi\u00e4 lintuja, niiden erityinen rooli luonnon tasapainon yll\u00e4pit\u00e4jin\u00e4 j\u00e4\u00e4 usein huomiotta. Kaupunkilaisille ne ovat kuitenkin yksinkertaisesti mukavia seuralaisia. Viime vuosina sek\u00e4 koti- ett\u00e4 peltovarpuslintujen m\u00e4\u00e4r\u00e4 on v\u00e4hentynyt Euroopassa dramaattisesti, ja joillakin alueilla ne ovat kadonneet. Laajat tutkimukset ovat vahvistaneet,&#8230;<\/p>\n","protected":false},"featured_media":18534,"template":"","meta":{"_acf_changed":false},"product_brand":[],"product_cat":[1953,1885,1851],"product_tag":[],"class_list":{"0":"post-53401","1":"product","2":"type-product","3":"status-publish","4":"has-post-thumbnail","6":"product_cat-lintujen-pesakotelot","7":"product_cat-merimetson-pesalaatikko","8":"product_cat-pesakotelot","9":"product_shipping_class-toimitus-1-3-tyopaivan-kuluessa","10":"pa_variatsioon-terassi-barbaareille-varauksesta","12":"first","13":"outofstock","14":"sale","15":"taxable","16":"shipping-taxable","17":"purchasable","18":"product-type-simple"},"acf":[],"yoast_head":"<!-- This site is optimized with the Yoast SEO Premium plugin v27.3 (Yoast SEO v27.3) - https:\/\/yoast.com\/product\/yoast-seo-premium-wordpress\/ -->\n<title>Pes\u00e4laatikko varpuslinnuille - Barbaarimakujen terassi% % -% Rod garden pes\u00e4kotelot<\/title>\n<meta name=\"description\" content=\"Varpuslintujen pes\u00e4laatikkoon mahtuu kolme varpuslintujen pes\u00e4laatikkoa. Varpuset pesiv\u00e4t mielell\u00e4\u00e4n yhdess\u00e4, joten se sopii niille erinomaisesti.\" \/>\n<meta name=\"robots\" content=\"index, follow, max-snippet:-1, max-image-preview:large, max-video-preview:-1\" \/>\n<link rel=\"canonical\" href=\"https:\/\/rodoaed.ee\/fi\/toode\/pesalaatikko-varpuslinnuille-barbaarimakujen-terassi\/\" \/>\n<meta property=\"og:locale\" content=\"fi_FI\" \/>\n<meta property=\"og:type\" content=\"article\" \/>\n<meta property=\"og:title\" content=\"Pes\u00e4laatikko varpuslinnuille - Barbaarimakujen terassi\" \/>\n<meta property=\"og:description\" content=\"Virossa el\u00e4v\u00e4t molempien varpushaukkalajien kolmoset. Merimetsot ruokkivat poikasiaan yksinomaan hy\u00f6nteisill\u00e4 ja erityisesti niveljalkaisilla. Siksi\" \/>\n<meta property=\"og:url\" content=\"https:\/\/rodoaed.ee\/fi\/toode\/pesalaatikko-varpuslinnuille-barbaarimakujen-terassi\/\" \/>\n<meta property=\"og:site_name\" content=\"Rodoaed\" \/>\n<meta property=\"article:publisher\" content=\"https:\/\/www.facebook.com\/kasvuhooned\/\" \/>\n<meta property=\"article:modified_time\" content=\"2026-04-13T08:05:13+00:00\" \/>\n<meta property=\"og:image\" content=\"https:\/\/rodoaed.ee\/wp-content\/uploads\/2019\/07\/varblaste-pesakast_1.jpg\" \/>\n\t<meta property=\"og:image:width\" content=\"493\" \/>\n\t<meta property=\"og:image:height\" content=\"464\" \/>\n\t<meta property=\"og:image:type\" content=\"image\/jpeg\" \/>\n<meta name=\"twitter:card\" content=\"summary_large_image\" \/>\n<meta name=\"twitter:label1\" content=\"Arvioitu lukuaika\" \/>\n\t<meta name=\"twitter:data1\" content=\"2 minuuttia\" \/>\n<script type=\"application\/ld+json\" class=\"yoast-schema-graph\">{\"@context\":\"https:\\\/\\\/schema.org\",\"@graph\":[{\"@type\":\"WebPage\",\"@id\":\"https:\\\/\\\/rodoaed.ee\\\/fi\\\/toode\\\/pesalaatikko-varpuslinnuille-barbaarimakujen-terassi\\\/\",\"url\":\"https:\\\/\\\/rodoaed.ee\\\/fi\\\/toode\\\/pesalaatikko-varpuslinnuille-barbaarimakujen-terassi\\\/\",\"name\":\"Pes\u00e4laatikko varpuslinnuille - Barbaarimakujen terassi% % -% Rod garden pes\u00e4kotelot\",\"isPartOf\":{\"@id\":\"https:\\\/\\\/rodoaed.ee\\\/#website\"},\"primaryImageOfPage\":{\"@id\":\"https:\\\/\\\/rodoaed.ee\\\/fi\\\/toode\\\/pesalaatikko-varpuslinnuille-barbaarimakujen-terassi\\\/#primaryimage\"},\"image\":{\"@id\":\"https:\\\/\\\/rodoaed.ee\\\/fi\\\/toode\\\/pesalaatikko-varpuslinnuille-barbaarimakujen-terassi\\\/#primaryimage\"},\"thumbnailUrl\":\"https:\\\/\\\/rodoaed.ee\\\/wp-content\\\/uploads\\\/2019\\\/07\\\/varblaste-pesakast_1.jpg\",\"datePublished\":\"2019-08-02T09:47:55+00:00\",\"dateModified\":\"2026-04-13T08:05:13+00:00\",\"description\":\"Varpuslintujen pes\u00e4laatikkoon mahtuu kolme varpuslintujen pes\u00e4laatikkoa. Varpuset pesiv\u00e4t mielell\u00e4\u00e4n yhdess\u00e4, joten se sopii niille erinomaisesti.\",\"breadcrumb\":{\"@id\":\"https:\\\/\\\/rodoaed.ee\\\/fi\\\/toode\\\/pesalaatikko-varpuslinnuille-barbaarimakujen-terassi\\\/#breadcrumb\"},\"inLanguage\":\"fi\",\"potentialAction\":[{\"@type\":\"ReadAction\",\"target\":[\"https:\\\/\\\/rodoaed.ee\\\/fi\\\/toode\\\/pesalaatikko-varpuslinnuille-barbaarimakujen-terassi\\\/\"]}]},{\"@type\":\"ImageObject\",\"inLanguage\":\"fi\",\"@id\":\"https:\\\/\\\/rodoaed.ee\\\/fi\\\/toode\\\/pesalaatikko-varpuslinnuille-barbaarimakujen-terassi\\\/#primaryimage\",\"url\":\"https:\\\/\\\/rodoaed.ee\\\/wp-content\\\/uploads\\\/2019\\\/07\\\/varblaste-pesakast_1.jpg\",\"contentUrl\":\"https:\\\/\\\/rodoaed.ee\\\/wp-content\\\/uploads\\\/2019\\\/07\\\/varblaste-pesakast_1.jpg\",\"width\":493,\"height\":464,\"caption\":\"rupikonnan pes\u00e4laatikko\"},{\"@type\":\"BreadcrumbList\",\"@id\":\"https:\\\/\\\/rodoaed.ee\\\/fi\\\/toode\\\/pesalaatikko-varpuslinnuille-barbaarimakujen-terassi\\\/#breadcrumb\",\"itemListElement\":[{\"@type\":\"ListItem\",\"position\":1,\"name\":\"Home\",\"item\":\"https:\\\/\\\/rodoaed.ee\\\/fi\\\/\"},{\"@type\":\"ListItem\",\"position\":2,\"name\":\"Osta osoitteessa\",\"item\":\"https:\\\/\\\/rodoaed.ee\\\/osta-osoitteessa\\\/\"},{\"@type\":\"ListItem\",\"position\":3,\"name\":\"Pes\u00e4laatikko varpuslinnuille &#8211; Barbaarimakujen terassi\"}]},{\"@type\":\"WebSite\",\"@id\":\"https:\\\/\\\/rodoaed.ee\\\/#website\",\"url\":\"https:\\\/\\\/rodoaed.ee\\\/\",\"name\":\"Rodoaed\",\"description\":\"\",\"publisher\":{\"@id\":\"https:\\\/\\\/rodoaed.ee\\\/#organization\"},\"potentialAction\":[{\"@type\":\"SearchAction\",\"target\":{\"@type\":\"EntryPoint\",\"urlTemplate\":\"https:\\\/\\\/rodoaed.ee\\\/?s={search_term_string}\"},\"query-input\":{\"@type\":\"PropertyValueSpecification\",\"valueRequired\":true,\"valueName\":\"search_term_string\"}}],\"inLanguage\":\"fi\"},{\"@type\":\"Organization\",\"@id\":\"https:\\\/\\\/rodoaed.ee\\\/#organization\",\"name\":\"Rodoaed\",\"url\":\"https:\\\/\\\/rodoaed.ee\\\/\",\"logo\":{\"@type\":\"ImageObject\",\"inLanguage\":\"fi\",\"@id\":\"https:\\\/\\\/rodoaed.ee\\\/#\\\/schema\\\/logo\\\/image\\\/\",\"url\":\"https:\\\/\\\/rodoaed.ee\\\/wp-content\\\/uploads\\\/2019\\\/11\\\/rodoaed-logo-ilma-taustata.jpg\",\"contentUrl\":\"https:\\\/\\\/rodoaed.ee\\\/wp-content\\\/uploads\\\/2019\\\/11\\\/rodoaed-logo-ilma-taustata.jpg\",\"width\":769,\"height\":268,\"caption\":\"Rodoaed\"},\"image\":{\"@id\":\"https:\\\/\\\/rodoaed.ee\\\/#\\\/schema\\\/logo\\\/image\\\/\"},\"sameAs\":[\"https:\\\/\\\/www.facebook.com\\\/kasvuhooned\\\/\",\"https:\\\/\\\/rodoaed.ee\"]}]}<\/script>\n<!-- \/ Yoast SEO Premium plugin. -->","yoast_head_json":{"title":"Pes\u00e4laatikko varpuslinnuille - Barbaarimakujen terassi% % -% Rod garden pes\u00e4kotelot","description":"Varpuslintujen pes\u00e4laatikkoon mahtuu kolme varpuslintujen pes\u00e4laatikkoa. Varpuset pesiv\u00e4t mielell\u00e4\u00e4n yhdess\u00e4, joten se sopii niille erinomaisesti.","robots":{"index":"index","follow":"follow","max-snippet":"max-snippet:-1","max-image-preview":"max-image-preview:large","max-video-preview":"max-video-preview:-1"},"canonical":"https:\/\/rodoaed.ee\/fi\/toode\/pesalaatikko-varpuslinnuille-barbaarimakujen-terassi\/","og_locale":"fi_FI","og_type":"article","og_title":"Pes\u00e4laatikko varpuslinnuille - Barbaarimakujen terassi","og_description":"Virossa el\u00e4v\u00e4t molempien varpushaukkalajien kolmoset. Merimetsot ruokkivat poikasiaan yksinomaan hy\u00f6nteisill\u00e4 ja erityisesti niveljalkaisilla. Siksi","og_url":"https:\/\/rodoaed.ee\/fi\/toode\/pesalaatikko-varpuslinnuille-barbaarimakujen-terassi\/","og_site_name":"Rodoaed","article_publisher":"https:\/\/www.facebook.com\/kasvuhooned\/","article_modified_time":"2026-04-13T08:05:13+00:00","og_image":[{"width":493,"height":464,"url":"https:\/\/rodoaed.ee\/wp-content\/uploads\/2019\/07\/varblaste-pesakast_1.jpg","type":"image\/jpeg"}],"twitter_card":"summary_large_image","twitter_misc":{"Arvioitu lukuaika":"2 minuuttia"},"schema":{"@context":"https:\/\/schema.org","@graph":[{"@type":"WebPage","@id":"https:\/\/rodoaed.ee\/fi\/toode\/pesalaatikko-varpuslinnuille-barbaarimakujen-terassi\/","url":"https:\/\/rodoaed.ee\/fi\/toode\/pesalaatikko-varpuslinnuille-barbaarimakujen-terassi\/","name":"Pes\u00e4laatikko varpuslinnuille - Barbaarimakujen terassi% % -% Rod garden pes\u00e4kotelot","isPartOf":{"@id":"https:\/\/rodoaed.ee\/#website"},"primaryImageOfPage":{"@id":"https:\/\/rodoaed.ee\/fi\/toode\/pesalaatikko-varpuslinnuille-barbaarimakujen-terassi\/#primaryimage"},"image":{"@id":"https:\/\/rodoaed.ee\/fi\/toode\/pesalaatikko-varpuslinnuille-barbaarimakujen-terassi\/#primaryimage"},"thumbnailUrl":"https:\/\/rodoaed.ee\/wp-content\/uploads\/2019\/07\/varblaste-pesakast_1.jpg","datePublished":"2019-08-02T09:47:55+00:00","dateModified":"2026-04-13T08:05:13+00:00","description":"Varpuslintujen pes\u00e4laatikkoon mahtuu kolme varpuslintujen pes\u00e4laatikkoa. Varpuset pesiv\u00e4t mielell\u00e4\u00e4n yhdess\u00e4, joten se sopii niille erinomaisesti.","breadcrumb":{"@id":"https:\/\/rodoaed.ee\/fi\/toode\/pesalaatikko-varpuslinnuille-barbaarimakujen-terassi\/#breadcrumb"},"inLanguage":"fi","potentialAction":[{"@type":"ReadAction","target":["https:\/\/rodoaed.ee\/fi\/toode\/pesalaatikko-varpuslinnuille-barbaarimakujen-terassi\/"]}]},{"@type":"ImageObject","inLanguage":"fi","@id":"https:\/\/rodoaed.ee\/fi\/toode\/pesalaatikko-varpuslinnuille-barbaarimakujen-terassi\/#primaryimage","url":"https:\/\/rodoaed.ee\/wp-content\/uploads\/2019\/07\/varblaste-pesakast_1.jpg","contentUrl":"https:\/\/rodoaed.ee\/wp-content\/uploads\/2019\/07\/varblaste-pesakast_1.jpg","width":493,"height":464,"caption":"rupikonnan pes\u00e4laatikko"},{"@type":"BreadcrumbList","@id":"https:\/\/rodoaed.ee\/fi\/toode\/pesalaatikko-varpuslinnuille-barbaarimakujen-terassi\/#breadcrumb","itemListElement":[{"@type":"ListItem","position":1,"name":"Home","item":"https:\/\/rodoaed.ee\/fi\/"},{"@type":"ListItem","position":2,"name":"Osta osoitteessa","item":"https:\/\/rodoaed.ee\/osta-osoitteessa\/"},{"@type":"ListItem","position":3,"name":"Pes\u00e4laatikko varpuslinnuille &#8211; Barbaarimakujen terassi"}]},{"@type":"WebSite","@id":"https:\/\/rodoaed.ee\/#website","url":"https:\/\/rodoaed.ee\/","name":"Rodoaed","description":"","publisher":{"@id":"https:\/\/rodoaed.ee\/#organization"},"potentialAction":[{"@type":"SearchAction","target":{"@type":"EntryPoint","urlTemplate":"https:\/\/rodoaed.ee\/?s={search_term_string}"},"query-input":{"@type":"PropertyValueSpecification","valueRequired":true,"valueName":"search_term_string"}}],"inLanguage":"fi"},{"@type":"Organization","@id":"https:\/\/rodoaed.ee\/#organization","name":"Rodoaed","url":"https:\/\/rodoaed.ee\/","logo":{"@type":"ImageObject","inLanguage":"fi","@id":"https:\/\/rodoaed.ee\/#\/schema\/logo\/image\/","url":"https:\/\/rodoaed.ee\/wp-content\/uploads\/2019\/11\/rodoaed-logo-ilma-taustata.jpg","contentUrl":"https:\/\/rodoaed.ee\/wp-content\/uploads\/2019\/11\/rodoaed-logo-ilma-taustata.jpg","width":769,"height":268,"caption":"Rodoaed"},"image":{"@id":"https:\/\/rodoaed.ee\/#\/schema\/logo\/image\/"},"sameAs":["https:\/\/www.facebook.com\/kasvuhooned\/","https:\/\/rodoaed.ee"]}]}},"_links":{"self":[{"href":"https:\/\/rodoaed.ee\/fi\/wp-json\/wp\/v2\/product\/53401","targetHints":{"allow":["GET"]}}],"collection":[{"href":"https:\/\/rodoaed.ee\/fi\/wp-json\/wp\/v2\/product"}],"about":[{"href":"https:\/\/rodoaed.ee\/fi\/wp-json\/wp\/v2\/types\/product"}],"wp:featuredmedia":[{"embeddable":true,"href":"https:\/\/rodoaed.ee\/fi\/wp-json\/wp\/v2\/media\/18534"}],"wp:attachment":[{"href":"https:\/\/rodoaed.ee\/fi\/wp-json\/wp\/v2\/media?parent=53401"}],"wp:term":[{"taxonomy":"product_brand","embeddable":true,"href":"https:\/\/rodoaed.ee\/fi\/wp-json\/wp\/v2\/product_brand?post=53401"},{"taxonomy":"product_cat","embeddable":true,"href":"https:\/\/rodoaed.ee\/fi\/wp-json\/wp\/v2\/product_cat?post=53401"},{"taxonomy":"product_tag","embeddable":true,"href":"https:\/\/rodoaed.ee\/fi\/wp-json\/wp\/v2\/product_tag?post=53401"}],"curies":[{"name":"wp","href":"https:\/\/api.w.org\/{rel}","templated":true}]}}