{"id":53403,"date":"2019-08-02T12:47:55","date_gmt":"2019-08-02T09:47:55","guid":{"rendered":"https:\/\/rodoaed.ee\/toode\/lepakoiden-pesakotelo-1ff\/"},"modified":"2026-04-13T11:05:14","modified_gmt":"2026-04-13T08:05:14","slug":"lepakoiden-pesakotelo-1ff","status":"publish","type":"product","link":"https:\/\/rodoaed.ee\/fi\/tuote\/lepakoiden-pesakotelo-1ff\/","title":{"rendered":"Lepakoiden pes\u00e4kotelo 1FF"},"content":{"rendered":"<h3><span style=\"color: #ff0000;\">NB Pitk\u00e4n odottelun j\u00e4lkeen saimme 10kpl n\u00e4it\u00e4 vajaita pes\u00e4laatikoita. Odotusaika on t\u00e4ll\u00e4 hetkell\u00e4 2 vuotta. Joten jos olet kiinnostunut, ota se nyt.  <\/span><\/h3>\n<h3>1FF Lepakkokoppa kes\u00e4k\u00e4ytt\u00f6\u00f6n eli lepakoiden pitoon. Lepakoiden kannalta on hyv\u00e4, ett\u00e4 alueella on useita makuupesi\u00e4 l\u00e4hell\u00e4 toisiaan, koska ne liikkuvat kes\u00e4n aikana useiden makuupesien v\u00e4lill\u00e4 poikasten koon jne. mukaan. <\/h3>\n<figure id=\"attachment_3836\" aria-describedby=\"caption-attachment-3836\" style=\"width: 200px\" class=\"wp-caption alignright\"><img loading=\"lazy\" decoding=\"async\" class=\"size-medium-single-product wp-image-3836 \" src=\"https:\/\/www.rodoaed.ee\/wp-content\/uploads\/2013\/07\/Nahkhiire-pesakast-1FF_2-200x150.jpg\" alt=\"\" width=\"200\" height=\"150\"><figcaption id=\"caption-attachment-3836\" class=\"wp-caption-text\">Avoimella rintakeh\u00e4ll\u00e4 varustettu lepakkokoppa, josta n\u00e4kee lepakoiden kotiel\u00e4m\u00e4n.<\/figcaption><\/figure>\n<p>Koska lepakonpentulaatikon malli 1FF on pohjastaan avoin ja antaa ulosteiden pudota ulos itsest\u00e4\u00e4n, sit\u00e4 ei tarvitse puhdistaa. T\u00e4m\u00e4n vuoksi se on erityisen k\u00e4tev\u00e4 asennettavaksi vaikeasti saavutettaviin paikkoihin, kuten jyrkkiin rinteisiin tai talon korkeille seinille. <\/p>\n<p>Kev\u00e4\u00e4n ja syksyn l\u00e4mp\u00f6tilavaihteluiden tasaamiseksi pes\u00e4kotelo on varustettu karkaistulla massiivipuisella takasein\u00e4ll\u00e4. Kunkin lepakon yksil\u00f6llisist\u00e4 l\u00e4mp\u00f6tilapreferensseist\u00e4 riippuen se voi valita roikkua joko viile\u00e4mm\u00e4n puubetonisen etusein\u00e4n pinnalla tai l\u00e4mpim\u00e4mm\u00e4n puisen takasein\u00e4n laattapinnalla. <\/p>\n<p>Koko etupaneeli voidaan poistaa helposti ja hiljaisesti tutkimus- ja opetustarkoituksiin, jotta voidaan n\u00e4hd\u00e4, mit\u00e4 pes\u00e4n sis\u00e4ll\u00e4 tapahtuu.<\/p>\n<p>Kaikkien pes\u00e4laatikoiden mukana toimitetaan ripustuskannattimet ja erityinen Schweglerin alumiininaulain. <\/p>\n<p>&nbsp;<\/p>\n<p><strong>Pes\u00e4laatikon asennuspaikka:<\/strong><\/p>\n<p>Puiden rungoissa tai rakennuksissa<\/p>\n<p><strong>Puhdistus ja tarkastus:<\/strong><\/p>\n<figure id=\"attachment_3837\" aria-describedby=\"caption-attachment-3837\" style=\"width: 200px\" class=\"wp-caption alignright\"><img loading=\"lazy\" decoding=\"async\" class=\"size-medium-single-product wp-image-3837 \" src=\"https:\/\/www.rodoaed.ee\/wp-content\/uploads\/2013\/07\/Nahkhiire-pesakast-1FF_3-200x150.jpg\" alt=\"\" width=\"200\" height=\"150\"><figcaption id=\"caption-attachment-3837\" class=\"wp-caption-text\">Perhekuvia lepakoista pes\u00e4kopissa 1FF<\/figcaption><\/figure>\n<p>Helppo puhdistaa ja tarkastaa irrotettavan etupaneelin ansiosta<\/p>\n<p><strong>Materiaali:<\/strong><\/p>\n<p>SCHWEGLER ilmaa l\u00e4p\u00e4isev\u00e4 ja pitk\u00e4ik\u00e4inen puubetoni<\/p>\n<p><strong>Setti sis\u00e4lt\u00e4\u00e4:<\/strong><\/p>\n<ul>\n<li>Pes\u00e4laatikko, jossa on irrotettava etupaneeli<\/li>\n<li>Sinkitty ter\u00e4skiinnike &#8211; mets\u00e4talous hyv\u00e4ksytty.<\/li>\n<li>Alumiinipiikki &#8211; mets\u00e4talouden hyv\u00e4ksym\u00e4<\/li>\n<\/ul>\n<p><strong>V\u00e4ri:<\/strong><\/p>\n<p>Musta<\/p>\n<p><strong>Pes\u00e4kotelon mitat:<\/strong><\/p>\n<figure id=\"attachment_3838\" aria-describedby=\"caption-attachment-3838\" style=\"width: 200px\" class=\"wp-caption alignright\"><img loading=\"lazy\" decoding=\"async\" class=\"size-medium-single-product wp-image-3838 \" src=\"https:\/\/www.rodoaed.ee\/wp-content\/uploads\/2013\/07\/Nahkhiire-pesakast-1FF_4-200x150.jpg\" alt=\"\" width=\"200\" height=\"150\"><figcaption id=\"caption-attachment-3838\" class=\"wp-caption-text\">Lis\u00e4\u00e4 n\u00e4kymi\u00e4 pes\u00e4kotelon 1FF sis\u00e4tiloista<\/figcaption><\/figure>\n<p>Syvyys: 14 cm x Leveys: 27 cm x Korkeus: 43 cm.<\/p>\n<p><strong>Lentoreitin koko:<\/strong><\/p>\n<p>Leveys 12&#8230;24 mm x pituus 21 cm<\/p>\n<p><strong>Kuka t\u00e4ytt\u00e4\u00e4 pes\u00e4kotelon:<\/strong><\/p>\n<p><em><em>Eri lepakkolajit<\/em><\/em><\/p>\n<p><strong>Pes\u00e4kotelon paino: <\/strong>9,9 kg<\/p>\n<p>&nbsp;<\/p>\n","protected":false},"excerpt":{"rendered":"<p>NB Pitk\u00e4n odottelun j\u00e4lkeen saimme 10kpl n\u00e4it\u00e4 vajaita pes\u00e4laatikoita. Odotusaika on t\u00e4ll\u00e4 hetkell\u00e4 2 vuotta. Joten jos olet kiinnostunut, ota se nyt. 1FF Lepakkokoppa kes\u00e4k\u00e4ytt\u00f6\u00f6n eli lepakoiden pitoon. Lepakoiden kannalta on hyv\u00e4, ett\u00e4 alueella on useita makuupesi\u00e4 l\u00e4hell\u00e4 toisiaan, koska ne liikkuvat kes\u00e4n aikana useiden makuupesien v\u00e4lill\u00e4 poikasten koon jne. mukaan. Koska lepakonpentulaatikon malli 1FF on pohjastaan avoin ja antaa ulosteiden pudota ulos itsest\u00e4\u00e4n, sit\u00e4&#8230;<\/p>\n","protected":false},"featured_media":18525,"template":"","meta":{"_acf_changed":false},"product_brand":[],"product_cat":[1958,1743,1851,1745],"product_tag":[],"class_list":{"0":"post-53403","1":"product","2":"type-product","3":"status-publish","4":"has-post-thumbnail","6":"product_cat-lepakoiden-pesakotelot","7":"product_cat-lisalahjat-lahjat","8":"product_cat-pesakotelot","9":"product_cat-suuri-varaston-tyhjennysmyynti","10":"product_shipping_class-kuljetus-ainoastaan-kuriiripalvelun-valityksella","11":"pa_variatsioon-lepakon-pesakotelo-1ff-nyt-loppunut-varastosta","13":"first","14":"instock","15":"sale","16":"taxable","17":"shipping-taxable","18":"purchasable","19":"product-type-simple"},"acf":[],"yoast_head":"<!-- This site is optimized with the Yoast SEO Premium plugin v27.3 (Yoast SEO v27.3) - https:\/\/yoast.com\/product\/yoast-seo-premium-wordpress\/ -->\n<title>Lepakoiden pes\u00e4kotelo 1FF - Rodoaed<\/title>\n<meta name=\"robots\" content=\"index, follow, max-snippet:-1, max-image-preview:large, max-video-preview:-1\" \/>\n<link rel=\"canonical\" href=\"https:\/\/rodoaed.ee\/fi\/toode\/lepakoiden-pesakotelo-1ff\/\" \/>\n<meta property=\"og:locale\" content=\"fi_FI\" \/>\n<meta property=\"og:type\" content=\"article\" \/>\n<meta property=\"og:title\" content=\"Lepakoiden pes\u00e4kotelo 1FF\" \/>\n<meta property=\"og:description\" content=\"NB Pitk\u00e4n odottelun j\u00e4lkeen saimme 10kpl n\u00e4it\u00e4 vajaita pes\u00e4laatikoita. Odotusaika on t\u00e4ll\u00e4 hetkell\u00e4 2 vuotta. Joten jos olet kiinnostunut, ota se nyt. 1FF\" \/>\n<meta property=\"og:url\" content=\"https:\/\/rodoaed.ee\/fi\/toode\/lepakoiden-pesakotelo-1ff\/\" \/>\n<meta property=\"og:site_name\" content=\"Rodoaed\" \/>\n<meta property=\"article:publisher\" content=\"https:\/\/www.facebook.com\/kasvuhooned\/\" \/>\n<meta property=\"article:modified_time\" content=\"2026-04-13T08:05:14+00:00\" \/>\n<meta property=\"og:image\" content=\"https:\/\/rodoaed.ee\/wp-content\/uploads\/2019\/07\/Nahkhiire-pesakast-1FF_1.jpg\" \/>\n\t<meta property=\"og:image:width\" content=\"268\" \/>\n\t<meta property=\"og:image:height\" content=\"400\" \/>\n\t<meta property=\"og:image:type\" content=\"image\/jpeg\" \/>\n<meta name=\"twitter:card\" content=\"summary_large_image\" \/>\n<meta name=\"twitter:label1\" content=\"Arvioitu lukuaika\" \/>\n\t<meta name=\"twitter:data1\" content=\"2 minuuttia\" \/>\n<script type=\"application\/ld+json\" class=\"yoast-schema-graph\">{\"@context\":\"https:\\\/\\\/schema.org\",\"@graph\":[{\"@type\":\"WebPage\",\"@id\":\"https:\\\/\\\/rodoaed.ee\\\/fi\\\/toode\\\/lepakoiden-pesakotelo-1ff\\\/\",\"url\":\"https:\\\/\\\/rodoaed.ee\\\/fi\\\/toode\\\/lepakoiden-pesakotelo-1ff\\\/\",\"name\":\"Lepakoiden pes\u00e4kotelo 1FF - Rodoaed\",\"isPartOf\":{\"@id\":\"https:\\\/\\\/rodoaed.ee\\\/#website\"},\"primaryImageOfPage\":{\"@id\":\"https:\\\/\\\/rodoaed.ee\\\/fi\\\/toode\\\/lepakoiden-pesakotelo-1ff\\\/#primaryimage\"},\"image\":{\"@id\":\"https:\\\/\\\/rodoaed.ee\\\/fi\\\/toode\\\/lepakoiden-pesakotelo-1ff\\\/#primaryimage\"},\"thumbnailUrl\":\"https:\\\/\\\/rodoaed.ee\\\/wp-content\\\/uploads\\\/2019\\\/07\\\/Nahkhiire-pesakast-1FF_1.jpg\",\"datePublished\":\"2019-08-02T09:47:55+00:00\",\"dateModified\":\"2026-04-13T08:05:14+00:00\",\"breadcrumb\":{\"@id\":\"https:\\\/\\\/rodoaed.ee\\\/fi\\\/toode\\\/lepakoiden-pesakotelo-1ff\\\/#breadcrumb\"},\"inLanguage\":\"fi\",\"potentialAction\":[{\"@type\":\"ReadAction\",\"target\":[\"https:\\\/\\\/rodoaed.ee\\\/fi\\\/toode\\\/lepakoiden-pesakotelo-1ff\\\/\"]}]},{\"@type\":\"ImageObject\",\"inLanguage\":\"fi\",\"@id\":\"https:\\\/\\\/rodoaed.ee\\\/fi\\\/toode\\\/lepakoiden-pesakotelo-1ff\\\/#primaryimage\",\"url\":\"https:\\\/\\\/rodoaed.ee\\\/wp-content\\\/uploads\\\/2019\\\/07\\\/Nahkhiire-pesakast-1FF_1.jpg\",\"contentUrl\":\"https:\\\/\\\/rodoaed.ee\\\/wp-content\\\/uploads\\\/2019\\\/07\\\/Nahkhiire-pesakast-1FF_1.jpg\",\"width\":268,\"height\":400,\"caption\":\"lepakkolaatikot\"},{\"@type\":\"BreadcrumbList\",\"@id\":\"https:\\\/\\\/rodoaed.ee\\\/fi\\\/toode\\\/lepakoiden-pesakotelo-1ff\\\/#breadcrumb\",\"itemListElement\":[{\"@type\":\"ListItem\",\"position\":1,\"name\":\"Home\",\"item\":\"https:\\\/\\\/rodoaed.ee\\\/fi\\\/\"},{\"@type\":\"ListItem\",\"position\":2,\"name\":\"Osta osoitteessa\",\"item\":\"https:\\\/\\\/rodoaed.ee\\\/osta-osoitteessa\\\/\"},{\"@type\":\"ListItem\",\"position\":3,\"name\":\"Lepakoiden pes\u00e4kotelo 1FF\"}]},{\"@type\":\"WebSite\",\"@id\":\"https:\\\/\\\/rodoaed.ee\\\/#website\",\"url\":\"https:\\\/\\\/rodoaed.ee\\\/\",\"name\":\"Rodoaed\",\"description\":\"\",\"publisher\":{\"@id\":\"https:\\\/\\\/rodoaed.ee\\\/#organization\"},\"potentialAction\":[{\"@type\":\"SearchAction\",\"target\":{\"@type\":\"EntryPoint\",\"urlTemplate\":\"https:\\\/\\\/rodoaed.ee\\\/?s={search_term_string}\"},\"query-input\":{\"@type\":\"PropertyValueSpecification\",\"valueRequired\":true,\"valueName\":\"search_term_string\"}}],\"inLanguage\":\"fi\"},{\"@type\":\"Organization\",\"@id\":\"https:\\\/\\\/rodoaed.ee\\\/#organization\",\"name\":\"Rodoaed\",\"url\":\"https:\\\/\\\/rodoaed.ee\\\/\",\"logo\":{\"@type\":\"ImageObject\",\"inLanguage\":\"fi\",\"@id\":\"https:\\\/\\\/rodoaed.ee\\\/#\\\/schema\\\/logo\\\/image\\\/\",\"url\":\"https:\\\/\\\/rodoaed.ee\\\/wp-content\\\/uploads\\\/2019\\\/11\\\/rodoaed-logo-ilma-taustata.jpg\",\"contentUrl\":\"https:\\\/\\\/rodoaed.ee\\\/wp-content\\\/uploads\\\/2019\\\/11\\\/rodoaed-logo-ilma-taustata.jpg\",\"width\":769,\"height\":268,\"caption\":\"Rodoaed\"},\"image\":{\"@id\":\"https:\\\/\\\/rodoaed.ee\\\/#\\\/schema\\\/logo\\\/image\\\/\"},\"sameAs\":[\"https:\\\/\\\/www.facebook.com\\\/kasvuhooned\\\/\",\"https:\\\/\\\/rodoaed.ee\"]}]}<\/script>\n<!-- \/ Yoast SEO Premium plugin. -->","yoast_head_json":{"title":"Lepakoiden pes\u00e4kotelo 1FF - Rodoaed","robots":{"index":"index","follow":"follow","max-snippet":"max-snippet:-1","max-image-preview":"max-image-preview:large","max-video-preview":"max-video-preview:-1"},"canonical":"https:\/\/rodoaed.ee\/fi\/toode\/lepakoiden-pesakotelo-1ff\/","og_locale":"fi_FI","og_type":"article","og_title":"Lepakoiden pes\u00e4kotelo 1FF","og_description":"NB Pitk\u00e4n odottelun j\u00e4lkeen saimme 10kpl n\u00e4it\u00e4 vajaita pes\u00e4laatikoita. Odotusaika on t\u00e4ll\u00e4 hetkell\u00e4 2 vuotta. Joten jos olet kiinnostunut, ota se nyt. 1FF","og_url":"https:\/\/rodoaed.ee\/fi\/toode\/lepakoiden-pesakotelo-1ff\/","og_site_name":"Rodoaed","article_publisher":"https:\/\/www.facebook.com\/kasvuhooned\/","article_modified_time":"2026-04-13T08:05:14+00:00","og_image":[{"width":268,"height":400,"url":"https:\/\/rodoaed.ee\/wp-content\/uploads\/2019\/07\/Nahkhiire-pesakast-1FF_1.jpg","type":"image\/jpeg"}],"twitter_card":"summary_large_image","twitter_misc":{"Arvioitu lukuaika":"2 minuuttia"},"schema":{"@context":"https:\/\/schema.org","@graph":[{"@type":"WebPage","@id":"https:\/\/rodoaed.ee\/fi\/toode\/lepakoiden-pesakotelo-1ff\/","url":"https:\/\/rodoaed.ee\/fi\/toode\/lepakoiden-pesakotelo-1ff\/","name":"Lepakoiden pes\u00e4kotelo 1FF - Rodoaed","isPartOf":{"@id":"https:\/\/rodoaed.ee\/#website"},"primaryImageOfPage":{"@id":"https:\/\/rodoaed.ee\/fi\/toode\/lepakoiden-pesakotelo-1ff\/#primaryimage"},"image":{"@id":"https:\/\/rodoaed.ee\/fi\/toode\/lepakoiden-pesakotelo-1ff\/#primaryimage"},"thumbnailUrl":"https:\/\/rodoaed.ee\/wp-content\/uploads\/2019\/07\/Nahkhiire-pesakast-1FF_1.jpg","datePublished":"2019-08-02T09:47:55+00:00","dateModified":"2026-04-13T08:05:14+00:00","breadcrumb":{"@id":"https:\/\/rodoaed.ee\/fi\/toode\/lepakoiden-pesakotelo-1ff\/#breadcrumb"},"inLanguage":"fi","potentialAction":[{"@type":"ReadAction","target":["https:\/\/rodoaed.ee\/fi\/toode\/lepakoiden-pesakotelo-1ff\/"]}]},{"@type":"ImageObject","inLanguage":"fi","@id":"https:\/\/rodoaed.ee\/fi\/toode\/lepakoiden-pesakotelo-1ff\/#primaryimage","url":"https:\/\/rodoaed.ee\/wp-content\/uploads\/2019\/07\/Nahkhiire-pesakast-1FF_1.jpg","contentUrl":"https:\/\/rodoaed.ee\/wp-content\/uploads\/2019\/07\/Nahkhiire-pesakast-1FF_1.jpg","width":268,"height":400,"caption":"lepakkolaatikot"},{"@type":"BreadcrumbList","@id":"https:\/\/rodoaed.ee\/fi\/toode\/lepakoiden-pesakotelo-1ff\/#breadcrumb","itemListElement":[{"@type":"ListItem","position":1,"name":"Home","item":"https:\/\/rodoaed.ee\/fi\/"},{"@type":"ListItem","position":2,"name":"Osta osoitteessa","item":"https:\/\/rodoaed.ee\/osta-osoitteessa\/"},{"@type":"ListItem","position":3,"name":"Lepakoiden pes\u00e4kotelo 1FF"}]},{"@type":"WebSite","@id":"https:\/\/rodoaed.ee\/#website","url":"https:\/\/rodoaed.ee\/","name":"Rodoaed","description":"","publisher":{"@id":"https:\/\/rodoaed.ee\/#organization"},"potentialAction":[{"@type":"SearchAction","target":{"@type":"EntryPoint","urlTemplate":"https:\/\/rodoaed.ee\/?s={search_term_string}"},"query-input":{"@type":"PropertyValueSpecification","valueRequired":true,"valueName":"search_term_string"}}],"inLanguage":"fi"},{"@type":"Organization","@id":"https:\/\/rodoaed.ee\/#organization","name":"Rodoaed","url":"https:\/\/rodoaed.ee\/","logo":{"@type":"ImageObject","inLanguage":"fi","@id":"https:\/\/rodoaed.ee\/#\/schema\/logo\/image\/","url":"https:\/\/rodoaed.ee\/wp-content\/uploads\/2019\/11\/rodoaed-logo-ilma-taustata.jpg","contentUrl":"https:\/\/rodoaed.ee\/wp-content\/uploads\/2019\/11\/rodoaed-logo-ilma-taustata.jpg","width":769,"height":268,"caption":"Rodoaed"},"image":{"@id":"https:\/\/rodoaed.ee\/#\/schema\/logo\/image\/"},"sameAs":["https:\/\/www.facebook.com\/kasvuhooned\/","https:\/\/rodoaed.ee"]}]}},"_links":{"self":[{"href":"https:\/\/rodoaed.ee\/fi\/wp-json\/wp\/v2\/product\/53403","targetHints":{"allow":["GET"]}}],"collection":[{"href":"https:\/\/rodoaed.ee\/fi\/wp-json\/wp\/v2\/product"}],"about":[{"href":"https:\/\/rodoaed.ee\/fi\/wp-json\/wp\/v2\/types\/product"}],"wp:featuredmedia":[{"embeddable":true,"href":"https:\/\/rodoaed.ee\/fi\/wp-json\/wp\/v2\/media\/18525"}],"wp:attachment":[{"href":"https:\/\/rodoaed.ee\/fi\/wp-json\/wp\/v2\/media?parent=53403"}],"wp:term":[{"taxonomy":"product_brand","embeddable":true,"href":"https:\/\/rodoaed.ee\/fi\/wp-json\/wp\/v2\/product_brand?post=53403"},{"taxonomy":"product_cat","embeddable":true,"href":"https:\/\/rodoaed.ee\/fi\/wp-json\/wp\/v2\/product_cat?post=53403"},{"taxonomy":"product_tag","embeddable":true,"href":"https:\/\/rodoaed.ee\/fi\/wp-json\/wp\/v2\/product_tag?post=53403"}],"curies":[{"name":"wp","href":"https:\/\/api.w.org\/{rel}","templated":true}]}}