{"id":53405,"date":"2019-08-02T12:47:55","date_gmt":"2019-08-02T09:47:55","guid":{"rendered":"https:\/\/rodoaed.ee\/toode\/lepakkolaatikko-2f-yleiseen-kayttoon\/"},"modified":"2026-04-13T11:05:15","modified_gmt":"2026-04-13T08:05:15","slug":"lepakkolaatikko-2f-yleiseen-kayttoon","status":"publish","type":"product","link":"https:\/\/rodoaed.ee\/fi\/tuote\/lepakkolaatikko-2f-yleiseen-kayttoon\/","title":{"rendered":"Lepakkolaatikko 2F yleiseen k\u00e4ytt\u00f6\u00f6n"},"content":{"rendered":"<h2>Lepakkokoppa 2F on tarkoitettu kes\u00e4k\u00e4ytt\u00f6\u00f6n eli lepakoiden kasvatukseen.<\/h2>\n<p>Se on my\u00f6s ihanteellinen &#8221;Starter Kit&#8221; -malli, jonka avulla voit selvitt\u00e4\u00e4, onko alueellasi lepakoita vai ei. Jos laatikossa ei ole asunut lepakoita pariin vuoteen tai siell\u00e4 ei todellakaan ole lepakoita, laatikko on helppo muuntaa 2M-lintulaatikoksi etupaneelia vaihtamalla. Etupaneelit voi ostaa erikseen.  <\/p>\n<p>Kaikkien pes\u00e4laatikoiden mukana toimitetaan ripustuskannattimet ja erityinen Schweglerin alumiininaulain. <\/p>\n<p>&nbsp;<\/p>\n<p><strong>Pes\u00e4laatikon asennuspaikka:<\/strong><\/p>\n<p>Puiden rungoissa tai rakennuksissa<\/p>\n<figure id=\"attachment_3856\" aria-describedby=\"caption-attachment-3856\" style=\"width: 200px\" class=\"wp-caption alignright\"><img loading=\"lazy\" decoding=\"async\" class=\"size-medium-single-product wp-image-3856 \" src=\"https:\/\/www.rodoaed.ee\/wp-content\/uploads\/2013\/07\/Nahkhiire-pesakast-2F_2-200x150.jpg\" alt=\"\" width=\"200\" height=\"150\"><figcaption id=\"caption-attachment-3856\" class=\"wp-caption-text\">N\u00e4kym\u00e4 pes\u00e4n lentokannelle<\/figcaption><\/figure>\n<p>Helppo puhdistaa ja tarkastaa irrotettavan etupaneelin ansiosta<\/p>\n<p><strong>Materiaali:<\/strong><\/p>\n<p>SCHWEGLER ilmaa l\u00e4p\u00e4isev\u00e4 ja pitk\u00e4ik\u00e4inen puubetoni<\/p>\n<p><strong>Setti sis\u00e4lt\u00e4\u00e4:<\/strong><\/p>\n<ul>\n<li>Pes\u00e4laatikko, jossa on irrotettava etupaneeli<\/li>\n<li>Sinkitty ter\u00e4skiinnike &#8211; mets\u00e4talous hyv\u00e4ksytty.<\/li>\n<li>Alumiinipiikki &#8211; mets\u00e4talouden hyv\u00e4ksym\u00e4<\/li>\n<\/ul>\n<p><strong>V\u00e4ri:<\/strong><\/p>\n<p>Musta<\/p>\n<p><strong>Pes\u00e4kotelon mitat:<\/strong><\/p>\n<p>Syvyys: 14 cm x Leveys: 27 cm x Korkeus: 43 cm.<\/p>\n<p><strong>Lentoreitin koko:<\/strong><\/p>\n<p>kapea rako<\/p>\n<p><strong>Kuka t\u00e4ytt\u00e4\u00e4 pes\u00e4kotelon:<\/strong><\/p>\n<p><em><em>Eri lepakkolajit<\/em><\/em><\/p>\n<p><strong>Pes\u00e4kotelon paino: 3,8<\/strong> kg<\/p>\n","protected":false},"excerpt":{"rendered":"<p>Lepakkokoppa 2F on tarkoitettu kes\u00e4k\u00e4ytt\u00f6\u00f6n eli lepakoiden kasvatukseen. Se on my\u00f6s ihanteellinen &#8221;Starter Kit&#8221; -malli, jonka avulla voit selvitt\u00e4\u00e4, onko alueellasi lepakoita vai ei. Jos laatikossa ei ole asunut lepakoita pariin vuoteen tai siell\u00e4 ei todellakaan ole lepakoita, laatikko on helppo muuntaa 2M-lintulaatikoksi etupaneelia vaihtamalla. Etupaneelit voi ostaa erikseen. Kaikkien pes\u00e4laatikoiden mukana toimitetaan ripustuskannattimet ja erityinen Schweglerin alumiininaulain. &nbsp; Pes\u00e4laatikon asennuspaikka: Puiden rungoissa tai rakennuksissa&#8230;<\/p>\n","protected":false},"featured_media":25687,"template":"","meta":{"_acf_changed":false},"product_brand":[],"product_cat":[1958,1743,1851,1745],"product_tag":[],"class_list":{"0":"post-53405","1":"product","2":"type-product","3":"status-publish","4":"has-post-thumbnail","6":"product_cat-lepakoiden-pesakotelot","7":"product_cat-lisalahjat-lahjat","8":"product_cat-pesakotelot","9":"product_cat-suuri-varaston-tyhjennysmyynti","10":"product_shipping_class-toimitus-1-3-tyopaivan-kuluessa","11":"pa_variatsioon-lepakkolaatikko-2f-yleiseen-kayttoon","13":"first","14":"instock","15":"sale","16":"taxable","17":"shipping-taxable","18":"purchasable","19":"product-type-simple"},"acf":[],"yoast_head":"<!-- This site is optimized with the Yoast SEO Premium plugin v27.3 (Yoast SEO v27.3) - https:\/\/yoast.com\/product\/yoast-seo-premium-wordpress\/ -->\n<title>Lepakkolaatikko 2F yleiseen k\u00e4ytt\u00f6\u00f6n - Rodoaed<\/title>\n<meta name=\"robots\" content=\"index, follow, max-snippet:-1, max-image-preview:large, max-video-preview:-1\" \/>\n<link rel=\"canonical\" href=\"https:\/\/rodoaed.ee\/fi\/toode\/lepakkolaatikko-2f-yleiseen-kayttoon\/\" \/>\n<meta property=\"og:locale\" content=\"fi_FI\" \/>\n<meta property=\"og:type\" content=\"article\" \/>\n<meta property=\"og:title\" content=\"Lepakkolaatikko 2F yleiseen k\u00e4ytt\u00f6\u00f6n\" \/>\n<meta property=\"og:description\" content=\"Lepakkokoppa 2F on tarkoitettu kes\u00e4k\u00e4ytt\u00f6\u00f6n eli lepakoiden kasvatukseen. Se on my\u00f6s ihanteellinen &quot;Starter Kit&quot; -malli, jonka avulla voit selvitt\u00e4\u00e4, onko\" \/>\n<meta property=\"og:url\" content=\"https:\/\/rodoaed.ee\/fi\/toode\/lepakkolaatikko-2f-yleiseen-kayttoon\/\" \/>\n<meta property=\"og:site_name\" content=\"Rodoaed\" \/>\n<meta property=\"article:publisher\" content=\"https:\/\/www.facebook.com\/kasvuhooned\/\" \/>\n<meta property=\"article:modified_time\" content=\"2026-04-13T08:05:15+00:00\" \/>\n<meta property=\"og:image\" content=\"https:\/\/rodoaed.ee\/wp-content\/uploads\/2019\/08\/nahkhiire-pesakast-2F_134_01.jpg\" \/>\n\t<meta property=\"og:image:width\" content=\"588\" \/>\n\t<meta property=\"og:image:height\" content=\"1280\" \/>\n\t<meta property=\"og:image:type\" content=\"image\/jpeg\" \/>\n<meta name=\"twitter:card\" content=\"summary_large_image\" \/>\n<meta name=\"twitter:label1\" content=\"Arvioitu lukuaika\" \/>\n\t<meta name=\"twitter:data1\" content=\"1 minuutti\" \/>\n<script type=\"application\/ld+json\" class=\"yoast-schema-graph\">{\"@context\":\"https:\\\/\\\/schema.org\",\"@graph\":[{\"@type\":\"WebPage\",\"@id\":\"https:\\\/\\\/rodoaed.ee\\\/fi\\\/toode\\\/lepakkolaatikko-2f-yleiseen-kayttoon\\\/\",\"url\":\"https:\\\/\\\/rodoaed.ee\\\/fi\\\/toode\\\/lepakkolaatikko-2f-yleiseen-kayttoon\\\/\",\"name\":\"Lepakkolaatikko 2F yleiseen k\u00e4ytt\u00f6\u00f6n - Rodoaed\",\"isPartOf\":{\"@id\":\"https:\\\/\\\/rodoaed.ee\\\/#website\"},\"primaryImageOfPage\":{\"@id\":\"https:\\\/\\\/rodoaed.ee\\\/fi\\\/toode\\\/lepakkolaatikko-2f-yleiseen-kayttoon\\\/#primaryimage\"},\"image\":{\"@id\":\"https:\\\/\\\/rodoaed.ee\\\/fi\\\/toode\\\/lepakkolaatikko-2f-yleiseen-kayttoon\\\/#primaryimage\"},\"thumbnailUrl\":\"https:\\\/\\\/rodoaed.ee\\\/wp-content\\\/uploads\\\/2019\\\/08\\\/nahkhiire-pesakast-2F_134_01.jpg\",\"datePublished\":\"2019-08-02T09:47:55+00:00\",\"dateModified\":\"2026-04-13T08:05:15+00:00\",\"breadcrumb\":{\"@id\":\"https:\\\/\\\/rodoaed.ee\\\/fi\\\/toode\\\/lepakkolaatikko-2f-yleiseen-kayttoon\\\/#breadcrumb\"},\"inLanguage\":\"fi\",\"potentialAction\":[{\"@type\":\"ReadAction\",\"target\":[\"https:\\\/\\\/rodoaed.ee\\\/fi\\\/toode\\\/lepakkolaatikko-2f-yleiseen-kayttoon\\\/\"]}]},{\"@type\":\"ImageObject\",\"inLanguage\":\"fi\",\"@id\":\"https:\\\/\\\/rodoaed.ee\\\/fi\\\/toode\\\/lepakkolaatikko-2f-yleiseen-kayttoon\\\/#primaryimage\",\"url\":\"https:\\\/\\\/rodoaed.ee\\\/wp-content\\\/uploads\\\/2019\\\/08\\\/nahkhiire-pesakast-2F_134_01.jpg\",\"contentUrl\":\"https:\\\/\\\/rodoaed.ee\\\/wp-content\\\/uploads\\\/2019\\\/08\\\/nahkhiire-pesakast-2F_134_01.jpg\",\"width\":588,\"height\":1280},{\"@type\":\"BreadcrumbList\",\"@id\":\"https:\\\/\\\/rodoaed.ee\\\/fi\\\/toode\\\/lepakkolaatikko-2f-yleiseen-kayttoon\\\/#breadcrumb\",\"itemListElement\":[{\"@type\":\"ListItem\",\"position\":1,\"name\":\"Home\",\"item\":\"https:\\\/\\\/rodoaed.ee\\\/fi\\\/\"},{\"@type\":\"ListItem\",\"position\":2,\"name\":\"Osta osoitteessa\",\"item\":\"https:\\\/\\\/rodoaed.ee\\\/osta-osoitteessa\\\/\"},{\"@type\":\"ListItem\",\"position\":3,\"name\":\"Lepakkolaatikko 2F yleiseen k\u00e4ytt\u00f6\u00f6n\"}]},{\"@type\":\"WebSite\",\"@id\":\"https:\\\/\\\/rodoaed.ee\\\/#website\",\"url\":\"https:\\\/\\\/rodoaed.ee\\\/\",\"name\":\"Rodoaed\",\"description\":\"\",\"publisher\":{\"@id\":\"https:\\\/\\\/rodoaed.ee\\\/#organization\"},\"potentialAction\":[{\"@type\":\"SearchAction\",\"target\":{\"@type\":\"EntryPoint\",\"urlTemplate\":\"https:\\\/\\\/rodoaed.ee\\\/?s={search_term_string}\"},\"query-input\":{\"@type\":\"PropertyValueSpecification\",\"valueRequired\":true,\"valueName\":\"search_term_string\"}}],\"inLanguage\":\"fi\"},{\"@type\":\"Organization\",\"@id\":\"https:\\\/\\\/rodoaed.ee\\\/#organization\",\"name\":\"Rodoaed\",\"url\":\"https:\\\/\\\/rodoaed.ee\\\/\",\"logo\":{\"@type\":\"ImageObject\",\"inLanguage\":\"fi\",\"@id\":\"https:\\\/\\\/rodoaed.ee\\\/#\\\/schema\\\/logo\\\/image\\\/\",\"url\":\"https:\\\/\\\/rodoaed.ee\\\/wp-content\\\/uploads\\\/2019\\\/11\\\/rodoaed-logo-ilma-taustata.jpg\",\"contentUrl\":\"https:\\\/\\\/rodoaed.ee\\\/wp-content\\\/uploads\\\/2019\\\/11\\\/rodoaed-logo-ilma-taustata.jpg\",\"width\":769,\"height\":268,\"caption\":\"Rodoaed\"},\"image\":{\"@id\":\"https:\\\/\\\/rodoaed.ee\\\/#\\\/schema\\\/logo\\\/image\\\/\"},\"sameAs\":[\"https:\\\/\\\/www.facebook.com\\\/kasvuhooned\\\/\",\"https:\\\/\\\/rodoaed.ee\"]}]}<\/script>\n<!-- \/ Yoast SEO Premium plugin. -->","yoast_head_json":{"title":"Lepakkolaatikko 2F yleiseen k\u00e4ytt\u00f6\u00f6n - Rodoaed","robots":{"index":"index","follow":"follow","max-snippet":"max-snippet:-1","max-image-preview":"max-image-preview:large","max-video-preview":"max-video-preview:-1"},"canonical":"https:\/\/rodoaed.ee\/fi\/toode\/lepakkolaatikko-2f-yleiseen-kayttoon\/","og_locale":"fi_FI","og_type":"article","og_title":"Lepakkolaatikko 2F yleiseen k\u00e4ytt\u00f6\u00f6n","og_description":"Lepakkokoppa 2F on tarkoitettu kes\u00e4k\u00e4ytt\u00f6\u00f6n eli lepakoiden kasvatukseen. Se on my\u00f6s ihanteellinen \"Starter Kit\" -malli, jonka avulla voit selvitt\u00e4\u00e4, onko","og_url":"https:\/\/rodoaed.ee\/fi\/toode\/lepakkolaatikko-2f-yleiseen-kayttoon\/","og_site_name":"Rodoaed","article_publisher":"https:\/\/www.facebook.com\/kasvuhooned\/","article_modified_time":"2026-04-13T08:05:15+00:00","og_image":[{"width":588,"height":1280,"url":"https:\/\/rodoaed.ee\/wp-content\/uploads\/2019\/08\/nahkhiire-pesakast-2F_134_01.jpg","type":"image\/jpeg"}],"twitter_card":"summary_large_image","twitter_misc":{"Arvioitu lukuaika":"1 minuutti"},"schema":{"@context":"https:\/\/schema.org","@graph":[{"@type":"WebPage","@id":"https:\/\/rodoaed.ee\/fi\/toode\/lepakkolaatikko-2f-yleiseen-kayttoon\/","url":"https:\/\/rodoaed.ee\/fi\/toode\/lepakkolaatikko-2f-yleiseen-kayttoon\/","name":"Lepakkolaatikko 2F yleiseen k\u00e4ytt\u00f6\u00f6n - Rodoaed","isPartOf":{"@id":"https:\/\/rodoaed.ee\/#website"},"primaryImageOfPage":{"@id":"https:\/\/rodoaed.ee\/fi\/toode\/lepakkolaatikko-2f-yleiseen-kayttoon\/#primaryimage"},"image":{"@id":"https:\/\/rodoaed.ee\/fi\/toode\/lepakkolaatikko-2f-yleiseen-kayttoon\/#primaryimage"},"thumbnailUrl":"https:\/\/rodoaed.ee\/wp-content\/uploads\/2019\/08\/nahkhiire-pesakast-2F_134_01.jpg","datePublished":"2019-08-02T09:47:55+00:00","dateModified":"2026-04-13T08:05:15+00:00","breadcrumb":{"@id":"https:\/\/rodoaed.ee\/fi\/toode\/lepakkolaatikko-2f-yleiseen-kayttoon\/#breadcrumb"},"inLanguage":"fi","potentialAction":[{"@type":"ReadAction","target":["https:\/\/rodoaed.ee\/fi\/toode\/lepakkolaatikko-2f-yleiseen-kayttoon\/"]}]},{"@type":"ImageObject","inLanguage":"fi","@id":"https:\/\/rodoaed.ee\/fi\/toode\/lepakkolaatikko-2f-yleiseen-kayttoon\/#primaryimage","url":"https:\/\/rodoaed.ee\/wp-content\/uploads\/2019\/08\/nahkhiire-pesakast-2F_134_01.jpg","contentUrl":"https:\/\/rodoaed.ee\/wp-content\/uploads\/2019\/08\/nahkhiire-pesakast-2F_134_01.jpg","width":588,"height":1280},{"@type":"BreadcrumbList","@id":"https:\/\/rodoaed.ee\/fi\/toode\/lepakkolaatikko-2f-yleiseen-kayttoon\/#breadcrumb","itemListElement":[{"@type":"ListItem","position":1,"name":"Home","item":"https:\/\/rodoaed.ee\/fi\/"},{"@type":"ListItem","position":2,"name":"Osta osoitteessa","item":"https:\/\/rodoaed.ee\/osta-osoitteessa\/"},{"@type":"ListItem","position":3,"name":"Lepakkolaatikko 2F yleiseen k\u00e4ytt\u00f6\u00f6n"}]},{"@type":"WebSite","@id":"https:\/\/rodoaed.ee\/#website","url":"https:\/\/rodoaed.ee\/","name":"Rodoaed","description":"","publisher":{"@id":"https:\/\/rodoaed.ee\/#organization"},"potentialAction":[{"@type":"SearchAction","target":{"@type":"EntryPoint","urlTemplate":"https:\/\/rodoaed.ee\/?s={search_term_string}"},"query-input":{"@type":"PropertyValueSpecification","valueRequired":true,"valueName":"search_term_string"}}],"inLanguage":"fi"},{"@type":"Organization","@id":"https:\/\/rodoaed.ee\/#organization","name":"Rodoaed","url":"https:\/\/rodoaed.ee\/","logo":{"@type":"ImageObject","inLanguage":"fi","@id":"https:\/\/rodoaed.ee\/#\/schema\/logo\/image\/","url":"https:\/\/rodoaed.ee\/wp-content\/uploads\/2019\/11\/rodoaed-logo-ilma-taustata.jpg","contentUrl":"https:\/\/rodoaed.ee\/wp-content\/uploads\/2019\/11\/rodoaed-logo-ilma-taustata.jpg","width":769,"height":268,"caption":"Rodoaed"},"image":{"@id":"https:\/\/rodoaed.ee\/#\/schema\/logo\/image\/"},"sameAs":["https:\/\/www.facebook.com\/kasvuhooned\/","https:\/\/rodoaed.ee"]}]}},"_links":{"self":[{"href":"https:\/\/rodoaed.ee\/fi\/wp-json\/wp\/v2\/product\/53405","targetHints":{"allow":["GET"]}}],"collection":[{"href":"https:\/\/rodoaed.ee\/fi\/wp-json\/wp\/v2\/product"}],"about":[{"href":"https:\/\/rodoaed.ee\/fi\/wp-json\/wp\/v2\/types\/product"}],"wp:featuredmedia":[{"embeddable":true,"href":"https:\/\/rodoaed.ee\/fi\/wp-json\/wp\/v2\/media\/25687"}],"wp:attachment":[{"href":"https:\/\/rodoaed.ee\/fi\/wp-json\/wp\/v2\/media?parent=53405"}],"wp:term":[{"taxonomy":"product_brand","embeddable":true,"href":"https:\/\/rodoaed.ee\/fi\/wp-json\/wp\/v2\/product_brand?post=53405"},{"taxonomy":"product_cat","embeddable":true,"href":"https:\/\/rodoaed.ee\/fi\/wp-json\/wp\/v2\/product_cat?post=53405"},{"taxonomy":"product_tag","embeddable":true,"href":"https:\/\/rodoaed.ee\/fi\/wp-json\/wp\/v2\/product_tag?post=53405"}],"curies":[{"name":"wp","href":"https:\/\/api.w.org\/{rel}","templated":true}]}}