{"id":53406,"date":"2019-08-02T12:48:16","date_gmt":"2019-08-02T09:48:16","guid":{"rendered":"https:\/\/rodoaed.ee\/toode\/ruokailu-rakastan-robins\/"},"modified":"2026-04-13T11:05:19","modified_gmt":"2026-04-13T08:05:19","slug":"ruokailu-rakastan-robins","status":"publish","type":"product","link":"https:\/\/rodoaed.ee\/fi\/tuote\/ruokailu-rakastan-robins\/","title":{"rendered":"Ruokailu &#8211; Rakastan Robins"},"content":{"rendered":"<h2>Valmistaudu j\u00e4nnitt\u00e4viin vieraisiin. Kiinnit\u00e4 t\u00e4m\u00e4 komea ruokailutarjotin ikkunaan, lis\u00e4\u00e4 I love Robins -erikoisaihe ja odota. Pian robiinit ja muutkin ilmestyv\u00e4t.  <\/h2>\n<p>Suuret lintujen ruokintapaikat ovat hienoja ja k\u00e4yt\u00e4nn\u00f6llisi\u00e4, mutta pienet ovat aina kauniita.<\/p>\n<p>T\u00e4m\u00e4 pikkuruinen punakylkirastas on t\u00e4ydellinen paikallinen ruokailupaikka.<\/p>\n<p>Kiinnit\u00e4 ruokailutarjotin tukevasti ikkunalasiin, ja sinulla on loistava tilaisuus ihailla j\u00e4nnitt\u00e4vi\u00e4 lintuja l\u00e4heiselt\u00e4 maalta.<\/p>\n<p>Pid\u00e4 t\u00e4t\u00e4 erityisesti pikkulinnuille suunniteltua ruokintalaitetta, joka sis\u00e4lt\u00e4\u00e4 matoja ja muita herkkuja <a href=\"https:\/\/www.rodoaed.ee\/tooted\/pesakastid-ja-linnusoogid\/talvine-ja-suvine-toitmine\/punarinna-maius-i-love-robins\/i-love-robins-soogisegu\/\">nimelt\u00e4 &#8221;I Love Robins\u2122<\/a>&#8221;.<\/p>\n<p>Kest\u00e4v\u00e4st\u00e4 polykarbonaatista valettu lasi kest\u00e4\u00e4 s\u00e4\u00e4nkest\u00e4vyytt\u00e4 &#8211; se ei halkeile eik\u00e4 muuta v\u00e4ri\u00e4\u00e4n, ja se on eritt\u00e4in helppo puhdistaa.<\/p>\n<p>&nbsp;<\/p>\n<p><strong>V\u00e4ri:<\/strong><\/p>\n<p>L\u00e4pin\u00e4kyv\u00e4 polykarbonaatti<\/p>\n<p><strong>Materiaali:<\/strong><\/p>\n<p>Polykarbonaatti<\/p>\n<p><strong>Mitat :<\/strong><strong><\/p>\n<p><\/strong>Leveys 12 cm x korkeus 3,5 cm x syvyys 11 cm.<\/p>\n<p><strong>Paino: <\/strong>0,1 kg<\/p>\n<img loading=\"lazy\" decoding=\"async\" class=\"size-medium-single-product wp-image-4264\" src=\"https:\/\/www.rodoaed.ee\/wp-content\/uploads\/2013\/07\/I-love-Robins-toit-200x150.jpg\" alt=\"\" width=\"200\" height=\"150\">\n","protected":false},"excerpt":{"rendered":"<p>Valmistaudu j\u00e4nnitt\u00e4viin vieraisiin. Kiinnit\u00e4 t\u00e4m\u00e4 komea ruokailutarjotin ikkunaan, lis\u00e4\u00e4 I love Robins -erikoisaihe ja odota. Pian robiinit ja muutkin ilmestyv\u00e4t. Suuret lintujen ruokintapaikat ovat hienoja ja k\u00e4yt\u00e4nn\u00f6llisi\u00e4, mutta pienet ovat aina kauniita. T\u00e4m\u00e4 pikkuruinen punakylkirastas on t\u00e4ydellinen paikallinen ruokailupaikka. Kiinnit\u00e4 ruokailutarjotin tukevasti ikkunalasiin, ja sinulla on loistava tilaisuus ihailla j\u00e4nnitt\u00e4vi\u00e4 lintuja l\u00e4heiselt\u00e4 maalta. Pid\u00e4 t\u00e4t\u00e4 erityisesti pikkulinnuille suunniteltua ruokintalaitetta, joka sis\u00e4lt\u00e4\u00e4 matoja ja muita herkkuja&#8230;<\/p>\n","protected":false},"featured_media":18441,"template":"","meta":{"_acf_changed":false},"product_brand":[],"product_cat":[2254,1767],"product_tag":[],"class_list":{"0":"post-53406","1":"product","2":"type-product","3":"status-publish","4":"has-post-thumbnail","6":"product_cat-i-love-robins-mallasvallihauta","7":"product_cat-linnaillalliset-ja-linnan-ravintolat","8":"product_shipping_class-toimitus-1-3-tyopaivan-kuluessa","9":"pa_variatsioon-robins-treat-rakastan-robins","11":"first","12":"instock","13":"taxable","14":"shipping-taxable","15":"purchasable","16":"product-type-simple"},"acf":[],"yoast_head":"<!-- This site is optimized with the Yoast SEO Premium plugin v27.3 (Yoast SEO v27.3) - https:\/\/yoast.com\/product\/yoast-seo-premium-wordpress\/ -->\n<title>Ruokailu - Rakastan Robins - Rodoaed<\/title>\n<meta name=\"robots\" content=\"index, follow, max-snippet:-1, max-image-preview:large, max-video-preview:-1\" \/>\n<link rel=\"canonical\" href=\"https:\/\/rodoaed.ee\/toode\/ruokailu-rakastan-robins\/\" \/>\n<meta property=\"og:locale\" content=\"fi_FI\" \/>\n<meta property=\"og:type\" content=\"article\" \/>\n<meta property=\"og:title\" content=\"Ruokailu - Rakastan Robins\" \/>\n<meta property=\"og:description\" content=\"Valmistaudu j\u00e4nnitt\u00e4viin vieraisiin. Kiinnit\u00e4 t\u00e4m\u00e4 komea ruokailutarjotin ikkunaan, lis\u00e4\u00e4 I love Robins -erikoisaihe ja odota. Pian robiinit ja muutkin\" \/>\n<meta property=\"og:url\" content=\"https:\/\/rodoaed.ee\/toode\/ruokailu-rakastan-robins\/\" \/>\n<meta property=\"og:site_name\" content=\"Rodoaed\" \/>\n<meta property=\"article:publisher\" content=\"https:\/\/www.facebook.com\/kasvuhooned\/\" \/>\n<meta property=\"article:modified_time\" content=\"2026-04-13T08:05:19+00:00\" \/>\n<meta name=\"twitter:card\" content=\"summary_large_image\" \/>\n<meta name=\"twitter:label1\" content=\"Arvioitu lukuaika\" \/>\n\t<meta name=\"twitter:data1\" content=\"1 minuutti\" \/>\n<script type=\"application\/ld+json\" class=\"yoast-schema-graph\">{\"@context\":\"https:\\\/\\\/schema.org\",\"@graph\":[{\"@type\":\"WebPage\",\"@id\":\"https:\\\/\\\/rodoaed.ee\\\/toode\\\/ruokailu-rakastan-robins\\\/\",\"url\":\"https:\\\/\\\/rodoaed.ee\\\/toode\\\/ruokailu-rakastan-robins\\\/\",\"name\":\"Ruokailu - Rakastan Robins - Rodoaed\",\"isPartOf\":{\"@id\":\"https:\\\/\\\/rodoaed.ee\\\/#website\"},\"primaryImageOfPage\":{\"@id\":\"https:\\\/\\\/rodoaed.ee\\\/toode\\\/ruokailu-rakastan-robins\\\/#primaryimage\"},\"image\":{\"@id\":\"https:\\\/\\\/rodoaed.ee\\\/toode\\\/ruokailu-rakastan-robins\\\/#primaryimage\"},\"thumbnailUrl\":\"https:\\\/\\\/rodoaed.ee\\\/wp-content\\\/uploads\\\/2019\\\/07\\\/I-love-Robins_s\u00f6\u00f6tja_2.jpg\",\"datePublished\":\"2019-08-02T09:48:16+00:00\",\"dateModified\":\"2026-04-13T08:05:19+00:00\",\"breadcrumb\":{\"@id\":\"https:\\\/\\\/rodoaed.ee\\\/toode\\\/ruokailu-rakastan-robins\\\/#breadcrumb\"},\"inLanguage\":\"fi\",\"potentialAction\":[{\"@type\":\"ReadAction\",\"target\":[\"https:\\\/\\\/rodoaed.ee\\\/toode\\\/ruokailu-rakastan-robins\\\/\"]}]},{\"@type\":\"ImageObject\",\"inLanguage\":\"fi\",\"@id\":\"https:\\\/\\\/rodoaed.ee\\\/toode\\\/ruokailu-rakastan-robins\\\/#primaryimage\",\"url\":\"https:\\\/\\\/rodoaed.ee\\\/wp-content\\\/uploads\\\/2019\\\/07\\\/I-love-Robins_s\u00f6\u00f6tja_2.jpg\",\"contentUrl\":\"https:\\\/\\\/rodoaed.ee\\\/wp-content\\\/uploads\\\/2019\\\/07\\\/I-love-Robins_s\u00f6\u00f6tja_2.jpg\",\"width\":400,\"height\":232},{\"@type\":\"BreadcrumbList\",\"@id\":\"https:\\\/\\\/rodoaed.ee\\\/toode\\\/ruokailu-rakastan-robins\\\/#breadcrumb\",\"itemListElement\":[{\"@type\":\"ListItem\",\"position\":1,\"name\":\"Home\",\"item\":\"https:\\\/\\\/rodoaed.ee\\\/fi\\\/\"},{\"@type\":\"ListItem\",\"position\":2,\"name\":\"Osta osoitteessa\",\"item\":\"https:\\\/\\\/rodoaed.ee\\\/osta-osoitteessa\\\/\"},{\"@type\":\"ListItem\",\"position\":3,\"name\":\"Ruokailu &#8211; Rakastan Robins\"}]},{\"@type\":\"WebSite\",\"@id\":\"https:\\\/\\\/rodoaed.ee\\\/#website\",\"url\":\"https:\\\/\\\/rodoaed.ee\\\/\",\"name\":\"Rodoaed\",\"description\":\"\",\"publisher\":{\"@id\":\"https:\\\/\\\/rodoaed.ee\\\/#organization\"},\"potentialAction\":[{\"@type\":\"SearchAction\",\"target\":{\"@type\":\"EntryPoint\",\"urlTemplate\":\"https:\\\/\\\/rodoaed.ee\\\/?s={search_term_string}\"},\"query-input\":{\"@type\":\"PropertyValueSpecification\",\"valueRequired\":true,\"valueName\":\"search_term_string\"}}],\"inLanguage\":\"fi\"},{\"@type\":\"Organization\",\"@id\":\"https:\\\/\\\/rodoaed.ee\\\/#organization\",\"name\":\"Rodoaed\",\"url\":\"https:\\\/\\\/rodoaed.ee\\\/\",\"logo\":{\"@type\":\"ImageObject\",\"inLanguage\":\"fi\",\"@id\":\"https:\\\/\\\/rodoaed.ee\\\/#\\\/schema\\\/logo\\\/image\\\/\",\"url\":\"https:\\\/\\\/rodoaed.ee\\\/wp-content\\\/uploads\\\/2019\\\/11\\\/rodoaed-logo-ilma-taustata.jpg\",\"contentUrl\":\"https:\\\/\\\/rodoaed.ee\\\/wp-content\\\/uploads\\\/2019\\\/11\\\/rodoaed-logo-ilma-taustata.jpg\",\"width\":769,\"height\":268,\"caption\":\"Rodoaed\"},\"image\":{\"@id\":\"https:\\\/\\\/rodoaed.ee\\\/#\\\/schema\\\/logo\\\/image\\\/\"},\"sameAs\":[\"https:\\\/\\\/www.facebook.com\\\/kasvuhooned\\\/\",\"https:\\\/\\\/rodoaed.ee\"]}]}<\/script>\n<!-- \/ Yoast SEO Premium plugin. -->","yoast_head_json":{"title":"Ruokailu - Rakastan Robins - Rodoaed","robots":{"index":"index","follow":"follow","max-snippet":"max-snippet:-1","max-image-preview":"max-image-preview:large","max-video-preview":"max-video-preview:-1"},"canonical":"https:\/\/rodoaed.ee\/toode\/ruokailu-rakastan-robins\/","og_locale":"fi_FI","og_type":"article","og_title":"Ruokailu - Rakastan Robins","og_description":"Valmistaudu j\u00e4nnitt\u00e4viin vieraisiin. Kiinnit\u00e4 t\u00e4m\u00e4 komea ruokailutarjotin ikkunaan, lis\u00e4\u00e4 I love Robins -erikoisaihe ja odota. Pian robiinit ja muutkin","og_url":"https:\/\/rodoaed.ee\/toode\/ruokailu-rakastan-robins\/","og_site_name":"Rodoaed","article_publisher":"https:\/\/www.facebook.com\/kasvuhooned\/","article_modified_time":"2026-04-13T08:05:19+00:00","twitter_card":"summary_large_image","twitter_misc":{"Arvioitu lukuaika":"1 minuutti"},"schema":{"@context":"https:\/\/schema.org","@graph":[{"@type":"WebPage","@id":"https:\/\/rodoaed.ee\/toode\/ruokailu-rakastan-robins\/","url":"https:\/\/rodoaed.ee\/toode\/ruokailu-rakastan-robins\/","name":"Ruokailu - Rakastan Robins - Rodoaed","isPartOf":{"@id":"https:\/\/rodoaed.ee\/#website"},"primaryImageOfPage":{"@id":"https:\/\/rodoaed.ee\/toode\/ruokailu-rakastan-robins\/#primaryimage"},"image":{"@id":"https:\/\/rodoaed.ee\/toode\/ruokailu-rakastan-robins\/#primaryimage"},"thumbnailUrl":"https:\/\/rodoaed.ee\/wp-content\/uploads\/2019\/07\/I-love-Robins_s\u00f6\u00f6tja_2.jpg","datePublished":"2019-08-02T09:48:16+00:00","dateModified":"2026-04-13T08:05:19+00:00","breadcrumb":{"@id":"https:\/\/rodoaed.ee\/toode\/ruokailu-rakastan-robins\/#breadcrumb"},"inLanguage":"fi","potentialAction":[{"@type":"ReadAction","target":["https:\/\/rodoaed.ee\/toode\/ruokailu-rakastan-robins\/"]}]},{"@type":"ImageObject","inLanguage":"fi","@id":"https:\/\/rodoaed.ee\/toode\/ruokailu-rakastan-robins\/#primaryimage","url":"https:\/\/rodoaed.ee\/wp-content\/uploads\/2019\/07\/I-love-Robins_s\u00f6\u00f6tja_2.jpg","contentUrl":"https:\/\/rodoaed.ee\/wp-content\/uploads\/2019\/07\/I-love-Robins_s\u00f6\u00f6tja_2.jpg","width":400,"height":232},{"@type":"BreadcrumbList","@id":"https:\/\/rodoaed.ee\/toode\/ruokailu-rakastan-robins\/#breadcrumb","itemListElement":[{"@type":"ListItem","position":1,"name":"Home","item":"https:\/\/rodoaed.ee\/fi\/"},{"@type":"ListItem","position":2,"name":"Osta osoitteessa","item":"https:\/\/rodoaed.ee\/osta-osoitteessa\/"},{"@type":"ListItem","position":3,"name":"Ruokailu &#8211; Rakastan Robins"}]},{"@type":"WebSite","@id":"https:\/\/rodoaed.ee\/#website","url":"https:\/\/rodoaed.ee\/","name":"Rodoaed","description":"","publisher":{"@id":"https:\/\/rodoaed.ee\/#organization"},"potentialAction":[{"@type":"SearchAction","target":{"@type":"EntryPoint","urlTemplate":"https:\/\/rodoaed.ee\/?s={search_term_string}"},"query-input":{"@type":"PropertyValueSpecification","valueRequired":true,"valueName":"search_term_string"}}],"inLanguage":"fi"},{"@type":"Organization","@id":"https:\/\/rodoaed.ee\/#organization","name":"Rodoaed","url":"https:\/\/rodoaed.ee\/","logo":{"@type":"ImageObject","inLanguage":"fi","@id":"https:\/\/rodoaed.ee\/#\/schema\/logo\/image\/","url":"https:\/\/rodoaed.ee\/wp-content\/uploads\/2019\/11\/rodoaed-logo-ilma-taustata.jpg","contentUrl":"https:\/\/rodoaed.ee\/wp-content\/uploads\/2019\/11\/rodoaed-logo-ilma-taustata.jpg","width":769,"height":268,"caption":"Rodoaed"},"image":{"@id":"https:\/\/rodoaed.ee\/#\/schema\/logo\/image\/"},"sameAs":["https:\/\/www.facebook.com\/kasvuhooned\/","https:\/\/rodoaed.ee"]}]}},"_links":{"self":[{"href":"https:\/\/rodoaed.ee\/fi\/wp-json\/wp\/v2\/product\/53406","targetHints":{"allow":["GET"]}}],"collection":[{"href":"https:\/\/rodoaed.ee\/fi\/wp-json\/wp\/v2\/product"}],"about":[{"href":"https:\/\/rodoaed.ee\/fi\/wp-json\/wp\/v2\/types\/product"}],"wp:featuredmedia":[{"embeddable":true,"href":"https:\/\/rodoaed.ee\/fi\/wp-json\/wp\/v2\/media\/18441"}],"wp:attachment":[{"href":"https:\/\/rodoaed.ee\/fi\/wp-json\/wp\/v2\/media?parent=53406"}],"wp:term":[{"taxonomy":"product_brand","embeddable":true,"href":"https:\/\/rodoaed.ee\/fi\/wp-json\/wp\/v2\/product_brand?post=53406"},{"taxonomy":"product_cat","embeddable":true,"href":"https:\/\/rodoaed.ee\/fi\/wp-json\/wp\/v2\/product_cat?post=53406"},{"taxonomy":"product_tag","embeddable":true,"href":"https:\/\/rodoaed.ee\/fi\/wp-json\/wp\/v2\/product_tag?post=53406"}],"curies":[{"name":"wp","href":"https:\/\/api.w.org\/{rel}","templated":true}]}}