{"id":53407,"date":"2019-08-02T12:48:16","date_gmt":"2019-08-02T09:48:16","guid":{"rendered":"https:\/\/rodoaed.ee\/toode\/luonnon-tarkkailijan-ponnahduslauta-jossa-on-katseluikkuna\/"},"modified":"2026-04-13T11:05:19","modified_gmt":"2026-04-13T08:05:19","slug":"luonnon-tarkkailijan-ponnahduslauta-jossa-on-katseluikkuna","status":"publish","type":"product","link":"https:\/\/rodoaed.ee\/fi\/tuote\/luonnon-tarkkailijan-ponnahduslauta-jossa-on-katseluikkuna\/","title":{"rendered":"Luonnon tarkkailijan ponnahduslauta, jossa on katseluikkuna"},"content":{"rendered":"<h2>Luonnon tarkkailijan ponnahduslauta tarjoaa t\u00e4ydellisen tilaisuuden l\u00f6yt\u00e4\u00e4 ja tarkkailla kiehtovaa el\u00e4m\u00e4\u00e4, joka on yleens\u00e4 piilossa silmilt\u00e4mme.<\/h2>\n<p>Monet el\u00e4imet viihtyv\u00e4t luonnossa kivien alla. Yleens\u00e4 emme n\u00e4e t\u00e4t\u00e4 el\u00e4m\u00e4\u00e4. <\/p>\n<p>Astinlauta on valmistettu erityisest\u00e4 materiaalista, joka varastoi auringon l\u00e4mp\u00f6\u00e4. Astinlauta lep\u00e4\u00e4 galvanoidun metallikehyksen p\u00e4\u00e4ll\u00e4, joka puolestaan on kiinnitetty maahan. Kiven alla ja kehyksen sis\u00e4ll\u00e4 on l\u00e4pin\u00e4kyv\u00e4 akryylinen katseluikkuna, josta voit katsella hy\u00f6nteisi\u00e4 h\u00e4iritsem\u00e4tt\u00e4 niit\u00e4. Peitekivi on helposti irrotettavissa katselua varten ja se voidaan asettaa takaisin kehykseen.   <\/p>\n<p>Esimerkiksi muurahaiset tarvitsevat l\u00e4mp\u00f6\u00e4 kasvattaakseen j\u00e4lkel\u00e4isi\u00e4\u00e4n ja poikasiaan, mink\u00e4 vuoksi ne asuvat mielell\u00e4\u00e4n suoraan t\u00e4m\u00e4n kastekiven alla.<\/p>\n<p>Houkuttelet kuitenkin my\u00f6s monia muita olentoja, joita tavallisesti esiintyy puutarhoissa ja kellareissa. Ne piiloutuvat n\u00e4iden kivien alle p\u00e4iv\u00e4ksi tai talvehtivat siell\u00e4 lopullisesti. N\u00e4iden Naturewatcher-askelkivien alla on jopa 70 eri el\u00e4inlajia.  <\/p>\n<p>Kive\u00e4 voidaan nostaa rajattomasti ilman, ett\u00e4 muurahaisia ja niiden perhett\u00e4 h\u00e4irit\u00e4\u00e4n tai niiden liikkeit\u00e4 vahingoitetaan, sill\u00e4 kiven alla on lis\u00e4ksi kirkas akryylilevy, joka suojaa muurahaisia.<\/p>\n<p><strong>Erityisen k\u00e4tev\u00e4 opetustarkoituksiin kouluissa, p\u00e4iv\u00e4kodeissa, luontopiireiss\u00e4 ja lastenleireill\u00e4. Yksi pit\u00e4isi olla my\u00f6s jokaisessa lapsiperheess\u00e4, jolla on puutarha tai ainakin pala viheraluetta talon l\u00e4hell\u00e4. Se j\u00e4tt\u00e4\u00e4 l\u00e4htem\u00e4tt\u00f6m\u00e4n vaikutuksen jokaiseen lapseen.  <\/strong><\/p>\n<p><strong>Askelkiven asennuksen sijainti:<\/strong><\/p>\n<p>Nurmikolla tai niityll\u00e4 sek\u00e4 puutarhassa tai tienvarressa aurinkoisella tai puolivarjoisalla paikalla. Opetustarkoituksiin tai nuorten tutkimusprojekteja varten voit asettaa useita Nature Watcher Stepping Stones -askelkivi\u00e4 erityyppisille maaper\u00e4tyypeille, kuten mullalle, hiekalle ja kiville, soralle, ja tarkkailla, mitk\u00e4 hy\u00f6nteiset ja el\u00e4imet asuttavat eri paikkoja. <\/p>\n<p><strong>V\u00e4ri:<\/strong><\/p>\n<p>Vaalea hiekan v\u00e4ri<\/p>\n<p><strong>Materiaali:<\/strong><\/p>\n<p>Erityinen kevytbetoniseos<\/p>\n<p><strong>Mitat :<\/strong><\/p>\n<p>40x 40x 5 cm<\/p>\n<p><strong>Ketk\u00e4 asuttavat :<\/strong><\/p>\n<p><em>Muurahaiset, etanat, h\u00e4m\u00e4h\u00e4kit, h\u00e4m\u00e4h\u00e4kit, korvamatot, maanmatot, tuhatjalkaiset, h\u00e4m\u00e4h\u00e4kkipunkit ja monet muut.<\/em><\/p>\n<p><strong>Astinlaudan paino: <\/strong>13,5kg<\/p>\n<p>&nbsp;<\/p>\n<p>&nbsp;<\/p>\n<p>&nbsp;<\/p>\n","protected":false},"excerpt":{"rendered":"<p>Luonnon tarkkailijan ponnahduslauta tarjoaa t\u00e4ydellisen tilaisuuden l\u00f6yt\u00e4\u00e4 ja tarkkailla kiehtovaa el\u00e4m\u00e4\u00e4, joka on yleens\u00e4 piilossa silmilt\u00e4mme. Monet el\u00e4imet viihtyv\u00e4t luonnossa kivien alla. Yleens\u00e4 emme n\u00e4e t\u00e4t\u00e4 el\u00e4m\u00e4\u00e4. Astinlauta on valmistettu erityisest\u00e4 materiaalista, joka varastoi auringon l\u00e4mp\u00f6\u00e4. Astinlauta lep\u00e4\u00e4 galvanoidun metallikehyksen p\u00e4\u00e4ll\u00e4, joka puolestaan on kiinnitetty maahan. Kiven alla ja kehyksen sis\u00e4ll\u00e4 on l\u00e4pin\u00e4kyv\u00e4 akryylinen katseluikkuna, josta voit katsella hy\u00f6nteisi\u00e4 h\u00e4iritsem\u00e4tt\u00e4 niit\u00e4. Peitekivi on helposti irrotettavissa&#8230;<\/p>\n","protected":false},"featured_media":18471,"template":"","meta":{"_acf_changed":false},"product_brand":[],"product_cat":[2256,1854,1852,1851],"product_tag":[],"class_list":{"0":"post-53407","1":"product","2":"type-product","3":"status-publish","4":"has-post-thumbnail","6":"product_cat-askelmerkkeja-luonnon-ystaville","7":"product_cat-hyonteishotellit","8":"product_cat-lintujen-tarvikkeet","9":"product_cat-pesakotelot","10":"product_shipping_class-kuljetus-ainoastaan-kuriiripalvelun-valityksella","11":"pa_variatsioon-luonnon-tarkkailijan-ponnahduslauta-jossa-on-katseluikkuna","13":"first","14":"outofstock","15":"sold-individually","16":"taxable","17":"shipping-taxable","18":"purchasable","19":"product-type-simple"},"acf":[],"yoast_head":"<!-- This site is optimized with the Yoast SEO Premium plugin v27.3 (Yoast SEO v27.3) - https:\/\/yoast.com\/product\/yoast-seo-premium-wordpress\/ -->\n<title>Luonnon tarkkailijan ponnahduslauta, jossa on katseluikkuna - Rodoaed<\/title>\n<meta name=\"robots\" content=\"index, follow, max-snippet:-1, max-image-preview:large, max-video-preview:-1\" \/>\n<link rel=\"canonical\" href=\"https:\/\/rodoaed.ee\/fi\/toode\/luonnon-tarkkailijan-ponnahduslauta-jossa-on-katseluikkuna\/\" \/>\n<meta property=\"og:locale\" content=\"fi_FI\" \/>\n<meta property=\"og:type\" content=\"article\" \/>\n<meta property=\"og:title\" content=\"Luonnon tarkkailijan ponnahduslauta, jossa on katseluikkuna\" \/>\n<meta property=\"og:description\" content=\"Luonnon tarkkailijan ponnahduslauta tarjoaa t\u00e4ydellisen tilaisuuden l\u00f6yt\u00e4\u00e4 ja tarkkailla kiehtovaa el\u00e4m\u00e4\u00e4, joka on yleens\u00e4 piilossa silmilt\u00e4mme. Monet\" \/>\n<meta property=\"og:url\" content=\"https:\/\/rodoaed.ee\/fi\/toode\/luonnon-tarkkailijan-ponnahduslauta-jossa-on-katseluikkuna\/\" \/>\n<meta property=\"og:site_name\" content=\"Rodoaed\" \/>\n<meta property=\"article:publisher\" content=\"https:\/\/www.facebook.com\/kasvuhooned\/\" \/>\n<meta property=\"article:modified_time\" content=\"2026-04-13T08:05:19+00:00\" \/>\n<meta property=\"og:image\" content=\"https:\/\/rodoaed.ee\/wp-content\/uploads\/2019\/07\/Loodusvaatleja-astumiskivi_1.jpg\" \/>\n\t<meta property=\"og:image:width\" content=\"400\" \/>\n\t<meta property=\"og:image:height\" content=\"291\" \/>\n\t<meta property=\"og:image:type\" content=\"image\/jpeg\" \/>\n<meta name=\"twitter:card\" content=\"summary_large_image\" \/>\n<meta name=\"twitter:label1\" content=\"Arvioitu lukuaika\" \/>\n\t<meta name=\"twitter:data1\" content=\"2 minuuttia\" \/>\n<script type=\"application\/ld+json\" class=\"yoast-schema-graph\">{\"@context\":\"https:\\\/\\\/schema.org\",\"@graph\":[{\"@type\":\"WebPage\",\"@id\":\"https:\\\/\\\/rodoaed.ee\\\/fi\\\/toode\\\/luonnon-tarkkailijan-ponnahduslauta-jossa-on-katseluikkuna\\\/\",\"url\":\"https:\\\/\\\/rodoaed.ee\\\/fi\\\/toode\\\/luonnon-tarkkailijan-ponnahduslauta-jossa-on-katseluikkuna\\\/\",\"name\":\"Luonnon tarkkailijan ponnahduslauta, jossa on katseluikkuna - Rodoaed\",\"isPartOf\":{\"@id\":\"https:\\\/\\\/rodoaed.ee\\\/#website\"},\"primaryImageOfPage\":{\"@id\":\"https:\\\/\\\/rodoaed.ee\\\/fi\\\/toode\\\/luonnon-tarkkailijan-ponnahduslauta-jossa-on-katseluikkuna\\\/#primaryimage\"},\"image\":{\"@id\":\"https:\\\/\\\/rodoaed.ee\\\/fi\\\/toode\\\/luonnon-tarkkailijan-ponnahduslauta-jossa-on-katseluikkuna\\\/#primaryimage\"},\"thumbnailUrl\":\"https:\\\/\\\/rodoaed.ee\\\/wp-content\\\/uploads\\\/2019\\\/07\\\/Loodusvaatleja-astumiskivi_1.jpg\",\"datePublished\":\"2019-08-02T09:48:16+00:00\",\"dateModified\":\"2026-04-13T08:05:19+00:00\",\"breadcrumb\":{\"@id\":\"https:\\\/\\\/rodoaed.ee\\\/fi\\\/toode\\\/luonnon-tarkkailijan-ponnahduslauta-jossa-on-katseluikkuna\\\/#breadcrumb\"},\"inLanguage\":\"fi\",\"potentialAction\":[{\"@type\":\"ReadAction\",\"target\":[\"https:\\\/\\\/rodoaed.ee\\\/fi\\\/toode\\\/luonnon-tarkkailijan-ponnahduslauta-jossa-on-katseluikkuna\\\/\"]}]},{\"@type\":\"ImageObject\",\"inLanguage\":\"fi\",\"@id\":\"https:\\\/\\\/rodoaed.ee\\\/fi\\\/toode\\\/luonnon-tarkkailijan-ponnahduslauta-jossa-on-katseluikkuna\\\/#primaryimage\",\"url\":\"https:\\\/\\\/rodoaed.ee\\\/wp-content\\\/uploads\\\/2019\\\/07\\\/Loodusvaatleja-astumiskivi_1.jpg\",\"contentUrl\":\"https:\\\/\\\/rodoaed.ee\\\/wp-content\\\/uploads\\\/2019\\\/07\\\/Loodusvaatleja-astumiskivi_1.jpg\",\"width\":400,\"height\":291},{\"@type\":\"BreadcrumbList\",\"@id\":\"https:\\\/\\\/rodoaed.ee\\\/fi\\\/toode\\\/luonnon-tarkkailijan-ponnahduslauta-jossa-on-katseluikkuna\\\/#breadcrumb\",\"itemListElement\":[{\"@type\":\"ListItem\",\"position\":1,\"name\":\"Home\",\"item\":\"https:\\\/\\\/rodoaed.ee\\\/fi\\\/\"},{\"@type\":\"ListItem\",\"position\":2,\"name\":\"Osta osoitteessa\",\"item\":\"https:\\\/\\\/rodoaed.ee\\\/osta-osoitteessa\\\/\"},{\"@type\":\"ListItem\",\"position\":3,\"name\":\"Luonnon tarkkailijan ponnahduslauta, jossa on katseluikkuna\"}]},{\"@type\":\"WebSite\",\"@id\":\"https:\\\/\\\/rodoaed.ee\\\/#website\",\"url\":\"https:\\\/\\\/rodoaed.ee\\\/\",\"name\":\"Rodoaed\",\"description\":\"\",\"publisher\":{\"@id\":\"https:\\\/\\\/rodoaed.ee\\\/#organization\"},\"potentialAction\":[{\"@type\":\"SearchAction\",\"target\":{\"@type\":\"EntryPoint\",\"urlTemplate\":\"https:\\\/\\\/rodoaed.ee\\\/?s={search_term_string}\"},\"query-input\":{\"@type\":\"PropertyValueSpecification\",\"valueRequired\":true,\"valueName\":\"search_term_string\"}}],\"inLanguage\":\"fi\"},{\"@type\":\"Organization\",\"@id\":\"https:\\\/\\\/rodoaed.ee\\\/#organization\",\"name\":\"Rodoaed\",\"url\":\"https:\\\/\\\/rodoaed.ee\\\/\",\"logo\":{\"@type\":\"ImageObject\",\"inLanguage\":\"fi\",\"@id\":\"https:\\\/\\\/rodoaed.ee\\\/#\\\/schema\\\/logo\\\/image\\\/\",\"url\":\"https:\\\/\\\/rodoaed.ee\\\/wp-content\\\/uploads\\\/2019\\\/11\\\/rodoaed-logo-ilma-taustata.jpg\",\"contentUrl\":\"https:\\\/\\\/rodoaed.ee\\\/wp-content\\\/uploads\\\/2019\\\/11\\\/rodoaed-logo-ilma-taustata.jpg\",\"width\":769,\"height\":268,\"caption\":\"Rodoaed\"},\"image\":{\"@id\":\"https:\\\/\\\/rodoaed.ee\\\/#\\\/schema\\\/logo\\\/image\\\/\"},\"sameAs\":[\"https:\\\/\\\/www.facebook.com\\\/kasvuhooned\\\/\",\"https:\\\/\\\/rodoaed.ee\"]}]}<\/script>\n<!-- \/ Yoast SEO Premium plugin. -->","yoast_head_json":{"title":"Luonnon tarkkailijan ponnahduslauta, jossa on katseluikkuna - Rodoaed","robots":{"index":"index","follow":"follow","max-snippet":"max-snippet:-1","max-image-preview":"max-image-preview:large","max-video-preview":"max-video-preview:-1"},"canonical":"https:\/\/rodoaed.ee\/fi\/toode\/luonnon-tarkkailijan-ponnahduslauta-jossa-on-katseluikkuna\/","og_locale":"fi_FI","og_type":"article","og_title":"Luonnon tarkkailijan ponnahduslauta, jossa on katseluikkuna","og_description":"Luonnon tarkkailijan ponnahduslauta tarjoaa t\u00e4ydellisen tilaisuuden l\u00f6yt\u00e4\u00e4 ja tarkkailla kiehtovaa el\u00e4m\u00e4\u00e4, joka on yleens\u00e4 piilossa silmilt\u00e4mme. Monet","og_url":"https:\/\/rodoaed.ee\/fi\/toode\/luonnon-tarkkailijan-ponnahduslauta-jossa-on-katseluikkuna\/","og_site_name":"Rodoaed","article_publisher":"https:\/\/www.facebook.com\/kasvuhooned\/","article_modified_time":"2026-04-13T08:05:19+00:00","og_image":[{"width":400,"height":291,"url":"https:\/\/rodoaed.ee\/wp-content\/uploads\/2019\/07\/Loodusvaatleja-astumiskivi_1.jpg","type":"image\/jpeg"}],"twitter_card":"summary_large_image","twitter_misc":{"Arvioitu lukuaika":"2 minuuttia"},"schema":{"@context":"https:\/\/schema.org","@graph":[{"@type":"WebPage","@id":"https:\/\/rodoaed.ee\/fi\/toode\/luonnon-tarkkailijan-ponnahduslauta-jossa-on-katseluikkuna\/","url":"https:\/\/rodoaed.ee\/fi\/toode\/luonnon-tarkkailijan-ponnahduslauta-jossa-on-katseluikkuna\/","name":"Luonnon tarkkailijan ponnahduslauta, jossa on katseluikkuna - Rodoaed","isPartOf":{"@id":"https:\/\/rodoaed.ee\/#website"},"primaryImageOfPage":{"@id":"https:\/\/rodoaed.ee\/fi\/toode\/luonnon-tarkkailijan-ponnahduslauta-jossa-on-katseluikkuna\/#primaryimage"},"image":{"@id":"https:\/\/rodoaed.ee\/fi\/toode\/luonnon-tarkkailijan-ponnahduslauta-jossa-on-katseluikkuna\/#primaryimage"},"thumbnailUrl":"https:\/\/rodoaed.ee\/wp-content\/uploads\/2019\/07\/Loodusvaatleja-astumiskivi_1.jpg","datePublished":"2019-08-02T09:48:16+00:00","dateModified":"2026-04-13T08:05:19+00:00","breadcrumb":{"@id":"https:\/\/rodoaed.ee\/fi\/toode\/luonnon-tarkkailijan-ponnahduslauta-jossa-on-katseluikkuna\/#breadcrumb"},"inLanguage":"fi","potentialAction":[{"@type":"ReadAction","target":["https:\/\/rodoaed.ee\/fi\/toode\/luonnon-tarkkailijan-ponnahduslauta-jossa-on-katseluikkuna\/"]}]},{"@type":"ImageObject","inLanguage":"fi","@id":"https:\/\/rodoaed.ee\/fi\/toode\/luonnon-tarkkailijan-ponnahduslauta-jossa-on-katseluikkuna\/#primaryimage","url":"https:\/\/rodoaed.ee\/wp-content\/uploads\/2019\/07\/Loodusvaatleja-astumiskivi_1.jpg","contentUrl":"https:\/\/rodoaed.ee\/wp-content\/uploads\/2019\/07\/Loodusvaatleja-astumiskivi_1.jpg","width":400,"height":291},{"@type":"BreadcrumbList","@id":"https:\/\/rodoaed.ee\/fi\/toode\/luonnon-tarkkailijan-ponnahduslauta-jossa-on-katseluikkuna\/#breadcrumb","itemListElement":[{"@type":"ListItem","position":1,"name":"Home","item":"https:\/\/rodoaed.ee\/fi\/"},{"@type":"ListItem","position":2,"name":"Osta osoitteessa","item":"https:\/\/rodoaed.ee\/osta-osoitteessa\/"},{"@type":"ListItem","position":3,"name":"Luonnon tarkkailijan ponnahduslauta, jossa on katseluikkuna"}]},{"@type":"WebSite","@id":"https:\/\/rodoaed.ee\/#website","url":"https:\/\/rodoaed.ee\/","name":"Rodoaed","description":"","publisher":{"@id":"https:\/\/rodoaed.ee\/#organization"},"potentialAction":[{"@type":"SearchAction","target":{"@type":"EntryPoint","urlTemplate":"https:\/\/rodoaed.ee\/?s={search_term_string}"},"query-input":{"@type":"PropertyValueSpecification","valueRequired":true,"valueName":"search_term_string"}}],"inLanguage":"fi"},{"@type":"Organization","@id":"https:\/\/rodoaed.ee\/#organization","name":"Rodoaed","url":"https:\/\/rodoaed.ee\/","logo":{"@type":"ImageObject","inLanguage":"fi","@id":"https:\/\/rodoaed.ee\/#\/schema\/logo\/image\/","url":"https:\/\/rodoaed.ee\/wp-content\/uploads\/2019\/11\/rodoaed-logo-ilma-taustata.jpg","contentUrl":"https:\/\/rodoaed.ee\/wp-content\/uploads\/2019\/11\/rodoaed-logo-ilma-taustata.jpg","width":769,"height":268,"caption":"Rodoaed"},"image":{"@id":"https:\/\/rodoaed.ee\/#\/schema\/logo\/image\/"},"sameAs":["https:\/\/www.facebook.com\/kasvuhooned\/","https:\/\/rodoaed.ee"]}]}},"_links":{"self":[{"href":"https:\/\/rodoaed.ee\/fi\/wp-json\/wp\/v2\/product\/53407","targetHints":{"allow":["GET"]}}],"collection":[{"href":"https:\/\/rodoaed.ee\/fi\/wp-json\/wp\/v2\/product"}],"about":[{"href":"https:\/\/rodoaed.ee\/fi\/wp-json\/wp\/v2\/types\/product"}],"wp:featuredmedia":[{"embeddable":true,"href":"https:\/\/rodoaed.ee\/fi\/wp-json\/wp\/v2\/media\/18471"}],"wp:attachment":[{"href":"https:\/\/rodoaed.ee\/fi\/wp-json\/wp\/v2\/media?parent=53407"}],"wp:term":[{"taxonomy":"product_brand","embeddable":true,"href":"https:\/\/rodoaed.ee\/fi\/wp-json\/wp\/v2\/product_brand?post=53407"},{"taxonomy":"product_cat","embeddable":true,"href":"https:\/\/rodoaed.ee\/fi\/wp-json\/wp\/v2\/product_cat?post=53407"},{"taxonomy":"product_tag","embeddable":true,"href":"https:\/\/rodoaed.ee\/fi\/wp-json\/wp\/v2\/product_tag?post=53407"}],"curies":[{"name":"wp","href":"https:\/\/api.w.org\/{rel}","templated":true}]}}