{"id":53408,"date":"2019-08-02T12:48:16","date_gmt":"2019-08-02T09:48:16","guid":{"rendered":"https:\/\/rodoaed.ee\/toode\/juomakulho-linnuille-ja-hyonteisille-50cm\/"},"modified":"2026-04-13T11:05:22","modified_gmt":"2026-04-13T08:05:22","slug":"juomakulho-linnuille-ja-hyonteisille-50cm","status":"publish","type":"product","link":"https:\/\/rodoaed.ee\/fi\/tuote\/juomakulho-linnuille-ja-hyonteisille-50cm\/","title":{"rendered":"Juomakulho linnuille ja hy\u00f6nteisille 50cm"},"content":{"rendered":"<h2>Linnut tarvitsevat vett\u00e4 juomiseen, uimiseen ja peseytymiseen. Siksi on eritt\u00e4in t\u00e4rke\u00e4\u00e4, ett\u00e4 puutarhassa on lintukylpy. <\/h2>\n<p>T\u00e4m\u00e4 juomakulho on suunniteltu ja valmistettu siten, ett\u00e4 sek\u00e4 linnut ett\u00e4 hy\u00f6nteiset voivat k\u00e4ytt\u00e4\u00e4 vett\u00e4 mukavasti ja turvallisesti. Vesikulhon sis\u00e4pinnalla on eri korkeuksilla olevia portaita ja tasoja, jotta hy\u00f6nteiset voivat nousta vedest\u00e4 ja lent\u00e4\u00e4 uudelleen. <\/p>\n<p>Punainen v\u00e4ri houkuttelee kastematoja ja perhosia.<\/p>\n<p><strong>Juoma-astian asennuspaikka:<\/strong><\/p>\n<p>Suoraan maahan tai nurmikolle puutarhassa tai rakennuksen l\u00e4helle, jossa on k\u00e4tev\u00e4 lis\u00e4t\u00e4 vett\u00e4 tarvittaessa. K\u00e4yt\u00e4nn\u00f6llinen paikka on lintujen ruokintapaikan l\u00e4hell\u00e4 tai puutarhassa pensaiden edess\u00e4, jossa linnut tuntevat olonsa turvalliseksi. Aurinkoisella, tuulisella paikalla perhosten ja hy\u00f6nteisten on helpompi tulla veden \u00e4\u00e4reen kuin tuulisella paikalla.  <\/p>\n<p><strong>Suositus:<\/strong><\/p>\n<p>Ei sovellu talvik\u00e4ytt\u00f6\u00f6n ilman l\u00e4mmityst\u00e4<\/p>\n<p><strong>V\u00e4ri:<\/strong><\/p>\n<p>Punainen<\/p>\n<p><strong>Materiaali:<\/strong><\/p>\n<p>SCHWEGLER puubetoniseos<\/p>\n<p><strong>Mitat :<\/strong><\/p>\n<p>Halkaisija 50cm ja korkeus 10 cm<\/p>\n<p><strong>Juomakulhon paino: <\/strong>13,5kg<\/p>\n<p>&nbsp;<\/p>\n<p>&nbsp;<\/p>\n<p>&nbsp;<\/p>\n","protected":false},"excerpt":{"rendered":"<p>Linnut tarvitsevat vett\u00e4 juomiseen, uimiseen ja peseytymiseen. Siksi on eritt\u00e4in t\u00e4rke\u00e4\u00e4, ett\u00e4 puutarhassa on lintukylpy. T\u00e4m\u00e4 juomakulho on suunniteltu ja valmistettu siten, ett\u00e4 sek\u00e4 linnut ett\u00e4 hy\u00f6nteiset voivat k\u00e4ytt\u00e4\u00e4 vett\u00e4 mukavasti ja turvallisesti. Vesikulhon sis\u00e4pinnalla on eri korkeuksilla olevia portaita ja tasoja, jotta hy\u00f6nteiset voivat nousta vedest\u00e4 ja lent\u00e4\u00e4 uudelleen. Punainen v\u00e4ri houkuttelee kastematoja ja perhosia. Juoma-astian asennuspaikka: Suoraan maahan tai nurmikolle puutarhassa tai rakennuksen&#8230;<\/p>\n","protected":false},"featured_media":18468,"template":"","meta":{"_acf_changed":false},"product_brand":[],"product_cat":[1854,1855,1856,1852,1851],"product_tag":[],"class_list":{"0":"post-53408","1":"product","2":"type-product","3":"status-publish","4":"has-post-thumbnail","6":"product_cat-hyonteishotellit","7":"product_cat-hyonteisten-juoma-astiat","8":"product_cat-juomakulho-linnuille","9":"product_cat-lintujen-tarvikkeet","10":"product_cat-pesakotelot","11":"pa_variatsioon-juomakulho-linnuille-ja-hyonteisille","13":"first","14":"outofstock","15":"sale","16":"taxable","17":"shipping-taxable","18":"purchasable","19":"product-type-simple"},"acf":[],"yoast_head":"<!-- This site is optimized with the Yoast SEO Premium plugin v27.3 (Yoast SEO v27.3) - https:\/\/yoast.com\/product\/yoast-seo-premium-wordpress\/ -->\n<title>Juomakulho linnuille ja hy\u00f6nteisille 50cm - Rodoaed<\/title>\n<meta name=\"robots\" content=\"index, follow, max-snippet:-1, max-image-preview:large, max-video-preview:-1\" \/>\n<link rel=\"canonical\" href=\"https:\/\/rodoaed.ee\/fi\/toode\/juomakulho-linnuille-ja-hyonteisille-50cm\/\" \/>\n<meta property=\"og:locale\" content=\"fi_FI\" \/>\n<meta property=\"og:type\" content=\"article\" \/>\n<meta property=\"og:title\" content=\"Juomakulho linnuille ja hy\u00f6nteisille 50cm\" \/>\n<meta property=\"og:description\" content=\"Linnut tarvitsevat vett\u00e4 juomiseen, uimiseen ja peseytymiseen. Siksi on eritt\u00e4in t\u00e4rke\u00e4\u00e4, ett\u00e4 puutarhassa on lintukylpy. T\u00e4m\u00e4 juomakulho on suunniteltu\" \/>\n<meta property=\"og:url\" content=\"https:\/\/rodoaed.ee\/fi\/toode\/juomakulho-linnuille-ja-hyonteisille-50cm\/\" \/>\n<meta property=\"og:site_name\" content=\"Rodoaed\" \/>\n<meta property=\"article:publisher\" content=\"https:\/\/www.facebook.com\/kasvuhooned\/\" \/>\n<meta property=\"article:modified_time\" content=\"2026-04-13T08:05:22+00:00\" \/>\n<meta property=\"og:image\" content=\"https:\/\/rodoaed.ee\/wp-content\/uploads\/2019\/07\/Lindude-ja-putukate-joomisn\u00f5u_1.jpg\" \/>\n\t<meta property=\"og:image:width\" content=\"400\" \/>\n\t<meta property=\"og:image:height\" content=\"297\" \/>\n\t<meta property=\"og:image:type\" content=\"image\/jpeg\" \/>\n<meta name=\"twitter:card\" content=\"summary_large_image\" \/>\n<meta name=\"twitter:label1\" content=\"Arvioitu lukuaika\" \/>\n\t<meta name=\"twitter:data1\" content=\"1 minuutti\" \/>\n<script type=\"application\/ld+json\" class=\"yoast-schema-graph\">{\"@context\":\"https:\\\/\\\/schema.org\",\"@graph\":[{\"@type\":\"WebPage\",\"@id\":\"https:\\\/\\\/rodoaed.ee\\\/fi\\\/toode\\\/juomakulho-linnuille-ja-hyonteisille-50cm\\\/\",\"url\":\"https:\\\/\\\/rodoaed.ee\\\/fi\\\/toode\\\/juomakulho-linnuille-ja-hyonteisille-50cm\\\/\",\"name\":\"Juomakulho linnuille ja hy\u00f6nteisille 50cm - Rodoaed\",\"isPartOf\":{\"@id\":\"https:\\\/\\\/rodoaed.ee\\\/#website\"},\"primaryImageOfPage\":{\"@id\":\"https:\\\/\\\/rodoaed.ee\\\/fi\\\/toode\\\/juomakulho-linnuille-ja-hyonteisille-50cm\\\/#primaryimage\"},\"image\":{\"@id\":\"https:\\\/\\\/rodoaed.ee\\\/fi\\\/toode\\\/juomakulho-linnuille-ja-hyonteisille-50cm\\\/#primaryimage\"},\"thumbnailUrl\":\"https:\\\/\\\/rodoaed.ee\\\/wp-content\\\/uploads\\\/2019\\\/07\\\/Lindude-ja-putukate-joomisn\u00f5u_1.jpg\",\"datePublished\":\"2019-08-02T09:48:16+00:00\",\"dateModified\":\"2026-04-13T08:05:22+00:00\",\"breadcrumb\":{\"@id\":\"https:\\\/\\\/rodoaed.ee\\\/fi\\\/toode\\\/juomakulho-linnuille-ja-hyonteisille-50cm\\\/#breadcrumb\"},\"inLanguage\":\"fi\",\"potentialAction\":[{\"@type\":\"ReadAction\",\"target\":[\"https:\\\/\\\/rodoaed.ee\\\/fi\\\/toode\\\/juomakulho-linnuille-ja-hyonteisille-50cm\\\/\"]}]},{\"@type\":\"ImageObject\",\"inLanguage\":\"fi\",\"@id\":\"https:\\\/\\\/rodoaed.ee\\\/fi\\\/toode\\\/juomakulho-linnuille-ja-hyonteisille-50cm\\\/#primaryimage\",\"url\":\"https:\\\/\\\/rodoaed.ee\\\/wp-content\\\/uploads\\\/2019\\\/07\\\/Lindude-ja-putukate-joomisn\u00f5u_1.jpg\",\"contentUrl\":\"https:\\\/\\\/rodoaed.ee\\\/wp-content\\\/uploads\\\/2019\\\/07\\\/Lindude-ja-putukate-joomisn\u00f5u_1.jpg\",\"width\":400,\"height\":297,\"caption\":\"juomakulho linnuille\"},{\"@type\":\"BreadcrumbList\",\"@id\":\"https:\\\/\\\/rodoaed.ee\\\/fi\\\/toode\\\/juomakulho-linnuille-ja-hyonteisille-50cm\\\/#breadcrumb\",\"itemListElement\":[{\"@type\":\"ListItem\",\"position\":1,\"name\":\"Home\",\"item\":\"https:\\\/\\\/rodoaed.ee\\\/fi\\\/\"},{\"@type\":\"ListItem\",\"position\":2,\"name\":\"Osta osoitteessa\",\"item\":\"https:\\\/\\\/rodoaed.ee\\\/osta-osoitteessa\\\/\"},{\"@type\":\"ListItem\",\"position\":3,\"name\":\"Juomakulho linnuille ja hy\u00f6nteisille 50cm\"}]},{\"@type\":\"WebSite\",\"@id\":\"https:\\\/\\\/rodoaed.ee\\\/#website\",\"url\":\"https:\\\/\\\/rodoaed.ee\\\/\",\"name\":\"Rodoaed\",\"description\":\"\",\"publisher\":{\"@id\":\"https:\\\/\\\/rodoaed.ee\\\/#organization\"},\"potentialAction\":[{\"@type\":\"SearchAction\",\"target\":{\"@type\":\"EntryPoint\",\"urlTemplate\":\"https:\\\/\\\/rodoaed.ee\\\/?s={search_term_string}\"},\"query-input\":{\"@type\":\"PropertyValueSpecification\",\"valueRequired\":true,\"valueName\":\"search_term_string\"}}],\"inLanguage\":\"fi\"},{\"@type\":\"Organization\",\"@id\":\"https:\\\/\\\/rodoaed.ee\\\/#organization\",\"name\":\"Rodoaed\",\"url\":\"https:\\\/\\\/rodoaed.ee\\\/\",\"logo\":{\"@type\":\"ImageObject\",\"inLanguage\":\"fi\",\"@id\":\"https:\\\/\\\/rodoaed.ee\\\/#\\\/schema\\\/logo\\\/image\\\/\",\"url\":\"https:\\\/\\\/rodoaed.ee\\\/wp-content\\\/uploads\\\/2019\\\/11\\\/rodoaed-logo-ilma-taustata.jpg\",\"contentUrl\":\"https:\\\/\\\/rodoaed.ee\\\/wp-content\\\/uploads\\\/2019\\\/11\\\/rodoaed-logo-ilma-taustata.jpg\",\"width\":769,\"height\":268,\"caption\":\"Rodoaed\"},\"image\":{\"@id\":\"https:\\\/\\\/rodoaed.ee\\\/#\\\/schema\\\/logo\\\/image\\\/\"},\"sameAs\":[\"https:\\\/\\\/www.facebook.com\\\/kasvuhooned\\\/\",\"https:\\\/\\\/rodoaed.ee\"]}]}<\/script>\n<!-- \/ Yoast SEO Premium plugin. -->","yoast_head_json":{"title":"Juomakulho linnuille ja hy\u00f6nteisille 50cm - Rodoaed","robots":{"index":"index","follow":"follow","max-snippet":"max-snippet:-1","max-image-preview":"max-image-preview:large","max-video-preview":"max-video-preview:-1"},"canonical":"https:\/\/rodoaed.ee\/fi\/toode\/juomakulho-linnuille-ja-hyonteisille-50cm\/","og_locale":"fi_FI","og_type":"article","og_title":"Juomakulho linnuille ja hy\u00f6nteisille 50cm","og_description":"Linnut tarvitsevat vett\u00e4 juomiseen, uimiseen ja peseytymiseen. Siksi on eritt\u00e4in t\u00e4rke\u00e4\u00e4, ett\u00e4 puutarhassa on lintukylpy. T\u00e4m\u00e4 juomakulho on suunniteltu","og_url":"https:\/\/rodoaed.ee\/fi\/toode\/juomakulho-linnuille-ja-hyonteisille-50cm\/","og_site_name":"Rodoaed","article_publisher":"https:\/\/www.facebook.com\/kasvuhooned\/","article_modified_time":"2026-04-13T08:05:22+00:00","og_image":[{"width":400,"height":297,"url":"https:\/\/rodoaed.ee\/wp-content\/uploads\/2019\/07\/Lindude-ja-putukate-joomisn\u00f5u_1.jpg","type":"image\/jpeg"}],"twitter_card":"summary_large_image","twitter_misc":{"Arvioitu lukuaika":"1 minuutti"},"schema":{"@context":"https:\/\/schema.org","@graph":[{"@type":"WebPage","@id":"https:\/\/rodoaed.ee\/fi\/toode\/juomakulho-linnuille-ja-hyonteisille-50cm\/","url":"https:\/\/rodoaed.ee\/fi\/toode\/juomakulho-linnuille-ja-hyonteisille-50cm\/","name":"Juomakulho linnuille ja hy\u00f6nteisille 50cm - Rodoaed","isPartOf":{"@id":"https:\/\/rodoaed.ee\/#website"},"primaryImageOfPage":{"@id":"https:\/\/rodoaed.ee\/fi\/toode\/juomakulho-linnuille-ja-hyonteisille-50cm\/#primaryimage"},"image":{"@id":"https:\/\/rodoaed.ee\/fi\/toode\/juomakulho-linnuille-ja-hyonteisille-50cm\/#primaryimage"},"thumbnailUrl":"https:\/\/rodoaed.ee\/wp-content\/uploads\/2019\/07\/Lindude-ja-putukate-joomisn\u00f5u_1.jpg","datePublished":"2019-08-02T09:48:16+00:00","dateModified":"2026-04-13T08:05:22+00:00","breadcrumb":{"@id":"https:\/\/rodoaed.ee\/fi\/toode\/juomakulho-linnuille-ja-hyonteisille-50cm\/#breadcrumb"},"inLanguage":"fi","potentialAction":[{"@type":"ReadAction","target":["https:\/\/rodoaed.ee\/fi\/toode\/juomakulho-linnuille-ja-hyonteisille-50cm\/"]}]},{"@type":"ImageObject","inLanguage":"fi","@id":"https:\/\/rodoaed.ee\/fi\/toode\/juomakulho-linnuille-ja-hyonteisille-50cm\/#primaryimage","url":"https:\/\/rodoaed.ee\/wp-content\/uploads\/2019\/07\/Lindude-ja-putukate-joomisn\u00f5u_1.jpg","contentUrl":"https:\/\/rodoaed.ee\/wp-content\/uploads\/2019\/07\/Lindude-ja-putukate-joomisn\u00f5u_1.jpg","width":400,"height":297,"caption":"juomakulho linnuille"},{"@type":"BreadcrumbList","@id":"https:\/\/rodoaed.ee\/fi\/toode\/juomakulho-linnuille-ja-hyonteisille-50cm\/#breadcrumb","itemListElement":[{"@type":"ListItem","position":1,"name":"Home","item":"https:\/\/rodoaed.ee\/fi\/"},{"@type":"ListItem","position":2,"name":"Osta osoitteessa","item":"https:\/\/rodoaed.ee\/osta-osoitteessa\/"},{"@type":"ListItem","position":3,"name":"Juomakulho linnuille ja hy\u00f6nteisille 50cm"}]},{"@type":"WebSite","@id":"https:\/\/rodoaed.ee\/#website","url":"https:\/\/rodoaed.ee\/","name":"Rodoaed","description":"","publisher":{"@id":"https:\/\/rodoaed.ee\/#organization"},"potentialAction":[{"@type":"SearchAction","target":{"@type":"EntryPoint","urlTemplate":"https:\/\/rodoaed.ee\/?s={search_term_string}"},"query-input":{"@type":"PropertyValueSpecification","valueRequired":true,"valueName":"search_term_string"}}],"inLanguage":"fi"},{"@type":"Organization","@id":"https:\/\/rodoaed.ee\/#organization","name":"Rodoaed","url":"https:\/\/rodoaed.ee\/","logo":{"@type":"ImageObject","inLanguage":"fi","@id":"https:\/\/rodoaed.ee\/#\/schema\/logo\/image\/","url":"https:\/\/rodoaed.ee\/wp-content\/uploads\/2019\/11\/rodoaed-logo-ilma-taustata.jpg","contentUrl":"https:\/\/rodoaed.ee\/wp-content\/uploads\/2019\/11\/rodoaed-logo-ilma-taustata.jpg","width":769,"height":268,"caption":"Rodoaed"},"image":{"@id":"https:\/\/rodoaed.ee\/#\/schema\/logo\/image\/"},"sameAs":["https:\/\/www.facebook.com\/kasvuhooned\/","https:\/\/rodoaed.ee"]}]}},"_links":{"self":[{"href":"https:\/\/rodoaed.ee\/fi\/wp-json\/wp\/v2\/product\/53408","targetHints":{"allow":["GET"]}}],"collection":[{"href":"https:\/\/rodoaed.ee\/fi\/wp-json\/wp\/v2\/product"}],"about":[{"href":"https:\/\/rodoaed.ee\/fi\/wp-json\/wp\/v2\/types\/product"}],"wp:featuredmedia":[{"embeddable":true,"href":"https:\/\/rodoaed.ee\/fi\/wp-json\/wp\/v2\/media\/18468"}],"wp:attachment":[{"href":"https:\/\/rodoaed.ee\/fi\/wp-json\/wp\/v2\/media?parent=53408"}],"wp:term":[{"taxonomy":"product_brand","embeddable":true,"href":"https:\/\/rodoaed.ee\/fi\/wp-json\/wp\/v2\/product_brand?post=53408"},{"taxonomy":"product_cat","embeddable":true,"href":"https:\/\/rodoaed.ee\/fi\/wp-json\/wp\/v2\/product_cat?post=53408"},{"taxonomy":"product_tag","embeddable":true,"href":"https:\/\/rodoaed.ee\/fi\/wp-json\/wp\/v2\/product_tag?post=53408"}],"curies":[{"name":"wp","href":"https:\/\/api.w.org\/{rel}","templated":true}]}}