{"id":53409,"date":"2019-08-02T12:48:16","date_gmt":"2019-08-02T09:48:16","guid":{"rendered":"https:\/\/rodoaed.ee\/toode\/pohjakerroksen-ruokasali\/"},"modified":"2026-04-13T11:05:22","modified_gmt":"2026-04-13T08:05:22","slug":"pohjakerroksen-ruokasali","status":"publish","type":"product","link":"https:\/\/rodoaed.ee\/fi\/tuote\/pohjakerroksen-ruokasali\/","title":{"rendered":"Pohjakerroksen ruokasali"},"content":{"rendered":"<h2>Maanp\u00e4\u00e4llinen ruokintatalo on suunniteltu erityisesti maalla ruokaileville linnuille.<\/h2>\n<p>Maanp\u00e4\u00e4llinen ruokintatalo on suunniteltu erityisesti maassa ruokaileville linnuille, kuten punarinta-, talvi- ja mustarastaan, jotka eiv\u00e4t k\u00e4yt\u00e4 riippuvia ruokintataloja. N\u00e4m\u00e4 linnut ovat ns. pehmeit\u00e4 ruokailijoita. <\/p>\n<p>Maanp\u00e4\u00e4llisen pehme\u00e4n ruokintalaitteen suuri arvo on sen suuri vakaus ja mukavuus linnuille. Se on eritt\u00e4in helppo t\u00e4ytt\u00e4\u00e4 ja puhdistaa, koska katto on irrotettavissa. <\/p>\n<p>Sopivia pehmeit\u00e4 ruokia ovat kuivatut marjat, rusinat ja herukat, kaurahiutaleet, hedelm\u00e4murskat ja kuivattu liha.<\/p>\n<p>Parasta on tietysti k\u00e4ytt\u00e4\u00e4 t\u00e4h\u00e4n ateriaan erityist\u00e4 pehme\u00e4\u00e4 ruokasekoitustamme.<\/p>\n<p>&nbsp;<\/p>\n<h2><strong>Asennuksen sijainti<\/strong><\/h2>\n<p>Varjoisissa paikoissa, kuten pensasaitojen edess\u00e4 ja alla, pensaiden ja puiden alla. Jos puutarhassa on omenapuu, joka n\u00e4kyy my\u00f6s ikkunasta, se on hyv\u00e4 paikka laittaa sen alle, ja voit katsella ikkunasta, mit\u00e4 tapahtuu. v\u00e4ri. <\/p>\n<h2><strong>T\u00e4rkeimm\u00e4t ominaisuudet<\/strong><\/h2>\n<p>V\u00e4ri: Oliivinvihre\u00e4<\/p>\n<p>Materiaali: SCHWEGLER puubetoniseos.<\/p>\n<p>Mitat : Leveys 32 cm x syvyys 32 cm x korkeus 31 cm.<\/p>\n<p>Tilavuus: 9 litraa (ruokala tulee ilman ateriaa).<\/p>\n<p>Paino: 12,0 kg<\/p>\n<p>&nbsp;<\/p>\n<p><a href=\"\/?product_cat=linnusoogimajad-ja-sootjad\">Ruokailu linnassa<\/a><\/p>\n","protected":false},"excerpt":{"rendered":"<p>Maanp\u00e4\u00e4llinen ruokintatalo on suunniteltu erityisesti maalla ruokaileville linnuille. Maanp\u00e4\u00e4llinen ruokintatalo on suunniteltu erityisesti maassa ruokaileville linnuille, kuten punarinta-, talvi- ja mustarastaan, jotka eiv\u00e4t k\u00e4yt\u00e4 riippuvia ruokintataloja. N\u00e4m\u00e4 linnut ovat ns. pehmeit\u00e4 ruokailijoita. Maanp\u00e4\u00e4llisen pehme\u00e4n ruokintalaitteen suuri arvo on sen suuri vakaus ja mukavuus linnuille. Se on eritt\u00e4in helppo t\u00e4ytt\u00e4\u00e4 ja puhdistaa, koska katto on irrotettavissa. Sopivia pehmeit\u00e4 ruokia ovat kuivatut marjat, rusinat ja herukat, kaurahiutaleet,&#8230;<\/p>\n","protected":false},"featured_media":28736,"template":"","meta":{"_acf_changed":false},"product_brand":[],"product_cat":[1767,1887],"product_tag":[],"class_list":{"0":"post-53409","1":"product","2":"type-product","3":"status-publish","4":"has-post-thumbnail","6":"product_cat-linnaillalliset-ja-linnan-ravintolat","7":"product_cat-pohjakerroksen-ruokasali","8":"pa_variatsioon-20-maanpaallinen-ruokailu-online-nyt","10":"first","11":"outofstock","12":"sale","13":"featured","14":"taxable","15":"shipping-taxable","16":"purchasable","17":"product-type-simple"},"acf":[],"yoast_head":"<!-- This site is optimized with the Yoast SEO Premium plugin v27.3 (Yoast SEO v27.3) - https:\/\/yoast.com\/product\/yoast-seo-premium-wordpress\/ -->\n<title>Pohjakerroksen ruokasali% % -% Rodoaed% linnunruokinta ja lintujen ruokintalaitteet<\/title>\n<meta name=\"description\" content=\"Maanp\u00e4\u00e4llinen ruokintatalo on tarkoitettu vain maassa ruokaileville linnuille, kuten petolinnuille, punarinnuille ja talvisin laulujoutsenille. Se on valmistettu vahvasta ter\u00e4sbetonista.\" \/>\n<meta name=\"robots\" content=\"index, follow, max-snippet:-1, max-image-preview:large, max-video-preview:-1\" \/>\n<link rel=\"canonical\" href=\"https:\/\/rodoaed.ee\/fi\/toode\/pohjakerroksen-ruokasali\/\" \/>\n<meta property=\"og:locale\" content=\"fi_FI\" \/>\n<meta property=\"og:type\" content=\"article\" \/>\n<meta property=\"og:title\" content=\"Pohjakerroksen ruokasali\" \/>\n<meta property=\"og:description\" content=\"Maanp\u00e4\u00e4llinen ruokintatalo on suunniteltu erityisesti maalla ruokaileville linnuille. Maanp\u00e4\u00e4llinen ruokintatalo on suunniteltu erityisesti maassa\" \/>\n<meta property=\"og:url\" content=\"https:\/\/rodoaed.ee\/fi\/toode\/pohjakerroksen-ruokasali\/\" \/>\n<meta property=\"og:site_name\" content=\"Rodoaed\" \/>\n<meta property=\"article:publisher\" content=\"https:\/\/www.facebook.com\/kasvuhooned\/\" \/>\n<meta property=\"article:modified_time\" content=\"2026-04-13T08:05:22+00:00\" \/>\n<meta property=\"og:image\" content=\"https:\/\/rodoaed.ee\/wp-content\/uploads\/2019\/08\/maapealne-linnus\u00f6\u00f6gimaja_01.jpg\" \/>\n\t<meta property=\"og:image:width\" content=\"400\" \/>\n\t<meta property=\"og:image:height\" content=\"400\" \/>\n\t<meta property=\"og:image:type\" content=\"image\/jpeg\" \/>\n<meta name=\"twitter:card\" content=\"summary_large_image\" \/>\n<meta name=\"twitter:label1\" content=\"Arvioitu lukuaika\" \/>\n\t<meta name=\"twitter:data1\" content=\"1 minuutti\" \/>\n<script type=\"application\/ld+json\" class=\"yoast-schema-graph\">{\"@context\":\"https:\\\/\\\/schema.org\",\"@graph\":[{\"@type\":\"WebPage\",\"@id\":\"https:\\\/\\\/rodoaed.ee\\\/fi\\\/toode\\\/pohjakerroksen-ruokasali\\\/\",\"url\":\"https:\\\/\\\/rodoaed.ee\\\/fi\\\/toode\\\/pohjakerroksen-ruokasali\\\/\",\"name\":\"Pohjakerroksen ruokasali% % -% Rodoaed% linnunruokinta ja lintujen ruokintalaitteet\",\"isPartOf\":{\"@id\":\"https:\\\/\\\/rodoaed.ee\\\/#website\"},\"primaryImageOfPage\":{\"@id\":\"https:\\\/\\\/rodoaed.ee\\\/fi\\\/toode\\\/pohjakerroksen-ruokasali\\\/#primaryimage\"},\"image\":{\"@id\":\"https:\\\/\\\/rodoaed.ee\\\/fi\\\/toode\\\/pohjakerroksen-ruokasali\\\/#primaryimage\"},\"thumbnailUrl\":\"https:\\\/\\\/rodoaed.ee\\\/wp-content\\\/uploads\\\/2019\\\/08\\\/maapealne-linnus\u00f6\u00f6gimaja_01.jpg\",\"datePublished\":\"2019-08-02T09:48:16+00:00\",\"dateModified\":\"2026-04-13T08:05:22+00:00\",\"description\":\"Maanp\u00e4\u00e4llinen ruokintatalo on tarkoitettu vain maassa ruokaileville linnuille, kuten petolinnuille, punarinnuille ja talvisin laulujoutsenille. Se on valmistettu vahvasta ter\u00e4sbetonista.\",\"breadcrumb\":{\"@id\":\"https:\\\/\\\/rodoaed.ee\\\/fi\\\/toode\\\/pohjakerroksen-ruokasali\\\/#breadcrumb\"},\"inLanguage\":\"fi\",\"potentialAction\":[{\"@type\":\"ReadAction\",\"target\":[\"https:\\\/\\\/rodoaed.ee\\\/fi\\\/toode\\\/pohjakerroksen-ruokasali\\\/\"]}]},{\"@type\":\"ImageObject\",\"inLanguage\":\"fi\",\"@id\":\"https:\\\/\\\/rodoaed.ee\\\/fi\\\/toode\\\/pohjakerroksen-ruokasali\\\/#primaryimage\",\"url\":\"https:\\\/\\\/rodoaed.ee\\\/wp-content\\\/uploads\\\/2019\\\/08\\\/maapealne-linnus\u00f6\u00f6gimaja_01.jpg\",\"contentUrl\":\"https:\\\/\\\/rodoaed.ee\\\/wp-content\\\/uploads\\\/2019\\\/08\\\/maapealne-linnus\u00f6\u00f6gimaja_01.jpg\",\"width\":400,\"height\":400,\"caption\":\"pohjakerroksen ruokasali\"},{\"@type\":\"BreadcrumbList\",\"@id\":\"https:\\\/\\\/rodoaed.ee\\\/fi\\\/toode\\\/pohjakerroksen-ruokasali\\\/#breadcrumb\",\"itemListElement\":[{\"@type\":\"ListItem\",\"position\":1,\"name\":\"Home\",\"item\":\"https:\\\/\\\/rodoaed.ee\\\/fi\\\/\"},{\"@type\":\"ListItem\",\"position\":2,\"name\":\"Osta osoitteessa\",\"item\":\"https:\\\/\\\/rodoaed.ee\\\/osta-osoitteessa\\\/\"},{\"@type\":\"ListItem\",\"position\":3,\"name\":\"Pohjakerroksen ruokasali\"}]},{\"@type\":\"WebSite\",\"@id\":\"https:\\\/\\\/rodoaed.ee\\\/#website\",\"url\":\"https:\\\/\\\/rodoaed.ee\\\/\",\"name\":\"Rodoaed\",\"description\":\"\",\"publisher\":{\"@id\":\"https:\\\/\\\/rodoaed.ee\\\/#organization\"},\"potentialAction\":[{\"@type\":\"SearchAction\",\"target\":{\"@type\":\"EntryPoint\",\"urlTemplate\":\"https:\\\/\\\/rodoaed.ee\\\/?s={search_term_string}\"},\"query-input\":{\"@type\":\"PropertyValueSpecification\",\"valueRequired\":true,\"valueName\":\"search_term_string\"}}],\"inLanguage\":\"fi\"},{\"@type\":\"Organization\",\"@id\":\"https:\\\/\\\/rodoaed.ee\\\/#organization\",\"name\":\"Rodoaed\",\"url\":\"https:\\\/\\\/rodoaed.ee\\\/\",\"logo\":{\"@type\":\"ImageObject\",\"inLanguage\":\"fi\",\"@id\":\"https:\\\/\\\/rodoaed.ee\\\/#\\\/schema\\\/logo\\\/image\\\/\",\"url\":\"https:\\\/\\\/rodoaed.ee\\\/wp-content\\\/uploads\\\/2019\\\/11\\\/rodoaed-logo-ilma-taustata.jpg\",\"contentUrl\":\"https:\\\/\\\/rodoaed.ee\\\/wp-content\\\/uploads\\\/2019\\\/11\\\/rodoaed-logo-ilma-taustata.jpg\",\"width\":769,\"height\":268,\"caption\":\"Rodoaed\"},\"image\":{\"@id\":\"https:\\\/\\\/rodoaed.ee\\\/#\\\/schema\\\/logo\\\/image\\\/\"},\"sameAs\":[\"https:\\\/\\\/www.facebook.com\\\/kasvuhooned\\\/\",\"https:\\\/\\\/rodoaed.ee\"]}]}<\/script>\n<!-- \/ Yoast SEO Premium plugin. -->","yoast_head_json":{"title":"Pohjakerroksen ruokasali% % -% Rodoaed% linnunruokinta ja lintujen ruokintalaitteet","description":"Maanp\u00e4\u00e4llinen ruokintatalo on tarkoitettu vain maassa ruokaileville linnuille, kuten petolinnuille, punarinnuille ja talvisin laulujoutsenille. Se on valmistettu vahvasta ter\u00e4sbetonista.","robots":{"index":"index","follow":"follow","max-snippet":"max-snippet:-1","max-image-preview":"max-image-preview:large","max-video-preview":"max-video-preview:-1"},"canonical":"https:\/\/rodoaed.ee\/fi\/toode\/pohjakerroksen-ruokasali\/","og_locale":"fi_FI","og_type":"article","og_title":"Pohjakerroksen ruokasali","og_description":"Maanp\u00e4\u00e4llinen ruokintatalo on suunniteltu erityisesti maalla ruokaileville linnuille. Maanp\u00e4\u00e4llinen ruokintatalo on suunniteltu erityisesti maassa","og_url":"https:\/\/rodoaed.ee\/fi\/toode\/pohjakerroksen-ruokasali\/","og_site_name":"Rodoaed","article_publisher":"https:\/\/www.facebook.com\/kasvuhooned\/","article_modified_time":"2026-04-13T08:05:22+00:00","og_image":[{"width":400,"height":400,"url":"https:\/\/rodoaed.ee\/wp-content\/uploads\/2019\/08\/maapealne-linnus\u00f6\u00f6gimaja_01.jpg","type":"image\/jpeg"}],"twitter_card":"summary_large_image","twitter_misc":{"Arvioitu lukuaika":"1 minuutti"},"schema":{"@context":"https:\/\/schema.org","@graph":[{"@type":"WebPage","@id":"https:\/\/rodoaed.ee\/fi\/toode\/pohjakerroksen-ruokasali\/","url":"https:\/\/rodoaed.ee\/fi\/toode\/pohjakerroksen-ruokasali\/","name":"Pohjakerroksen ruokasali% % -% Rodoaed% linnunruokinta ja lintujen ruokintalaitteet","isPartOf":{"@id":"https:\/\/rodoaed.ee\/#website"},"primaryImageOfPage":{"@id":"https:\/\/rodoaed.ee\/fi\/toode\/pohjakerroksen-ruokasali\/#primaryimage"},"image":{"@id":"https:\/\/rodoaed.ee\/fi\/toode\/pohjakerroksen-ruokasali\/#primaryimage"},"thumbnailUrl":"https:\/\/rodoaed.ee\/wp-content\/uploads\/2019\/08\/maapealne-linnus\u00f6\u00f6gimaja_01.jpg","datePublished":"2019-08-02T09:48:16+00:00","dateModified":"2026-04-13T08:05:22+00:00","description":"Maanp\u00e4\u00e4llinen ruokintatalo on tarkoitettu vain maassa ruokaileville linnuille, kuten petolinnuille, punarinnuille ja talvisin laulujoutsenille. Se on valmistettu vahvasta ter\u00e4sbetonista.","breadcrumb":{"@id":"https:\/\/rodoaed.ee\/fi\/toode\/pohjakerroksen-ruokasali\/#breadcrumb"},"inLanguage":"fi","potentialAction":[{"@type":"ReadAction","target":["https:\/\/rodoaed.ee\/fi\/toode\/pohjakerroksen-ruokasali\/"]}]},{"@type":"ImageObject","inLanguage":"fi","@id":"https:\/\/rodoaed.ee\/fi\/toode\/pohjakerroksen-ruokasali\/#primaryimage","url":"https:\/\/rodoaed.ee\/wp-content\/uploads\/2019\/08\/maapealne-linnus\u00f6\u00f6gimaja_01.jpg","contentUrl":"https:\/\/rodoaed.ee\/wp-content\/uploads\/2019\/08\/maapealne-linnus\u00f6\u00f6gimaja_01.jpg","width":400,"height":400,"caption":"pohjakerroksen ruokasali"},{"@type":"BreadcrumbList","@id":"https:\/\/rodoaed.ee\/fi\/toode\/pohjakerroksen-ruokasali\/#breadcrumb","itemListElement":[{"@type":"ListItem","position":1,"name":"Home","item":"https:\/\/rodoaed.ee\/fi\/"},{"@type":"ListItem","position":2,"name":"Osta osoitteessa","item":"https:\/\/rodoaed.ee\/osta-osoitteessa\/"},{"@type":"ListItem","position":3,"name":"Pohjakerroksen ruokasali"}]},{"@type":"WebSite","@id":"https:\/\/rodoaed.ee\/#website","url":"https:\/\/rodoaed.ee\/","name":"Rodoaed","description":"","publisher":{"@id":"https:\/\/rodoaed.ee\/#organization"},"potentialAction":[{"@type":"SearchAction","target":{"@type":"EntryPoint","urlTemplate":"https:\/\/rodoaed.ee\/?s={search_term_string}"},"query-input":{"@type":"PropertyValueSpecification","valueRequired":true,"valueName":"search_term_string"}}],"inLanguage":"fi"},{"@type":"Organization","@id":"https:\/\/rodoaed.ee\/#organization","name":"Rodoaed","url":"https:\/\/rodoaed.ee\/","logo":{"@type":"ImageObject","inLanguage":"fi","@id":"https:\/\/rodoaed.ee\/#\/schema\/logo\/image\/","url":"https:\/\/rodoaed.ee\/wp-content\/uploads\/2019\/11\/rodoaed-logo-ilma-taustata.jpg","contentUrl":"https:\/\/rodoaed.ee\/wp-content\/uploads\/2019\/11\/rodoaed-logo-ilma-taustata.jpg","width":769,"height":268,"caption":"Rodoaed"},"image":{"@id":"https:\/\/rodoaed.ee\/#\/schema\/logo\/image\/"},"sameAs":["https:\/\/www.facebook.com\/kasvuhooned\/","https:\/\/rodoaed.ee"]}]}},"_links":{"self":[{"href":"https:\/\/rodoaed.ee\/fi\/wp-json\/wp\/v2\/product\/53409","targetHints":{"allow":["GET"]}}],"collection":[{"href":"https:\/\/rodoaed.ee\/fi\/wp-json\/wp\/v2\/product"}],"about":[{"href":"https:\/\/rodoaed.ee\/fi\/wp-json\/wp\/v2\/types\/product"}],"wp:featuredmedia":[{"embeddable":true,"href":"https:\/\/rodoaed.ee\/fi\/wp-json\/wp\/v2\/media\/28736"}],"wp:attachment":[{"href":"https:\/\/rodoaed.ee\/fi\/wp-json\/wp\/v2\/media?parent=53409"}],"wp:term":[{"taxonomy":"product_brand","embeddable":true,"href":"https:\/\/rodoaed.ee\/fi\/wp-json\/wp\/v2\/product_brand?post=53409"},{"taxonomy":"product_cat","embeddable":true,"href":"https:\/\/rodoaed.ee\/fi\/wp-json\/wp\/v2\/product_cat?post=53409"},{"taxonomy":"product_tag","embeddable":true,"href":"https:\/\/rodoaed.ee\/fi\/wp-json\/wp\/v2\/product_tag?post=53409"}],"curies":[{"name":"wp","href":"https:\/\/api.w.org\/{rel}","templated":true}]}}