{"id":53410,"date":"2019-08-02T12:48:16","date_gmt":"2019-08-02T09:48:16","guid":{"rendered":"https:\/\/rodoaed.ee\/toode\/hamahakkitutkimuksen-puitteet-verkon-punomisen-perusta\/"},"modified":"2026-04-13T11:05:23","modified_gmt":"2026-04-13T08:05:23","slug":"hamahakkitutkimuksen-puitteet-verkon-punomisen-perusta","status":"publish","type":"product","link":"https:\/\/rodoaed.ee\/fi\/tuote\/hamahakkitutkimuksen-puitteet-verkon-punomisen-perusta\/","title":{"rendered":"H\u00e4m\u00e4h\u00e4kkitutkimuksen puitteet &#8211; verkon punomisen perusta"},"content":{"rendered":"<h2>&#8221;Min\u00e4 pelk\u00e4\u00e4n h\u00e4m\u00e4h\u00e4kkej\u00e4!&#8221;. Valitettavasti kuulemme t\u00e4m\u00e4n lauseen hyvin usein niilt\u00e4, jotka eiv\u00e4t ole koskaan tutustuneet l\u00e4hemmin n\u00e4ihin kiehtoviin kudonnan mestareihin. Vain lyhyt vilkaisu n\u00e4iden kiehtovien olentojen el\u00e4m\u00e4\u00e4n voi muuttaa ihmisen asenteen dramaattisesti.  <\/h2>\n<p>T\u00e4m\u00e4 puinen kehys houkuttelee h\u00e4m\u00e4h\u00e4kkej\u00e4, jotka kutovat klassista py\u00f6re\u00e4\u00e4 verkkoa. Sijoita h\u00e4m\u00e4h\u00e4kkikehys paikkaan, jossa h\u00e4m\u00e4h\u00e4kkej\u00e4 voi olla, ja tarkista s\u00e4\u00e4nn\u00f6llisesti. H\u00e4m\u00e4h\u00e4kit l\u00f6yt\u00e4v\u00e4t kehyksesi melko nopeasti ja ryhtyv\u00e4t ty\u00f6st\u00e4m\u00e4\u00e4n verkkoa. Tappavan verkon houkutus on liian vastustamaton torjuttavaksi.   <\/p>\n<p>Reunah\u00e4kiss\u00e4 on my\u00f6s s\u00e4\u00e4nkest\u00e4v\u00e4 nurkka tai piilopaikka, jossa h\u00e4m\u00e4h\u00e4kki voi piiloutua ja suojautua huonolta s\u00e4\u00e4lt\u00e4 ja vihollisilta. N\u00e4hd\u00e4ksesi h\u00e4m\u00e4h\u00e4kin toiminnassa sinun tarvitsee vain heitt\u00e4\u00e4 pyydystetty k\u00e4rp\u00e4nen verkkoon. H\u00e4m\u00e4h\u00e4kki saa v\u00e4litt\u00f6m\u00e4sti tiet\u00e4\u00e4 siit\u00e4 merkinantoverkostonsa kautta ja tulee tutkimaan asiaa.  <\/p>\n<p><strong>Rungon asennuspaikka:<\/strong><\/p>\n<p>Niitylle tai puutarhaan noin 20 cm maanpinnan yl\u00e4puolelle. Puutarhassa s\u00e4ngyn reuna tai pensaiden ja kukkapenkkien vieress\u00e4 tai talon l\u00e4hell\u00e4 sopii. <\/p>\n<p><strong>Materiaali:<\/strong><\/p>\n<p>Puinen runko ja sinkitty asennusjalka<\/p>\n<p><strong>Setti sis\u00e4lt\u00e4\u00e4:<\/strong><\/p>\n<ul>\n<li>Puinen kehys, jossa on h\u00e4m\u00e4h\u00e4kin piilopaikka<\/li>\n<li>Sinkitty asennusjalka<\/li>\n<\/ul>\n<p><strong>V\u00e4ri :<\/strong><\/p>\n<p>Musta runko ja hopeinen jalka<\/p>\n<p><strong>jotka asuvat :<\/strong><\/p>\n<p><em><em>Erilaiset h\u00e4m\u00e4h\u00e4kit<\/em><\/em><\/p>\n<p><strong>Mitat :<\/strong><\/p>\n<p>Korkeus 35 cm x leveys 33 cm x syvyys 2 cm ja jalka 30 cm.<\/p>\n<p><strong>Paino: <\/strong>0,62 kg<\/p>\n<p>&nbsp;<\/p>\n<p>&nbsp;<\/p>\n<p>&nbsp;<\/p>\n","protected":false},"excerpt":{"rendered":"<p>&#8221;Min\u00e4 pelk\u00e4\u00e4n h\u00e4m\u00e4h\u00e4kkej\u00e4!&#8221;. Valitettavasti kuulemme t\u00e4m\u00e4n lauseen hyvin usein niilt\u00e4, jotka eiv\u00e4t ole koskaan tutustuneet l\u00e4hemmin n\u00e4ihin kiehtoviin kudonnan mestareihin. Vain lyhyt vilkaisu n\u00e4iden kiehtovien olentojen el\u00e4m\u00e4\u00e4n voi muuttaa ihmisen asenteen dramaattisesti. T\u00e4m\u00e4 puinen kehys houkuttelee h\u00e4m\u00e4h\u00e4kkej\u00e4, jotka kutovat klassista py\u00f6re\u00e4\u00e4 verkkoa. Sijoita h\u00e4m\u00e4h\u00e4kkikehys paikkaan, jossa h\u00e4m\u00e4h\u00e4kkej\u00e4 voi olla, ja tarkista s\u00e4\u00e4nn\u00f6llisesti. H\u00e4m\u00e4h\u00e4kit l\u00f6yt\u00e4v\u00e4t kehyksesi melko nopeasti ja ryhtyv\u00e4t ty\u00f6st\u00e4m\u00e4\u00e4n verkkoa. Tappavan verkon houkutus on&#8230;<\/p>\n","protected":false},"featured_media":18465,"template":"","meta":{"_acf_changed":false},"product_brand":[],"product_cat":[1854,1851,2259],"product_tag":[],"class_list":{"0":"post-53410","1":"product","2":"type-product","3":"status-publish","4":"has-post-thumbnail","6":"product_cat-hyonteishotellit","7":"product_cat-pesakotelot","8":"product_cat-verkkokehys-hamahakkeja-varten","9":"product_shipping_class-toimitus-1-3-tyopaivan-kuluessa","10":"pa_variatsioon-hamahakkitutkimuksen-puitteet-verkon-punomisen-perusta","12":"first","13":"outofstock","14":"sale","15":"taxable","16":"shipping-taxable","17":"purchasable","18":"product-type-simple"},"acf":[],"yoast_head":"<!-- This site is optimized with the Yoast SEO Premium plugin v27.3 (Yoast SEO v27.3) - https:\/\/yoast.com\/product\/yoast-seo-premium-wordpress\/ -->\n<title>H\u00e4m\u00e4h\u00e4kkitutkimuksen puitteet - verkon punomisen perusta - Rodoaed<\/title>\n<meta name=\"robots\" content=\"index, follow, max-snippet:-1, max-image-preview:large, max-video-preview:-1\" \/>\n<link rel=\"canonical\" href=\"https:\/\/rodoaed.ee\/fi\/toode\/hamahakkitutkimuksen-puitteet-verkon-punomisen-perusta\/\" \/>\n<meta property=\"og:locale\" content=\"fi_FI\" \/>\n<meta property=\"og:type\" content=\"article\" \/>\n<meta property=\"og:title\" content=\"H\u00e4m\u00e4h\u00e4kkitutkimuksen puitteet - verkon punomisen perusta\" \/>\n<meta property=\"og:description\" content=\"&quot;Min\u00e4 pelk\u00e4\u00e4n h\u00e4m\u00e4h\u00e4kkej\u00e4!&quot;. Valitettavasti kuulemme t\u00e4m\u00e4n lauseen hyvin usein niilt\u00e4, jotka eiv\u00e4t ole koskaan tutustuneet l\u00e4hemmin n\u00e4ihin kiehtoviin\" \/>\n<meta property=\"og:url\" content=\"https:\/\/rodoaed.ee\/fi\/toode\/hamahakkitutkimuksen-puitteet-verkon-punomisen-perusta\/\" \/>\n<meta property=\"og:site_name\" content=\"Rodoaed\" \/>\n<meta property=\"article:publisher\" content=\"https:\/\/www.facebook.com\/kasvuhooned\/\" \/>\n<meta property=\"article:modified_time\" content=\"2026-04-13T08:05:23+00:00\" \/>\n<meta property=\"og:image\" content=\"https:\/\/rodoaed.ee\/wp-content\/uploads\/2019\/07\/\u00c4mbliku-v\u00f5rgu-raam_1.jpg\" \/>\n\t<meta property=\"og:image:width\" content=\"272\" \/>\n\t<meta property=\"og:image:height\" content=\"400\" \/>\n\t<meta property=\"og:image:type\" content=\"image\/jpeg\" \/>\n<meta name=\"twitter:card\" content=\"summary_large_image\" \/>\n<meta name=\"twitter:label1\" content=\"Arvioitu lukuaika\" \/>\n\t<meta name=\"twitter:data1\" content=\"1 minuutti\" \/>\n<script type=\"application\/ld+json\" class=\"yoast-schema-graph\">{\"@context\":\"https:\\\/\\\/schema.org\",\"@graph\":[{\"@type\":\"WebPage\",\"@id\":\"https:\\\/\\\/rodoaed.ee\\\/fi\\\/toode\\\/hamahakkitutkimuksen-puitteet-verkon-punomisen-perusta\\\/\",\"url\":\"https:\\\/\\\/rodoaed.ee\\\/fi\\\/toode\\\/hamahakkitutkimuksen-puitteet-verkon-punomisen-perusta\\\/\",\"name\":\"H\u00e4m\u00e4h\u00e4kkitutkimuksen puitteet - verkon punomisen perusta - Rodoaed\",\"isPartOf\":{\"@id\":\"https:\\\/\\\/rodoaed.ee\\\/#website\"},\"primaryImageOfPage\":{\"@id\":\"https:\\\/\\\/rodoaed.ee\\\/fi\\\/toode\\\/hamahakkitutkimuksen-puitteet-verkon-punomisen-perusta\\\/#primaryimage\"},\"image\":{\"@id\":\"https:\\\/\\\/rodoaed.ee\\\/fi\\\/toode\\\/hamahakkitutkimuksen-puitteet-verkon-punomisen-perusta\\\/#primaryimage\"},\"thumbnailUrl\":\"https:\\\/\\\/rodoaed.ee\\\/wp-content\\\/uploads\\\/2019\\\/07\\\/\u00c4mbliku-v\u00f5rgu-raam_1.jpg\",\"datePublished\":\"2019-08-02T09:48:16+00:00\",\"dateModified\":\"2026-04-13T08:05:23+00:00\",\"breadcrumb\":{\"@id\":\"https:\\\/\\\/rodoaed.ee\\\/fi\\\/toode\\\/hamahakkitutkimuksen-puitteet-verkon-punomisen-perusta\\\/#breadcrumb\"},\"inLanguage\":\"fi\",\"potentialAction\":[{\"@type\":\"ReadAction\",\"target\":[\"https:\\\/\\\/rodoaed.ee\\\/fi\\\/toode\\\/hamahakkitutkimuksen-puitteet-verkon-punomisen-perusta\\\/\"]}]},{\"@type\":\"ImageObject\",\"inLanguage\":\"fi\",\"@id\":\"https:\\\/\\\/rodoaed.ee\\\/fi\\\/toode\\\/hamahakkitutkimuksen-puitteet-verkon-punomisen-perusta\\\/#primaryimage\",\"url\":\"https:\\\/\\\/rodoaed.ee\\\/wp-content\\\/uploads\\\/2019\\\/07\\\/\u00c4mbliku-v\u00f5rgu-raam_1.jpg\",\"contentUrl\":\"https:\\\/\\\/rodoaed.ee\\\/wp-content\\\/uploads\\\/2019\\\/07\\\/\u00c4mbliku-v\u00f5rgu-raam_1.jpg\",\"width\":272,\"height\":400},{\"@type\":\"BreadcrumbList\",\"@id\":\"https:\\\/\\\/rodoaed.ee\\\/fi\\\/toode\\\/hamahakkitutkimuksen-puitteet-verkon-punomisen-perusta\\\/#breadcrumb\",\"itemListElement\":[{\"@type\":\"ListItem\",\"position\":1,\"name\":\"Home\",\"item\":\"https:\\\/\\\/rodoaed.ee\\\/fi\\\/\"},{\"@type\":\"ListItem\",\"position\":2,\"name\":\"Osta osoitteessa\",\"item\":\"https:\\\/\\\/rodoaed.ee\\\/osta-osoitteessa\\\/\"},{\"@type\":\"ListItem\",\"position\":3,\"name\":\"H\u00e4m\u00e4h\u00e4kkitutkimuksen puitteet &#8211; verkon punomisen perusta\"}]},{\"@type\":\"WebSite\",\"@id\":\"https:\\\/\\\/rodoaed.ee\\\/#website\",\"url\":\"https:\\\/\\\/rodoaed.ee\\\/\",\"name\":\"Rodoaed\",\"description\":\"\",\"publisher\":{\"@id\":\"https:\\\/\\\/rodoaed.ee\\\/#organization\"},\"potentialAction\":[{\"@type\":\"SearchAction\",\"target\":{\"@type\":\"EntryPoint\",\"urlTemplate\":\"https:\\\/\\\/rodoaed.ee\\\/?s={search_term_string}\"},\"query-input\":{\"@type\":\"PropertyValueSpecification\",\"valueRequired\":true,\"valueName\":\"search_term_string\"}}],\"inLanguage\":\"fi\"},{\"@type\":\"Organization\",\"@id\":\"https:\\\/\\\/rodoaed.ee\\\/#organization\",\"name\":\"Rodoaed\",\"url\":\"https:\\\/\\\/rodoaed.ee\\\/\",\"logo\":{\"@type\":\"ImageObject\",\"inLanguage\":\"fi\",\"@id\":\"https:\\\/\\\/rodoaed.ee\\\/#\\\/schema\\\/logo\\\/image\\\/\",\"url\":\"https:\\\/\\\/rodoaed.ee\\\/wp-content\\\/uploads\\\/2019\\\/11\\\/rodoaed-logo-ilma-taustata.jpg\",\"contentUrl\":\"https:\\\/\\\/rodoaed.ee\\\/wp-content\\\/uploads\\\/2019\\\/11\\\/rodoaed-logo-ilma-taustata.jpg\",\"width\":769,\"height\":268,\"caption\":\"Rodoaed\"},\"image\":{\"@id\":\"https:\\\/\\\/rodoaed.ee\\\/#\\\/schema\\\/logo\\\/image\\\/\"},\"sameAs\":[\"https:\\\/\\\/www.facebook.com\\\/kasvuhooned\\\/\",\"https:\\\/\\\/rodoaed.ee\"]}]}<\/script>\n<!-- \/ Yoast SEO Premium plugin. -->","yoast_head_json":{"title":"H\u00e4m\u00e4h\u00e4kkitutkimuksen puitteet - verkon punomisen perusta - Rodoaed","robots":{"index":"index","follow":"follow","max-snippet":"max-snippet:-1","max-image-preview":"max-image-preview:large","max-video-preview":"max-video-preview:-1"},"canonical":"https:\/\/rodoaed.ee\/fi\/toode\/hamahakkitutkimuksen-puitteet-verkon-punomisen-perusta\/","og_locale":"fi_FI","og_type":"article","og_title":"H\u00e4m\u00e4h\u00e4kkitutkimuksen puitteet - verkon punomisen perusta","og_description":"\"Min\u00e4 pelk\u00e4\u00e4n h\u00e4m\u00e4h\u00e4kkej\u00e4!\". Valitettavasti kuulemme t\u00e4m\u00e4n lauseen hyvin usein niilt\u00e4, jotka eiv\u00e4t ole koskaan tutustuneet l\u00e4hemmin n\u00e4ihin kiehtoviin","og_url":"https:\/\/rodoaed.ee\/fi\/toode\/hamahakkitutkimuksen-puitteet-verkon-punomisen-perusta\/","og_site_name":"Rodoaed","article_publisher":"https:\/\/www.facebook.com\/kasvuhooned\/","article_modified_time":"2026-04-13T08:05:23+00:00","og_image":[{"width":272,"height":400,"url":"https:\/\/rodoaed.ee\/wp-content\/uploads\/2019\/07\/\u00c4mbliku-v\u00f5rgu-raam_1.jpg","type":"image\/jpeg"}],"twitter_card":"summary_large_image","twitter_misc":{"Arvioitu lukuaika":"1 minuutti"},"schema":{"@context":"https:\/\/schema.org","@graph":[{"@type":"WebPage","@id":"https:\/\/rodoaed.ee\/fi\/toode\/hamahakkitutkimuksen-puitteet-verkon-punomisen-perusta\/","url":"https:\/\/rodoaed.ee\/fi\/toode\/hamahakkitutkimuksen-puitteet-verkon-punomisen-perusta\/","name":"H\u00e4m\u00e4h\u00e4kkitutkimuksen puitteet - verkon punomisen perusta - Rodoaed","isPartOf":{"@id":"https:\/\/rodoaed.ee\/#website"},"primaryImageOfPage":{"@id":"https:\/\/rodoaed.ee\/fi\/toode\/hamahakkitutkimuksen-puitteet-verkon-punomisen-perusta\/#primaryimage"},"image":{"@id":"https:\/\/rodoaed.ee\/fi\/toode\/hamahakkitutkimuksen-puitteet-verkon-punomisen-perusta\/#primaryimage"},"thumbnailUrl":"https:\/\/rodoaed.ee\/wp-content\/uploads\/2019\/07\/\u00c4mbliku-v\u00f5rgu-raam_1.jpg","datePublished":"2019-08-02T09:48:16+00:00","dateModified":"2026-04-13T08:05:23+00:00","breadcrumb":{"@id":"https:\/\/rodoaed.ee\/fi\/toode\/hamahakkitutkimuksen-puitteet-verkon-punomisen-perusta\/#breadcrumb"},"inLanguage":"fi","potentialAction":[{"@type":"ReadAction","target":["https:\/\/rodoaed.ee\/fi\/toode\/hamahakkitutkimuksen-puitteet-verkon-punomisen-perusta\/"]}]},{"@type":"ImageObject","inLanguage":"fi","@id":"https:\/\/rodoaed.ee\/fi\/toode\/hamahakkitutkimuksen-puitteet-verkon-punomisen-perusta\/#primaryimage","url":"https:\/\/rodoaed.ee\/wp-content\/uploads\/2019\/07\/\u00c4mbliku-v\u00f5rgu-raam_1.jpg","contentUrl":"https:\/\/rodoaed.ee\/wp-content\/uploads\/2019\/07\/\u00c4mbliku-v\u00f5rgu-raam_1.jpg","width":272,"height":400},{"@type":"BreadcrumbList","@id":"https:\/\/rodoaed.ee\/fi\/toode\/hamahakkitutkimuksen-puitteet-verkon-punomisen-perusta\/#breadcrumb","itemListElement":[{"@type":"ListItem","position":1,"name":"Home","item":"https:\/\/rodoaed.ee\/fi\/"},{"@type":"ListItem","position":2,"name":"Osta osoitteessa","item":"https:\/\/rodoaed.ee\/osta-osoitteessa\/"},{"@type":"ListItem","position":3,"name":"H\u00e4m\u00e4h\u00e4kkitutkimuksen puitteet &#8211; verkon punomisen perusta"}]},{"@type":"WebSite","@id":"https:\/\/rodoaed.ee\/#website","url":"https:\/\/rodoaed.ee\/","name":"Rodoaed","description":"","publisher":{"@id":"https:\/\/rodoaed.ee\/#organization"},"potentialAction":[{"@type":"SearchAction","target":{"@type":"EntryPoint","urlTemplate":"https:\/\/rodoaed.ee\/?s={search_term_string}"},"query-input":{"@type":"PropertyValueSpecification","valueRequired":true,"valueName":"search_term_string"}}],"inLanguage":"fi"},{"@type":"Organization","@id":"https:\/\/rodoaed.ee\/#organization","name":"Rodoaed","url":"https:\/\/rodoaed.ee\/","logo":{"@type":"ImageObject","inLanguage":"fi","@id":"https:\/\/rodoaed.ee\/#\/schema\/logo\/image\/","url":"https:\/\/rodoaed.ee\/wp-content\/uploads\/2019\/11\/rodoaed-logo-ilma-taustata.jpg","contentUrl":"https:\/\/rodoaed.ee\/wp-content\/uploads\/2019\/11\/rodoaed-logo-ilma-taustata.jpg","width":769,"height":268,"caption":"Rodoaed"},"image":{"@id":"https:\/\/rodoaed.ee\/#\/schema\/logo\/image\/"},"sameAs":["https:\/\/www.facebook.com\/kasvuhooned\/","https:\/\/rodoaed.ee"]}]}},"_links":{"self":[{"href":"https:\/\/rodoaed.ee\/fi\/wp-json\/wp\/v2\/product\/53410","targetHints":{"allow":["GET"]}}],"collection":[{"href":"https:\/\/rodoaed.ee\/fi\/wp-json\/wp\/v2\/product"}],"about":[{"href":"https:\/\/rodoaed.ee\/fi\/wp-json\/wp\/v2\/types\/product"}],"wp:featuredmedia":[{"embeddable":true,"href":"https:\/\/rodoaed.ee\/fi\/wp-json\/wp\/v2\/media\/18465"}],"wp:attachment":[{"href":"https:\/\/rodoaed.ee\/fi\/wp-json\/wp\/v2\/media?parent=53410"}],"wp:term":[{"taxonomy":"product_brand","embeddable":true,"href":"https:\/\/rodoaed.ee\/fi\/wp-json\/wp\/v2\/product_brand?post=53410"},{"taxonomy":"product_cat","embeddable":true,"href":"https:\/\/rodoaed.ee\/fi\/wp-json\/wp\/v2\/product_cat?post=53410"},{"taxonomy":"product_tag","embeddable":true,"href":"https:\/\/rodoaed.ee\/fi\/wp-json\/wp\/v2\/product_tag?post=53410"}],"curies":[{"name":"wp","href":"https:\/\/api.w.org\/{rel}","templated":true}]}}