{"id":53411,"date":"2019-08-02T12:48:16","date_gmt":"2019-08-02T09:48:16","guid":{"rendered":"https:\/\/rodoaed.ee\/toode\/diner-taytteenottokauha-pieni\/"},"modified":"2026-04-13T11:05:23","modified_gmt":"2026-04-13T08:05:23","slug":"diner-taytteenottokauha-pieni","status":"publish","type":"product","link":"https:\/\/rodoaed.ee\/fi\/tuote\/diner-taytteenottokauha-pieni\/","title":{"rendered":"Diner-t\u00e4ytteenottokauha &#8211; pieni"},"content":{"rendered":"<h2>Suosittelemme l\u00e4mpim\u00e4sti t\u00e4m\u00e4n ty\u00f6kalun k\u00e4ytt\u00f6\u00e4 lintujen ruokintalaitteiden t\u00e4ytt\u00e4misess\u00e4. N\u00e4in siemeni\u00e4 ei mene hukkaan, ja t\u00e4ytt\u00f6 on paljon nopeampaa ja k\u00e4tev\u00e4mp\u00e4\u00e4 kuin suoraan pussista kaataminen. S\u00e4\u00e4st\u00e4t aikaa ja siemeni\u00e4.  <\/h2>\n<p>Erityisen k\u00e4tev\u00e4 k\u00e4ytett\u00e4v\u00e4ksi kuolevien siemenastioiden kanssa. Suosittelemme ostamaan siemenet ja rehut yhdess\u00e4 pussissa tai kaatamaan ne muovisankoihin, jotta ne on helppo ker\u00e4t\u00e4. <\/p>\n<p>T\u00e4m\u00e4 n\u00e4pp\u00e4r\u00e4 kauha varmistaa, ett\u00e4 koko kauha menee siististi ruokas\u00e4ili\u00f6\u00f6n ilman h\u00e4vikki\u00e4.<\/p>\n<p>Kaiva lapio siemenseosta sis\u00e4lt\u00e4v\u00e4\u00e4n pussiin, vie se sitten kanttiiniin ja pudota kaikki t\u00e4sm\u00e4lleen kanttiiniin. Kauhassa on l\u00e4pp\u00e4, jonka voi sulkea ja avata k\u00e4tev\u00e4sti. <\/p>\n<p>K\u00e4tev\u00e4sti muotoillun kauhan avulla voit t\u00e4ytt\u00e4\u00e4 yhdell\u00e4 k\u00e4dell\u00e4.<\/p>\n<p>Optimoitu k\u00e4ytett\u00e4v\u00e4ksi Schwegler-ruokaloissa, mutta sopii k\u00e4ytett\u00e4v\u00e4ksi kaikissa ruokaloissa.<\/p>\n<p><strong>Materiaali:<\/strong><\/p>\n<p>S\u00e4\u00e4nkest\u00e4v\u00e4 muovi<\/p>\n<p><strong>Aseta:<\/strong><\/p>\n<p>kauha on pakattu ilman ruokaa<\/p>\n<p><strong>Paino: <\/strong>0,2 kg<\/p>\n<figure id=\"attachment_4262\" aria-describedby=\"caption-attachment-4262\" style=\"width: 200px\" class=\"wp-caption alignnone\"><img loading=\"lazy\" decoding=\"async\" class=\"size-medium-single-product wp-image-4262\" src=\"https:\/\/www.rodoaed.ee\/wp-content\/uploads\/2013\/07\/S%C3%B6%C3%B6gimaja-t%C3%A4itja_3-200x150.jpg\" alt=\"\" width=\"200\" height=\"150\"><figcaption id=\"caption-attachment-4262\" class=\"wp-caption-text\">Kaval s\u00f6\u00f6gimaja t\u00e4itja teeb elu lihtsaks<\/figcaption><\/figure>\n<p><em><\/p>\n<p><\/em><\/p>\n","protected":false},"excerpt":{"rendered":"<p>Suosittelemme l\u00e4mpim\u00e4sti t\u00e4m\u00e4n ty\u00f6kalun k\u00e4ytt\u00f6\u00e4 lintujen ruokintalaitteiden t\u00e4ytt\u00e4misess\u00e4. N\u00e4in siemeni\u00e4 ei mene hukkaan, ja t\u00e4ytt\u00f6 on paljon nopeampaa ja k\u00e4tev\u00e4mp\u00e4\u00e4 kuin suoraan pussista kaataminen. S\u00e4\u00e4st\u00e4t aikaa ja siemeni\u00e4. Erityisen k\u00e4tev\u00e4 k\u00e4ytett\u00e4v\u00e4ksi kuolevien siemenastioiden kanssa. Suosittelemme ostamaan siemenet ja rehut yhdess\u00e4 pussissa tai kaatamaan ne muovisankoihin, jotta ne on helppo ker\u00e4t\u00e4. T\u00e4m\u00e4 n\u00e4pp\u00e4r\u00e4 kauha varmistaa, ett\u00e4 koko kauha menee siististi ruokas\u00e4ili\u00f6\u00f6n ilman h\u00e4vikki\u00e4. Kaiva lapio siemenseosta&#8230;<\/p>\n","protected":false},"featured_media":18426,"template":"","meta":{"_acf_changed":false},"product_brand":[],"product_cat":[2261,1767],"product_tag":[],"class_list":{"0":"post-53411","1":"product","2":"type-product","3":"status-publish","4":"has-post-thumbnail","6":"product_cat-kauhojen-tayttaminen-linnan-ruokalaa-varten","7":"product_cat-linnaillalliset-ja-linnan-ravintolat","8":"pa_variatsioon-30-ruokailuhuoneen-tayttokuppi-pieni","10":"first","11":"instock","12":"sale","13":"taxable","14":"shipping-taxable","15":"purchasable","16":"product-type-simple"},"acf":[],"yoast_head":"<!-- This site is optimized with the Yoast SEO Premium plugin v27.3 (Yoast SEO v27.3) - https:\/\/yoast.com\/product\/yoast-seo-premium-wordpress\/ -->\n<title>Diner-t\u00e4ytteenottokauha - pieni - Rodoaed<\/title>\n<meta name=\"robots\" content=\"index, follow, max-snippet:-1, max-image-preview:large, max-video-preview:-1\" \/>\n<link rel=\"canonical\" href=\"https:\/\/rodoaed.ee\/toode\/diner-taytteenottokauha-pieni\/\" \/>\n<meta property=\"og:locale\" content=\"fi_FI\" \/>\n<meta property=\"og:type\" content=\"article\" \/>\n<meta property=\"og:title\" content=\"Diner-t\u00e4ytteenottokauha - pieni\" \/>\n<meta property=\"og:description\" content=\"Suosittelemme l\u00e4mpim\u00e4sti t\u00e4m\u00e4n ty\u00f6kalun k\u00e4ytt\u00f6\u00e4 lintujen ruokintalaitteiden t\u00e4ytt\u00e4misess\u00e4. N\u00e4in siemeni\u00e4 ei mene hukkaan, ja t\u00e4ytt\u00f6 on paljon nopeampaa ja\" \/>\n<meta property=\"og:url\" content=\"https:\/\/rodoaed.ee\/toode\/diner-taytteenottokauha-pieni\/\" \/>\n<meta property=\"og:site_name\" content=\"Rodoaed\" \/>\n<meta property=\"article:publisher\" content=\"https:\/\/www.facebook.com\/kasvuhooned\/\" \/>\n<meta property=\"article:modified_time\" content=\"2026-04-13T08:05:23+00:00\" \/>\n<meta name=\"twitter:card\" content=\"summary_large_image\" \/>\n<meta name=\"twitter:label1\" content=\"Arvioitu lukuaika\" \/>\n\t<meta name=\"twitter:data1\" content=\"1 minuutti\" \/>\n<script type=\"application\/ld+json\" class=\"yoast-schema-graph\">{\"@context\":\"https:\\\/\\\/schema.org\",\"@graph\":[{\"@type\":\"WebPage\",\"@id\":\"https:\\\/\\\/rodoaed.ee\\\/toode\\\/diner-taytteenottokauha-pieni\\\/\",\"url\":\"https:\\\/\\\/rodoaed.ee\\\/toode\\\/diner-taytteenottokauha-pieni\\\/\",\"name\":\"Diner-t\u00e4ytteenottokauha - pieni - Rodoaed\",\"isPartOf\":{\"@id\":\"https:\\\/\\\/rodoaed.ee\\\/#website\"},\"primaryImageOfPage\":{\"@id\":\"https:\\\/\\\/rodoaed.ee\\\/toode\\\/diner-taytteenottokauha-pieni\\\/#primaryimage\"},\"image\":{\"@id\":\"https:\\\/\\\/rodoaed.ee\\\/toode\\\/diner-taytteenottokauha-pieni\\\/#primaryimage\"},\"thumbnailUrl\":\"https:\\\/\\\/rodoaed.ee\\\/wp-content\\\/uploads\\\/2019\\\/07\\\/S\u00f6\u00f6gimaja-t\u00e4itja_2.jpg\",\"datePublished\":\"2019-08-02T09:48:16+00:00\",\"dateModified\":\"2026-04-13T08:05:23+00:00\",\"breadcrumb\":{\"@id\":\"https:\\\/\\\/rodoaed.ee\\\/toode\\\/diner-taytteenottokauha-pieni\\\/#breadcrumb\"},\"inLanguage\":\"fi\",\"potentialAction\":[{\"@type\":\"ReadAction\",\"target\":[\"https:\\\/\\\/rodoaed.ee\\\/toode\\\/diner-taytteenottokauha-pieni\\\/\"]}]},{\"@type\":\"ImageObject\",\"inLanguage\":\"fi\",\"@id\":\"https:\\\/\\\/rodoaed.ee\\\/toode\\\/diner-taytteenottokauha-pieni\\\/#primaryimage\",\"url\":\"https:\\\/\\\/rodoaed.ee\\\/wp-content\\\/uploads\\\/2019\\\/07\\\/S\u00f6\u00f6gimaja-t\u00e4itja_2.jpg\",\"contentUrl\":\"https:\\\/\\\/rodoaed.ee\\\/wp-content\\\/uploads\\\/2019\\\/07\\\/S\u00f6\u00f6gimaja-t\u00e4itja_2.jpg\",\"width\":400,\"height\":180},{\"@type\":\"BreadcrumbList\",\"@id\":\"https:\\\/\\\/rodoaed.ee\\\/toode\\\/diner-taytteenottokauha-pieni\\\/#breadcrumb\",\"itemListElement\":[{\"@type\":\"ListItem\",\"position\":1,\"name\":\"Home\",\"item\":\"https:\\\/\\\/rodoaed.ee\\\/fi\\\/\"},{\"@type\":\"ListItem\",\"position\":2,\"name\":\"Osta osoitteessa\",\"item\":\"https:\\\/\\\/rodoaed.ee\\\/osta-osoitteessa\\\/\"},{\"@type\":\"ListItem\",\"position\":3,\"name\":\"Diner-t\u00e4ytteenottokauha &#8211; pieni\"}]},{\"@type\":\"WebSite\",\"@id\":\"https:\\\/\\\/rodoaed.ee\\\/#website\",\"url\":\"https:\\\/\\\/rodoaed.ee\\\/\",\"name\":\"Rodoaed\",\"description\":\"\",\"publisher\":{\"@id\":\"https:\\\/\\\/rodoaed.ee\\\/#organization\"},\"potentialAction\":[{\"@type\":\"SearchAction\",\"target\":{\"@type\":\"EntryPoint\",\"urlTemplate\":\"https:\\\/\\\/rodoaed.ee\\\/?s={search_term_string}\"},\"query-input\":{\"@type\":\"PropertyValueSpecification\",\"valueRequired\":true,\"valueName\":\"search_term_string\"}}],\"inLanguage\":\"fi\"},{\"@type\":\"Organization\",\"@id\":\"https:\\\/\\\/rodoaed.ee\\\/#organization\",\"name\":\"Rodoaed\",\"url\":\"https:\\\/\\\/rodoaed.ee\\\/\",\"logo\":{\"@type\":\"ImageObject\",\"inLanguage\":\"fi\",\"@id\":\"https:\\\/\\\/rodoaed.ee\\\/#\\\/schema\\\/logo\\\/image\\\/\",\"url\":\"https:\\\/\\\/rodoaed.ee\\\/wp-content\\\/uploads\\\/2019\\\/11\\\/rodoaed-logo-ilma-taustata.jpg\",\"contentUrl\":\"https:\\\/\\\/rodoaed.ee\\\/wp-content\\\/uploads\\\/2019\\\/11\\\/rodoaed-logo-ilma-taustata.jpg\",\"width\":769,\"height\":268,\"caption\":\"Rodoaed\"},\"image\":{\"@id\":\"https:\\\/\\\/rodoaed.ee\\\/#\\\/schema\\\/logo\\\/image\\\/\"},\"sameAs\":[\"https:\\\/\\\/www.facebook.com\\\/kasvuhooned\\\/\",\"https:\\\/\\\/rodoaed.ee\"]}]}<\/script>\n<!-- \/ Yoast SEO Premium plugin. -->","yoast_head_json":{"title":"Diner-t\u00e4ytteenottokauha - pieni - Rodoaed","robots":{"index":"index","follow":"follow","max-snippet":"max-snippet:-1","max-image-preview":"max-image-preview:large","max-video-preview":"max-video-preview:-1"},"canonical":"https:\/\/rodoaed.ee\/toode\/diner-taytteenottokauha-pieni\/","og_locale":"fi_FI","og_type":"article","og_title":"Diner-t\u00e4ytteenottokauha - pieni","og_description":"Suosittelemme l\u00e4mpim\u00e4sti t\u00e4m\u00e4n ty\u00f6kalun k\u00e4ytt\u00f6\u00e4 lintujen ruokintalaitteiden t\u00e4ytt\u00e4misess\u00e4. N\u00e4in siemeni\u00e4 ei mene hukkaan, ja t\u00e4ytt\u00f6 on paljon nopeampaa ja","og_url":"https:\/\/rodoaed.ee\/toode\/diner-taytteenottokauha-pieni\/","og_site_name":"Rodoaed","article_publisher":"https:\/\/www.facebook.com\/kasvuhooned\/","article_modified_time":"2026-04-13T08:05:23+00:00","twitter_card":"summary_large_image","twitter_misc":{"Arvioitu lukuaika":"1 minuutti"},"schema":{"@context":"https:\/\/schema.org","@graph":[{"@type":"WebPage","@id":"https:\/\/rodoaed.ee\/toode\/diner-taytteenottokauha-pieni\/","url":"https:\/\/rodoaed.ee\/toode\/diner-taytteenottokauha-pieni\/","name":"Diner-t\u00e4ytteenottokauha - pieni - Rodoaed","isPartOf":{"@id":"https:\/\/rodoaed.ee\/#website"},"primaryImageOfPage":{"@id":"https:\/\/rodoaed.ee\/toode\/diner-taytteenottokauha-pieni\/#primaryimage"},"image":{"@id":"https:\/\/rodoaed.ee\/toode\/diner-taytteenottokauha-pieni\/#primaryimage"},"thumbnailUrl":"https:\/\/rodoaed.ee\/wp-content\/uploads\/2019\/07\/S\u00f6\u00f6gimaja-t\u00e4itja_2.jpg","datePublished":"2019-08-02T09:48:16+00:00","dateModified":"2026-04-13T08:05:23+00:00","breadcrumb":{"@id":"https:\/\/rodoaed.ee\/toode\/diner-taytteenottokauha-pieni\/#breadcrumb"},"inLanguage":"fi","potentialAction":[{"@type":"ReadAction","target":["https:\/\/rodoaed.ee\/toode\/diner-taytteenottokauha-pieni\/"]}]},{"@type":"ImageObject","inLanguage":"fi","@id":"https:\/\/rodoaed.ee\/toode\/diner-taytteenottokauha-pieni\/#primaryimage","url":"https:\/\/rodoaed.ee\/wp-content\/uploads\/2019\/07\/S\u00f6\u00f6gimaja-t\u00e4itja_2.jpg","contentUrl":"https:\/\/rodoaed.ee\/wp-content\/uploads\/2019\/07\/S\u00f6\u00f6gimaja-t\u00e4itja_2.jpg","width":400,"height":180},{"@type":"BreadcrumbList","@id":"https:\/\/rodoaed.ee\/toode\/diner-taytteenottokauha-pieni\/#breadcrumb","itemListElement":[{"@type":"ListItem","position":1,"name":"Home","item":"https:\/\/rodoaed.ee\/fi\/"},{"@type":"ListItem","position":2,"name":"Osta osoitteessa","item":"https:\/\/rodoaed.ee\/osta-osoitteessa\/"},{"@type":"ListItem","position":3,"name":"Diner-t\u00e4ytteenottokauha &#8211; pieni"}]},{"@type":"WebSite","@id":"https:\/\/rodoaed.ee\/#website","url":"https:\/\/rodoaed.ee\/","name":"Rodoaed","description":"","publisher":{"@id":"https:\/\/rodoaed.ee\/#organization"},"potentialAction":[{"@type":"SearchAction","target":{"@type":"EntryPoint","urlTemplate":"https:\/\/rodoaed.ee\/?s={search_term_string}"},"query-input":{"@type":"PropertyValueSpecification","valueRequired":true,"valueName":"search_term_string"}}],"inLanguage":"fi"},{"@type":"Organization","@id":"https:\/\/rodoaed.ee\/#organization","name":"Rodoaed","url":"https:\/\/rodoaed.ee\/","logo":{"@type":"ImageObject","inLanguage":"fi","@id":"https:\/\/rodoaed.ee\/#\/schema\/logo\/image\/","url":"https:\/\/rodoaed.ee\/wp-content\/uploads\/2019\/11\/rodoaed-logo-ilma-taustata.jpg","contentUrl":"https:\/\/rodoaed.ee\/wp-content\/uploads\/2019\/11\/rodoaed-logo-ilma-taustata.jpg","width":769,"height":268,"caption":"Rodoaed"},"image":{"@id":"https:\/\/rodoaed.ee\/#\/schema\/logo\/image\/"},"sameAs":["https:\/\/www.facebook.com\/kasvuhooned\/","https:\/\/rodoaed.ee"]}]}},"_links":{"self":[{"href":"https:\/\/rodoaed.ee\/fi\/wp-json\/wp\/v2\/product\/53411","targetHints":{"allow":["GET"]}}],"collection":[{"href":"https:\/\/rodoaed.ee\/fi\/wp-json\/wp\/v2\/product"}],"about":[{"href":"https:\/\/rodoaed.ee\/fi\/wp-json\/wp\/v2\/types\/product"}],"wp:featuredmedia":[{"embeddable":true,"href":"https:\/\/rodoaed.ee\/fi\/wp-json\/wp\/v2\/media\/18426"}],"wp:attachment":[{"href":"https:\/\/rodoaed.ee\/fi\/wp-json\/wp\/v2\/media?parent=53411"}],"wp:term":[{"taxonomy":"product_brand","embeddable":true,"href":"https:\/\/rodoaed.ee\/fi\/wp-json\/wp\/v2\/product_brand?post=53411"},{"taxonomy":"product_cat","embeddable":true,"href":"https:\/\/rodoaed.ee\/fi\/wp-json\/wp\/v2\/product_cat?post=53411"},{"taxonomy":"product_tag","embeddable":true,"href":"https:\/\/rodoaed.ee\/fi\/wp-json\/wp\/v2\/product_tag?post=53411"}],"curies":[{"name":"wp","href":"https:\/\/api.w.org\/{rel}","templated":true}]}}