{"id":53412,"date":"2019-08-02T12:48:16","date_gmt":"2019-08-02T09:48:16","guid":{"rendered":"https:\/\/rodoaed.ee\/toode\/ruokasali-i-love-robins-katto-sadesuojaan\/"},"modified":"2026-04-13T11:05:26","modified_gmt":"2026-04-13T08:05:26","slug":"ruokasali-i-love-robins-katto-sadesuojaan","status":"publish","type":"product","link":"https:\/\/rodoaed.ee\/fi\/tuote\/ruokasali-i-love-robins-katto-sadesuojaan\/","title":{"rendered":"Ruokasali- I Love Robins- katto sadesuojaan"},"content":{"rendered":"<h2>Aseta ikkunan yl\u00e4puolelle punakettu-astia sateelta suojaamiseksi.<\/h2>\n<p>Parhaan tuloksen saat, kun asennat kuomun noin 15 cm ruokap\u00f6yd\u00e4n yl\u00e4puolelle.<\/p>\n<p>Kest\u00e4v\u00e4st\u00e4 polykarbonaatista valettu levy kest\u00e4\u00e4 hyvin s\u00e4\u00e4nkest\u00e4vi\u00e4 olosuhteita &#8211; se ei halkeile tai muuta v\u00e4ri\u00e4\u00e4n, ja se on eritt\u00e4in helppo puhdistaa.<\/p>\n<p>&nbsp;<\/p>\n<p><strong>V\u00e4ri:<\/strong><\/p>\n<p>L\u00e4pin\u00e4kyv\u00e4 polykarbonaatti<\/p>\n<p><strong>Materiaali:<\/strong><\/p>\n<p>Polykarbonaatti<\/p>\n<p><strong>Mitat :<\/strong><strong><\/p>\n<p><\/strong>Leveys 18 cm x korkeus 4 cm x syvyys 14 cm.<\/p>\n<p><strong>Paino: <\/strong>0,1 kg<\/p>\n<figure id=\"attachment_4282\" aria-describedby=\"caption-attachment-4282\" style=\"width: 200px\" class=\"wp-caption alignnone\"><img loading=\"lazy\" decoding=\"async\" class=\"size-medium-single-product wp-image-4282\" src=\"https:\/\/www.rodoaed.ee\/wp-content\/uploads\/2013\/07\/I-love-Robins_s%C3%B6%C3%B6tja_katusega-200x150.jpg\" alt=\"\" width=\"200\" height=\"150\"><figcaption id=\"caption-attachment-4282\" class=\"wp-caption-text\">I love Robins s\u00f6\u00f6gin\u00f5u vihmakatus<\/figcaption><\/figure>\n","protected":false},"excerpt":{"rendered":"<p>Aseta ikkunan yl\u00e4puolelle punakettu-astia sateelta suojaamiseksi. Parhaan tuloksen saat, kun asennat kuomun noin 15 cm ruokap\u00f6yd\u00e4n yl\u00e4puolelle. Kest\u00e4v\u00e4st\u00e4 polykarbonaatista valettu levy kest\u00e4\u00e4 hyvin s\u00e4\u00e4nkest\u00e4vi\u00e4 olosuhteita &#8211; se ei halkeile tai muuta v\u00e4ri\u00e4\u00e4n, ja se on eritt\u00e4in helppo puhdistaa. &nbsp; V\u00e4ri: L\u00e4pin\u00e4kyv\u00e4 polykarbonaatti Materiaali: Polykarbonaatti Mitat : Leveys 18 cm x korkeus 4 cm x syvyys 14 cm. Paino: 0,1 kg<\/p>\n","protected":false},"featured_media":18421,"template":"","meta":{"_acf_changed":false},"product_brand":[],"product_cat":[2254,1767],"product_tag":[],"class_list":{"0":"post-53412","1":"product","2":"type-product","3":"status-publish","4":"has-post-thumbnail","6":"product_cat-i-love-robins-mallasvallihauta","7":"product_cat-linnaillalliset-ja-linnan-ravintolat","8":"product_shipping_class-toimitus-1-3-tyopaivan-kuluessa","9":"pa_variatsioon-sadetakki-punarintaisia-herkkuja-varten","11":"first","12":"outofstock","13":"taxable","14":"shipping-taxable","15":"purchasable","16":"product-type-simple"},"acf":[],"yoast_head":"<!-- This site is optimized with the Yoast SEO Premium plugin v27.3 (Yoast SEO v27.3) - https:\/\/yoast.com\/product\/yoast-seo-premium-wordpress\/ -->\n<title>Ruokasali- I Love Robins- katto sadesuojaan - Rodoaed<\/title>\n<meta name=\"robots\" content=\"index, follow, max-snippet:-1, max-image-preview:large, max-video-preview:-1\" \/>\n<link rel=\"canonical\" href=\"https:\/\/rodoaed.ee\/toode\/ruokasali-i-love-robins-katto-sadesuojaan\/\" \/>\n<meta property=\"og:locale\" content=\"fi_FI\" \/>\n<meta property=\"og:type\" content=\"article\" \/>\n<meta property=\"og:title\" content=\"Ruokasali- I Love Robins- katto sadesuojaan\" \/>\n<meta property=\"og:description\" content=\"Aseta ikkunan yl\u00e4puolelle punakettu-astia sateelta suojaamiseksi. Parhaan tuloksen saat, kun asennat kuomun noin 15 cm ruokap\u00f6yd\u00e4n yl\u00e4puolelle. Kest\u00e4v\u00e4st\u00e4\" \/>\n<meta property=\"og:url\" content=\"https:\/\/rodoaed.ee\/toode\/ruokasali-i-love-robins-katto-sadesuojaan\/\" \/>\n<meta property=\"og:site_name\" content=\"Rodoaed\" \/>\n<meta property=\"article:publisher\" content=\"https:\/\/www.facebook.com\/kasvuhooned\/\" \/>\n<meta property=\"article:modified_time\" content=\"2026-04-13T08:05:26+00:00\" \/>\n<meta name=\"twitter:card\" content=\"summary_large_image\" \/>\n<script type=\"application\/ld+json\" class=\"yoast-schema-graph\">{\"@context\":\"https:\\\/\\\/schema.org\",\"@graph\":[{\"@type\":\"WebPage\",\"@id\":\"https:\\\/\\\/rodoaed.ee\\\/toode\\\/ruokasali-i-love-robins-katto-sadesuojaan\\\/\",\"url\":\"https:\\\/\\\/rodoaed.ee\\\/toode\\\/ruokasali-i-love-robins-katto-sadesuojaan\\\/\",\"name\":\"Ruokasali- I Love Robins- katto sadesuojaan - Rodoaed\",\"isPartOf\":{\"@id\":\"https:\\\/\\\/rodoaed.ee\\\/#website\"},\"primaryImageOfPage\":{\"@id\":\"https:\\\/\\\/rodoaed.ee\\\/toode\\\/ruokasali-i-love-robins-katto-sadesuojaan\\\/#primaryimage\"},\"image\":{\"@id\":\"https:\\\/\\\/rodoaed.ee\\\/toode\\\/ruokasali-i-love-robins-katto-sadesuojaan\\\/#primaryimage\"},\"thumbnailUrl\":\"https:\\\/\\\/rodoaed.ee\\\/wp-content\\\/uploads\\\/2019\\\/07\\\/I-love-Robins_s\u00f6\u00f6tja_katus.jpg\",\"datePublished\":\"2019-08-02T09:48:16+00:00\",\"dateModified\":\"2026-04-13T08:05:26+00:00\",\"breadcrumb\":{\"@id\":\"https:\\\/\\\/rodoaed.ee\\\/toode\\\/ruokasali-i-love-robins-katto-sadesuojaan\\\/#breadcrumb\"},\"inLanguage\":\"fi\",\"potentialAction\":[{\"@type\":\"ReadAction\",\"target\":[\"https:\\\/\\\/rodoaed.ee\\\/toode\\\/ruokasali-i-love-robins-katto-sadesuojaan\\\/\"]}]},{\"@type\":\"ImageObject\",\"inLanguage\":\"fi\",\"@id\":\"https:\\\/\\\/rodoaed.ee\\\/toode\\\/ruokasali-i-love-robins-katto-sadesuojaan\\\/#primaryimage\",\"url\":\"https:\\\/\\\/rodoaed.ee\\\/wp-content\\\/uploads\\\/2019\\\/07\\\/I-love-Robins_s\u00f6\u00f6tja_katus.jpg\",\"contentUrl\":\"https:\\\/\\\/rodoaed.ee\\\/wp-content\\\/uploads\\\/2019\\\/07\\\/I-love-Robins_s\u00f6\u00f6tja_katus.jpg\",\"width\":400,\"height\":400},{\"@type\":\"BreadcrumbList\",\"@id\":\"https:\\\/\\\/rodoaed.ee\\\/toode\\\/ruokasali-i-love-robins-katto-sadesuojaan\\\/#breadcrumb\",\"itemListElement\":[{\"@type\":\"ListItem\",\"position\":1,\"name\":\"Home\",\"item\":\"https:\\\/\\\/rodoaed.ee\\\/fi\\\/\"},{\"@type\":\"ListItem\",\"position\":2,\"name\":\"Osta osoitteessa\",\"item\":\"https:\\\/\\\/rodoaed.ee\\\/osta-osoitteessa\\\/\"},{\"@type\":\"ListItem\",\"position\":3,\"name\":\"Ruokasali- I Love Robins- katto sadesuojaan\"}]},{\"@type\":\"WebSite\",\"@id\":\"https:\\\/\\\/rodoaed.ee\\\/#website\",\"url\":\"https:\\\/\\\/rodoaed.ee\\\/\",\"name\":\"Rodoaed\",\"description\":\"\",\"publisher\":{\"@id\":\"https:\\\/\\\/rodoaed.ee\\\/#organization\"},\"potentialAction\":[{\"@type\":\"SearchAction\",\"target\":{\"@type\":\"EntryPoint\",\"urlTemplate\":\"https:\\\/\\\/rodoaed.ee\\\/?s={search_term_string}\"},\"query-input\":{\"@type\":\"PropertyValueSpecification\",\"valueRequired\":true,\"valueName\":\"search_term_string\"}}],\"inLanguage\":\"fi\"},{\"@type\":\"Organization\",\"@id\":\"https:\\\/\\\/rodoaed.ee\\\/#organization\",\"name\":\"Rodoaed\",\"url\":\"https:\\\/\\\/rodoaed.ee\\\/\",\"logo\":{\"@type\":\"ImageObject\",\"inLanguage\":\"fi\",\"@id\":\"https:\\\/\\\/rodoaed.ee\\\/#\\\/schema\\\/logo\\\/image\\\/\",\"url\":\"https:\\\/\\\/rodoaed.ee\\\/wp-content\\\/uploads\\\/2019\\\/11\\\/rodoaed-logo-ilma-taustata.jpg\",\"contentUrl\":\"https:\\\/\\\/rodoaed.ee\\\/wp-content\\\/uploads\\\/2019\\\/11\\\/rodoaed-logo-ilma-taustata.jpg\",\"width\":769,\"height\":268,\"caption\":\"Rodoaed\"},\"image\":{\"@id\":\"https:\\\/\\\/rodoaed.ee\\\/#\\\/schema\\\/logo\\\/image\\\/\"},\"sameAs\":[\"https:\\\/\\\/www.facebook.com\\\/kasvuhooned\\\/\",\"https:\\\/\\\/rodoaed.ee\"]}]}<\/script>\n<!-- \/ Yoast SEO Premium plugin. -->","yoast_head_json":{"title":"Ruokasali- I Love Robins- katto sadesuojaan - Rodoaed","robots":{"index":"index","follow":"follow","max-snippet":"max-snippet:-1","max-image-preview":"max-image-preview:large","max-video-preview":"max-video-preview:-1"},"canonical":"https:\/\/rodoaed.ee\/toode\/ruokasali-i-love-robins-katto-sadesuojaan\/","og_locale":"fi_FI","og_type":"article","og_title":"Ruokasali- I Love Robins- katto sadesuojaan","og_description":"Aseta ikkunan yl\u00e4puolelle punakettu-astia sateelta suojaamiseksi. Parhaan tuloksen saat, kun asennat kuomun noin 15 cm ruokap\u00f6yd\u00e4n yl\u00e4puolelle. Kest\u00e4v\u00e4st\u00e4","og_url":"https:\/\/rodoaed.ee\/toode\/ruokasali-i-love-robins-katto-sadesuojaan\/","og_site_name":"Rodoaed","article_publisher":"https:\/\/www.facebook.com\/kasvuhooned\/","article_modified_time":"2026-04-13T08:05:26+00:00","twitter_card":"summary_large_image","schema":{"@context":"https:\/\/schema.org","@graph":[{"@type":"WebPage","@id":"https:\/\/rodoaed.ee\/toode\/ruokasali-i-love-robins-katto-sadesuojaan\/","url":"https:\/\/rodoaed.ee\/toode\/ruokasali-i-love-robins-katto-sadesuojaan\/","name":"Ruokasali- I Love Robins- katto sadesuojaan - Rodoaed","isPartOf":{"@id":"https:\/\/rodoaed.ee\/#website"},"primaryImageOfPage":{"@id":"https:\/\/rodoaed.ee\/toode\/ruokasali-i-love-robins-katto-sadesuojaan\/#primaryimage"},"image":{"@id":"https:\/\/rodoaed.ee\/toode\/ruokasali-i-love-robins-katto-sadesuojaan\/#primaryimage"},"thumbnailUrl":"https:\/\/rodoaed.ee\/wp-content\/uploads\/2019\/07\/I-love-Robins_s\u00f6\u00f6tja_katus.jpg","datePublished":"2019-08-02T09:48:16+00:00","dateModified":"2026-04-13T08:05:26+00:00","breadcrumb":{"@id":"https:\/\/rodoaed.ee\/toode\/ruokasali-i-love-robins-katto-sadesuojaan\/#breadcrumb"},"inLanguage":"fi","potentialAction":[{"@type":"ReadAction","target":["https:\/\/rodoaed.ee\/toode\/ruokasali-i-love-robins-katto-sadesuojaan\/"]}]},{"@type":"ImageObject","inLanguage":"fi","@id":"https:\/\/rodoaed.ee\/toode\/ruokasali-i-love-robins-katto-sadesuojaan\/#primaryimage","url":"https:\/\/rodoaed.ee\/wp-content\/uploads\/2019\/07\/I-love-Robins_s\u00f6\u00f6tja_katus.jpg","contentUrl":"https:\/\/rodoaed.ee\/wp-content\/uploads\/2019\/07\/I-love-Robins_s\u00f6\u00f6tja_katus.jpg","width":400,"height":400},{"@type":"BreadcrumbList","@id":"https:\/\/rodoaed.ee\/toode\/ruokasali-i-love-robins-katto-sadesuojaan\/#breadcrumb","itemListElement":[{"@type":"ListItem","position":1,"name":"Home","item":"https:\/\/rodoaed.ee\/fi\/"},{"@type":"ListItem","position":2,"name":"Osta osoitteessa","item":"https:\/\/rodoaed.ee\/osta-osoitteessa\/"},{"@type":"ListItem","position":3,"name":"Ruokasali- I Love Robins- katto sadesuojaan"}]},{"@type":"WebSite","@id":"https:\/\/rodoaed.ee\/#website","url":"https:\/\/rodoaed.ee\/","name":"Rodoaed","description":"","publisher":{"@id":"https:\/\/rodoaed.ee\/#organization"},"potentialAction":[{"@type":"SearchAction","target":{"@type":"EntryPoint","urlTemplate":"https:\/\/rodoaed.ee\/?s={search_term_string}"},"query-input":{"@type":"PropertyValueSpecification","valueRequired":true,"valueName":"search_term_string"}}],"inLanguage":"fi"},{"@type":"Organization","@id":"https:\/\/rodoaed.ee\/#organization","name":"Rodoaed","url":"https:\/\/rodoaed.ee\/","logo":{"@type":"ImageObject","inLanguage":"fi","@id":"https:\/\/rodoaed.ee\/#\/schema\/logo\/image\/","url":"https:\/\/rodoaed.ee\/wp-content\/uploads\/2019\/11\/rodoaed-logo-ilma-taustata.jpg","contentUrl":"https:\/\/rodoaed.ee\/wp-content\/uploads\/2019\/11\/rodoaed-logo-ilma-taustata.jpg","width":769,"height":268,"caption":"Rodoaed"},"image":{"@id":"https:\/\/rodoaed.ee\/#\/schema\/logo\/image\/"},"sameAs":["https:\/\/www.facebook.com\/kasvuhooned\/","https:\/\/rodoaed.ee"]}]}},"_links":{"self":[{"href":"https:\/\/rodoaed.ee\/fi\/wp-json\/wp\/v2\/product\/53412","targetHints":{"allow":["GET"]}}],"collection":[{"href":"https:\/\/rodoaed.ee\/fi\/wp-json\/wp\/v2\/product"}],"about":[{"href":"https:\/\/rodoaed.ee\/fi\/wp-json\/wp\/v2\/types\/product"}],"wp:featuredmedia":[{"embeddable":true,"href":"https:\/\/rodoaed.ee\/fi\/wp-json\/wp\/v2\/media\/18421"}],"wp:attachment":[{"href":"https:\/\/rodoaed.ee\/fi\/wp-json\/wp\/v2\/media?parent=53412"}],"wp:term":[{"taxonomy":"product_brand","embeddable":true,"href":"https:\/\/rodoaed.ee\/fi\/wp-json\/wp\/v2\/product_brand?post=53412"},{"taxonomy":"product_cat","embeddable":true,"href":"https:\/\/rodoaed.ee\/fi\/wp-json\/wp\/v2\/product_cat?post=53412"},{"taxonomy":"product_tag","embeddable":true,"href":"https:\/\/rodoaed.ee\/fi\/wp-json\/wp\/v2\/product_tag?post=53412"}],"curies":[{"name":"wp","href":"https:\/\/api.w.org\/{rel}","templated":true}]}}