{"id":53413,"date":"2019-08-02T12:48:16","date_gmt":"2019-08-02T09:48:16","guid":{"rendered":"https:\/\/rodoaed.ee\/toode\/aavikkosuoja-biologinen-tuholaistorjunta\/"},"modified":"2026-04-13T11:05:26","modified_gmt":"2026-04-13T08:05:26","slug":"aavikkosuoja-biologinen-tuholaistorjunta","status":"publish","type":"product","link":"https:\/\/rodoaed.ee\/fi\/tuote\/aavikkosuoja-biologinen-tuholaistorjunta\/","title":{"rendered":"Aavikkosuoja &#8211; biologinen tuholaistorjunta"},"content":{"rendered":"<h2>Korvasienet ovat eritt\u00e4in tehokkaita pavun kirvoja, punaisia h\u00e4m\u00e4h\u00e4kkipunkkeja ja muita tuholaisia vastaan, koska ne sy\u00f6v\u00e4t niiden munia ja toukkia suuria m\u00e4\u00e4ri\u00e4. Koska ne ovat y\u00f6el\u00e4imi\u00e4, muurahaiset eiv\u00e4t h\u00e4iritse niit\u00e4, vaan ne laiduntavat ja suojelevat niit\u00e4. <\/h2>\n<p>Lehtipunkit ja erityisesti punaiset h\u00e4m\u00e4h\u00e4kkipunkit voivat olla hyvin \u00e4rsytt\u00e4vi\u00e4 tuholaisia, kun ne valtaavat kasvualustan, mutta korvasienet selviytyv\u00e4t niist\u00e4 mainiosti ilman myrkkyj\u00e4. Sinun tarvitsee vain houkutella korvasieni\u00e4 niit\u00e4 tarvitseviin kasveihin. Olivatpa kyseess\u00e4 sitten marjapensaat, makea muratti tai kasvihuonekasvit.  <\/p>\n<p>Kuurokorvaan liittyy monenlaista kansanperinnett\u00e4, mutta ne johtuvat l\u00e4hinn\u00e4 h\u00e4nen omituisesta ulkon\u00e4\u00f6st\u00e4\u00e4n. Ne ovat varsin j\u00e4rkevi\u00e4 el\u00e4imi\u00e4 ja tekev\u00e4t mielell\u00e4\u00e4n yhteisty\u00f6t\u00e4 kanssasi. N\u00e4ihin keraamisiin putkiin ker\u00e4\u00e4ntyy jopa satoja korvasieni\u00e4 lep\u00e4\u00e4m\u00e4\u00e4n p\u00e4iv\u00e4ksi ja viilentym\u00e4\u00e4n y\u00f6ll\u00e4. Sinun tarvitsee vain sijoittaa n\u00e4m\u00e4 suojapaikat kasveille tai siirt\u00e4\u00e4 ne muihin kasveihin.   <\/p>\n<p><strong>Ohitusputkien asennuspaikka:<\/strong><\/p>\n<p>Aseta korvak\u00e4rp\u00e4sputket leikattuun oksanrunkoon varjoisaan paikkaan noin 5-10 cm maanpinnan yl\u00e4puolelle. Muut putket voi ripotella pensaiden ja puiden v\u00e4liin.  Voit my\u00f6s ty\u00f6nt\u00e4\u00e4 oksan maahan vihannes- tai ruusupenkin reunalle ja laittaa putken sen p\u00e4\u00e4h\u00e4n. Varmista, ett\u00e4 putki on noin 3-5 cm maanpinnan yl\u00e4puolella. Varmista, ett\u00e4 putket eiv\u00e4t saa liikaa aurinkoa. Siit\u00e4 ne eiv\u00e4t pid\u00e4.   <\/p>\n<p><strong>Puhdistus ja tarkastus:<\/strong><\/p>\n<p>Ne eiv\u00e4t vaadi tarkastusta tai puhdistusta, ja ne voidaan j\u00e4tt\u00e4\u00e4 ulos ymp\u00e4ri vuoden.<\/p>\n<p><strong>Materiaali:<\/strong><\/p>\n<p>SCHWEGLER ilmaa l\u00e4p\u00e4isev\u00e4 ja pitk\u00e4ik\u00e4inen puubetoni<\/p>\n<p><strong>Setti sis\u00e4lt\u00e4\u00e4:<\/strong><\/p>\n<p>3 korvakuulokesuojaa tai -putkea<\/p>\n<p><strong>V\u00e4ri:<\/strong><\/p>\n<p>maaper\u00e4n v\u00e4ri<\/p>\n<p><strong>Mitat:<\/strong><\/p>\n<p>\u00d8 6 cm x korkeus 10 cm<\/p>\n<p><strong>Paino: <\/strong>0,6 kg<\/p>\n<p>&nbsp;<\/p>\n<p>&nbsp;<\/p>\n<p>&nbsp;<\/p>\n","protected":false},"excerpt":{"rendered":"<p>Korvasienet ovat eritt\u00e4in tehokkaita pavun kirvoja, punaisia h\u00e4m\u00e4h\u00e4kkipunkkeja ja muita tuholaisia vastaan, koska ne sy\u00f6v\u00e4t niiden munia ja toukkia suuria m\u00e4\u00e4ri\u00e4. Koska ne ovat y\u00f6el\u00e4imi\u00e4, muurahaiset eiv\u00e4t h\u00e4iritse niit\u00e4, vaan ne laiduntavat ja suojelevat niit\u00e4. Lehtipunkit ja erityisesti punaiset h\u00e4m\u00e4h\u00e4kkipunkit voivat olla hyvin \u00e4rsytt\u00e4vi\u00e4 tuholaisia, kun ne valtaavat kasvualustan, mutta korvasienet selviytyv\u00e4t niist\u00e4 mainiosti ilman myrkkyj\u00e4. Sinun tarvitsee vain houkutella korvasieni\u00e4 niit\u00e4 tarvitseviin kasveihin. Olivatpa&#8230;<\/p>\n","protected":false},"featured_media":18454,"template":"","meta":{"_acf_changed":false},"product_brand":[],"product_cat":[2264,1854,1851],"product_tag":[],"class_list":{"0":"post-53413","1":"product","2":"type-product","3":"status-publish","4":"has-post-thumbnail","6":"product_cat-desert-cove-asylum","7":"product_cat-hyonteishotellit","8":"product_cat-pesakotelot","9":"product_shipping_class-toimitus-1-3-tyopaivan-kuluessa","10":"pa_variatsioon-aavikkosuoja-biologinen-tuholaistorjunta","12":"first","13":"outofstock","14":"taxable","15":"shipping-taxable","16":"purchasable","17":"product-type-simple"},"acf":[],"yoast_head":"<!-- This site is optimized with the Yoast SEO Premium plugin v27.3 (Yoast SEO v27.3) - https:\/\/yoast.com\/product\/yoast-seo-premium-wordpress\/ -->\n<title>Aavikkosuoja - biologinen tuholaistorjunta - Rodoaed<\/title>\n<meta name=\"robots\" content=\"index, follow, max-snippet:-1, max-image-preview:large, max-video-preview:-1\" \/>\n<link rel=\"canonical\" href=\"https:\/\/rodoaed.ee\/fi\/toode\/aavikkosuoja-biologinen-tuholaistorjunta\/\" \/>\n<meta property=\"og:locale\" content=\"fi_FI\" \/>\n<meta property=\"og:type\" content=\"article\" \/>\n<meta property=\"og:title\" content=\"Aavikkosuoja - biologinen tuholaistorjunta\" \/>\n<meta property=\"og:description\" content=\"Korvasienet ovat eritt\u00e4in tehokkaita pavun kirvoja, punaisia h\u00e4m\u00e4h\u00e4kkipunkkeja ja muita tuholaisia vastaan, koska ne sy\u00f6v\u00e4t niiden munia ja toukkia suuria\" \/>\n<meta property=\"og:url\" content=\"https:\/\/rodoaed.ee\/fi\/toode\/aavikkosuoja-biologinen-tuholaistorjunta\/\" \/>\n<meta property=\"og:site_name\" content=\"Rodoaed\" \/>\n<meta property=\"article:publisher\" content=\"https:\/\/www.facebook.com\/kasvuhooned\/\" \/>\n<meta property=\"article:modified_time\" content=\"2026-04-13T08:05:26+00:00\" \/>\n<meta property=\"og:image\" content=\"https:\/\/rodoaed.ee\/wp-content\/uploads\/2019\/07\/K\u00f5rvahargi-pesa_1.jpg\" \/>\n\t<meta property=\"og:image:width\" content=\"271\" \/>\n\t<meta property=\"og:image:height\" content=\"400\" \/>\n\t<meta property=\"og:image:type\" content=\"image\/jpeg\" \/>\n<meta name=\"twitter:card\" content=\"summary_large_image\" \/>\n<meta name=\"twitter:label1\" content=\"Arvioitu lukuaika\" \/>\n\t<meta name=\"twitter:data1\" content=\"1 minuutti\" \/>\n<script type=\"application\/ld+json\" class=\"yoast-schema-graph\">{\"@context\":\"https:\\\/\\\/schema.org\",\"@graph\":[{\"@type\":\"WebPage\",\"@id\":\"https:\\\/\\\/rodoaed.ee\\\/fi\\\/toode\\\/aavikkosuoja-biologinen-tuholaistorjunta\\\/\",\"url\":\"https:\\\/\\\/rodoaed.ee\\\/fi\\\/toode\\\/aavikkosuoja-biologinen-tuholaistorjunta\\\/\",\"name\":\"Aavikkosuoja - biologinen tuholaistorjunta - Rodoaed\",\"isPartOf\":{\"@id\":\"https:\\\/\\\/rodoaed.ee\\\/#website\"},\"primaryImageOfPage\":{\"@id\":\"https:\\\/\\\/rodoaed.ee\\\/fi\\\/toode\\\/aavikkosuoja-biologinen-tuholaistorjunta\\\/#primaryimage\"},\"image\":{\"@id\":\"https:\\\/\\\/rodoaed.ee\\\/fi\\\/toode\\\/aavikkosuoja-biologinen-tuholaistorjunta\\\/#primaryimage\"},\"thumbnailUrl\":\"https:\\\/\\\/rodoaed.ee\\\/wp-content\\\/uploads\\\/2019\\\/07\\\/K\u00f5rvahargi-pesa_1.jpg\",\"datePublished\":\"2019-08-02T09:48:16+00:00\",\"dateModified\":\"2026-04-13T08:05:26+00:00\",\"breadcrumb\":{\"@id\":\"https:\\\/\\\/rodoaed.ee\\\/fi\\\/toode\\\/aavikkosuoja-biologinen-tuholaistorjunta\\\/#breadcrumb\"},\"inLanguage\":\"fi\",\"potentialAction\":[{\"@type\":\"ReadAction\",\"target\":[\"https:\\\/\\\/rodoaed.ee\\\/fi\\\/toode\\\/aavikkosuoja-biologinen-tuholaistorjunta\\\/\"]}]},{\"@type\":\"ImageObject\",\"inLanguage\":\"fi\",\"@id\":\"https:\\\/\\\/rodoaed.ee\\\/fi\\\/toode\\\/aavikkosuoja-biologinen-tuholaistorjunta\\\/#primaryimage\",\"url\":\"https:\\\/\\\/rodoaed.ee\\\/wp-content\\\/uploads\\\/2019\\\/07\\\/K\u00f5rvahargi-pesa_1.jpg\",\"contentUrl\":\"https:\\\/\\\/rodoaed.ee\\\/wp-content\\\/uploads\\\/2019\\\/07\\\/K\u00f5rvahargi-pesa_1.jpg\",\"width\":271,\"height\":400,\"caption\":\"korvamato turvapaikka\"},{\"@type\":\"BreadcrumbList\",\"@id\":\"https:\\\/\\\/rodoaed.ee\\\/fi\\\/toode\\\/aavikkosuoja-biologinen-tuholaistorjunta\\\/#breadcrumb\",\"itemListElement\":[{\"@type\":\"ListItem\",\"position\":1,\"name\":\"Home\",\"item\":\"https:\\\/\\\/rodoaed.ee\\\/fi\\\/\"},{\"@type\":\"ListItem\",\"position\":2,\"name\":\"Osta osoitteessa\",\"item\":\"https:\\\/\\\/rodoaed.ee\\\/osta-osoitteessa\\\/\"},{\"@type\":\"ListItem\",\"position\":3,\"name\":\"Aavikkosuoja &#8211; biologinen tuholaistorjunta\"}]},{\"@type\":\"WebSite\",\"@id\":\"https:\\\/\\\/rodoaed.ee\\\/#website\",\"url\":\"https:\\\/\\\/rodoaed.ee\\\/\",\"name\":\"Rodoaed\",\"description\":\"\",\"publisher\":{\"@id\":\"https:\\\/\\\/rodoaed.ee\\\/#organization\"},\"potentialAction\":[{\"@type\":\"SearchAction\",\"target\":{\"@type\":\"EntryPoint\",\"urlTemplate\":\"https:\\\/\\\/rodoaed.ee\\\/?s={search_term_string}\"},\"query-input\":{\"@type\":\"PropertyValueSpecification\",\"valueRequired\":true,\"valueName\":\"search_term_string\"}}],\"inLanguage\":\"fi\"},{\"@type\":\"Organization\",\"@id\":\"https:\\\/\\\/rodoaed.ee\\\/#organization\",\"name\":\"Rodoaed\",\"url\":\"https:\\\/\\\/rodoaed.ee\\\/\",\"logo\":{\"@type\":\"ImageObject\",\"inLanguage\":\"fi\",\"@id\":\"https:\\\/\\\/rodoaed.ee\\\/#\\\/schema\\\/logo\\\/image\\\/\",\"url\":\"https:\\\/\\\/rodoaed.ee\\\/wp-content\\\/uploads\\\/2019\\\/11\\\/rodoaed-logo-ilma-taustata.jpg\",\"contentUrl\":\"https:\\\/\\\/rodoaed.ee\\\/wp-content\\\/uploads\\\/2019\\\/11\\\/rodoaed-logo-ilma-taustata.jpg\",\"width\":769,\"height\":268,\"caption\":\"Rodoaed\"},\"image\":{\"@id\":\"https:\\\/\\\/rodoaed.ee\\\/#\\\/schema\\\/logo\\\/image\\\/\"},\"sameAs\":[\"https:\\\/\\\/www.facebook.com\\\/kasvuhooned\\\/\",\"https:\\\/\\\/rodoaed.ee\"]}]}<\/script>\n<!-- \/ Yoast SEO Premium plugin. -->","yoast_head_json":{"title":"Aavikkosuoja - biologinen tuholaistorjunta - Rodoaed","robots":{"index":"index","follow":"follow","max-snippet":"max-snippet:-1","max-image-preview":"max-image-preview:large","max-video-preview":"max-video-preview:-1"},"canonical":"https:\/\/rodoaed.ee\/fi\/toode\/aavikkosuoja-biologinen-tuholaistorjunta\/","og_locale":"fi_FI","og_type":"article","og_title":"Aavikkosuoja - biologinen tuholaistorjunta","og_description":"Korvasienet ovat eritt\u00e4in tehokkaita pavun kirvoja, punaisia h\u00e4m\u00e4h\u00e4kkipunkkeja ja muita tuholaisia vastaan, koska ne sy\u00f6v\u00e4t niiden munia ja toukkia suuria","og_url":"https:\/\/rodoaed.ee\/fi\/toode\/aavikkosuoja-biologinen-tuholaistorjunta\/","og_site_name":"Rodoaed","article_publisher":"https:\/\/www.facebook.com\/kasvuhooned\/","article_modified_time":"2026-04-13T08:05:26+00:00","og_image":[{"width":271,"height":400,"url":"https:\/\/rodoaed.ee\/wp-content\/uploads\/2019\/07\/K\u00f5rvahargi-pesa_1.jpg","type":"image\/jpeg"}],"twitter_card":"summary_large_image","twitter_misc":{"Arvioitu lukuaika":"1 minuutti"},"schema":{"@context":"https:\/\/schema.org","@graph":[{"@type":"WebPage","@id":"https:\/\/rodoaed.ee\/fi\/toode\/aavikkosuoja-biologinen-tuholaistorjunta\/","url":"https:\/\/rodoaed.ee\/fi\/toode\/aavikkosuoja-biologinen-tuholaistorjunta\/","name":"Aavikkosuoja - biologinen tuholaistorjunta - Rodoaed","isPartOf":{"@id":"https:\/\/rodoaed.ee\/#website"},"primaryImageOfPage":{"@id":"https:\/\/rodoaed.ee\/fi\/toode\/aavikkosuoja-biologinen-tuholaistorjunta\/#primaryimage"},"image":{"@id":"https:\/\/rodoaed.ee\/fi\/toode\/aavikkosuoja-biologinen-tuholaistorjunta\/#primaryimage"},"thumbnailUrl":"https:\/\/rodoaed.ee\/wp-content\/uploads\/2019\/07\/K\u00f5rvahargi-pesa_1.jpg","datePublished":"2019-08-02T09:48:16+00:00","dateModified":"2026-04-13T08:05:26+00:00","breadcrumb":{"@id":"https:\/\/rodoaed.ee\/fi\/toode\/aavikkosuoja-biologinen-tuholaistorjunta\/#breadcrumb"},"inLanguage":"fi","potentialAction":[{"@type":"ReadAction","target":["https:\/\/rodoaed.ee\/fi\/toode\/aavikkosuoja-biologinen-tuholaistorjunta\/"]}]},{"@type":"ImageObject","inLanguage":"fi","@id":"https:\/\/rodoaed.ee\/fi\/toode\/aavikkosuoja-biologinen-tuholaistorjunta\/#primaryimage","url":"https:\/\/rodoaed.ee\/wp-content\/uploads\/2019\/07\/K\u00f5rvahargi-pesa_1.jpg","contentUrl":"https:\/\/rodoaed.ee\/wp-content\/uploads\/2019\/07\/K\u00f5rvahargi-pesa_1.jpg","width":271,"height":400,"caption":"korvamato turvapaikka"},{"@type":"BreadcrumbList","@id":"https:\/\/rodoaed.ee\/fi\/toode\/aavikkosuoja-biologinen-tuholaistorjunta\/#breadcrumb","itemListElement":[{"@type":"ListItem","position":1,"name":"Home","item":"https:\/\/rodoaed.ee\/fi\/"},{"@type":"ListItem","position":2,"name":"Osta osoitteessa","item":"https:\/\/rodoaed.ee\/osta-osoitteessa\/"},{"@type":"ListItem","position":3,"name":"Aavikkosuoja &#8211; biologinen tuholaistorjunta"}]},{"@type":"WebSite","@id":"https:\/\/rodoaed.ee\/#website","url":"https:\/\/rodoaed.ee\/","name":"Rodoaed","description":"","publisher":{"@id":"https:\/\/rodoaed.ee\/#organization"},"potentialAction":[{"@type":"SearchAction","target":{"@type":"EntryPoint","urlTemplate":"https:\/\/rodoaed.ee\/?s={search_term_string}"},"query-input":{"@type":"PropertyValueSpecification","valueRequired":true,"valueName":"search_term_string"}}],"inLanguage":"fi"},{"@type":"Organization","@id":"https:\/\/rodoaed.ee\/#organization","name":"Rodoaed","url":"https:\/\/rodoaed.ee\/","logo":{"@type":"ImageObject","inLanguage":"fi","@id":"https:\/\/rodoaed.ee\/#\/schema\/logo\/image\/","url":"https:\/\/rodoaed.ee\/wp-content\/uploads\/2019\/11\/rodoaed-logo-ilma-taustata.jpg","contentUrl":"https:\/\/rodoaed.ee\/wp-content\/uploads\/2019\/11\/rodoaed-logo-ilma-taustata.jpg","width":769,"height":268,"caption":"Rodoaed"},"image":{"@id":"https:\/\/rodoaed.ee\/#\/schema\/logo\/image\/"},"sameAs":["https:\/\/www.facebook.com\/kasvuhooned\/","https:\/\/rodoaed.ee"]}]}},"_links":{"self":[{"href":"https:\/\/rodoaed.ee\/fi\/wp-json\/wp\/v2\/product\/53413","targetHints":{"allow":["GET"]}}],"collection":[{"href":"https:\/\/rodoaed.ee\/fi\/wp-json\/wp\/v2\/product"}],"about":[{"href":"https:\/\/rodoaed.ee\/fi\/wp-json\/wp\/v2\/types\/product"}],"wp:featuredmedia":[{"embeddable":true,"href":"https:\/\/rodoaed.ee\/fi\/wp-json\/wp\/v2\/media\/18454"}],"wp:attachment":[{"href":"https:\/\/rodoaed.ee\/fi\/wp-json\/wp\/v2\/media?parent=53413"}],"wp:term":[{"taxonomy":"product_brand","embeddable":true,"href":"https:\/\/rodoaed.ee\/fi\/wp-json\/wp\/v2\/product_brand?post=53413"},{"taxonomy":"product_cat","embeddable":true,"href":"https:\/\/rodoaed.ee\/fi\/wp-json\/wp\/v2\/product_cat?post=53413"},{"taxonomy":"product_tag","embeddable":true,"href":"https:\/\/rodoaed.ee\/fi\/wp-json\/wp\/v2\/product_tag?post=53413"}],"curies":[{"name":"wp","href":"https:\/\/api.w.org\/{rel}","templated":true}]}}