{"id":53414,"date":"2019-08-02T12:48:16","date_gmt":"2019-08-02T09:48:16","guid":{"rendered":"https:\/\/rodoaed.ee\/toode\/rakastan-robinsin-jauhoseosta\/"},"modified":"2026-04-13T11:05:26","modified_gmt":"2026-04-13T08:05:26","slug":"rakastan-robinsin-jauhoseosta","status":"publish","type":"product","link":"https:\/\/rodoaed.ee\/fi\/tuote\/rakastan-robinsin-jauhoseosta\/","title":{"rendered":"Rakastan Robinsin jauhoseosta"},"content":{"rendered":"<h2>Valmistaudu j\u00e4nnitt\u00e4viin vieraisiin. Kiinnit\u00e4 t\u00e4m\u00e4 komea ruokailutarjotin ikkunaan, lis\u00e4\u00e4 I love Robins -erikoisaihe ja odota. Pian robiinit ja muutkin ilmestyv\u00e4t.  <\/h2>\n<p>Rakastatko n\u00e4it\u00e4 pieni\u00e4, luotettavia, punarintaisia lintuja puutarhassasi &#8211; punarintaa tai Robinia?<\/p>\n<p>Me rakastamme. Ja siksi olemme luoneet h\u00e4nelle juuri nyt erillisen ruokasekoituksen. Se on eritt\u00e4in kaloripitoinen ja ravinteikas seos, joka sopii k\u00e4ytett\u00e4v\u00e4ksi ymp\u00e4ri vuoden, s\u00e4\u00e4st\u00e4 riippumatta.  <\/p>\n<p>Redwing-sekoituksen k\u00e4ytt\u00f6 antaa sinulle mahdollisuuden tarkkailla t\u00e4t\u00e4 traagista lintua hyvin l\u00e4hiet\u00e4isyydelt\u00e4.<\/p>\n<p>Ole valmis lis\u00e4\u00e4m\u00e4\u00e4n ruokaseosta, kun sana uudesta ruokakomerosta ja ruoasta levi\u00e4\u00e4 lintujen keskuudessa. Se houkuttelee lintuparvia naapuripuutarhoista. <\/p>\n<p>Kiinnit\u00e4 <a href=\"https:\/\/www.rodoaed.ee\/tooted\/pesakastid-ja-linnusoogid\/talvine-ja-suvine-toitmine\/punarinna-maius-i-love-robins\/punarindade-maiusealus-i-love-robins\/\">Redwing Dinner Tray<\/a> kunnolla ikkunalasiin, niin saat loistavan tilaisuuden ihailla n\u00e4it\u00e4 kiehtovia lintuja l\u00e4hiet\u00e4isyydelt\u00e4.<\/p>\n<p>&nbsp;<\/p>\n<p>\u25aa Erikoissekoitus punasimppua, kirjosieppoa ja mustarastasammakkoa varten.<\/p>\n<p>\u25aa Antaa linnuille lis\u00e4proteiinia ja energiaa.<\/p>\n<p>\u25aa Sopii erinomaisesti ymp\u00e4rivuotiseen ravitsemukseen<\/p>\n<p>\u25aa Tarjoa linnuille joko lintup\u00f6yd\u00e4ll\u00e4, maassa tai ikkunaan kiinnitetyiss\u00e4 avoimissa ruokintalaitteissa.<\/p>\n<p>&nbsp;<\/p>\n<p>Sis\u00e4lt\u00e4\u00e4 hedelmi\u00e4, katkarapuja, hy\u00f6nteisi\u00e4 ja hunajaa. &#8221;I love Robin&#8221; on aromaattista, proteiinipitoista energiaruokaa, joka on vastustamatonta punarinnoille. Se sopii erinomaisesti my\u00f6s sepelkyyhkyille, mustarastasille ja muille pehme\u00e4kyntisille linnuille, jotka suosivat hy\u00f6nteis- ja marjarehua.  <\/p>\n<p>&nbsp;<\/p>\n<p>&#8221;I love Robins&#8221; ei ole tavallinen ateria.<\/p>\n<p>Varaa nyt muutama pussi, sill\u00e4 pian huomaat, ett\u00e4 linnut kutsuvat t\u00e4t\u00e4 loistavaa ateriaa.<\/p>\n<p>Tiedoksi vain, ett\u00e4 t\u00e4t\u00e4 ateriaa ei voi laittaa tavallisiin putkimaisiin ruokakuppeihin, koska se on rapea ateria ja voi tukkia ne.<\/p>\n<p>&nbsp;<\/p>\n<p><strong>Paino: <\/strong>500g<\/p>\n<img loading=\"lazy\" decoding=\"async\" class=\"size-medium-single-product wp-image-4264\" src=\"https:\/\/www.rodoaed.ee\/wp-content\/uploads\/2013\/07\/I-love-Robins-toit-200x150.jpg\" alt=\"\" width=\"200\" height=\"150\">\n","protected":false},"excerpt":{"rendered":"<p>Valmistaudu j\u00e4nnitt\u00e4viin vieraisiin. Kiinnit\u00e4 t\u00e4m\u00e4 komea ruokailutarjotin ikkunaan, lis\u00e4\u00e4 I love Robins -erikoisaihe ja odota. Pian robiinit ja muutkin ilmestyv\u00e4t. Rakastatko n\u00e4it\u00e4 pieni\u00e4, luotettavia, punarintaisia lintuja puutarhassasi &#8211; punarintaa tai Robinia? Me rakastamme. Ja siksi olemme luoneet h\u00e4nelle juuri nyt erillisen ruokasekoituksen. Se on eritt\u00e4in kaloripitoinen ja ravinteikas seos, joka sopii k\u00e4ytett\u00e4v\u00e4ksi ymp\u00e4ri vuoden, s\u00e4\u00e4st\u00e4 riippumatta. Redwing-sekoituksen k\u00e4ytt\u00f6 antaa sinulle mahdollisuuden tarkkailla t\u00e4t\u00e4 traagista lintua&#8230;<\/p>\n","protected":false},"featured_media":18418,"template":"","meta":{"_acf_changed":false},"product_brand":[],"product_cat":[2254,1767],"product_tag":[],"class_list":{"0":"post-53414","1":"product","2":"type-product","3":"status-publish","4":"has-post-thumbnail","6":"product_cat-i-love-robins-mallasvallihauta","7":"product_cat-linnaillalliset-ja-linnan-ravintolat","8":"pa_variatsioon-rakastan-robinsin-jauhoseosta","10":"first","11":"outofstock","12":"taxable","13":"shipping-taxable","14":"purchasable","15":"product-type-simple"},"acf":[],"yoast_head":"<!-- This site is optimized with the Yoast SEO Premium plugin v27.3 (Yoast SEO v27.3) - https:\/\/yoast.com\/product\/yoast-seo-premium-wordpress\/ -->\n<title>Rakastan Robinsin jauhoseosta - Rodoaed<\/title>\n<meta name=\"robots\" content=\"index, follow, max-snippet:-1, max-image-preview:large, max-video-preview:-1\" \/>\n<link rel=\"canonical\" href=\"https:\/\/rodoaed.ee\/toode\/rakastan-robinsin-jauhoseosta\/\" \/>\n<meta property=\"og:locale\" content=\"fi_FI\" \/>\n<meta property=\"og:type\" content=\"article\" \/>\n<meta property=\"og:title\" content=\"Rakastan Robinsin jauhoseosta\" \/>\n<meta property=\"og:description\" content=\"Valmistaudu j\u00e4nnitt\u00e4viin vieraisiin. Kiinnit\u00e4 t\u00e4m\u00e4 komea ruokailutarjotin ikkunaan, lis\u00e4\u00e4 I love Robins -erikoisaihe ja odota. Pian robiinit ja muutkin\" \/>\n<meta property=\"og:url\" content=\"https:\/\/rodoaed.ee\/toode\/rakastan-robinsin-jauhoseosta\/\" \/>\n<meta property=\"og:site_name\" content=\"Rodoaed\" \/>\n<meta property=\"article:publisher\" content=\"https:\/\/www.facebook.com\/kasvuhooned\/\" \/>\n<meta property=\"article:modified_time\" content=\"2026-04-13T08:05:26+00:00\" \/>\n<meta name=\"twitter:card\" content=\"summary_large_image\" \/>\n<meta name=\"twitter:label1\" content=\"Arvioitu lukuaika\" \/>\n\t<meta name=\"twitter:data1\" content=\"1 minuutti\" \/>\n<script type=\"application\/ld+json\" class=\"yoast-schema-graph\">{\"@context\":\"https:\\\/\\\/schema.org\",\"@graph\":[{\"@type\":\"WebPage\",\"@id\":\"https:\\\/\\\/rodoaed.ee\\\/toode\\\/rakastan-robinsin-jauhoseosta\\\/\",\"url\":\"https:\\\/\\\/rodoaed.ee\\\/toode\\\/rakastan-robinsin-jauhoseosta\\\/\",\"name\":\"Rakastan Robinsin jauhoseosta - Rodoaed\",\"isPartOf\":{\"@id\":\"https:\\\/\\\/rodoaed.ee\\\/#website\"},\"primaryImageOfPage\":{\"@id\":\"https:\\\/\\\/rodoaed.ee\\\/toode\\\/rakastan-robinsin-jauhoseosta\\\/#primaryimage\"},\"image\":{\"@id\":\"https:\\\/\\\/rodoaed.ee\\\/toode\\\/rakastan-robinsin-jauhoseosta\\\/#primaryimage\"},\"thumbnailUrl\":\"https:\\\/\\\/rodoaed.ee\\\/wp-content\\\/uploads\\\/2019\\\/07\\\/I-love-Robins-toit_1.jpg\",\"datePublished\":\"2019-08-02T09:48:16+00:00\",\"dateModified\":\"2026-04-13T08:05:26+00:00\",\"breadcrumb\":{\"@id\":\"https:\\\/\\\/rodoaed.ee\\\/toode\\\/rakastan-robinsin-jauhoseosta\\\/#breadcrumb\"},\"inLanguage\":\"fi\",\"potentialAction\":[{\"@type\":\"ReadAction\",\"target\":[\"https:\\\/\\\/rodoaed.ee\\\/toode\\\/rakastan-robinsin-jauhoseosta\\\/\"]}]},{\"@type\":\"ImageObject\",\"inLanguage\":\"fi\",\"@id\":\"https:\\\/\\\/rodoaed.ee\\\/toode\\\/rakastan-robinsin-jauhoseosta\\\/#primaryimage\",\"url\":\"https:\\\/\\\/rodoaed.ee\\\/wp-content\\\/uploads\\\/2019\\\/07\\\/I-love-Robins-toit_1.jpg\",\"contentUrl\":\"https:\\\/\\\/rodoaed.ee\\\/wp-content\\\/uploads\\\/2019\\\/07\\\/I-love-Robins-toit_1.jpg\",\"width\":288,\"height\":400},{\"@type\":\"BreadcrumbList\",\"@id\":\"https:\\\/\\\/rodoaed.ee\\\/toode\\\/rakastan-robinsin-jauhoseosta\\\/#breadcrumb\",\"itemListElement\":[{\"@type\":\"ListItem\",\"position\":1,\"name\":\"Home\",\"item\":\"https:\\\/\\\/rodoaed.ee\\\/fi\\\/\"},{\"@type\":\"ListItem\",\"position\":2,\"name\":\"Osta osoitteessa\",\"item\":\"https:\\\/\\\/rodoaed.ee\\\/osta-osoitteessa\\\/\"},{\"@type\":\"ListItem\",\"position\":3,\"name\":\"Rakastan Robinsin jauhoseosta\"}]},{\"@type\":\"WebSite\",\"@id\":\"https:\\\/\\\/rodoaed.ee\\\/#website\",\"url\":\"https:\\\/\\\/rodoaed.ee\\\/\",\"name\":\"Rodoaed\",\"description\":\"\",\"publisher\":{\"@id\":\"https:\\\/\\\/rodoaed.ee\\\/#organization\"},\"potentialAction\":[{\"@type\":\"SearchAction\",\"target\":{\"@type\":\"EntryPoint\",\"urlTemplate\":\"https:\\\/\\\/rodoaed.ee\\\/?s={search_term_string}\"},\"query-input\":{\"@type\":\"PropertyValueSpecification\",\"valueRequired\":true,\"valueName\":\"search_term_string\"}}],\"inLanguage\":\"fi\"},{\"@type\":\"Organization\",\"@id\":\"https:\\\/\\\/rodoaed.ee\\\/#organization\",\"name\":\"Rodoaed\",\"url\":\"https:\\\/\\\/rodoaed.ee\\\/\",\"logo\":{\"@type\":\"ImageObject\",\"inLanguage\":\"fi\",\"@id\":\"https:\\\/\\\/rodoaed.ee\\\/#\\\/schema\\\/logo\\\/image\\\/\",\"url\":\"https:\\\/\\\/rodoaed.ee\\\/wp-content\\\/uploads\\\/2019\\\/11\\\/rodoaed-logo-ilma-taustata.jpg\",\"contentUrl\":\"https:\\\/\\\/rodoaed.ee\\\/wp-content\\\/uploads\\\/2019\\\/11\\\/rodoaed-logo-ilma-taustata.jpg\",\"width\":769,\"height\":268,\"caption\":\"Rodoaed\"},\"image\":{\"@id\":\"https:\\\/\\\/rodoaed.ee\\\/#\\\/schema\\\/logo\\\/image\\\/\"},\"sameAs\":[\"https:\\\/\\\/www.facebook.com\\\/kasvuhooned\\\/\",\"https:\\\/\\\/rodoaed.ee\"]}]}<\/script>\n<!-- \/ Yoast SEO Premium plugin. -->","yoast_head_json":{"title":"Rakastan Robinsin jauhoseosta - Rodoaed","robots":{"index":"index","follow":"follow","max-snippet":"max-snippet:-1","max-image-preview":"max-image-preview:large","max-video-preview":"max-video-preview:-1"},"canonical":"https:\/\/rodoaed.ee\/toode\/rakastan-robinsin-jauhoseosta\/","og_locale":"fi_FI","og_type":"article","og_title":"Rakastan Robinsin jauhoseosta","og_description":"Valmistaudu j\u00e4nnitt\u00e4viin vieraisiin. Kiinnit\u00e4 t\u00e4m\u00e4 komea ruokailutarjotin ikkunaan, lis\u00e4\u00e4 I love Robins -erikoisaihe ja odota. Pian robiinit ja muutkin","og_url":"https:\/\/rodoaed.ee\/toode\/rakastan-robinsin-jauhoseosta\/","og_site_name":"Rodoaed","article_publisher":"https:\/\/www.facebook.com\/kasvuhooned\/","article_modified_time":"2026-04-13T08:05:26+00:00","twitter_card":"summary_large_image","twitter_misc":{"Arvioitu lukuaika":"1 minuutti"},"schema":{"@context":"https:\/\/schema.org","@graph":[{"@type":"WebPage","@id":"https:\/\/rodoaed.ee\/toode\/rakastan-robinsin-jauhoseosta\/","url":"https:\/\/rodoaed.ee\/toode\/rakastan-robinsin-jauhoseosta\/","name":"Rakastan Robinsin jauhoseosta - Rodoaed","isPartOf":{"@id":"https:\/\/rodoaed.ee\/#website"},"primaryImageOfPage":{"@id":"https:\/\/rodoaed.ee\/toode\/rakastan-robinsin-jauhoseosta\/#primaryimage"},"image":{"@id":"https:\/\/rodoaed.ee\/toode\/rakastan-robinsin-jauhoseosta\/#primaryimage"},"thumbnailUrl":"https:\/\/rodoaed.ee\/wp-content\/uploads\/2019\/07\/I-love-Robins-toit_1.jpg","datePublished":"2019-08-02T09:48:16+00:00","dateModified":"2026-04-13T08:05:26+00:00","breadcrumb":{"@id":"https:\/\/rodoaed.ee\/toode\/rakastan-robinsin-jauhoseosta\/#breadcrumb"},"inLanguage":"fi","potentialAction":[{"@type":"ReadAction","target":["https:\/\/rodoaed.ee\/toode\/rakastan-robinsin-jauhoseosta\/"]}]},{"@type":"ImageObject","inLanguage":"fi","@id":"https:\/\/rodoaed.ee\/toode\/rakastan-robinsin-jauhoseosta\/#primaryimage","url":"https:\/\/rodoaed.ee\/wp-content\/uploads\/2019\/07\/I-love-Robins-toit_1.jpg","contentUrl":"https:\/\/rodoaed.ee\/wp-content\/uploads\/2019\/07\/I-love-Robins-toit_1.jpg","width":288,"height":400},{"@type":"BreadcrumbList","@id":"https:\/\/rodoaed.ee\/toode\/rakastan-robinsin-jauhoseosta\/#breadcrumb","itemListElement":[{"@type":"ListItem","position":1,"name":"Home","item":"https:\/\/rodoaed.ee\/fi\/"},{"@type":"ListItem","position":2,"name":"Osta osoitteessa","item":"https:\/\/rodoaed.ee\/osta-osoitteessa\/"},{"@type":"ListItem","position":3,"name":"Rakastan Robinsin jauhoseosta"}]},{"@type":"WebSite","@id":"https:\/\/rodoaed.ee\/#website","url":"https:\/\/rodoaed.ee\/","name":"Rodoaed","description":"","publisher":{"@id":"https:\/\/rodoaed.ee\/#organization"},"potentialAction":[{"@type":"SearchAction","target":{"@type":"EntryPoint","urlTemplate":"https:\/\/rodoaed.ee\/?s={search_term_string}"},"query-input":{"@type":"PropertyValueSpecification","valueRequired":true,"valueName":"search_term_string"}}],"inLanguage":"fi"},{"@type":"Organization","@id":"https:\/\/rodoaed.ee\/#organization","name":"Rodoaed","url":"https:\/\/rodoaed.ee\/","logo":{"@type":"ImageObject","inLanguage":"fi","@id":"https:\/\/rodoaed.ee\/#\/schema\/logo\/image\/","url":"https:\/\/rodoaed.ee\/wp-content\/uploads\/2019\/11\/rodoaed-logo-ilma-taustata.jpg","contentUrl":"https:\/\/rodoaed.ee\/wp-content\/uploads\/2019\/11\/rodoaed-logo-ilma-taustata.jpg","width":769,"height":268,"caption":"Rodoaed"},"image":{"@id":"https:\/\/rodoaed.ee\/#\/schema\/logo\/image\/"},"sameAs":["https:\/\/www.facebook.com\/kasvuhooned\/","https:\/\/rodoaed.ee"]}]}},"_links":{"self":[{"href":"https:\/\/rodoaed.ee\/fi\/wp-json\/wp\/v2\/product\/53414","targetHints":{"allow":["GET"]}}],"collection":[{"href":"https:\/\/rodoaed.ee\/fi\/wp-json\/wp\/v2\/product"}],"about":[{"href":"https:\/\/rodoaed.ee\/fi\/wp-json\/wp\/v2\/types\/product"}],"wp:featuredmedia":[{"embeddable":true,"href":"https:\/\/rodoaed.ee\/fi\/wp-json\/wp\/v2\/media\/18418"}],"wp:attachment":[{"href":"https:\/\/rodoaed.ee\/fi\/wp-json\/wp\/v2\/media?parent=53414"}],"wp:term":[{"taxonomy":"product_brand","embeddable":true,"href":"https:\/\/rodoaed.ee\/fi\/wp-json\/wp\/v2\/product_brand?post=53414"},{"taxonomy":"product_cat","embeddable":true,"href":"https:\/\/rodoaed.ee\/fi\/wp-json\/wp\/v2\/product_cat?post=53414"},{"taxonomy":"product_tag","embeddable":true,"href":"https:\/\/rodoaed.ee\/fi\/wp-json\/wp\/v2\/product_tag?post=53414"}],"curies":[{"name":"wp","href":"https:\/\/api.w.org\/{rel}","templated":true}]}}