{"id":53416,"date":"2019-08-02T12:48:37","date_gmt":"2019-08-02T09:48:37","guid":{"rendered":"https:\/\/rodoaed.ee\/toode\/suurkartano-classic-maxi\/"},"modified":"2026-04-13T11:05:33","modified_gmt":"2026-04-13T08:05:33","slug":"suurkartano-classic-maxi","status":"publish","type":"product","link":"https:\/\/rodoaed.ee\/fi\/tuote\/suurkartano-classic-maxi\/","title":{"rendered":"Suurkartano Classic Maxi"},"content":{"rendered":"<h2>Classic Maxi on suurikokoinen roikkuva lintujen ruokinta. Ihanteellinen kiinnitett\u00e4v\u00e4ksi oksaan tai jalkaan. <\/h2>\n<p>Korkealaatuisesta polykarbonaatista ja ruostumattomasta ter\u00e4ksest\u00e4 valmistettu linnunp\u00f6ntt\u00f6, joka on helppo t\u00e4ytt\u00e4\u00e4 ja puhdistaa.L\u00e4pin\u00e4kyv\u00e4 polykarbonaattiputki.<\/p>\n<p>Classic Silver -malliston suurikokoiset lintujen ruokintalaitteet ovat kaikki irrotettavan katon omaavia ja niiss\u00e4 on j\u00e4ykk\u00e4 pohja &#8211; molemmat on valmistettu kest\u00e4v\u00e4st\u00e4 metalliseoksesta. Metalliset ahvenet ovat ruostumattomia, ruokintakuopat on valmistettu ruostumattomasta ter\u00e4ksest\u00e4, joka kest\u00e4\u00e4 my\u00f6s oravia, ja putket on valmistettu l\u00e4pin\u00e4kyv\u00e4st\u00e4 ja UV-s\u00e4teily\u00e4 kest\u00e4v\u00e4st\u00e4 polykarbonaatista, joka ei muutu v\u00e4rilt\u00e4\u00e4n eik\u00e4 halkeile ajan my\u00f6t\u00e4. <\/p>\n<p>Suurikokoisen kanttiinin k\u00e4tevyys on siin\u00e4, ett\u00e4 sit\u00e4 ei tarvitse t\u00e4ytt\u00e4\u00e4 joka p\u00e4iv\u00e4. Tavanomaisen parin sadan gramman sijasta niihin mahtuu useita litroja ruokaseosta, joka riitt\u00e4\u00e4 viikoksi tai useammaksi viikoksi. Maxi Ultran tilavuus on jopa 6 litraa ja Model 8:n jopa 13 litraa!!!!  <\/p>\n<p>&nbsp;<\/p>\n<p><strong>Sijainti ja asennus:<\/strong><\/p>\n<p>T\u00e4m\u00e4 linnan ruokailutila on kevyt mutta eritt\u00e4in vahva ja kest\u00e4v\u00e4. Sopii ripustettavaksi oksaan tai erityiseen metallitelineeseen. Kummassakin tapauksessa j\u00e4rjestely on kissojen kest\u00e4v\u00e4 ja turvallinen linnuille.  <\/p>\n<p><strong>Suositeltu t\u00e4yteaine:<\/strong><\/p>\n<p>Auringonkukansiemenet tai siemenseokset<\/p>\n<p><strong>Materiaali:<\/strong><\/p>\n<p>Polykarbonaattiputki ja ruostumattomasta metallista valmistettu kansi, pohja ja keittoavat. 12 ruokintareik\u00e4\u00e4 linnuille <\/p>\n<p><strong>Toimitetaan ilman ateriaa<\/strong><\/p>\n<p><strong>V\u00e4ri: <\/strong>hopea<\/p>\n<p><strong>Mitat: <\/strong>\u00d8 8,5 cm x korkeus 76 cm, Tilavuus noin 3,8 litraa.<\/p>\n<p><strong>Paino: <\/strong>1,5 kg<\/p>\n<p>&nbsp;<\/p>\n","protected":false},"excerpt":{"rendered":"<p>Classic Maxi on suurikokoinen roikkuva lintujen ruokinta. Ihanteellinen kiinnitett\u00e4v\u00e4ksi oksaan tai jalkaan. Korkealaatuisesta polykarbonaatista ja ruostumattomasta ter\u00e4ksest\u00e4 valmistettu linnunp\u00f6ntt\u00f6, joka on helppo t\u00e4ytt\u00e4\u00e4 ja puhdistaa.L\u00e4pin\u00e4kyv\u00e4 polykarbonaattiputki. Classic Silver -malliston suurikokoiset lintujen ruokintalaitteet ovat kaikki irrotettavan katon omaavia ja niiss\u00e4 on j\u00e4ykk\u00e4 pohja &#8211; molemmat on valmistettu kest\u00e4v\u00e4st\u00e4 metalliseoksesta. Metalliset ahvenet ovat ruostumattomia, ruokintakuopat on valmistettu ruostumattomasta ter\u00e4ksest\u00e4, joka kest\u00e4\u00e4 my\u00f6s oravia, ja putket on valmistettu&#8230;<\/p>\n","protected":false},"featured_media":18352,"template":"","meta":{"_acf_changed":false},"product_brand":[],"product_cat":[1767,1886],"product_tag":[],"class_list":{"0":"post-53416","1":"product","2":"type-product","3":"status-publish","4":"has-post-thumbnail","6":"product_cat-linnaillalliset-ja-linnan-ravintolat","7":"product_cat-suuret-linna-ravintolat","8":"product_shipping_class-kuljetus-ainoastaan-kuriiripalvelun-valityksella","9":"pa_variatsioon-ruokasali-classic-maxi","11":"first","12":"outofstock","13":"sale","14":"taxable","15":"shipping-taxable","16":"purchasable","17":"product-type-simple"},"acf":[],"yoast_head":"<!-- This site is optimized with the Yoast SEO Premium plugin v27.3 (Yoast SEO v27.3) - https:\/\/yoast.com\/product\/yoast-seo-premium-wordpress\/ -->\n<title>Suurkartano Classic Maxi - Rodoaed<\/title>\n<meta name=\"description\" content=\"Suurikokoinen Classic Maxi -mallaskeitti\u00f6 on k\u00e4tev\u00e4, koska sit\u00e4 ei tarvitse t\u00e4ytt\u00e4\u00e4 joka p\u00e4iv\u00e4. Classic Maxi -suurikapasiteettinen mallaskeitti\u00f6 kest\u00e4\u00e4 pitk\u00e4\u00e4n.\" \/>\n<meta name=\"robots\" content=\"index, follow, max-snippet:-1, max-image-preview:large, max-video-preview:-1\" \/>\n<link rel=\"canonical\" href=\"https:\/\/rodoaed.ee\/fi\/toode\/suurkartano-classic-maxi\/\" \/>\n<meta property=\"og:locale\" content=\"fi_FI\" \/>\n<meta property=\"og:type\" content=\"article\" \/>\n<meta property=\"og:title\" content=\"Suurkartano Classic Maxi\" \/>\n<meta property=\"og:description\" content=\"Classic Maxi on suurikokoinen roikkuva lintujen ruokinta. Ihanteellinen kiinnitett\u00e4v\u00e4ksi oksaan tai jalkaan. Korkealaatuisesta polykarbonaatista ja\" \/>\n<meta property=\"og:url\" content=\"https:\/\/rodoaed.ee\/fi\/toode\/suurkartano-classic-maxi\/\" \/>\n<meta property=\"og:site_name\" content=\"Rodoaed\" \/>\n<meta property=\"article:publisher\" content=\"https:\/\/www.facebook.com\/kasvuhooned\/\" \/>\n<meta property=\"article:modified_time\" content=\"2026-04-13T08:05:33+00:00\" \/>\n<meta property=\"og:image\" content=\"https:\/\/rodoaed.ee\/wp-content\/uploads\/2019\/07\/Linnus\u00f6\u00f6gimaja_Classic-Maxi_805_02.jpg\" \/>\n\t<meta property=\"og:image:width\" content=\"154\" \/>\n\t<meta property=\"og:image:height\" content=\"500\" \/>\n\t<meta property=\"og:image:type\" content=\"image\/jpeg\" \/>\n<meta name=\"twitter:card\" content=\"summary_large_image\" \/>\n<meta name=\"twitter:label1\" content=\"Arvioitu lukuaika\" \/>\n\t<meta name=\"twitter:data1\" content=\"1 minuutti\" \/>\n<script type=\"application\/ld+json\" class=\"yoast-schema-graph\">{\"@context\":\"https:\\\/\\\/schema.org\",\"@graph\":[{\"@type\":\"WebPage\",\"@id\":\"https:\\\/\\\/rodoaed.ee\\\/fi\\\/toode\\\/suurkartano-classic-maxi\\\/\",\"url\":\"https:\\\/\\\/rodoaed.ee\\\/fi\\\/toode\\\/suurkartano-classic-maxi\\\/\",\"name\":\"Suurkartano Classic Maxi - Rodoaed\",\"isPartOf\":{\"@id\":\"https:\\\/\\\/rodoaed.ee\\\/#website\"},\"primaryImageOfPage\":{\"@id\":\"https:\\\/\\\/rodoaed.ee\\\/fi\\\/toode\\\/suurkartano-classic-maxi\\\/#primaryimage\"},\"image\":{\"@id\":\"https:\\\/\\\/rodoaed.ee\\\/fi\\\/toode\\\/suurkartano-classic-maxi\\\/#primaryimage\"},\"thumbnailUrl\":\"https:\\\/\\\/rodoaed.ee\\\/wp-content\\\/uploads\\\/2019\\\/07\\\/Linnus\u00f6\u00f6gimaja_Classic-Maxi_805_02.jpg\",\"datePublished\":\"2019-08-02T09:48:37+00:00\",\"dateModified\":\"2026-04-13T08:05:33+00:00\",\"description\":\"Suurikokoinen Classic Maxi -mallaskeitti\u00f6 on k\u00e4tev\u00e4, koska sit\u00e4 ei tarvitse t\u00e4ytt\u00e4\u00e4 joka p\u00e4iv\u00e4. Classic Maxi -suurikapasiteettinen mallaskeitti\u00f6 kest\u00e4\u00e4 pitk\u00e4\u00e4n.\",\"breadcrumb\":{\"@id\":\"https:\\\/\\\/rodoaed.ee\\\/fi\\\/toode\\\/suurkartano-classic-maxi\\\/#breadcrumb\"},\"inLanguage\":\"fi\",\"potentialAction\":[{\"@type\":\"ReadAction\",\"target\":[\"https:\\\/\\\/rodoaed.ee\\\/fi\\\/toode\\\/suurkartano-classic-maxi\\\/\"]}]},{\"@type\":\"ImageObject\",\"inLanguage\":\"fi\",\"@id\":\"https:\\\/\\\/rodoaed.ee\\\/fi\\\/toode\\\/suurkartano-classic-maxi\\\/#primaryimage\",\"url\":\"https:\\\/\\\/rodoaed.ee\\\/wp-content\\\/uploads\\\/2019\\\/07\\\/Linnus\u00f6\u00f6gimaja_Classic-Maxi_805_02.jpg\",\"contentUrl\":\"https:\\\/\\\/rodoaed.ee\\\/wp-content\\\/uploads\\\/2019\\\/07\\\/Linnus\u00f6\u00f6gimaja_Classic-Maxi_805_02.jpg\",\"width\":154,\"height\":500},{\"@type\":\"BreadcrumbList\",\"@id\":\"https:\\\/\\\/rodoaed.ee\\\/fi\\\/toode\\\/suurkartano-classic-maxi\\\/#breadcrumb\",\"itemListElement\":[{\"@type\":\"ListItem\",\"position\":1,\"name\":\"Home\",\"item\":\"https:\\\/\\\/rodoaed.ee\\\/fi\\\/\"},{\"@type\":\"ListItem\",\"position\":2,\"name\":\"Osta osoitteessa\",\"item\":\"https:\\\/\\\/rodoaed.ee\\\/osta-osoitteessa\\\/\"},{\"@type\":\"ListItem\",\"position\":3,\"name\":\"Suurkartano Classic Maxi\"}]},{\"@type\":\"WebSite\",\"@id\":\"https:\\\/\\\/rodoaed.ee\\\/#website\",\"url\":\"https:\\\/\\\/rodoaed.ee\\\/\",\"name\":\"Rodoaed\",\"description\":\"\",\"publisher\":{\"@id\":\"https:\\\/\\\/rodoaed.ee\\\/#organization\"},\"potentialAction\":[{\"@type\":\"SearchAction\",\"target\":{\"@type\":\"EntryPoint\",\"urlTemplate\":\"https:\\\/\\\/rodoaed.ee\\\/?s={search_term_string}\"},\"query-input\":{\"@type\":\"PropertyValueSpecification\",\"valueRequired\":true,\"valueName\":\"search_term_string\"}}],\"inLanguage\":\"fi\"},{\"@type\":\"Organization\",\"@id\":\"https:\\\/\\\/rodoaed.ee\\\/#organization\",\"name\":\"Rodoaed\",\"url\":\"https:\\\/\\\/rodoaed.ee\\\/\",\"logo\":{\"@type\":\"ImageObject\",\"inLanguage\":\"fi\",\"@id\":\"https:\\\/\\\/rodoaed.ee\\\/#\\\/schema\\\/logo\\\/image\\\/\",\"url\":\"https:\\\/\\\/rodoaed.ee\\\/wp-content\\\/uploads\\\/2019\\\/11\\\/rodoaed-logo-ilma-taustata.jpg\",\"contentUrl\":\"https:\\\/\\\/rodoaed.ee\\\/wp-content\\\/uploads\\\/2019\\\/11\\\/rodoaed-logo-ilma-taustata.jpg\",\"width\":769,\"height\":268,\"caption\":\"Rodoaed\"},\"image\":{\"@id\":\"https:\\\/\\\/rodoaed.ee\\\/#\\\/schema\\\/logo\\\/image\\\/\"},\"sameAs\":[\"https:\\\/\\\/www.facebook.com\\\/kasvuhooned\\\/\",\"https:\\\/\\\/rodoaed.ee\"]}]}<\/script>\n<!-- \/ Yoast SEO Premium plugin. -->","yoast_head_json":{"title":"Suurkartano Classic Maxi - Rodoaed","description":"Suurikokoinen Classic Maxi -mallaskeitti\u00f6 on k\u00e4tev\u00e4, koska sit\u00e4 ei tarvitse t\u00e4ytt\u00e4\u00e4 joka p\u00e4iv\u00e4. Classic Maxi -suurikapasiteettinen mallaskeitti\u00f6 kest\u00e4\u00e4 pitk\u00e4\u00e4n.","robots":{"index":"index","follow":"follow","max-snippet":"max-snippet:-1","max-image-preview":"max-image-preview:large","max-video-preview":"max-video-preview:-1"},"canonical":"https:\/\/rodoaed.ee\/fi\/toode\/suurkartano-classic-maxi\/","og_locale":"fi_FI","og_type":"article","og_title":"Suurkartano Classic Maxi","og_description":"Classic Maxi on suurikokoinen roikkuva lintujen ruokinta. Ihanteellinen kiinnitett\u00e4v\u00e4ksi oksaan tai jalkaan. Korkealaatuisesta polykarbonaatista ja","og_url":"https:\/\/rodoaed.ee\/fi\/toode\/suurkartano-classic-maxi\/","og_site_name":"Rodoaed","article_publisher":"https:\/\/www.facebook.com\/kasvuhooned\/","article_modified_time":"2026-04-13T08:05:33+00:00","og_image":[{"width":154,"height":500,"url":"https:\/\/rodoaed.ee\/wp-content\/uploads\/2019\/07\/Linnus\u00f6\u00f6gimaja_Classic-Maxi_805_02.jpg","type":"image\/jpeg"}],"twitter_card":"summary_large_image","twitter_misc":{"Arvioitu lukuaika":"1 minuutti"},"schema":{"@context":"https:\/\/schema.org","@graph":[{"@type":"WebPage","@id":"https:\/\/rodoaed.ee\/fi\/toode\/suurkartano-classic-maxi\/","url":"https:\/\/rodoaed.ee\/fi\/toode\/suurkartano-classic-maxi\/","name":"Suurkartano Classic Maxi - Rodoaed","isPartOf":{"@id":"https:\/\/rodoaed.ee\/#website"},"primaryImageOfPage":{"@id":"https:\/\/rodoaed.ee\/fi\/toode\/suurkartano-classic-maxi\/#primaryimage"},"image":{"@id":"https:\/\/rodoaed.ee\/fi\/toode\/suurkartano-classic-maxi\/#primaryimage"},"thumbnailUrl":"https:\/\/rodoaed.ee\/wp-content\/uploads\/2019\/07\/Linnus\u00f6\u00f6gimaja_Classic-Maxi_805_02.jpg","datePublished":"2019-08-02T09:48:37+00:00","dateModified":"2026-04-13T08:05:33+00:00","description":"Suurikokoinen Classic Maxi -mallaskeitti\u00f6 on k\u00e4tev\u00e4, koska sit\u00e4 ei tarvitse t\u00e4ytt\u00e4\u00e4 joka p\u00e4iv\u00e4. Classic Maxi -suurikapasiteettinen mallaskeitti\u00f6 kest\u00e4\u00e4 pitk\u00e4\u00e4n.","breadcrumb":{"@id":"https:\/\/rodoaed.ee\/fi\/toode\/suurkartano-classic-maxi\/#breadcrumb"},"inLanguage":"fi","potentialAction":[{"@type":"ReadAction","target":["https:\/\/rodoaed.ee\/fi\/toode\/suurkartano-classic-maxi\/"]}]},{"@type":"ImageObject","inLanguage":"fi","@id":"https:\/\/rodoaed.ee\/fi\/toode\/suurkartano-classic-maxi\/#primaryimage","url":"https:\/\/rodoaed.ee\/wp-content\/uploads\/2019\/07\/Linnus\u00f6\u00f6gimaja_Classic-Maxi_805_02.jpg","contentUrl":"https:\/\/rodoaed.ee\/wp-content\/uploads\/2019\/07\/Linnus\u00f6\u00f6gimaja_Classic-Maxi_805_02.jpg","width":154,"height":500},{"@type":"BreadcrumbList","@id":"https:\/\/rodoaed.ee\/fi\/toode\/suurkartano-classic-maxi\/#breadcrumb","itemListElement":[{"@type":"ListItem","position":1,"name":"Home","item":"https:\/\/rodoaed.ee\/fi\/"},{"@type":"ListItem","position":2,"name":"Osta osoitteessa","item":"https:\/\/rodoaed.ee\/osta-osoitteessa\/"},{"@type":"ListItem","position":3,"name":"Suurkartano Classic Maxi"}]},{"@type":"WebSite","@id":"https:\/\/rodoaed.ee\/#website","url":"https:\/\/rodoaed.ee\/","name":"Rodoaed","description":"","publisher":{"@id":"https:\/\/rodoaed.ee\/#organization"},"potentialAction":[{"@type":"SearchAction","target":{"@type":"EntryPoint","urlTemplate":"https:\/\/rodoaed.ee\/?s={search_term_string}"},"query-input":{"@type":"PropertyValueSpecification","valueRequired":true,"valueName":"search_term_string"}}],"inLanguage":"fi"},{"@type":"Organization","@id":"https:\/\/rodoaed.ee\/#organization","name":"Rodoaed","url":"https:\/\/rodoaed.ee\/","logo":{"@type":"ImageObject","inLanguage":"fi","@id":"https:\/\/rodoaed.ee\/#\/schema\/logo\/image\/","url":"https:\/\/rodoaed.ee\/wp-content\/uploads\/2019\/11\/rodoaed-logo-ilma-taustata.jpg","contentUrl":"https:\/\/rodoaed.ee\/wp-content\/uploads\/2019\/11\/rodoaed-logo-ilma-taustata.jpg","width":769,"height":268,"caption":"Rodoaed"},"image":{"@id":"https:\/\/rodoaed.ee\/#\/schema\/logo\/image\/"},"sameAs":["https:\/\/www.facebook.com\/kasvuhooned\/","https:\/\/rodoaed.ee"]}]}},"_links":{"self":[{"href":"https:\/\/rodoaed.ee\/fi\/wp-json\/wp\/v2\/product\/53416","targetHints":{"allow":["GET"]}}],"collection":[{"href":"https:\/\/rodoaed.ee\/fi\/wp-json\/wp\/v2\/product"}],"about":[{"href":"https:\/\/rodoaed.ee\/fi\/wp-json\/wp\/v2\/types\/product"}],"wp:featuredmedia":[{"embeddable":true,"href":"https:\/\/rodoaed.ee\/fi\/wp-json\/wp\/v2\/media\/18352"}],"wp:attachment":[{"href":"https:\/\/rodoaed.ee\/fi\/wp-json\/wp\/v2\/media?parent=53416"}],"wp:term":[{"taxonomy":"product_brand","embeddable":true,"href":"https:\/\/rodoaed.ee\/fi\/wp-json\/wp\/v2\/product_brand?post=53416"},{"taxonomy":"product_cat","embeddable":true,"href":"https:\/\/rodoaed.ee\/fi\/wp-json\/wp\/v2\/product_cat?post=53416"},{"taxonomy":"product_tag","embeddable":true,"href":"https:\/\/rodoaed.ee\/fi\/wp-json\/wp\/v2\/product_tag?post=53416"}],"curies":[{"name":"wp","href":"https:\/\/api.w.org\/{rel}","templated":true}]}}