{"id":53417,"date":"2019-08-02T12:48:57","date_gmt":"2019-08-02T09:48:57","guid":{"rendered":"https:\/\/rodoaed.ee\/toode\/20-ripustuskannatin-ruokasalin-jalalle-vihrea\/"},"modified":"2026-04-13T11:05:33","modified_gmt":"2026-04-13T08:05:33","slug":"20-ripustuskannatin-ruokasalin-jalalle-vihrea","status":"publish","type":"product","link":"https:\/\/rodoaed.ee\/fi\/tuote\/20-ripustuskannatin-ruokasalin-jalalle-vihrea\/","title":{"rendered":"-20% Ripustuskannatin ruokasalin jalalle, vihre\u00e4"},"content":{"rendered":"<h2>K\u00e4tev\u00e4 tapa asentaa ruokap\u00f6yt\u00e4 avoimeen puutarhaan.<\/h2>\n<p><strong>On optimaalista asentaa 2-3 riippukorttia ruokalan yhteen jalkaan. Suosittelemme, ett\u00e4 ruokalan Ring-Pull-malli laitetaan suoraan keskimm\u00e4iseen jalkaan ja rasvapallosy\u00f6tt\u00f6laite tai sy\u00f6ttikakkusy\u00f6tt\u00f6laite kahteen jalkaan ja p\u00e4hkin\u00e4nsy\u00f6tt\u00f6verkko toiselle puolelle. N\u00e4in monet eri linnut voivat saada ateriansa samaan aikaan ja h\u00e4iritsem\u00e4tt\u00e4 muita lintuja.  <\/strong><\/p>\n<p><strong>Ihanteellinen &#8221;Birdlovers&#8221; , &#8221;Ring-Pull&#8221; ja &#8221;Classic&#8221; -malleihin, kaikkiin rasvapallo- ja sy\u00f6ttipalloruokintalaitteisiin.<\/strong><\/p>\n<p>Lis\u00e4kannatinjalan ripustuskannatin useampien kanttiinien ripustamista varten.<\/p>\n<p>Huomaa Ei voida k\u00e4ytt\u00e4\u00e4 erityisen pitkiin Ultra-malleihin, jotka on tarkoitettu vain puiden oksiin ripustettaviksi.<\/p>\n<p><strong>Materiaali:<img loading=\"lazy\" decoding=\"async\" class=\" wp-image-5134 alignright\" src=\"https:\/\/www.rodoaed.ee\/wp-content\/uploads\/2013\/10\/Riputusaas-s%C3%B6%C3%B6gimaja-jalale_841_0122.jpg\" alt=\"\" width=\"256\" height=\"118\"><\/strong><\/p>\n<p>Pinnoitettu ter\u00e4s<\/p>\n<p><strong>Aseta<\/strong><\/p>\n<p>1 kaari<\/p>\n<p><strong>V\u00e4ri:<\/strong><\/p>\n<p>Vihre\u00e4<\/p>\n<p><strong>Paino:<\/strong><\/p>\n<p>0,16 kg<\/p>\n<p>&nbsp;<\/p>\n<p>&nbsp;<\/p>\n<p>&nbsp;<\/p>\n","protected":false},"excerpt":{"rendered":"<p>K\u00e4tev\u00e4 tapa asentaa ruokap\u00f6yt\u00e4 avoimeen puutarhaan. On optimaalista asentaa 2-3 riippukorttia ruokalan yhteen jalkaan. Suosittelemme, ett\u00e4 ruokalan Ring-Pull-malli laitetaan suoraan keskimm\u00e4iseen jalkaan ja rasvapallosy\u00f6tt\u00f6laite tai sy\u00f6ttikakkusy\u00f6tt\u00f6laite kahteen jalkaan ja p\u00e4hkin\u00e4nsy\u00f6tt\u00f6verkko toiselle puolelle. N\u00e4in monet eri linnut voivat saada ateriansa samaan aikaan ja h\u00e4iritsem\u00e4tt\u00e4 muita lintuja. Ihanteellinen &#8221;Birdlovers&#8221; , &#8221;Ring-Pull&#8221; ja &#8221;Classic&#8221; -malleihin, kaikkiin rasvapallo- ja sy\u00f6ttipalloruokintalaitteisiin. Lis\u00e4kannatinjalan ripustuskannatin useampien kanttiinien ripustamista varten. Huomaa Ei voida&#8230;<\/p>\n","protected":false},"featured_media":18288,"template":"","meta":{"_acf_changed":false},"product_brand":[],"product_cat":[1767,2267],"product_tag":[],"class_list":{"0":"post-53417","1":"product","2":"type-product","3":"status-publish","4":"has-post-thumbnail","6":"product_cat-linnaillalliset-ja-linnan-ravintolat","7":"product_cat-linnan-ruokasalin-jalat","8":"pa_variatsioon-20-ripustuskannatin-ruokasalin-jalalle-vihrea","10":"first","11":"outofstock","12":"sale","13":"taxable","14":"shipping-taxable","15":"purchasable","16":"product-type-simple"},"acf":[],"yoast_head":"<!-- This site is optimized with the Yoast SEO Premium plugin v27.3 (Yoast SEO v27.3) - https:\/\/yoast.com\/product\/yoast-seo-premium-wordpress\/ -->\n<title>-20% Ripustuskannatin ruokasalin jalalle, vihre\u00e4 - Rodoaed<\/title>\n<meta name=\"robots\" content=\"index, follow, max-snippet:-1, max-image-preview:large, max-video-preview:-1\" \/>\n<link rel=\"canonical\" href=\"https:\/\/rodoaed.ee\/toode\/20-ripustuskannatin-ruokasalin-jalalle-vihrea\/\" \/>\n<meta property=\"og:locale\" content=\"fi_FI\" \/>\n<meta property=\"og:type\" content=\"article\" \/>\n<meta property=\"og:title\" content=\"-20% Ripustuskannatin ruokasalin jalalle, vihre\u00e4\" \/>\n<meta property=\"og:description\" content=\"K\u00e4tev\u00e4 tapa asentaa ruokap\u00f6yt\u00e4 avoimeen puutarhaan. On optimaalista asentaa 2-3 riippukorttia ruokalan yhteen jalkaan. Suosittelemme, ett\u00e4 ruokalan\" \/>\n<meta property=\"og:url\" content=\"https:\/\/rodoaed.ee\/toode\/20-ripustuskannatin-ruokasalin-jalalle-vihrea\/\" \/>\n<meta property=\"og:site_name\" content=\"Rodoaed\" \/>\n<meta property=\"article:publisher\" content=\"https:\/\/www.facebook.com\/kasvuhooned\/\" \/>\n<meta property=\"article:modified_time\" content=\"2026-04-13T08:05:33+00:00\" \/>\n<meta name=\"twitter:card\" content=\"summary_large_image\" \/>\n<meta name=\"twitter:label1\" content=\"Arvioitu lukuaika\" \/>\n\t<meta name=\"twitter:data1\" content=\"1 minuutti\" \/>\n<script type=\"application\/ld+json\" class=\"yoast-schema-graph\">{\"@context\":\"https:\\\/\\\/schema.org\",\"@graph\":[{\"@type\":\"WebPage\",\"@id\":\"https:\\\/\\\/rodoaed.ee\\\/toode\\\/20-ripustuskannatin-ruokasalin-jalalle-vihrea\\\/\",\"url\":\"https:\\\/\\\/rodoaed.ee\\\/toode\\\/20-ripustuskannatin-ruokasalin-jalalle-vihrea\\\/\",\"name\":\"-20% Ripustuskannatin ruokasalin jalalle, vihre\u00e4 - Rodoaed\",\"isPartOf\":{\"@id\":\"https:\\\/\\\/rodoaed.ee\\\/#website\"},\"primaryImageOfPage\":{\"@id\":\"https:\\\/\\\/rodoaed.ee\\\/toode\\\/20-ripustuskannatin-ruokasalin-jalalle-vihrea\\\/#primaryimage\"},\"image\":{\"@id\":\"https:\\\/\\\/rodoaed.ee\\\/toode\\\/20-ripustuskannatin-ruokasalin-jalalle-vihrea\\\/#primaryimage\"},\"thumbnailUrl\":\"https:\\\/\\\/rodoaed.ee\\\/wp-content\\\/uploads\\\/2019\\\/07\\\/riputusaas-s\u00f6\u00f6gimaja-jalale_841_11a2.jpg\",\"datePublished\":\"2019-08-02T09:48:57+00:00\",\"dateModified\":\"2026-04-13T08:05:33+00:00\",\"breadcrumb\":{\"@id\":\"https:\\\/\\\/rodoaed.ee\\\/toode\\\/20-ripustuskannatin-ruokasalin-jalalle-vihrea\\\/#breadcrumb\"},\"inLanguage\":\"fi\",\"potentialAction\":[{\"@type\":\"ReadAction\",\"target\":[\"https:\\\/\\\/rodoaed.ee\\\/toode\\\/20-ripustuskannatin-ruokasalin-jalalle-vihrea\\\/\"]}]},{\"@type\":\"ImageObject\",\"inLanguage\":\"fi\",\"@id\":\"https:\\\/\\\/rodoaed.ee\\\/toode\\\/20-ripustuskannatin-ruokasalin-jalalle-vihrea\\\/#primaryimage\",\"url\":\"https:\\\/\\\/rodoaed.ee\\\/wp-content\\\/uploads\\\/2019\\\/07\\\/riputusaas-s\u00f6\u00f6gimaja-jalale_841_11a2.jpg\",\"contentUrl\":\"https:\\\/\\\/rodoaed.ee\\\/wp-content\\\/uploads\\\/2019\\\/07\\\/riputusaas-s\u00f6\u00f6gimaja-jalale_841_11a2.jpg\",\"width\":270,\"height\":400,\"caption\":\"Linnan ruokasalin jalat\"},{\"@type\":\"BreadcrumbList\",\"@id\":\"https:\\\/\\\/rodoaed.ee\\\/toode\\\/20-ripustuskannatin-ruokasalin-jalalle-vihrea\\\/#breadcrumb\",\"itemListElement\":[{\"@type\":\"ListItem\",\"position\":1,\"name\":\"Home\",\"item\":\"https:\\\/\\\/rodoaed.ee\\\/fi\\\/\"},{\"@type\":\"ListItem\",\"position\":2,\"name\":\"Osta osoitteessa\",\"item\":\"https:\\\/\\\/rodoaed.ee\\\/osta-osoitteessa\\\/\"},{\"@type\":\"ListItem\",\"position\":3,\"name\":\"-20% Ripustuskannatin ruokasalin jalalle, vihre\u00e4\"}]},{\"@type\":\"WebSite\",\"@id\":\"https:\\\/\\\/rodoaed.ee\\\/#website\",\"url\":\"https:\\\/\\\/rodoaed.ee\\\/\",\"name\":\"Rodoaed\",\"description\":\"\",\"publisher\":{\"@id\":\"https:\\\/\\\/rodoaed.ee\\\/#organization\"},\"potentialAction\":[{\"@type\":\"SearchAction\",\"target\":{\"@type\":\"EntryPoint\",\"urlTemplate\":\"https:\\\/\\\/rodoaed.ee\\\/?s={search_term_string}\"},\"query-input\":{\"@type\":\"PropertyValueSpecification\",\"valueRequired\":true,\"valueName\":\"search_term_string\"}}],\"inLanguage\":\"fi\"},{\"@type\":\"Organization\",\"@id\":\"https:\\\/\\\/rodoaed.ee\\\/#organization\",\"name\":\"Rodoaed\",\"url\":\"https:\\\/\\\/rodoaed.ee\\\/\",\"logo\":{\"@type\":\"ImageObject\",\"inLanguage\":\"fi\",\"@id\":\"https:\\\/\\\/rodoaed.ee\\\/#\\\/schema\\\/logo\\\/image\\\/\",\"url\":\"https:\\\/\\\/rodoaed.ee\\\/wp-content\\\/uploads\\\/2019\\\/11\\\/rodoaed-logo-ilma-taustata.jpg\",\"contentUrl\":\"https:\\\/\\\/rodoaed.ee\\\/wp-content\\\/uploads\\\/2019\\\/11\\\/rodoaed-logo-ilma-taustata.jpg\",\"width\":769,\"height\":268,\"caption\":\"Rodoaed\"},\"image\":{\"@id\":\"https:\\\/\\\/rodoaed.ee\\\/#\\\/schema\\\/logo\\\/image\\\/\"},\"sameAs\":[\"https:\\\/\\\/www.facebook.com\\\/kasvuhooned\\\/\",\"https:\\\/\\\/rodoaed.ee\"]}]}<\/script>\n<!-- \/ Yoast SEO Premium plugin. -->","yoast_head_json":{"title":"-20% Ripustuskannatin ruokasalin jalalle, vihre\u00e4 - Rodoaed","robots":{"index":"index","follow":"follow","max-snippet":"max-snippet:-1","max-image-preview":"max-image-preview:large","max-video-preview":"max-video-preview:-1"},"canonical":"https:\/\/rodoaed.ee\/toode\/20-ripustuskannatin-ruokasalin-jalalle-vihrea\/","og_locale":"fi_FI","og_type":"article","og_title":"-20% Ripustuskannatin ruokasalin jalalle, vihre\u00e4","og_description":"K\u00e4tev\u00e4 tapa asentaa ruokap\u00f6yt\u00e4 avoimeen puutarhaan. On optimaalista asentaa 2-3 riippukorttia ruokalan yhteen jalkaan. Suosittelemme, ett\u00e4 ruokalan","og_url":"https:\/\/rodoaed.ee\/toode\/20-ripustuskannatin-ruokasalin-jalalle-vihrea\/","og_site_name":"Rodoaed","article_publisher":"https:\/\/www.facebook.com\/kasvuhooned\/","article_modified_time":"2026-04-13T08:05:33+00:00","twitter_card":"summary_large_image","twitter_misc":{"Arvioitu lukuaika":"1 minuutti"},"schema":{"@context":"https:\/\/schema.org","@graph":[{"@type":"WebPage","@id":"https:\/\/rodoaed.ee\/toode\/20-ripustuskannatin-ruokasalin-jalalle-vihrea\/","url":"https:\/\/rodoaed.ee\/toode\/20-ripustuskannatin-ruokasalin-jalalle-vihrea\/","name":"-20% Ripustuskannatin ruokasalin jalalle, vihre\u00e4 - Rodoaed","isPartOf":{"@id":"https:\/\/rodoaed.ee\/#website"},"primaryImageOfPage":{"@id":"https:\/\/rodoaed.ee\/toode\/20-ripustuskannatin-ruokasalin-jalalle-vihrea\/#primaryimage"},"image":{"@id":"https:\/\/rodoaed.ee\/toode\/20-ripustuskannatin-ruokasalin-jalalle-vihrea\/#primaryimage"},"thumbnailUrl":"https:\/\/rodoaed.ee\/wp-content\/uploads\/2019\/07\/riputusaas-s\u00f6\u00f6gimaja-jalale_841_11a2.jpg","datePublished":"2019-08-02T09:48:57+00:00","dateModified":"2026-04-13T08:05:33+00:00","breadcrumb":{"@id":"https:\/\/rodoaed.ee\/toode\/20-ripustuskannatin-ruokasalin-jalalle-vihrea\/#breadcrumb"},"inLanguage":"fi","potentialAction":[{"@type":"ReadAction","target":["https:\/\/rodoaed.ee\/toode\/20-ripustuskannatin-ruokasalin-jalalle-vihrea\/"]}]},{"@type":"ImageObject","inLanguage":"fi","@id":"https:\/\/rodoaed.ee\/toode\/20-ripustuskannatin-ruokasalin-jalalle-vihrea\/#primaryimage","url":"https:\/\/rodoaed.ee\/wp-content\/uploads\/2019\/07\/riputusaas-s\u00f6\u00f6gimaja-jalale_841_11a2.jpg","contentUrl":"https:\/\/rodoaed.ee\/wp-content\/uploads\/2019\/07\/riputusaas-s\u00f6\u00f6gimaja-jalale_841_11a2.jpg","width":270,"height":400,"caption":"Linnan ruokasalin jalat"},{"@type":"BreadcrumbList","@id":"https:\/\/rodoaed.ee\/toode\/20-ripustuskannatin-ruokasalin-jalalle-vihrea\/#breadcrumb","itemListElement":[{"@type":"ListItem","position":1,"name":"Home","item":"https:\/\/rodoaed.ee\/fi\/"},{"@type":"ListItem","position":2,"name":"Osta osoitteessa","item":"https:\/\/rodoaed.ee\/osta-osoitteessa\/"},{"@type":"ListItem","position":3,"name":"-20% Ripustuskannatin ruokasalin jalalle, vihre\u00e4"}]},{"@type":"WebSite","@id":"https:\/\/rodoaed.ee\/#website","url":"https:\/\/rodoaed.ee\/","name":"Rodoaed","description":"","publisher":{"@id":"https:\/\/rodoaed.ee\/#organization"},"potentialAction":[{"@type":"SearchAction","target":{"@type":"EntryPoint","urlTemplate":"https:\/\/rodoaed.ee\/?s={search_term_string}"},"query-input":{"@type":"PropertyValueSpecification","valueRequired":true,"valueName":"search_term_string"}}],"inLanguage":"fi"},{"@type":"Organization","@id":"https:\/\/rodoaed.ee\/#organization","name":"Rodoaed","url":"https:\/\/rodoaed.ee\/","logo":{"@type":"ImageObject","inLanguage":"fi","@id":"https:\/\/rodoaed.ee\/#\/schema\/logo\/image\/","url":"https:\/\/rodoaed.ee\/wp-content\/uploads\/2019\/11\/rodoaed-logo-ilma-taustata.jpg","contentUrl":"https:\/\/rodoaed.ee\/wp-content\/uploads\/2019\/11\/rodoaed-logo-ilma-taustata.jpg","width":769,"height":268,"caption":"Rodoaed"},"image":{"@id":"https:\/\/rodoaed.ee\/#\/schema\/logo\/image\/"},"sameAs":["https:\/\/www.facebook.com\/kasvuhooned\/","https:\/\/rodoaed.ee"]}]}},"_links":{"self":[{"href":"https:\/\/rodoaed.ee\/fi\/wp-json\/wp\/v2\/product\/53417","targetHints":{"allow":["GET"]}}],"collection":[{"href":"https:\/\/rodoaed.ee\/fi\/wp-json\/wp\/v2\/product"}],"about":[{"href":"https:\/\/rodoaed.ee\/fi\/wp-json\/wp\/v2\/types\/product"}],"wp:featuredmedia":[{"embeddable":true,"href":"https:\/\/rodoaed.ee\/fi\/wp-json\/wp\/v2\/media\/18288"}],"wp:attachment":[{"href":"https:\/\/rodoaed.ee\/fi\/wp-json\/wp\/v2\/media?parent=53417"}],"wp:term":[{"taxonomy":"product_brand","embeddable":true,"href":"https:\/\/rodoaed.ee\/fi\/wp-json\/wp\/v2\/product_brand?post=53417"},{"taxonomy":"product_cat","embeddable":true,"href":"https:\/\/rodoaed.ee\/fi\/wp-json\/wp\/v2\/product_cat?post=53417"},{"taxonomy":"product_tag","embeddable":true,"href":"https:\/\/rodoaed.ee\/fi\/wp-json\/wp\/v2\/product_tag?post=53417"}],"curies":[{"name":"wp","href":"https:\/\/api.w.org\/{rel}","templated":true}]}}