{"id":53418,"date":"2019-08-02T12:48:37","date_gmt":"2019-08-02T09:48:37","guid":{"rendered":"https:\/\/rodoaed.ee\/toode\/ruokakakkuteline-3-kakkua\/"},"modified":"2026-04-13T11:05:33","modified_gmt":"2026-04-13T08:05:33","slug":"ruokakakkuteline-3-kakkua","status":"publish","type":"product","link":"https:\/\/rodoaed.ee\/fi\/tuote\/ruokakakkuteline-3-kakkua\/","title":{"rendered":"Ruokakakkuteline, 3 kakkua"},"content":{"rendered":"<h2>Sy\u00f6tt\u00f6kehys rehukakkuja varten. Lintujen talvi- ja kes\u00e4ruokintaan. <\/h2>\n<p><em>Schwegler-sy\u00f6tinkakun<\/em> pidike on helppo t\u00e4ytt\u00e4\u00e4. Poista vain muovik\u00e4\u00e4re kakusta ja aseta kakut pidikkeeseen. <\/p>\n<p>Kun k\u00e4yt\u00e4t kes\u00e4ll\u00e4 tai eritt\u00e4in l\u00e4mpim\u00e4ll\u00e4 s\u00e4\u00e4ll\u00e4, on k\u00e4tev\u00e4mp\u00e4\u00e4 s\u00e4ilytt\u00e4\u00e4 rehukakkuja j\u00e4\u00e4kaapissa etuk\u00e4teen. Silloin k\u00e4det eiv\u00e4t rasvoidu niin paljon. <\/p>\n<p>Pidikkeeseen mahtuu helposti 3 ruokakakkua.<\/p>\n<p><strong>Materiaali: <\/strong>s\u00e4\u00e4nkest\u00e4v\u00e4 maalattu ter\u00e4s<\/p>\n<p><strong>Sarja: <\/strong>1 sy\u00f6tt\u00f6laite ilman ateriaa sis\u00e4ltyy sarjaan.<\/p>\n<p><strong>V\u00e4ri: <\/strong>Mets\u00e4nvihre\u00e4<\/p>\n<p><strong>Mitat: <\/strong>39 x 13 x 5 cm (plus ripustuslenkin korkeus).<\/p>\n<p><strong>Paino: <\/strong>200 g<\/p>\n<p><a href=\"https:\/\/rodoaed.ee\/fi\/tootekategooria\/linnaillalliset-ja-linnan-ravintolat\/\">aloita<\/a><\/p>\n","protected":false},"excerpt":{"rendered":"<p>Sy\u00f6tt\u00f6kehys rehukakkuja varten. Lintujen talvi- ja kes\u00e4ruokintaan. Schwegler-sy\u00f6tinkakun pidike on helppo t\u00e4ytt\u00e4\u00e4. Poista vain muovik\u00e4\u00e4re kakusta ja aseta kakut pidikkeeseen. Kun k\u00e4yt\u00e4t kes\u00e4ll\u00e4 tai eritt\u00e4in l\u00e4mpim\u00e4ll\u00e4 s\u00e4\u00e4ll\u00e4, on k\u00e4tev\u00e4mp\u00e4\u00e4 s\u00e4ilytt\u00e4\u00e4 rehukakkuja j\u00e4\u00e4kaapissa etuk\u00e4teen. Silloin k\u00e4det eiv\u00e4t rasvoidu niin paljon. Pidikkeeseen mahtuu helposti 3 ruokakakkua. Materiaali: s\u00e4\u00e4nkest\u00e4v\u00e4 maalattu ter\u00e4s Sarja: 1 sy\u00f6tt\u00f6laite ilman ateriaa sis\u00e4ltyy sarjaan. V\u00e4ri: Mets\u00e4nvihre\u00e4 Mitat: 39 x 13 x 5 cm (plus&#8230;<\/p>\n","protected":false},"featured_media":28873,"template":"","meta":{"_acf_changed":false},"product_brand":[],"product_cat":[1767,1768],"product_tag":[],"class_list":{"0":"post-53418","1":"product","2":"type-product","3":"status-publish","4":"has-post-thumbnail","6":"product_cat-linnaillalliset-ja-linnan-ravintolat","7":"product_cat-lintujen-ruokintakakut","8":"product_shipping_class-toimitus-1-3-tyopaivan-kuluessa","9":"pa_variatsioon-ruokakakkuteline-3-kakkua","11":"first","12":"instock","13":"sale","14":"taxable","15":"shipping-taxable","16":"purchasable","17":"product-type-simple"},"acf":[],"yoast_head":"<!-- This site is optimized with the Yoast SEO Premium plugin v27.3 (Yoast SEO v27.3) - https:\/\/yoast.com\/product\/yoast-seo-premium-wordpress\/ -->\n<title>Ruokakakkuteline, 3 kakkua - Rodoaed<\/title>\n<meta name=\"robots\" content=\"index, follow, max-snippet:-1, max-image-preview:large, max-video-preview:-1\" \/>\n<link rel=\"canonical\" href=\"https:\/\/rodoaed.ee\/fi\/toode\/ruokakakkuteline-3-kakkua\/\" \/>\n<meta property=\"og:locale\" content=\"fi_FI\" \/>\n<meta property=\"og:type\" content=\"article\" \/>\n<meta property=\"og:title\" content=\"Ruokakakkuteline, 3 kakkua\" \/>\n<meta property=\"og:description\" content=\"Sy\u00f6tt\u00f6kehys rehukakkuja varten. Lintujen talvi- ja kes\u00e4ruokintaan. Schwegler-sy\u00f6tinkakun pidike on helppo t\u00e4ytt\u00e4\u00e4. Poista vain muovik\u00e4\u00e4re kakusta ja aseta\" \/>\n<meta property=\"og:url\" content=\"https:\/\/rodoaed.ee\/fi\/toode\/ruokakakkuteline-3-kakkua\/\" \/>\n<meta property=\"og:site_name\" content=\"Rodoaed\" \/>\n<meta property=\"article:publisher\" content=\"https:\/\/www.facebook.com\/kasvuhooned\/\" \/>\n<meta property=\"article:modified_time\" content=\"2026-04-13T08:05:33+00:00\" \/>\n<meta property=\"og:image\" content=\"https:\/\/rodoaed.ee\/wp-content\/uploads\/2019\/08\/s\u00f6\u00f6dakoogi-s\u00f6\u00f6tja_04.jpg\" \/>\n\t<meta property=\"og:image:width\" content=\"1280\" \/>\n\t<meta property=\"og:image:height\" content=\"1600\" \/>\n\t<meta property=\"og:image:type\" content=\"image\/jpeg\" \/>\n<meta name=\"twitter:card\" content=\"summary_large_image\" \/>\n<script type=\"application\/ld+json\" class=\"yoast-schema-graph\">{\"@context\":\"https:\\\/\\\/schema.org\",\"@graph\":[{\"@type\":\"WebPage\",\"@id\":\"https:\\\/\\\/rodoaed.ee\\\/fi\\\/toode\\\/ruokakakkuteline-3-kakkua\\\/\",\"url\":\"https:\\\/\\\/rodoaed.ee\\\/fi\\\/toode\\\/ruokakakkuteline-3-kakkua\\\/\",\"name\":\"Ruokakakkuteline, 3 kakkua - Rodoaed\",\"isPartOf\":{\"@id\":\"https:\\\/\\\/rodoaed.ee\\\/#website\"},\"primaryImageOfPage\":{\"@id\":\"https:\\\/\\\/rodoaed.ee\\\/fi\\\/toode\\\/ruokakakkuteline-3-kakkua\\\/#primaryimage\"},\"image\":{\"@id\":\"https:\\\/\\\/rodoaed.ee\\\/fi\\\/toode\\\/ruokakakkuteline-3-kakkua\\\/#primaryimage\"},\"thumbnailUrl\":\"https:\\\/\\\/rodoaed.ee\\\/wp-content\\\/uploads\\\/2019\\\/08\\\/s\u00f6\u00f6dakoogi-s\u00f6\u00f6tja_04.jpg\",\"datePublished\":\"2019-08-02T09:48:37+00:00\",\"dateModified\":\"2026-04-13T08:05:33+00:00\",\"breadcrumb\":{\"@id\":\"https:\\\/\\\/rodoaed.ee\\\/fi\\\/toode\\\/ruokakakkuteline-3-kakkua\\\/#breadcrumb\"},\"inLanguage\":\"fi\",\"potentialAction\":[{\"@type\":\"ReadAction\",\"target\":[\"https:\\\/\\\/rodoaed.ee\\\/fi\\\/toode\\\/ruokakakkuteline-3-kakkua\\\/\"]}]},{\"@type\":\"ImageObject\",\"inLanguage\":\"fi\",\"@id\":\"https:\\\/\\\/rodoaed.ee\\\/fi\\\/toode\\\/ruokakakkuteline-3-kakkua\\\/#primaryimage\",\"url\":\"https:\\\/\\\/rodoaed.ee\\\/wp-content\\\/uploads\\\/2019\\\/08\\\/s\u00f6\u00f6dakoogi-s\u00f6\u00f6tja_04.jpg\",\"contentUrl\":\"https:\\\/\\\/rodoaed.ee\\\/wp-content\\\/uploads\\\/2019\\\/08\\\/s\u00f6\u00f6dakoogi-s\u00f6\u00f6tja_04.jpg\",\"width\":1280,\"height\":1600},{\"@type\":\"BreadcrumbList\",\"@id\":\"https:\\\/\\\/rodoaed.ee\\\/fi\\\/toode\\\/ruokakakkuteline-3-kakkua\\\/#breadcrumb\",\"itemListElement\":[{\"@type\":\"ListItem\",\"position\":1,\"name\":\"Home\",\"item\":\"https:\\\/\\\/rodoaed.ee\\\/fi\\\/\"},{\"@type\":\"ListItem\",\"position\":2,\"name\":\"Osta osoitteessa\",\"item\":\"https:\\\/\\\/rodoaed.ee\\\/osta-osoitteessa\\\/\"},{\"@type\":\"ListItem\",\"position\":3,\"name\":\"Ruokakakkuteline, 3 kakkua\"}]},{\"@type\":\"WebSite\",\"@id\":\"https:\\\/\\\/rodoaed.ee\\\/#website\",\"url\":\"https:\\\/\\\/rodoaed.ee\\\/\",\"name\":\"Rodoaed\",\"description\":\"\",\"publisher\":{\"@id\":\"https:\\\/\\\/rodoaed.ee\\\/#organization\"},\"potentialAction\":[{\"@type\":\"SearchAction\",\"target\":{\"@type\":\"EntryPoint\",\"urlTemplate\":\"https:\\\/\\\/rodoaed.ee\\\/?s={search_term_string}\"},\"query-input\":{\"@type\":\"PropertyValueSpecification\",\"valueRequired\":true,\"valueName\":\"search_term_string\"}}],\"inLanguage\":\"fi\"},{\"@type\":\"Organization\",\"@id\":\"https:\\\/\\\/rodoaed.ee\\\/#organization\",\"name\":\"Rodoaed\",\"url\":\"https:\\\/\\\/rodoaed.ee\\\/\",\"logo\":{\"@type\":\"ImageObject\",\"inLanguage\":\"fi\",\"@id\":\"https:\\\/\\\/rodoaed.ee\\\/#\\\/schema\\\/logo\\\/image\\\/\",\"url\":\"https:\\\/\\\/rodoaed.ee\\\/wp-content\\\/uploads\\\/2019\\\/11\\\/rodoaed-logo-ilma-taustata.jpg\",\"contentUrl\":\"https:\\\/\\\/rodoaed.ee\\\/wp-content\\\/uploads\\\/2019\\\/11\\\/rodoaed-logo-ilma-taustata.jpg\",\"width\":769,\"height\":268,\"caption\":\"Rodoaed\"},\"image\":{\"@id\":\"https:\\\/\\\/rodoaed.ee\\\/#\\\/schema\\\/logo\\\/image\\\/\"},\"sameAs\":[\"https:\\\/\\\/www.facebook.com\\\/kasvuhooned\\\/\",\"https:\\\/\\\/rodoaed.ee\"]}]}<\/script>\n<!-- \/ Yoast SEO Premium plugin. -->","yoast_head_json":{"title":"Ruokakakkuteline, 3 kakkua - Rodoaed","robots":{"index":"index","follow":"follow","max-snippet":"max-snippet:-1","max-image-preview":"max-image-preview:large","max-video-preview":"max-video-preview:-1"},"canonical":"https:\/\/rodoaed.ee\/fi\/toode\/ruokakakkuteline-3-kakkua\/","og_locale":"fi_FI","og_type":"article","og_title":"Ruokakakkuteline, 3 kakkua","og_description":"Sy\u00f6tt\u00f6kehys rehukakkuja varten. Lintujen talvi- ja kes\u00e4ruokintaan. Schwegler-sy\u00f6tinkakun pidike on helppo t\u00e4ytt\u00e4\u00e4. Poista vain muovik\u00e4\u00e4re kakusta ja aseta","og_url":"https:\/\/rodoaed.ee\/fi\/toode\/ruokakakkuteline-3-kakkua\/","og_site_name":"Rodoaed","article_publisher":"https:\/\/www.facebook.com\/kasvuhooned\/","article_modified_time":"2026-04-13T08:05:33+00:00","og_image":[{"width":1280,"height":1600,"url":"https:\/\/rodoaed.ee\/wp-content\/uploads\/2019\/08\/s\u00f6\u00f6dakoogi-s\u00f6\u00f6tja_04.jpg","type":"image\/jpeg"}],"twitter_card":"summary_large_image","schema":{"@context":"https:\/\/schema.org","@graph":[{"@type":"WebPage","@id":"https:\/\/rodoaed.ee\/fi\/toode\/ruokakakkuteline-3-kakkua\/","url":"https:\/\/rodoaed.ee\/fi\/toode\/ruokakakkuteline-3-kakkua\/","name":"Ruokakakkuteline, 3 kakkua - Rodoaed","isPartOf":{"@id":"https:\/\/rodoaed.ee\/#website"},"primaryImageOfPage":{"@id":"https:\/\/rodoaed.ee\/fi\/toode\/ruokakakkuteline-3-kakkua\/#primaryimage"},"image":{"@id":"https:\/\/rodoaed.ee\/fi\/toode\/ruokakakkuteline-3-kakkua\/#primaryimage"},"thumbnailUrl":"https:\/\/rodoaed.ee\/wp-content\/uploads\/2019\/08\/s\u00f6\u00f6dakoogi-s\u00f6\u00f6tja_04.jpg","datePublished":"2019-08-02T09:48:37+00:00","dateModified":"2026-04-13T08:05:33+00:00","breadcrumb":{"@id":"https:\/\/rodoaed.ee\/fi\/toode\/ruokakakkuteline-3-kakkua\/#breadcrumb"},"inLanguage":"fi","potentialAction":[{"@type":"ReadAction","target":["https:\/\/rodoaed.ee\/fi\/toode\/ruokakakkuteline-3-kakkua\/"]}]},{"@type":"ImageObject","inLanguage":"fi","@id":"https:\/\/rodoaed.ee\/fi\/toode\/ruokakakkuteline-3-kakkua\/#primaryimage","url":"https:\/\/rodoaed.ee\/wp-content\/uploads\/2019\/08\/s\u00f6\u00f6dakoogi-s\u00f6\u00f6tja_04.jpg","contentUrl":"https:\/\/rodoaed.ee\/wp-content\/uploads\/2019\/08\/s\u00f6\u00f6dakoogi-s\u00f6\u00f6tja_04.jpg","width":1280,"height":1600},{"@type":"BreadcrumbList","@id":"https:\/\/rodoaed.ee\/fi\/toode\/ruokakakkuteline-3-kakkua\/#breadcrumb","itemListElement":[{"@type":"ListItem","position":1,"name":"Home","item":"https:\/\/rodoaed.ee\/fi\/"},{"@type":"ListItem","position":2,"name":"Osta osoitteessa","item":"https:\/\/rodoaed.ee\/osta-osoitteessa\/"},{"@type":"ListItem","position":3,"name":"Ruokakakkuteline, 3 kakkua"}]},{"@type":"WebSite","@id":"https:\/\/rodoaed.ee\/#website","url":"https:\/\/rodoaed.ee\/","name":"Rodoaed","description":"","publisher":{"@id":"https:\/\/rodoaed.ee\/#organization"},"potentialAction":[{"@type":"SearchAction","target":{"@type":"EntryPoint","urlTemplate":"https:\/\/rodoaed.ee\/?s={search_term_string}"},"query-input":{"@type":"PropertyValueSpecification","valueRequired":true,"valueName":"search_term_string"}}],"inLanguage":"fi"},{"@type":"Organization","@id":"https:\/\/rodoaed.ee\/#organization","name":"Rodoaed","url":"https:\/\/rodoaed.ee\/","logo":{"@type":"ImageObject","inLanguage":"fi","@id":"https:\/\/rodoaed.ee\/#\/schema\/logo\/image\/","url":"https:\/\/rodoaed.ee\/wp-content\/uploads\/2019\/11\/rodoaed-logo-ilma-taustata.jpg","contentUrl":"https:\/\/rodoaed.ee\/wp-content\/uploads\/2019\/11\/rodoaed-logo-ilma-taustata.jpg","width":769,"height":268,"caption":"Rodoaed"},"image":{"@id":"https:\/\/rodoaed.ee\/#\/schema\/logo\/image\/"},"sameAs":["https:\/\/www.facebook.com\/kasvuhooned\/","https:\/\/rodoaed.ee"]}]}},"_links":{"self":[{"href":"https:\/\/rodoaed.ee\/fi\/wp-json\/wp\/v2\/product\/53418","targetHints":{"allow":["GET"]}}],"collection":[{"href":"https:\/\/rodoaed.ee\/fi\/wp-json\/wp\/v2\/product"}],"about":[{"href":"https:\/\/rodoaed.ee\/fi\/wp-json\/wp\/v2\/types\/product"}],"wp:featuredmedia":[{"embeddable":true,"href":"https:\/\/rodoaed.ee\/fi\/wp-json\/wp\/v2\/media\/28873"}],"wp:attachment":[{"href":"https:\/\/rodoaed.ee\/fi\/wp-json\/wp\/v2\/media?parent=53418"}],"wp:term":[{"taxonomy":"product_brand","embeddable":true,"href":"https:\/\/rodoaed.ee\/fi\/wp-json\/wp\/v2\/product_brand?post=53418"},{"taxonomy":"product_cat","embeddable":true,"href":"https:\/\/rodoaed.ee\/fi\/wp-json\/wp\/v2\/product_cat?post=53418"},{"taxonomy":"product_tag","embeddable":true,"href":"https:\/\/rodoaed.ee\/fi\/wp-json\/wp\/v2\/product_tag?post=53418"}],"curies":[{"name":"wp","href":"https:\/\/api.w.org\/{rel}","templated":true}]}}