{"id":53421,"date":"2019-08-02T12:48:57","date_gmt":"2019-08-02T09:48:57","guid":{"rendered":"https:\/\/rodoaed.ee\/toode\/33-ruokalan-jalka-vihrea\/"},"modified":"2026-04-13T11:05:35","modified_gmt":"2026-04-13T08:05:35","slug":"33-ruokalan-jalka-vihrea","status":"publish","type":"product","link":"https:\/\/rodoaed.ee\/fi\/tuote\/33-ruokalan-jalka-vihrea\/","title":{"rendered":"-33% Ruokalan jalka, vihre\u00e4"},"content":{"rendered":"<h2>K\u00e4tev\u00e4 tapa asentaa ruokap\u00f6yt\u00e4 avoimeen puutarhaan.<\/h2>\n<p><strong>Ihanteellinen &#8221;Birdlovers&#8221; , &#8221;Ring-Pull&#8221; ja &#8221;Classic&#8221; -malleihin:<\/strong><\/p>\n<p>Huomaa Ei voida k\u00e4ytt\u00e4\u00e4 erityisen pitkiin Ultra-malleihin, jotka on tarkoitettu vain puiden oksiin ripustettaviksi.<\/p>\n<p><strong>Materiaali:<\/strong><\/p>\n<p>Pinnoitettu ter\u00e4s<\/p>\n<p><strong>Aseta<\/strong><\/p>\n<p>Ruokalan jalka, joka on ly\u00f6ty maahan. Koostuu kolmesta kokoontaitettavasta osasta. Yl\u00e4p\u00e4\u00e4ss\u00e4 on kattilakiinnitys ruokalaa varten. Lis\u00e4\u00e4 ripustuskahvoja voidaan lis\u00e4t\u00e4, jotta voidaan ripustaa suurempi m\u00e4\u00e4r\u00e4 ruokaloita.   <\/p>\n<p><strong>V\u00e4ri:<\/strong><\/p>\n<p>Vihre\u00e4<\/p>\n<p><strong>Mitat:<\/strong><\/p>\n<p>Korkeus 1,73m<\/p>\n<p><strong>Paino:<\/strong><\/p>\n<p>0,9 kg<\/p>\n","protected":false},"excerpt":{"rendered":"<p>K\u00e4tev\u00e4 tapa asentaa ruokap\u00f6yt\u00e4 avoimeen puutarhaan. Ihanteellinen &#8221;Birdlovers&#8221; , &#8221;Ring-Pull&#8221; ja &#8221;Classic&#8221; -malleihin: Huomaa Ei voida k\u00e4ytt\u00e4\u00e4 erityisen pitkiin Ultra-malleihin, jotka on tarkoitettu vain puiden oksiin ripustettaviksi. Materiaali: Pinnoitettu ter\u00e4s Aseta Ruokalan jalka, joka on ly\u00f6ty maahan. Koostuu kolmesta kokoontaitettavasta osasta. Yl\u00e4p\u00e4\u00e4ss\u00e4 on kattilakiinnitys ruokalaa varten. Lis\u00e4\u00e4 ripustuskahvoja voidaan lis\u00e4t\u00e4, jotta voidaan ripustaa suurempi m\u00e4\u00e4r\u00e4 ruokaloita. V\u00e4ri: Vihre\u00e4 Mitat: Korkeus 1,73m Paino: 0,9 kg<\/p>\n","protected":false},"featured_media":18301,"template":"","meta":{"_acf_changed":false},"product_brand":[],"product_cat":[1767,2267],"product_tag":[],"class_list":{"0":"post-53421","1":"product","2":"type-product","3":"status-publish","4":"has-post-thumbnail","6":"product_cat-linnaillalliset-ja-linnan-ravintolat","7":"product_cat-linnan-ruokasalin-jalat","8":"product_shipping_class-toimitus-1-3-tyopaivan-kuluessa","9":"pa_variatsioon-20-ruokalan-jalka-vihrea","11":"first","12":"outofstock","13":"sale","14":"taxable","15":"shipping-taxable","16":"purchasable","17":"product-type-simple"},"acf":[],"yoast_head":"<!-- This site is optimized with the Yoast SEO Premium plugin v27.3 (Yoast SEO v27.3) - https:\/\/yoast.com\/product\/yoast-seo-premium-wordpress\/ -->\n<title>-33% Ruokalan jalka, vihre\u00e4 - Rodoaed<\/title>\n<meta name=\"robots\" content=\"index, follow, max-snippet:-1, max-image-preview:large, max-video-preview:-1\" \/>\n<link rel=\"canonical\" href=\"https:\/\/rodoaed.ee\/fi\/toode\/33-ruokalan-jalka-vihrea\/\" \/>\n<meta property=\"og:locale\" content=\"fi_FI\" \/>\n<meta property=\"og:type\" content=\"article\" \/>\n<meta property=\"og:title\" content=\"-33% Ruokalan jalka, vihre\u00e4\" \/>\n<meta property=\"og:description\" content=\"K\u00e4tev\u00e4 tapa asentaa ruokap\u00f6yt\u00e4 avoimeen puutarhaan. Ihanteellinen &quot;Birdlovers&quot; , &quot;Ring-Pull&quot; ja &quot;Classic&quot; -malleihin: Huomaa Ei voida k\u00e4ytt\u00e4\u00e4 erityisen\" \/>\n<meta property=\"og:url\" content=\"https:\/\/rodoaed.ee\/fi\/toode\/33-ruokalan-jalka-vihrea\/\" \/>\n<meta property=\"og:site_name\" content=\"Rodoaed\" \/>\n<meta property=\"article:publisher\" content=\"https:\/\/www.facebook.com\/kasvuhooned\/\" \/>\n<meta property=\"article:modified_time\" content=\"2026-04-13T08:05:35+00:00\" \/>\n<meta property=\"og:image\" content=\"https:\/\/rodoaed.ee\/wp-content\/uploads\/2019\/07\/S\u00f6\u00f6gimaja-jalg_roheline_807_02.jpg\" \/>\n\t<meta property=\"og:image:width\" content=\"156\" \/>\n\t<meta property=\"og:image:height\" content=\"400\" \/>\n\t<meta property=\"og:image:type\" content=\"image\/jpeg\" \/>\n<meta name=\"twitter:card\" content=\"summary_large_image\" \/>\n<script type=\"application\/ld+json\" class=\"yoast-schema-graph\">{\"@context\":\"https:\\\/\\\/schema.org\",\"@graph\":[{\"@type\":\"WebPage\",\"@id\":\"https:\\\/\\\/rodoaed.ee\\\/fi\\\/toode\\\/33-ruokalan-jalka-vihrea\\\/\",\"url\":\"https:\\\/\\\/rodoaed.ee\\\/fi\\\/toode\\\/33-ruokalan-jalka-vihrea\\\/\",\"name\":\"-33% Ruokalan jalka, vihre\u00e4 - Rodoaed\",\"isPartOf\":{\"@id\":\"https:\\\/\\\/rodoaed.ee\\\/#website\"},\"primaryImageOfPage\":{\"@id\":\"https:\\\/\\\/rodoaed.ee\\\/fi\\\/toode\\\/33-ruokalan-jalka-vihrea\\\/#primaryimage\"},\"image\":{\"@id\":\"https:\\\/\\\/rodoaed.ee\\\/fi\\\/toode\\\/33-ruokalan-jalka-vihrea\\\/#primaryimage\"},\"thumbnailUrl\":\"https:\\\/\\\/rodoaed.ee\\\/wp-content\\\/uploads\\\/2019\\\/07\\\/S\u00f6\u00f6gimaja-jalg_roheline_807_02.jpg\",\"datePublished\":\"2019-08-02T09:48:57+00:00\",\"dateModified\":\"2026-04-13T08:05:35+00:00\",\"breadcrumb\":{\"@id\":\"https:\\\/\\\/rodoaed.ee\\\/fi\\\/toode\\\/33-ruokalan-jalka-vihrea\\\/#breadcrumb\"},\"inLanguage\":\"fi\",\"potentialAction\":[{\"@type\":\"ReadAction\",\"target\":[\"https:\\\/\\\/rodoaed.ee\\\/fi\\\/toode\\\/33-ruokalan-jalka-vihrea\\\/\"]}]},{\"@type\":\"ImageObject\",\"inLanguage\":\"fi\",\"@id\":\"https:\\\/\\\/rodoaed.ee\\\/fi\\\/toode\\\/33-ruokalan-jalka-vihrea\\\/#primaryimage\",\"url\":\"https:\\\/\\\/rodoaed.ee\\\/wp-content\\\/uploads\\\/2019\\\/07\\\/S\u00f6\u00f6gimaja-jalg_roheline_807_02.jpg\",\"contentUrl\":\"https:\\\/\\\/rodoaed.ee\\\/wp-content\\\/uploads\\\/2019\\\/07\\\/S\u00f6\u00f6gimaja-jalg_roheline_807_02.jpg\",\"width\":156,\"height\":400},{\"@type\":\"BreadcrumbList\",\"@id\":\"https:\\\/\\\/rodoaed.ee\\\/fi\\\/toode\\\/33-ruokalan-jalka-vihrea\\\/#breadcrumb\",\"itemListElement\":[{\"@type\":\"ListItem\",\"position\":1,\"name\":\"Home\",\"item\":\"https:\\\/\\\/rodoaed.ee\\\/fi\\\/\"},{\"@type\":\"ListItem\",\"position\":2,\"name\":\"Osta osoitteessa\",\"item\":\"https:\\\/\\\/rodoaed.ee\\\/osta-osoitteessa\\\/\"},{\"@type\":\"ListItem\",\"position\":3,\"name\":\"-33% Ruokalan jalka, vihre\u00e4\"}]},{\"@type\":\"WebSite\",\"@id\":\"https:\\\/\\\/rodoaed.ee\\\/#website\",\"url\":\"https:\\\/\\\/rodoaed.ee\\\/\",\"name\":\"Rodoaed\",\"description\":\"\",\"publisher\":{\"@id\":\"https:\\\/\\\/rodoaed.ee\\\/#organization\"},\"potentialAction\":[{\"@type\":\"SearchAction\",\"target\":{\"@type\":\"EntryPoint\",\"urlTemplate\":\"https:\\\/\\\/rodoaed.ee\\\/?s={search_term_string}\"},\"query-input\":{\"@type\":\"PropertyValueSpecification\",\"valueRequired\":true,\"valueName\":\"search_term_string\"}}],\"inLanguage\":\"fi\"},{\"@type\":\"Organization\",\"@id\":\"https:\\\/\\\/rodoaed.ee\\\/#organization\",\"name\":\"Rodoaed\",\"url\":\"https:\\\/\\\/rodoaed.ee\\\/\",\"logo\":{\"@type\":\"ImageObject\",\"inLanguage\":\"fi\",\"@id\":\"https:\\\/\\\/rodoaed.ee\\\/#\\\/schema\\\/logo\\\/image\\\/\",\"url\":\"https:\\\/\\\/rodoaed.ee\\\/wp-content\\\/uploads\\\/2019\\\/11\\\/rodoaed-logo-ilma-taustata.jpg\",\"contentUrl\":\"https:\\\/\\\/rodoaed.ee\\\/wp-content\\\/uploads\\\/2019\\\/11\\\/rodoaed-logo-ilma-taustata.jpg\",\"width\":769,\"height\":268,\"caption\":\"Rodoaed\"},\"image\":{\"@id\":\"https:\\\/\\\/rodoaed.ee\\\/#\\\/schema\\\/logo\\\/image\\\/\"},\"sameAs\":[\"https:\\\/\\\/www.facebook.com\\\/kasvuhooned\\\/\",\"https:\\\/\\\/rodoaed.ee\"]}]}<\/script>\n<!-- \/ Yoast SEO Premium plugin. -->","yoast_head_json":{"title":"-33% Ruokalan jalka, vihre\u00e4 - Rodoaed","robots":{"index":"index","follow":"follow","max-snippet":"max-snippet:-1","max-image-preview":"max-image-preview:large","max-video-preview":"max-video-preview:-1"},"canonical":"https:\/\/rodoaed.ee\/fi\/toode\/33-ruokalan-jalka-vihrea\/","og_locale":"fi_FI","og_type":"article","og_title":"-33% Ruokalan jalka, vihre\u00e4","og_description":"K\u00e4tev\u00e4 tapa asentaa ruokap\u00f6yt\u00e4 avoimeen puutarhaan. Ihanteellinen \"Birdlovers\" , \"Ring-Pull\" ja \"Classic\" -malleihin: Huomaa Ei voida k\u00e4ytt\u00e4\u00e4 erityisen","og_url":"https:\/\/rodoaed.ee\/fi\/toode\/33-ruokalan-jalka-vihrea\/","og_site_name":"Rodoaed","article_publisher":"https:\/\/www.facebook.com\/kasvuhooned\/","article_modified_time":"2026-04-13T08:05:35+00:00","og_image":[{"width":156,"height":400,"url":"https:\/\/rodoaed.ee\/wp-content\/uploads\/2019\/07\/S\u00f6\u00f6gimaja-jalg_roheline_807_02.jpg","type":"image\/jpeg"}],"twitter_card":"summary_large_image","schema":{"@context":"https:\/\/schema.org","@graph":[{"@type":"WebPage","@id":"https:\/\/rodoaed.ee\/fi\/toode\/33-ruokalan-jalka-vihrea\/","url":"https:\/\/rodoaed.ee\/fi\/toode\/33-ruokalan-jalka-vihrea\/","name":"-33% Ruokalan jalka, vihre\u00e4 - Rodoaed","isPartOf":{"@id":"https:\/\/rodoaed.ee\/#website"},"primaryImageOfPage":{"@id":"https:\/\/rodoaed.ee\/fi\/toode\/33-ruokalan-jalka-vihrea\/#primaryimage"},"image":{"@id":"https:\/\/rodoaed.ee\/fi\/toode\/33-ruokalan-jalka-vihrea\/#primaryimage"},"thumbnailUrl":"https:\/\/rodoaed.ee\/wp-content\/uploads\/2019\/07\/S\u00f6\u00f6gimaja-jalg_roheline_807_02.jpg","datePublished":"2019-08-02T09:48:57+00:00","dateModified":"2026-04-13T08:05:35+00:00","breadcrumb":{"@id":"https:\/\/rodoaed.ee\/fi\/toode\/33-ruokalan-jalka-vihrea\/#breadcrumb"},"inLanguage":"fi","potentialAction":[{"@type":"ReadAction","target":["https:\/\/rodoaed.ee\/fi\/toode\/33-ruokalan-jalka-vihrea\/"]}]},{"@type":"ImageObject","inLanguage":"fi","@id":"https:\/\/rodoaed.ee\/fi\/toode\/33-ruokalan-jalka-vihrea\/#primaryimage","url":"https:\/\/rodoaed.ee\/wp-content\/uploads\/2019\/07\/S\u00f6\u00f6gimaja-jalg_roheline_807_02.jpg","contentUrl":"https:\/\/rodoaed.ee\/wp-content\/uploads\/2019\/07\/S\u00f6\u00f6gimaja-jalg_roheline_807_02.jpg","width":156,"height":400},{"@type":"BreadcrumbList","@id":"https:\/\/rodoaed.ee\/fi\/toode\/33-ruokalan-jalka-vihrea\/#breadcrumb","itemListElement":[{"@type":"ListItem","position":1,"name":"Home","item":"https:\/\/rodoaed.ee\/fi\/"},{"@type":"ListItem","position":2,"name":"Osta osoitteessa","item":"https:\/\/rodoaed.ee\/osta-osoitteessa\/"},{"@type":"ListItem","position":3,"name":"-33% Ruokalan jalka, vihre\u00e4"}]},{"@type":"WebSite","@id":"https:\/\/rodoaed.ee\/#website","url":"https:\/\/rodoaed.ee\/","name":"Rodoaed","description":"","publisher":{"@id":"https:\/\/rodoaed.ee\/#organization"},"potentialAction":[{"@type":"SearchAction","target":{"@type":"EntryPoint","urlTemplate":"https:\/\/rodoaed.ee\/?s={search_term_string}"},"query-input":{"@type":"PropertyValueSpecification","valueRequired":true,"valueName":"search_term_string"}}],"inLanguage":"fi"},{"@type":"Organization","@id":"https:\/\/rodoaed.ee\/#organization","name":"Rodoaed","url":"https:\/\/rodoaed.ee\/","logo":{"@type":"ImageObject","inLanguage":"fi","@id":"https:\/\/rodoaed.ee\/#\/schema\/logo\/image\/","url":"https:\/\/rodoaed.ee\/wp-content\/uploads\/2019\/11\/rodoaed-logo-ilma-taustata.jpg","contentUrl":"https:\/\/rodoaed.ee\/wp-content\/uploads\/2019\/11\/rodoaed-logo-ilma-taustata.jpg","width":769,"height":268,"caption":"Rodoaed"},"image":{"@id":"https:\/\/rodoaed.ee\/#\/schema\/logo\/image\/"},"sameAs":["https:\/\/www.facebook.com\/kasvuhooned\/","https:\/\/rodoaed.ee"]}]}},"_links":{"self":[{"href":"https:\/\/rodoaed.ee\/fi\/wp-json\/wp\/v2\/product\/53421","targetHints":{"allow":["GET"]}}],"collection":[{"href":"https:\/\/rodoaed.ee\/fi\/wp-json\/wp\/v2\/product"}],"about":[{"href":"https:\/\/rodoaed.ee\/fi\/wp-json\/wp\/v2\/types\/product"}],"wp:featuredmedia":[{"embeddable":true,"href":"https:\/\/rodoaed.ee\/fi\/wp-json\/wp\/v2\/media\/18301"}],"wp:attachment":[{"href":"https:\/\/rodoaed.ee\/fi\/wp-json\/wp\/v2\/media?parent=53421"}],"wp:term":[{"taxonomy":"product_brand","embeddable":true,"href":"https:\/\/rodoaed.ee\/fi\/wp-json\/wp\/v2\/product_brand?post=53421"},{"taxonomy":"product_cat","embeddable":true,"href":"https:\/\/rodoaed.ee\/fi\/wp-json\/wp\/v2\/product_cat?post=53421"},{"taxonomy":"product_tag","embeddable":true,"href":"https:\/\/rodoaed.ee\/fi\/wp-json\/wp\/v2\/product_tag?post=53421"}],"curies":[{"name":"wp","href":"https:\/\/api.w.org\/{rel}","templated":true}]}}