{"id":53422,"date":"2019-08-02T12:48:57","date_gmt":"2019-08-02T09:48:57","guid":{"rendered":"https:\/\/rodoaed.ee\/toode\/tropic-kasvihuoneen-seinalevy-sahkosuojalle-tai-vesipylvaalle\/"},"modified":"2026-04-13T11:05:36","modified_gmt":"2026-04-13T08:05:36","slug":"tropic-kasvihuoneen-seinalevy-sahkosuojalle-tai-vesipylvaalle","status":"publish","type":"product","link":"https:\/\/rodoaed.ee\/fi\/tuote\/tropic-kasvihuoneen-seinalevy-sahkosuojalle-tai-vesipylvaalle\/","title":{"rendered":"Tropic-kasvihuoneen sein\u00e4levy s\u00e4hk\u00f6suojalle tai vesipylv\u00e4\u00e4lle"},"content":{"rendered":"<h2>Alumiininen sein\u00e4kiinnitteinen pohjalevy s\u00e4hk\u00f6kilven tai vesisolmun asentamiseen kasvihuoneen sein\u00e4\u00e4n.<\/h2>\n<p>Alusta on t\u00e4sm\u00e4lleen sovitettu Euro-Serre <strong>Tropic -kasvihuonemallien sein\u00e4aukkoihin<\/strong>. Se kiinnitet\u00e4\u00e4n kulmista nelj\u00e4ll\u00e4 erityisell\u00e4 kiinnityspultilla. <\/p>\n<p>Mukana on nelj\u00e4 erityist\u00e4 kiinnitysmutteria.<\/p>\n<p>Pohjalevy on k\u00e4tev\u00e4 tapa asentaa s\u00e4hk\u00f6laitteet kasvihuoneen sis\u00e4lle tai asentaa vesihana jne.<\/p>\n<p>Suuri askel kohti viihtyis\u00e4\u00e4 kasvien kasvatusta harrastekasvihuoneessasi on varustaa kasvihuoneesi pysyv\u00e4ll\u00e4 vesi- ja s\u00e4hk\u00f6liit\u00e4nn\u00e4ll\u00e4. S\u00e4hk\u00f6liit\u00e4nt\u00f6jen avulla voit jatkossa kytke\u00e4 kasvihuoneen valaistuksen, tuulettimet, l\u00e4mmityslaitteet, joissa on automaatio, jne. Vesihanaan on k\u00e4tev\u00e4 liitt\u00e4\u00e4 automaattinen Blumat-kasteluj\u00e4rjestelm\u00e4 tai yksinkertaisesti vesiletku.  <\/p>\n<p>Huom. Kuvassa n\u00e4kyv\u00e4 s\u00e4hk\u00f6kilpi ei kuulu sarjaan, vaan se on vain havainnollistava esimerkki siit\u00e4, milt\u00e4 pohjalevy ja kilpi voisivat n\u00e4ytt\u00e4\u00e4.<\/p>\n<figure id=\"attachment_3377\" aria-describedby=\"caption-attachment-3377\" style=\"width: 200px\" class=\"wp-caption alignnone\"><img loading=\"lazy\" decoding=\"async\" class=\"size-medium-single-product wp-image-3377\" title=\"Alumiininen pohjalevy s\u00e4hk\u00f6kilven tai vesijohdon liitt\u00e4mist\u00e4 varten kasvihuoneeseen.\" src=\"https:\/\/www.rodoaed.ee\/wp-content\/uploads\/2013\/06\/Kasvuhoone-kilbi-alusplaat-200x150.jpg\" alt=\"Alumiininen pohjalevy s\u00e4hk\u00f6kilven tai vesijohdon liitt\u00e4miseksi kasvihuoneeseen.\" width=\"200\" height=\"150\"><figcaption id=\"caption-attachment-3377\" class=\"wp-caption-text\">Alumiininen pohjalevy s\u00e4hk\u00f6kilven tai vesijohdon liitt\u00e4mist\u00e4 varten kasvihuoneeseen.<\/figcaption><\/figure>\n<p><a href=\"https:\/\/rodoaed.ee\/fi\/\">kotisivu<\/a> <a href=\"https:\/\/rodoaed.ee\/tootekategooria\/kasvuhooned-ja-talveaiad\/\">k\u00e4ynnist\u00e4<\/a> <a href=\"https:\/\/rodoaed.ee\/fi\/tootekategooria\/euro-serren-kasvihuoneet\/\">Euro-Serre<\/a><\/p>\n<p>&nbsp;<\/p>\n","protected":false},"excerpt":{"rendered":"<p>Alumiininen sein\u00e4kiinnitteinen pohjalevy s\u00e4hk\u00f6kilven tai vesisolmun asentamiseen kasvihuoneen sein\u00e4\u00e4n. Alusta on t\u00e4sm\u00e4lleen sovitettu Euro-Serre Tropic -kasvihuonemallien sein\u00e4aukkoihin. Se kiinnitet\u00e4\u00e4n kulmista nelj\u00e4ll\u00e4 erityisell\u00e4 kiinnityspultilla. Mukana on nelj\u00e4 erityist\u00e4 kiinnitysmutteria. Pohjalevy on k\u00e4tev\u00e4 tapa asentaa s\u00e4hk\u00f6laitteet kasvihuoneen sis\u00e4lle tai asentaa vesihana jne. Suuri askel kohti viihtyis\u00e4\u00e4 kasvien kasvatusta harrastekasvihuoneessasi on varustaa kasvihuoneesi pysyv\u00e4ll\u00e4 vesi- ja s\u00e4hk\u00f6liit\u00e4nn\u00e4ll\u00e4. S\u00e4hk\u00f6liit\u00e4nt\u00f6jen avulla voit jatkossa kytke\u00e4 kasvihuoneen valaistuksen, tuulettimet, l\u00e4mmityslaitteet, joissa on&#8230;<\/p>\n","protected":false},"featured_media":18677,"template":"","meta":{"_acf_changed":false},"product_brand":[],"product_cat":[1907,2272],"product_tag":[],"class_list":{"0":"post-53422","1":"product","2":"type-product","3":"status-publish","4":"has-post-thumbnail","6":"product_cat-euro-serren-kasvihuoneet","7":"product_cat-euro-serre-kasvihuonetarvikkeet","8":"pa_variatsioon-tropic-kasvihuoneen-seinalevy-sahkosuojalle-tai-vesipylvaalle","10":"first","11":"instock","12":"taxable","13":"shipping-taxable","14":"purchasable","15":"product-type-simple"},"acf":[],"yoast_head":"<!-- This site is optimized with the Yoast SEO Premium plugin v27.3 (Yoast SEO v27.3) - https:\/\/yoast.com\/product\/yoast-seo-premium-wordpress\/ -->\n<title>Tropic-kasvihuoneen sein\u00e4levy s\u00e4hk\u00f6suojalle tai vesipylv\u00e4\u00e4lle - Rodoaed<\/title>\n<meta name=\"robots\" content=\"index, follow, max-snippet:-1, max-image-preview:large, max-video-preview:-1\" \/>\n<link rel=\"canonical\" href=\"https:\/\/rodoaed.ee\/fi\/toode\/tropic-kasvihuoneen-seinalevy-sahkosuojalle-tai-vesipylvaalle\/\" \/>\n<meta property=\"og:locale\" content=\"fi_FI\" \/>\n<meta property=\"og:type\" content=\"article\" \/>\n<meta property=\"og:title\" content=\"Tropic-kasvihuoneen sein\u00e4levy s\u00e4hk\u00f6suojalle tai vesipylv\u00e4\u00e4lle\" \/>\n<meta property=\"og:description\" content=\"Alumiininen sein\u00e4kiinnitteinen pohjalevy s\u00e4hk\u00f6kilven tai vesisolmun asentamiseen kasvihuoneen sein\u00e4\u00e4n. Alusta on t\u00e4sm\u00e4lleen sovitettu Euro-Serre Tropic\" \/>\n<meta property=\"og:url\" content=\"https:\/\/rodoaed.ee\/fi\/toode\/tropic-kasvihuoneen-seinalevy-sahkosuojalle-tai-vesipylvaalle\/\" \/>\n<meta property=\"og:site_name\" content=\"Rodoaed\" \/>\n<meta property=\"article:publisher\" content=\"https:\/\/www.facebook.com\/kasvuhooned\/\" \/>\n<meta property=\"article:modified_time\" content=\"2026-04-13T08:05:36+00:00\" \/>\n<meta property=\"og:image\" content=\"https:\/\/rodoaed.ee\/wp-content\/uploads\/2019\/07\/Kasvuhoone-kilbi-alusplaat-koos-kilbiga.jpg\" \/>\n\t<meta property=\"og:image:width\" content=\"1000\" \/>\n\t<meta property=\"og:image:height\" content=\"666\" \/>\n\t<meta property=\"og:image:type\" content=\"image\/jpeg\" \/>\n<meta name=\"twitter:card\" content=\"summary_large_image\" \/>\n<meta name=\"twitter:label1\" content=\"Arvioitu lukuaika\" \/>\n\t<meta name=\"twitter:data1\" content=\"1 minuutti\" \/>\n<script type=\"application\/ld+json\" class=\"yoast-schema-graph\">{\"@context\":\"https:\\\/\\\/schema.org\",\"@graph\":[{\"@type\":\"WebPage\",\"@id\":\"https:\\\/\\\/rodoaed.ee\\\/fi\\\/toode\\\/tropic-kasvihuoneen-seinalevy-sahkosuojalle-tai-vesipylvaalle\\\/\",\"url\":\"https:\\\/\\\/rodoaed.ee\\\/fi\\\/toode\\\/tropic-kasvihuoneen-seinalevy-sahkosuojalle-tai-vesipylvaalle\\\/\",\"name\":\"Tropic-kasvihuoneen sein\u00e4levy s\u00e4hk\u00f6suojalle tai vesipylv\u00e4\u00e4lle - Rodoaed\",\"isPartOf\":{\"@id\":\"https:\\\/\\\/rodoaed.ee\\\/#website\"},\"primaryImageOfPage\":{\"@id\":\"https:\\\/\\\/rodoaed.ee\\\/fi\\\/toode\\\/tropic-kasvihuoneen-seinalevy-sahkosuojalle-tai-vesipylvaalle\\\/#primaryimage\"},\"image\":{\"@id\":\"https:\\\/\\\/rodoaed.ee\\\/fi\\\/toode\\\/tropic-kasvihuoneen-seinalevy-sahkosuojalle-tai-vesipylvaalle\\\/#primaryimage\"},\"thumbnailUrl\":\"https:\\\/\\\/rodoaed.ee\\\/wp-content\\\/uploads\\\/2019\\\/07\\\/Kasvuhoone-kilbi-alusplaat-koos-kilbiga.jpg\",\"datePublished\":\"2019-08-02T09:48:57+00:00\",\"dateModified\":\"2026-04-13T08:05:36+00:00\",\"breadcrumb\":{\"@id\":\"https:\\\/\\\/rodoaed.ee\\\/fi\\\/toode\\\/tropic-kasvihuoneen-seinalevy-sahkosuojalle-tai-vesipylvaalle\\\/#breadcrumb\"},\"inLanguage\":\"fi\",\"potentialAction\":[{\"@type\":\"ReadAction\",\"target\":[\"https:\\\/\\\/rodoaed.ee\\\/fi\\\/toode\\\/tropic-kasvihuoneen-seinalevy-sahkosuojalle-tai-vesipylvaalle\\\/\"]}]},{\"@type\":\"ImageObject\",\"inLanguage\":\"fi\",\"@id\":\"https:\\\/\\\/rodoaed.ee\\\/fi\\\/toode\\\/tropic-kasvihuoneen-seinalevy-sahkosuojalle-tai-vesipylvaalle\\\/#primaryimage\",\"url\":\"https:\\\/\\\/rodoaed.ee\\\/wp-content\\\/uploads\\\/2019\\\/07\\\/Kasvuhoone-kilbi-alusplaat-koos-kilbiga.jpg\",\"contentUrl\":\"https:\\\/\\\/rodoaed.ee\\\/wp-content\\\/uploads\\\/2019\\\/07\\\/Kasvuhoone-kilbi-alusplaat-koos-kilbiga.jpg\",\"width\":1000,\"height\":666},{\"@type\":\"BreadcrumbList\",\"@id\":\"https:\\\/\\\/rodoaed.ee\\\/fi\\\/toode\\\/tropic-kasvihuoneen-seinalevy-sahkosuojalle-tai-vesipylvaalle\\\/#breadcrumb\",\"itemListElement\":[{\"@type\":\"ListItem\",\"position\":1,\"name\":\"Home\",\"item\":\"https:\\\/\\\/rodoaed.ee\\\/fi\\\/\"},{\"@type\":\"ListItem\",\"position\":2,\"name\":\"Osta osoitteessa\",\"item\":\"https:\\\/\\\/rodoaed.ee\\\/osta-osoitteessa\\\/\"},{\"@type\":\"ListItem\",\"position\":3,\"name\":\"Tropic-kasvihuoneen sein\u00e4levy s\u00e4hk\u00f6suojalle tai vesipylv\u00e4\u00e4lle\"}]},{\"@type\":\"WebSite\",\"@id\":\"https:\\\/\\\/rodoaed.ee\\\/#website\",\"url\":\"https:\\\/\\\/rodoaed.ee\\\/\",\"name\":\"Rodoaed\",\"description\":\"\",\"publisher\":{\"@id\":\"https:\\\/\\\/rodoaed.ee\\\/#organization\"},\"potentialAction\":[{\"@type\":\"SearchAction\",\"target\":{\"@type\":\"EntryPoint\",\"urlTemplate\":\"https:\\\/\\\/rodoaed.ee\\\/?s={search_term_string}\"},\"query-input\":{\"@type\":\"PropertyValueSpecification\",\"valueRequired\":true,\"valueName\":\"search_term_string\"}}],\"inLanguage\":\"fi\"},{\"@type\":\"Organization\",\"@id\":\"https:\\\/\\\/rodoaed.ee\\\/#organization\",\"name\":\"Rodoaed\",\"url\":\"https:\\\/\\\/rodoaed.ee\\\/\",\"logo\":{\"@type\":\"ImageObject\",\"inLanguage\":\"fi\",\"@id\":\"https:\\\/\\\/rodoaed.ee\\\/#\\\/schema\\\/logo\\\/image\\\/\",\"url\":\"https:\\\/\\\/rodoaed.ee\\\/wp-content\\\/uploads\\\/2019\\\/11\\\/rodoaed-logo-ilma-taustata.jpg\",\"contentUrl\":\"https:\\\/\\\/rodoaed.ee\\\/wp-content\\\/uploads\\\/2019\\\/11\\\/rodoaed-logo-ilma-taustata.jpg\",\"width\":769,\"height\":268,\"caption\":\"Rodoaed\"},\"image\":{\"@id\":\"https:\\\/\\\/rodoaed.ee\\\/#\\\/schema\\\/logo\\\/image\\\/\"},\"sameAs\":[\"https:\\\/\\\/www.facebook.com\\\/kasvuhooned\\\/\",\"https:\\\/\\\/rodoaed.ee\"]}]}<\/script>\n<!-- \/ Yoast SEO Premium plugin. -->","yoast_head_json":{"title":"Tropic-kasvihuoneen sein\u00e4levy s\u00e4hk\u00f6suojalle tai vesipylv\u00e4\u00e4lle - Rodoaed","robots":{"index":"index","follow":"follow","max-snippet":"max-snippet:-1","max-image-preview":"max-image-preview:large","max-video-preview":"max-video-preview:-1"},"canonical":"https:\/\/rodoaed.ee\/fi\/toode\/tropic-kasvihuoneen-seinalevy-sahkosuojalle-tai-vesipylvaalle\/","og_locale":"fi_FI","og_type":"article","og_title":"Tropic-kasvihuoneen sein\u00e4levy s\u00e4hk\u00f6suojalle tai vesipylv\u00e4\u00e4lle","og_description":"Alumiininen sein\u00e4kiinnitteinen pohjalevy s\u00e4hk\u00f6kilven tai vesisolmun asentamiseen kasvihuoneen sein\u00e4\u00e4n. Alusta on t\u00e4sm\u00e4lleen sovitettu Euro-Serre Tropic","og_url":"https:\/\/rodoaed.ee\/fi\/toode\/tropic-kasvihuoneen-seinalevy-sahkosuojalle-tai-vesipylvaalle\/","og_site_name":"Rodoaed","article_publisher":"https:\/\/www.facebook.com\/kasvuhooned\/","article_modified_time":"2026-04-13T08:05:36+00:00","og_image":[{"width":1000,"height":666,"url":"https:\/\/rodoaed.ee\/wp-content\/uploads\/2019\/07\/Kasvuhoone-kilbi-alusplaat-koos-kilbiga.jpg","type":"image\/jpeg"}],"twitter_card":"summary_large_image","twitter_misc":{"Arvioitu lukuaika":"1 minuutti"},"schema":{"@context":"https:\/\/schema.org","@graph":[{"@type":"WebPage","@id":"https:\/\/rodoaed.ee\/fi\/toode\/tropic-kasvihuoneen-seinalevy-sahkosuojalle-tai-vesipylvaalle\/","url":"https:\/\/rodoaed.ee\/fi\/toode\/tropic-kasvihuoneen-seinalevy-sahkosuojalle-tai-vesipylvaalle\/","name":"Tropic-kasvihuoneen sein\u00e4levy s\u00e4hk\u00f6suojalle tai vesipylv\u00e4\u00e4lle - Rodoaed","isPartOf":{"@id":"https:\/\/rodoaed.ee\/#website"},"primaryImageOfPage":{"@id":"https:\/\/rodoaed.ee\/fi\/toode\/tropic-kasvihuoneen-seinalevy-sahkosuojalle-tai-vesipylvaalle\/#primaryimage"},"image":{"@id":"https:\/\/rodoaed.ee\/fi\/toode\/tropic-kasvihuoneen-seinalevy-sahkosuojalle-tai-vesipylvaalle\/#primaryimage"},"thumbnailUrl":"https:\/\/rodoaed.ee\/wp-content\/uploads\/2019\/07\/Kasvuhoone-kilbi-alusplaat-koos-kilbiga.jpg","datePublished":"2019-08-02T09:48:57+00:00","dateModified":"2026-04-13T08:05:36+00:00","breadcrumb":{"@id":"https:\/\/rodoaed.ee\/fi\/toode\/tropic-kasvihuoneen-seinalevy-sahkosuojalle-tai-vesipylvaalle\/#breadcrumb"},"inLanguage":"fi","potentialAction":[{"@type":"ReadAction","target":["https:\/\/rodoaed.ee\/fi\/toode\/tropic-kasvihuoneen-seinalevy-sahkosuojalle-tai-vesipylvaalle\/"]}]},{"@type":"ImageObject","inLanguage":"fi","@id":"https:\/\/rodoaed.ee\/fi\/toode\/tropic-kasvihuoneen-seinalevy-sahkosuojalle-tai-vesipylvaalle\/#primaryimage","url":"https:\/\/rodoaed.ee\/wp-content\/uploads\/2019\/07\/Kasvuhoone-kilbi-alusplaat-koos-kilbiga.jpg","contentUrl":"https:\/\/rodoaed.ee\/wp-content\/uploads\/2019\/07\/Kasvuhoone-kilbi-alusplaat-koos-kilbiga.jpg","width":1000,"height":666},{"@type":"BreadcrumbList","@id":"https:\/\/rodoaed.ee\/fi\/toode\/tropic-kasvihuoneen-seinalevy-sahkosuojalle-tai-vesipylvaalle\/#breadcrumb","itemListElement":[{"@type":"ListItem","position":1,"name":"Home","item":"https:\/\/rodoaed.ee\/fi\/"},{"@type":"ListItem","position":2,"name":"Osta osoitteessa","item":"https:\/\/rodoaed.ee\/osta-osoitteessa\/"},{"@type":"ListItem","position":3,"name":"Tropic-kasvihuoneen sein\u00e4levy s\u00e4hk\u00f6suojalle tai vesipylv\u00e4\u00e4lle"}]},{"@type":"WebSite","@id":"https:\/\/rodoaed.ee\/#website","url":"https:\/\/rodoaed.ee\/","name":"Rodoaed","description":"","publisher":{"@id":"https:\/\/rodoaed.ee\/#organization"},"potentialAction":[{"@type":"SearchAction","target":{"@type":"EntryPoint","urlTemplate":"https:\/\/rodoaed.ee\/?s={search_term_string}"},"query-input":{"@type":"PropertyValueSpecification","valueRequired":true,"valueName":"search_term_string"}}],"inLanguage":"fi"},{"@type":"Organization","@id":"https:\/\/rodoaed.ee\/#organization","name":"Rodoaed","url":"https:\/\/rodoaed.ee\/","logo":{"@type":"ImageObject","inLanguage":"fi","@id":"https:\/\/rodoaed.ee\/#\/schema\/logo\/image\/","url":"https:\/\/rodoaed.ee\/wp-content\/uploads\/2019\/11\/rodoaed-logo-ilma-taustata.jpg","contentUrl":"https:\/\/rodoaed.ee\/wp-content\/uploads\/2019\/11\/rodoaed-logo-ilma-taustata.jpg","width":769,"height":268,"caption":"Rodoaed"},"image":{"@id":"https:\/\/rodoaed.ee\/#\/schema\/logo\/image\/"},"sameAs":["https:\/\/www.facebook.com\/kasvuhooned\/","https:\/\/rodoaed.ee"]}]}},"_links":{"self":[{"href":"https:\/\/rodoaed.ee\/fi\/wp-json\/wp\/v2\/product\/53422","targetHints":{"allow":["GET"]}}],"collection":[{"href":"https:\/\/rodoaed.ee\/fi\/wp-json\/wp\/v2\/product"}],"about":[{"href":"https:\/\/rodoaed.ee\/fi\/wp-json\/wp\/v2\/types\/product"}],"wp:featuredmedia":[{"embeddable":true,"href":"https:\/\/rodoaed.ee\/fi\/wp-json\/wp\/v2\/media\/18677"}],"wp:attachment":[{"href":"https:\/\/rodoaed.ee\/fi\/wp-json\/wp\/v2\/media?parent=53422"}],"wp:term":[{"taxonomy":"product_brand","embeddable":true,"href":"https:\/\/rodoaed.ee\/fi\/wp-json\/wp\/v2\/product_brand?post=53422"},{"taxonomy":"product_cat","embeddable":true,"href":"https:\/\/rodoaed.ee\/fi\/wp-json\/wp\/v2\/product_cat?post=53422"},{"taxonomy":"product_tag","embeddable":true,"href":"https:\/\/rodoaed.ee\/fi\/wp-json\/wp\/v2\/product_tag?post=53422"}],"curies":[{"name":"wp","href":"https:\/\/api.w.org\/{rel}","templated":true}]}}