{"id":53423,"date":"2019-08-02T12:48:57","date_gmt":"2019-08-02T09:48:57","guid":{"rendered":"https:\/\/rodoaed.ee\/toode\/euro-serre-kasvihuonehylly-20x300cm-voidaan-tilata-kasvihuoneen-kanssa\/"},"modified":"2026-04-13T11:05:41","modified_gmt":"2026-04-13T08:05:41","slug":"euro-serre-kasvihuonehylly-20x300cm-voidaan-tilata-kasvihuoneen-kanssa","status":"publish","type":"product","link":"https:\/\/rodoaed.ee\/fi\/tuote\/euro-serre-kasvihuonehylly-20x300cm-voidaan-tilata-kasvihuoneen-kanssa\/","title":{"rendered":"Euro-Serre kasvihuonehylly 20x300cm- voidaan tilata kasvihuoneen kanssa!"},"content":{"rendered":"<h3>Eritt\u00e4in vahva alumiiniprofiilinen kasvihuoneen sein\u00e4laatikko, jonka leveys on 20 cm ja pituus 300 cm.<\/h3>\n<p>T\u00e4m\u00e4 hylly on suunniteltu sopimaan parhaiten belgialaisiin Euro-Serre-kasvihuoneisiin, mutta se sopii my\u00f6s kaikkiin muihin kasvihuoneisiin, joissa on ruuviurat sein\u00e4ss\u00e4. Hyllyn profiili on uritettu, mik\u00e4 antaa sille eritt\u00e4in varman lujuuden ja j\u00e4ykkyyden. <\/p>\n<p>T\u00e4ydellinen kasvihuoneen sein\u00e4lle sijoitettaviin kasvilaatikoihin tai ruukkuihin tai yksinkertaisesti ty\u00f6kalujen ja v\u00e4lineiden s\u00e4ilytykseen.<\/p>\n<p>Asennus on nopea ja k\u00e4tev\u00e4. Korkeutta voidaan muuttaa helposti milloin tahansa. <\/p>\n<h4>RAL-v\u00e4ritys<\/h4>\n<p>Kasvihuonehylly on oletusarvoisesti matta-alumiinia, mutta se voidaan my\u00f6s tilata pulverimaalattuna RAL-v\u00e4reiss\u00e4 (9010, 8019, 5010, 7016, 6005, 3005, 6009 ja 3011).<\/p>\n<p>Hylly voidaan pyynn\u00f6st\u00e4 tilata my\u00f6s pidemm\u00e4ksi. Kysy hinta kokosi mukaan. <\/p>\n<p><a href=\"https:\/\/rodoaed.ee\/fi\/\">kotisivu<\/a> <a href=\"https:\/\/rodoaed.ee\/tootekategooria\/kasvuhooned-ja-talveaiad\/\">k\u00e4ynnist\u00e4<\/a> <a href=\"https:\/\/rodoaed.ee\/fi\/tootekategooria\/euro-serren-kasvihuoneet\/\">Euro-Serre<\/a> <a href=\"https:\/\/rodoaed.ee\/fi\/tootekategooria\/kasvihuoneen-tarvikkeet\/\">tarvikkeet<\/a> <a href=\"https:\/\/rodoaed.ee\/fi\/tootekategooria\/kasvihuoneen-tarvikkeet\/kasvihuoneen-hyllyt\/\">hyllyt<\/a><\/p>\n<div>\n<div><\/div>\n<\/div>\n","protected":false},"excerpt":{"rendered":"<p>Eritt\u00e4in vahva alumiiniprofiilinen kasvihuoneen sein\u00e4laatikko, jonka leveys on 20 cm ja pituus 300 cm. T\u00e4m\u00e4 hylly on suunniteltu sopimaan parhaiten belgialaisiin Euro-Serre-kasvihuoneisiin, mutta se sopii my\u00f6s kaikkiin muihin kasvihuoneisiin, joissa on ruuviurat sein\u00e4ss\u00e4. Hyllyn profiili on uritettu, mik\u00e4 antaa sille eritt\u00e4in varman lujuuden ja j\u00e4ykkyyden. T\u00e4ydellinen kasvihuoneen sein\u00e4lle sijoitettaviin kasvilaatikoihin tai ruukkuihin tai yksinkertaisesti ty\u00f6kalujen ja v\u00e4lineiden s\u00e4ilytykseen. Asennus on nopea ja k\u00e4tev\u00e4. Korkeutta voidaan&#8230;<\/p>\n","protected":false},"featured_media":18276,"template":"","meta":{"_acf_changed":false},"product_brand":[],"product_cat":[1907,2272,2274,1869],"product_tag":[],"class_list":{"0":"post-53423","1":"product","2":"type-product","3":"status-publish","4":"has-post-thumbnail","6":"product_cat-euro-serren-kasvihuoneet","7":"product_cat-euro-serre-kasvihuonetarvikkeet","8":"product_cat-kasvihuoneen-hyllyt","9":"product_cat-kasvihuoneen-tarvikkeet","10":"product_shipping_class-kuljetus-ainoastaan-kuriiripalvelun-valityksella","11":"pa_variatsioon-euro-serre-kasvihuonehylly-20x300cm","13":"first","14":"outofstock","15":"sale","16":"taxable","17":"shipping-taxable","18":"purchasable","19":"product-type-simple"},"acf":[],"yoast_head":"<!-- This site is optimized with the Yoast SEO Premium plugin v27.3 (Yoast SEO v27.3) - https:\/\/yoast.com\/product\/yoast-seo-premium-wordpress\/ -->\n<title>Euro-Serre kasvihuonehylly 20x300cm- voidaan tilata kasvihuoneen kanssa! - Rodoaed<\/title>\n<meta name=\"description\" content=\"Hylly soveltuu parhaiten belgialaisiin Euro-Serre-kasvihuoneisiin, mutta se sopii my\u00f6s kaikkiin muihin kasvihuoneisiin, joissa on ruuvin urat sein\u00e4ss\u00e4.\" \/>\n<meta name=\"robots\" content=\"index, follow, max-snippet:-1, max-image-preview:large, max-video-preview:-1\" \/>\n<link rel=\"canonical\" href=\"https:\/\/rodoaed.ee\/fi\/toode\/euro-serre-kasvihuonehylly-20x300cm-voidaan-tilata-kasvihuoneen-kanssa\/\" \/>\n<meta property=\"og:locale\" content=\"fi_FI\" \/>\n<meta property=\"og:type\" content=\"article\" \/>\n<meta property=\"og:title\" content=\"Euro-Serre kasvihuonehylly 20x300cm- voidaan tilata kasvihuoneen kanssa!\" \/>\n<meta property=\"og:description\" content=\"Eritt\u00e4in vahva alumiiniprofiilinen kasvihuoneen sein\u00e4laatikko, jonka leveys on 20 cm ja pituus 300 cm. T\u00e4m\u00e4 hylly on suunniteltu sopimaan parhaiten\" \/>\n<meta property=\"og:url\" content=\"https:\/\/rodoaed.ee\/fi\/toode\/euro-serre-kasvihuonehylly-20x300cm-voidaan-tilata-kasvihuoneen-kanssa\/\" \/>\n<meta property=\"og:site_name\" content=\"Rodoaed\" \/>\n<meta property=\"article:publisher\" content=\"https:\/\/www.facebook.com\/kasvuhooned\/\" \/>\n<meta property=\"article:modified_time\" content=\"2026-04-13T08:05:41+00:00\" \/>\n<meta property=\"og:image\" content=\"https:\/\/rodoaed.ee\/wp-content\/uploads\/2019\/07\/kasvuhoone-riiul_1.jpg\" \/>\n\t<meta property=\"og:image:width\" content=\"800\" \/>\n\t<meta property=\"og:image:height\" content=\"533\" \/>\n\t<meta property=\"og:image:type\" content=\"image\/jpeg\" \/>\n<meta name=\"twitter:card\" content=\"summary_large_image\" \/>\n<meta name=\"twitter:label1\" content=\"Arvioitu lukuaika\" \/>\n\t<meta name=\"twitter:data1\" content=\"1 minuutti\" \/>\n<script type=\"application\/ld+json\" class=\"yoast-schema-graph\">{\"@context\":\"https:\\\/\\\/schema.org\",\"@graph\":[{\"@type\":\"WebPage\",\"@id\":\"https:\\\/\\\/rodoaed.ee\\\/fi\\\/toode\\\/euro-serre-kasvihuonehylly-20x300cm-voidaan-tilata-kasvihuoneen-kanssa\\\/\",\"url\":\"https:\\\/\\\/rodoaed.ee\\\/fi\\\/toode\\\/euro-serre-kasvihuonehylly-20x300cm-voidaan-tilata-kasvihuoneen-kanssa\\\/\",\"name\":\"Euro-Serre kasvihuonehylly 20x300cm- voidaan tilata kasvihuoneen kanssa! - Rodoaed\",\"isPartOf\":{\"@id\":\"https:\\\/\\\/rodoaed.ee\\\/#website\"},\"primaryImageOfPage\":{\"@id\":\"https:\\\/\\\/rodoaed.ee\\\/fi\\\/toode\\\/euro-serre-kasvihuonehylly-20x300cm-voidaan-tilata-kasvihuoneen-kanssa\\\/#primaryimage\"},\"image\":{\"@id\":\"https:\\\/\\\/rodoaed.ee\\\/fi\\\/toode\\\/euro-serre-kasvihuonehylly-20x300cm-voidaan-tilata-kasvihuoneen-kanssa\\\/#primaryimage\"},\"thumbnailUrl\":\"https:\\\/\\\/rodoaed.ee\\\/wp-content\\\/uploads\\\/2019\\\/07\\\/kasvuhoone-riiul_1.jpg\",\"datePublished\":\"2019-08-02T09:48:57+00:00\",\"dateModified\":\"2026-04-13T08:05:41+00:00\",\"description\":\"Hylly soveltuu parhaiten belgialaisiin Euro-Serre-kasvihuoneisiin, mutta se sopii my\u00f6s kaikkiin muihin kasvihuoneisiin, joissa on ruuvin urat sein\u00e4ss\u00e4.\",\"breadcrumb\":{\"@id\":\"https:\\\/\\\/rodoaed.ee\\\/fi\\\/toode\\\/euro-serre-kasvihuonehylly-20x300cm-voidaan-tilata-kasvihuoneen-kanssa\\\/#breadcrumb\"},\"inLanguage\":\"fi\",\"potentialAction\":[{\"@type\":\"ReadAction\",\"target\":[\"https:\\\/\\\/rodoaed.ee\\\/fi\\\/toode\\\/euro-serre-kasvihuonehylly-20x300cm-voidaan-tilata-kasvihuoneen-kanssa\\\/\"]}]},{\"@type\":\"ImageObject\",\"inLanguage\":\"fi\",\"@id\":\"https:\\\/\\\/rodoaed.ee\\\/fi\\\/toode\\\/euro-serre-kasvihuonehylly-20x300cm-voidaan-tilata-kasvihuoneen-kanssa\\\/#primaryimage\",\"url\":\"https:\\\/\\\/rodoaed.ee\\\/wp-content\\\/uploads\\\/2019\\\/07\\\/kasvuhoone-riiul_1.jpg\",\"contentUrl\":\"https:\\\/\\\/rodoaed.ee\\\/wp-content\\\/uploads\\\/2019\\\/07\\\/kasvuhoone-riiul_1.jpg\",\"width\":800,\"height\":533},{\"@type\":\"BreadcrumbList\",\"@id\":\"https:\\\/\\\/rodoaed.ee\\\/fi\\\/toode\\\/euro-serre-kasvihuonehylly-20x300cm-voidaan-tilata-kasvihuoneen-kanssa\\\/#breadcrumb\",\"itemListElement\":[{\"@type\":\"ListItem\",\"position\":1,\"name\":\"Home\",\"item\":\"https:\\\/\\\/rodoaed.ee\\\/fi\\\/\"},{\"@type\":\"ListItem\",\"position\":2,\"name\":\"Osta osoitteessa\",\"item\":\"https:\\\/\\\/rodoaed.ee\\\/osta-osoitteessa\\\/\"},{\"@type\":\"ListItem\",\"position\":3,\"name\":\"Euro-Serre kasvihuonehylly 20x300cm- voidaan tilata kasvihuoneen kanssa!\"}]},{\"@type\":\"WebSite\",\"@id\":\"https:\\\/\\\/rodoaed.ee\\\/#website\",\"url\":\"https:\\\/\\\/rodoaed.ee\\\/\",\"name\":\"Rodoaed\",\"description\":\"\",\"publisher\":{\"@id\":\"https:\\\/\\\/rodoaed.ee\\\/#organization\"},\"potentialAction\":[{\"@type\":\"SearchAction\",\"target\":{\"@type\":\"EntryPoint\",\"urlTemplate\":\"https:\\\/\\\/rodoaed.ee\\\/?s={search_term_string}\"},\"query-input\":{\"@type\":\"PropertyValueSpecification\",\"valueRequired\":true,\"valueName\":\"search_term_string\"}}],\"inLanguage\":\"fi\"},{\"@type\":\"Organization\",\"@id\":\"https:\\\/\\\/rodoaed.ee\\\/#organization\",\"name\":\"Rodoaed\",\"url\":\"https:\\\/\\\/rodoaed.ee\\\/\",\"logo\":{\"@type\":\"ImageObject\",\"inLanguage\":\"fi\",\"@id\":\"https:\\\/\\\/rodoaed.ee\\\/#\\\/schema\\\/logo\\\/image\\\/\",\"url\":\"https:\\\/\\\/rodoaed.ee\\\/wp-content\\\/uploads\\\/2019\\\/11\\\/rodoaed-logo-ilma-taustata.jpg\",\"contentUrl\":\"https:\\\/\\\/rodoaed.ee\\\/wp-content\\\/uploads\\\/2019\\\/11\\\/rodoaed-logo-ilma-taustata.jpg\",\"width\":769,\"height\":268,\"caption\":\"Rodoaed\"},\"image\":{\"@id\":\"https:\\\/\\\/rodoaed.ee\\\/#\\\/schema\\\/logo\\\/image\\\/\"},\"sameAs\":[\"https:\\\/\\\/www.facebook.com\\\/kasvuhooned\\\/\",\"https:\\\/\\\/rodoaed.ee\"]}]}<\/script>\n<!-- \/ Yoast SEO Premium plugin. -->","yoast_head_json":{"title":"Euro-Serre kasvihuonehylly 20x300cm- voidaan tilata kasvihuoneen kanssa! - Rodoaed","description":"Hylly soveltuu parhaiten belgialaisiin Euro-Serre-kasvihuoneisiin, mutta se sopii my\u00f6s kaikkiin muihin kasvihuoneisiin, joissa on ruuvin urat sein\u00e4ss\u00e4.","robots":{"index":"index","follow":"follow","max-snippet":"max-snippet:-1","max-image-preview":"max-image-preview:large","max-video-preview":"max-video-preview:-1"},"canonical":"https:\/\/rodoaed.ee\/fi\/toode\/euro-serre-kasvihuonehylly-20x300cm-voidaan-tilata-kasvihuoneen-kanssa\/","og_locale":"fi_FI","og_type":"article","og_title":"Euro-Serre kasvihuonehylly 20x300cm- voidaan tilata kasvihuoneen kanssa!","og_description":"Eritt\u00e4in vahva alumiiniprofiilinen kasvihuoneen sein\u00e4laatikko, jonka leveys on 20 cm ja pituus 300 cm. T\u00e4m\u00e4 hylly on suunniteltu sopimaan parhaiten","og_url":"https:\/\/rodoaed.ee\/fi\/toode\/euro-serre-kasvihuonehylly-20x300cm-voidaan-tilata-kasvihuoneen-kanssa\/","og_site_name":"Rodoaed","article_publisher":"https:\/\/www.facebook.com\/kasvuhooned\/","article_modified_time":"2026-04-13T08:05:41+00:00","og_image":[{"width":800,"height":533,"url":"https:\/\/rodoaed.ee\/wp-content\/uploads\/2019\/07\/kasvuhoone-riiul_1.jpg","type":"image\/jpeg"}],"twitter_card":"summary_large_image","twitter_misc":{"Arvioitu lukuaika":"1 minuutti"},"schema":{"@context":"https:\/\/schema.org","@graph":[{"@type":"WebPage","@id":"https:\/\/rodoaed.ee\/fi\/toode\/euro-serre-kasvihuonehylly-20x300cm-voidaan-tilata-kasvihuoneen-kanssa\/","url":"https:\/\/rodoaed.ee\/fi\/toode\/euro-serre-kasvihuonehylly-20x300cm-voidaan-tilata-kasvihuoneen-kanssa\/","name":"Euro-Serre kasvihuonehylly 20x300cm- voidaan tilata kasvihuoneen kanssa! - Rodoaed","isPartOf":{"@id":"https:\/\/rodoaed.ee\/#website"},"primaryImageOfPage":{"@id":"https:\/\/rodoaed.ee\/fi\/toode\/euro-serre-kasvihuonehylly-20x300cm-voidaan-tilata-kasvihuoneen-kanssa\/#primaryimage"},"image":{"@id":"https:\/\/rodoaed.ee\/fi\/toode\/euro-serre-kasvihuonehylly-20x300cm-voidaan-tilata-kasvihuoneen-kanssa\/#primaryimage"},"thumbnailUrl":"https:\/\/rodoaed.ee\/wp-content\/uploads\/2019\/07\/kasvuhoone-riiul_1.jpg","datePublished":"2019-08-02T09:48:57+00:00","dateModified":"2026-04-13T08:05:41+00:00","description":"Hylly soveltuu parhaiten belgialaisiin Euro-Serre-kasvihuoneisiin, mutta se sopii my\u00f6s kaikkiin muihin kasvihuoneisiin, joissa on ruuvin urat sein\u00e4ss\u00e4.","breadcrumb":{"@id":"https:\/\/rodoaed.ee\/fi\/toode\/euro-serre-kasvihuonehylly-20x300cm-voidaan-tilata-kasvihuoneen-kanssa\/#breadcrumb"},"inLanguage":"fi","potentialAction":[{"@type":"ReadAction","target":["https:\/\/rodoaed.ee\/fi\/toode\/euro-serre-kasvihuonehylly-20x300cm-voidaan-tilata-kasvihuoneen-kanssa\/"]}]},{"@type":"ImageObject","inLanguage":"fi","@id":"https:\/\/rodoaed.ee\/fi\/toode\/euro-serre-kasvihuonehylly-20x300cm-voidaan-tilata-kasvihuoneen-kanssa\/#primaryimage","url":"https:\/\/rodoaed.ee\/wp-content\/uploads\/2019\/07\/kasvuhoone-riiul_1.jpg","contentUrl":"https:\/\/rodoaed.ee\/wp-content\/uploads\/2019\/07\/kasvuhoone-riiul_1.jpg","width":800,"height":533},{"@type":"BreadcrumbList","@id":"https:\/\/rodoaed.ee\/fi\/toode\/euro-serre-kasvihuonehylly-20x300cm-voidaan-tilata-kasvihuoneen-kanssa\/#breadcrumb","itemListElement":[{"@type":"ListItem","position":1,"name":"Home","item":"https:\/\/rodoaed.ee\/fi\/"},{"@type":"ListItem","position":2,"name":"Osta osoitteessa","item":"https:\/\/rodoaed.ee\/osta-osoitteessa\/"},{"@type":"ListItem","position":3,"name":"Euro-Serre kasvihuonehylly 20x300cm- voidaan tilata kasvihuoneen kanssa!"}]},{"@type":"WebSite","@id":"https:\/\/rodoaed.ee\/#website","url":"https:\/\/rodoaed.ee\/","name":"Rodoaed","description":"","publisher":{"@id":"https:\/\/rodoaed.ee\/#organization"},"potentialAction":[{"@type":"SearchAction","target":{"@type":"EntryPoint","urlTemplate":"https:\/\/rodoaed.ee\/?s={search_term_string}"},"query-input":{"@type":"PropertyValueSpecification","valueRequired":true,"valueName":"search_term_string"}}],"inLanguage":"fi"},{"@type":"Organization","@id":"https:\/\/rodoaed.ee\/#organization","name":"Rodoaed","url":"https:\/\/rodoaed.ee\/","logo":{"@type":"ImageObject","inLanguage":"fi","@id":"https:\/\/rodoaed.ee\/#\/schema\/logo\/image\/","url":"https:\/\/rodoaed.ee\/wp-content\/uploads\/2019\/11\/rodoaed-logo-ilma-taustata.jpg","contentUrl":"https:\/\/rodoaed.ee\/wp-content\/uploads\/2019\/11\/rodoaed-logo-ilma-taustata.jpg","width":769,"height":268,"caption":"Rodoaed"},"image":{"@id":"https:\/\/rodoaed.ee\/#\/schema\/logo\/image\/"},"sameAs":["https:\/\/www.facebook.com\/kasvuhooned\/","https:\/\/rodoaed.ee"]}]}},"_links":{"self":[{"href":"https:\/\/rodoaed.ee\/fi\/wp-json\/wp\/v2\/product\/53423","targetHints":{"allow":["GET"]}}],"collection":[{"href":"https:\/\/rodoaed.ee\/fi\/wp-json\/wp\/v2\/product"}],"about":[{"href":"https:\/\/rodoaed.ee\/fi\/wp-json\/wp\/v2\/types\/product"}],"wp:featuredmedia":[{"embeddable":true,"href":"https:\/\/rodoaed.ee\/fi\/wp-json\/wp\/v2\/media\/18276"}],"wp:attachment":[{"href":"https:\/\/rodoaed.ee\/fi\/wp-json\/wp\/v2\/media?parent=53423"}],"wp:term":[{"taxonomy":"product_brand","embeddable":true,"href":"https:\/\/rodoaed.ee\/fi\/wp-json\/wp\/v2\/product_brand?post=53423"},{"taxonomy":"product_cat","embeddable":true,"href":"https:\/\/rodoaed.ee\/fi\/wp-json\/wp\/v2\/product_cat?post=53423"},{"taxonomy":"product_tag","embeddable":true,"href":"https:\/\/rodoaed.ee\/fi\/wp-json\/wp\/v2\/product_tag?post=53423"}],"curies":[{"name":"wp","href":"https:\/\/api.w.org\/{rel}","templated":true}]}}