{"id":53424,"date":"2019-08-02T12:48:57","date_gmt":"2019-08-02T09:48:57","guid":{"rendered":"https:\/\/rodoaed.ee\/toode\/hengittava-teippi-pol-levyn-reunaan-33m\/"},"modified":"2026-04-13T11:05:44","modified_gmt":"2026-04-13T08:05:44","slug":"hengittava-teippi-pol-levyn-reunaan-33m","status":"publish","type":"product","link":"https:\/\/rodoaed.ee\/fi\/tuote\/hengittava-teippi-pol-levyn-reunaan-33m\/","title":{"rendered":"Hengitt\u00e4v\u00e4 teippi pol.levyn reunaan, 33m"},"content":{"rendered":"<h3>Hengitt\u00e4v\u00e4 sininen teippi polykarbonaattilevyn reunaliimaukseen<\/h3>\n<p>Rulla 33m<\/p>\n<p>Kaikki belgialaiset Euro-Serre- ja Hobby-kasvihuoneet toimitetaan suljetulla polykarbonaattilevyll\u00e4. T\u00e4m\u00e4 tarkoittaa, ett\u00e4 laatat pysyv\u00e4t kauniina ja kirkkaina monta vuotta, ja ne my\u00f6s pid\u00e4tt\u00e4v\u00e4t l\u00e4mp\u00f6\u00e4 paljon paremmin kuin perinteiset avoimet laatat. <\/p>\n<p>Jos laatat ovat irti p\u00e4ist\u00e4\u00e4n, lika, p\u00f6ly ja hy\u00f6nteiset p\u00e4\u00e4sev\u00e4t helposti sis\u00e4\u00e4n, ja laatat kasvavat lev\u00e4\u00e4 ja likaantuvat vuosien mittaan. Nyt voit tiivist\u00e4\u00e4 kasvihuoneesi laatat kunnolla, vaikka olisit rakentanut kasvihuoneesi itse tai ostanut laatat muualta. Teipit ovat yleisp\u00e4tevi\u00e4.  <\/p>\n<p>Levyn yl\u00e4p\u00e4\u00e4t tiivistet\u00e4\u00e4n alumiiniteipill\u00e4 ja alap\u00e4\u00e4t hengitt\u00e4v\u00e4ll\u00e4 sinisell\u00e4 teipill\u00e4. Kosteutta p\u00e4\u00e4see aina laatan sis\u00e4\u00e4n, mutta on t\u00e4rke\u00e4\u00e4, ett\u00e4 se p\u00e4\u00e4see haihtumaan ulos. <\/p>\n<p>Teipit soveltuvat enint\u00e4\u00e4n 10 mm paksujen laattojen tiivist\u00e4miseen.<\/p>\n<p><a href=\"https:\/\/rodoaed.ee\/fi\/\">kotisivu<\/a> <a href=\"https:\/\/rodoaed.ee\/tootekategooria\/kasvuhooned-ja-talveaiad\/\">k\u00e4ynnist\u00e4<\/a> <a href=\"https:\/\/rodoaed.ee\/fi\/tootekategooria\/euro-serren-kasvihuoneet\/\">Euro-Serre <\/a><a href=\"https:\/\/rodoaed.ee\/fi\/tootekategooria\/kasvihuoneen-tarvikkeet\/\">tarvikkeet<\/a> <a href=\"https:\/\/rodoaed.ee\/fi\/tootekategooria\/kasvihuoneen-tarvikkeet\/kasvihuoneen-tarvikkeet-2\/\">tarvikkeet<\/a><\/p>\n<div>\n<div><\/div>\n<\/div>\n","protected":false},"excerpt":{"rendered":"<p>Hengitt\u00e4v\u00e4 sininen teippi polykarbonaattilevyn reunaliimaukseen Rulla 33m Kaikki belgialaiset Euro-Serre- ja Hobby-kasvihuoneet toimitetaan suljetulla polykarbonaattilevyll\u00e4. T\u00e4m\u00e4 tarkoittaa, ett\u00e4 laatat pysyv\u00e4t kauniina ja kirkkaina monta vuotta, ja ne my\u00f6s pid\u00e4tt\u00e4v\u00e4t l\u00e4mp\u00f6\u00e4 paljon paremmin kuin perinteiset avoimet laatat. Jos laatat ovat irti p\u00e4ist\u00e4\u00e4n, lika, p\u00f6ly ja hy\u00f6nteiset p\u00e4\u00e4sev\u00e4t helposti sis\u00e4\u00e4n, ja laatat kasvavat lev\u00e4\u00e4 ja likaantuvat vuosien mittaan. Nyt voit tiivist\u00e4\u00e4 kasvihuoneesi laatat kunnolla, vaikka olisit rakentanut&#8230;<\/p>\n","protected":false},"featured_media":18270,"template":"","meta":{"_acf_changed":false},"product_brand":[],"product_cat":[1907,2272,2276,1869],"product_tag":[],"class_list":{"0":"post-53424","1":"product","2":"type-product","3":"status-publish","4":"has-post-thumbnail","6":"product_cat-euro-serren-kasvihuoneet","7":"product_cat-euro-serre-kasvihuonetarvikkeet","8":"product_cat-kasvihuoneen-tarvikkeet-2","9":"product_cat-kasvihuoneen-tarvikkeet","10":"product_shipping_class-toimitus-1-3-tyopaivan-kuluessa","11":"pa_variatsioon-hengittava-teippi-pol-levyn-reunaan-33m","13":"first","14":"instock","15":"sale","16":"taxable","17":"shipping-taxable","18":"purchasable","19":"product-type-simple"},"acf":[],"yoast_head":"<!-- This site is optimized with the Yoast SEO Premium plugin v27.3 (Yoast SEO v27.3) - https:\/\/yoast.com\/product\/yoast-seo-premium-wordpress\/ -->\n<title>Hengitt\u00e4v\u00e4 teippi pol.levyn reunaan, 33m - Rodoaed<\/title>\n<meta name=\"description\" content=\"Hengitt\u00e4v\u00e4 sininen teippi polykarbonaattilevyn reunan tiivist\u00e4miseen. Laatat pysyv\u00e4t kauniina ja kirkkaina monta vuotta ja pit\u00e4v\u00e4t l\u00e4mpim\u00e4n\u00e4 paljon paremmin.\" \/>\n<meta name=\"robots\" content=\"index, follow, max-snippet:-1, max-image-preview:large, max-video-preview:-1\" \/>\n<link rel=\"canonical\" href=\"https:\/\/rodoaed.ee\/fi\/toode\/hengittava-teippi-pol-levyn-reunaan-33m\/\" \/>\n<meta property=\"og:locale\" content=\"fi_FI\" \/>\n<meta property=\"og:type\" content=\"article\" \/>\n<meta property=\"og:title\" content=\"Hengitt\u00e4v\u00e4 teippi pol.levyn reunaan, 33m\" \/>\n<meta property=\"og:description\" content=\"Hengitt\u00e4v\u00e4 sininen teippi polykarbonaattilevyn reunaliimaukseen Rulla 33m Kaikki belgialaiset Euro-Serre- ja Hobby-kasvihuoneet toimitetaan suljetulla\" \/>\n<meta property=\"og:url\" content=\"https:\/\/rodoaed.ee\/fi\/toode\/hengittava-teippi-pol-levyn-reunaan-33m\/\" \/>\n<meta property=\"og:site_name\" content=\"Rodoaed\" \/>\n<meta property=\"article:publisher\" content=\"https:\/\/www.facebook.com\/kasvuhooned\/\" \/>\n<meta property=\"article:modified_time\" content=\"2026-04-13T08:05:44+00:00\" \/>\n<meta property=\"og:image\" content=\"https:\/\/rodoaed.ee\/wp-content\/uploads\/2019\/07\/plaadi-teibid_s.jpg\" \/>\n\t<meta property=\"og:image:width\" content=\"4343\" \/>\n\t<meta property=\"og:image:height\" content=\"2896\" \/>\n\t<meta property=\"og:image:type\" content=\"image\/jpeg\" \/>\n<meta name=\"twitter:card\" content=\"summary_large_image\" \/>\n<meta name=\"twitter:label1\" content=\"Arvioitu lukuaika\" \/>\n\t<meta name=\"twitter:data1\" content=\"1 minuutti\" \/>\n<script type=\"application\/ld+json\" class=\"yoast-schema-graph\">{\"@context\":\"https:\\\/\\\/schema.org\",\"@graph\":[{\"@type\":\"WebPage\",\"@id\":\"https:\\\/\\\/rodoaed.ee\\\/fi\\\/toode\\\/hengittava-teippi-pol-levyn-reunaan-33m\\\/\",\"url\":\"https:\\\/\\\/rodoaed.ee\\\/fi\\\/toode\\\/hengittava-teippi-pol-levyn-reunaan-33m\\\/\",\"name\":\"Hengitt\u00e4v\u00e4 teippi pol.levyn reunaan, 33m - Rodoaed\",\"isPartOf\":{\"@id\":\"https:\\\/\\\/rodoaed.ee\\\/#website\"},\"primaryImageOfPage\":{\"@id\":\"https:\\\/\\\/rodoaed.ee\\\/fi\\\/toode\\\/hengittava-teippi-pol-levyn-reunaan-33m\\\/#primaryimage\"},\"image\":{\"@id\":\"https:\\\/\\\/rodoaed.ee\\\/fi\\\/toode\\\/hengittava-teippi-pol-levyn-reunaan-33m\\\/#primaryimage\"},\"thumbnailUrl\":\"https:\\\/\\\/rodoaed.ee\\\/wp-content\\\/uploads\\\/2019\\\/07\\\/plaadi-teibid_s.jpg\",\"datePublished\":\"2019-08-02T09:48:57+00:00\",\"dateModified\":\"2026-04-13T08:05:44+00:00\",\"description\":\"Hengitt\u00e4v\u00e4 sininen teippi polykarbonaattilevyn reunan tiivist\u00e4miseen. Laatat pysyv\u00e4t kauniina ja kirkkaina monta vuotta ja pit\u00e4v\u00e4t l\u00e4mpim\u00e4n\u00e4 paljon paremmin.\",\"breadcrumb\":{\"@id\":\"https:\\\/\\\/rodoaed.ee\\\/fi\\\/toode\\\/hengittava-teippi-pol-levyn-reunaan-33m\\\/#breadcrumb\"},\"inLanguage\":\"fi\",\"potentialAction\":[{\"@type\":\"ReadAction\",\"target\":[\"https:\\\/\\\/rodoaed.ee\\\/fi\\\/toode\\\/hengittava-teippi-pol-levyn-reunaan-33m\\\/\"]}]},{\"@type\":\"ImageObject\",\"inLanguage\":\"fi\",\"@id\":\"https:\\\/\\\/rodoaed.ee\\\/fi\\\/toode\\\/hengittava-teippi-pol-levyn-reunaan-33m\\\/#primaryimage\",\"url\":\"https:\\\/\\\/rodoaed.ee\\\/wp-content\\\/uploads\\\/2019\\\/07\\\/plaadi-teibid_s.jpg\",\"contentUrl\":\"https:\\\/\\\/rodoaed.ee\\\/wp-content\\\/uploads\\\/2019\\\/07\\\/plaadi-teibid_s.jpg\",\"width\":4343,\"height\":2896},{\"@type\":\"BreadcrumbList\",\"@id\":\"https:\\\/\\\/rodoaed.ee\\\/fi\\\/toode\\\/hengittava-teippi-pol-levyn-reunaan-33m\\\/#breadcrumb\",\"itemListElement\":[{\"@type\":\"ListItem\",\"position\":1,\"name\":\"Home\",\"item\":\"https:\\\/\\\/rodoaed.ee\\\/fi\\\/\"},{\"@type\":\"ListItem\",\"position\":2,\"name\":\"Osta osoitteessa\",\"item\":\"https:\\\/\\\/rodoaed.ee\\\/osta-osoitteessa\\\/\"},{\"@type\":\"ListItem\",\"position\":3,\"name\":\"Hengitt\u00e4v\u00e4 teippi pol.levyn reunaan, 33m\"}]},{\"@type\":\"WebSite\",\"@id\":\"https:\\\/\\\/rodoaed.ee\\\/#website\",\"url\":\"https:\\\/\\\/rodoaed.ee\\\/\",\"name\":\"Rodoaed\",\"description\":\"\",\"publisher\":{\"@id\":\"https:\\\/\\\/rodoaed.ee\\\/#organization\"},\"potentialAction\":[{\"@type\":\"SearchAction\",\"target\":{\"@type\":\"EntryPoint\",\"urlTemplate\":\"https:\\\/\\\/rodoaed.ee\\\/?s={search_term_string}\"},\"query-input\":{\"@type\":\"PropertyValueSpecification\",\"valueRequired\":true,\"valueName\":\"search_term_string\"}}],\"inLanguage\":\"fi\"},{\"@type\":\"Organization\",\"@id\":\"https:\\\/\\\/rodoaed.ee\\\/#organization\",\"name\":\"Rodoaed\",\"url\":\"https:\\\/\\\/rodoaed.ee\\\/\",\"logo\":{\"@type\":\"ImageObject\",\"inLanguage\":\"fi\",\"@id\":\"https:\\\/\\\/rodoaed.ee\\\/#\\\/schema\\\/logo\\\/image\\\/\",\"url\":\"https:\\\/\\\/rodoaed.ee\\\/wp-content\\\/uploads\\\/2019\\\/11\\\/rodoaed-logo-ilma-taustata.jpg\",\"contentUrl\":\"https:\\\/\\\/rodoaed.ee\\\/wp-content\\\/uploads\\\/2019\\\/11\\\/rodoaed-logo-ilma-taustata.jpg\",\"width\":769,\"height\":268,\"caption\":\"Rodoaed\"},\"image\":{\"@id\":\"https:\\\/\\\/rodoaed.ee\\\/#\\\/schema\\\/logo\\\/image\\\/\"},\"sameAs\":[\"https:\\\/\\\/www.facebook.com\\\/kasvuhooned\\\/\",\"https:\\\/\\\/rodoaed.ee\"]}]}<\/script>\n<!-- \/ Yoast SEO Premium plugin. -->","yoast_head_json":{"title":"Hengitt\u00e4v\u00e4 teippi pol.levyn reunaan, 33m - Rodoaed","description":"Hengitt\u00e4v\u00e4 sininen teippi polykarbonaattilevyn reunan tiivist\u00e4miseen. Laatat pysyv\u00e4t kauniina ja kirkkaina monta vuotta ja pit\u00e4v\u00e4t l\u00e4mpim\u00e4n\u00e4 paljon paremmin.","robots":{"index":"index","follow":"follow","max-snippet":"max-snippet:-1","max-image-preview":"max-image-preview:large","max-video-preview":"max-video-preview:-1"},"canonical":"https:\/\/rodoaed.ee\/fi\/toode\/hengittava-teippi-pol-levyn-reunaan-33m\/","og_locale":"fi_FI","og_type":"article","og_title":"Hengitt\u00e4v\u00e4 teippi pol.levyn reunaan, 33m","og_description":"Hengitt\u00e4v\u00e4 sininen teippi polykarbonaattilevyn reunaliimaukseen Rulla 33m Kaikki belgialaiset Euro-Serre- ja Hobby-kasvihuoneet toimitetaan suljetulla","og_url":"https:\/\/rodoaed.ee\/fi\/toode\/hengittava-teippi-pol-levyn-reunaan-33m\/","og_site_name":"Rodoaed","article_publisher":"https:\/\/www.facebook.com\/kasvuhooned\/","article_modified_time":"2026-04-13T08:05:44+00:00","og_image":[{"width":4343,"height":2896,"url":"https:\/\/rodoaed.ee\/wp-content\/uploads\/2019\/07\/plaadi-teibid_s.jpg","type":"image\/jpeg"}],"twitter_card":"summary_large_image","twitter_misc":{"Arvioitu lukuaika":"1 minuutti"},"schema":{"@context":"https:\/\/schema.org","@graph":[{"@type":"WebPage","@id":"https:\/\/rodoaed.ee\/fi\/toode\/hengittava-teippi-pol-levyn-reunaan-33m\/","url":"https:\/\/rodoaed.ee\/fi\/toode\/hengittava-teippi-pol-levyn-reunaan-33m\/","name":"Hengitt\u00e4v\u00e4 teippi pol.levyn reunaan, 33m - Rodoaed","isPartOf":{"@id":"https:\/\/rodoaed.ee\/#website"},"primaryImageOfPage":{"@id":"https:\/\/rodoaed.ee\/fi\/toode\/hengittava-teippi-pol-levyn-reunaan-33m\/#primaryimage"},"image":{"@id":"https:\/\/rodoaed.ee\/fi\/toode\/hengittava-teippi-pol-levyn-reunaan-33m\/#primaryimage"},"thumbnailUrl":"https:\/\/rodoaed.ee\/wp-content\/uploads\/2019\/07\/plaadi-teibid_s.jpg","datePublished":"2019-08-02T09:48:57+00:00","dateModified":"2026-04-13T08:05:44+00:00","description":"Hengitt\u00e4v\u00e4 sininen teippi polykarbonaattilevyn reunan tiivist\u00e4miseen. Laatat pysyv\u00e4t kauniina ja kirkkaina monta vuotta ja pit\u00e4v\u00e4t l\u00e4mpim\u00e4n\u00e4 paljon paremmin.","breadcrumb":{"@id":"https:\/\/rodoaed.ee\/fi\/toode\/hengittava-teippi-pol-levyn-reunaan-33m\/#breadcrumb"},"inLanguage":"fi","potentialAction":[{"@type":"ReadAction","target":["https:\/\/rodoaed.ee\/fi\/toode\/hengittava-teippi-pol-levyn-reunaan-33m\/"]}]},{"@type":"ImageObject","inLanguage":"fi","@id":"https:\/\/rodoaed.ee\/fi\/toode\/hengittava-teippi-pol-levyn-reunaan-33m\/#primaryimage","url":"https:\/\/rodoaed.ee\/wp-content\/uploads\/2019\/07\/plaadi-teibid_s.jpg","contentUrl":"https:\/\/rodoaed.ee\/wp-content\/uploads\/2019\/07\/plaadi-teibid_s.jpg","width":4343,"height":2896},{"@type":"BreadcrumbList","@id":"https:\/\/rodoaed.ee\/fi\/toode\/hengittava-teippi-pol-levyn-reunaan-33m\/#breadcrumb","itemListElement":[{"@type":"ListItem","position":1,"name":"Home","item":"https:\/\/rodoaed.ee\/fi\/"},{"@type":"ListItem","position":2,"name":"Osta osoitteessa","item":"https:\/\/rodoaed.ee\/osta-osoitteessa\/"},{"@type":"ListItem","position":3,"name":"Hengitt\u00e4v\u00e4 teippi pol.levyn reunaan, 33m"}]},{"@type":"WebSite","@id":"https:\/\/rodoaed.ee\/#website","url":"https:\/\/rodoaed.ee\/","name":"Rodoaed","description":"","publisher":{"@id":"https:\/\/rodoaed.ee\/#organization"},"potentialAction":[{"@type":"SearchAction","target":{"@type":"EntryPoint","urlTemplate":"https:\/\/rodoaed.ee\/?s={search_term_string}"},"query-input":{"@type":"PropertyValueSpecification","valueRequired":true,"valueName":"search_term_string"}}],"inLanguage":"fi"},{"@type":"Organization","@id":"https:\/\/rodoaed.ee\/#organization","name":"Rodoaed","url":"https:\/\/rodoaed.ee\/","logo":{"@type":"ImageObject","inLanguage":"fi","@id":"https:\/\/rodoaed.ee\/#\/schema\/logo\/image\/","url":"https:\/\/rodoaed.ee\/wp-content\/uploads\/2019\/11\/rodoaed-logo-ilma-taustata.jpg","contentUrl":"https:\/\/rodoaed.ee\/wp-content\/uploads\/2019\/11\/rodoaed-logo-ilma-taustata.jpg","width":769,"height":268,"caption":"Rodoaed"},"image":{"@id":"https:\/\/rodoaed.ee\/#\/schema\/logo\/image\/"},"sameAs":["https:\/\/www.facebook.com\/kasvuhooned\/","https:\/\/rodoaed.ee"]}]}},"_links":{"self":[{"href":"https:\/\/rodoaed.ee\/fi\/wp-json\/wp\/v2\/product\/53424","targetHints":{"allow":["GET"]}}],"collection":[{"href":"https:\/\/rodoaed.ee\/fi\/wp-json\/wp\/v2\/product"}],"about":[{"href":"https:\/\/rodoaed.ee\/fi\/wp-json\/wp\/v2\/types\/product"}],"wp:featuredmedia":[{"embeddable":true,"href":"https:\/\/rodoaed.ee\/fi\/wp-json\/wp\/v2\/media\/18270"}],"wp:attachment":[{"href":"https:\/\/rodoaed.ee\/fi\/wp-json\/wp\/v2\/media?parent=53424"}],"wp:term":[{"taxonomy":"product_brand","embeddable":true,"href":"https:\/\/rodoaed.ee\/fi\/wp-json\/wp\/v2\/product_brand?post=53424"},{"taxonomy":"product_cat","embeddable":true,"href":"https:\/\/rodoaed.ee\/fi\/wp-json\/wp\/v2\/product_cat?post=53424"},{"taxonomy":"product_tag","embeddable":true,"href":"https:\/\/rodoaed.ee\/fi\/wp-json\/wp\/v2\/product_tag?post=53424"}],"curies":[{"name":"wp","href":"https:\/\/api.w.org\/{rel}","templated":true}]}}