{"id":53427,"date":"2019-08-02T12:49:17","date_gmt":"2019-08-02T09:49:17","guid":{"rendered":"https:\/\/rodoaed.ee\/toode\/pesalaatikko-1n\/"},"modified":"2026-04-13T11:05:51","modified_gmt":"2026-04-13T08:05:51","slug":"pesalaatikko-1n","status":"publish","type":"product","link":"https:\/\/rodoaed.ee\/fi\/tuote\/pesalaatikko-1n\/","title":{"rendered":"Pes\u00e4laatikko 1N"},"content":{"rendered":"<h2>Pes\u00e4kotelo 1N on suunniteltu puoliavoimissa pes\u00e4koloissa ja koukuissa pesiville linnuille, jotka saavat parhaan mahdollisen suojan saalistajia vastaan.<\/h2>\n<p>Avoimien ja puoliavoimien pesim\u00e4lintujen pes\u00e4t ovat suhteellisen suojattuja, jos alueella on paljon kissoja, tiaisia tai harakoita.<\/p>\n<p>Puoliavoimessa 1N-pes\u00e4kotelossa on kaksi aukkoa ja irrotettava puinen pohja. N\u00e4in ollen se tarjoaa erinomaisen suojan linnuille. Kahden sis\u00e4\u00e4nk\u00e4yntiaukon ansiosta pes\u00e4n sis\u00e4ll\u00e4 on hyv\u00e4 valaistus, joten se sopii erinomaisesti varjoisissa paikoissa asuville linnuille.  <\/p>\n<p>&nbsp;<\/p>\n<p><strong>Pes\u00e4laatikon asennus:<\/strong><\/p>\n<p>K\u00e4yt\u00e4 kiinnitt\u00e4miseen mukana toimitettua alumiininaulaa ja ripustuskoukkua. Kiinnityskorvakkeiden avulla pes\u00e4laatikko voidaan ripustaa joko p\u00e4\u00e4 edell\u00e4 puun runkoa vasten tai sivuttain.  <\/p>\n<p><strong>Puhdistus ja tarkastus:<\/strong><\/p>\n<p>Helppo puhdistaa ja tarkastaa irrotettavan etupaneelin ansiosta<\/p>\n<p><strong>Materiaali:<\/strong><\/p>\n<p>SCHWEGLER ilmaa l\u00e4p\u00e4isev\u00e4 ja pitk\u00e4ik\u00e4inen puubetoni<\/p>\n<p><strong>Setti sis\u00e4lt\u00e4\u00e4:<\/strong><\/p>\n<ul>\n<li>Pes\u00e4laatikko, jossa on irrotettava etupaneeli<\/li>\n<li>Sinkitty ter\u00e4skiinnike &#8211; mets\u00e4taloushyv\u00e4ksytty (alumiininaulalla).<\/li>\n<li>puinen pes\u00e4kammion pohja<\/li>\n<\/ul>\n<p>&nbsp;<\/p>\n<p><strong>Ilmareikien koko:<\/strong><strong><\/p>\n<p><\/strong>kaksi reik\u00e4\u00e4, joiden koko on 30 x 50 mm<\/p>\n<p><strong>Kuka t\u00e4ytt\u00e4\u00e4 pes\u00e4kotelon:<\/strong><\/p>\n<p><em><em><em>Lepidoptera, punakylkirastas, k\u00e4pytikka, mustakurkku-uikkutikka, mustakurkku-uikkutikka.<\/em><\/em><\/em><\/p>\n<p><strong>Pes\u00e4kotelon paino: <\/strong>5,6 kg<\/p>\n<p><img loading=\"lazy\" decoding=\"async\" class=\"alignnone size-medium-single-product wp-image-5762\" title=\"\" src=\"https:\/\/www.rodoaed.ee\/wp-content\/uploads\/2014\/01\/pesakast-1N_158_07-200x150.jpg\" alt=\"\" width=\"200\" height=\"150\"><\/p>\n<p><em><\/p>\n<p><\/em><\/p>\n","protected":false},"excerpt":{"rendered":"<p>Pes\u00e4kotelo 1N on suunniteltu puoliavoimissa pes\u00e4koloissa ja koukuissa pesiville linnuille, jotka saavat parhaan mahdollisen suojan saalistajia vastaan. Avoimien ja puoliavoimien pesim\u00e4lintujen pes\u00e4t ovat suhteellisen suojattuja, jos alueella on paljon kissoja, tiaisia tai harakoita. Puoliavoimessa 1N-pes\u00e4kotelossa on kaksi aukkoa ja irrotettava puinen pohja. N\u00e4in ollen se tarjoaa erinomaisen suojan linnuille. Kahden sis\u00e4\u00e4nk\u00e4yntiaukon ansiosta pes\u00e4n sis\u00e4ll\u00e4 on hyv\u00e4 valaistus, joten se sopii erinomaisesti varjoisissa paikoissa asuville linnuille&#8230;.<\/p>\n","protected":false},"featured_media":18241,"template":"","meta":{"_acf_changed":false},"product_brand":[],"product_cat":[1928,1935,1851],"product_tag":[],"class_list":{"0":"post-53427","1":"product","2":"type-product","3":"status-publish","4":"has-post-thumbnail","6":"product_cat-avoimet-pesalaatikot-lepidoptera-punarintaiset-hedelmalinnut-kaki-pensastasku-pensastasku-varpuspollo-varpuspollo-varpuspollo","7":"product_cat-harrastepuutarhan-pesalaatikot","8":"product_cat-pesakotelot","9":"pa_variatsioon-pesalaatikko-1n-talla-hetkella-loppu-varastosta","11":"first","12":"outofstock","13":"sale","14":"taxable","15":"shipping-taxable","16":"purchasable","17":"product-type-simple"},"acf":[],"yoast_head":"<!-- This site is optimized with the Yoast SEO Premium plugin v27.3 (Yoast SEO v27.3) - https:\/\/yoast.com\/product\/yoast-seo-premium-wordpress\/ -->\n<title>Pes\u00e4laatikko 1N - Rodoaed<\/title>\n<meta name=\"robots\" content=\"index, follow, max-snippet:-1, max-image-preview:large, max-video-preview:-1\" \/>\n<link rel=\"canonical\" href=\"https:\/\/rodoaed.ee\/toode\/pesalaatikko-1n\/\" \/>\n<meta property=\"og:locale\" content=\"fi_FI\" \/>\n<meta property=\"og:type\" content=\"article\" \/>\n<meta property=\"og:title\" content=\"Pes\u00e4laatikko 1N\" \/>\n<meta property=\"og:description\" content=\"Pes\u00e4kotelo 1N on suunniteltu puoliavoimissa pes\u00e4koloissa ja koukuissa pesiville linnuille, jotka saavat parhaan mahdollisen suojan saalistajia vastaan.\" \/>\n<meta property=\"og:url\" content=\"https:\/\/rodoaed.ee\/toode\/pesalaatikko-1n\/\" \/>\n<meta property=\"og:site_name\" content=\"Rodoaed\" \/>\n<meta property=\"article:publisher\" content=\"https:\/\/www.facebook.com\/kasvuhooned\/\" \/>\n<meta property=\"article:modified_time\" content=\"2026-04-13T08:05:51+00:00\" \/>\n<meta name=\"twitter:card\" content=\"summary_large_image\" \/>\n<meta name=\"twitter:label1\" content=\"Arvioitu lukuaika\" \/>\n\t<meta name=\"twitter:data1\" content=\"1 minuutti\" \/>\n<script type=\"application\/ld+json\" class=\"yoast-schema-graph\">{\"@context\":\"https:\\\/\\\/schema.org\",\"@graph\":[{\"@type\":\"WebPage\",\"@id\":\"https:\\\/\\\/rodoaed.ee\\\/toode\\\/pesalaatikko-1n\\\/\",\"url\":\"https:\\\/\\\/rodoaed.ee\\\/toode\\\/pesalaatikko-1n\\\/\",\"name\":\"Pes\u00e4laatikko 1N - Rodoaed\",\"isPartOf\":{\"@id\":\"https:\\\/\\\/rodoaed.ee\\\/#website\"},\"primaryImageOfPage\":{\"@id\":\"https:\\\/\\\/rodoaed.ee\\\/toode\\\/pesalaatikko-1n\\\/#primaryimage\"},\"image\":{\"@id\":\"https:\\\/\\\/rodoaed.ee\\\/toode\\\/pesalaatikko-1n\\\/#primaryimage\"},\"thumbnailUrl\":\"https:\\\/\\\/rodoaed.ee\\\/wp-content\\\/uploads\\\/2019\\\/07\\\/pesakast-1N_158_10.jpg\",\"datePublished\":\"2019-08-02T09:49:17+00:00\",\"dateModified\":\"2026-04-13T08:05:51+00:00\",\"breadcrumb\":{\"@id\":\"https:\\\/\\\/rodoaed.ee\\\/toode\\\/pesalaatikko-1n\\\/#breadcrumb\"},\"inLanguage\":\"fi\",\"potentialAction\":[{\"@type\":\"ReadAction\",\"target\":[\"https:\\\/\\\/rodoaed.ee\\\/toode\\\/pesalaatikko-1n\\\/\"]}]},{\"@type\":\"ImageObject\",\"inLanguage\":\"fi\",\"@id\":\"https:\\\/\\\/rodoaed.ee\\\/toode\\\/pesalaatikko-1n\\\/#primaryimage\",\"url\":\"https:\\\/\\\/rodoaed.ee\\\/wp-content\\\/uploads\\\/2019\\\/07\\\/pesakast-1N_158_10.jpg\",\"contentUrl\":\"https:\\\/\\\/rodoaed.ee\\\/wp-content\\\/uploads\\\/2019\\\/07\\\/pesakast-1N_158_10.jpg\",\"width\":1145,\"height\":1386},{\"@type\":\"BreadcrumbList\",\"@id\":\"https:\\\/\\\/rodoaed.ee\\\/toode\\\/pesalaatikko-1n\\\/#breadcrumb\",\"itemListElement\":[{\"@type\":\"ListItem\",\"position\":1,\"name\":\"Home\",\"item\":\"https:\\\/\\\/rodoaed.ee\\\/fi\\\/\"},{\"@type\":\"ListItem\",\"position\":2,\"name\":\"Osta osoitteessa\",\"item\":\"https:\\\/\\\/rodoaed.ee\\\/osta-osoitteessa\\\/\"},{\"@type\":\"ListItem\",\"position\":3,\"name\":\"Pes\u00e4laatikko 1N\"}]},{\"@type\":\"WebSite\",\"@id\":\"https:\\\/\\\/rodoaed.ee\\\/#website\",\"url\":\"https:\\\/\\\/rodoaed.ee\\\/\",\"name\":\"Rodoaed\",\"description\":\"\",\"publisher\":{\"@id\":\"https:\\\/\\\/rodoaed.ee\\\/#organization\"},\"potentialAction\":[{\"@type\":\"SearchAction\",\"target\":{\"@type\":\"EntryPoint\",\"urlTemplate\":\"https:\\\/\\\/rodoaed.ee\\\/?s={search_term_string}\"},\"query-input\":{\"@type\":\"PropertyValueSpecification\",\"valueRequired\":true,\"valueName\":\"search_term_string\"}}],\"inLanguage\":\"fi\"},{\"@type\":\"Organization\",\"@id\":\"https:\\\/\\\/rodoaed.ee\\\/#organization\",\"name\":\"Rodoaed\",\"url\":\"https:\\\/\\\/rodoaed.ee\\\/\",\"logo\":{\"@type\":\"ImageObject\",\"inLanguage\":\"fi\",\"@id\":\"https:\\\/\\\/rodoaed.ee\\\/#\\\/schema\\\/logo\\\/image\\\/\",\"url\":\"https:\\\/\\\/rodoaed.ee\\\/wp-content\\\/uploads\\\/2019\\\/11\\\/rodoaed-logo-ilma-taustata.jpg\",\"contentUrl\":\"https:\\\/\\\/rodoaed.ee\\\/wp-content\\\/uploads\\\/2019\\\/11\\\/rodoaed-logo-ilma-taustata.jpg\",\"width\":769,\"height\":268,\"caption\":\"Rodoaed\"},\"image\":{\"@id\":\"https:\\\/\\\/rodoaed.ee\\\/#\\\/schema\\\/logo\\\/image\\\/\"},\"sameAs\":[\"https:\\\/\\\/www.facebook.com\\\/kasvuhooned\\\/\",\"https:\\\/\\\/rodoaed.ee\"]}]}<\/script>\n<!-- \/ Yoast SEO Premium plugin. -->","yoast_head_json":{"title":"Pes\u00e4laatikko 1N - Rodoaed","robots":{"index":"index","follow":"follow","max-snippet":"max-snippet:-1","max-image-preview":"max-image-preview:large","max-video-preview":"max-video-preview:-1"},"canonical":"https:\/\/rodoaed.ee\/toode\/pesalaatikko-1n\/","og_locale":"fi_FI","og_type":"article","og_title":"Pes\u00e4laatikko 1N","og_description":"Pes\u00e4kotelo 1N on suunniteltu puoliavoimissa pes\u00e4koloissa ja koukuissa pesiville linnuille, jotka saavat parhaan mahdollisen suojan saalistajia vastaan.","og_url":"https:\/\/rodoaed.ee\/toode\/pesalaatikko-1n\/","og_site_name":"Rodoaed","article_publisher":"https:\/\/www.facebook.com\/kasvuhooned\/","article_modified_time":"2026-04-13T08:05:51+00:00","twitter_card":"summary_large_image","twitter_misc":{"Arvioitu lukuaika":"1 minuutti"},"schema":{"@context":"https:\/\/schema.org","@graph":[{"@type":"WebPage","@id":"https:\/\/rodoaed.ee\/toode\/pesalaatikko-1n\/","url":"https:\/\/rodoaed.ee\/toode\/pesalaatikko-1n\/","name":"Pes\u00e4laatikko 1N - Rodoaed","isPartOf":{"@id":"https:\/\/rodoaed.ee\/#website"},"primaryImageOfPage":{"@id":"https:\/\/rodoaed.ee\/toode\/pesalaatikko-1n\/#primaryimage"},"image":{"@id":"https:\/\/rodoaed.ee\/toode\/pesalaatikko-1n\/#primaryimage"},"thumbnailUrl":"https:\/\/rodoaed.ee\/wp-content\/uploads\/2019\/07\/pesakast-1N_158_10.jpg","datePublished":"2019-08-02T09:49:17+00:00","dateModified":"2026-04-13T08:05:51+00:00","breadcrumb":{"@id":"https:\/\/rodoaed.ee\/toode\/pesalaatikko-1n\/#breadcrumb"},"inLanguage":"fi","potentialAction":[{"@type":"ReadAction","target":["https:\/\/rodoaed.ee\/toode\/pesalaatikko-1n\/"]}]},{"@type":"ImageObject","inLanguage":"fi","@id":"https:\/\/rodoaed.ee\/toode\/pesalaatikko-1n\/#primaryimage","url":"https:\/\/rodoaed.ee\/wp-content\/uploads\/2019\/07\/pesakast-1N_158_10.jpg","contentUrl":"https:\/\/rodoaed.ee\/wp-content\/uploads\/2019\/07\/pesakast-1N_158_10.jpg","width":1145,"height":1386},{"@type":"BreadcrumbList","@id":"https:\/\/rodoaed.ee\/toode\/pesalaatikko-1n\/#breadcrumb","itemListElement":[{"@type":"ListItem","position":1,"name":"Home","item":"https:\/\/rodoaed.ee\/fi\/"},{"@type":"ListItem","position":2,"name":"Osta osoitteessa","item":"https:\/\/rodoaed.ee\/osta-osoitteessa\/"},{"@type":"ListItem","position":3,"name":"Pes\u00e4laatikko 1N"}]},{"@type":"WebSite","@id":"https:\/\/rodoaed.ee\/#website","url":"https:\/\/rodoaed.ee\/","name":"Rodoaed","description":"","publisher":{"@id":"https:\/\/rodoaed.ee\/#organization"},"potentialAction":[{"@type":"SearchAction","target":{"@type":"EntryPoint","urlTemplate":"https:\/\/rodoaed.ee\/?s={search_term_string}"},"query-input":{"@type":"PropertyValueSpecification","valueRequired":true,"valueName":"search_term_string"}}],"inLanguage":"fi"},{"@type":"Organization","@id":"https:\/\/rodoaed.ee\/#organization","name":"Rodoaed","url":"https:\/\/rodoaed.ee\/","logo":{"@type":"ImageObject","inLanguage":"fi","@id":"https:\/\/rodoaed.ee\/#\/schema\/logo\/image\/","url":"https:\/\/rodoaed.ee\/wp-content\/uploads\/2019\/11\/rodoaed-logo-ilma-taustata.jpg","contentUrl":"https:\/\/rodoaed.ee\/wp-content\/uploads\/2019\/11\/rodoaed-logo-ilma-taustata.jpg","width":769,"height":268,"caption":"Rodoaed"},"image":{"@id":"https:\/\/rodoaed.ee\/#\/schema\/logo\/image\/"},"sameAs":["https:\/\/www.facebook.com\/kasvuhooned\/","https:\/\/rodoaed.ee"]}]}},"_links":{"self":[{"href":"https:\/\/rodoaed.ee\/fi\/wp-json\/wp\/v2\/product\/53427","targetHints":{"allow":["GET"]}}],"collection":[{"href":"https:\/\/rodoaed.ee\/fi\/wp-json\/wp\/v2\/product"}],"about":[{"href":"https:\/\/rodoaed.ee\/fi\/wp-json\/wp\/v2\/types\/product"}],"wp:featuredmedia":[{"embeddable":true,"href":"https:\/\/rodoaed.ee\/fi\/wp-json\/wp\/v2\/media\/18241"}],"wp:attachment":[{"href":"https:\/\/rodoaed.ee\/fi\/wp-json\/wp\/v2\/media?parent=53427"}],"wp:term":[{"taxonomy":"product_brand","embeddable":true,"href":"https:\/\/rodoaed.ee\/fi\/wp-json\/wp\/v2\/product_brand?post=53427"},{"taxonomy":"product_cat","embeddable":true,"href":"https:\/\/rodoaed.ee\/fi\/wp-json\/wp\/v2\/product_cat?post=53427"},{"taxonomy":"product_tag","embeddable":true,"href":"https:\/\/rodoaed.ee\/fi\/wp-json\/wp\/v2\/product_tag?post=53427"}],"curies":[{"name":"wp","href":"https:\/\/api.w.org\/{rel}","templated":true}]}}