{"id":53436,"date":"2019-08-02T12:49:39","date_gmt":"2019-08-02T09:49:39","guid":{"rendered":"https:\/\/rodoaed.ee\/toode\/kasvihuone-patioflora-200xl-220-x-200-x-100-cm\/"},"modified":"2026-04-13T11:05:59","modified_gmt":"2026-04-13T08:05:59","slug":"kasvihuone-patioflora-200xl-220-x-200-x-100-cm","status":"publish","type":"product","link":"https:\/\/rodoaed.ee\/fi\/tuote\/kasvihuone-patioflora-200xl-220-x-200-x-100-cm\/","title":{"rendered":"Kasvihuone Patioflora\u00ae 200XL: 220 x 200 x 100 cm."},"content":{"rendered":"<h3>Patioflora\u00ae 200 -kasvihuone on ihanteellinen tapa kasvattaa kaikenlaisia vihanneksia ja salaattikasveja puutarhassa, terassilla tai terassilla. Se on edullisin ja joustavin tapa kasvattaa j\u00e4nnitt\u00e4vi\u00e4 kasveja, jos sinulla ei ole tilaa suurelle kasvihuoneelle tai jos asut kaupungissa ja parveke tai terassi on ainoa tilasi. <\/h3>\n<p>Patioflora\u00ae 200 -kasvihuone on my\u00f6s erinomainen ratkaisu kylm\u00e4kest\u00e4ville kasveille &#8211; anna kasvien vain talvehtia ulkona ruukun kanssa. Kasvihuone suojaa arvokkaita ruukkukasvejasi tuulelta, sateelta, pakkaselta, lumelta ja pakkaselta. Voit jopa asentaa kasvihuoneeseen automaattisen l\u00e4mp\u00f6puhaltimen ja pit\u00e4\u00e4 suuremmat pakkaset k\u00e4tev\u00e4sti poissa. Kev\u00e4\u00e4ll\u00e4 voit nopeasti l\u00e4mmitt\u00e4\u00e4 kylm\u00e4t y\u00f6t esikasvatusta varten ja saada kasvisi kasvamaan aikaisemmin kuin kylm\u00e4ss\u00e4 kasvihuoneessa.   <\/p>\n<p>PATIOFLORA-kasvihuoneen avulla luonnonyst\u00e4v\u00e4t voivat nyt kasvattaa omia vitamiinejaan ja yrttej\u00e4\u00e4n ilman suurta puutarhaa. Kulmikkaan muotonsa ansiosta kasvihuone vaatii hyvin v\u00e4h\u00e4n vapaata tilaa &#8211; t\u00e4ydellinen esimerkiksi terassille tai parvekkeelle. Koko kasvihuone voidaan koota 30 minuutissa ja se on valmis v\u00e4lit\u00f6nt\u00e4 istutusta varten.  <\/p>\n<p>Patioflora\u00ae 200 -kasvihuone voidaan koota ja asentaa nopeasti puutarhaan. Se tarjoaa runsaasti tilaa suurille ja pienille ruukkukasveille. Lattiamateriaali erist\u00e4\u00e4 sein\u00e4t hyvin tuulelta ja pakkaselta.  <\/p>\n<p><strong>Kokoaminen kest\u00e4\u00e4 noin 30 minuuttia<\/strong><\/p>\n<p><strong>T\u00e4ydellinen ratkaisu puutarhureille, joilla ei viel\u00e4 ole kasvihuonetta<\/strong> tai joilla ei ole tilaa suuremmalle kasvihuoneelle. T\u00e4m\u00e4 kompakti kasvihuone voidaan aina koota nopeasti ja siirt\u00e4\u00e4. <\/p>\n<h4>T\u00e4rkeimm\u00e4t ominaisuudet<\/h4>\n<ul>\n<li>Ihanteellinen kev\u00e4\u00e4n aikaiseen istutukseen<\/li>\n<li>K\u00e4yt\u00e4 pysyv\u00e4n\u00e4 kasvihuoneena puutarhassa, verannalla, parvekkeella tai terassilla.<\/li>\n<li>T\u00e4ydellinen ratkaisu kylm\u00e4nkest\u00e4vien ruukkukasvien talvehtimiseen.<\/li>\n<li>Suojaa tuulelta, sateelta, lumelta ja pakkaselta.<\/li>\n<li>4 suurta ikkunaa (160 x 78 cm) nopeaa ja miellytt\u00e4v\u00e4\u00e4 tuuletusta varten edest\u00e4 ja takaa.<\/li>\n<li>2 ylim\u00e4\u00e4r\u00e4ist\u00e4 tuuletusikkunaa sivuilla, joissa on hy\u00f6nteisverkko.<\/li>\n<li>UV-kest\u00e4v\u00e4 PVC-materiaali<\/li>\n<li>L\u00e4pikuultava<\/li>\n<li>Vakaa putkiston runko<\/li>\n<li>Helppo koota<\/li>\n<li>Kevyt ja tilaa s\u00e4\u00e4st\u00e4v\u00e4, kun tarvitaan varastointia tai kuljetusta.<\/li>\n<\/ul>\n<h4><strong>Tekniset tiedot<\/strong><\/h4>\n<ul>\n<li>Mitat: 220 x 200 x 100 cm<\/li>\n<\/ul>\n<div>\n<p><a href=\"https:\/\/rodoaed.ee\/fi\/\">kotisivu<\/a> <a href=\"https:\/\/rodoaed.ee\/tootekategooria\/kasvuhooned-ja-talveaiad\/\">k\u00e4ynnist\u00e4<\/a> <a href=\"https:\/\/rodoaed.ee\/fi\/tootekategooria\/kasvihuoneen-tarvikkeet\/\">tarvikkeet<\/a> <a href=\"https:\/\/rodoaed.ee\/fi\/tootekategooria\/kasvihuoneen-tarvikkeet\/tropic-islandin-kasvutopit\/\">kasvupaalut<\/a><\/p>\n<div>\n<div><\/div>\n<\/div>\n<\/div>\n<div><\/div>\n<p>&nbsp;<\/p>\n","protected":false},"excerpt":{"rendered":"<p>Patioflora\u00ae 200 -kasvihuone on ihanteellinen tapa kasvattaa kaikenlaisia vihanneksia ja salaattikasveja puutarhassa, terassilla tai terassilla. Se on edullisin ja joustavin tapa kasvattaa j\u00e4nnitt\u00e4vi\u00e4 kasveja, jos sinulla ei ole tilaa suurelle kasvihuoneelle tai jos asut kaupungissa ja parveke tai terassi on ainoa tilasi. Patioflora\u00ae 200 -kasvihuone on my\u00f6s erinomainen ratkaisu kylm\u00e4kest\u00e4ville kasveille &#8211; anna kasvien vain talvehtia ulkona ruukun kanssa. Kasvihuone suojaa arvokkaita ruukkukasvejasi tuulelta, sateelta,&#8230;<\/p>\n","protected":false},"featured_media":18195,"template":"","meta":{"_acf_changed":false},"product_brand":[],"product_cat":[1869,1943],"product_tag":[],"class_list":{"0":"post-53436","1":"product","2":"type-product","3":"status-publish","4":"has-post-thumbnail","6":"product_cat-kasvihuoneen-tarvikkeet","7":"product_cat-tropic-islandin-kasvutopit","8":"product_shipping_class-toimitus-5-7-tyopaivan-kuluessa","9":"pa_variatsioon-kasvihuone-patioflora-200-220-x-200-x-100-cm","11":"first","12":"outofstock","13":"taxable","14":"shipping-taxable","15":"purchasable","16":"product-type-simple"},"acf":[],"yoast_head":"<!-- This site is optimized with the Yoast SEO Premium plugin v27.3 (Yoast SEO v27.3) - https:\/\/yoast.com\/product\/yoast-seo-premium-wordpress\/ -->\n<title>Kasvihuone Patioflora\u00ae 200XL: 220 x 200 x 100 cm. - Rodoaed<\/title>\n<meta name=\"description\" content=\"Patioflora\u00ae 200 -kasvihuone on ihanteellinen tapa kasvattaa kaikkia vihanneksia ja salaattikasveja puutarhassa, terassilla tai terassilla.\" \/>\n<meta name=\"robots\" content=\"index, follow, max-snippet:-1, max-image-preview:large, max-video-preview:-1\" \/>\n<link rel=\"canonical\" href=\"https:\/\/rodoaed.ee\/fi\/toode\/kasvihuone-patioflora-200xl-220-x-200-x-100-cm\/\" \/>\n<meta property=\"og:locale\" content=\"fi_FI\" \/>\n<meta property=\"og:type\" content=\"article\" \/>\n<meta property=\"og:title\" content=\"Kasvihuone Patioflora\u00ae 200XL: 220 x 200 x 100 cm.\" \/>\n<meta property=\"og:description\" content=\"Patioflora\u00ae 200 -kasvihuone on ihanteellinen tapa kasvattaa kaikenlaisia vihanneksia ja salaattikasveja puutarhassa, terassilla tai terassilla. Se on\" \/>\n<meta property=\"og:url\" content=\"https:\/\/rodoaed.ee\/fi\/toode\/kasvihuone-patioflora-200xl-220-x-200-x-100-cm\/\" \/>\n<meta property=\"og:site_name\" content=\"Rodoaed\" \/>\n<meta property=\"article:publisher\" content=\"https:\/\/www.facebook.com\/kasvuhooned\/\" \/>\n<meta property=\"article:modified_time\" content=\"2026-04-13T08:05:59+00:00\" \/>\n<meta property=\"og:image\" content=\"https:\/\/rodoaed.ee\/wp-content\/uploads\/2019\/07\/Kasvuhoone-Patioflora-200.jpg\" \/>\n\t<meta property=\"og:image:width\" content=\"700\" \/>\n\t<meta property=\"og:image:height\" content=\"700\" \/>\n\t<meta property=\"og:image:type\" content=\"image\/jpeg\" \/>\n<meta name=\"twitter:card\" content=\"summary_large_image\" \/>\n<meta name=\"twitter:label1\" content=\"Arvioitu lukuaika\" \/>\n\t<meta name=\"twitter:data1\" content=\"1 minuutti\" \/>\n<script type=\"application\/ld+json\" class=\"yoast-schema-graph\">{\"@context\":\"https:\\\/\\\/schema.org\",\"@graph\":[{\"@type\":\"WebPage\",\"@id\":\"https:\\\/\\\/rodoaed.ee\\\/fi\\\/toode\\\/kasvihuone-patioflora-200xl-220-x-200-x-100-cm\\\/\",\"url\":\"https:\\\/\\\/rodoaed.ee\\\/fi\\\/toode\\\/kasvihuone-patioflora-200xl-220-x-200-x-100-cm\\\/\",\"name\":\"Kasvihuone Patioflora\u00ae 200XL: 220 x 200 x 100 cm. - Rodoaed\",\"isPartOf\":{\"@id\":\"https:\\\/\\\/rodoaed.ee\\\/#website\"},\"primaryImageOfPage\":{\"@id\":\"https:\\\/\\\/rodoaed.ee\\\/fi\\\/toode\\\/kasvihuone-patioflora-200xl-220-x-200-x-100-cm\\\/#primaryimage\"},\"image\":{\"@id\":\"https:\\\/\\\/rodoaed.ee\\\/fi\\\/toode\\\/kasvihuone-patioflora-200xl-220-x-200-x-100-cm\\\/#primaryimage\"},\"thumbnailUrl\":\"https:\\\/\\\/rodoaed.ee\\\/wp-content\\\/uploads\\\/2019\\\/07\\\/Kasvuhoone-Patioflora-200.jpg\",\"datePublished\":\"2019-08-02T09:49:39+00:00\",\"dateModified\":\"2026-04-13T08:05:59+00:00\",\"description\":\"Patioflora\u00ae 200 -kasvihuone on ihanteellinen tapa kasvattaa kaikkia vihanneksia ja salaattikasveja puutarhassa, terassilla tai terassilla.\",\"breadcrumb\":{\"@id\":\"https:\\\/\\\/rodoaed.ee\\\/fi\\\/toode\\\/kasvihuone-patioflora-200xl-220-x-200-x-100-cm\\\/#breadcrumb\"},\"inLanguage\":\"fi\",\"potentialAction\":[{\"@type\":\"ReadAction\",\"target\":[\"https:\\\/\\\/rodoaed.ee\\\/fi\\\/toode\\\/kasvihuone-patioflora-200xl-220-x-200-x-100-cm\\\/\"]}]},{\"@type\":\"ImageObject\",\"inLanguage\":\"fi\",\"@id\":\"https:\\\/\\\/rodoaed.ee\\\/fi\\\/toode\\\/kasvihuone-patioflora-200xl-220-x-200-x-100-cm\\\/#primaryimage\",\"url\":\"https:\\\/\\\/rodoaed.ee\\\/wp-content\\\/uploads\\\/2019\\\/07\\\/Kasvuhoone-Patioflora-200.jpg\",\"contentUrl\":\"https:\\\/\\\/rodoaed.ee\\\/wp-content\\\/uploads\\\/2019\\\/07\\\/Kasvuhoone-Patioflora-200.jpg\",\"width\":700,\"height\":700},{\"@type\":\"BreadcrumbList\",\"@id\":\"https:\\\/\\\/rodoaed.ee\\\/fi\\\/toode\\\/kasvihuone-patioflora-200xl-220-x-200-x-100-cm\\\/#breadcrumb\",\"itemListElement\":[{\"@type\":\"ListItem\",\"position\":1,\"name\":\"Home\",\"item\":\"https:\\\/\\\/rodoaed.ee\\\/fi\\\/\"},{\"@type\":\"ListItem\",\"position\":2,\"name\":\"Osta osoitteessa\",\"item\":\"https:\\\/\\\/rodoaed.ee\\\/osta-osoitteessa\\\/\"},{\"@type\":\"ListItem\",\"position\":3,\"name\":\"Kasvihuone Patioflora\u00ae 200XL: 220 x 200 x 100 cm.\"}]},{\"@type\":\"WebSite\",\"@id\":\"https:\\\/\\\/rodoaed.ee\\\/#website\",\"url\":\"https:\\\/\\\/rodoaed.ee\\\/\",\"name\":\"Rodoaed\",\"description\":\"\",\"publisher\":{\"@id\":\"https:\\\/\\\/rodoaed.ee\\\/#organization\"},\"potentialAction\":[{\"@type\":\"SearchAction\",\"target\":{\"@type\":\"EntryPoint\",\"urlTemplate\":\"https:\\\/\\\/rodoaed.ee\\\/?s={search_term_string}\"},\"query-input\":{\"@type\":\"PropertyValueSpecification\",\"valueRequired\":true,\"valueName\":\"search_term_string\"}}],\"inLanguage\":\"fi\"},{\"@type\":\"Organization\",\"@id\":\"https:\\\/\\\/rodoaed.ee\\\/#organization\",\"name\":\"Rodoaed\",\"url\":\"https:\\\/\\\/rodoaed.ee\\\/\",\"logo\":{\"@type\":\"ImageObject\",\"inLanguage\":\"fi\",\"@id\":\"https:\\\/\\\/rodoaed.ee\\\/#\\\/schema\\\/logo\\\/image\\\/\",\"url\":\"https:\\\/\\\/rodoaed.ee\\\/wp-content\\\/uploads\\\/2019\\\/11\\\/rodoaed-logo-ilma-taustata.jpg\",\"contentUrl\":\"https:\\\/\\\/rodoaed.ee\\\/wp-content\\\/uploads\\\/2019\\\/11\\\/rodoaed-logo-ilma-taustata.jpg\",\"width\":769,\"height\":268,\"caption\":\"Rodoaed\"},\"image\":{\"@id\":\"https:\\\/\\\/rodoaed.ee\\\/#\\\/schema\\\/logo\\\/image\\\/\"},\"sameAs\":[\"https:\\\/\\\/www.facebook.com\\\/kasvuhooned\\\/\",\"https:\\\/\\\/rodoaed.ee\"]}]}<\/script>\n<!-- \/ Yoast SEO Premium plugin. -->","yoast_head_json":{"title":"Kasvihuone Patioflora\u00ae 200XL: 220 x 200 x 100 cm. - Rodoaed","description":"Patioflora\u00ae 200 -kasvihuone on ihanteellinen tapa kasvattaa kaikkia vihanneksia ja salaattikasveja puutarhassa, terassilla tai terassilla.","robots":{"index":"index","follow":"follow","max-snippet":"max-snippet:-1","max-image-preview":"max-image-preview:large","max-video-preview":"max-video-preview:-1"},"canonical":"https:\/\/rodoaed.ee\/fi\/toode\/kasvihuone-patioflora-200xl-220-x-200-x-100-cm\/","og_locale":"fi_FI","og_type":"article","og_title":"Kasvihuone Patioflora\u00ae 200XL: 220 x 200 x 100 cm.","og_description":"Patioflora\u00ae 200 -kasvihuone on ihanteellinen tapa kasvattaa kaikenlaisia vihanneksia ja salaattikasveja puutarhassa, terassilla tai terassilla. Se on","og_url":"https:\/\/rodoaed.ee\/fi\/toode\/kasvihuone-patioflora-200xl-220-x-200-x-100-cm\/","og_site_name":"Rodoaed","article_publisher":"https:\/\/www.facebook.com\/kasvuhooned\/","article_modified_time":"2026-04-13T08:05:59+00:00","og_image":[{"width":700,"height":700,"url":"https:\/\/rodoaed.ee\/wp-content\/uploads\/2019\/07\/Kasvuhoone-Patioflora-200.jpg","type":"image\/jpeg"}],"twitter_card":"summary_large_image","twitter_misc":{"Arvioitu lukuaika":"1 minuutti"},"schema":{"@context":"https:\/\/schema.org","@graph":[{"@type":"WebPage","@id":"https:\/\/rodoaed.ee\/fi\/toode\/kasvihuone-patioflora-200xl-220-x-200-x-100-cm\/","url":"https:\/\/rodoaed.ee\/fi\/toode\/kasvihuone-patioflora-200xl-220-x-200-x-100-cm\/","name":"Kasvihuone Patioflora\u00ae 200XL: 220 x 200 x 100 cm. - Rodoaed","isPartOf":{"@id":"https:\/\/rodoaed.ee\/#website"},"primaryImageOfPage":{"@id":"https:\/\/rodoaed.ee\/fi\/toode\/kasvihuone-patioflora-200xl-220-x-200-x-100-cm\/#primaryimage"},"image":{"@id":"https:\/\/rodoaed.ee\/fi\/toode\/kasvihuone-patioflora-200xl-220-x-200-x-100-cm\/#primaryimage"},"thumbnailUrl":"https:\/\/rodoaed.ee\/wp-content\/uploads\/2019\/07\/Kasvuhoone-Patioflora-200.jpg","datePublished":"2019-08-02T09:49:39+00:00","dateModified":"2026-04-13T08:05:59+00:00","description":"Patioflora\u00ae 200 -kasvihuone on ihanteellinen tapa kasvattaa kaikkia vihanneksia ja salaattikasveja puutarhassa, terassilla tai terassilla.","breadcrumb":{"@id":"https:\/\/rodoaed.ee\/fi\/toode\/kasvihuone-patioflora-200xl-220-x-200-x-100-cm\/#breadcrumb"},"inLanguage":"fi","potentialAction":[{"@type":"ReadAction","target":["https:\/\/rodoaed.ee\/fi\/toode\/kasvihuone-patioflora-200xl-220-x-200-x-100-cm\/"]}]},{"@type":"ImageObject","inLanguage":"fi","@id":"https:\/\/rodoaed.ee\/fi\/toode\/kasvihuone-patioflora-200xl-220-x-200-x-100-cm\/#primaryimage","url":"https:\/\/rodoaed.ee\/wp-content\/uploads\/2019\/07\/Kasvuhoone-Patioflora-200.jpg","contentUrl":"https:\/\/rodoaed.ee\/wp-content\/uploads\/2019\/07\/Kasvuhoone-Patioflora-200.jpg","width":700,"height":700},{"@type":"BreadcrumbList","@id":"https:\/\/rodoaed.ee\/fi\/toode\/kasvihuone-patioflora-200xl-220-x-200-x-100-cm\/#breadcrumb","itemListElement":[{"@type":"ListItem","position":1,"name":"Home","item":"https:\/\/rodoaed.ee\/fi\/"},{"@type":"ListItem","position":2,"name":"Osta osoitteessa","item":"https:\/\/rodoaed.ee\/osta-osoitteessa\/"},{"@type":"ListItem","position":3,"name":"Kasvihuone Patioflora\u00ae 200XL: 220 x 200 x 100 cm."}]},{"@type":"WebSite","@id":"https:\/\/rodoaed.ee\/#website","url":"https:\/\/rodoaed.ee\/","name":"Rodoaed","description":"","publisher":{"@id":"https:\/\/rodoaed.ee\/#organization"},"potentialAction":[{"@type":"SearchAction","target":{"@type":"EntryPoint","urlTemplate":"https:\/\/rodoaed.ee\/?s={search_term_string}"},"query-input":{"@type":"PropertyValueSpecification","valueRequired":true,"valueName":"search_term_string"}}],"inLanguage":"fi"},{"@type":"Organization","@id":"https:\/\/rodoaed.ee\/#organization","name":"Rodoaed","url":"https:\/\/rodoaed.ee\/","logo":{"@type":"ImageObject","inLanguage":"fi","@id":"https:\/\/rodoaed.ee\/#\/schema\/logo\/image\/","url":"https:\/\/rodoaed.ee\/wp-content\/uploads\/2019\/11\/rodoaed-logo-ilma-taustata.jpg","contentUrl":"https:\/\/rodoaed.ee\/wp-content\/uploads\/2019\/11\/rodoaed-logo-ilma-taustata.jpg","width":769,"height":268,"caption":"Rodoaed"},"image":{"@id":"https:\/\/rodoaed.ee\/#\/schema\/logo\/image\/"},"sameAs":["https:\/\/www.facebook.com\/kasvuhooned\/","https:\/\/rodoaed.ee"]}]}},"_links":{"self":[{"href":"https:\/\/rodoaed.ee\/fi\/wp-json\/wp\/v2\/product\/53436","targetHints":{"allow":["GET"]}}],"collection":[{"href":"https:\/\/rodoaed.ee\/fi\/wp-json\/wp\/v2\/product"}],"about":[{"href":"https:\/\/rodoaed.ee\/fi\/wp-json\/wp\/v2\/types\/product"}],"wp:featuredmedia":[{"embeddable":true,"href":"https:\/\/rodoaed.ee\/fi\/wp-json\/wp\/v2\/media\/18195"}],"wp:attachment":[{"href":"https:\/\/rodoaed.ee\/fi\/wp-json\/wp\/v2\/media?parent=53436"}],"wp:term":[{"taxonomy":"product_brand","embeddable":true,"href":"https:\/\/rodoaed.ee\/fi\/wp-json\/wp\/v2\/product_brand?post=53436"},{"taxonomy":"product_cat","embeddable":true,"href":"https:\/\/rodoaed.ee\/fi\/wp-json\/wp\/v2\/product_cat?post=53436"},{"taxonomy":"product_tag","embeddable":true,"href":"https:\/\/rodoaed.ee\/fi\/wp-json\/wp\/v2\/product_tag?post=53436"}],"curies":[{"name":"wp","href":"https:\/\/api.w.org\/{rel}","templated":true}]}}