{"id":53439,"date":"2019-08-02T12:49:39","date_gmt":"2019-08-02T09:49:39","guid":{"rendered":"https:\/\/rodoaed.ee\/toode\/kultainen-nenapesalaatikko-3s\/"},"modified":"2026-04-13T11:06:00","modified_gmt":"2026-04-13T08:06:00","slug":"kultainen-nenapesalaatikko-3s","status":"publish","type":"product","link":"https:\/\/rodoaed.ee\/fi\/tuote\/kultainen-nenapesalaatikko-3s\/","title":{"rendered":"Kultainen nen\u00e4pes\u00e4laatikko 3S"},"content":{"rendered":"<p><strong>T\u00e4st\u00e4 pes\u00e4laatikosta on tullut viime vuosikymmenin\u00e4 enemm\u00e4n tai v\u00e4hemm\u00e4n standardi Euroopassa, Amerikassa ja Kanadassa.<\/strong><\/p>\n<p>Se soveltuu yht\u00e4 hyvin asennettavaksi asutukseen, asunnon viereiseen puutarhaan kuin puistoon ja mets\u00e4\u00e4nkin. Pes\u00e4kotelossa on eritt\u00e4in tilava pes\u00e4kammio (halkaisija 14 cm) ja 45 mm:n lentoaukko, joka antaa lis\u00e4\u00e4 valoa pes\u00e4n sis\u00e4lle. <\/p>\n<p>Kultasirkkujen lis\u00e4ksi pes\u00e4laatikossa pesiv\u00e4t my\u00f6s: puukiipij\u00e4t (jotka itse muurauttavat osan kolosta tehd\u00e4kseen siit\u00e4 pienemm\u00e4n), iso- ja pikkukultasirkut, mustakirvinen, harmaakirvinen ja muut.<\/p>\n<p><strong>3S Goldfinchin pes\u00e4laatikko houkuttelee lintuja puutarhaan, hedelm\u00e4tarhaan tai puistoon. Se on valmistettu eritt\u00e4in vahvasta ja kest\u00e4v\u00e4st\u00e4 patentoidusta SCHWEGLER-puubetonista, joka koostuu 100-prosenttisesti luonnollisista ainesosista. Pes\u00e4kotelon materiaali ja valmistustapa takaavat, ettei se kutistu, kutistu tai lahoa, ettei se vuoda vett\u00e4 tai p\u00e4\u00e4st\u00e4 tuulta l\u00e4pi eik\u00e4 vaadi huoltoa vuosikymmeniin.  <\/strong><\/p>\n<p>Koska pes\u00e4kotelo on niin kest\u00e4v\u00e4 ja pitk\u00e4ik\u00e4inen, se tarjoaa erinomaista vastinetta rahalle. Pes\u00e4laatikko on l\u00e4mmin ja sateenpit\u00e4v\u00e4 pesinn\u00e4n aikana ja samalla viile\u00e4 ja mukava, jotta linnunpoikaset voivat kasvaa siin\u00e4. <strong>Nest Box 3S:ll\u00e4 on todellinen enn\u00e4tys &#8211;<\/strong> nimitt\u00e4in se on tuonut yli <strong>kaksi kertaa enemm\u00e4n lintuja<\/strong> puutarhaan ja pesim\u00e4\u00e4n <strong>kuin perinteiset puiset pes\u00e4laatikot<\/strong>, mik\u00e4 perustuu pitk\u00e4aikaisiin kirjattuihin pesint\u00e4tutkimuksiin. Linnut tuntevat olonsa paljon turvallisemmaksi t\u00e4llaisessa pes\u00e4laatikossa, ja vakaat olosuhteet suojaavat sek\u00e4 munia ett\u00e4 nuoria lintuja.  <\/p>\n<p>Kaikkien pes\u00e4laatikoiden mukana toimitetaan ripustuskannattimet ja erityinen Schweglerin alumiininaulain. <\/p>\n<p><strong>Pes\u00e4laatikon asennuspaikka:<\/strong><\/p>\n<p>Puissa tai rakennuksissa<\/p>\n<p><strong>Puhdistus ja tarkastus:<\/strong><\/p>\n<p>Helppo puhdistaa ja tarkastaa irrotettavan etupaneelin ansiosta<\/p>\n<p><strong>Materiaali:<\/strong><\/p>\n<p>SCHWEGLER ilmaa l\u00e4p\u00e4isev\u00e4 ja pitk\u00e4ik\u00e4inen puubetoni<\/p>\n<p><strong>Setti sis\u00e4lt\u00e4\u00e4:<\/strong><\/p>\n<ul>\n<li>Pes\u00e4laatikko, jossa on irrotettava etupaneeli<\/li>\n<li>Sinkitty ter\u00e4skiinnike &#8211; mets\u00e4talous hyv\u00e4ksytty.<\/li>\n<li>Alumiinipiikki &#8211; mets\u00e4talouden hyv\u00e4ksym\u00e4<\/li>\n<\/ul>\n<p><strong>Lentoreitin koko:<\/strong><\/p>\n<p>&#8211; \u00d8 45 mm<\/p>\n<p><strong>Kuka t\u00e4ytt\u00e4\u00e4 pes\u00e4kotelon:<\/strong><\/p>\n<p><em>Kultasirkku, mets\u00e4viklo, isokoskelo, pikkukoskelo, mustakoskelo, harmaakoskelo.<\/em><\/p>\n<p><strong>Pes\u00e4kotelon paino: <\/strong>4,4 kg<\/p>\n<div data-fullscreen=\"disabled\" data-mode=\"normal\" data-oembed=\"1\" data-provider=\"youtube\" data-reset-after-played id=\"arve-youtube-gitbv3nu1z4\" class=\"arve\">\n<div class=\"arve-inner\">\n<div style=\"aspect-ratio:1140\/641\" class=\"arve-embed arve-embed--has-aspect-ratio\">\n<div class=\"arve-ar\" style=\"padding-top:56.228070%\"><\/div>\n<p>\t\t\t<iframe allow=\"accelerometer &apos;none&apos;;autoplay &apos;none&apos;;bluetooth &apos;none&apos;;browsing-topics &apos;none&apos;;camera &apos;none&apos;;clipboard-read &apos;none&apos;;clipboard-write;display-capture &apos;none&apos;;encrypted-media &apos;none&apos;;gamepad &apos;none&apos;;geolocation &apos;none&apos;;gyroscope &apos;none&apos;;hid &apos;none&apos;;identity-credentials-get &apos;none&apos;;idle-detection &apos;none&apos;;keyboard-map &apos;none&apos;;local-fonts;magnetometer &apos;none&apos;;microphone &apos;none&apos;;midi &apos;none&apos;;otp-credentials &apos;none&apos;;payment &apos;none&apos;;picture-in-picture;publickey-credentials-create &apos;none&apos;;publickey-credentials-get &apos;none&apos;;screen-wake-lock &apos;none&apos;;serial &apos;none&apos;;summarizer &apos;none&apos;;sync-xhr;usb &apos;none&apos;;web-share;window-management &apos;none&apos;;xr-spatial-tracking &apos;none&apos;;\" allowfullscreen=\"\" class=\"arve-iframe fitvidsignore\" credentialless data-arve=\"arve-youtube-gitbv3nu1z4\" data-lenis-prevent=\"\" data-src-no-ap=\"https:\/\/www.youtube-nocookie.com\/embed\/giTbv3nU1z4?feature=oembed&amp;iv_load_policy=3&amp;modestbranding=1&amp;rel=0&amp;autohide=1&amp;playsinline=0&amp;autoplay=0&amp;enablejsapi=1\" frameborder=\"0\" height=\"0\" loading=\"lazy\" name=\"\" referrerpolicy=\"strict-origin-when-cross-origin\" sandbox=\"allow-scripts allow-same-origin allow-presentation allow-popups allow-popups-to-escape-sandbox\" scrolling=\"no\" src=\"https:\/\/www.youtube-nocookie.com\/embed\/giTbv3nU1z4?feature=oembed&#038;iv_load_policy=3&#038;modestbranding=1&#038;rel=0&#038;autohide=1&#038;playsinline=0&#038;autoplay=0&#038;enablejsapi=1\" title=\"Pesakastid\" width=\"0\"><\/iframe><\/p><\/div>\n<\/p><\/div>\n<p>\t<script type=\"application\/ld+json\">{\"@context\":\"http:\\\/\\\/schema.org\\\/\",\"@id\":\"https:\\\/\\\/rodoaed.ee\\\/fi\\\/tuote\\\/kultainen-nenapesalaatikko-3s\\\/#arve-youtube-gitbv3nu1z4\",\"type\":\"VideoObject\",\"embedURL\":\"https:\\\/\\\/www.youtube-nocookie.com\\\/embed\\\/giTbv3nU1z4?feature=oembed&iv_load_policy=3&modestbranding=1&rel=0&autohide=1&playsinline=0&autoplay=0&enablejsapi=1\",\"name\":\"Pesakastid\",\"thumbnailUrl\":\"https:\\\/\\\/i.ytimg.com\\\/vi\\\/giTbv3nU1z4\\\/hqdefault.jpg\",\"uploadDate\":\"2026-04-20T17:40:53+03:00\",\"author\":\"www.Rodoaed.ee\",\"description\":\"T\\u00e4st\\u00e4 pes\\u00e4laatikosta on tullut viime vuosikymmenin\\u00e4 enemm\\u00e4n tai v\\u00e4hemm\\u00e4n standardi Euroopassa, Amerikassa ja Kanadassa. Se soveltuu yht\\u00e4 hyvin asennettavaksi asutukseen, asunnon viereiseen puutarhaan kuin puistoon ja mets\\u00e4\\u00e4nkin. Pes\\u00e4kotelossa on eritt\\u00e4in tilava pes\\u00e4kammio (halkaisija 14 cm) ja 45 mm\"}<\/script><\/p>\n<\/div>\n<div data-fullscreen=\"disabled\" data-mode=\"normal\" data-oembed=\"1\" data-provider=\"youtube\" data-reset-after-played id=\"arve-youtube-cekt5rqb3ou\" class=\"arve\">\n<div class=\"arve-inner\">\n<div style=\"aspect-ratio:1140\/641\" class=\"arve-embed arve-embed--has-aspect-ratio\">\n<div class=\"arve-ar\" style=\"padding-top:56.228070%\"><\/div>\n<p>\t\t\t<iframe allow=\"accelerometer &apos;none&apos;;autoplay &apos;none&apos;;bluetooth &apos;none&apos;;browsing-topics &apos;none&apos;;camera &apos;none&apos;;clipboard-read &apos;none&apos;;clipboard-write;display-capture &apos;none&apos;;encrypted-media &apos;none&apos;;gamepad &apos;none&apos;;geolocation &apos;none&apos;;gyroscope &apos;none&apos;;hid &apos;none&apos;;identity-credentials-get &apos;none&apos;;idle-detection &apos;none&apos;;keyboard-map &apos;none&apos;;local-fonts;magnetometer &apos;none&apos;;microphone &apos;none&apos;;midi &apos;none&apos;;otp-credentials &apos;none&apos;;payment &apos;none&apos;;picture-in-picture;publickey-credentials-create &apos;none&apos;;publickey-credentials-get &apos;none&apos;;screen-wake-lock &apos;none&apos;;serial &apos;none&apos;;summarizer &apos;none&apos;;sync-xhr;usb &apos;none&apos;;web-share;window-management &apos;none&apos;;xr-spatial-tracking &apos;none&apos;;\" allowfullscreen=\"\" class=\"arve-iframe fitvidsignore\" credentialless data-arve=\"arve-youtube-cekt5rqb3ou\" data-lenis-prevent=\"\" data-src-no-ap=\"https:\/\/www.youtube-nocookie.com\/embed\/CekT5rqb3oU?feature=oembed&amp;iv_load_policy=3&amp;modestbranding=1&amp;rel=0&amp;autohide=1&amp;playsinline=0&amp;autoplay=0&amp;enablejsapi=1\" frameborder=\"0\" height=\"0\" loading=\"lazy\" name=\"\" referrerpolicy=\"strict-origin-when-cross-origin\" sandbox=\"allow-scripts allow-same-origin allow-presentation allow-popups allow-popups-to-escape-sandbox\" scrolling=\"no\" src=\"https:\/\/www.youtube-nocookie.com\/embed\/CekT5rqb3oU?feature=oembed&#038;iv_load_policy=3&#038;modestbranding=1&#038;rel=0&#038;autohide=1&#038;playsinline=0&#038;autoplay=0&#038;enablejsapi=1\" title=\"pesakastide paigaldus\" width=\"0\"><\/iframe><\/p><\/div>\n<\/p><\/div>\n<p>\t<script type=\"application\/ld+json\">{\"@context\":\"http:\\\/\\\/schema.org\\\/\",\"@id\":\"https:\\\/\\\/rodoaed.ee\\\/fi\\\/tuote\\\/kultainen-nenapesalaatikko-3s\\\/#arve-youtube-cekt5rqb3ou\",\"type\":\"VideoObject\",\"embedURL\":\"https:\\\/\\\/www.youtube-nocookie.com\\\/embed\\\/CekT5rqb3oU?feature=oembed&iv_load_policy=3&modestbranding=1&rel=0&autohide=1&playsinline=0&autoplay=0&enablejsapi=1\",\"name\":\"pesakastide paigaldus\",\"thumbnailUrl\":\"https:\\\/\\\/i.ytimg.com\\\/vi\\\/CekT5rqb3oU\\\/hqdefault.jpg\",\"uploadDate\":\"2026-04-20T17:40:53+03:00\",\"author\":\"www.Rodoaed.ee\",\"description\":\"T\\u00e4st\\u00e4 pes\\u00e4laatikosta on tullut viime vuosikymmenin\\u00e4 enemm\\u00e4n tai v\\u00e4hemm\\u00e4n standardi Euroopassa, Amerikassa ja Kanadassa. Se soveltuu yht\\u00e4 hyvin asennettavaksi asutukseen, asunnon viereiseen puutarhaan kuin puistoon ja mets\\u00e4\\u00e4nkin. Pes\\u00e4kotelossa on eritt\\u00e4in tilava pes\\u00e4kammio (halkaisija 14 cm) ja 45 mm\"}<\/script><\/p>\n<\/div>\n","protected":false},"excerpt":{"rendered":"<p>T\u00e4st\u00e4 pes\u00e4laatikosta on tullut viime vuosikymmenin\u00e4 enemm\u00e4n tai v\u00e4hemm\u00e4n standardi Euroopassa, Amerikassa ja Kanadassa. Se soveltuu yht\u00e4 hyvin asennettavaksi asutukseen, asunnon viereiseen puutarhaan kuin puistoon ja mets\u00e4\u00e4nkin. Pes\u00e4kotelossa on eritt\u00e4in tilava pes\u00e4kammio (halkaisija 14 cm) ja 45 mm:n lentoaukko, joka antaa lis\u00e4\u00e4 valoa pes\u00e4n sis\u00e4lle. Kultasirkkujen lis\u00e4ksi pes\u00e4laatikossa pesiv\u00e4t my\u00f6s: puukiipij\u00e4t (jotka itse muurauttavat osan kolosta tehd\u00e4kseen siit\u00e4 pienemm\u00e4n), iso- ja pikkukultasirkut, mustakirvinen, harmaakirvinen ja&#8230;<\/p>\n","protected":false},"featured_media":25529,"template":"","meta":{"_acf_changed":false},"product_brand":[],"product_cat":[1935,1881,1880,1743,1851,1745],"product_tag":[],"class_list":{"0":"post-53439","1":"product","2":"type-product","3":"status-publish","4":"has-post-thumbnail","6":"product_cat-harrastepuutarhan-pesalaatikot","7":"product_cat-kultasirkun-pesakotelo","8":"product_cat-lahjat-luonnonystavalle","9":"product_cat-lisalahjat-lahjat","10":"product_cat-pesakotelot","11":"product_cat-suuri-varaston-tyhjennysmyynti","12":"product_shipping_class-toimitus-1-3-tyopaivan-kuluessa","13":"pa_variatsioon-kultainen-nenapesalaatikko-3s","15":"first","16":"outofstock","17":"sale","18":"taxable","19":"shipping-taxable","20":"purchasable","21":"product-type-simple"},"acf":[],"yoast_head":"<!-- This site is optimized with the Yoast SEO Premium plugin v27.3 (Yoast SEO v27.3) - https:\/\/yoast.com\/product\/yoast-seo-premium-wordpress\/ -->\n<title>Kultainen nen\u00e4pes\u00e4laatikko 3S - Rodoaed<\/title>\n<meta name=\"robots\" content=\"index, follow, max-snippet:-1, max-image-preview:large, max-video-preview:-1\" \/>\n<link rel=\"canonical\" href=\"https:\/\/rodoaed.ee\/fi\/toode\/kultainen-nenapesalaatikko-3s\/\" \/>\n<meta property=\"og:locale\" content=\"fi_FI\" \/>\n<meta property=\"og:type\" content=\"article\" \/>\n<meta property=\"og:title\" content=\"Kultainen nen\u00e4pes\u00e4laatikko 3S\" \/>\n<meta property=\"og:description\" content=\"T\u00e4st\u00e4 pes\u00e4laatikosta on tullut viime vuosikymmenin\u00e4 enemm\u00e4n tai v\u00e4hemm\u00e4n standardi Euroopassa, Amerikassa ja Kanadassa. Se soveltuu yht\u00e4 hyvin\" \/>\n<meta property=\"og:url\" content=\"https:\/\/rodoaed.ee\/fi\/toode\/kultainen-nenapesalaatikko-3s\/\" \/>\n<meta property=\"og:site_name\" content=\"Rodoaed\" \/>\n<meta property=\"article:publisher\" content=\"https:\/\/www.facebook.com\/kasvuhooned\/\" \/>\n<meta property=\"article:modified_time\" content=\"2026-04-13T08:06:00+00:00\" \/>\n<meta property=\"og:image\" content=\"https:\/\/rodoaed.ee\/wp-content\/uploads\/2019\/08\/pesakast-kuldnokale_3S_1.jpg\" \/>\n\t<meta property=\"og:image:width\" content=\"3744\" \/>\n\t<meta property=\"og:image:height\" content=\"5616\" \/>\n\t<meta property=\"og:image:type\" content=\"image\/jpeg\" \/>\n<meta name=\"twitter:card\" content=\"summary_large_image\" \/>\n<meta name=\"twitter:label1\" content=\"Arvioitu lukuaika\" \/>\n\t<meta name=\"twitter:data1\" content=\"2 minuuttia\" \/>\n<script type=\"application\/ld+json\" class=\"yoast-schema-graph\">{\"@context\":\"https:\\\/\\\/schema.org\",\"@graph\":[{\"@type\":\"WebPage\",\"@id\":\"https:\\\/\\\/rodoaed.ee\\\/fi\\\/toode\\\/kultainen-nenapesalaatikko-3s\\\/\",\"url\":\"https:\\\/\\\/rodoaed.ee\\\/fi\\\/toode\\\/kultainen-nenapesalaatikko-3s\\\/\",\"name\":\"Kultainen nen\u00e4pes\u00e4laatikko 3S - Rodoaed\",\"isPartOf\":{\"@id\":\"https:\\\/\\\/rodoaed.ee\\\/#website\"},\"primaryImageOfPage\":{\"@id\":\"https:\\\/\\\/rodoaed.ee\\\/fi\\\/toode\\\/kultainen-nenapesalaatikko-3s\\\/#primaryimage\"},\"image\":{\"@id\":\"https:\\\/\\\/rodoaed.ee\\\/fi\\\/toode\\\/kultainen-nenapesalaatikko-3s\\\/#primaryimage\"},\"thumbnailUrl\":\"https:\\\/\\\/rodoaed.ee\\\/wp-content\\\/uploads\\\/2019\\\/08\\\/pesakast-kuldnokale_3S_1.jpg\",\"datePublished\":\"2019-08-02T09:49:39+00:00\",\"dateModified\":\"2026-04-13T08:06:00+00:00\",\"breadcrumb\":{\"@id\":\"https:\\\/\\\/rodoaed.ee\\\/fi\\\/toode\\\/kultainen-nenapesalaatikko-3s\\\/#breadcrumb\"},\"inLanguage\":\"fi\",\"potentialAction\":[{\"@type\":\"ReadAction\",\"target\":[\"https:\\\/\\\/rodoaed.ee\\\/fi\\\/toode\\\/kultainen-nenapesalaatikko-3s\\\/\"]}]},{\"@type\":\"ImageObject\",\"inLanguage\":\"fi\",\"@id\":\"https:\\\/\\\/rodoaed.ee\\\/fi\\\/toode\\\/kultainen-nenapesalaatikko-3s\\\/#primaryimage\",\"url\":\"https:\\\/\\\/rodoaed.ee\\\/wp-content\\\/uploads\\\/2019\\\/08\\\/pesakast-kuldnokale_3S_1.jpg\",\"contentUrl\":\"https:\\\/\\\/rodoaed.ee\\\/wp-content\\\/uploads\\\/2019\\\/08\\\/pesakast-kuldnokale_3S_1.jpg\",\"width\":3744,\"height\":5616,\"caption\":\"harrastepuutarhapes\u00e4t\"},{\"@type\":\"BreadcrumbList\",\"@id\":\"https:\\\/\\\/rodoaed.ee\\\/fi\\\/toode\\\/kultainen-nenapesalaatikko-3s\\\/#breadcrumb\",\"itemListElement\":[{\"@type\":\"ListItem\",\"position\":1,\"name\":\"Home\",\"item\":\"https:\\\/\\\/rodoaed.ee\\\/fi\\\/\"},{\"@type\":\"ListItem\",\"position\":2,\"name\":\"Osta osoitteessa\",\"item\":\"https:\\\/\\\/rodoaed.ee\\\/osta-osoitteessa\\\/\"},{\"@type\":\"ListItem\",\"position\":3,\"name\":\"Kultainen nen\u00e4pes\u00e4laatikko 3S\"}]},{\"@type\":\"WebSite\",\"@id\":\"https:\\\/\\\/rodoaed.ee\\\/#website\",\"url\":\"https:\\\/\\\/rodoaed.ee\\\/\",\"name\":\"Rodoaed\",\"description\":\"\",\"publisher\":{\"@id\":\"https:\\\/\\\/rodoaed.ee\\\/#organization\"},\"potentialAction\":[{\"@type\":\"SearchAction\",\"target\":{\"@type\":\"EntryPoint\",\"urlTemplate\":\"https:\\\/\\\/rodoaed.ee\\\/?s={search_term_string}\"},\"query-input\":{\"@type\":\"PropertyValueSpecification\",\"valueRequired\":true,\"valueName\":\"search_term_string\"}}],\"inLanguage\":\"fi\"},{\"@type\":\"Organization\",\"@id\":\"https:\\\/\\\/rodoaed.ee\\\/#organization\",\"name\":\"Rodoaed\",\"url\":\"https:\\\/\\\/rodoaed.ee\\\/\",\"logo\":{\"@type\":\"ImageObject\",\"inLanguage\":\"fi\",\"@id\":\"https:\\\/\\\/rodoaed.ee\\\/#\\\/schema\\\/logo\\\/image\\\/\",\"url\":\"https:\\\/\\\/rodoaed.ee\\\/wp-content\\\/uploads\\\/2019\\\/11\\\/rodoaed-logo-ilma-taustata.jpg\",\"contentUrl\":\"https:\\\/\\\/rodoaed.ee\\\/wp-content\\\/uploads\\\/2019\\\/11\\\/rodoaed-logo-ilma-taustata.jpg\",\"width\":769,\"height\":268,\"caption\":\"Rodoaed\"},\"image\":{\"@id\":\"https:\\\/\\\/rodoaed.ee\\\/#\\\/schema\\\/logo\\\/image\\\/\"},\"sameAs\":[\"https:\\\/\\\/www.facebook.com\\\/kasvuhooned\\\/\",\"https:\\\/\\\/rodoaed.ee\"]}]}<\/script>\n<!-- \/ Yoast SEO Premium plugin. -->","yoast_head_json":{"title":"Kultainen nen\u00e4pes\u00e4laatikko 3S - Rodoaed","robots":{"index":"index","follow":"follow","max-snippet":"max-snippet:-1","max-image-preview":"max-image-preview:large","max-video-preview":"max-video-preview:-1"},"canonical":"https:\/\/rodoaed.ee\/fi\/toode\/kultainen-nenapesalaatikko-3s\/","og_locale":"fi_FI","og_type":"article","og_title":"Kultainen nen\u00e4pes\u00e4laatikko 3S","og_description":"T\u00e4st\u00e4 pes\u00e4laatikosta on tullut viime vuosikymmenin\u00e4 enemm\u00e4n tai v\u00e4hemm\u00e4n standardi Euroopassa, Amerikassa ja Kanadassa. Se soveltuu yht\u00e4 hyvin","og_url":"https:\/\/rodoaed.ee\/fi\/toode\/kultainen-nenapesalaatikko-3s\/","og_site_name":"Rodoaed","article_publisher":"https:\/\/www.facebook.com\/kasvuhooned\/","article_modified_time":"2026-04-13T08:06:00+00:00","og_image":[{"width":3744,"height":5616,"url":"https:\/\/rodoaed.ee\/wp-content\/uploads\/2019\/08\/pesakast-kuldnokale_3S_1.jpg","type":"image\/jpeg"}],"twitter_card":"summary_large_image","twitter_misc":{"Arvioitu lukuaika":"2 minuuttia"},"schema":{"@context":"https:\/\/schema.org","@graph":[{"@type":"WebPage","@id":"https:\/\/rodoaed.ee\/fi\/toode\/kultainen-nenapesalaatikko-3s\/","url":"https:\/\/rodoaed.ee\/fi\/toode\/kultainen-nenapesalaatikko-3s\/","name":"Kultainen nen\u00e4pes\u00e4laatikko 3S - Rodoaed","isPartOf":{"@id":"https:\/\/rodoaed.ee\/#website"},"primaryImageOfPage":{"@id":"https:\/\/rodoaed.ee\/fi\/toode\/kultainen-nenapesalaatikko-3s\/#primaryimage"},"image":{"@id":"https:\/\/rodoaed.ee\/fi\/toode\/kultainen-nenapesalaatikko-3s\/#primaryimage"},"thumbnailUrl":"https:\/\/rodoaed.ee\/wp-content\/uploads\/2019\/08\/pesakast-kuldnokale_3S_1.jpg","datePublished":"2019-08-02T09:49:39+00:00","dateModified":"2026-04-13T08:06:00+00:00","breadcrumb":{"@id":"https:\/\/rodoaed.ee\/fi\/toode\/kultainen-nenapesalaatikko-3s\/#breadcrumb"},"inLanguage":"fi","potentialAction":[{"@type":"ReadAction","target":["https:\/\/rodoaed.ee\/fi\/toode\/kultainen-nenapesalaatikko-3s\/"]}]},{"@type":"ImageObject","inLanguage":"fi","@id":"https:\/\/rodoaed.ee\/fi\/toode\/kultainen-nenapesalaatikko-3s\/#primaryimage","url":"https:\/\/rodoaed.ee\/wp-content\/uploads\/2019\/08\/pesakast-kuldnokale_3S_1.jpg","contentUrl":"https:\/\/rodoaed.ee\/wp-content\/uploads\/2019\/08\/pesakast-kuldnokale_3S_1.jpg","width":3744,"height":5616,"caption":"harrastepuutarhapes\u00e4t"},{"@type":"BreadcrumbList","@id":"https:\/\/rodoaed.ee\/fi\/toode\/kultainen-nenapesalaatikko-3s\/#breadcrumb","itemListElement":[{"@type":"ListItem","position":1,"name":"Home","item":"https:\/\/rodoaed.ee\/fi\/"},{"@type":"ListItem","position":2,"name":"Osta osoitteessa","item":"https:\/\/rodoaed.ee\/osta-osoitteessa\/"},{"@type":"ListItem","position":3,"name":"Kultainen nen\u00e4pes\u00e4laatikko 3S"}]},{"@type":"WebSite","@id":"https:\/\/rodoaed.ee\/#website","url":"https:\/\/rodoaed.ee\/","name":"Rodoaed","description":"","publisher":{"@id":"https:\/\/rodoaed.ee\/#organization"},"potentialAction":[{"@type":"SearchAction","target":{"@type":"EntryPoint","urlTemplate":"https:\/\/rodoaed.ee\/?s={search_term_string}"},"query-input":{"@type":"PropertyValueSpecification","valueRequired":true,"valueName":"search_term_string"}}],"inLanguage":"fi"},{"@type":"Organization","@id":"https:\/\/rodoaed.ee\/#organization","name":"Rodoaed","url":"https:\/\/rodoaed.ee\/","logo":{"@type":"ImageObject","inLanguage":"fi","@id":"https:\/\/rodoaed.ee\/#\/schema\/logo\/image\/","url":"https:\/\/rodoaed.ee\/wp-content\/uploads\/2019\/11\/rodoaed-logo-ilma-taustata.jpg","contentUrl":"https:\/\/rodoaed.ee\/wp-content\/uploads\/2019\/11\/rodoaed-logo-ilma-taustata.jpg","width":769,"height":268,"caption":"Rodoaed"},"image":{"@id":"https:\/\/rodoaed.ee\/#\/schema\/logo\/image\/"},"sameAs":["https:\/\/www.facebook.com\/kasvuhooned\/","https:\/\/rodoaed.ee"]}]}},"_links":{"self":[{"href":"https:\/\/rodoaed.ee\/fi\/wp-json\/wp\/v2\/product\/53439","targetHints":{"allow":["GET"]}}],"collection":[{"href":"https:\/\/rodoaed.ee\/fi\/wp-json\/wp\/v2\/product"}],"about":[{"href":"https:\/\/rodoaed.ee\/fi\/wp-json\/wp\/v2\/types\/product"}],"wp:featuredmedia":[{"embeddable":true,"href":"https:\/\/rodoaed.ee\/fi\/wp-json\/wp\/v2\/media\/25529"}],"wp:attachment":[{"href":"https:\/\/rodoaed.ee\/fi\/wp-json\/wp\/v2\/media?parent=53439"}],"wp:term":[{"taxonomy":"product_brand","embeddable":true,"href":"https:\/\/rodoaed.ee\/fi\/wp-json\/wp\/v2\/product_brand?post=53439"},{"taxonomy":"product_cat","embeddable":true,"href":"https:\/\/rodoaed.ee\/fi\/wp-json\/wp\/v2\/product_cat?post=53439"},{"taxonomy":"product_tag","embeddable":true,"href":"https:\/\/rodoaed.ee\/fi\/wp-json\/wp\/v2\/product_tag?post=53439"}],"curies":[{"name":"wp","href":"https:\/\/api.w.org\/{rel}","templated":true}]}}