{"id":53441,"date":"2019-08-02T12:49:39","date_gmt":"2019-08-02T09:49:39","guid":{"rendered":"https:\/\/rodoaed.ee\/toode\/pesalaatikko-kakadulle-nro-4-sarvikakadulle-mustakakadulle-oravalle-leijulinnulle\/"},"modified":"2026-04-13T11:06:01","modified_gmt":"2026-04-13T08:06:01","slug":"pesalaatikko-kakadulle-nro-4-sarvikakadulle-mustakakadulle-oravalle-leijulinnulle","status":"publish","type":"product","link":"https:\/\/rodoaed.ee\/fi\/tuote\/pesalaatikko-kakadulle-nro-4-sarvikakadulle-mustakakadulle-oravalle-leijulinnulle\/","title":{"rendered":"Pes\u00e4laatikko kakadulle nro 4, sarvikakadulle, mustakakadulle, oravalle, leijulinnulle."},"content":{"rendered":"<h2>T\u00e4m\u00e4 suurikokoinen pes\u00e4laatikko on tarkoitettu ensisijaisesti sarvip\u00f6ll\u00f6lle tai lehtop\u00f6ll\u00f6lle ja suop\u00f6ll\u00f6lle, mutta my\u00f6s leijup\u00f6ll\u00f6lle, oraville ja tikoille. My\u00f6s suuremmat pesim\u00e4linnut, kuten musta-, harmaa- ja punatulkut, tykk\u00e4\u00e4v\u00e4t lev\u00e4ht\u00e4\u00e4 t\u00e4ss\u00e4 pes\u00e4laatikossa. <\/h2>\n<h2>T\u00e4m\u00e4 pes\u00e4laatikko sopii my\u00f6s hyvin harvinaiselle r\u00e4k\u00e4ttirastaselle, joka on Virossa hyvin harvinainen.<\/h2>\n<p>Puistoihin ja metsiin asennetaan pes\u00e4koteloita paitsi lajirikkauden edist\u00e4miseksi my\u00f6s hiirikantojen valvomiseksi. Jotkin kakadut ovat arkajalkaisempia, kun taas toiset siet\u00e4v\u00e4t ihmisi\u00e4 paremmin ja pesiv\u00e4t rauhallisesti asuntojen l\u00e4hell\u00e4, jos olosuhteet ovat sopivat. Ne eiv\u00e4t yleens\u00e4 pysty sanomaan hyv\u00e4stej\u00e4 n\u00e4in erinomaiselle pes\u00e4kopille.  <\/p>\n<p>K\u00e4ki-pes\u00e4kopit nro 4 ja 5 on suunniteltu korvaamaan luonnolliset kolopuut, jotka suuret varikset ovat kaivaneet karkeisiin puunrunkoihin. N\u00e4it\u00e4 pes\u00e4koppeja k\u00e4ytt\u00e4v\u00e4t usein muut el\u00e4imet ja linnut. Kun niit\u00e4 ei k\u00e4ytet\u00e4, oravat ottavat ne helposti k\u00e4ytt\u00f6\u00f6ns\u00e4. Suuret naurulokit, kuten mustarastas, punarinta ja harmaap\u00e4\u00e4tikka, valitsevat n\u00e4m\u00e4 pes\u00e4p\u00f6nt\u00f6t mielell\u00e4\u00e4n lev\u00e4hdyspaikoikseen. Ne eiv\u00e4t k\u00e4yt\u00e4 niit\u00e4 pes\u00e4laatikkoina, sill\u00e4 suuret varikset kaivavat aina uuden pes\u00e4laatikon joka vuosi, mutta ne k\u00e4ytt\u00e4v\u00e4t niit\u00e4 mielell\u00e4\u00e4n &#8221;kes\u00e4m\u00f6kkein\u00e4&#8221;.    <\/p>\n<p>Koska pes\u00e4kotelo on niin kest\u00e4v\u00e4 ja pitk\u00e4ik\u00e4inen, se tarjoaa erinomaista vastinetta rahalle. Pes\u00e4laatikko on l\u00e4mmin ja sateenpit\u00e4v\u00e4 pesinn\u00e4n aikana ja samalla viile\u00e4 ja mukava, jotta linnunpoikaset voivat kasvaa siin\u00e4.<span style=\"color: #000000;\">T\u00e4m\u00e4n pes\u00e4laatikon muotoa, sein\u00e4m\u00e4n paksuutta ja mittoja on testattu<\/span>ja parannettu viimeisten 40 vuoden aikana, ja lopputulos on <strong>se, mit\u00e4 linnut kutsuvat &#8221;hienoksi vanhaksi puiseksi pes\u00e4laatikoksi&#8221;.<\/strong> Linnut tuntevat olonsa paljon turvallisemmaksi t\u00e4llaisessa pes\u00e4laatikossa, ja vakaat olosuhteet suojaavat sek\u00e4 munia ett\u00e4 poikasia.   <\/p>\n<p>Kaikkien pes\u00e4laatikoiden mukana toimitetaan ripustuskiinnikkeet ja erityiset Schweglerin alumiininaulat. <\/p>\n<p>&nbsp;<\/p>\n<p><strong>Pes\u00e4laatikon asennuspaikka:<\/strong><\/p>\n<p>Puut 4-6 metrin korkeuteen. HUOMAA Kukkojen pes\u00e4kotelon pohjaan voi ripotella kerroksen multaa tai sahanpurua. <\/p>\n<p><strong>Puhdistus ja tarkastus:<\/strong><\/p>\n<p>Helppo puhdistaa ja tarkastaa irrotettavan etupaneelin ansiosta<\/p>\n<p><strong>Materiaali:<\/strong><\/p>\n<p>SCHWEGLER ilmaa l\u00e4p\u00e4isev\u00e4 ja pitk\u00e4ik\u00e4inen puubetoni<\/p>\n<p><strong>Setti sis\u00e4lt\u00e4\u00e4:<\/strong><\/p>\n<ul>\n<li>Pes\u00e4laatikko, jossa on irrotettava etupaneeli<\/li>\n<li>Sinkitty ter\u00e4skiinnike &#8211; mets\u00e4talous hyv\u00e4ksytty.<\/li>\n<li>Alumiininaulat &#8211; mets\u00e4talouden hyv\u00e4ksym\u00e4t<\/li>\n<\/ul>\n<p>&nbsp;<\/p>\n<p><strong>Lentoreitin koko:<\/strong><\/p>\n<p>&#8211; 80 x 90 mm<\/p>\n<p><strong>Pes\u00e4kotelon mitat:<\/strong><\/p>\n<p>ulkomitat: \u00d8 25cm ja korkeus 44cm, sis\u00e4mitat \u00d8 20cm.<\/p>\n<p><strong>Kuka t\u00e4ytt\u00e4\u00e4 pes\u00e4kotelon:<\/strong><\/p>\n<p><em>Peurajalkakakadut, mustakakadut, kirjekyyhkyt, oravat, hornetit, pesukarhut. Lev\u00e4hdyspaikkoja k\u00e4ytt\u00e4v\u00e4t suuremmat kottaraiset, kuten mustakurkku-uikku, harmaapyrst\u00f6tiainen ja harmaap\u00e4\u00e4tikka. <\/em><\/p>\n<p><strong>Pes\u00e4kotelon paino: <\/strong>9,3 kg<\/p>\n<p><em>       <\/em><\/p>\n<p>&nbsp;<\/p>\n<p>&nbsp;<\/p>\n","protected":false},"excerpt":{"rendered":"<p>T\u00e4m\u00e4 suurikokoinen pes\u00e4laatikko on tarkoitettu ensisijaisesti sarvip\u00f6ll\u00f6lle tai lehtop\u00f6ll\u00f6lle ja suop\u00f6ll\u00f6lle, mutta my\u00f6s leijup\u00f6ll\u00f6lle, oraville ja tikoille. My\u00f6s suuremmat pesim\u00e4linnut, kuten musta-, harmaa- ja punatulkut, tykk\u00e4\u00e4v\u00e4t lev\u00e4ht\u00e4\u00e4 t\u00e4ss\u00e4 pes\u00e4laatikossa. T\u00e4m\u00e4 pes\u00e4laatikko sopii my\u00f6s hyvin harvinaiselle r\u00e4k\u00e4ttirastaselle, joka on Virossa hyvin harvinainen. Puistoihin ja metsiin asennetaan pes\u00e4koteloita paitsi lajirikkauden edist\u00e4miseksi my\u00f6s hiirikantojen valvomiseksi. Jotkin kakadut ovat arkajalkaisempia, kun taas toiset siet\u00e4v\u00e4t ihmisi\u00e4 paremmin ja pesiv\u00e4t rauhallisesti&#8230;<\/p>\n","protected":false},"featured_media":18189,"template":"","meta":{"_acf_changed":false},"product_brand":[],"product_cat":[1953,1851,2302],"product_tag":[],"class_list":{"0":"post-53441","1":"product","2":"type-product","3":"status-publish","4":"has-post-thumbnail","6":"product_cat-lintujen-pesakotelot","7":"product_cat-pesakotelot","8":"product_cat-pesakotelot-kakaduille","9":"product_shipping_class-kuljetus-ainoastaan-kuriiripalvelun-valityksella","10":"pa_variatsioon-pesalaatikko-kakadulle-nro-4-sarvikakadulle-mustakakadulle-oravalle-leijulinnulle","12":"first","13":"instock","14":"sale","15":"taxable","16":"shipping-taxable","17":"purchasable","18":"product-type-simple"},"acf":[],"yoast_head":"<!-- This site is optimized with the Yoast SEO Premium plugin v27.3 (Yoast SEO v27.3) - https:\/\/yoast.com\/product\/yoast-seo-premium-wordpress\/ -->\n<title>Pes\u00e4laatikko kakadulle nro 4, sarvikakadulle, mustakakadulle, oravalle, leijulinnulle. - Rodoaed<\/title>\n<meta name=\"robots\" content=\"index, follow, max-snippet:-1, max-image-preview:large, max-video-preview:-1\" \/>\n<link rel=\"canonical\" href=\"https:\/\/rodoaed.ee\/fi\/toode\/pesalaatikko-kakadulle-nro-4-sarvikakadulle-mustakakadulle-oravalle-leijulinnulle\/\" \/>\n<meta property=\"og:locale\" content=\"fi_FI\" \/>\n<meta property=\"og:type\" content=\"article\" \/>\n<meta property=\"og:title\" content=\"Pes\u00e4laatikko kakadulle nro 4, sarvikakadulle, mustakakadulle, oravalle, leijulinnulle.\" \/>\n<meta property=\"og:description\" content=\"T\u00e4m\u00e4 suurikokoinen pes\u00e4laatikko on tarkoitettu ensisijaisesti sarvip\u00f6ll\u00f6lle tai lehtop\u00f6ll\u00f6lle ja suop\u00f6ll\u00f6lle, mutta my\u00f6s leijup\u00f6ll\u00f6lle, oraville ja\" \/>\n<meta property=\"og:url\" content=\"https:\/\/rodoaed.ee\/fi\/toode\/pesalaatikko-kakadulle-nro-4-sarvikakadulle-mustakakadulle-oravalle-leijulinnulle\/\" \/>\n<meta property=\"og:site_name\" content=\"Rodoaed\" \/>\n<meta property=\"article:publisher\" content=\"https:\/\/www.facebook.com\/kasvuhooned\/\" \/>\n<meta property=\"article:modified_time\" content=\"2026-04-13T08:06:01+00:00\" \/>\n<meta property=\"og:image\" content=\"https:\/\/rodoaed.ee\/wp-content\/uploads\/2019\/07\/kakuliste-pesakast-nr4_171_01.jpg\" \/>\n\t<meta property=\"og:image:width\" content=\"239\" \/>\n\t<meta property=\"og:image:height\" content=\"400\" \/>\n\t<meta property=\"og:image:type\" content=\"image\/jpeg\" \/>\n<meta name=\"twitter:card\" content=\"summary_large_image\" \/>\n<meta name=\"twitter:label1\" content=\"Arvioitu lukuaika\" \/>\n\t<meta name=\"twitter:data1\" content=\"2 minuuttia\" \/>\n<script type=\"application\/ld+json\" class=\"yoast-schema-graph\">{\"@context\":\"https:\\\/\\\/schema.org\",\"@graph\":[{\"@type\":\"WebPage\",\"@id\":\"https:\\\/\\\/rodoaed.ee\\\/fi\\\/toode\\\/pesalaatikko-kakadulle-nro-4-sarvikakadulle-mustakakadulle-oravalle-leijulinnulle\\\/\",\"url\":\"https:\\\/\\\/rodoaed.ee\\\/fi\\\/toode\\\/pesalaatikko-kakadulle-nro-4-sarvikakadulle-mustakakadulle-oravalle-leijulinnulle\\\/\",\"name\":\"Pes\u00e4laatikko kakadulle nro 4, sarvikakadulle, mustakakadulle, oravalle, leijulinnulle. - Rodoaed\",\"isPartOf\":{\"@id\":\"https:\\\/\\\/rodoaed.ee\\\/#website\"},\"primaryImageOfPage\":{\"@id\":\"https:\\\/\\\/rodoaed.ee\\\/fi\\\/toode\\\/pesalaatikko-kakadulle-nro-4-sarvikakadulle-mustakakadulle-oravalle-leijulinnulle\\\/#primaryimage\"},\"image\":{\"@id\":\"https:\\\/\\\/rodoaed.ee\\\/fi\\\/toode\\\/pesalaatikko-kakadulle-nro-4-sarvikakadulle-mustakakadulle-oravalle-leijulinnulle\\\/#primaryimage\"},\"thumbnailUrl\":\"https:\\\/\\\/rodoaed.ee\\\/wp-content\\\/uploads\\\/2019\\\/07\\\/kakuliste-pesakast-nr4_171_01.jpg\",\"datePublished\":\"2019-08-02T09:49:39+00:00\",\"dateModified\":\"2026-04-13T08:06:01+00:00\",\"breadcrumb\":{\"@id\":\"https:\\\/\\\/rodoaed.ee\\\/fi\\\/toode\\\/pesalaatikko-kakadulle-nro-4-sarvikakadulle-mustakakadulle-oravalle-leijulinnulle\\\/#breadcrumb\"},\"inLanguage\":\"fi\",\"potentialAction\":[{\"@type\":\"ReadAction\",\"target\":[\"https:\\\/\\\/rodoaed.ee\\\/fi\\\/toode\\\/pesalaatikko-kakadulle-nro-4-sarvikakadulle-mustakakadulle-oravalle-leijulinnulle\\\/\"]}]},{\"@type\":\"ImageObject\",\"inLanguage\":\"fi\",\"@id\":\"https:\\\/\\\/rodoaed.ee\\\/fi\\\/toode\\\/pesalaatikko-kakadulle-nro-4-sarvikakadulle-mustakakadulle-oravalle-leijulinnulle\\\/#primaryimage\",\"url\":\"https:\\\/\\\/rodoaed.ee\\\/wp-content\\\/uploads\\\/2019\\\/07\\\/kakuliste-pesakast-nr4_171_01.jpg\",\"contentUrl\":\"https:\\\/\\\/rodoaed.ee\\\/wp-content\\\/uploads\\\/2019\\\/07\\\/kakuliste-pesakast-nr4_171_01.jpg\",\"width\":239,\"height\":400},{\"@type\":\"BreadcrumbList\",\"@id\":\"https:\\\/\\\/rodoaed.ee\\\/fi\\\/toode\\\/pesalaatikko-kakadulle-nro-4-sarvikakadulle-mustakakadulle-oravalle-leijulinnulle\\\/#breadcrumb\",\"itemListElement\":[{\"@type\":\"ListItem\",\"position\":1,\"name\":\"Home\",\"item\":\"https:\\\/\\\/rodoaed.ee\\\/fi\\\/\"},{\"@type\":\"ListItem\",\"position\":2,\"name\":\"Osta osoitteessa\",\"item\":\"https:\\\/\\\/rodoaed.ee\\\/osta-osoitteessa\\\/\"},{\"@type\":\"ListItem\",\"position\":3,\"name\":\"Pes\u00e4laatikko kakadulle nro 4, sarvikakadulle, mustakakadulle, oravalle, leijulinnulle.\"}]},{\"@type\":\"WebSite\",\"@id\":\"https:\\\/\\\/rodoaed.ee\\\/#website\",\"url\":\"https:\\\/\\\/rodoaed.ee\\\/\",\"name\":\"Rodoaed\",\"description\":\"\",\"publisher\":{\"@id\":\"https:\\\/\\\/rodoaed.ee\\\/#organization\"},\"potentialAction\":[{\"@type\":\"SearchAction\",\"target\":{\"@type\":\"EntryPoint\",\"urlTemplate\":\"https:\\\/\\\/rodoaed.ee\\\/?s={search_term_string}\"},\"query-input\":{\"@type\":\"PropertyValueSpecification\",\"valueRequired\":true,\"valueName\":\"search_term_string\"}}],\"inLanguage\":\"fi\"},{\"@type\":\"Organization\",\"@id\":\"https:\\\/\\\/rodoaed.ee\\\/#organization\",\"name\":\"Rodoaed\",\"url\":\"https:\\\/\\\/rodoaed.ee\\\/\",\"logo\":{\"@type\":\"ImageObject\",\"inLanguage\":\"fi\",\"@id\":\"https:\\\/\\\/rodoaed.ee\\\/#\\\/schema\\\/logo\\\/image\\\/\",\"url\":\"https:\\\/\\\/rodoaed.ee\\\/wp-content\\\/uploads\\\/2019\\\/11\\\/rodoaed-logo-ilma-taustata.jpg\",\"contentUrl\":\"https:\\\/\\\/rodoaed.ee\\\/wp-content\\\/uploads\\\/2019\\\/11\\\/rodoaed-logo-ilma-taustata.jpg\",\"width\":769,\"height\":268,\"caption\":\"Rodoaed\"},\"image\":{\"@id\":\"https:\\\/\\\/rodoaed.ee\\\/#\\\/schema\\\/logo\\\/image\\\/\"},\"sameAs\":[\"https:\\\/\\\/www.facebook.com\\\/kasvuhooned\\\/\",\"https:\\\/\\\/rodoaed.ee\"]}]}<\/script>\n<!-- \/ Yoast SEO Premium plugin. -->","yoast_head_json":{"title":"Pes\u00e4laatikko kakadulle nro 4, sarvikakadulle, mustakakadulle, oravalle, leijulinnulle. - Rodoaed","robots":{"index":"index","follow":"follow","max-snippet":"max-snippet:-1","max-image-preview":"max-image-preview:large","max-video-preview":"max-video-preview:-1"},"canonical":"https:\/\/rodoaed.ee\/fi\/toode\/pesalaatikko-kakadulle-nro-4-sarvikakadulle-mustakakadulle-oravalle-leijulinnulle\/","og_locale":"fi_FI","og_type":"article","og_title":"Pes\u00e4laatikko kakadulle nro 4, sarvikakadulle, mustakakadulle, oravalle, leijulinnulle.","og_description":"T\u00e4m\u00e4 suurikokoinen pes\u00e4laatikko on tarkoitettu ensisijaisesti sarvip\u00f6ll\u00f6lle tai lehtop\u00f6ll\u00f6lle ja suop\u00f6ll\u00f6lle, mutta my\u00f6s leijup\u00f6ll\u00f6lle, oraville ja","og_url":"https:\/\/rodoaed.ee\/fi\/toode\/pesalaatikko-kakadulle-nro-4-sarvikakadulle-mustakakadulle-oravalle-leijulinnulle\/","og_site_name":"Rodoaed","article_publisher":"https:\/\/www.facebook.com\/kasvuhooned\/","article_modified_time":"2026-04-13T08:06:01+00:00","og_image":[{"width":239,"height":400,"url":"https:\/\/rodoaed.ee\/wp-content\/uploads\/2019\/07\/kakuliste-pesakast-nr4_171_01.jpg","type":"image\/jpeg"}],"twitter_card":"summary_large_image","twitter_misc":{"Arvioitu lukuaika":"2 minuuttia"},"schema":{"@context":"https:\/\/schema.org","@graph":[{"@type":"WebPage","@id":"https:\/\/rodoaed.ee\/fi\/toode\/pesalaatikko-kakadulle-nro-4-sarvikakadulle-mustakakadulle-oravalle-leijulinnulle\/","url":"https:\/\/rodoaed.ee\/fi\/toode\/pesalaatikko-kakadulle-nro-4-sarvikakadulle-mustakakadulle-oravalle-leijulinnulle\/","name":"Pes\u00e4laatikko kakadulle nro 4, sarvikakadulle, mustakakadulle, oravalle, leijulinnulle. - Rodoaed","isPartOf":{"@id":"https:\/\/rodoaed.ee\/#website"},"primaryImageOfPage":{"@id":"https:\/\/rodoaed.ee\/fi\/toode\/pesalaatikko-kakadulle-nro-4-sarvikakadulle-mustakakadulle-oravalle-leijulinnulle\/#primaryimage"},"image":{"@id":"https:\/\/rodoaed.ee\/fi\/toode\/pesalaatikko-kakadulle-nro-4-sarvikakadulle-mustakakadulle-oravalle-leijulinnulle\/#primaryimage"},"thumbnailUrl":"https:\/\/rodoaed.ee\/wp-content\/uploads\/2019\/07\/kakuliste-pesakast-nr4_171_01.jpg","datePublished":"2019-08-02T09:49:39+00:00","dateModified":"2026-04-13T08:06:01+00:00","breadcrumb":{"@id":"https:\/\/rodoaed.ee\/fi\/toode\/pesalaatikko-kakadulle-nro-4-sarvikakadulle-mustakakadulle-oravalle-leijulinnulle\/#breadcrumb"},"inLanguage":"fi","potentialAction":[{"@type":"ReadAction","target":["https:\/\/rodoaed.ee\/fi\/toode\/pesalaatikko-kakadulle-nro-4-sarvikakadulle-mustakakadulle-oravalle-leijulinnulle\/"]}]},{"@type":"ImageObject","inLanguage":"fi","@id":"https:\/\/rodoaed.ee\/fi\/toode\/pesalaatikko-kakadulle-nro-4-sarvikakadulle-mustakakadulle-oravalle-leijulinnulle\/#primaryimage","url":"https:\/\/rodoaed.ee\/wp-content\/uploads\/2019\/07\/kakuliste-pesakast-nr4_171_01.jpg","contentUrl":"https:\/\/rodoaed.ee\/wp-content\/uploads\/2019\/07\/kakuliste-pesakast-nr4_171_01.jpg","width":239,"height":400},{"@type":"BreadcrumbList","@id":"https:\/\/rodoaed.ee\/fi\/toode\/pesalaatikko-kakadulle-nro-4-sarvikakadulle-mustakakadulle-oravalle-leijulinnulle\/#breadcrumb","itemListElement":[{"@type":"ListItem","position":1,"name":"Home","item":"https:\/\/rodoaed.ee\/fi\/"},{"@type":"ListItem","position":2,"name":"Osta osoitteessa","item":"https:\/\/rodoaed.ee\/osta-osoitteessa\/"},{"@type":"ListItem","position":3,"name":"Pes\u00e4laatikko kakadulle nro 4, sarvikakadulle, mustakakadulle, oravalle, leijulinnulle."}]},{"@type":"WebSite","@id":"https:\/\/rodoaed.ee\/#website","url":"https:\/\/rodoaed.ee\/","name":"Rodoaed","description":"","publisher":{"@id":"https:\/\/rodoaed.ee\/#organization"},"potentialAction":[{"@type":"SearchAction","target":{"@type":"EntryPoint","urlTemplate":"https:\/\/rodoaed.ee\/?s={search_term_string}"},"query-input":{"@type":"PropertyValueSpecification","valueRequired":true,"valueName":"search_term_string"}}],"inLanguage":"fi"},{"@type":"Organization","@id":"https:\/\/rodoaed.ee\/#organization","name":"Rodoaed","url":"https:\/\/rodoaed.ee\/","logo":{"@type":"ImageObject","inLanguage":"fi","@id":"https:\/\/rodoaed.ee\/#\/schema\/logo\/image\/","url":"https:\/\/rodoaed.ee\/wp-content\/uploads\/2019\/11\/rodoaed-logo-ilma-taustata.jpg","contentUrl":"https:\/\/rodoaed.ee\/wp-content\/uploads\/2019\/11\/rodoaed-logo-ilma-taustata.jpg","width":769,"height":268,"caption":"Rodoaed"},"image":{"@id":"https:\/\/rodoaed.ee\/#\/schema\/logo\/image\/"},"sameAs":["https:\/\/www.facebook.com\/kasvuhooned\/","https:\/\/rodoaed.ee"]}]}},"_links":{"self":[{"href":"https:\/\/rodoaed.ee\/fi\/wp-json\/wp\/v2\/product\/53441","targetHints":{"allow":["GET"]}}],"collection":[{"href":"https:\/\/rodoaed.ee\/fi\/wp-json\/wp\/v2\/product"}],"about":[{"href":"https:\/\/rodoaed.ee\/fi\/wp-json\/wp\/v2\/types\/product"}],"wp:featuredmedia":[{"embeddable":true,"href":"https:\/\/rodoaed.ee\/fi\/wp-json\/wp\/v2\/media\/18189"}],"wp:attachment":[{"href":"https:\/\/rodoaed.ee\/fi\/wp-json\/wp\/v2\/media?parent=53441"}],"wp:term":[{"taxonomy":"product_brand","embeddable":true,"href":"https:\/\/rodoaed.ee\/fi\/wp-json\/wp\/v2\/product_brand?post=53441"},{"taxonomy":"product_cat","embeddable":true,"href":"https:\/\/rodoaed.ee\/fi\/wp-json\/wp\/v2\/product_cat?post=53441"},{"taxonomy":"product_tag","embeddable":true,"href":"https:\/\/rodoaed.ee\/fi\/wp-json\/wp\/v2\/product_tag?post=53441"}],"curies":[{"name":"wp","href":"https:\/\/api.w.org\/{rel}","templated":true}]}}