{"id":53442,"date":"2019-08-02T12:49:39","date_gmt":"2019-08-02T09:49:39","guid":{"rendered":"https:\/\/rodoaed.ee\/toode\/kaksoispistorasia-9b-pakoluukkua-varten\/"},"modified":"2026-04-13T11:06:01","modified_gmt":"2026-04-13T08:06:01","slug":"kaksoispistorasia-9b-pakoluukkua-varten","status":"publish","type":"product","link":"https:\/\/rodoaed.ee\/fi\/tuote\/kaksoispistorasia-9b-pakoluukkua-varten\/","title":{"rendered":"Kaksoispistorasia 9B pakoluukkua varten"},"content":{"rendered":"<h2>Uusi huuhkajan pes\u00e4laatikon malli 9B<\/h2>\n<p><strong>Materiaali per\u00e4isin<\/strong><\/p>\n<p>Poistumisluukun kaksinkertainen pistorasia on valmistettu hengitt\u00e4v\u00e4st\u00e4 ter\u00e4sbetonista.<\/p>\n<p><strong>Koska haikarat ovat hyvin seurallisia lintuja, ne pesiv\u00e4t mieluiten pareittain. Jos mahdollista, asenna useita pes\u00e4pareja l\u00e4helle toisiaan ryhm\u00e4n\u00e4. T\u00e4m\u00e4 tekee paikasta houkuttelevamman linnuille.  <\/strong><\/p>\n<p><strong>Asennus<\/strong><\/p>\n<p>asennetaan rakennuksen r\u00e4yst\u00e4\u00e4n alle ulkosein\u00e4\u00e4n. P\u00f6ll\u00f6t eiv\u00e4t koskaan pesi mesiangervon sis\u00e4ll\u00e4. <\/p>\n<p>Korkeus maanpinnasta v\u00e4hint\u00e4\u00e4n 2 m.<\/p>\n<p>&nbsp;<\/p>\n<p><strong>Puhdistus<\/strong><\/p>\n<p>Ei tarvitse puhdistaa vuosiin<\/p>\n<p><strong>Mitat<\/strong><\/p>\n<p>korkeus 11cm x 46cm x 14cm<\/p>\n<p><strong>Paino<\/strong><\/p>\n<p>noin 2,6 kg<\/p>\n<p>&nbsp;<\/p>\n","protected":false},"excerpt":{"rendered":"<p>Uusi huuhkajan pes\u00e4laatikon malli 9B Materiaali per\u00e4isin Poistumisluukun kaksinkertainen pistorasia on valmistettu hengitt\u00e4v\u00e4st\u00e4 ter\u00e4sbetonista. Koska haikarat ovat hyvin seurallisia lintuja, ne pesiv\u00e4t mieluiten pareittain. Jos mahdollista, asenna useita pes\u00e4pareja l\u00e4helle toisiaan ryhm\u00e4n\u00e4. T\u00e4m\u00e4 tekee paikasta houkuttelevamman linnuille. Asennus asennetaan rakennuksen r\u00e4yst\u00e4\u00e4n alle ulkosein\u00e4\u00e4n. P\u00f6ll\u00f6t eiv\u00e4t koskaan pesi mesiangervon sis\u00e4ll\u00e4. Korkeus maanpinnasta v\u00e4hint\u00e4\u00e4n 2 m. &nbsp; Puhdistus Ei tarvitse puhdistaa vuosiin Mitat korkeus 11cm x 46cm&#8230;<\/p>\n","protected":false},"featured_media":18207,"template":"","meta":{"_acf_changed":false},"product_brand":[],"product_cat":[1953,1743,1963,1851,1745],"product_tag":[],"class_list":{"0":"post-53442","1":"product","2":"type-product","3":"status-publish","4":"has-post-thumbnail","6":"product_cat-lintujen-pesakotelot","7":"product_cat-lisalahjat-lahjat","8":"product_cat-paaskysten-pesat-savupaaskyt-raystaspaaskyt","9":"product_cat-pesakotelot","10":"product_cat-suuri-varaston-tyhjennysmyynti","11":"product_shipping_class-toimitus-1-3-tyopaivan-kuluessa","12":"pa_variatsioon-kaksoispistorasia-9b-tilauksesta","14":"first","15":"instock","16":"sale","17":"taxable","18":"shipping-taxable","19":"purchasable","20":"product-type-simple"},"acf":[],"yoast_head":"<!-- This site is optimized with the Yoast SEO Premium plugin v27.3 (Yoast SEO v27.3) - https:\/\/yoast.com\/product\/yoast-seo-premium-wordpress\/ -->\n<title>Kaksoispistorasia 9B pakoluukkua varten - Rodoaed<\/title>\n<meta name=\"robots\" content=\"index, follow, max-snippet:-1, max-image-preview:large, max-video-preview:-1\" \/>\n<link rel=\"canonical\" href=\"https:\/\/rodoaed.ee\/toode\/kaksoispistorasia-9b-pakoluukkua-varten\/\" \/>\n<meta property=\"og:locale\" content=\"fi_FI\" \/>\n<meta property=\"og:type\" content=\"article\" \/>\n<meta property=\"og:title\" content=\"Kaksoispistorasia 9B pakoluukkua varten\" \/>\n<meta property=\"og:description\" content=\"Uusi huuhkajan pes\u00e4laatikon malli 9B Materiaali per\u00e4isin Poistumisluukun kaksinkertainen pistorasia on valmistettu hengitt\u00e4v\u00e4st\u00e4 ter\u00e4sbetonista. Koska\" \/>\n<meta property=\"og:url\" content=\"https:\/\/rodoaed.ee\/toode\/kaksoispistorasia-9b-pakoluukkua-varten\/\" \/>\n<meta property=\"og:site_name\" content=\"Rodoaed\" \/>\n<meta property=\"article:publisher\" content=\"https:\/\/www.facebook.com\/kasvuhooned\/\" \/>\n<meta property=\"article:modified_time\" content=\"2026-04-13T08:06:01+00:00\" \/>\n<meta name=\"twitter:card\" content=\"summary_large_image\" \/>\n<script type=\"application\/ld+json\" class=\"yoast-schema-graph\">{\"@context\":\"https:\\\/\\\/schema.org\",\"@graph\":[{\"@type\":\"WebPage\",\"@id\":\"https:\\\/\\\/rodoaed.ee\\\/toode\\\/kaksoispistorasia-9b-pakoluukkua-varten\\\/\",\"url\":\"https:\\\/\\\/rodoaed.ee\\\/toode\\\/kaksoispistorasia-9b-pakoluukkua-varten\\\/\",\"name\":\"Kaksoispistorasia 9B pakoluukkua varten - Rodoaed\",\"isPartOf\":{\"@id\":\"https:\\\/\\\/rodoaed.ee\\\/#website\"},\"primaryImageOfPage\":{\"@id\":\"https:\\\/\\\/rodoaed.ee\\\/toode\\\/kaksoispistorasia-9b-pakoluukkua-varten\\\/#primaryimage\"},\"image\":{\"@id\":\"https:\\\/\\\/rodoaed.ee\\\/toode\\\/kaksoispistorasia-9b-pakoluukkua-varten\\\/#primaryimage\"},\"thumbnailUrl\":\"https:\\\/\\\/rodoaed.ee\\\/wp-content\\\/uploads\\\/2019\\\/07\\\/r\u00e4\u00e4stap\u00e4\u00e4sukuse-pesa_9B_312_01.jpg\",\"datePublished\":\"2019-08-02T09:49:39+00:00\",\"dateModified\":\"2026-04-13T08:06:01+00:00\",\"breadcrumb\":{\"@id\":\"https:\\\/\\\/rodoaed.ee\\\/toode\\\/kaksoispistorasia-9b-pakoluukkua-varten\\\/#breadcrumb\"},\"inLanguage\":\"fi\",\"potentialAction\":[{\"@type\":\"ReadAction\",\"target\":[\"https:\\\/\\\/rodoaed.ee\\\/toode\\\/kaksoispistorasia-9b-pakoluukkua-varten\\\/\"]}]},{\"@type\":\"ImageObject\",\"inLanguage\":\"fi\",\"@id\":\"https:\\\/\\\/rodoaed.ee\\\/toode\\\/kaksoispistorasia-9b-pakoluukkua-varten\\\/#primaryimage\",\"url\":\"https:\\\/\\\/rodoaed.ee\\\/wp-content\\\/uploads\\\/2019\\\/07\\\/r\u00e4\u00e4stap\u00e4\u00e4sukuse-pesa_9B_312_01.jpg\",\"contentUrl\":\"https:\\\/\\\/rodoaed.ee\\\/wp-content\\\/uploads\\\/2019\\\/07\\\/r\u00e4\u00e4stap\u00e4\u00e4sukuse-pesa_9B_312_01.jpg\",\"width\":400,\"height\":265},{\"@type\":\"BreadcrumbList\",\"@id\":\"https:\\\/\\\/rodoaed.ee\\\/toode\\\/kaksoispistorasia-9b-pakoluukkua-varten\\\/#breadcrumb\",\"itemListElement\":[{\"@type\":\"ListItem\",\"position\":1,\"name\":\"Home\",\"item\":\"https:\\\/\\\/rodoaed.ee\\\/fi\\\/\"},{\"@type\":\"ListItem\",\"position\":2,\"name\":\"Osta osoitteessa\",\"item\":\"https:\\\/\\\/rodoaed.ee\\\/osta-osoitteessa\\\/\"},{\"@type\":\"ListItem\",\"position\":3,\"name\":\"Kaksoispistorasia 9B pakoluukkua varten\"}]},{\"@type\":\"WebSite\",\"@id\":\"https:\\\/\\\/rodoaed.ee\\\/#website\",\"url\":\"https:\\\/\\\/rodoaed.ee\\\/\",\"name\":\"Rodoaed\",\"description\":\"\",\"publisher\":{\"@id\":\"https:\\\/\\\/rodoaed.ee\\\/#organization\"},\"potentialAction\":[{\"@type\":\"SearchAction\",\"target\":{\"@type\":\"EntryPoint\",\"urlTemplate\":\"https:\\\/\\\/rodoaed.ee\\\/?s={search_term_string}\"},\"query-input\":{\"@type\":\"PropertyValueSpecification\",\"valueRequired\":true,\"valueName\":\"search_term_string\"}}],\"inLanguage\":\"fi\"},{\"@type\":\"Organization\",\"@id\":\"https:\\\/\\\/rodoaed.ee\\\/#organization\",\"name\":\"Rodoaed\",\"url\":\"https:\\\/\\\/rodoaed.ee\\\/\",\"logo\":{\"@type\":\"ImageObject\",\"inLanguage\":\"fi\",\"@id\":\"https:\\\/\\\/rodoaed.ee\\\/#\\\/schema\\\/logo\\\/image\\\/\",\"url\":\"https:\\\/\\\/rodoaed.ee\\\/wp-content\\\/uploads\\\/2019\\\/11\\\/rodoaed-logo-ilma-taustata.jpg\",\"contentUrl\":\"https:\\\/\\\/rodoaed.ee\\\/wp-content\\\/uploads\\\/2019\\\/11\\\/rodoaed-logo-ilma-taustata.jpg\",\"width\":769,\"height\":268,\"caption\":\"Rodoaed\"},\"image\":{\"@id\":\"https:\\\/\\\/rodoaed.ee\\\/#\\\/schema\\\/logo\\\/image\\\/\"},\"sameAs\":[\"https:\\\/\\\/www.facebook.com\\\/kasvuhooned\\\/\",\"https:\\\/\\\/rodoaed.ee\"]}]}<\/script>\n<!-- \/ Yoast SEO Premium plugin. -->","yoast_head_json":{"title":"Kaksoispistorasia 9B pakoluukkua varten - Rodoaed","robots":{"index":"index","follow":"follow","max-snippet":"max-snippet:-1","max-image-preview":"max-image-preview:large","max-video-preview":"max-video-preview:-1"},"canonical":"https:\/\/rodoaed.ee\/toode\/kaksoispistorasia-9b-pakoluukkua-varten\/","og_locale":"fi_FI","og_type":"article","og_title":"Kaksoispistorasia 9B pakoluukkua varten","og_description":"Uusi huuhkajan pes\u00e4laatikon malli 9B Materiaali per\u00e4isin Poistumisluukun kaksinkertainen pistorasia on valmistettu hengitt\u00e4v\u00e4st\u00e4 ter\u00e4sbetonista. Koska","og_url":"https:\/\/rodoaed.ee\/toode\/kaksoispistorasia-9b-pakoluukkua-varten\/","og_site_name":"Rodoaed","article_publisher":"https:\/\/www.facebook.com\/kasvuhooned\/","article_modified_time":"2026-04-13T08:06:01+00:00","twitter_card":"summary_large_image","schema":{"@context":"https:\/\/schema.org","@graph":[{"@type":"WebPage","@id":"https:\/\/rodoaed.ee\/toode\/kaksoispistorasia-9b-pakoluukkua-varten\/","url":"https:\/\/rodoaed.ee\/toode\/kaksoispistorasia-9b-pakoluukkua-varten\/","name":"Kaksoispistorasia 9B pakoluukkua varten - Rodoaed","isPartOf":{"@id":"https:\/\/rodoaed.ee\/#website"},"primaryImageOfPage":{"@id":"https:\/\/rodoaed.ee\/toode\/kaksoispistorasia-9b-pakoluukkua-varten\/#primaryimage"},"image":{"@id":"https:\/\/rodoaed.ee\/toode\/kaksoispistorasia-9b-pakoluukkua-varten\/#primaryimage"},"thumbnailUrl":"https:\/\/rodoaed.ee\/wp-content\/uploads\/2019\/07\/r\u00e4\u00e4stap\u00e4\u00e4sukuse-pesa_9B_312_01.jpg","datePublished":"2019-08-02T09:49:39+00:00","dateModified":"2026-04-13T08:06:01+00:00","breadcrumb":{"@id":"https:\/\/rodoaed.ee\/toode\/kaksoispistorasia-9b-pakoluukkua-varten\/#breadcrumb"},"inLanguage":"fi","potentialAction":[{"@type":"ReadAction","target":["https:\/\/rodoaed.ee\/toode\/kaksoispistorasia-9b-pakoluukkua-varten\/"]}]},{"@type":"ImageObject","inLanguage":"fi","@id":"https:\/\/rodoaed.ee\/toode\/kaksoispistorasia-9b-pakoluukkua-varten\/#primaryimage","url":"https:\/\/rodoaed.ee\/wp-content\/uploads\/2019\/07\/r\u00e4\u00e4stap\u00e4\u00e4sukuse-pesa_9B_312_01.jpg","contentUrl":"https:\/\/rodoaed.ee\/wp-content\/uploads\/2019\/07\/r\u00e4\u00e4stap\u00e4\u00e4sukuse-pesa_9B_312_01.jpg","width":400,"height":265},{"@type":"BreadcrumbList","@id":"https:\/\/rodoaed.ee\/toode\/kaksoispistorasia-9b-pakoluukkua-varten\/#breadcrumb","itemListElement":[{"@type":"ListItem","position":1,"name":"Home","item":"https:\/\/rodoaed.ee\/fi\/"},{"@type":"ListItem","position":2,"name":"Osta osoitteessa","item":"https:\/\/rodoaed.ee\/osta-osoitteessa\/"},{"@type":"ListItem","position":3,"name":"Kaksoispistorasia 9B pakoluukkua varten"}]},{"@type":"WebSite","@id":"https:\/\/rodoaed.ee\/#website","url":"https:\/\/rodoaed.ee\/","name":"Rodoaed","description":"","publisher":{"@id":"https:\/\/rodoaed.ee\/#organization"},"potentialAction":[{"@type":"SearchAction","target":{"@type":"EntryPoint","urlTemplate":"https:\/\/rodoaed.ee\/?s={search_term_string}"},"query-input":{"@type":"PropertyValueSpecification","valueRequired":true,"valueName":"search_term_string"}}],"inLanguage":"fi"},{"@type":"Organization","@id":"https:\/\/rodoaed.ee\/#organization","name":"Rodoaed","url":"https:\/\/rodoaed.ee\/","logo":{"@type":"ImageObject","inLanguage":"fi","@id":"https:\/\/rodoaed.ee\/#\/schema\/logo\/image\/","url":"https:\/\/rodoaed.ee\/wp-content\/uploads\/2019\/11\/rodoaed-logo-ilma-taustata.jpg","contentUrl":"https:\/\/rodoaed.ee\/wp-content\/uploads\/2019\/11\/rodoaed-logo-ilma-taustata.jpg","width":769,"height":268,"caption":"Rodoaed"},"image":{"@id":"https:\/\/rodoaed.ee\/#\/schema\/logo\/image\/"},"sameAs":["https:\/\/www.facebook.com\/kasvuhooned\/","https:\/\/rodoaed.ee"]}]}},"_links":{"self":[{"href":"https:\/\/rodoaed.ee\/fi\/wp-json\/wp\/v2\/product\/53442","targetHints":{"allow":["GET"]}}],"collection":[{"href":"https:\/\/rodoaed.ee\/fi\/wp-json\/wp\/v2\/product"}],"about":[{"href":"https:\/\/rodoaed.ee\/fi\/wp-json\/wp\/v2\/types\/product"}],"wp:featuredmedia":[{"embeddable":true,"href":"https:\/\/rodoaed.ee\/fi\/wp-json\/wp\/v2\/media\/18207"}],"wp:attachment":[{"href":"https:\/\/rodoaed.ee\/fi\/wp-json\/wp\/v2\/media?parent=53442"}],"wp:term":[{"taxonomy":"product_brand","embeddable":true,"href":"https:\/\/rodoaed.ee\/fi\/wp-json\/wp\/v2\/product_brand?post=53442"},{"taxonomy":"product_cat","embeddable":true,"href":"https:\/\/rodoaed.ee\/fi\/wp-json\/wp\/v2\/product_cat?post=53442"},{"taxonomy":"product_tag","embeddable":true,"href":"https:\/\/rodoaed.ee\/fi\/wp-json\/wp\/v2\/product_tag?post=53442"}],"curies":[{"name":"wp","href":"https:\/\/api.w.org\/{rel}","templated":true}]}}