{"id":53443,"date":"2019-08-02T12:49:39","date_gmt":"2019-08-02T09:49:39","guid":{"rendered":"https:\/\/rodoaed.ee\/toode\/savusuuttimen-pistorasia-10b\/"},"modified":"2026-04-13T11:06:02","modified_gmt":"2026-04-13T08:06:02","slug":"savusuuttimen-pistorasia-10b","status":"publish","type":"product","link":"https:\/\/rodoaed.ee\/fi\/tuote\/savusuuttimen-pistorasia-10b\/","title":{"rendered":"Savusuuttimen pistorasia 10B"},"content":{"rendered":"<h2>Kansallislintumme &#8211; uusi malli 10B savulinnun yksin\u00e4isest\u00e4 pes\u00e4st\u00e4&#8230;<\/h2>\n<p>&nbsp;<\/p>\n<p><strong>Materiaali per\u00e4isin<\/strong><\/p>\n<p>Savupiipun pes\u00e4 on tehty hengitt\u00e4v\u00e4st\u00e4 puubetonista.<\/p>\n<p>&nbsp;<\/p>\n<p><strong>Asennus<\/strong><\/p>\n<p><strong>Vaikka savup\u00f6ll\u00f6t ovat sosiaalisia lintuja, pes\u00e4t eiv\u00e4t saisi olla liian l\u00e4hell\u00e4 toisiaan. Aseta yksitt\u00e4iset pes\u00e4t noin 1 metrin p\u00e4\u00e4h\u00e4n toisistaan. <\/strong><\/p>\n<p>Asenna rakennuksen r\u00e4yst\u00e4\u00e4n alle ulkosein\u00e4\u00e4n tai katon alle sis\u00e4sein\u00e4\u00e4n. Huom. Pistorasian yl\u00e4reunan ja katon tai r\u00e4yst\u00e4\u00e4n v\u00e4liss\u00e4 on oltava v\u00e4hint\u00e4\u00e4n 6 cm:n rako. <\/p>\n<p>Pes\u00e4 voidaan asentaa mink\u00e4 tahansa rakennuksen sein\u00e4\u00e4n, kunhan linnut p\u00e4\u00e4sev\u00e4t vapaasti pes\u00e4\u00e4n sis\u00e4tiloissa.<\/p>\n<p>&nbsp;<\/p>\n<p><strong>Puhdistus<\/strong><\/p>\n<p>Ei tarvitse puhdistaa vuosiin. Tosin se voidaan toisinaan puhdistaa yksinkertaisesti tyhjent\u00e4m\u00e4ll\u00e4 muhviosa. <\/p>\n<p><strong>Mitat<\/strong><\/p>\n<p>korkeus 11cm x 25cm x 14cm<\/p>\n<p><strong>Paino<\/strong><\/p>\n<p>noin 0,9 kg<\/p>\n<p>&nbsp;<\/p>\n","protected":false},"excerpt":{"rendered":"<p>Kansallislintumme &#8211; uusi malli 10B savulinnun yksin\u00e4isest\u00e4 pes\u00e4st\u00e4&#8230; &nbsp; Materiaali per\u00e4isin Savupiipun pes\u00e4 on tehty hengitt\u00e4v\u00e4st\u00e4 puubetonista. &nbsp; Asennus Vaikka savup\u00f6ll\u00f6t ovat sosiaalisia lintuja, pes\u00e4t eiv\u00e4t saisi olla liian l\u00e4hell\u00e4 toisiaan. Aseta yksitt\u00e4iset pes\u00e4t noin 1 metrin p\u00e4\u00e4h\u00e4n toisistaan. Asenna rakennuksen r\u00e4yst\u00e4\u00e4n alle ulkosein\u00e4\u00e4n tai katon alle sis\u00e4sein\u00e4\u00e4n. Huom. Pistorasian yl\u00e4reunan ja katon tai r\u00e4yst\u00e4\u00e4n v\u00e4liss\u00e4 on oltava v\u00e4hint\u00e4\u00e4n 6 cm:n rako. Pes\u00e4 voidaan asentaa&#8230;<\/p>\n","protected":false},"featured_media":18204,"template":"","meta":{"_acf_changed":false},"product_brand":[],"product_cat":[1953,1963,1851],"product_tag":[],"class_list":{"0":"post-53443","1":"product","2":"type-product","3":"status-publish","4":"has-post-thumbnail","6":"product_cat-lintujen-pesakotelot","7":"product_cat-paaskysten-pesat-savupaaskyt-raystaspaaskyt","8":"product_cat-pesakotelot","9":"product_shipping_class-toimitus-1-3-tyopaivan-kuluessa","10":"pa_variatsioon-savusuuttimen-pistorasia-10b-tilauksen-mukaan","12":"first","13":"outofstock","14":"sale","15":"taxable","16":"shipping-taxable","17":"purchasable","18":"product-type-simple"},"acf":[],"yoast_head":"<!-- This site is optimized with the Yoast SEO Premium plugin v27.3 (Yoast SEO v27.3) - https:\/\/yoast.com\/product\/yoast-seo-premium-wordpress\/ -->\n<title>Savusuuttimen pistorasia 10B - Rodoaed<\/title>\n<meta name=\"robots\" content=\"index, follow, max-snippet:-1, max-image-preview:large, max-video-preview:-1\" \/>\n<link rel=\"canonical\" href=\"https:\/\/rodoaed.ee\/toode\/savusuuttimen-pistorasia-10b\/\" \/>\n<meta property=\"og:locale\" content=\"fi_FI\" \/>\n<meta property=\"og:type\" content=\"article\" \/>\n<meta property=\"og:title\" content=\"Savusuuttimen pistorasia 10B\" \/>\n<meta property=\"og:description\" content=\"Kansallislintumme - uusi malli 10B savulinnun yksin\u00e4isest\u00e4 pes\u00e4st\u00e4... &nbsp; Materiaali per\u00e4isin Savupiipun pes\u00e4 on tehty hengitt\u00e4v\u00e4st\u00e4 puubetonista.\" \/>\n<meta property=\"og:url\" content=\"https:\/\/rodoaed.ee\/toode\/savusuuttimen-pistorasia-10b\/\" \/>\n<meta property=\"og:site_name\" content=\"Rodoaed\" \/>\n<meta property=\"article:publisher\" content=\"https:\/\/www.facebook.com\/kasvuhooned\/\" \/>\n<meta property=\"article:modified_time\" content=\"2026-04-13T08:06:02+00:00\" \/>\n<meta name=\"twitter:card\" content=\"summary_large_image\" \/>\n<meta name=\"twitter:label1\" content=\"Arvioitu lukuaika\" \/>\n\t<meta name=\"twitter:data1\" content=\"1 minuutti\" \/>\n<script type=\"application\/ld+json\" class=\"yoast-schema-graph\">{\"@context\":\"https:\\\/\\\/schema.org\",\"@graph\":[{\"@type\":\"WebPage\",\"@id\":\"https:\\\/\\\/rodoaed.ee\\\/toode\\\/savusuuttimen-pistorasia-10b\\\/\",\"url\":\"https:\\\/\\\/rodoaed.ee\\\/toode\\\/savusuuttimen-pistorasia-10b\\\/\",\"name\":\"Savusuuttimen pistorasia 10B - Rodoaed\",\"isPartOf\":{\"@id\":\"https:\\\/\\\/rodoaed.ee\\\/#website\"},\"primaryImageOfPage\":{\"@id\":\"https:\\\/\\\/rodoaed.ee\\\/toode\\\/savusuuttimen-pistorasia-10b\\\/#primaryimage\"},\"image\":{\"@id\":\"https:\\\/\\\/rodoaed.ee\\\/toode\\\/savusuuttimen-pistorasia-10b\\\/#primaryimage\"},\"thumbnailUrl\":\"https:\\\/\\\/rodoaed.ee\\\/wp-content\\\/uploads\\\/2019\\\/07\\\/suitsup\u00e4\u00e4sukese-pesa_10B_331_01.jpg\",\"datePublished\":\"2019-08-02T09:49:39+00:00\",\"dateModified\":\"2026-04-13T08:06:02+00:00\",\"breadcrumb\":{\"@id\":\"https:\\\/\\\/rodoaed.ee\\\/toode\\\/savusuuttimen-pistorasia-10b\\\/#breadcrumb\"},\"inLanguage\":\"fi\",\"potentialAction\":[{\"@type\":\"ReadAction\",\"target\":[\"https:\\\/\\\/rodoaed.ee\\\/toode\\\/savusuuttimen-pistorasia-10b\\\/\"]}]},{\"@type\":\"ImageObject\",\"inLanguage\":\"fi\",\"@id\":\"https:\\\/\\\/rodoaed.ee\\\/toode\\\/savusuuttimen-pistorasia-10b\\\/#primaryimage\",\"url\":\"https:\\\/\\\/rodoaed.ee\\\/wp-content\\\/uploads\\\/2019\\\/07\\\/suitsup\u00e4\u00e4sukese-pesa_10B_331_01.jpg\",\"contentUrl\":\"https:\\\/\\\/rodoaed.ee\\\/wp-content\\\/uploads\\\/2019\\\/07\\\/suitsup\u00e4\u00e4sukese-pesa_10B_331_01.jpg\",\"width\":400,\"height\":265},{\"@type\":\"BreadcrumbList\",\"@id\":\"https:\\\/\\\/rodoaed.ee\\\/toode\\\/savusuuttimen-pistorasia-10b\\\/#breadcrumb\",\"itemListElement\":[{\"@type\":\"ListItem\",\"position\":1,\"name\":\"Home\",\"item\":\"https:\\\/\\\/rodoaed.ee\\\/fi\\\/\"},{\"@type\":\"ListItem\",\"position\":2,\"name\":\"Osta osoitteessa\",\"item\":\"https:\\\/\\\/rodoaed.ee\\\/osta-osoitteessa\\\/\"},{\"@type\":\"ListItem\",\"position\":3,\"name\":\"Savusuuttimen pistorasia 10B\"}]},{\"@type\":\"WebSite\",\"@id\":\"https:\\\/\\\/rodoaed.ee\\\/#website\",\"url\":\"https:\\\/\\\/rodoaed.ee\\\/\",\"name\":\"Rodoaed\",\"description\":\"\",\"publisher\":{\"@id\":\"https:\\\/\\\/rodoaed.ee\\\/#organization\"},\"potentialAction\":[{\"@type\":\"SearchAction\",\"target\":{\"@type\":\"EntryPoint\",\"urlTemplate\":\"https:\\\/\\\/rodoaed.ee\\\/?s={search_term_string}\"},\"query-input\":{\"@type\":\"PropertyValueSpecification\",\"valueRequired\":true,\"valueName\":\"search_term_string\"}}],\"inLanguage\":\"fi\"},{\"@type\":\"Organization\",\"@id\":\"https:\\\/\\\/rodoaed.ee\\\/#organization\",\"name\":\"Rodoaed\",\"url\":\"https:\\\/\\\/rodoaed.ee\\\/\",\"logo\":{\"@type\":\"ImageObject\",\"inLanguage\":\"fi\",\"@id\":\"https:\\\/\\\/rodoaed.ee\\\/#\\\/schema\\\/logo\\\/image\\\/\",\"url\":\"https:\\\/\\\/rodoaed.ee\\\/wp-content\\\/uploads\\\/2019\\\/11\\\/rodoaed-logo-ilma-taustata.jpg\",\"contentUrl\":\"https:\\\/\\\/rodoaed.ee\\\/wp-content\\\/uploads\\\/2019\\\/11\\\/rodoaed-logo-ilma-taustata.jpg\",\"width\":769,\"height\":268,\"caption\":\"Rodoaed\"},\"image\":{\"@id\":\"https:\\\/\\\/rodoaed.ee\\\/#\\\/schema\\\/logo\\\/image\\\/\"},\"sameAs\":[\"https:\\\/\\\/www.facebook.com\\\/kasvuhooned\\\/\",\"https:\\\/\\\/rodoaed.ee\"]}]}<\/script>\n<!-- \/ Yoast SEO Premium plugin. -->","yoast_head_json":{"title":"Savusuuttimen pistorasia 10B - Rodoaed","robots":{"index":"index","follow":"follow","max-snippet":"max-snippet:-1","max-image-preview":"max-image-preview:large","max-video-preview":"max-video-preview:-1"},"canonical":"https:\/\/rodoaed.ee\/toode\/savusuuttimen-pistorasia-10b\/","og_locale":"fi_FI","og_type":"article","og_title":"Savusuuttimen pistorasia 10B","og_description":"Kansallislintumme - uusi malli 10B savulinnun yksin\u00e4isest\u00e4 pes\u00e4st\u00e4... &nbsp; Materiaali per\u00e4isin Savupiipun pes\u00e4 on tehty hengitt\u00e4v\u00e4st\u00e4 puubetonista.","og_url":"https:\/\/rodoaed.ee\/toode\/savusuuttimen-pistorasia-10b\/","og_site_name":"Rodoaed","article_publisher":"https:\/\/www.facebook.com\/kasvuhooned\/","article_modified_time":"2026-04-13T08:06:02+00:00","twitter_card":"summary_large_image","twitter_misc":{"Arvioitu lukuaika":"1 minuutti"},"schema":{"@context":"https:\/\/schema.org","@graph":[{"@type":"WebPage","@id":"https:\/\/rodoaed.ee\/toode\/savusuuttimen-pistorasia-10b\/","url":"https:\/\/rodoaed.ee\/toode\/savusuuttimen-pistorasia-10b\/","name":"Savusuuttimen pistorasia 10B - Rodoaed","isPartOf":{"@id":"https:\/\/rodoaed.ee\/#website"},"primaryImageOfPage":{"@id":"https:\/\/rodoaed.ee\/toode\/savusuuttimen-pistorasia-10b\/#primaryimage"},"image":{"@id":"https:\/\/rodoaed.ee\/toode\/savusuuttimen-pistorasia-10b\/#primaryimage"},"thumbnailUrl":"https:\/\/rodoaed.ee\/wp-content\/uploads\/2019\/07\/suitsup\u00e4\u00e4sukese-pesa_10B_331_01.jpg","datePublished":"2019-08-02T09:49:39+00:00","dateModified":"2026-04-13T08:06:02+00:00","breadcrumb":{"@id":"https:\/\/rodoaed.ee\/toode\/savusuuttimen-pistorasia-10b\/#breadcrumb"},"inLanguage":"fi","potentialAction":[{"@type":"ReadAction","target":["https:\/\/rodoaed.ee\/toode\/savusuuttimen-pistorasia-10b\/"]}]},{"@type":"ImageObject","inLanguage":"fi","@id":"https:\/\/rodoaed.ee\/toode\/savusuuttimen-pistorasia-10b\/#primaryimage","url":"https:\/\/rodoaed.ee\/wp-content\/uploads\/2019\/07\/suitsup\u00e4\u00e4sukese-pesa_10B_331_01.jpg","contentUrl":"https:\/\/rodoaed.ee\/wp-content\/uploads\/2019\/07\/suitsup\u00e4\u00e4sukese-pesa_10B_331_01.jpg","width":400,"height":265},{"@type":"BreadcrumbList","@id":"https:\/\/rodoaed.ee\/toode\/savusuuttimen-pistorasia-10b\/#breadcrumb","itemListElement":[{"@type":"ListItem","position":1,"name":"Home","item":"https:\/\/rodoaed.ee\/fi\/"},{"@type":"ListItem","position":2,"name":"Osta osoitteessa","item":"https:\/\/rodoaed.ee\/osta-osoitteessa\/"},{"@type":"ListItem","position":3,"name":"Savusuuttimen pistorasia 10B"}]},{"@type":"WebSite","@id":"https:\/\/rodoaed.ee\/#website","url":"https:\/\/rodoaed.ee\/","name":"Rodoaed","description":"","publisher":{"@id":"https:\/\/rodoaed.ee\/#organization"},"potentialAction":[{"@type":"SearchAction","target":{"@type":"EntryPoint","urlTemplate":"https:\/\/rodoaed.ee\/?s={search_term_string}"},"query-input":{"@type":"PropertyValueSpecification","valueRequired":true,"valueName":"search_term_string"}}],"inLanguage":"fi"},{"@type":"Organization","@id":"https:\/\/rodoaed.ee\/#organization","name":"Rodoaed","url":"https:\/\/rodoaed.ee\/","logo":{"@type":"ImageObject","inLanguage":"fi","@id":"https:\/\/rodoaed.ee\/#\/schema\/logo\/image\/","url":"https:\/\/rodoaed.ee\/wp-content\/uploads\/2019\/11\/rodoaed-logo-ilma-taustata.jpg","contentUrl":"https:\/\/rodoaed.ee\/wp-content\/uploads\/2019\/11\/rodoaed-logo-ilma-taustata.jpg","width":769,"height":268,"caption":"Rodoaed"},"image":{"@id":"https:\/\/rodoaed.ee\/#\/schema\/logo\/image\/"},"sameAs":["https:\/\/www.facebook.com\/kasvuhooned\/","https:\/\/rodoaed.ee"]}]}},"_links":{"self":[{"href":"https:\/\/rodoaed.ee\/fi\/wp-json\/wp\/v2\/product\/53443","targetHints":{"allow":["GET"]}}],"collection":[{"href":"https:\/\/rodoaed.ee\/fi\/wp-json\/wp\/v2\/product"}],"about":[{"href":"https:\/\/rodoaed.ee\/fi\/wp-json\/wp\/v2\/types\/product"}],"wp:featuredmedia":[{"embeddable":true,"href":"https:\/\/rodoaed.ee\/fi\/wp-json\/wp\/v2\/media\/18204"}],"wp:attachment":[{"href":"https:\/\/rodoaed.ee\/fi\/wp-json\/wp\/v2\/media?parent=53443"}],"wp:term":[{"taxonomy":"product_brand","embeddable":true,"href":"https:\/\/rodoaed.ee\/fi\/wp-json\/wp\/v2\/product_brand?post=53443"},{"taxonomy":"product_cat","embeddable":true,"href":"https:\/\/rodoaed.ee\/fi\/wp-json\/wp\/v2\/product_cat?post=53443"},{"taxonomy":"product_tag","embeddable":true,"href":"https:\/\/rodoaed.ee\/fi\/wp-json\/wp\/v2\/product_tag?post=53443"}],"curies":[{"name":"wp","href":"https:\/\/api.w.org\/{rel}","templated":true}]}}