{"id":53446,"date":"2019-08-02T12:49:39","date_gmt":"2019-08-02T09:49:39","guid":{"rendered":"https:\/\/rodoaed.ee\/toode\/rajoitinpesakotelo-nro-18\/"},"modified":"2026-04-13T11:06:13","modified_gmt":"2026-04-13T08:06:13","slug":"rajoitinpesakotelo-nro-18","status":"publish","type":"product","link":"https:\/\/rodoaed.ee\/fi\/tuote\/rajoitinpesakotelo-nro-18\/","title":{"rendered":"Rajoitinpes\u00e4kotelo nro 18"},"content":{"rendered":"<h2>Rajalaatikkomalli 18<\/h2>\n<p>T\u00e4m\u00e4 rajoitinpes\u00e4kotelomalli on osoittautunut k\u00e4yt\u00e4nn\u00f6ss\u00e4 eritt\u00e4in tehokkaaksi. Se on helposti omaksuttu ja sit\u00e4 on k\u00e4ytetty useita vuosia. Pes\u00e4laatikkoa ymp\u00e4r\u00f6iv\u00e4n kehyksen ansiosta asennus kaikista materiaaleista valmistettuihin seiniin ja julkisivuihin on eritt\u00e4in helppoa ja k\u00e4tev\u00e4\u00e4.  <\/p>\n<p><strong>Materiaali per\u00e4isin<\/strong><\/p>\n<p>P\u00f6ntt\u00f6laatikko on valmistettu hengitt\u00e4v\u00e4st\u00e4 puubetonista ja kiinnitetty kosteutta kest\u00e4v\u00e4\u00e4n puulevyyn.<\/p>\n<p><strong>Asennus<\/strong><\/p>\n<p>Asenna rakennuksen julkisivulle r\u00e4yst\u00e4\u00e4n varjoon, v\u00e4hint\u00e4\u00e4n 2 m korkeudelle maanpinnasta.<\/p>\n<p>Kaikenlaisten rakennusten julkisivuihin tai katon alle. Samanlainen kuin kaikki muutkin rajapes\u00e4mme, mutta koska lastulevy on kosteudenkest\u00e4v\u00e4\u00e4 mutta ei sateenkest\u00e4v\u00e4\u00e4, se on aina sijoitettava r\u00e4yst\u00e4\u00e4n alle tai muuhun varjoisaan paikkaan.<br \/>\nSis\u00e4\u00e4nk\u00e4ynnin on oltava v\u00e4hint\u00e4\u00e4n 6-7 m maanpinnan tai rakennusten ulkonevien osien yl\u00e4puolella. Korkeammallekin voidaan aina sijoittaa. On eritt\u00e4in t\u00e4rke\u00e4\u00e4 varmistaa, ett\u00e4 sis\u00e4\u00e4nk\u00e4ynnin alla ei ole ulkonevia osia, katon osia, putkia jne., sill\u00e4 sirrit l\u00e4hestyv\u00e4t pes\u00e4\u00e4 ja lent\u00e4v\u00e4t pois hyvin jyrk\u00e4sti ja suurella nopeudella. Sen on siis voitava lent\u00e4\u00e4 suoraan ja vapaasti alas sis\u00e4\u00e4nk\u00e4ynnin alle.    <\/p>\n<p>Suosittelemme l\u00e4mpim\u00e4sti, ett\u00e4 asennat aina useita pes\u00e4koteloita l\u00e4helle toisiaan, jotta muodostuu rajaseutulintujen yhdyskuntia. Rajayhdyskunta ei tarvitse v\u00e4himm\u00e4iset\u00e4isyytt\u00e4 muista lajeista &#8211; pes\u00e4laatikot voidaan siis sijoittaa suoraan vierekk\u00e4in. <\/p>\n<p><strong>Puhdistus<\/strong><\/p>\n<p>Koko aukko on helppo vet\u00e4\u00e4 ulos kehyksest\u00e4 ja puhdistaa, aivan kuten laatikko. Kun laitat sen takaisin paikalleen, kiinnit\u00e4 se taas pienell\u00e4 naulalla. <\/p>\n<p><strong>V\u00e4ritys:<\/strong><\/p>\n<p>Suosittelemme kulmalaatan maalaamista julkisivumaalilla ja pistorasian kulmaosan j\u00e4tt\u00e4mist\u00e4 maalaamatta, jotta varmistetaan parempi l\u00e4mp\u00f6tasapaino ja ilmanvaihto, mutta my\u00f6s siksi, ett\u00e4 rajoittimen on helpompi tarttua tappiin kynsill\u00e4\u00e4n laskeutuessaan. Kulhon maalaamattoman osan pinnasta voi tulla liukas ja siten vaikeasti k\u00e4ytett\u00e4v\u00e4. Jos maalaat osan altaasta, varmista, ett\u00e4 maalaat sen vain vesiohenteisella, hengitt\u00e4v\u00e4ll\u00e4 maalilla.  <\/p>\n<p><strong>Mitat<\/strong><\/p>\n<p>Ulkomitat: korkeus 19cm x 50cm x 22cm<\/p>\n<p><strong>Paino<\/strong><\/p>\n<p>noin 4,5 kg<\/p>\n<p>&nbsp;<\/p>\n","protected":false},"excerpt":{"rendered":"<p>Rajalaatikkomalli 18 T\u00e4m\u00e4 rajoitinpes\u00e4kotelomalli on osoittautunut k\u00e4yt\u00e4nn\u00f6ss\u00e4 eritt\u00e4in tehokkaaksi. Se on helposti omaksuttu ja sit\u00e4 on k\u00e4ytetty useita vuosia. Pes\u00e4laatikkoa ymp\u00e4r\u00f6iv\u00e4n kehyksen ansiosta asennus kaikista materiaaleista valmistettuihin seiniin ja julkisivuihin on eritt\u00e4in helppoa ja k\u00e4tev\u00e4\u00e4. Materiaali per\u00e4isin P\u00f6ntt\u00f6laatikko on valmistettu hengitt\u00e4v\u00e4st\u00e4 puubetonista ja kiinnitetty kosteutta kest\u00e4v\u00e4\u00e4n puulevyyn. Asennus Asenna rakennuksen julkisivulle r\u00e4yst\u00e4\u00e4n varjoon, v\u00e4hint\u00e4\u00e4n 2 m korkeudelle maanpinnasta. Kaikenlaisten rakennusten julkisivuihin tai katon alle. Samanlainen&#8230;<\/p>\n","protected":false},"featured_media":18179,"template":"","meta":{"_acf_changed":false},"product_brand":[],"product_cat":[1953,1963,1851,2308],"product_tag":[],"class_list":{"0":"post-53446","1":"product","2":"type-product","3":"status-publish","4":"has-post-thumbnail","6":"product_cat-lintujen-pesakotelot","7":"product_cat-paaskysten-pesat-savupaaskyt-raystaspaaskyt","8":"product_cat-pesakotelot","9":"product_cat-rajoituspesakkeet","10":"product_shipping_class-toimitus-1-3-tyopaivan-kuluessa","11":"pa_variatsioon-rajoitinpesakotelo-nro-18","13":"first","14":"onbackorder","15":"sale","16":"taxable","17":"shipping-taxable","18":"purchasable","19":"product-type-simple"},"acf":[],"yoast_head":"<!-- This site is optimized with the Yoast SEO Premium plugin v27.3 (Yoast SEO v27.3) - https:\/\/yoast.com\/product\/yoast-seo-premium-wordpress\/ -->\n<title>Rajoitinpes\u00e4kotelo nro 18 - Rodoaed<\/title>\n<meta name=\"robots\" content=\"index, follow, max-snippet:-1, max-image-preview:large, max-video-preview:-1\" \/>\n<link rel=\"canonical\" href=\"https:\/\/rodoaed.ee\/fi\/toode\/rajoitinpesakotelo-nro-18\/\" \/>\n<meta property=\"og:locale\" content=\"fi_FI\" \/>\n<meta property=\"og:type\" content=\"article\" \/>\n<meta property=\"og:title\" content=\"Rajoitinpes\u00e4kotelo nro 18\" \/>\n<meta property=\"og:description\" content=\"Rajalaatikkomalli 18 T\u00e4m\u00e4 rajoitinpes\u00e4kotelomalli on osoittautunut k\u00e4yt\u00e4nn\u00f6ss\u00e4 eritt\u00e4in tehokkaaksi. Se on helposti omaksuttu ja sit\u00e4 on k\u00e4ytetty useita\" \/>\n<meta property=\"og:url\" content=\"https:\/\/rodoaed.ee\/fi\/toode\/rajoitinpesakotelo-nro-18\/\" \/>\n<meta property=\"og:site_name\" content=\"Rodoaed\" \/>\n<meta property=\"article:publisher\" content=\"https:\/\/www.facebook.com\/kasvuhooned\/\" \/>\n<meta property=\"article:modified_time\" content=\"2026-04-13T08:06:13+00:00\" \/>\n<meta property=\"og:image\" content=\"https:\/\/rodoaed.ee\/wp-content\/uploads\/2019\/07\/Piiritaja-pesakast_nr-18_611_01.jpg\" \/>\n\t<meta property=\"og:image:width\" content=\"400\" \/>\n\t<meta property=\"og:image:height\" content=\"275\" \/>\n\t<meta property=\"og:image:type\" content=\"image\/jpeg\" \/>\n<meta name=\"twitter:card\" content=\"summary_large_image\" \/>\n<meta name=\"twitter:label1\" content=\"Arvioitu lukuaika\" \/>\n\t<meta name=\"twitter:data1\" content=\"2 minuuttia\" \/>\n<script type=\"application\/ld+json\" class=\"yoast-schema-graph\">{\"@context\":\"https:\\\/\\\/schema.org\",\"@graph\":[{\"@type\":\"WebPage\",\"@id\":\"https:\\\/\\\/rodoaed.ee\\\/fi\\\/toode\\\/rajoitinpesakotelo-nro-18\\\/\",\"url\":\"https:\\\/\\\/rodoaed.ee\\\/fi\\\/toode\\\/rajoitinpesakotelo-nro-18\\\/\",\"name\":\"Rajoitinpes\u00e4kotelo nro 18 - Rodoaed\",\"isPartOf\":{\"@id\":\"https:\\\/\\\/rodoaed.ee\\\/#website\"},\"primaryImageOfPage\":{\"@id\":\"https:\\\/\\\/rodoaed.ee\\\/fi\\\/toode\\\/rajoitinpesakotelo-nro-18\\\/#primaryimage\"},\"image\":{\"@id\":\"https:\\\/\\\/rodoaed.ee\\\/fi\\\/toode\\\/rajoitinpesakotelo-nro-18\\\/#primaryimage\"},\"thumbnailUrl\":\"https:\\\/\\\/rodoaed.ee\\\/wp-content\\\/uploads\\\/2019\\\/07\\\/Piiritaja-pesakast_nr-18_611_01.jpg\",\"datePublished\":\"2019-08-02T09:49:39+00:00\",\"dateModified\":\"2026-04-13T08:06:13+00:00\",\"breadcrumb\":{\"@id\":\"https:\\\/\\\/rodoaed.ee\\\/fi\\\/toode\\\/rajoitinpesakotelo-nro-18\\\/#breadcrumb\"},\"inLanguage\":\"fi\",\"potentialAction\":[{\"@type\":\"ReadAction\",\"target\":[\"https:\\\/\\\/rodoaed.ee\\\/fi\\\/toode\\\/rajoitinpesakotelo-nro-18\\\/\"]}]},{\"@type\":\"ImageObject\",\"inLanguage\":\"fi\",\"@id\":\"https:\\\/\\\/rodoaed.ee\\\/fi\\\/toode\\\/rajoitinpesakotelo-nro-18\\\/#primaryimage\",\"url\":\"https:\\\/\\\/rodoaed.ee\\\/wp-content\\\/uploads\\\/2019\\\/07\\\/Piiritaja-pesakast_nr-18_611_01.jpg\",\"contentUrl\":\"https:\\\/\\\/rodoaed.ee\\\/wp-content\\\/uploads\\\/2019\\\/07\\\/Piiritaja-pesakast_nr-18_611_01.jpg\",\"width\":400,\"height\":275},{\"@type\":\"BreadcrumbList\",\"@id\":\"https:\\\/\\\/rodoaed.ee\\\/fi\\\/toode\\\/rajoitinpesakotelo-nro-18\\\/#breadcrumb\",\"itemListElement\":[{\"@type\":\"ListItem\",\"position\":1,\"name\":\"Home\",\"item\":\"https:\\\/\\\/rodoaed.ee\\\/fi\\\/\"},{\"@type\":\"ListItem\",\"position\":2,\"name\":\"Osta osoitteessa\",\"item\":\"https:\\\/\\\/rodoaed.ee\\\/osta-osoitteessa\\\/\"},{\"@type\":\"ListItem\",\"position\":3,\"name\":\"Rajoitinpes\u00e4kotelo nro 18\"}]},{\"@type\":\"WebSite\",\"@id\":\"https:\\\/\\\/rodoaed.ee\\\/#website\",\"url\":\"https:\\\/\\\/rodoaed.ee\\\/\",\"name\":\"Rodoaed\",\"description\":\"\",\"publisher\":{\"@id\":\"https:\\\/\\\/rodoaed.ee\\\/#organization\"},\"potentialAction\":[{\"@type\":\"SearchAction\",\"target\":{\"@type\":\"EntryPoint\",\"urlTemplate\":\"https:\\\/\\\/rodoaed.ee\\\/?s={search_term_string}\"},\"query-input\":{\"@type\":\"PropertyValueSpecification\",\"valueRequired\":true,\"valueName\":\"search_term_string\"}}],\"inLanguage\":\"fi\"},{\"@type\":\"Organization\",\"@id\":\"https:\\\/\\\/rodoaed.ee\\\/#organization\",\"name\":\"Rodoaed\",\"url\":\"https:\\\/\\\/rodoaed.ee\\\/\",\"logo\":{\"@type\":\"ImageObject\",\"inLanguage\":\"fi\",\"@id\":\"https:\\\/\\\/rodoaed.ee\\\/#\\\/schema\\\/logo\\\/image\\\/\",\"url\":\"https:\\\/\\\/rodoaed.ee\\\/wp-content\\\/uploads\\\/2019\\\/11\\\/rodoaed-logo-ilma-taustata.jpg\",\"contentUrl\":\"https:\\\/\\\/rodoaed.ee\\\/wp-content\\\/uploads\\\/2019\\\/11\\\/rodoaed-logo-ilma-taustata.jpg\",\"width\":769,\"height\":268,\"caption\":\"Rodoaed\"},\"image\":{\"@id\":\"https:\\\/\\\/rodoaed.ee\\\/#\\\/schema\\\/logo\\\/image\\\/\"},\"sameAs\":[\"https:\\\/\\\/www.facebook.com\\\/kasvuhooned\\\/\",\"https:\\\/\\\/rodoaed.ee\"]}]}<\/script>\n<!-- \/ Yoast SEO Premium plugin. -->","yoast_head_json":{"title":"Rajoitinpes\u00e4kotelo nro 18 - Rodoaed","robots":{"index":"index","follow":"follow","max-snippet":"max-snippet:-1","max-image-preview":"max-image-preview:large","max-video-preview":"max-video-preview:-1"},"canonical":"https:\/\/rodoaed.ee\/fi\/toode\/rajoitinpesakotelo-nro-18\/","og_locale":"fi_FI","og_type":"article","og_title":"Rajoitinpes\u00e4kotelo nro 18","og_description":"Rajalaatikkomalli 18 T\u00e4m\u00e4 rajoitinpes\u00e4kotelomalli on osoittautunut k\u00e4yt\u00e4nn\u00f6ss\u00e4 eritt\u00e4in tehokkaaksi. Se on helposti omaksuttu ja sit\u00e4 on k\u00e4ytetty useita","og_url":"https:\/\/rodoaed.ee\/fi\/toode\/rajoitinpesakotelo-nro-18\/","og_site_name":"Rodoaed","article_publisher":"https:\/\/www.facebook.com\/kasvuhooned\/","article_modified_time":"2026-04-13T08:06:13+00:00","og_image":[{"width":400,"height":275,"url":"https:\/\/rodoaed.ee\/wp-content\/uploads\/2019\/07\/Piiritaja-pesakast_nr-18_611_01.jpg","type":"image\/jpeg"}],"twitter_card":"summary_large_image","twitter_misc":{"Arvioitu lukuaika":"2 minuuttia"},"schema":{"@context":"https:\/\/schema.org","@graph":[{"@type":"WebPage","@id":"https:\/\/rodoaed.ee\/fi\/toode\/rajoitinpesakotelo-nro-18\/","url":"https:\/\/rodoaed.ee\/fi\/toode\/rajoitinpesakotelo-nro-18\/","name":"Rajoitinpes\u00e4kotelo nro 18 - Rodoaed","isPartOf":{"@id":"https:\/\/rodoaed.ee\/#website"},"primaryImageOfPage":{"@id":"https:\/\/rodoaed.ee\/fi\/toode\/rajoitinpesakotelo-nro-18\/#primaryimage"},"image":{"@id":"https:\/\/rodoaed.ee\/fi\/toode\/rajoitinpesakotelo-nro-18\/#primaryimage"},"thumbnailUrl":"https:\/\/rodoaed.ee\/wp-content\/uploads\/2019\/07\/Piiritaja-pesakast_nr-18_611_01.jpg","datePublished":"2019-08-02T09:49:39+00:00","dateModified":"2026-04-13T08:06:13+00:00","breadcrumb":{"@id":"https:\/\/rodoaed.ee\/fi\/toode\/rajoitinpesakotelo-nro-18\/#breadcrumb"},"inLanguage":"fi","potentialAction":[{"@type":"ReadAction","target":["https:\/\/rodoaed.ee\/fi\/toode\/rajoitinpesakotelo-nro-18\/"]}]},{"@type":"ImageObject","inLanguage":"fi","@id":"https:\/\/rodoaed.ee\/fi\/toode\/rajoitinpesakotelo-nro-18\/#primaryimage","url":"https:\/\/rodoaed.ee\/wp-content\/uploads\/2019\/07\/Piiritaja-pesakast_nr-18_611_01.jpg","contentUrl":"https:\/\/rodoaed.ee\/wp-content\/uploads\/2019\/07\/Piiritaja-pesakast_nr-18_611_01.jpg","width":400,"height":275},{"@type":"BreadcrumbList","@id":"https:\/\/rodoaed.ee\/fi\/toode\/rajoitinpesakotelo-nro-18\/#breadcrumb","itemListElement":[{"@type":"ListItem","position":1,"name":"Home","item":"https:\/\/rodoaed.ee\/fi\/"},{"@type":"ListItem","position":2,"name":"Osta osoitteessa","item":"https:\/\/rodoaed.ee\/osta-osoitteessa\/"},{"@type":"ListItem","position":3,"name":"Rajoitinpes\u00e4kotelo nro 18"}]},{"@type":"WebSite","@id":"https:\/\/rodoaed.ee\/#website","url":"https:\/\/rodoaed.ee\/","name":"Rodoaed","description":"","publisher":{"@id":"https:\/\/rodoaed.ee\/#organization"},"potentialAction":[{"@type":"SearchAction","target":{"@type":"EntryPoint","urlTemplate":"https:\/\/rodoaed.ee\/?s={search_term_string}"},"query-input":{"@type":"PropertyValueSpecification","valueRequired":true,"valueName":"search_term_string"}}],"inLanguage":"fi"},{"@type":"Organization","@id":"https:\/\/rodoaed.ee\/#organization","name":"Rodoaed","url":"https:\/\/rodoaed.ee\/","logo":{"@type":"ImageObject","inLanguage":"fi","@id":"https:\/\/rodoaed.ee\/#\/schema\/logo\/image\/","url":"https:\/\/rodoaed.ee\/wp-content\/uploads\/2019\/11\/rodoaed-logo-ilma-taustata.jpg","contentUrl":"https:\/\/rodoaed.ee\/wp-content\/uploads\/2019\/11\/rodoaed-logo-ilma-taustata.jpg","width":769,"height":268,"caption":"Rodoaed"},"image":{"@id":"https:\/\/rodoaed.ee\/#\/schema\/logo\/image\/"},"sameAs":["https:\/\/www.facebook.com\/kasvuhooned\/","https:\/\/rodoaed.ee"]}]}},"_links":{"self":[{"href":"https:\/\/rodoaed.ee\/fi\/wp-json\/wp\/v2\/product\/53446","targetHints":{"allow":["GET"]}}],"collection":[{"href":"https:\/\/rodoaed.ee\/fi\/wp-json\/wp\/v2\/product"}],"about":[{"href":"https:\/\/rodoaed.ee\/fi\/wp-json\/wp\/v2\/types\/product"}],"wp:featuredmedia":[{"embeddable":true,"href":"https:\/\/rodoaed.ee\/fi\/wp-json\/wp\/v2\/media\/18179"}],"wp:attachment":[{"href":"https:\/\/rodoaed.ee\/fi\/wp-json\/wp\/v2\/media?parent=53446"}],"wp:term":[{"taxonomy":"product_brand","embeddable":true,"href":"https:\/\/rodoaed.ee\/fi\/wp-json\/wp\/v2\/product_brand?post=53446"},{"taxonomy":"product_cat","embeddable":true,"href":"https:\/\/rodoaed.ee\/fi\/wp-json\/wp\/v2\/product_cat?post=53446"},{"taxonomy":"product_tag","embeddable":true,"href":"https:\/\/rodoaed.ee\/fi\/wp-json\/wp\/v2\/product_tag?post=53446"}],"curies":[{"name":"wp","href":"https:\/\/api.w.org\/{rel}","templated":true}]}}