{"id":53450,"date":"2019-08-02T12:49:39","date_gmt":"2019-08-02T09:49:39","guid":{"rendered":"https:\/\/rodoaed.ee\/toode\/pesalaatikko-2h\/"},"modified":"2026-04-13T11:06:16","modified_gmt":"2026-04-13T08:06:16","slug":"pesalaatikko-2h","status":"publish","type":"product","link":"https:\/\/rodoaed.ee\/fi\/tuote\/pesalaatikko-2h\/","title":{"rendered":"Pes\u00e4laatikko 2H"},"content":{"rendered":"<h2>Pes\u00e4laatikko 2H on suunniteltu puoliavoimissa koloissa ja koukuissa pesiville linnuille. T\u00e4m\u00e4 pes\u00e4laatikko on osoittautunut k\u00e4yt\u00e4nn\u00f6ss\u00e4 eritt\u00e4in tehokkaaksi linnuille, kuten lapinsirri, linssikirvinen, k\u00e4rp\u00e4ssiipi ja satunnaisesti k\u00e4pytikka ja punavarpunen. Aseta t\u00e4m\u00e4 pes\u00e4laatikko aina rakennuksen, vajan tai lankun sein\u00e4lle, ei puunrunkoon.  <\/h2>\n<p><strong>Pes\u00e4laatikon asennus:<\/strong><\/p>\n<figure id=\"attachment_6409\" aria-describedby=\"caption-attachment-6409\" style=\"width: 200px\" class=\"wp-caption alignright\"><img loading=\"lazy\" decoding=\"async\" class=\"size-medium-single-product wp-image-6409 \" src=\"https:\/\/www.rodoaed.ee\/wp-content\/uploads\/2014\/03\/avatud-pesakast_2H_152_02-200x150.jpg\" alt=\"\" width=\"200\" height=\"150\"><figcaption id=\"caption-attachment-6409\" class=\"wp-caption-text\">Avatud pesakast 2H<\/figcaption><\/figure>\n<p>K\u00e4yt\u00e4 mukana toimitettua alumiininaulaa ja ripustuskoukkua. Kiinnit\u00e4 aina talon, vajan, lankun sein\u00e4\u00e4n siten, ett\u00e4 lentoavaus on suorassa kulmassa sein\u00e4\u00e4n n\u00e4hden.  <\/p>\n<p>HUOM. \u00c4l\u00e4 kiinnit\u00e4 t\u00e4t\u00e4 pes\u00e4koteloa puunrunkoon tai pensaaseen, sill\u00e4 avoin etuosa on altis petoel\u00e4imille. Oikeaan paikkaan ripustettuna se houkuttelee helposti lueteltuja lajeja. <\/p>\n<p><strong>Puhdistus ja tarkastus:<\/strong><\/p>\n<p>Helppo puhdistaa ja tarkastaa irrotettavan etupaneelin ansiosta<\/p>\n<p><strong>Materiaali:<\/strong><\/p>\n<p>SCHWEGLER ilmaa l\u00e4p\u00e4isev\u00e4 ja pitk\u00e4ik\u00e4inen puubetoni<\/p>\n<p><strong>Setti sis\u00e4lt\u00e4\u00e4:<\/strong><\/p>\n<ul>\n<li>Pes\u00e4laatikko, jossa on irrotettava etupaneeli<\/li>\n<li>Sinkitty ter\u00e4skiinnike &#8211; mets\u00e4taloushyv\u00e4ksytty (alumiininaulalla).<\/li>\n<\/ul>\n<p><strong>Sis\u00e4inen koko:<\/strong><strong><\/p>\n<p><\/strong>pes\u00e4kammion koko on halkaisijaltaan 12 cm.<\/p>\n<p><strong>Kuka t\u00e4ytt\u00e4\u00e4 pes\u00e4kotelon:<\/strong><\/p>\n<p><em><em><em>Lepidoptera, peippoja, k\u00e4rp\u00e4ssiipi\u00e4 ja satunnaisesti punarintaisia k\u00e4rp\u00e4ssiipi\u00e4 ja k\u00e4pytikkoja.<\/em><\/em><\/em><\/p>\n<p><strong>Pes\u00e4kotelon paino: <\/strong>2,5 kg<\/p>\n<p>&nbsp;<\/p>\n<p><em><\/p>\n<p><\/em><\/p>\n","protected":false},"excerpt":{"rendered":"<p>Pes\u00e4laatikko 2H on suunniteltu puoliavoimissa koloissa ja koukuissa pesiville linnuille. T\u00e4m\u00e4 pes\u00e4laatikko on osoittautunut k\u00e4yt\u00e4nn\u00f6ss\u00e4 eritt\u00e4in tehokkaaksi linnuille, kuten lapinsirri, linssikirvinen, k\u00e4rp\u00e4ssiipi ja satunnaisesti k\u00e4pytikka ja punavarpunen. Aseta t\u00e4m\u00e4 pes\u00e4laatikko aina rakennuksen, vajan tai lankun sein\u00e4lle, ei puunrunkoon. Pes\u00e4laatikon asennus: K\u00e4yt\u00e4 mukana toimitettua alumiininaulaa ja ripustuskoukkua. Kiinnit\u00e4 aina talon, vajan, lankun sein\u00e4\u00e4n siten, ett\u00e4 lentoavaus on suorassa kulmassa sein\u00e4\u00e4n n\u00e4hden. HUOM. \u00c4l\u00e4 kiinnit\u00e4 t\u00e4t\u00e4 pes\u00e4koteloa&#8230;<\/p>\n","protected":false},"featured_media":18171,"template":"","meta":{"_acf_changed":false},"product_brand":[],"product_cat":[1928,1935,1851],"product_tag":[],"class_list":{"0":"post-53450","1":"product","2":"type-product","3":"status-publish","4":"has-post-thumbnail","6":"product_cat-avoimet-pesalaatikot-lepidoptera-punarintaiset-hedelmalinnut-kaki-pensastasku-pensastasku-varpuspollo-varpuspollo-varpuspollo","7":"product_cat-harrastepuutarhan-pesalaatikot","8":"product_cat-pesakotelot","9":"pa_variatsioon-pesalaatikko-2h-talla-hetkella-loppu-varastosta","11":"first","12":"outofstock","13":"sale","14":"taxable","15":"shipping-taxable","16":"purchasable","17":"product-type-simple"},"acf":[],"yoast_head":"<!-- This site is optimized with the Yoast SEO Premium plugin v27.3 (Yoast SEO v27.3) - https:\/\/yoast.com\/product\/yoast-seo-premium-wordpress\/ -->\n<title>Pes\u00e4laatikko 2H - Rodoaed<\/title>\n<meta name=\"robots\" content=\"index, follow, max-snippet:-1, max-image-preview:large, max-video-preview:-1\" \/>\n<link rel=\"canonical\" href=\"https:\/\/rodoaed.ee\/toode\/pesalaatikko-2h\/\" \/>\n<meta property=\"og:locale\" content=\"fi_FI\" \/>\n<meta property=\"og:type\" content=\"article\" \/>\n<meta property=\"og:title\" content=\"Pes\u00e4laatikko 2H\" \/>\n<meta property=\"og:description\" content=\"Pes\u00e4laatikko 2H on suunniteltu puoliavoimissa koloissa ja koukuissa pesiville linnuille. T\u00e4m\u00e4 pes\u00e4laatikko on osoittautunut k\u00e4yt\u00e4nn\u00f6ss\u00e4 eritt\u00e4in\" \/>\n<meta property=\"og:url\" content=\"https:\/\/rodoaed.ee\/toode\/pesalaatikko-2h\/\" \/>\n<meta property=\"og:site_name\" content=\"Rodoaed\" \/>\n<meta property=\"article:publisher\" content=\"https:\/\/www.facebook.com\/kasvuhooned\/\" \/>\n<meta property=\"article:modified_time\" content=\"2026-04-13T08:06:16+00:00\" \/>\n<meta name=\"twitter:card\" content=\"summary_large_image\" \/>\n<meta name=\"twitter:label1\" content=\"Arvioitu lukuaika\" \/>\n\t<meta name=\"twitter:data1\" content=\"1 minuutti\" \/>\n<script type=\"application\/ld+json\" class=\"yoast-schema-graph\">{\"@context\":\"https:\\\/\\\/schema.org\",\"@graph\":[{\"@type\":\"WebPage\",\"@id\":\"https:\\\/\\\/rodoaed.ee\\\/toode\\\/pesalaatikko-2h\\\/\",\"url\":\"https:\\\/\\\/rodoaed.ee\\\/toode\\\/pesalaatikko-2h\\\/\",\"name\":\"Pes\u00e4laatikko 2H - Rodoaed\",\"isPartOf\":{\"@id\":\"https:\\\/\\\/rodoaed.ee\\\/#website\"},\"primaryImageOfPage\":{\"@id\":\"https:\\\/\\\/rodoaed.ee\\\/toode\\\/pesalaatikko-2h\\\/#primaryimage\"},\"image\":{\"@id\":\"https:\\\/\\\/rodoaed.ee\\\/toode\\\/pesalaatikko-2h\\\/#primaryimage\"},\"thumbnailUrl\":\"https:\\\/\\\/rodoaed.ee\\\/wp-content\\\/uploads\\\/2019\\\/07\\\/2H-punarinna-pesakast.jpg\",\"datePublished\":\"2019-08-02T09:49:39+00:00\",\"dateModified\":\"2026-04-13T08:06:16+00:00\",\"breadcrumb\":{\"@id\":\"https:\\\/\\\/rodoaed.ee\\\/toode\\\/pesalaatikko-2h\\\/#breadcrumb\"},\"inLanguage\":\"fi\",\"potentialAction\":[{\"@type\":\"ReadAction\",\"target\":[\"https:\\\/\\\/rodoaed.ee\\\/toode\\\/pesalaatikko-2h\\\/\"]}]},{\"@type\":\"ImageObject\",\"inLanguage\":\"fi\",\"@id\":\"https:\\\/\\\/rodoaed.ee\\\/toode\\\/pesalaatikko-2h\\\/#primaryimage\",\"url\":\"https:\\\/\\\/rodoaed.ee\\\/wp-content\\\/uploads\\\/2019\\\/07\\\/2H-punarinna-pesakast.jpg\",\"contentUrl\":\"https:\\\/\\\/rodoaed.ee\\\/wp-content\\\/uploads\\\/2019\\\/07\\\/2H-punarinna-pesakast.jpg\",\"width\":148,\"height\":347},{\"@type\":\"BreadcrumbList\",\"@id\":\"https:\\\/\\\/rodoaed.ee\\\/toode\\\/pesalaatikko-2h\\\/#breadcrumb\",\"itemListElement\":[{\"@type\":\"ListItem\",\"position\":1,\"name\":\"Home\",\"item\":\"https:\\\/\\\/rodoaed.ee\\\/fi\\\/\"},{\"@type\":\"ListItem\",\"position\":2,\"name\":\"Osta osoitteessa\",\"item\":\"https:\\\/\\\/rodoaed.ee\\\/osta-osoitteessa\\\/\"},{\"@type\":\"ListItem\",\"position\":3,\"name\":\"Pes\u00e4laatikko 2H\"}]},{\"@type\":\"WebSite\",\"@id\":\"https:\\\/\\\/rodoaed.ee\\\/#website\",\"url\":\"https:\\\/\\\/rodoaed.ee\\\/\",\"name\":\"Rodoaed\",\"description\":\"\",\"publisher\":{\"@id\":\"https:\\\/\\\/rodoaed.ee\\\/#organization\"},\"potentialAction\":[{\"@type\":\"SearchAction\",\"target\":{\"@type\":\"EntryPoint\",\"urlTemplate\":\"https:\\\/\\\/rodoaed.ee\\\/?s={search_term_string}\"},\"query-input\":{\"@type\":\"PropertyValueSpecification\",\"valueRequired\":true,\"valueName\":\"search_term_string\"}}],\"inLanguage\":\"fi\"},{\"@type\":\"Organization\",\"@id\":\"https:\\\/\\\/rodoaed.ee\\\/#organization\",\"name\":\"Rodoaed\",\"url\":\"https:\\\/\\\/rodoaed.ee\\\/\",\"logo\":{\"@type\":\"ImageObject\",\"inLanguage\":\"fi\",\"@id\":\"https:\\\/\\\/rodoaed.ee\\\/#\\\/schema\\\/logo\\\/image\\\/\",\"url\":\"https:\\\/\\\/rodoaed.ee\\\/wp-content\\\/uploads\\\/2019\\\/11\\\/rodoaed-logo-ilma-taustata.jpg\",\"contentUrl\":\"https:\\\/\\\/rodoaed.ee\\\/wp-content\\\/uploads\\\/2019\\\/11\\\/rodoaed-logo-ilma-taustata.jpg\",\"width\":769,\"height\":268,\"caption\":\"Rodoaed\"},\"image\":{\"@id\":\"https:\\\/\\\/rodoaed.ee\\\/#\\\/schema\\\/logo\\\/image\\\/\"},\"sameAs\":[\"https:\\\/\\\/www.facebook.com\\\/kasvuhooned\\\/\",\"https:\\\/\\\/rodoaed.ee\"]}]}<\/script>\n<!-- \/ Yoast SEO Premium plugin. -->","yoast_head_json":{"title":"Pes\u00e4laatikko 2H - Rodoaed","robots":{"index":"index","follow":"follow","max-snippet":"max-snippet:-1","max-image-preview":"max-image-preview:large","max-video-preview":"max-video-preview:-1"},"canonical":"https:\/\/rodoaed.ee\/toode\/pesalaatikko-2h\/","og_locale":"fi_FI","og_type":"article","og_title":"Pes\u00e4laatikko 2H","og_description":"Pes\u00e4laatikko 2H on suunniteltu puoliavoimissa koloissa ja koukuissa pesiville linnuille. T\u00e4m\u00e4 pes\u00e4laatikko on osoittautunut k\u00e4yt\u00e4nn\u00f6ss\u00e4 eritt\u00e4in","og_url":"https:\/\/rodoaed.ee\/toode\/pesalaatikko-2h\/","og_site_name":"Rodoaed","article_publisher":"https:\/\/www.facebook.com\/kasvuhooned\/","article_modified_time":"2026-04-13T08:06:16+00:00","twitter_card":"summary_large_image","twitter_misc":{"Arvioitu lukuaika":"1 minuutti"},"schema":{"@context":"https:\/\/schema.org","@graph":[{"@type":"WebPage","@id":"https:\/\/rodoaed.ee\/toode\/pesalaatikko-2h\/","url":"https:\/\/rodoaed.ee\/toode\/pesalaatikko-2h\/","name":"Pes\u00e4laatikko 2H - Rodoaed","isPartOf":{"@id":"https:\/\/rodoaed.ee\/#website"},"primaryImageOfPage":{"@id":"https:\/\/rodoaed.ee\/toode\/pesalaatikko-2h\/#primaryimage"},"image":{"@id":"https:\/\/rodoaed.ee\/toode\/pesalaatikko-2h\/#primaryimage"},"thumbnailUrl":"https:\/\/rodoaed.ee\/wp-content\/uploads\/2019\/07\/2H-punarinna-pesakast.jpg","datePublished":"2019-08-02T09:49:39+00:00","dateModified":"2026-04-13T08:06:16+00:00","breadcrumb":{"@id":"https:\/\/rodoaed.ee\/toode\/pesalaatikko-2h\/#breadcrumb"},"inLanguage":"fi","potentialAction":[{"@type":"ReadAction","target":["https:\/\/rodoaed.ee\/toode\/pesalaatikko-2h\/"]}]},{"@type":"ImageObject","inLanguage":"fi","@id":"https:\/\/rodoaed.ee\/toode\/pesalaatikko-2h\/#primaryimage","url":"https:\/\/rodoaed.ee\/wp-content\/uploads\/2019\/07\/2H-punarinna-pesakast.jpg","contentUrl":"https:\/\/rodoaed.ee\/wp-content\/uploads\/2019\/07\/2H-punarinna-pesakast.jpg","width":148,"height":347},{"@type":"BreadcrumbList","@id":"https:\/\/rodoaed.ee\/toode\/pesalaatikko-2h\/#breadcrumb","itemListElement":[{"@type":"ListItem","position":1,"name":"Home","item":"https:\/\/rodoaed.ee\/fi\/"},{"@type":"ListItem","position":2,"name":"Osta osoitteessa","item":"https:\/\/rodoaed.ee\/osta-osoitteessa\/"},{"@type":"ListItem","position":3,"name":"Pes\u00e4laatikko 2H"}]},{"@type":"WebSite","@id":"https:\/\/rodoaed.ee\/#website","url":"https:\/\/rodoaed.ee\/","name":"Rodoaed","description":"","publisher":{"@id":"https:\/\/rodoaed.ee\/#organization"},"potentialAction":[{"@type":"SearchAction","target":{"@type":"EntryPoint","urlTemplate":"https:\/\/rodoaed.ee\/?s={search_term_string}"},"query-input":{"@type":"PropertyValueSpecification","valueRequired":true,"valueName":"search_term_string"}}],"inLanguage":"fi"},{"@type":"Organization","@id":"https:\/\/rodoaed.ee\/#organization","name":"Rodoaed","url":"https:\/\/rodoaed.ee\/","logo":{"@type":"ImageObject","inLanguage":"fi","@id":"https:\/\/rodoaed.ee\/#\/schema\/logo\/image\/","url":"https:\/\/rodoaed.ee\/wp-content\/uploads\/2019\/11\/rodoaed-logo-ilma-taustata.jpg","contentUrl":"https:\/\/rodoaed.ee\/wp-content\/uploads\/2019\/11\/rodoaed-logo-ilma-taustata.jpg","width":769,"height":268,"caption":"Rodoaed"},"image":{"@id":"https:\/\/rodoaed.ee\/#\/schema\/logo\/image\/"},"sameAs":["https:\/\/www.facebook.com\/kasvuhooned\/","https:\/\/rodoaed.ee"]}]}},"_links":{"self":[{"href":"https:\/\/rodoaed.ee\/fi\/wp-json\/wp\/v2\/product\/53450","targetHints":{"allow":["GET"]}}],"collection":[{"href":"https:\/\/rodoaed.ee\/fi\/wp-json\/wp\/v2\/product"}],"about":[{"href":"https:\/\/rodoaed.ee\/fi\/wp-json\/wp\/v2\/types\/product"}],"wp:featuredmedia":[{"embeddable":true,"href":"https:\/\/rodoaed.ee\/fi\/wp-json\/wp\/v2\/media\/18171"}],"wp:attachment":[{"href":"https:\/\/rodoaed.ee\/fi\/wp-json\/wp\/v2\/media?parent=53450"}],"wp:term":[{"taxonomy":"product_brand","embeddable":true,"href":"https:\/\/rodoaed.ee\/fi\/wp-json\/wp\/v2\/product_brand?post=53450"},{"taxonomy":"product_cat","embeddable":true,"href":"https:\/\/rodoaed.ee\/fi\/wp-json\/wp\/v2\/product_cat?post=53450"},{"taxonomy":"product_tag","embeddable":true,"href":"https:\/\/rodoaed.ee\/fi\/wp-json\/wp\/v2\/product_tag?post=53450"}],"curies":[{"name":"wp","href":"https:\/\/api.w.org\/{rel}","templated":true}]}}