{"id":53454,"date":"2019-08-02T12:49:59","date_gmt":"2019-08-02T09:49:59","guid":{"rendered":"https:\/\/rodoaed.ee\/toode\/kasvien-kasvun-tuki-rank-o-twist\/"},"modified":"2026-04-13T11:06:18","modified_gmt":"2026-04-13T08:06:18","slug":"kasvien-kasvun-tuki-rank-o-twist","status":"publish","type":"product","link":"https:\/\/rodoaed.ee\/fi\/tuote\/kasvien-kasvun-tuki-rank-o-twist\/","title":{"rendered":"Kasvien kasvun tuki Rank-o-Twist"},"content":{"rendered":"<h3>Rank-o-Twist-spiraalikasvipidike on suunniteltu k\u00e4ytett\u00e4v\u00e4ksi kasvihuoneissa, avomaalla ja pieniss\u00e4 astioissa korkeiden kasvien tukemiseen.<\/h3>\n<p>Erityisen k\u00e4tev\u00e4 papujen, herneiden, kukkakaalien ja muiden k\u00f6ynn\u00f6sten kasvattamiseen s\u00e4ngyss\u00e4 tai astiassa. Eritt\u00e4in k\u00e4tev\u00e4 my\u00f6s tomaattien tukemiseen kasvihuoneessa tai pitk\u00e4vartisten kukkien tukemiseen ulkos\u00e4ngyss\u00e4. <\/p>\n<p>Toimitetaan tukitikun varassa olevalla kierretuella. (tukitikku ei sis\u00e4lly toimitukseen, mik\u00e4 tahansa puinen tikku tai tuki k\u00e4y). <\/p>\n<h4>T\u00e4rkeimm\u00e4t ominaisuudet<\/h4>\n<ul>\n<li>Spiraalimaisesti venyv\u00e4 kasvituki<\/li>\n<li>Voidaan k\u00e4ytt\u00e4\u00e4 sek\u00e4 s\u00e4ili\u00f6ss\u00e4 ett\u00e4 kent\u00e4ll\u00e4.<\/li>\n<li>Ihanteellinen k\u00f6ynn\u00f6skasvien, kuten papujen, herneiden, kukkaherneiden, norsunheinien ja muiden kasvien kasvattamiseen.<\/li>\n<li>Eritt\u00e4in helppo asennus<\/li>\n<\/ul>\n<p><a href=\"https:\/\/rodoaed.ee\/fi\/\">kotisivu<\/a> <a href=\"https:\/\/rodoaed.ee\/tootekategooria\/kasvuhooned-ja-talveaiad\/\">k\u00e4ynnist\u00e4<\/a> <a href=\"https:\/\/rodoaed.ee\/fi\/tootekategooria\/kasvihuoneen-tarvikkeet\/\">tarvikkeet<\/a> <a href=\"https:\/\/rodoaed.ee\/fi\/tootekategooria\/kasvihuoneen-tarvikkeet\/kasvihuoneen-tarvikkeet-2\/\">tarvikkeet<\/a><\/p>\n<div>\n<div><\/div>\n<\/div>\n","protected":false},"excerpt":{"rendered":"<p>Rank-o-Twist-spiraalikasvipidike on suunniteltu k\u00e4ytett\u00e4v\u00e4ksi kasvihuoneissa, avomaalla ja pieniss\u00e4 astioissa korkeiden kasvien tukemiseen. Erityisen k\u00e4tev\u00e4 papujen, herneiden, kukkakaalien ja muiden k\u00f6ynn\u00f6sten kasvattamiseen s\u00e4ngyss\u00e4 tai astiassa. Eritt\u00e4in k\u00e4tev\u00e4 my\u00f6s tomaattien tukemiseen kasvihuoneessa tai pitk\u00e4vartisten kukkien tukemiseen ulkos\u00e4ngyss\u00e4. Toimitetaan tukitikun varassa olevalla kierretuella. (tukitikku ei sis\u00e4lly toimitukseen, mik\u00e4 tahansa puinen tikku tai tuki k\u00e4y). T\u00e4rkeimm\u00e4t ominaisuudet Spiraalimaisesti venyv\u00e4 kasvituki Voidaan k\u00e4ytt\u00e4\u00e4 sek\u00e4 s\u00e4ili\u00f6ss\u00e4 ett\u00e4 kent\u00e4ll\u00e4. Ihanteellinen k\u00f6ynn\u00f6skasvien, kuten&#8230;<\/p>\n","protected":false},"featured_media":26415,"template":"","meta":{"_acf_changed":false},"product_brand":[],"product_cat":[1771,1876,2276,1869,1788,1752],"product_tag":[],"class_list":{"0":"post-53454","1":"product","2":"type-product","3":"status-publish","4":"has-post-thumbnail","6":"product_cat-fiksuja-auttajia","7":"product_cat-kasviastiat-vihanneksia-varten","8":"product_cat-kasvihuoneen-tarvikkeet-2","9":"product_cat-kasvihuoneen-tarvikkeet","10":"product_cat-kukkaruukut-ja-kasviastiat","11":"product_cat-puutarha-ja-piha","12":"product_shipping_class-toimitus-1-3-tyopaivan-kuluessa","13":"pa_variatsioon-kasvien-kasvun-tuki-rank-o-twist","15":"first","16":"instock","17":"sale","18":"taxable","19":"shipping-taxable","20":"purchasable","21":"product-type-simple"},"acf":[],"yoast_head":"<!-- This site is optimized with the Yoast SEO Premium plugin v27.3 (Yoast SEO v27.3) - https:\/\/yoast.com\/product\/yoast-seo-premium-wordpress\/ -->\n<title>Kasvien kasvun tuki Rank-o-Twist - Rodoaed<\/title>\n<meta name=\"description\" content=\"Rank-o-Twist-kierretuki on suunniteltu k\u00e4ytett\u00e4v\u00e4ksi kasvihuoneissa, avomaalla ja pieniss\u00e4 astioissa korkeiden kasvien tukemiseen.\" \/>\n<meta name=\"robots\" content=\"index, follow, max-snippet:-1, max-image-preview:large, max-video-preview:-1\" \/>\n<link rel=\"canonical\" href=\"https:\/\/rodoaed.ee\/fi\/toode\/kasvien-kasvun-tuki-rank-o-twist\/\" \/>\n<meta property=\"og:locale\" content=\"fi_FI\" \/>\n<meta property=\"og:type\" content=\"article\" \/>\n<meta property=\"og:title\" content=\"Kasvien kasvun tuki Rank-o-Twist\" \/>\n<meta property=\"og:description\" content=\"Rank-o-Twist-spiraalikasvipidike on suunniteltu k\u00e4ytett\u00e4v\u00e4ksi kasvihuoneissa, avomaalla ja pieniss\u00e4 astioissa korkeiden kasvien tukemiseen. Erityisen\" \/>\n<meta property=\"og:url\" content=\"https:\/\/rodoaed.ee\/fi\/toode\/kasvien-kasvun-tuki-rank-o-twist\/\" \/>\n<meta property=\"og:site_name\" content=\"Rodoaed\" \/>\n<meta property=\"article:publisher\" content=\"https:\/\/www.facebook.com\/kasvuhooned\/\" \/>\n<meta property=\"article:modified_time\" content=\"2026-04-13T08:06:18+00:00\" \/>\n<meta property=\"og:image\" content=\"https:\/\/rodoaed.ee\/wp-content\/uploads\/2019\/08\/Taimetugi_Rank-O-Twist_02.jpg\" \/>\n\t<meta property=\"og:image:width\" content=\"960\" \/>\n\t<meta property=\"og:image:height\" content=\"1280\" \/>\n\t<meta property=\"og:image:type\" content=\"image\/jpeg\" \/>\n<meta name=\"twitter:card\" content=\"summary_large_image\" \/>\n<meta name=\"twitter:label1\" content=\"Arvioitu lukuaika\" \/>\n\t<meta name=\"twitter:data1\" content=\"1 minuutti\" \/>\n<script type=\"application\/ld+json\" class=\"yoast-schema-graph\">{\"@context\":\"https:\\\/\\\/schema.org\",\"@graph\":[{\"@type\":\"WebPage\",\"@id\":\"https:\\\/\\\/rodoaed.ee\\\/fi\\\/toode\\\/kasvien-kasvun-tuki-rank-o-twist\\\/\",\"url\":\"https:\\\/\\\/rodoaed.ee\\\/fi\\\/toode\\\/kasvien-kasvun-tuki-rank-o-twist\\\/\",\"name\":\"Kasvien kasvun tuki Rank-o-Twist - Rodoaed\",\"isPartOf\":{\"@id\":\"https:\\\/\\\/rodoaed.ee\\\/#website\"},\"primaryImageOfPage\":{\"@id\":\"https:\\\/\\\/rodoaed.ee\\\/fi\\\/toode\\\/kasvien-kasvun-tuki-rank-o-twist\\\/#primaryimage\"},\"image\":{\"@id\":\"https:\\\/\\\/rodoaed.ee\\\/fi\\\/toode\\\/kasvien-kasvun-tuki-rank-o-twist\\\/#primaryimage\"},\"thumbnailUrl\":\"https:\\\/\\\/rodoaed.ee\\\/wp-content\\\/uploads\\\/2019\\\/08\\\/Taimetugi_Rank-O-Twist_02.jpg\",\"datePublished\":\"2019-08-02T09:49:59+00:00\",\"dateModified\":\"2026-04-13T08:06:18+00:00\",\"description\":\"Rank-o-Twist-kierretuki on suunniteltu k\u00e4ytett\u00e4v\u00e4ksi kasvihuoneissa, avomaalla ja pieniss\u00e4 astioissa korkeiden kasvien tukemiseen.\",\"breadcrumb\":{\"@id\":\"https:\\\/\\\/rodoaed.ee\\\/fi\\\/toode\\\/kasvien-kasvun-tuki-rank-o-twist\\\/#breadcrumb\"},\"inLanguage\":\"fi\",\"potentialAction\":[{\"@type\":\"ReadAction\",\"target\":[\"https:\\\/\\\/rodoaed.ee\\\/fi\\\/toode\\\/kasvien-kasvun-tuki-rank-o-twist\\\/\"]}]},{\"@type\":\"ImageObject\",\"inLanguage\":\"fi\",\"@id\":\"https:\\\/\\\/rodoaed.ee\\\/fi\\\/toode\\\/kasvien-kasvun-tuki-rank-o-twist\\\/#primaryimage\",\"url\":\"https:\\\/\\\/rodoaed.ee\\\/wp-content\\\/uploads\\\/2019\\\/08\\\/Taimetugi_Rank-O-Twist_02.jpg\",\"contentUrl\":\"https:\\\/\\\/rodoaed.ee\\\/wp-content\\\/uploads\\\/2019\\\/08\\\/Taimetugi_Rank-O-Twist_02.jpg\",\"width\":960,\"height\":1280},{\"@type\":\"BreadcrumbList\",\"@id\":\"https:\\\/\\\/rodoaed.ee\\\/fi\\\/toode\\\/kasvien-kasvun-tuki-rank-o-twist\\\/#breadcrumb\",\"itemListElement\":[{\"@type\":\"ListItem\",\"position\":1,\"name\":\"Home\",\"item\":\"https:\\\/\\\/rodoaed.ee\\\/fi\\\/\"},{\"@type\":\"ListItem\",\"position\":2,\"name\":\"Osta osoitteessa\",\"item\":\"https:\\\/\\\/rodoaed.ee\\\/osta-osoitteessa\\\/\"},{\"@type\":\"ListItem\",\"position\":3,\"name\":\"Kasvien kasvun tuki Rank-o-Twist\"}]},{\"@type\":\"WebSite\",\"@id\":\"https:\\\/\\\/rodoaed.ee\\\/#website\",\"url\":\"https:\\\/\\\/rodoaed.ee\\\/\",\"name\":\"Rodoaed\",\"description\":\"\",\"publisher\":{\"@id\":\"https:\\\/\\\/rodoaed.ee\\\/#organization\"},\"potentialAction\":[{\"@type\":\"SearchAction\",\"target\":{\"@type\":\"EntryPoint\",\"urlTemplate\":\"https:\\\/\\\/rodoaed.ee\\\/?s={search_term_string}\"},\"query-input\":{\"@type\":\"PropertyValueSpecification\",\"valueRequired\":true,\"valueName\":\"search_term_string\"}}],\"inLanguage\":\"fi\"},{\"@type\":\"Organization\",\"@id\":\"https:\\\/\\\/rodoaed.ee\\\/#organization\",\"name\":\"Rodoaed\",\"url\":\"https:\\\/\\\/rodoaed.ee\\\/\",\"logo\":{\"@type\":\"ImageObject\",\"inLanguage\":\"fi\",\"@id\":\"https:\\\/\\\/rodoaed.ee\\\/#\\\/schema\\\/logo\\\/image\\\/\",\"url\":\"https:\\\/\\\/rodoaed.ee\\\/wp-content\\\/uploads\\\/2019\\\/11\\\/rodoaed-logo-ilma-taustata.jpg\",\"contentUrl\":\"https:\\\/\\\/rodoaed.ee\\\/wp-content\\\/uploads\\\/2019\\\/11\\\/rodoaed-logo-ilma-taustata.jpg\",\"width\":769,\"height\":268,\"caption\":\"Rodoaed\"},\"image\":{\"@id\":\"https:\\\/\\\/rodoaed.ee\\\/#\\\/schema\\\/logo\\\/image\\\/\"},\"sameAs\":[\"https:\\\/\\\/www.facebook.com\\\/kasvuhooned\\\/\",\"https:\\\/\\\/rodoaed.ee\"]}]}<\/script>\n<!-- \/ Yoast SEO Premium plugin. -->","yoast_head_json":{"title":"Kasvien kasvun tuki Rank-o-Twist - Rodoaed","description":"Rank-o-Twist-kierretuki on suunniteltu k\u00e4ytett\u00e4v\u00e4ksi kasvihuoneissa, avomaalla ja pieniss\u00e4 astioissa korkeiden kasvien tukemiseen.","robots":{"index":"index","follow":"follow","max-snippet":"max-snippet:-1","max-image-preview":"max-image-preview:large","max-video-preview":"max-video-preview:-1"},"canonical":"https:\/\/rodoaed.ee\/fi\/toode\/kasvien-kasvun-tuki-rank-o-twist\/","og_locale":"fi_FI","og_type":"article","og_title":"Kasvien kasvun tuki Rank-o-Twist","og_description":"Rank-o-Twist-spiraalikasvipidike on suunniteltu k\u00e4ytett\u00e4v\u00e4ksi kasvihuoneissa, avomaalla ja pieniss\u00e4 astioissa korkeiden kasvien tukemiseen. Erityisen","og_url":"https:\/\/rodoaed.ee\/fi\/toode\/kasvien-kasvun-tuki-rank-o-twist\/","og_site_name":"Rodoaed","article_publisher":"https:\/\/www.facebook.com\/kasvuhooned\/","article_modified_time":"2026-04-13T08:06:18+00:00","og_image":[{"width":960,"height":1280,"url":"https:\/\/rodoaed.ee\/wp-content\/uploads\/2019\/08\/Taimetugi_Rank-O-Twist_02.jpg","type":"image\/jpeg"}],"twitter_card":"summary_large_image","twitter_misc":{"Arvioitu lukuaika":"1 minuutti"},"schema":{"@context":"https:\/\/schema.org","@graph":[{"@type":"WebPage","@id":"https:\/\/rodoaed.ee\/fi\/toode\/kasvien-kasvun-tuki-rank-o-twist\/","url":"https:\/\/rodoaed.ee\/fi\/toode\/kasvien-kasvun-tuki-rank-o-twist\/","name":"Kasvien kasvun tuki Rank-o-Twist - Rodoaed","isPartOf":{"@id":"https:\/\/rodoaed.ee\/#website"},"primaryImageOfPage":{"@id":"https:\/\/rodoaed.ee\/fi\/toode\/kasvien-kasvun-tuki-rank-o-twist\/#primaryimage"},"image":{"@id":"https:\/\/rodoaed.ee\/fi\/toode\/kasvien-kasvun-tuki-rank-o-twist\/#primaryimage"},"thumbnailUrl":"https:\/\/rodoaed.ee\/wp-content\/uploads\/2019\/08\/Taimetugi_Rank-O-Twist_02.jpg","datePublished":"2019-08-02T09:49:59+00:00","dateModified":"2026-04-13T08:06:18+00:00","description":"Rank-o-Twist-kierretuki on suunniteltu k\u00e4ytett\u00e4v\u00e4ksi kasvihuoneissa, avomaalla ja pieniss\u00e4 astioissa korkeiden kasvien tukemiseen.","breadcrumb":{"@id":"https:\/\/rodoaed.ee\/fi\/toode\/kasvien-kasvun-tuki-rank-o-twist\/#breadcrumb"},"inLanguage":"fi","potentialAction":[{"@type":"ReadAction","target":["https:\/\/rodoaed.ee\/fi\/toode\/kasvien-kasvun-tuki-rank-o-twist\/"]}]},{"@type":"ImageObject","inLanguage":"fi","@id":"https:\/\/rodoaed.ee\/fi\/toode\/kasvien-kasvun-tuki-rank-o-twist\/#primaryimage","url":"https:\/\/rodoaed.ee\/wp-content\/uploads\/2019\/08\/Taimetugi_Rank-O-Twist_02.jpg","contentUrl":"https:\/\/rodoaed.ee\/wp-content\/uploads\/2019\/08\/Taimetugi_Rank-O-Twist_02.jpg","width":960,"height":1280},{"@type":"BreadcrumbList","@id":"https:\/\/rodoaed.ee\/fi\/toode\/kasvien-kasvun-tuki-rank-o-twist\/#breadcrumb","itemListElement":[{"@type":"ListItem","position":1,"name":"Home","item":"https:\/\/rodoaed.ee\/fi\/"},{"@type":"ListItem","position":2,"name":"Osta osoitteessa","item":"https:\/\/rodoaed.ee\/osta-osoitteessa\/"},{"@type":"ListItem","position":3,"name":"Kasvien kasvun tuki Rank-o-Twist"}]},{"@type":"WebSite","@id":"https:\/\/rodoaed.ee\/#website","url":"https:\/\/rodoaed.ee\/","name":"Rodoaed","description":"","publisher":{"@id":"https:\/\/rodoaed.ee\/#organization"},"potentialAction":[{"@type":"SearchAction","target":{"@type":"EntryPoint","urlTemplate":"https:\/\/rodoaed.ee\/?s={search_term_string}"},"query-input":{"@type":"PropertyValueSpecification","valueRequired":true,"valueName":"search_term_string"}}],"inLanguage":"fi"},{"@type":"Organization","@id":"https:\/\/rodoaed.ee\/#organization","name":"Rodoaed","url":"https:\/\/rodoaed.ee\/","logo":{"@type":"ImageObject","inLanguage":"fi","@id":"https:\/\/rodoaed.ee\/#\/schema\/logo\/image\/","url":"https:\/\/rodoaed.ee\/wp-content\/uploads\/2019\/11\/rodoaed-logo-ilma-taustata.jpg","contentUrl":"https:\/\/rodoaed.ee\/wp-content\/uploads\/2019\/11\/rodoaed-logo-ilma-taustata.jpg","width":769,"height":268,"caption":"Rodoaed"},"image":{"@id":"https:\/\/rodoaed.ee\/#\/schema\/logo\/image\/"},"sameAs":["https:\/\/www.facebook.com\/kasvuhooned\/","https:\/\/rodoaed.ee"]}]}},"_links":{"self":[{"href":"https:\/\/rodoaed.ee\/fi\/wp-json\/wp\/v2\/product\/53454","targetHints":{"allow":["GET"]}}],"collection":[{"href":"https:\/\/rodoaed.ee\/fi\/wp-json\/wp\/v2\/product"}],"about":[{"href":"https:\/\/rodoaed.ee\/fi\/wp-json\/wp\/v2\/types\/product"}],"wp:featuredmedia":[{"embeddable":true,"href":"https:\/\/rodoaed.ee\/fi\/wp-json\/wp\/v2\/media\/26415"}],"wp:attachment":[{"href":"https:\/\/rodoaed.ee\/fi\/wp-json\/wp\/v2\/media?parent=53454"}],"wp:term":[{"taxonomy":"product_brand","embeddable":true,"href":"https:\/\/rodoaed.ee\/fi\/wp-json\/wp\/v2\/product_brand?post=53454"},{"taxonomy":"product_cat","embeddable":true,"href":"https:\/\/rodoaed.ee\/fi\/wp-json\/wp\/v2\/product_cat?post=53454"},{"taxonomy":"product_tag","embeddable":true,"href":"https:\/\/rodoaed.ee\/fi\/wp-json\/wp\/v2\/product_tag?post=53454"}],"curies":[{"name":"wp","href":"https:\/\/api.w.org\/{rel}","templated":true}]}}