{"id":53455,"date":"2019-08-02T12:49:59","date_gmt":"2019-08-02T09:49:59","guid":{"rendered":"https:\/\/rodoaed.ee\/toode\/ammattimainen-malli-hyonteishotelli-hyonteistalo-jossa-on-hakit-kilpikonnille-ja-hillerille-tarkoitettu-hakki\/"},"modified":"2026-04-13T11:06:19","modified_gmt":"2026-04-13T08:06:19","slug":"ammattimainen-malli-hyonteishotelli-hyonteistalo-jossa-on-hakit-kilpikonnille-ja-hillerille-tarkoitettu-hakki","status":"publish","type":"product","link":"https:\/\/rodoaed.ee\/fi\/tuote\/ammattimainen-malli-hyonteishotelli-hyonteistalo-jossa-on-hakit-kilpikonnille-ja-hillerille-tarkoitettu-hakki\/","title":{"rendered":"Ammattimainen malli Hy\u00f6nteishotelli-hy\u00f6nteistalo, jossa on h\u00e4kit kilpikonnille ja hillerille tarkoitettu h\u00e4kki"},"content":{"rendered":"<h2>Keraamiseen koteloon rakennettu hy\u00f6nteisten talo.<\/h2>\n<p>Useimmat kolopesij\u00e4t, kuten luonnonvaraiset mehil\u00e4iset, hiekkamehil\u00e4iset ja tavalliset ampiaiset, jotka el\u00e4v\u00e4t koloissa ja koloissa, eiv\u00e4t tee omia pesi\u00e4. Sen sijaan ne k\u00e4ytt\u00e4v\u00e4t pesiens\u00e4 rakentamiseen tietyntyyppisi\u00e4 kuoriaisten tekemi\u00e4 koloja. <\/p>\n<p>Koska ne hallitsevat puutarhassa esiintyvien tuholaisten m\u00e4\u00e4r\u00e4\u00e4, niill\u00e4 on suuri ekologinen, maataloudellinen ja taloudellinen merkitys. Lis\u00e4ksi ne ovat kasvien t\u00e4rkeimpi\u00e4 p\u00f6lytt\u00e4ji\u00e4, mik\u00e4 takaa luonnollisen tasapainon kasvien ja hy\u00f6nteisten v\u00e4lill\u00e4. <\/p>\n<p>On t\u00e4rke\u00e4\u00e4 muistaa, ett\u00e4 ilman p\u00f6lytt\u00e4vi\u00e4 hy\u00f6nteisi\u00e4 ihmiset eiv\u00e4t pystyisi kasvattamaan mit\u00e4\u00e4n viljelykasveja, joista me kaikki olemme riippuvaisia. Ilman mehil\u00e4isi\u00e4 ei olisi mahdollista harjoittaa maataloutta eik\u00e4 kotiel\u00e4intuotantoa. <\/p>\n<p>Koska suuri osa luonnonmaisemastamme on muuttunut viljelymaisemaksi, luonnollisia pesim\u00e4paikkoja ei en\u00e4\u00e4 ole riitt\u00e4v\u00e4sti. Siksi meill\u00e4 on mahdollisuus ja jopa velvollisuus luonnonvaraisia mehil\u00e4isi\u00e4 ja muita piilevi\u00e4 kohtaan tarjota sopivia pes\u00e4paikkoja. <\/p>\n<p>&nbsp;<\/p>\n<p><strong>Rododendronista valmistettu pes\u00e4kolonia s\u00e4\u00e4nkest\u00e4v\u00e4ss\u00e4 ja hengitt\u00e4v\u00e4ss\u00e4 puubetonikotelossa.<\/strong><\/p>\n<p>Herukat ker\u00e4t\u00e4\u00e4n luonnontilaisen puhtailta kasvupaikoilta, joissa ei ole koskaan k\u00e4ytetty hy\u00f6nteis- tai torjunta-aineita. Tihe\u00e4 rakenne yll\u00e4pit\u00e4\u00e4 vakaata sis\u00e4ilmastoa ja soveltuu siksi turturikyyhkyjen turvalliseen pesimiseen. <\/p>\n<p>Toimitetaan galvanoidun ripustustelineen kanssa.<\/p>\n<p><strong>Mitat:<\/strong> 21,5x 30x 12 cm<\/p>\n<p><strong>Paino:<\/strong> noin 5 kg<\/p>\n<p>&nbsp;<\/p>\n","protected":false},"excerpt":{"rendered":"<p>Keraamiseen koteloon rakennettu hy\u00f6nteisten talo. Useimmat kolopesij\u00e4t, kuten luonnonvaraiset mehil\u00e4iset, hiekkamehil\u00e4iset ja tavalliset ampiaiset, jotka el\u00e4v\u00e4t koloissa ja koloissa, eiv\u00e4t tee omia pesi\u00e4. Sen sijaan ne k\u00e4ytt\u00e4v\u00e4t pesiens\u00e4 rakentamiseen tietyntyyppisi\u00e4 kuoriaisten tekemi\u00e4 koloja. Koska ne hallitsevat puutarhassa esiintyvien tuholaisten m\u00e4\u00e4r\u00e4\u00e4, niill\u00e4 on suuri ekologinen, maataloudellinen ja taloudellinen merkitys. Lis\u00e4ksi ne ovat kasvien t\u00e4rkeimpi\u00e4 p\u00f6lytt\u00e4ji\u00e4, mik\u00e4 takaa luonnollisen tasapainon kasvien ja hy\u00f6nteisten v\u00e4lill\u00e4. On t\u00e4rke\u00e4\u00e4 muistaa,&#8230;<\/p>\n","protected":false},"featured_media":18156,"template":"","meta":{"_acf_changed":false},"product_brand":[],"product_cat":[1854,1878,1851],"product_tag":[],"class_list":{"0":"post-53455","1":"product","2":"type-product","3":"status-publish","4":"has-post-thumbnail","6":"product_cat-hyonteishotellit","7":"product_cat-kilettimaiset-majat","8":"product_cat-pesakotelot","9":"product_shipping_class-toimitus-1-3-tyopaivan-kuluessa","10":"pa_variatsioon-hyonteistalo-jossa-on-juoksupyorat-kilpikonnille","12":"first","13":"instock","14":"taxable","15":"shipping-taxable","16":"purchasable","17":"product-type-simple"},"acf":[],"yoast_head":"<!-- This site is optimized with the Yoast SEO Premium plugin v27.3 (Yoast SEO v27.3) - https:\/\/yoast.com\/product\/yoast-seo-premium-wordpress\/ -->\n<title>Ammattimainen malli Hy\u00f6nteishotelli-hy\u00f6nteistalo, jossa on h\u00e4kit kilpikonnille ja hillerille tarkoitettu h\u00e4kki - Rodoaed<\/title>\n<meta name=\"robots\" content=\"index, follow, max-snippet:-1, max-image-preview:large, max-video-preview:-1\" \/>\n<link rel=\"canonical\" href=\"https:\/\/rodoaed.ee\/fi\/toode\/ammattimainen-malli-hyonteishotelli-hyonteistalo-jossa-on-hakit-kilpikonnille-ja-hillerille-tarkoitettu-hakki\/\" \/>\n<meta property=\"og:locale\" content=\"fi_FI\" \/>\n<meta property=\"og:type\" content=\"article\" \/>\n<meta property=\"og:title\" content=\"Ammattimainen malli Hy\u00f6nteishotelli-hy\u00f6nteistalo, jossa on h\u00e4kit kilpikonnille ja hillerille tarkoitettu h\u00e4kki\" \/>\n<meta property=\"og:description\" content=\"Keraamiseen koteloon rakennettu hy\u00f6nteisten talo. Useimmat kolopesij\u00e4t, kuten luonnonvaraiset mehil\u00e4iset, hiekkamehil\u00e4iset ja tavalliset ampiaiset, jotka\" \/>\n<meta property=\"og:url\" content=\"https:\/\/rodoaed.ee\/fi\/toode\/ammattimainen-malli-hyonteishotelli-hyonteistalo-jossa-on-hakit-kilpikonnille-ja-hillerille-tarkoitettu-hakki\/\" \/>\n<meta property=\"og:site_name\" content=\"Rodoaed\" \/>\n<meta property=\"article:publisher\" content=\"https:\/\/www.facebook.com\/kasvuhooned\/\" \/>\n<meta property=\"article:modified_time\" content=\"2026-04-13T08:06:19+00:00\" \/>\n<meta property=\"og:image\" content=\"https:\/\/rodoaed.ee\/wp-content\/uploads\/2019\/07\/k\u00f5rkjatest-putukamaja_374_07.jpg\" \/>\n\t<meta property=\"og:image:width\" content=\"400\" \/>\n\t<meta property=\"og:image:height\" content=\"533\" \/>\n\t<meta property=\"og:image:type\" content=\"image\/jpeg\" \/>\n<meta name=\"twitter:card\" content=\"summary_large_image\" \/>\n<meta name=\"twitter:label1\" content=\"Arvioitu lukuaika\" \/>\n\t<meta name=\"twitter:data1\" content=\"1 minuutti\" \/>\n<script type=\"application\/ld+json\" class=\"yoast-schema-graph\">{\"@context\":\"https:\\\/\\\/schema.org\",\"@graph\":[{\"@type\":\"WebPage\",\"@id\":\"https:\\\/\\\/rodoaed.ee\\\/fi\\\/toode\\\/ammattimainen-malli-hyonteishotelli-hyonteistalo-jossa-on-hakit-kilpikonnille-ja-hillerille-tarkoitettu-hakki\\\/\",\"url\":\"https:\\\/\\\/rodoaed.ee\\\/fi\\\/toode\\\/ammattimainen-malli-hyonteishotelli-hyonteistalo-jossa-on-hakit-kilpikonnille-ja-hillerille-tarkoitettu-hakki\\\/\",\"name\":\"Ammattimainen malli Hy\u00f6nteishotelli-hy\u00f6nteistalo, jossa on h\u00e4kit kilpikonnille ja hillerille tarkoitettu h\u00e4kki - Rodoaed\",\"isPartOf\":{\"@id\":\"https:\\\/\\\/rodoaed.ee\\\/#website\"},\"primaryImageOfPage\":{\"@id\":\"https:\\\/\\\/rodoaed.ee\\\/fi\\\/toode\\\/ammattimainen-malli-hyonteishotelli-hyonteistalo-jossa-on-hakit-kilpikonnille-ja-hillerille-tarkoitettu-hakki\\\/#primaryimage\"},\"image\":{\"@id\":\"https:\\\/\\\/rodoaed.ee\\\/fi\\\/toode\\\/ammattimainen-malli-hyonteishotelli-hyonteistalo-jossa-on-hakit-kilpikonnille-ja-hillerille-tarkoitettu-hakki\\\/#primaryimage\"},\"thumbnailUrl\":\"https:\\\/\\\/rodoaed.ee\\\/wp-content\\\/uploads\\\/2019\\\/07\\\/k\u00f5rkjatest-putukamaja_374_07.jpg\",\"datePublished\":\"2019-08-02T09:49:59+00:00\",\"dateModified\":\"2026-04-13T08:06:19+00:00\",\"breadcrumb\":{\"@id\":\"https:\\\/\\\/rodoaed.ee\\\/fi\\\/toode\\\/ammattimainen-malli-hyonteishotelli-hyonteistalo-jossa-on-hakit-kilpikonnille-ja-hillerille-tarkoitettu-hakki\\\/#breadcrumb\"},\"inLanguage\":\"fi\",\"potentialAction\":[{\"@type\":\"ReadAction\",\"target\":[\"https:\\\/\\\/rodoaed.ee\\\/fi\\\/toode\\\/ammattimainen-malli-hyonteishotelli-hyonteistalo-jossa-on-hakit-kilpikonnille-ja-hillerille-tarkoitettu-hakki\\\/\"]}]},{\"@type\":\"ImageObject\",\"inLanguage\":\"fi\",\"@id\":\"https:\\\/\\\/rodoaed.ee\\\/fi\\\/toode\\\/ammattimainen-malli-hyonteishotelli-hyonteistalo-jossa-on-hakit-kilpikonnille-ja-hillerille-tarkoitettu-hakki\\\/#primaryimage\",\"url\":\"https:\\\/\\\/rodoaed.ee\\\/wp-content\\\/uploads\\\/2019\\\/07\\\/k\u00f5rkjatest-putukamaja_374_07.jpg\",\"contentUrl\":\"https:\\\/\\\/rodoaed.ee\\\/wp-content\\\/uploads\\\/2019\\\/07\\\/k\u00f5rkjatest-putukamaja_374_07.jpg\",\"width\":400,\"height\":533},{\"@type\":\"BreadcrumbList\",\"@id\":\"https:\\\/\\\/rodoaed.ee\\\/fi\\\/toode\\\/ammattimainen-malli-hyonteishotelli-hyonteistalo-jossa-on-hakit-kilpikonnille-ja-hillerille-tarkoitettu-hakki\\\/#breadcrumb\",\"itemListElement\":[{\"@type\":\"ListItem\",\"position\":1,\"name\":\"Home\",\"item\":\"https:\\\/\\\/rodoaed.ee\\\/fi\\\/\"},{\"@type\":\"ListItem\",\"position\":2,\"name\":\"Osta osoitteessa\",\"item\":\"https:\\\/\\\/rodoaed.ee\\\/osta-osoitteessa\\\/\"},{\"@type\":\"ListItem\",\"position\":3,\"name\":\"Ammattimainen malli Hy\u00f6nteishotelli-hy\u00f6nteistalo, jossa on h\u00e4kit kilpikonnille ja hillerille tarkoitettu h\u00e4kki\"}]},{\"@type\":\"WebSite\",\"@id\":\"https:\\\/\\\/rodoaed.ee\\\/#website\",\"url\":\"https:\\\/\\\/rodoaed.ee\\\/\",\"name\":\"Rodoaed\",\"description\":\"\",\"publisher\":{\"@id\":\"https:\\\/\\\/rodoaed.ee\\\/#organization\"},\"potentialAction\":[{\"@type\":\"SearchAction\",\"target\":{\"@type\":\"EntryPoint\",\"urlTemplate\":\"https:\\\/\\\/rodoaed.ee\\\/?s={search_term_string}\"},\"query-input\":{\"@type\":\"PropertyValueSpecification\",\"valueRequired\":true,\"valueName\":\"search_term_string\"}}],\"inLanguage\":\"fi\"},{\"@type\":\"Organization\",\"@id\":\"https:\\\/\\\/rodoaed.ee\\\/#organization\",\"name\":\"Rodoaed\",\"url\":\"https:\\\/\\\/rodoaed.ee\\\/\",\"logo\":{\"@type\":\"ImageObject\",\"inLanguage\":\"fi\",\"@id\":\"https:\\\/\\\/rodoaed.ee\\\/#\\\/schema\\\/logo\\\/image\\\/\",\"url\":\"https:\\\/\\\/rodoaed.ee\\\/wp-content\\\/uploads\\\/2019\\\/11\\\/rodoaed-logo-ilma-taustata.jpg\",\"contentUrl\":\"https:\\\/\\\/rodoaed.ee\\\/wp-content\\\/uploads\\\/2019\\\/11\\\/rodoaed-logo-ilma-taustata.jpg\",\"width\":769,\"height\":268,\"caption\":\"Rodoaed\"},\"image\":{\"@id\":\"https:\\\/\\\/rodoaed.ee\\\/#\\\/schema\\\/logo\\\/image\\\/\"},\"sameAs\":[\"https:\\\/\\\/www.facebook.com\\\/kasvuhooned\\\/\",\"https:\\\/\\\/rodoaed.ee\"]}]}<\/script>\n<!-- \/ Yoast SEO Premium plugin. -->","yoast_head_json":{"title":"Ammattimainen malli Hy\u00f6nteishotelli-hy\u00f6nteistalo, jossa on h\u00e4kit kilpikonnille ja hillerille tarkoitettu h\u00e4kki - Rodoaed","robots":{"index":"index","follow":"follow","max-snippet":"max-snippet:-1","max-image-preview":"max-image-preview:large","max-video-preview":"max-video-preview:-1"},"canonical":"https:\/\/rodoaed.ee\/fi\/toode\/ammattimainen-malli-hyonteishotelli-hyonteistalo-jossa-on-hakit-kilpikonnille-ja-hillerille-tarkoitettu-hakki\/","og_locale":"fi_FI","og_type":"article","og_title":"Ammattimainen malli Hy\u00f6nteishotelli-hy\u00f6nteistalo, jossa on h\u00e4kit kilpikonnille ja hillerille tarkoitettu h\u00e4kki","og_description":"Keraamiseen koteloon rakennettu hy\u00f6nteisten talo. Useimmat kolopesij\u00e4t, kuten luonnonvaraiset mehil\u00e4iset, hiekkamehil\u00e4iset ja tavalliset ampiaiset, jotka","og_url":"https:\/\/rodoaed.ee\/fi\/toode\/ammattimainen-malli-hyonteishotelli-hyonteistalo-jossa-on-hakit-kilpikonnille-ja-hillerille-tarkoitettu-hakki\/","og_site_name":"Rodoaed","article_publisher":"https:\/\/www.facebook.com\/kasvuhooned\/","article_modified_time":"2026-04-13T08:06:19+00:00","og_image":[{"width":400,"height":533,"url":"https:\/\/rodoaed.ee\/wp-content\/uploads\/2019\/07\/k\u00f5rkjatest-putukamaja_374_07.jpg","type":"image\/jpeg"}],"twitter_card":"summary_large_image","twitter_misc":{"Arvioitu lukuaika":"1 minuutti"},"schema":{"@context":"https:\/\/schema.org","@graph":[{"@type":"WebPage","@id":"https:\/\/rodoaed.ee\/fi\/toode\/ammattimainen-malli-hyonteishotelli-hyonteistalo-jossa-on-hakit-kilpikonnille-ja-hillerille-tarkoitettu-hakki\/","url":"https:\/\/rodoaed.ee\/fi\/toode\/ammattimainen-malli-hyonteishotelli-hyonteistalo-jossa-on-hakit-kilpikonnille-ja-hillerille-tarkoitettu-hakki\/","name":"Ammattimainen malli Hy\u00f6nteishotelli-hy\u00f6nteistalo, jossa on h\u00e4kit kilpikonnille ja hillerille tarkoitettu h\u00e4kki - Rodoaed","isPartOf":{"@id":"https:\/\/rodoaed.ee\/#website"},"primaryImageOfPage":{"@id":"https:\/\/rodoaed.ee\/fi\/toode\/ammattimainen-malli-hyonteishotelli-hyonteistalo-jossa-on-hakit-kilpikonnille-ja-hillerille-tarkoitettu-hakki\/#primaryimage"},"image":{"@id":"https:\/\/rodoaed.ee\/fi\/toode\/ammattimainen-malli-hyonteishotelli-hyonteistalo-jossa-on-hakit-kilpikonnille-ja-hillerille-tarkoitettu-hakki\/#primaryimage"},"thumbnailUrl":"https:\/\/rodoaed.ee\/wp-content\/uploads\/2019\/07\/k\u00f5rkjatest-putukamaja_374_07.jpg","datePublished":"2019-08-02T09:49:59+00:00","dateModified":"2026-04-13T08:06:19+00:00","breadcrumb":{"@id":"https:\/\/rodoaed.ee\/fi\/toode\/ammattimainen-malli-hyonteishotelli-hyonteistalo-jossa-on-hakit-kilpikonnille-ja-hillerille-tarkoitettu-hakki\/#breadcrumb"},"inLanguage":"fi","potentialAction":[{"@type":"ReadAction","target":["https:\/\/rodoaed.ee\/fi\/toode\/ammattimainen-malli-hyonteishotelli-hyonteistalo-jossa-on-hakit-kilpikonnille-ja-hillerille-tarkoitettu-hakki\/"]}]},{"@type":"ImageObject","inLanguage":"fi","@id":"https:\/\/rodoaed.ee\/fi\/toode\/ammattimainen-malli-hyonteishotelli-hyonteistalo-jossa-on-hakit-kilpikonnille-ja-hillerille-tarkoitettu-hakki\/#primaryimage","url":"https:\/\/rodoaed.ee\/wp-content\/uploads\/2019\/07\/k\u00f5rkjatest-putukamaja_374_07.jpg","contentUrl":"https:\/\/rodoaed.ee\/wp-content\/uploads\/2019\/07\/k\u00f5rkjatest-putukamaja_374_07.jpg","width":400,"height":533},{"@type":"BreadcrumbList","@id":"https:\/\/rodoaed.ee\/fi\/toode\/ammattimainen-malli-hyonteishotelli-hyonteistalo-jossa-on-hakit-kilpikonnille-ja-hillerille-tarkoitettu-hakki\/#breadcrumb","itemListElement":[{"@type":"ListItem","position":1,"name":"Home","item":"https:\/\/rodoaed.ee\/fi\/"},{"@type":"ListItem","position":2,"name":"Osta osoitteessa","item":"https:\/\/rodoaed.ee\/osta-osoitteessa\/"},{"@type":"ListItem","position":3,"name":"Ammattimainen malli Hy\u00f6nteishotelli-hy\u00f6nteistalo, jossa on h\u00e4kit kilpikonnille ja hillerille tarkoitettu h\u00e4kki"}]},{"@type":"WebSite","@id":"https:\/\/rodoaed.ee\/#website","url":"https:\/\/rodoaed.ee\/","name":"Rodoaed","description":"","publisher":{"@id":"https:\/\/rodoaed.ee\/#organization"},"potentialAction":[{"@type":"SearchAction","target":{"@type":"EntryPoint","urlTemplate":"https:\/\/rodoaed.ee\/?s={search_term_string}"},"query-input":{"@type":"PropertyValueSpecification","valueRequired":true,"valueName":"search_term_string"}}],"inLanguage":"fi"},{"@type":"Organization","@id":"https:\/\/rodoaed.ee\/#organization","name":"Rodoaed","url":"https:\/\/rodoaed.ee\/","logo":{"@type":"ImageObject","inLanguage":"fi","@id":"https:\/\/rodoaed.ee\/#\/schema\/logo\/image\/","url":"https:\/\/rodoaed.ee\/wp-content\/uploads\/2019\/11\/rodoaed-logo-ilma-taustata.jpg","contentUrl":"https:\/\/rodoaed.ee\/wp-content\/uploads\/2019\/11\/rodoaed-logo-ilma-taustata.jpg","width":769,"height":268,"caption":"Rodoaed"},"image":{"@id":"https:\/\/rodoaed.ee\/#\/schema\/logo\/image\/"},"sameAs":["https:\/\/www.facebook.com\/kasvuhooned\/","https:\/\/rodoaed.ee"]}]}},"_links":{"self":[{"href":"https:\/\/rodoaed.ee\/fi\/wp-json\/wp\/v2\/product\/53455","targetHints":{"allow":["GET"]}}],"collection":[{"href":"https:\/\/rodoaed.ee\/fi\/wp-json\/wp\/v2\/product"}],"about":[{"href":"https:\/\/rodoaed.ee\/fi\/wp-json\/wp\/v2\/types\/product"}],"wp:featuredmedia":[{"embeddable":true,"href":"https:\/\/rodoaed.ee\/fi\/wp-json\/wp\/v2\/media\/18156"}],"wp:attachment":[{"href":"https:\/\/rodoaed.ee\/fi\/wp-json\/wp\/v2\/media?parent=53455"}],"wp:term":[{"taxonomy":"product_brand","embeddable":true,"href":"https:\/\/rodoaed.ee\/fi\/wp-json\/wp\/v2\/product_brand?post=53455"},{"taxonomy":"product_cat","embeddable":true,"href":"https:\/\/rodoaed.ee\/fi\/wp-json\/wp\/v2\/product_cat?post=53455"},{"taxonomy":"product_tag","embeddable":true,"href":"https:\/\/rodoaed.ee\/fi\/wp-json\/wp\/v2\/product_tag?post=53455"}],"curies":[{"name":"wp","href":"https:\/\/api.w.org\/{rel}","templated":true}]}}