{"id":53459,"date":"2019-08-02T12:49:59","date_gmt":"2019-08-02T09:49:59","guid":{"rendered":"https:\/\/rodoaed.ee\/toode\/tyhjiopakkaajan-lasitiiviste-5kpl\/"},"modified":"2026-04-13T11:06:25","modified_gmt":"2026-04-13T08:06:25","slug":"tyhjiopakkaajan-lasitiiviste-5kpl","status":"publish","type":"product","link":"https:\/\/rodoaed.ee\/fi\/tuote\/tyhjiopakkaajan-lasitiiviste-5kpl\/","title":{"rendered":"Tyhji\u00f6pakkaajan lasitiiviste, 5kpl"},"content":{"rendered":"<h2>Erityisesti lasitavaroille suunnitellut tyhji\u00f6tiivisteet. K\u00e4ytett\u00e4v\u00e4ksi Takaje-tyhji\u00f6pumpun kanssa. <\/h2>\n<h2>5 sinetin pakkaus<\/h2>\n<figure id=\"attachment_6978\" aria-describedby=\"caption-attachment-6978\" style=\"width: 200px\" class=\"wp-caption alignright\"><img loading=\"lazy\" decoding=\"async\" class=\"size-medium-single-product wp-image-6978 \" src=\"https:\/\/www.rodoaed.ee\/wp-content\/uploads\/2014\/06\/Takaje-barattoli-200x150.jpg\" alt=\"\" width=\"200\" height=\"150\"><figcaption id=\"caption-attachment-6978\" class=\"wp-caption-text\">Lasin tyhji\u00f6pakkaaminen s\u00e4\u00e4st\u00e4\u00e4 aikaa ja rahaa<\/figcaption><\/figure>\n<p>Takaje-tyhji\u00f6pumppu on maailmassa ainutlaatuinen ja patentoitu j\u00e4rjestelm\u00e4, jonka avulla voidaan luoda tyhji\u00f6 mihin tahansa lasiastiaan, olipa kyseess\u00e4 uusi tai k\u00e4ytetty, mik\u00e4 edist\u00e4\u00e4 elintarvikkeiden s\u00e4ilymist\u00e4. N\u00e4in kaikkia lasipurkkeja voidaan k\u00e4ytt\u00e4\u00e4 uudelleen ilmaiseksi, vaikka et k\u00e4ytt\u00e4isi niit\u00e4 hillon valmistukseen. Laita vain haluamasi ruoka purkkiin, sulje se tyhji\u00f6j\u00e4rjestelm\u00e4ll\u00e4 ja s\u00e4ilyt\u00e4 hyllyss\u00e4.  <\/p>\n<p>Tyhji\u00f6pakkaus pident\u00e4\u00e4 elintarvikkeiden s\u00e4ilyvyytt\u00e4 3-5 kertaa riippumatta siit\u00e4, ovatko ne muovi- vai lasiastioissa. Takaje-tyhji\u00f6pumpun mukana toimitetaan jo valmiiksi 2 purkin tiivistetiivistett\u00e4. Saatavana on my\u00f6s muita 5-pakkauksia.  <\/p>\n<p>HUOMAUTUS Voit k\u00e4ytt\u00e4\u00e4 t\u00f6lkin sinetti\u00e4 monta kertaa uudelleen. Kun olet tyhjent\u00e4nyt purkin etk\u00e4 en\u00e4\u00e4 tarvitse tiivistett\u00e4 siin\u00e4, irrota tiiviste ja k\u00e4yt\u00e4 sit\u00e4 uudelleen. <\/p>\n<h2>Tyhji\u00f6pakkaaminen Tre Spade Takaje -tyhji\u00f6pumpulla<\/h2>\n<figure id=\"attachment_6979\" aria-describedby=\"caption-attachment-6979\" style=\"width: 200px\" class=\"wp-caption alignright\"><img loading=\"lazy\" decoding=\"async\" class=\"size-medium-single-product wp-image-6979 \" src=\"https:\/\/www.rodoaed.ee\/wp-content\/uploads\/2014\/06\/Takaje-valvola-barattolo-200x150.jpg\" alt=\"\" width=\"200\" height=\"150\"><figcaption id=\"caption-attachment-6979\" class=\"wp-caption-text\">Lasipurkin metallikannessa oleva tyhji\u00f6venttiili muuttaa mink\u00e4 tahansa lasipurkin nopeasti tyhji\u00f6pakkaukseksi.<\/figcaption><\/figure>\n<p>Tyhji\u00f6pakkaaminen antaa sinulle mahdollisuuden pident\u00e4\u00e4 tuoreiden elintarvikkeiden s\u00e4ilyvyytt\u00e4 jopa kolme kertaa. S\u00e4\u00e4st\u00e4t my\u00f6s rahaa ruoassa, koska et tuhlaa en\u00e4\u00e4 yht\u00e4\u00e4n ruokaa. Pakastettujen elintarvikkeiden kanssa voit esimerkiksi s\u00e4ilytt\u00e4\u00e4 pakastettua lihaa jopa 3 vuotta kuluttamatta energiaa j\u00e4\u00e4kaapissa.  <\/p>\n<p>Takajen tyhji\u00f6pakkausj\u00e4rjestelm\u00e4 mahdollistaa monenlaisten elintarvikkeiden s\u00e4ilytt\u00e4misen tyhji\u00f6pusseissa sek\u00e4 uudelleenk\u00e4ytett\u00e4viss\u00e4 lasiastioissa, kuten pulloissa ja purkeissa. Teknologia, jossa lasitavaroita k\u00e4ytet\u00e4\u00e4n tyhji\u00f6pakkauksina, on ainutlaatuinen Tre Spaden keksint\u00f6. <\/p>\n<p>Ihmiset ovat aikojen alusta l\u00e4htien etsineet tapoja s\u00e4ilytt\u00e4\u00e4 ruokaa selviyty\u00e4kseen. On k\u00e4ytetty suolaamista ja pakastamista ja nyt tyhji\u00f6pakkaamista. Tyhji\u00f6pakkaaminen tuo s\u00e4il\u00f6nt\u00e4\u00e4n uuden ulottuvuuden, sill\u00e4 se s\u00e4\u00e4st\u00e4\u00e4 valtavia rahasummia hy\u00f6dynt\u00e4m\u00e4ll\u00e4 elintarvikkeita paremmin. Ruokaa menee v\u00e4hemm\u00e4n hukkaan. Samalla voit s\u00e4ilytt\u00e4\u00e4 enemm\u00e4n ruokaa pienemmiss\u00e4 annoksissa ja sy\u00f6d\u00e4 sen aina tuoreena.    <\/p>\n<p><strong>Tre Spade -ruokakuivaimet ovat Euroopan suosituimpia ja luotettavimpia ruokakuivaimia. Tre Spade Takaje -tyhji\u00f6pakkauslaitteet puolestaan voittivat hiljattain Euroopan parhaan muotoilupalkinnon 2014. <\/strong><\/p>\n<p><a href=\"https:\/\/rodoaed.ee\/fi\/tootekategooria\/keittiolaitteet\/tyhjiopakkaajat\/\">Takaje-tyhji\u00f6pakkauslaitteet<\/a><\/p>\n","protected":false},"excerpt":{"rendered":"<p>Erityisesti lasitavaroille suunnitellut tyhji\u00f6tiivisteet. K\u00e4ytett\u00e4v\u00e4ksi Takaje-tyhji\u00f6pumpun kanssa. 5 sinetin pakkaus Takaje-tyhji\u00f6pumppu on maailmassa ainutlaatuinen ja patentoitu j\u00e4rjestelm\u00e4, jonka avulla voidaan luoda tyhji\u00f6 mihin tahansa lasiastiaan, olipa kyseess\u00e4 uusi tai k\u00e4ytetty, mik\u00e4 edist\u00e4\u00e4 elintarvikkeiden s\u00e4ilymist\u00e4. N\u00e4in kaikkia lasipurkkeja voidaan k\u00e4ytt\u00e4\u00e4 uudelleen ilmaiseksi, vaikka et k\u00e4ytt\u00e4isi niit\u00e4 hillon valmistukseen. Laita vain haluamasi ruoka purkkiin, sulje se tyhji\u00f6j\u00e4rjestelm\u00e4ll\u00e4 ja s\u00e4ilyt\u00e4 hyllyss\u00e4. Tyhji\u00f6pakkaus pident\u00e4\u00e4 elintarvikkeiden s\u00e4ilyvyytt\u00e4 3-5 kertaa riippumatta&#8230;<\/p>\n","protected":false},"featured_media":18091,"template":"","meta":{"_acf_changed":false},"product_brand":[],"product_cat":[2232],"product_tag":[],"class_list":{"0":"post-53459","1":"product","2":"type-product","3":"status-publish","4":"has-post-thumbnail","6":"product_cat-tyhjiopakkaajat","7":"product_shipping_class-toimitus-1-3-tyopaivan-kuluessa","8":"pa_variatsioon-20-tyhjiopakkauslaitteen-lasitiiviste-5kpl","10":"first","11":"instock","12":"sale","13":"taxable","14":"shipping-taxable","15":"purchasable","16":"product-type-simple"},"acf":[],"yoast_head":"<!-- This site is optimized with the Yoast SEO Premium plugin v27.5 (Yoast SEO v27.5) - https:\/\/yoast.com\/product\/yoast-seo-premium-wordpress\/ -->\n<title>Tyhji\u00f6pakkaajan lasitiiviste, 5kpl - Rodoaed<\/title>\n<meta name=\"robots\" content=\"index, follow, max-snippet:-1, max-image-preview:large, max-video-preview:-1\" \/>\n<link rel=\"canonical\" href=\"https:\/\/rodoaed.ee\/fi\/toode\/tyhjiopakkaajan-lasitiiviste-5kpl\/\" \/>\n<meta property=\"og:locale\" content=\"fi_FI\" \/>\n<meta property=\"og:type\" content=\"article\" \/>\n<meta property=\"og:title\" content=\"Tyhji\u00f6pakkaajan lasitiiviste, 5kpl\" \/>\n<meta property=\"og:description\" content=\"Erityisesti lasitavaroille suunnitellut tyhji\u00f6tiivisteet. K\u00e4ytett\u00e4v\u00e4ksi Takaje-tyhji\u00f6pumpun kanssa. 5 sinetin pakkaus Takaje-tyhji\u00f6pumppu on maailmassa\" \/>\n<meta property=\"og:url\" content=\"https:\/\/rodoaed.ee\/fi\/toode\/tyhjiopakkaajan-lasitiiviste-5kpl\/\" \/>\n<meta property=\"og:site_name\" content=\"Rodoaed\" \/>\n<meta property=\"article:publisher\" content=\"https:\/\/www.facebook.com\/kasvuhooned\/\" \/>\n<meta property=\"article:modified_time\" content=\"2026-04-13T08:06:25+00:00\" \/>\n<meta property=\"og:image\" content=\"https:\/\/rodoaed.ee\/wp-content\/uploads\/2019\/07\/vaakummasina-tihend.jpg\" \/>\n\t<meta property=\"og:image:width\" content=\"800\" \/>\n\t<meta property=\"og:image:height\" content=\"800\" \/>\n\t<meta property=\"og:image:type\" content=\"image\/jpeg\" \/>\n<meta name=\"twitter:card\" content=\"summary_large_image\" \/>\n<meta name=\"twitter:label1\" content=\"Arvioitu lukuaika\" \/>\n\t<meta name=\"twitter:data1\" content=\"2 minuuttia\" \/>\n<script type=\"application\/ld+json\" class=\"yoast-schema-graph\">{\"@context\":\"https:\\\/\\\/schema.org\",\"@graph\":[{\"@type\":\"WebPage\",\"@id\":\"https:\\\/\\\/rodoaed.ee\\\/fi\\\/toode\\\/tyhjiopakkaajan-lasitiiviste-5kpl\\\/\",\"url\":\"https:\\\/\\\/rodoaed.ee\\\/fi\\\/toode\\\/tyhjiopakkaajan-lasitiiviste-5kpl\\\/\",\"name\":\"Tyhji\u00f6pakkaajan lasitiiviste, 5kpl - Rodoaed\",\"isPartOf\":{\"@id\":\"https:\\\/\\\/rodoaed.ee\\\/#website\"},\"primaryImageOfPage\":{\"@id\":\"https:\\\/\\\/rodoaed.ee\\\/fi\\\/toode\\\/tyhjiopakkaajan-lasitiiviste-5kpl\\\/#primaryimage\"},\"image\":{\"@id\":\"https:\\\/\\\/rodoaed.ee\\\/fi\\\/toode\\\/tyhjiopakkaajan-lasitiiviste-5kpl\\\/#primaryimage\"},\"thumbnailUrl\":\"https:\\\/\\\/rodoaed.ee\\\/wp-content\\\/uploads\\\/2019\\\/07\\\/vaakummasina-tihend.jpg\",\"datePublished\":\"2019-08-02T09:49:59+00:00\",\"dateModified\":\"2026-04-13T08:06:25+00:00\",\"breadcrumb\":{\"@id\":\"https:\\\/\\\/rodoaed.ee\\\/fi\\\/toode\\\/tyhjiopakkaajan-lasitiiviste-5kpl\\\/#breadcrumb\"},\"inLanguage\":\"fi\",\"potentialAction\":[{\"@type\":\"ReadAction\",\"target\":[\"https:\\\/\\\/rodoaed.ee\\\/fi\\\/toode\\\/tyhjiopakkaajan-lasitiiviste-5kpl\\\/\"]}]},{\"@type\":\"ImageObject\",\"inLanguage\":\"fi\",\"@id\":\"https:\\\/\\\/rodoaed.ee\\\/fi\\\/toode\\\/tyhjiopakkaajan-lasitiiviste-5kpl\\\/#primaryimage\",\"url\":\"https:\\\/\\\/rodoaed.ee\\\/wp-content\\\/uploads\\\/2019\\\/07\\\/vaakummasina-tihend.jpg\",\"contentUrl\":\"https:\\\/\\\/rodoaed.ee\\\/wp-content\\\/uploads\\\/2019\\\/07\\\/vaakummasina-tihend.jpg\",\"width\":800,\"height\":800,\"caption\":\"K\u00e4sipumppu tyhji\u00f6pakkausta varten\"},{\"@type\":\"BreadcrumbList\",\"@id\":\"https:\\\/\\\/rodoaed.ee\\\/fi\\\/toode\\\/tyhjiopakkaajan-lasitiiviste-5kpl\\\/#breadcrumb\",\"itemListElement\":[{\"@type\":\"ListItem\",\"position\":1,\"name\":\"Home\",\"item\":\"https:\\\/\\\/rodoaed.ee\\\/fi\\\/\"},{\"@type\":\"ListItem\",\"position\":2,\"name\":\"Osta osoitteessa\",\"item\":\"https:\\\/\\\/rodoaed.ee\\\/osta-osoitteessa\\\/\"},{\"@type\":\"ListItem\",\"position\":3,\"name\":\"Tyhji\u00f6pakkaajan lasitiiviste, 5kpl\"}]},{\"@type\":\"WebSite\",\"@id\":\"https:\\\/\\\/rodoaed.ee\\\/#website\",\"url\":\"https:\\\/\\\/rodoaed.ee\\\/\",\"name\":\"Rodoaed\",\"description\":\"\",\"publisher\":{\"@id\":\"https:\\\/\\\/rodoaed.ee\\\/#organization\"},\"potentialAction\":[{\"@type\":\"SearchAction\",\"target\":{\"@type\":\"EntryPoint\",\"urlTemplate\":\"https:\\\/\\\/rodoaed.ee\\\/?s={search_term_string}\"},\"query-input\":{\"@type\":\"PropertyValueSpecification\",\"valueRequired\":true,\"valueName\":\"search_term_string\"}}],\"inLanguage\":\"fi\"},{\"@type\":\"Organization\",\"@id\":\"https:\\\/\\\/rodoaed.ee\\\/#organization\",\"name\":\"Rodoaed\",\"url\":\"https:\\\/\\\/rodoaed.ee\\\/\",\"logo\":{\"@type\":\"ImageObject\",\"inLanguage\":\"fi\",\"@id\":\"https:\\\/\\\/rodoaed.ee\\\/#\\\/schema\\\/logo\\\/image\\\/\",\"url\":\"https:\\\/\\\/rodoaed.ee\\\/wp-content\\\/uploads\\\/2019\\\/11\\\/rodoaed-logo-ilma-taustata.jpg\",\"contentUrl\":\"https:\\\/\\\/rodoaed.ee\\\/wp-content\\\/uploads\\\/2019\\\/11\\\/rodoaed-logo-ilma-taustata.jpg\",\"width\":769,\"height\":268,\"caption\":\"Rodoaed\"},\"image\":{\"@id\":\"https:\\\/\\\/rodoaed.ee\\\/#\\\/schema\\\/logo\\\/image\\\/\"},\"sameAs\":[\"https:\\\/\\\/www.facebook.com\\\/kasvuhooned\\\/\",\"https:\\\/\\\/rodoaed.ee\"]}]}<\/script>\n<!-- \/ Yoast SEO Premium plugin. -->","yoast_head_json":{"title":"Tyhji\u00f6pakkaajan lasitiiviste, 5kpl - Rodoaed","robots":{"index":"index","follow":"follow","max-snippet":"max-snippet:-1","max-image-preview":"max-image-preview:large","max-video-preview":"max-video-preview:-1"},"canonical":"https:\/\/rodoaed.ee\/fi\/toode\/tyhjiopakkaajan-lasitiiviste-5kpl\/","og_locale":"fi_FI","og_type":"article","og_title":"Tyhji\u00f6pakkaajan lasitiiviste, 5kpl","og_description":"Erityisesti lasitavaroille suunnitellut tyhji\u00f6tiivisteet. K\u00e4ytett\u00e4v\u00e4ksi Takaje-tyhji\u00f6pumpun kanssa. 5 sinetin pakkaus Takaje-tyhji\u00f6pumppu on maailmassa","og_url":"https:\/\/rodoaed.ee\/fi\/toode\/tyhjiopakkaajan-lasitiiviste-5kpl\/","og_site_name":"Rodoaed","article_publisher":"https:\/\/www.facebook.com\/kasvuhooned\/","article_modified_time":"2026-04-13T08:06:25+00:00","og_image":[{"width":800,"height":800,"url":"https:\/\/rodoaed.ee\/wp-content\/uploads\/2019\/07\/vaakummasina-tihend.jpg","type":"image\/jpeg"}],"twitter_card":"summary_large_image","twitter_misc":{"Arvioitu lukuaika":"2 minuuttia"},"schema":{"@context":"https:\/\/schema.org","@graph":[{"@type":"WebPage","@id":"https:\/\/rodoaed.ee\/fi\/toode\/tyhjiopakkaajan-lasitiiviste-5kpl\/","url":"https:\/\/rodoaed.ee\/fi\/toode\/tyhjiopakkaajan-lasitiiviste-5kpl\/","name":"Tyhji\u00f6pakkaajan lasitiiviste, 5kpl - Rodoaed","isPartOf":{"@id":"https:\/\/rodoaed.ee\/#website"},"primaryImageOfPage":{"@id":"https:\/\/rodoaed.ee\/fi\/toode\/tyhjiopakkaajan-lasitiiviste-5kpl\/#primaryimage"},"image":{"@id":"https:\/\/rodoaed.ee\/fi\/toode\/tyhjiopakkaajan-lasitiiviste-5kpl\/#primaryimage"},"thumbnailUrl":"https:\/\/rodoaed.ee\/wp-content\/uploads\/2019\/07\/vaakummasina-tihend.jpg","datePublished":"2019-08-02T09:49:59+00:00","dateModified":"2026-04-13T08:06:25+00:00","breadcrumb":{"@id":"https:\/\/rodoaed.ee\/fi\/toode\/tyhjiopakkaajan-lasitiiviste-5kpl\/#breadcrumb"},"inLanguage":"fi","potentialAction":[{"@type":"ReadAction","target":["https:\/\/rodoaed.ee\/fi\/toode\/tyhjiopakkaajan-lasitiiviste-5kpl\/"]}]},{"@type":"ImageObject","inLanguage":"fi","@id":"https:\/\/rodoaed.ee\/fi\/toode\/tyhjiopakkaajan-lasitiiviste-5kpl\/#primaryimage","url":"https:\/\/rodoaed.ee\/wp-content\/uploads\/2019\/07\/vaakummasina-tihend.jpg","contentUrl":"https:\/\/rodoaed.ee\/wp-content\/uploads\/2019\/07\/vaakummasina-tihend.jpg","width":800,"height":800,"caption":"K\u00e4sipumppu tyhji\u00f6pakkausta varten"},{"@type":"BreadcrumbList","@id":"https:\/\/rodoaed.ee\/fi\/toode\/tyhjiopakkaajan-lasitiiviste-5kpl\/#breadcrumb","itemListElement":[{"@type":"ListItem","position":1,"name":"Home","item":"https:\/\/rodoaed.ee\/fi\/"},{"@type":"ListItem","position":2,"name":"Osta osoitteessa","item":"https:\/\/rodoaed.ee\/osta-osoitteessa\/"},{"@type":"ListItem","position":3,"name":"Tyhji\u00f6pakkaajan lasitiiviste, 5kpl"}]},{"@type":"WebSite","@id":"https:\/\/rodoaed.ee\/#website","url":"https:\/\/rodoaed.ee\/","name":"Rodoaed","description":"","publisher":{"@id":"https:\/\/rodoaed.ee\/#organization"},"potentialAction":[{"@type":"SearchAction","target":{"@type":"EntryPoint","urlTemplate":"https:\/\/rodoaed.ee\/?s={search_term_string}"},"query-input":{"@type":"PropertyValueSpecification","valueRequired":true,"valueName":"search_term_string"}}],"inLanguage":"fi"},{"@type":"Organization","@id":"https:\/\/rodoaed.ee\/#organization","name":"Rodoaed","url":"https:\/\/rodoaed.ee\/","logo":{"@type":"ImageObject","inLanguage":"fi","@id":"https:\/\/rodoaed.ee\/#\/schema\/logo\/image\/","url":"https:\/\/rodoaed.ee\/wp-content\/uploads\/2019\/11\/rodoaed-logo-ilma-taustata.jpg","contentUrl":"https:\/\/rodoaed.ee\/wp-content\/uploads\/2019\/11\/rodoaed-logo-ilma-taustata.jpg","width":769,"height":268,"caption":"Rodoaed"},"image":{"@id":"https:\/\/rodoaed.ee\/#\/schema\/logo\/image\/"},"sameAs":["https:\/\/www.facebook.com\/kasvuhooned\/","https:\/\/rodoaed.ee"]}]}},"_links":{"self":[{"href":"https:\/\/rodoaed.ee\/fi\/wp-json\/wp\/v2\/product\/53459","targetHints":{"allow":["GET"]}}],"collection":[{"href":"https:\/\/rodoaed.ee\/fi\/wp-json\/wp\/v2\/product"}],"about":[{"href":"https:\/\/rodoaed.ee\/fi\/wp-json\/wp\/v2\/types\/product"}],"wp:featuredmedia":[{"embeddable":true,"href":"https:\/\/rodoaed.ee\/fi\/wp-json\/wp\/v2\/media\/18091"}],"wp:attachment":[{"href":"https:\/\/rodoaed.ee\/fi\/wp-json\/wp\/v2\/media?parent=53459"}],"wp:term":[{"taxonomy":"product_brand","embeddable":true,"href":"https:\/\/rodoaed.ee\/fi\/wp-json\/wp\/v2\/product_brand?post=53459"},{"taxonomy":"product_cat","embeddable":true,"href":"https:\/\/rodoaed.ee\/fi\/wp-json\/wp\/v2\/product_cat?post=53459"},{"taxonomy":"product_tag","embeddable":true,"href":"https:\/\/rodoaed.ee\/fi\/wp-json\/wp\/v2\/product_tag?post=53459"}],"curies":[{"name":"wp","href":"https:\/\/api.w.org\/{rel}","templated":true}]}}