{"id":53460,"date":"2019-08-02T12:49:59","date_gmt":"2019-08-02T09:49:59","guid":{"rendered":"https:\/\/rodoaed.ee\/toode\/ammattikayttoon-tarkoitettu-letkusuutinsarja-5-osainen-sarja-kupari\/"},"modified":"2026-04-13T11:06:26","modified_gmt":"2026-04-13T08:06:26","slug":"ammattikayttoon-tarkoitettu-letkusuutinsarja-5-osainen-sarja-kupari","status":"publish","type":"product","link":"https:\/\/rodoaed.ee\/fi\/tuote\/ammattikayttoon-tarkoitettu-letkusuutinsarja-5-osainen-sarja-kupari\/","title":{"rendered":"Ammattik\u00e4ytt\u00f6\u00f6n tarkoitettu letkusuutinsarja, 5-osainen sarja, kupari"},"content":{"rendered":"<h2>Profi-sarjan kupariset letkusuuttimet kasteluun.<\/h2>\n<h2>5-osainen sarja, jossa on nopeasti vaihdettavat suuttimet ja tukeva kahva, jossa on mukava muoto ja hyv\u00e4 ote.<\/h2>\n<p>Olet luultavasti t\u00f6rm\u00e4nnyt muovisiin letkusuuttimiin, jotka rikkoutuvat helposti ja jotka on vaihdettava joka vuosi. Tavalliset suuttimet on tehty halpaa muovia, ja auringon UV-s\u00e4teet sy\u00f6v\u00e4t niit\u00e4 yhden kes\u00e4n aikana, jolloin ne rikkoutuvat tai vuotavat. Se vie my\u00f6s tarvittavan vedenpaineen, jos suuttimessa on liikaa erilaisia vempaimia ja suuttimia.  <\/p>\n<p><strong>T\u00e4m\u00e4 kuparinen kastelusuutin on suunniteltu kest\u00e4m\u00e4\u00e4n ja kest\u00e4m\u00e4\u00e4n ammattik\u00e4ytt\u00f6\u00e4. Nelj\u00e4 erilaista kastelusuutinta ovat vaihdettavissa pikakiinnikkeell\u00e4, joten voit kastella tavallista pienemm\u00e4ll\u00e4 vedenpaineella. Ne eiv\u00e4t my\u00f6sk\u00e4\u00e4n tukkeudu yht\u00e4 helposti ja ne on helppo puhdistaa.  <\/strong><\/p>\n<p><strong>Suuttimissa on pikaliitin ja kunnollinen kumitiiviste. Kahva on valmistettu kest\u00e4v\u00e4st\u00e4 materiaalista ja siit\u00e4 saa hyv\u00e4n otteen. Vesi voidaan avata ja sulkea mukavalla vivulla sormen alla. T\u00e4m\u00e4 liit\u00e4nt\u00e4 sulkee hanan helposti ja nopeasti.   <\/strong><\/p>\n<figure id=\"attachment_6681\" aria-describedby=\"caption-attachment-6681\" style=\"width: 200px\" class=\"wp-caption alignnone\"><img loading=\"lazy\" decoding=\"async\" class=\"size-medium-single-product wp-image-6681\" src=\"https:\/\/www.rodoaed.ee\/wp-content\/uploads\/2014\/06\/kastmisvooliku-otsik-2s-200x150.jpg\" alt=\"\" width=\"200\" height=\"150\"><figcaption id=\"caption-attachment-6681\" class=\"wp-caption-text\">Profi-seeria voolikuotsiku komplekt, 5 osaline, vasest.<\/figcaption><\/figure>\n<figure id=\"attachment_6682\" aria-describedby=\"caption-attachment-6682\" style=\"width: 200px\" class=\"wp-caption alignnone\"><img loading=\"lazy\" decoding=\"async\" class=\"size-medium-single-product wp-image-6682\" src=\"https:\/\/www.rodoaed.ee\/wp-content\/uploads\/2014\/06\/kastmisvooliku-otsik-3s-200x150.jpg\" alt=\"\" width=\"200\" height=\"150\"><figcaption id=\"caption-attachment-6682\" class=\"wp-caption-text\">Erinevad otsikud lasevad sul kasutada just nii nagu vaja. Vask on v\u00e4ga vastupidav materjal.<\/figcaption><\/figure>\n<p>&nbsp;<\/p>\n","protected":false},"excerpt":{"rendered":"<p>Profi-sarjan kupariset letkusuuttimet kasteluun. 5-osainen sarja, jossa on nopeasti vaihdettavat suuttimet ja tukeva kahva, jossa on mukava muoto ja hyv\u00e4 ote. Olet luultavasti t\u00f6rm\u00e4nnyt muovisiin letkusuuttimiin, jotka rikkoutuvat helposti ja jotka on vaihdettava joka vuosi. Tavalliset suuttimet on tehty halpaa muovia, ja auringon UV-s\u00e4teet sy\u00f6v\u00e4t niit\u00e4 yhden kes\u00e4n aikana, jolloin ne rikkoutuvat tai vuotavat. Se vie my\u00f6s tarvittavan vedenpaineen, jos suuttimessa on liikaa erilaisia vempaimia&#8230;<\/p>\n","protected":false},"featured_media":18084,"template":"","meta":{"_acf_changed":false},"product_brand":[],"product_cat":[2224,1984],"product_tag":[],"class_list":{"0":"post-53460","1":"product","2":"type-product","3":"status-publish","4":"has-post-thumbnail","6":"product_cat-hienojen-kasvien-ja-pensaiden-kastelu","7":"product_cat-kastijarjestelmat","8":"product_shipping_class-toimitus-1-3-tyopaivan-kuluessa","9":"pa_variatsioon-ammattikayttoon-tarkoitettu-letkusuutinsarja-5-osainen-sarja-kupari","11":"first","12":"instock","13":"sale","14":"taxable","15":"shipping-taxable","16":"purchasable","17":"product-type-simple"},"acf":[],"yoast_head":"<!-- This site is optimized with the Yoast SEO Premium plugin v27.3 (Yoast SEO v27.3) - https:\/\/yoast.com\/product\/yoast-seo-premium-wordpress\/ -->\n<title>Ammattik\u00e4ytt\u00f6\u00f6n tarkoitettu letkusuutinsarja, 5-osainen sarja, kupari - Rodoaed<\/title>\n<meta name=\"robots\" content=\"index, follow, max-snippet:-1, max-image-preview:large, max-video-preview:-1\" \/>\n<link rel=\"canonical\" href=\"https:\/\/rodoaed.ee\/toode\/ammattikayttoon-tarkoitettu-letkusuutinsarja-5-osainen-sarja-kupari\/\" \/>\n<meta property=\"og:locale\" content=\"fi_FI\" \/>\n<meta property=\"og:type\" content=\"article\" \/>\n<meta property=\"og:title\" content=\"Ammattik\u00e4ytt\u00f6\u00f6n tarkoitettu letkusuutinsarja, 5-osainen sarja, kupari\" \/>\n<meta property=\"og:description\" content=\"Profi-sarjan kupariset letkusuuttimet kasteluun. 5-osainen sarja, jossa on nopeasti vaihdettavat suuttimet ja tukeva kahva, jossa on mukava muoto ja hyv\u00e4\" \/>\n<meta property=\"og:url\" content=\"https:\/\/rodoaed.ee\/toode\/ammattikayttoon-tarkoitettu-letkusuutinsarja-5-osainen-sarja-kupari\/\" \/>\n<meta property=\"og:site_name\" content=\"Rodoaed\" \/>\n<meta property=\"article:publisher\" content=\"https:\/\/www.facebook.com\/kasvuhooned\/\" \/>\n<meta property=\"article:modified_time\" content=\"2026-04-13T08:06:26+00:00\" \/>\n<meta name=\"twitter:card\" content=\"summary_large_image\" \/>\n<meta name=\"twitter:label1\" content=\"Arvioitu lukuaika\" \/>\n\t<meta name=\"twitter:data1\" content=\"1 minuutti\" \/>\n<script type=\"application\/ld+json\" class=\"yoast-schema-graph\">{\"@context\":\"https:\\\/\\\/schema.org\",\"@graph\":[{\"@type\":\"WebPage\",\"@id\":\"https:\\\/\\\/rodoaed.ee\\\/toode\\\/ammattikayttoon-tarkoitettu-letkusuutinsarja-5-osainen-sarja-kupari\\\/\",\"url\":\"https:\\\/\\\/rodoaed.ee\\\/toode\\\/ammattikayttoon-tarkoitettu-letkusuutinsarja-5-osainen-sarja-kupari\\\/\",\"name\":\"Ammattik\u00e4ytt\u00f6\u00f6n tarkoitettu letkusuutinsarja, 5-osainen sarja, kupari - Rodoaed\",\"isPartOf\":{\"@id\":\"https:\\\/\\\/rodoaed.ee\\\/#website\"},\"primaryImageOfPage\":{\"@id\":\"https:\\\/\\\/rodoaed.ee\\\/toode\\\/ammattikayttoon-tarkoitettu-letkusuutinsarja-5-osainen-sarja-kupari\\\/#primaryimage\"},\"image\":{\"@id\":\"https:\\\/\\\/rodoaed.ee\\\/toode\\\/ammattikayttoon-tarkoitettu-letkusuutinsarja-5-osainen-sarja-kupari\\\/#primaryimage\"},\"thumbnailUrl\":\"https:\\\/\\\/rodoaed.ee\\\/wp-content\\\/uploads\\\/2019\\\/07\\\/kastmisvooliku-otsik-1.jpg\",\"datePublished\":\"2019-08-02T09:49:59+00:00\",\"dateModified\":\"2026-04-13T08:06:26+00:00\",\"breadcrumb\":{\"@id\":\"https:\\\/\\\/rodoaed.ee\\\/toode\\\/ammattikayttoon-tarkoitettu-letkusuutinsarja-5-osainen-sarja-kupari\\\/#breadcrumb\"},\"inLanguage\":\"fi\",\"potentialAction\":[{\"@type\":\"ReadAction\",\"target\":[\"https:\\\/\\\/rodoaed.ee\\\/toode\\\/ammattikayttoon-tarkoitettu-letkusuutinsarja-5-osainen-sarja-kupari\\\/\"]}]},{\"@type\":\"ImageObject\",\"inLanguage\":\"fi\",\"@id\":\"https:\\\/\\\/rodoaed.ee\\\/toode\\\/ammattikayttoon-tarkoitettu-letkusuutinsarja-5-osainen-sarja-kupari\\\/#primaryimage\",\"url\":\"https:\\\/\\\/rodoaed.ee\\\/wp-content\\\/uploads\\\/2019\\\/07\\\/kastmisvooliku-otsik-1.jpg\",\"contentUrl\":\"https:\\\/\\\/rodoaed.ee\\\/wp-content\\\/uploads\\\/2019\\\/07\\\/kastmisvooliku-otsik-1.jpg\",\"width\":4544,\"height\":3029},{\"@type\":\"BreadcrumbList\",\"@id\":\"https:\\\/\\\/rodoaed.ee\\\/toode\\\/ammattikayttoon-tarkoitettu-letkusuutinsarja-5-osainen-sarja-kupari\\\/#breadcrumb\",\"itemListElement\":[{\"@type\":\"ListItem\",\"position\":1,\"name\":\"Home\",\"item\":\"https:\\\/\\\/rodoaed.ee\\\/fi\\\/\"},{\"@type\":\"ListItem\",\"position\":2,\"name\":\"Osta osoitteessa\",\"item\":\"https:\\\/\\\/rodoaed.ee\\\/osta-osoitteessa\\\/\"},{\"@type\":\"ListItem\",\"position\":3,\"name\":\"Ammattik\u00e4ytt\u00f6\u00f6n tarkoitettu letkusuutinsarja, 5-osainen sarja, kupari\"}]},{\"@type\":\"WebSite\",\"@id\":\"https:\\\/\\\/rodoaed.ee\\\/#website\",\"url\":\"https:\\\/\\\/rodoaed.ee\\\/\",\"name\":\"Rodoaed\",\"description\":\"\",\"publisher\":{\"@id\":\"https:\\\/\\\/rodoaed.ee\\\/#organization\"},\"potentialAction\":[{\"@type\":\"SearchAction\",\"target\":{\"@type\":\"EntryPoint\",\"urlTemplate\":\"https:\\\/\\\/rodoaed.ee\\\/?s={search_term_string}\"},\"query-input\":{\"@type\":\"PropertyValueSpecification\",\"valueRequired\":true,\"valueName\":\"search_term_string\"}}],\"inLanguage\":\"fi\"},{\"@type\":\"Organization\",\"@id\":\"https:\\\/\\\/rodoaed.ee\\\/#organization\",\"name\":\"Rodoaed\",\"url\":\"https:\\\/\\\/rodoaed.ee\\\/\",\"logo\":{\"@type\":\"ImageObject\",\"inLanguage\":\"fi\",\"@id\":\"https:\\\/\\\/rodoaed.ee\\\/#\\\/schema\\\/logo\\\/image\\\/\",\"url\":\"https:\\\/\\\/rodoaed.ee\\\/wp-content\\\/uploads\\\/2019\\\/11\\\/rodoaed-logo-ilma-taustata.jpg\",\"contentUrl\":\"https:\\\/\\\/rodoaed.ee\\\/wp-content\\\/uploads\\\/2019\\\/11\\\/rodoaed-logo-ilma-taustata.jpg\",\"width\":769,\"height\":268,\"caption\":\"Rodoaed\"},\"image\":{\"@id\":\"https:\\\/\\\/rodoaed.ee\\\/#\\\/schema\\\/logo\\\/image\\\/\"},\"sameAs\":[\"https:\\\/\\\/www.facebook.com\\\/kasvuhooned\\\/\",\"https:\\\/\\\/rodoaed.ee\"]}]}<\/script>\n<!-- \/ Yoast SEO Premium plugin. -->","yoast_head_json":{"title":"Ammattik\u00e4ytt\u00f6\u00f6n tarkoitettu letkusuutinsarja, 5-osainen sarja, kupari - Rodoaed","robots":{"index":"index","follow":"follow","max-snippet":"max-snippet:-1","max-image-preview":"max-image-preview:large","max-video-preview":"max-video-preview:-1"},"canonical":"https:\/\/rodoaed.ee\/toode\/ammattikayttoon-tarkoitettu-letkusuutinsarja-5-osainen-sarja-kupari\/","og_locale":"fi_FI","og_type":"article","og_title":"Ammattik\u00e4ytt\u00f6\u00f6n tarkoitettu letkusuutinsarja, 5-osainen sarja, kupari","og_description":"Profi-sarjan kupariset letkusuuttimet kasteluun. 5-osainen sarja, jossa on nopeasti vaihdettavat suuttimet ja tukeva kahva, jossa on mukava muoto ja hyv\u00e4","og_url":"https:\/\/rodoaed.ee\/toode\/ammattikayttoon-tarkoitettu-letkusuutinsarja-5-osainen-sarja-kupari\/","og_site_name":"Rodoaed","article_publisher":"https:\/\/www.facebook.com\/kasvuhooned\/","article_modified_time":"2026-04-13T08:06:26+00:00","twitter_card":"summary_large_image","twitter_misc":{"Arvioitu lukuaika":"1 minuutti"},"schema":{"@context":"https:\/\/schema.org","@graph":[{"@type":"WebPage","@id":"https:\/\/rodoaed.ee\/toode\/ammattikayttoon-tarkoitettu-letkusuutinsarja-5-osainen-sarja-kupari\/","url":"https:\/\/rodoaed.ee\/toode\/ammattikayttoon-tarkoitettu-letkusuutinsarja-5-osainen-sarja-kupari\/","name":"Ammattik\u00e4ytt\u00f6\u00f6n tarkoitettu letkusuutinsarja, 5-osainen sarja, kupari - Rodoaed","isPartOf":{"@id":"https:\/\/rodoaed.ee\/#website"},"primaryImageOfPage":{"@id":"https:\/\/rodoaed.ee\/toode\/ammattikayttoon-tarkoitettu-letkusuutinsarja-5-osainen-sarja-kupari\/#primaryimage"},"image":{"@id":"https:\/\/rodoaed.ee\/toode\/ammattikayttoon-tarkoitettu-letkusuutinsarja-5-osainen-sarja-kupari\/#primaryimage"},"thumbnailUrl":"https:\/\/rodoaed.ee\/wp-content\/uploads\/2019\/07\/kastmisvooliku-otsik-1.jpg","datePublished":"2019-08-02T09:49:59+00:00","dateModified":"2026-04-13T08:06:26+00:00","breadcrumb":{"@id":"https:\/\/rodoaed.ee\/toode\/ammattikayttoon-tarkoitettu-letkusuutinsarja-5-osainen-sarja-kupari\/#breadcrumb"},"inLanguage":"fi","potentialAction":[{"@type":"ReadAction","target":["https:\/\/rodoaed.ee\/toode\/ammattikayttoon-tarkoitettu-letkusuutinsarja-5-osainen-sarja-kupari\/"]}]},{"@type":"ImageObject","inLanguage":"fi","@id":"https:\/\/rodoaed.ee\/toode\/ammattikayttoon-tarkoitettu-letkusuutinsarja-5-osainen-sarja-kupari\/#primaryimage","url":"https:\/\/rodoaed.ee\/wp-content\/uploads\/2019\/07\/kastmisvooliku-otsik-1.jpg","contentUrl":"https:\/\/rodoaed.ee\/wp-content\/uploads\/2019\/07\/kastmisvooliku-otsik-1.jpg","width":4544,"height":3029},{"@type":"BreadcrumbList","@id":"https:\/\/rodoaed.ee\/toode\/ammattikayttoon-tarkoitettu-letkusuutinsarja-5-osainen-sarja-kupari\/#breadcrumb","itemListElement":[{"@type":"ListItem","position":1,"name":"Home","item":"https:\/\/rodoaed.ee\/fi\/"},{"@type":"ListItem","position":2,"name":"Osta osoitteessa","item":"https:\/\/rodoaed.ee\/osta-osoitteessa\/"},{"@type":"ListItem","position":3,"name":"Ammattik\u00e4ytt\u00f6\u00f6n tarkoitettu letkusuutinsarja, 5-osainen sarja, kupari"}]},{"@type":"WebSite","@id":"https:\/\/rodoaed.ee\/#website","url":"https:\/\/rodoaed.ee\/","name":"Rodoaed","description":"","publisher":{"@id":"https:\/\/rodoaed.ee\/#organization"},"potentialAction":[{"@type":"SearchAction","target":{"@type":"EntryPoint","urlTemplate":"https:\/\/rodoaed.ee\/?s={search_term_string}"},"query-input":{"@type":"PropertyValueSpecification","valueRequired":true,"valueName":"search_term_string"}}],"inLanguage":"fi"},{"@type":"Organization","@id":"https:\/\/rodoaed.ee\/#organization","name":"Rodoaed","url":"https:\/\/rodoaed.ee\/","logo":{"@type":"ImageObject","inLanguage":"fi","@id":"https:\/\/rodoaed.ee\/#\/schema\/logo\/image\/","url":"https:\/\/rodoaed.ee\/wp-content\/uploads\/2019\/11\/rodoaed-logo-ilma-taustata.jpg","contentUrl":"https:\/\/rodoaed.ee\/wp-content\/uploads\/2019\/11\/rodoaed-logo-ilma-taustata.jpg","width":769,"height":268,"caption":"Rodoaed"},"image":{"@id":"https:\/\/rodoaed.ee\/#\/schema\/logo\/image\/"},"sameAs":["https:\/\/www.facebook.com\/kasvuhooned\/","https:\/\/rodoaed.ee"]}]}},"_links":{"self":[{"href":"https:\/\/rodoaed.ee\/fi\/wp-json\/wp\/v2\/product\/53460","targetHints":{"allow":["GET"]}}],"collection":[{"href":"https:\/\/rodoaed.ee\/fi\/wp-json\/wp\/v2\/product"}],"about":[{"href":"https:\/\/rodoaed.ee\/fi\/wp-json\/wp\/v2\/types\/product"}],"wp:featuredmedia":[{"embeddable":true,"href":"https:\/\/rodoaed.ee\/fi\/wp-json\/wp\/v2\/media\/18084"}],"wp:attachment":[{"href":"https:\/\/rodoaed.ee\/fi\/wp-json\/wp\/v2\/media?parent=53460"}],"wp:term":[{"taxonomy":"product_brand","embeddable":true,"href":"https:\/\/rodoaed.ee\/fi\/wp-json\/wp\/v2\/product_brand?post=53460"},{"taxonomy":"product_cat","embeddable":true,"href":"https:\/\/rodoaed.ee\/fi\/wp-json\/wp\/v2\/product_cat?post=53460"},{"taxonomy":"product_tag","embeddable":true,"href":"https:\/\/rodoaed.ee\/fi\/wp-json\/wp\/v2\/product_tag?post=53460"}],"curies":[{"name":"wp","href":"https:\/\/api.w.org\/{rel}","templated":true}]}}