{"id":53464,"date":"2019-08-02T12:49:59","date_gmt":"2019-08-02T09:49:59","guid":{"rendered":"https:\/\/rodoaed.ee\/toode\/takaje-vacuum-packer-deluxe-ruostumatonta-terasta\/"},"modified":"2026-04-13T11:06:29","modified_gmt":"2026-04-13T08:06:29","slug":"takaje-vacuum-packer-deluxe-ruostumatonta-terasta","status":"publish","type":"product","link":"https:\/\/rodoaed.ee\/fi\/tuote\/takaje-vacuum-packer-deluxe-ruostumatonta-terasta\/","title":{"rendered":"Takaje Vacuum Packer Deluxe ruostumatonta ter\u00e4st\u00e4"},"content":{"rendered":"<h2>Takaje-tyhji\u00f6pakkauksen avulla voit s\u00e4ilytt\u00e4\u00e4 erilaisia tuoreita elintarvikkeita jopa kolme kertaa pidemp\u00e4\u00e4n kuin pit\u00e4m\u00e4ll\u00e4 niit\u00e4 avoinna j\u00e4\u00e4kaapissa.<\/h2>\n<h4>Deluxe-mallissa on samat tekniset tiedot kuin v\u00e4rillisiss\u00e4 malleissa, mutta siin\u00e4 on t\u00e4ysin ruostumattomasta ter\u00e4ksest\u00e4 valmistettu runko.<\/h4>\n<p>Tyhji\u00f6pakkaaminen antaa sinulle mahdollisuuden pident\u00e4\u00e4 tuoreiden elintarvikkeiden s\u00e4ilyvyytt\u00e4 jopa kolme kertaa. S\u00e4\u00e4st\u00e4t my\u00f6s rahaa ruoassa, koska et tuhlaa en\u00e4\u00e4 yht\u00e4\u00e4n ruokaa. Pakastettujen elintarvikkeiden kanssa voit esimerkiksi s\u00e4ilytt\u00e4\u00e4 pakastettua lihaa jopa 3 vuotta kuluttamatta energiaa j\u00e4\u00e4kaapissa.  <\/p>\n<p>Takajen tyhji\u00f6pakkausj\u00e4rjestelm\u00e4 mahdollistaa monenlaisten elintarvikkeiden s\u00e4ilytt\u00e4misen tyhji\u00f6pusseissa sek\u00e4 uudelleenk\u00e4ytett\u00e4viss\u00e4 lasiastioissa, kuten pulloissa ja purkeissa. Teknologia, jossa lasitavaroita k\u00e4ytet\u00e4\u00e4n tyhji\u00f6pakkauksina, on ainutlaatuinen Tre Spaden keksint\u00f6. <\/p>\n<p>Ihmiset ovat aikojen alusta l\u00e4htien etsineet tapoja s\u00e4ilytt\u00e4\u00e4 ruokaa selviyty\u00e4kseen. On k\u00e4ytetty suolaamista ja pakastamista ja nyt tyhji\u00f6pakkaamista. Tyhji\u00f6pakkaaminen tuo s\u00e4il\u00f6nt\u00e4\u00e4n uuden ulottuvuuden, sill\u00e4 se s\u00e4\u00e4st\u00e4\u00e4 valtavia rahasummia hy\u00f6dynt\u00e4m\u00e4ll\u00e4 elintarvikkeita paremmin. Ruokaa menee v\u00e4hemm\u00e4n hukkaan. Samalla voit s\u00e4ilytt\u00e4\u00e4 enemm\u00e4n ruokaa pienemmiss\u00e4 annoksissa ja sy\u00f6d\u00e4 sen aina tuoreena.    <\/p>\n<p><strong>Tre Spade -tyhji\u00f6pakkauslaitteet ovat Euroopan suosituimpia ja luotettavimpia tyhji\u00f6pakkauslaitteita, ja ne saivat hiljattain Euroopan parhaan muotoilupalkinnon 2014.<\/strong><\/p>\n<p><strong>Tyhji\u00f6pumppu on varustettu automaattisella suojausj\u00e4rjestelm\u00e4ll\u00e4, joka est\u00e4\u00e4 nesteiden imeytymisen koneeseen.<\/strong><\/p>\n<h3>HUOM T\u00e4m\u00e4 on maailman ainoa tyhji\u00f6pakkausj\u00e4rjestelm\u00e4, joka mahdollistaa uusien tai k\u00e4ytettyjen lasiesineiden k\u00e4yt\u00f6n tyhji\u00f6pakkaamiseen.<\/h3>\n<p><strong>Setti sis\u00e4lt\u00e4\u00e4: <\/strong><strong>2 venttiili\u00e4, 1 pullon sulkuventtiili ja 10 tyhji\u00f6pussia.<\/strong><\/p>\n<h2>T\u00e4rkeimm\u00e4t ominaisuudet:<\/h2>\n<ul>\n<li>ABS ja ruostumaton ter\u00e4srunko<\/li>\n<li>Nelj\u00e4 eri toimintatapaa: automaattinen sykli &#8211; manuaalinen sykli &#8211; t\u00f6lkkien tyhji\u00f6pakkaussykli &#8211; rullakalvopussin tyhji\u00f6pakkaussykli.<\/li>\n<li>L\u00e4mp\u00f6saumauskuumasauva on valmistettu eritt\u00e4in kest\u00e4v\u00e4st\u00e4 metallista, jonka paksuus on 3 mm.<\/li>\n<li>Eritt\u00e4in yksinkertainen ja tarkka tyhji\u00f6pakkauksen tiivistyslaite<\/li>\n<li>Palkitut kotelot muotoilu- ja v\u00e4rivalikoiman avulla<\/li>\n<li>Lasipurkkien tyhji\u00f6sulkemislaite sis\u00e4ltyy jo vakiopakkaukseen.<\/li>\n<li>Tyhji\u00f6pumpun kammio on helposti irrotettavissa helppoa puhdistusta varten.<\/li>\n<li>Helppo k\u00e4ytt\u00e4\u00e4<\/li>\n<li>Kompakti ja kevyt<\/li>\n<\/ul>\n<h2>Tekniset tiedot:<\/h2>\n<ul>\n<li>Paino: 3,4 kg<\/li>\n<li>Mitat: 36,5 x 18,5 x 8 cm.<\/li>\n<li>Teho: 200 W<\/li>\n<li>Tyhji\u00f6pumpun imuteho: 16 litraa minuutissa.<\/li>\n<li>Maksimi tyhji\u00f6: 800 mbar<\/li>\n<li>Sulkemisen pituus: 33cm<\/li>\n<\/ul>\n<div data-fullscreen=\"disabled\" data-mode=\"normal\" data-oembed=\"1\" data-provider=\"youtube\" data-reset-after-played id=\"arve-youtube-lj4kucvf7oo\" class=\"arve\">\n<div class=\"arve-inner\">\n<div style=\"aspect-ratio:1140\/641\" class=\"arve-embed arve-embed--has-aspect-ratio\">\n<div class=\"arve-ar\" style=\"padding-top:56.228070%\"><\/div>\n<p>\t\t\t<iframe allow=\"accelerometer &apos;none&apos;;autoplay &apos;none&apos;;bluetooth &apos;none&apos;;browsing-topics &apos;none&apos;;camera &apos;none&apos;;clipboard-read &apos;none&apos;;clipboard-write;display-capture &apos;none&apos;;encrypted-media &apos;none&apos;;gamepad &apos;none&apos;;geolocation &apos;none&apos;;gyroscope &apos;none&apos;;hid &apos;none&apos;;identity-credentials-get &apos;none&apos;;idle-detection &apos;none&apos;;keyboard-map &apos;none&apos;;local-fonts;magnetometer &apos;none&apos;;microphone &apos;none&apos;;midi &apos;none&apos;;otp-credentials &apos;none&apos;;payment &apos;none&apos;;picture-in-picture;publickey-credentials-create &apos;none&apos;;publickey-credentials-get &apos;none&apos;;screen-wake-lock &apos;none&apos;;serial &apos;none&apos;;summarizer &apos;none&apos;;sync-xhr;usb &apos;none&apos;;web-share;window-management &apos;none&apos;;xr-spatial-tracking &apos;none&apos;;\" allowfullscreen=\"\" class=\"arve-iframe fitvidsignore\" credentialless data-arve=\"arve-youtube-lj4kucvf7oo\" data-lenis-prevent=\"\" data-src-no-ap=\"https:\/\/www.youtube-nocookie.com\/embed\/LJ4KUcvf7oo?feature=oembed&amp;iv_load_policy=3&amp;modestbranding=1&amp;rel=0&amp;autohide=1&amp;playsinline=0&amp;autoplay=0&amp;enablejsapi=1\" frameborder=\"0\" height=\"0\" loading=\"lazy\" name=\"\" referrerpolicy=\"strict-origin-when-cross-origin\" sandbox=\"allow-scripts allow-same-origin allow-presentation allow-popups allow-popups-to-escape-sandbox\" scrolling=\"no\" src=\"https:\/\/www.youtube-nocookie.com\/embed\/LJ4KUcvf7oo?feature=oembed&#038;iv_load_policy=3&#038;modestbranding=1&#038;rel=0&#038;autohide=1&#038;playsinline=0&#038;autoplay=0&#038;enablejsapi=1\" title=\"Tre Spade Takaje Vacuum Machine\" width=\"0\"><\/iframe><\/p><\/div>\n<\/p><\/div>\n<p>\t<script type=\"application\/ld+json\">{\"@context\":\"http:\\\/\\\/schema.org\\\/\",\"@id\":\"https:\\\/\\\/rodoaed.ee\\\/fi\\\/tuote\\\/takaje-vacuum-packer-deluxe-ruostumatonta-terasta\\\/#arve-youtube-lj4kucvf7oo\",\"type\":\"VideoObject\",\"embedURL\":\"https:\\\/\\\/www.youtube-nocookie.com\\\/embed\\\/LJ4KUcvf7oo?feature=oembed&iv_load_policy=3&modestbranding=1&rel=0&autohide=1&playsinline=0&autoplay=0&enablejsapi=1\",\"name\":\"Tre Spade Takaje Vacuum Machine\",\"thumbnailUrl\":\"https:\\\/\\\/i.ytimg.com\\\/vi\\\/LJ4KUcvf7oo\\\/hqdefault.jpg\",\"uploadDate\":\"2026-04-20T18:49:24+03:00\",\"author\":\"Tim Weschenfelder\",\"description\":\"Takaje-tyhji\\u00f6pakkauksen avulla voit s\\u00e4ilytt\\u00e4\\u00e4 erilaisia tuoreita elintarvikkeita jopa kolme kertaa pidemp\\u00e4\\u00e4n kuin pit\\u00e4m\\u00e4ll\\u00e4 niit\\u00e4 avoinna j\\u00e4\\u00e4kaapissa. Deluxe-mallissa on samat tekniset tiedot kuin v\\u00e4rillisiss\\u00e4 malleissa, mutta siin\\u00e4 on t\\u00e4ysin ruostumattomasta ter\\u00e4ksest\\u00e4 valmistettu runko. Tyhji\\u00f6pakk\"}<\/script><\/p>\n<\/div>\n<div><\/div>\n<div><strong><a href=\"https:\/\/rodoaed.ee\/fi\/tootekategooria\/keittiolaitteet\/tyhjiopakkaajat\/\">Tyhji\u00f6pakkaajat<\/a><\/strong><\/div>\n<div><\/div>\n","protected":false},"excerpt":{"rendered":"<p>Takaje-tyhji\u00f6pakkauksen avulla voit s\u00e4ilytt\u00e4\u00e4 erilaisia tuoreita elintarvikkeita jopa kolme kertaa pidemp\u00e4\u00e4n kuin pit\u00e4m\u00e4ll\u00e4 niit\u00e4 avoinna j\u00e4\u00e4kaapissa. Deluxe-mallissa on samat tekniset tiedot kuin v\u00e4rillisiss\u00e4 malleissa, mutta siin\u00e4 on t\u00e4ysin ruostumattomasta ter\u00e4ksest\u00e4 valmistettu runko. Tyhji\u00f6pakkaaminen antaa sinulle mahdollisuuden pident\u00e4\u00e4 tuoreiden elintarvikkeiden s\u00e4ilyvyytt\u00e4 jopa kolme kertaa. S\u00e4\u00e4st\u00e4t my\u00f6s rahaa ruoassa, koska et tuhlaa en\u00e4\u00e4 yht\u00e4\u00e4n ruokaa. Pakastettujen elintarvikkeiden kanssa voit esimerkiksi s\u00e4ilytt\u00e4\u00e4 pakastettua lihaa jopa 3 vuotta kuluttamatta&#8230;<\/p>\n","protected":false},"featured_media":17771,"template":"","meta":{"_acf_changed":false},"product_brand":[],"product_cat":[2232],"product_tag":[],"class_list":{"0":"post-53464","1":"product","2":"type-product","3":"status-publish","4":"has-post-thumbnail","6":"product_cat-tyhjiopakkaajat","7":"product_shipping_class-toimitus-1-3-tyopaivan-kuluessa","8":"pa_variatsioon-takaje-tyhjiopakkauslaite-deluxe-ruostumatonta-terasta","10":"first","11":"onbackorder","12":"sale","13":"taxable","14":"shipping-taxable","15":"purchasable","16":"product-type-simple"},"acf":[],"yoast_head":"<!-- This site is optimized with the Yoast SEO Premium plugin v27.3 (Yoast SEO v27.3) - https:\/\/yoast.com\/product\/yoast-seo-premium-wordpress\/ -->\n<title>Takaje Vacuum Packer Deluxe ruostumatonta ter\u00e4st\u00e4 -% Rodoaed-tyhji\u00f6pakkauslaite<\/title>\n<meta name=\"description\" content=\"Takaje-tyhji\u00f6pakkauksen avulla voit s\u00e4ilytt\u00e4\u00e4 erilaisia tuoreita elintarvikkeita jopa kolme kertaa pidemp\u00e4\u00e4n kuin pit\u00e4m\u00e4ll\u00e4 niit\u00e4 avoinna j\u00e4\u00e4kaapissa.\" \/>\n<meta name=\"robots\" content=\"index, follow, max-snippet:-1, max-image-preview:large, max-video-preview:-1\" \/>\n<link rel=\"canonical\" href=\"https:\/\/rodoaed.ee\/fi\/toode\/takaje-vacuum-packer-deluxe-ruostumatonta-terasta\/\" \/>\n<meta property=\"og:locale\" content=\"fi_FI\" \/>\n<meta property=\"og:type\" content=\"article\" \/>\n<meta property=\"og:title\" content=\"Takaje Vacuum Packer Deluxe ruostumatonta ter\u00e4st\u00e4\" \/>\n<meta property=\"og:description\" content=\"Takaje-tyhji\u00f6pakkauksen avulla voit s\u00e4ilytt\u00e4\u00e4 erilaisia tuoreita elintarvikkeita jopa kolme kertaa pidemp\u00e4\u00e4n kuin pit\u00e4m\u00e4ll\u00e4 niit\u00e4 avoinna j\u00e4\u00e4kaapissa.\" \/>\n<meta property=\"og:url\" content=\"https:\/\/rodoaed.ee\/fi\/toode\/takaje-vacuum-packer-deluxe-ruostumatonta-terasta\/\" \/>\n<meta property=\"og:site_name\" content=\"Rodoaed\" \/>\n<meta property=\"article:publisher\" content=\"https:\/\/www.facebook.com\/kasvuhooned\/\" \/>\n<meta property=\"article:modified_time\" content=\"2026-04-13T08:06:29+00:00\" \/>\n<meta property=\"og:image\" content=\"https:\/\/rodoaed.ee\/wp-content\/uploads\/2019\/07\/Tre-Spade-vaakumpump_69000_DL.jpg\" \/>\n\t<meta property=\"og:image:width\" content=\"800\" \/>\n\t<meta property=\"og:image:height\" content=\"600\" \/>\n\t<meta property=\"og:image:type\" content=\"image\/jpeg\" \/>\n<meta name=\"twitter:card\" content=\"summary_large_image\" \/>\n<meta name=\"twitter:label1\" content=\"Arvioitu lukuaika\" \/>\n\t<meta name=\"twitter:data1\" content=\"2 minuuttia\" \/>\n<script type=\"application\/ld+json\" class=\"yoast-schema-graph\">{\"@context\":\"https:\\\/\\\/schema.org\",\"@graph\":[{\"@type\":\"WebPage\",\"@id\":\"https:\\\/\\\/rodoaed.ee\\\/fi\\\/toode\\\/takaje-vacuum-packer-deluxe-ruostumatonta-terasta\\\/\",\"url\":\"https:\\\/\\\/rodoaed.ee\\\/fi\\\/toode\\\/takaje-vacuum-packer-deluxe-ruostumatonta-terasta\\\/\",\"name\":\"Takaje Vacuum Packer Deluxe ruostumatonta ter\u00e4st\u00e4 -% Rodoaed-tyhji\u00f6pakkauslaite\",\"isPartOf\":{\"@id\":\"https:\\\/\\\/rodoaed.ee\\\/#website\"},\"primaryImageOfPage\":{\"@id\":\"https:\\\/\\\/rodoaed.ee\\\/fi\\\/toode\\\/takaje-vacuum-packer-deluxe-ruostumatonta-terasta\\\/#primaryimage\"},\"image\":{\"@id\":\"https:\\\/\\\/rodoaed.ee\\\/fi\\\/toode\\\/takaje-vacuum-packer-deluxe-ruostumatonta-terasta\\\/#primaryimage\"},\"thumbnailUrl\":\"https:\\\/\\\/rodoaed.ee\\\/wp-content\\\/uploads\\\/2019\\\/07\\\/Tre-Spade-vaakumpump_69000_DL.jpg\",\"datePublished\":\"2019-08-02T09:49:59+00:00\",\"dateModified\":\"2026-04-13T08:06:29+00:00\",\"description\":\"Takaje-tyhji\u00f6pakkauksen avulla voit s\u00e4ilytt\u00e4\u00e4 erilaisia tuoreita elintarvikkeita jopa kolme kertaa pidemp\u00e4\u00e4n kuin pit\u00e4m\u00e4ll\u00e4 niit\u00e4 avoinna j\u00e4\u00e4kaapissa.\",\"breadcrumb\":{\"@id\":\"https:\\\/\\\/rodoaed.ee\\\/fi\\\/toode\\\/takaje-vacuum-packer-deluxe-ruostumatonta-terasta\\\/#breadcrumb\"},\"inLanguage\":\"fi\",\"potentialAction\":[{\"@type\":\"ReadAction\",\"target\":[\"https:\\\/\\\/rodoaed.ee\\\/fi\\\/toode\\\/takaje-vacuum-packer-deluxe-ruostumatonta-terasta\\\/\"]}]},{\"@type\":\"ImageObject\",\"inLanguage\":\"fi\",\"@id\":\"https:\\\/\\\/rodoaed.ee\\\/fi\\\/toode\\\/takaje-vacuum-packer-deluxe-ruostumatonta-terasta\\\/#primaryimage\",\"url\":\"https:\\\/\\\/rodoaed.ee\\\/wp-content\\\/uploads\\\/2019\\\/07\\\/Tre-Spade-vaakumpump_69000_DL.jpg\",\"contentUrl\":\"https:\\\/\\\/rodoaed.ee\\\/wp-content\\\/uploads\\\/2019\\\/07\\\/Tre-Spade-vaakumpump_69000_DL.jpg\",\"width\":800,\"height\":600},{\"@type\":\"BreadcrumbList\",\"@id\":\"https:\\\/\\\/rodoaed.ee\\\/fi\\\/toode\\\/takaje-vacuum-packer-deluxe-ruostumatonta-terasta\\\/#breadcrumb\",\"itemListElement\":[{\"@type\":\"ListItem\",\"position\":1,\"name\":\"Home\",\"item\":\"https:\\\/\\\/rodoaed.ee\\\/fi\\\/\"},{\"@type\":\"ListItem\",\"position\":2,\"name\":\"Osta osoitteessa\",\"item\":\"https:\\\/\\\/rodoaed.ee\\\/osta-osoitteessa\\\/\"},{\"@type\":\"ListItem\",\"position\":3,\"name\":\"Takaje Vacuum Packer Deluxe ruostumatonta ter\u00e4st\u00e4\"}]},{\"@type\":\"WebSite\",\"@id\":\"https:\\\/\\\/rodoaed.ee\\\/#website\",\"url\":\"https:\\\/\\\/rodoaed.ee\\\/\",\"name\":\"Rodoaed\",\"description\":\"\",\"publisher\":{\"@id\":\"https:\\\/\\\/rodoaed.ee\\\/#organization\"},\"potentialAction\":[{\"@type\":\"SearchAction\",\"target\":{\"@type\":\"EntryPoint\",\"urlTemplate\":\"https:\\\/\\\/rodoaed.ee\\\/?s={search_term_string}\"},\"query-input\":{\"@type\":\"PropertyValueSpecification\",\"valueRequired\":true,\"valueName\":\"search_term_string\"}}],\"inLanguage\":\"fi\"},{\"@type\":\"Organization\",\"@id\":\"https:\\\/\\\/rodoaed.ee\\\/#organization\",\"name\":\"Rodoaed\",\"url\":\"https:\\\/\\\/rodoaed.ee\\\/\",\"logo\":{\"@type\":\"ImageObject\",\"inLanguage\":\"fi\",\"@id\":\"https:\\\/\\\/rodoaed.ee\\\/#\\\/schema\\\/logo\\\/image\\\/\",\"url\":\"https:\\\/\\\/rodoaed.ee\\\/wp-content\\\/uploads\\\/2019\\\/11\\\/rodoaed-logo-ilma-taustata.jpg\",\"contentUrl\":\"https:\\\/\\\/rodoaed.ee\\\/wp-content\\\/uploads\\\/2019\\\/11\\\/rodoaed-logo-ilma-taustata.jpg\",\"width\":769,\"height\":268,\"caption\":\"Rodoaed\"},\"image\":{\"@id\":\"https:\\\/\\\/rodoaed.ee\\\/#\\\/schema\\\/logo\\\/image\\\/\"},\"sameAs\":[\"https:\\\/\\\/www.facebook.com\\\/kasvuhooned\\\/\",\"https:\\\/\\\/rodoaed.ee\"]}]}<\/script>\n<!-- \/ Yoast SEO Premium plugin. -->","yoast_head_json":{"title":"Takaje Vacuum Packer Deluxe ruostumatonta ter\u00e4st\u00e4 -% Rodoaed-tyhji\u00f6pakkauslaite","description":"Takaje-tyhji\u00f6pakkauksen avulla voit s\u00e4ilytt\u00e4\u00e4 erilaisia tuoreita elintarvikkeita jopa kolme kertaa pidemp\u00e4\u00e4n kuin pit\u00e4m\u00e4ll\u00e4 niit\u00e4 avoinna j\u00e4\u00e4kaapissa.","robots":{"index":"index","follow":"follow","max-snippet":"max-snippet:-1","max-image-preview":"max-image-preview:large","max-video-preview":"max-video-preview:-1"},"canonical":"https:\/\/rodoaed.ee\/fi\/toode\/takaje-vacuum-packer-deluxe-ruostumatonta-terasta\/","og_locale":"fi_FI","og_type":"article","og_title":"Takaje Vacuum Packer Deluxe ruostumatonta ter\u00e4st\u00e4","og_description":"Takaje-tyhji\u00f6pakkauksen avulla voit s\u00e4ilytt\u00e4\u00e4 erilaisia tuoreita elintarvikkeita jopa kolme kertaa pidemp\u00e4\u00e4n kuin pit\u00e4m\u00e4ll\u00e4 niit\u00e4 avoinna j\u00e4\u00e4kaapissa.","og_url":"https:\/\/rodoaed.ee\/fi\/toode\/takaje-vacuum-packer-deluxe-ruostumatonta-terasta\/","og_site_name":"Rodoaed","article_publisher":"https:\/\/www.facebook.com\/kasvuhooned\/","article_modified_time":"2026-04-13T08:06:29+00:00","og_image":[{"width":800,"height":600,"url":"https:\/\/rodoaed.ee\/wp-content\/uploads\/2019\/07\/Tre-Spade-vaakumpump_69000_DL.jpg","type":"image\/jpeg"}],"twitter_card":"summary_large_image","twitter_misc":{"Arvioitu lukuaika":"2 minuuttia"},"schema":{"@context":"https:\/\/schema.org","@graph":[{"@type":"WebPage","@id":"https:\/\/rodoaed.ee\/fi\/toode\/takaje-vacuum-packer-deluxe-ruostumatonta-terasta\/","url":"https:\/\/rodoaed.ee\/fi\/toode\/takaje-vacuum-packer-deluxe-ruostumatonta-terasta\/","name":"Takaje Vacuum Packer Deluxe ruostumatonta ter\u00e4st\u00e4 -% Rodoaed-tyhji\u00f6pakkauslaite","isPartOf":{"@id":"https:\/\/rodoaed.ee\/#website"},"primaryImageOfPage":{"@id":"https:\/\/rodoaed.ee\/fi\/toode\/takaje-vacuum-packer-deluxe-ruostumatonta-terasta\/#primaryimage"},"image":{"@id":"https:\/\/rodoaed.ee\/fi\/toode\/takaje-vacuum-packer-deluxe-ruostumatonta-terasta\/#primaryimage"},"thumbnailUrl":"https:\/\/rodoaed.ee\/wp-content\/uploads\/2019\/07\/Tre-Spade-vaakumpump_69000_DL.jpg","datePublished":"2019-08-02T09:49:59+00:00","dateModified":"2026-04-13T08:06:29+00:00","description":"Takaje-tyhji\u00f6pakkauksen avulla voit s\u00e4ilytt\u00e4\u00e4 erilaisia tuoreita elintarvikkeita jopa kolme kertaa pidemp\u00e4\u00e4n kuin pit\u00e4m\u00e4ll\u00e4 niit\u00e4 avoinna j\u00e4\u00e4kaapissa.","breadcrumb":{"@id":"https:\/\/rodoaed.ee\/fi\/toode\/takaje-vacuum-packer-deluxe-ruostumatonta-terasta\/#breadcrumb"},"inLanguage":"fi","potentialAction":[{"@type":"ReadAction","target":["https:\/\/rodoaed.ee\/fi\/toode\/takaje-vacuum-packer-deluxe-ruostumatonta-terasta\/"]}]},{"@type":"ImageObject","inLanguage":"fi","@id":"https:\/\/rodoaed.ee\/fi\/toode\/takaje-vacuum-packer-deluxe-ruostumatonta-terasta\/#primaryimage","url":"https:\/\/rodoaed.ee\/wp-content\/uploads\/2019\/07\/Tre-Spade-vaakumpump_69000_DL.jpg","contentUrl":"https:\/\/rodoaed.ee\/wp-content\/uploads\/2019\/07\/Tre-Spade-vaakumpump_69000_DL.jpg","width":800,"height":600},{"@type":"BreadcrumbList","@id":"https:\/\/rodoaed.ee\/fi\/toode\/takaje-vacuum-packer-deluxe-ruostumatonta-terasta\/#breadcrumb","itemListElement":[{"@type":"ListItem","position":1,"name":"Home","item":"https:\/\/rodoaed.ee\/fi\/"},{"@type":"ListItem","position":2,"name":"Osta osoitteessa","item":"https:\/\/rodoaed.ee\/osta-osoitteessa\/"},{"@type":"ListItem","position":3,"name":"Takaje Vacuum Packer Deluxe ruostumatonta ter\u00e4st\u00e4"}]},{"@type":"WebSite","@id":"https:\/\/rodoaed.ee\/#website","url":"https:\/\/rodoaed.ee\/","name":"Rodoaed","description":"","publisher":{"@id":"https:\/\/rodoaed.ee\/#organization"},"potentialAction":[{"@type":"SearchAction","target":{"@type":"EntryPoint","urlTemplate":"https:\/\/rodoaed.ee\/?s={search_term_string}"},"query-input":{"@type":"PropertyValueSpecification","valueRequired":true,"valueName":"search_term_string"}}],"inLanguage":"fi"},{"@type":"Organization","@id":"https:\/\/rodoaed.ee\/#organization","name":"Rodoaed","url":"https:\/\/rodoaed.ee\/","logo":{"@type":"ImageObject","inLanguage":"fi","@id":"https:\/\/rodoaed.ee\/#\/schema\/logo\/image\/","url":"https:\/\/rodoaed.ee\/wp-content\/uploads\/2019\/11\/rodoaed-logo-ilma-taustata.jpg","contentUrl":"https:\/\/rodoaed.ee\/wp-content\/uploads\/2019\/11\/rodoaed-logo-ilma-taustata.jpg","width":769,"height":268,"caption":"Rodoaed"},"image":{"@id":"https:\/\/rodoaed.ee\/#\/schema\/logo\/image\/"},"sameAs":["https:\/\/www.facebook.com\/kasvuhooned\/","https:\/\/rodoaed.ee"]}]}},"_links":{"self":[{"href":"https:\/\/rodoaed.ee\/fi\/wp-json\/wp\/v2\/product\/53464","targetHints":{"allow":["GET"]}}],"collection":[{"href":"https:\/\/rodoaed.ee\/fi\/wp-json\/wp\/v2\/product"}],"about":[{"href":"https:\/\/rodoaed.ee\/fi\/wp-json\/wp\/v2\/types\/product"}],"wp:featuredmedia":[{"embeddable":true,"href":"https:\/\/rodoaed.ee\/fi\/wp-json\/wp\/v2\/media\/17771"}],"wp:attachment":[{"href":"https:\/\/rodoaed.ee\/fi\/wp-json\/wp\/v2\/media?parent=53464"}],"wp:term":[{"taxonomy":"product_brand","embeddable":true,"href":"https:\/\/rodoaed.ee\/fi\/wp-json\/wp\/v2\/product_brand?post=53464"},{"taxonomy":"product_cat","embeddable":true,"href":"https:\/\/rodoaed.ee\/fi\/wp-json\/wp\/v2\/product_cat?post=53464"},{"taxonomy":"product_tag","embeddable":true,"href":"https:\/\/rodoaed.ee\/fi\/wp-json\/wp\/v2\/product_tag?post=53464"}],"curies":[{"name":"wp","href":"https:\/\/api.w.org\/{rel}","templated":true}]}}