{"id":53466,"date":"2019-08-02T12:50:18","date_gmt":"2019-08-02T09:50:18","guid":{"rendered":"https:\/\/rodoaed.ee\/toode\/kuorman-kannen-ja-kalvon-kiinnitysklipsit-4-kpl\/"},"modified":"2026-04-13T11:06:35","modified_gmt":"2026-04-13T08:06:35","slug":"kuorman-kannen-ja-kalvon-kiinnitysklipsit-4-kpl","status":"publish","type":"product","link":"https:\/\/rodoaed.ee\/fi\/tuote\/kuorman-kannen-ja-kalvon-kiinnitysklipsit-4-kpl\/","title":{"rendered":"Kuorman kannen ja kalvon kiinnitysklipsit, 4 kpl"},"content":{"rendered":"<h2>\u00c4lyk\u00e4s ja turvallinen ratkaisu erityyppisten liukkaiden kuormanp\u00e4\u00e4llysteiden ja muovikalvojen kiinnitt\u00e4miseen. Toimitetaan 4 tukevan kiinnittimen kanssa. <\/h2>\n<p>Voit joko kiinnitt\u00e4\u00e4 puristimen tiukasti kuormakannen reunaan ja kirist\u00e4\u00e4 sen sitten silmukan l\u00e4pi tai kiinnitt\u00e4\u00e4 sen narulla. Kiinnittimet on valmistettu vahvasta muovista, joka kest\u00e4\u00e4 jopa 100 kg:n j\u00e4nnityksen! <\/p>\n<h2>Yksi puristin kest\u00e4\u00e4 jopa 100 kg vetovoimaa!<\/h2>\n<p>Sopivia sovelluksia ovat esimerkiksi rakennusty\u00f6maalle s\u00e4\u00e4suojaksi sijoitettujen suurten kantavien suojien kiinnitt\u00e4minen, sellaisten kantavien suojien kirist\u00e4minen, joiden reunat tai kiinnikkeet ovat rikkoutuneet, telttakatosten kiinnitt\u00e4minen, kangas- tai muovikatosten tai suojien kiinnitt\u00e4minen, mink\u00e4 tahansa ohuen materiaalin lis\u00e4kirist\u00e4minen tai kiinnitt\u00e4minen.<\/p>\n<p><strong>Mukava pikakytkent\u00e4 ja kest\u00e4v\u00e4 materiaali. Suojaa rikkin\u00e4ist\u00e4 kattoa tai muuta arvokasta myrskyss\u00e4. <\/strong><\/p>\n","protected":false},"excerpt":{"rendered":"<p>\u00c4lyk\u00e4s ja turvallinen ratkaisu erityyppisten liukkaiden kuormanp\u00e4\u00e4llysteiden ja muovikalvojen kiinnitt\u00e4miseen. Toimitetaan 4 tukevan kiinnittimen kanssa. Voit joko kiinnitt\u00e4\u00e4 puristimen tiukasti kuormakannen reunaan ja kirist\u00e4\u00e4 sen sitten silmukan l\u00e4pi tai kiinnitt\u00e4\u00e4 sen narulla. Kiinnittimet on valmistettu vahvasta muovista, joka kest\u00e4\u00e4 jopa 100 kg:n j\u00e4nnityksen! Yksi puristin kest\u00e4\u00e4 jopa 100 kg vetovoimaa! Sopivia sovelluksia ovat esimerkiksi rakennusty\u00f6maalle s\u00e4\u00e4suojaksi sijoitettujen suurten kantavien suojien kiinnitt\u00e4minen, sellaisten kantavien suojien kirist\u00e4minen,&#8230;<\/p>\n","protected":false},"featured_media":18071,"template":"","meta":{"_acf_changed":false},"product_brand":[],"product_cat":[1771],"product_tag":[],"class_list":{"0":"post-53466","1":"product","2":"type-product","3":"status-publish","4":"has-post-thumbnail","6":"product_cat-fiksuja-auttajia","7":"pa_variatsioon-kuorman-kannen-ja-kalvon-kiinnitysklipsit-4-kpl","9":"first","10":"instock","11":"sale","12":"taxable","13":"shipping-taxable","14":"purchasable","15":"product-type-simple"},"acf":[],"yoast_head":"<!-- This site is optimized with the Yoast SEO Premium plugin v27.3 (Yoast SEO v27.3) - https:\/\/yoast.com\/product\/yoast-seo-premium-wordpress\/ -->\n<title>Kuorman kannen ja kalvon kiinnitysklipsit, 4 kpl - Rodoaed<\/title>\n<meta name=\"robots\" content=\"index, follow, max-snippet:-1, max-image-preview:large, max-video-preview:-1\" \/>\n<link rel=\"canonical\" href=\"https:\/\/rodoaed.ee\/toode\/kuorman-kannen-ja-kalvon-kiinnitysklipsit-4-kpl\/\" \/>\n<meta property=\"og:locale\" content=\"fi_FI\" \/>\n<meta property=\"og:type\" content=\"article\" \/>\n<meta property=\"og:title\" content=\"Kuorman kannen ja kalvon kiinnitysklipsit, 4 kpl\" \/>\n<meta property=\"og:description\" content=\"\u00c4lyk\u00e4s ja turvallinen ratkaisu erityyppisten liukkaiden kuormanp\u00e4\u00e4llysteiden ja muovikalvojen kiinnitt\u00e4miseen. Toimitetaan 4 tukevan kiinnittimen kanssa.\" \/>\n<meta property=\"og:url\" content=\"https:\/\/rodoaed.ee\/toode\/kuorman-kannen-ja-kalvon-kiinnitysklipsit-4-kpl\/\" \/>\n<meta property=\"og:site_name\" content=\"Rodoaed\" \/>\n<meta property=\"article:publisher\" content=\"https:\/\/www.facebook.com\/kasvuhooned\/\" \/>\n<meta property=\"article:modified_time\" content=\"2026-04-13T08:06:35+00:00\" \/>\n<meta name=\"twitter:card\" content=\"summary_large_image\" \/>\n<meta name=\"twitter:label1\" content=\"Arvioitu lukuaika\" \/>\n\t<meta name=\"twitter:data1\" content=\"1 minuutti\" \/>\n<script type=\"application\/ld+json\" class=\"yoast-schema-graph\">{\"@context\":\"https:\\\/\\\/schema.org\",\"@graph\":[{\"@type\":\"WebPage\",\"@id\":\"https:\\\/\\\/rodoaed.ee\\\/toode\\\/kuorman-kannen-ja-kalvon-kiinnitysklipsit-4-kpl\\\/\",\"url\":\"https:\\\/\\\/rodoaed.ee\\\/toode\\\/kuorman-kannen-ja-kalvon-kiinnitysklipsit-4-kpl\\\/\",\"name\":\"Kuorman kannen ja kalvon kiinnitysklipsit, 4 kpl - Rodoaed\",\"isPartOf\":{\"@id\":\"https:\\\/\\\/rodoaed.ee\\\/#website\"},\"primaryImageOfPage\":{\"@id\":\"https:\\\/\\\/rodoaed.ee\\\/toode\\\/kuorman-kannen-ja-kalvon-kiinnitysklipsit-4-kpl\\\/#primaryimage\"},\"image\":{\"@id\":\"https:\\\/\\\/rodoaed.ee\\\/toode\\\/kuorman-kannen-ja-kalvon-kiinnitysklipsit-4-kpl\\\/#primaryimage\"},\"thumbnailUrl\":\"https:\\\/\\\/rodoaed.ee\\\/wp-content\\\/uploads\\\/2019\\\/07\\\/koormkatte-klamber-1s.jpg\",\"datePublished\":\"2019-08-02T09:50:18+00:00\",\"dateModified\":\"2026-04-13T08:06:35+00:00\",\"breadcrumb\":{\"@id\":\"https:\\\/\\\/rodoaed.ee\\\/toode\\\/kuorman-kannen-ja-kalvon-kiinnitysklipsit-4-kpl\\\/#breadcrumb\"},\"inLanguage\":\"fi\",\"potentialAction\":[{\"@type\":\"ReadAction\",\"target\":[\"https:\\\/\\\/rodoaed.ee\\\/toode\\\/kuorman-kannen-ja-kalvon-kiinnitysklipsit-4-kpl\\\/\"]}]},{\"@type\":\"ImageObject\",\"inLanguage\":\"fi\",\"@id\":\"https:\\\/\\\/rodoaed.ee\\\/toode\\\/kuorman-kannen-ja-kalvon-kiinnitysklipsit-4-kpl\\\/#primaryimage\",\"url\":\"https:\\\/\\\/rodoaed.ee\\\/wp-content\\\/uploads\\\/2019\\\/07\\\/koormkatte-klamber-1s.jpg\",\"contentUrl\":\"https:\\\/\\\/rodoaed.ee\\\/wp-content\\\/uploads\\\/2019\\\/07\\\/koormkatte-klamber-1s.jpg\",\"width\":4363,\"height\":2906},{\"@type\":\"BreadcrumbList\",\"@id\":\"https:\\\/\\\/rodoaed.ee\\\/toode\\\/kuorman-kannen-ja-kalvon-kiinnitysklipsit-4-kpl\\\/#breadcrumb\",\"itemListElement\":[{\"@type\":\"ListItem\",\"position\":1,\"name\":\"Home\",\"item\":\"https:\\\/\\\/rodoaed.ee\\\/fi\\\/\"},{\"@type\":\"ListItem\",\"position\":2,\"name\":\"Osta osoitteessa\",\"item\":\"https:\\\/\\\/rodoaed.ee\\\/osta-osoitteessa\\\/\"},{\"@type\":\"ListItem\",\"position\":3,\"name\":\"Kuorman kannen ja kalvon kiinnitysklipsit, 4 kpl\"}]},{\"@type\":\"WebSite\",\"@id\":\"https:\\\/\\\/rodoaed.ee\\\/#website\",\"url\":\"https:\\\/\\\/rodoaed.ee\\\/\",\"name\":\"Rodoaed\",\"description\":\"\",\"publisher\":{\"@id\":\"https:\\\/\\\/rodoaed.ee\\\/#organization\"},\"potentialAction\":[{\"@type\":\"SearchAction\",\"target\":{\"@type\":\"EntryPoint\",\"urlTemplate\":\"https:\\\/\\\/rodoaed.ee\\\/?s={search_term_string}\"},\"query-input\":{\"@type\":\"PropertyValueSpecification\",\"valueRequired\":true,\"valueName\":\"search_term_string\"}}],\"inLanguage\":\"fi\"},{\"@type\":\"Organization\",\"@id\":\"https:\\\/\\\/rodoaed.ee\\\/#organization\",\"name\":\"Rodoaed\",\"url\":\"https:\\\/\\\/rodoaed.ee\\\/\",\"logo\":{\"@type\":\"ImageObject\",\"inLanguage\":\"fi\",\"@id\":\"https:\\\/\\\/rodoaed.ee\\\/#\\\/schema\\\/logo\\\/image\\\/\",\"url\":\"https:\\\/\\\/rodoaed.ee\\\/wp-content\\\/uploads\\\/2019\\\/11\\\/rodoaed-logo-ilma-taustata.jpg\",\"contentUrl\":\"https:\\\/\\\/rodoaed.ee\\\/wp-content\\\/uploads\\\/2019\\\/11\\\/rodoaed-logo-ilma-taustata.jpg\",\"width\":769,\"height\":268,\"caption\":\"Rodoaed\"},\"image\":{\"@id\":\"https:\\\/\\\/rodoaed.ee\\\/#\\\/schema\\\/logo\\\/image\\\/\"},\"sameAs\":[\"https:\\\/\\\/www.facebook.com\\\/kasvuhooned\\\/\",\"https:\\\/\\\/rodoaed.ee\"]}]}<\/script>\n<!-- \/ Yoast SEO Premium plugin. -->","yoast_head_json":{"title":"Kuorman kannen ja kalvon kiinnitysklipsit, 4 kpl - Rodoaed","robots":{"index":"index","follow":"follow","max-snippet":"max-snippet:-1","max-image-preview":"max-image-preview:large","max-video-preview":"max-video-preview:-1"},"canonical":"https:\/\/rodoaed.ee\/toode\/kuorman-kannen-ja-kalvon-kiinnitysklipsit-4-kpl\/","og_locale":"fi_FI","og_type":"article","og_title":"Kuorman kannen ja kalvon kiinnitysklipsit, 4 kpl","og_description":"\u00c4lyk\u00e4s ja turvallinen ratkaisu erityyppisten liukkaiden kuormanp\u00e4\u00e4llysteiden ja muovikalvojen kiinnitt\u00e4miseen. Toimitetaan 4 tukevan kiinnittimen kanssa.","og_url":"https:\/\/rodoaed.ee\/toode\/kuorman-kannen-ja-kalvon-kiinnitysklipsit-4-kpl\/","og_site_name":"Rodoaed","article_publisher":"https:\/\/www.facebook.com\/kasvuhooned\/","article_modified_time":"2026-04-13T08:06:35+00:00","twitter_card":"summary_large_image","twitter_misc":{"Arvioitu lukuaika":"1 minuutti"},"schema":{"@context":"https:\/\/schema.org","@graph":[{"@type":"WebPage","@id":"https:\/\/rodoaed.ee\/toode\/kuorman-kannen-ja-kalvon-kiinnitysklipsit-4-kpl\/","url":"https:\/\/rodoaed.ee\/toode\/kuorman-kannen-ja-kalvon-kiinnitysklipsit-4-kpl\/","name":"Kuorman kannen ja kalvon kiinnitysklipsit, 4 kpl - Rodoaed","isPartOf":{"@id":"https:\/\/rodoaed.ee\/#website"},"primaryImageOfPage":{"@id":"https:\/\/rodoaed.ee\/toode\/kuorman-kannen-ja-kalvon-kiinnitysklipsit-4-kpl\/#primaryimage"},"image":{"@id":"https:\/\/rodoaed.ee\/toode\/kuorman-kannen-ja-kalvon-kiinnitysklipsit-4-kpl\/#primaryimage"},"thumbnailUrl":"https:\/\/rodoaed.ee\/wp-content\/uploads\/2019\/07\/koormkatte-klamber-1s.jpg","datePublished":"2019-08-02T09:50:18+00:00","dateModified":"2026-04-13T08:06:35+00:00","breadcrumb":{"@id":"https:\/\/rodoaed.ee\/toode\/kuorman-kannen-ja-kalvon-kiinnitysklipsit-4-kpl\/#breadcrumb"},"inLanguage":"fi","potentialAction":[{"@type":"ReadAction","target":["https:\/\/rodoaed.ee\/toode\/kuorman-kannen-ja-kalvon-kiinnitysklipsit-4-kpl\/"]}]},{"@type":"ImageObject","inLanguage":"fi","@id":"https:\/\/rodoaed.ee\/toode\/kuorman-kannen-ja-kalvon-kiinnitysklipsit-4-kpl\/#primaryimage","url":"https:\/\/rodoaed.ee\/wp-content\/uploads\/2019\/07\/koormkatte-klamber-1s.jpg","contentUrl":"https:\/\/rodoaed.ee\/wp-content\/uploads\/2019\/07\/koormkatte-klamber-1s.jpg","width":4363,"height":2906},{"@type":"BreadcrumbList","@id":"https:\/\/rodoaed.ee\/toode\/kuorman-kannen-ja-kalvon-kiinnitysklipsit-4-kpl\/#breadcrumb","itemListElement":[{"@type":"ListItem","position":1,"name":"Home","item":"https:\/\/rodoaed.ee\/fi\/"},{"@type":"ListItem","position":2,"name":"Osta osoitteessa","item":"https:\/\/rodoaed.ee\/osta-osoitteessa\/"},{"@type":"ListItem","position":3,"name":"Kuorman kannen ja kalvon kiinnitysklipsit, 4 kpl"}]},{"@type":"WebSite","@id":"https:\/\/rodoaed.ee\/#website","url":"https:\/\/rodoaed.ee\/","name":"Rodoaed","description":"","publisher":{"@id":"https:\/\/rodoaed.ee\/#organization"},"potentialAction":[{"@type":"SearchAction","target":{"@type":"EntryPoint","urlTemplate":"https:\/\/rodoaed.ee\/?s={search_term_string}"},"query-input":{"@type":"PropertyValueSpecification","valueRequired":true,"valueName":"search_term_string"}}],"inLanguage":"fi"},{"@type":"Organization","@id":"https:\/\/rodoaed.ee\/#organization","name":"Rodoaed","url":"https:\/\/rodoaed.ee\/","logo":{"@type":"ImageObject","inLanguage":"fi","@id":"https:\/\/rodoaed.ee\/#\/schema\/logo\/image\/","url":"https:\/\/rodoaed.ee\/wp-content\/uploads\/2019\/11\/rodoaed-logo-ilma-taustata.jpg","contentUrl":"https:\/\/rodoaed.ee\/wp-content\/uploads\/2019\/11\/rodoaed-logo-ilma-taustata.jpg","width":769,"height":268,"caption":"Rodoaed"},"image":{"@id":"https:\/\/rodoaed.ee\/#\/schema\/logo\/image\/"},"sameAs":["https:\/\/www.facebook.com\/kasvuhooned\/","https:\/\/rodoaed.ee"]}]}},"_links":{"self":[{"href":"https:\/\/rodoaed.ee\/fi\/wp-json\/wp\/v2\/product\/53466","targetHints":{"allow":["GET"]}}],"collection":[{"href":"https:\/\/rodoaed.ee\/fi\/wp-json\/wp\/v2\/product"}],"about":[{"href":"https:\/\/rodoaed.ee\/fi\/wp-json\/wp\/v2\/types\/product"}],"wp:featuredmedia":[{"embeddable":true,"href":"https:\/\/rodoaed.ee\/fi\/wp-json\/wp\/v2\/media\/18071"}],"wp:attachment":[{"href":"https:\/\/rodoaed.ee\/fi\/wp-json\/wp\/v2\/media?parent=53466"}],"wp:term":[{"taxonomy":"product_brand","embeddable":true,"href":"https:\/\/rodoaed.ee\/fi\/wp-json\/wp\/v2\/product_brand?post=53466"},{"taxonomy":"product_cat","embeddable":true,"href":"https:\/\/rodoaed.ee\/fi\/wp-json\/wp\/v2\/product_cat?post=53466"},{"taxonomy":"product_tag","embeddable":true,"href":"https:\/\/rodoaed.ee\/fi\/wp-json\/wp\/v2\/product_tag?post=53466"}],"curies":[{"name":"wp","href":"https:\/\/api.w.org\/{rel}","templated":true}]}}