{"id":53474,"date":"2019-08-02T12:50:18","date_gmt":"2019-08-02T09:50:18","guid":{"rendered":"https:\/\/rodoaed.ee\/toode\/tyhjiopakkaus-metallisailio-15l\/"},"modified":"2026-04-13T11:06:38","modified_gmt":"2026-04-13T08:06:38","slug":"tyhjiopakkaus-metallisailio-15l","status":"publish","type":"product","link":"https:\/\/rodoaed.ee\/fi\/tuote\/tyhjiopakkaus-metallisailio-15l\/","title":{"rendered":"Tyhji\u00f6pakkaus metallis\u00e4ili\u00f6 1,5L"},"content":{"rendered":"<h2>Ruostumattomasta ter\u00e4ksest\u00e4 valmistettu raaka-aineiden varastos\u00e4ili\u00f6, jossa on venttiili. K\u00e4ytett\u00e4v\u00e4ksi Takaje-tyhji\u00f6pumpun kanssa. <\/h2>\n<p>Soveltuu kaikenlaisten elintarvikkeiden ja valmisruokien s\u00e4ilytykseen. Olipa kyse sitten pastasta, pihveist\u00e4, keitoista, salaateista, kastikkeista, puuroista jne. K\u00e4ytet\u00e4\u00e4n laajalti ammattikeitti\u00f6iss\u00e4 ja ravintoloissa sek\u00e4 tietenkin kotikeitti\u00f6iss\u00e4.  <\/p>\n<p>Koska metallis\u00e4ili\u00f6 ei muutu tyhji\u00f6pakkauksen aikana, siihen on k\u00e4tev\u00e4 laittaa kaikenlaisia elintarvikkeita, keittoja, nesteit\u00e4 ja soseet.<\/p>\n<p>Ruokas\u00e4ili\u00f6t\u00e4 ruostumattomasta ter\u00e4ksest\u00e4 on saatavana kahta kokoa &#8211; 1,5 l ja 2,2 l. Ruokas\u00e4ili\u00f6 ruostumattomasta ter\u00e4ksest\u00e4 on k\u00e4tev\u00e4 k\u00e4ytt\u00e4\u00e4, helppo puhdistaa ja k\u00e4yt\u00e4nn\u00f6ss\u00e4 kulutusta kest\u00e4v\u00e4. <\/p>\n<p><strong>1,5L s\u00e4ili\u00f6n mitat: 21x27x5,5cm<\/strong><\/p>\n<p><strong>2,2LL s\u00e4ili\u00f6n mitat: 21x27x7,5cm<\/strong><\/p>\n<p><strong>Paino 650 grammaa<\/strong><\/p>\n<p>Tyhji\u00f6pakkaaminen pident\u00e4\u00e4 elintarvikkeiden s\u00e4ilyvyytt\u00e4 3-5 kertaa riippumatta siit\u00e4, onko kyseess\u00e4 muovi-, lasi- vai metalliastia. Takaje-tyhji\u00f6pumpun mukana toimitetaan jo valmiiksi 2 purkkitiivistett\u00e4 ja 50 tyhji\u00f6pakkauksen muovipussit. <\/p>\n<p>Metallis\u00e4ili\u00f6t\u00e4 voidaan k\u00e4ytt\u00e4\u00e4 uudelleen rajoittamattoman m\u00e4\u00e4r\u00e4n kertoja. Avaa s\u00e4ili\u00f6 yksinkertaisesti liu&#8217;uttamalla venttiilitiivistett\u00e4 sivuttain, jolloin s\u00e4ili\u00f6 avautuu. Kun haluat sulkea s\u00e4ili\u00f6n uudelleen, k\u00e4yt\u00e4 tyhji\u00f6pakkauslaitetta, jossa on erityinen suutin, joka toimii automaattisesti ja sulkee s\u00e4ili\u00f6n nopeasti.  <\/p>\n<h2>Tyhji\u00f6pakkaaminen Tre Spade Takaje -tyhji\u00f6pumpulla<\/h2>\n<p>Tyhji\u00f6pakkaaminen antaa sinulle mahdollisuuden pident\u00e4\u00e4 tuoreiden elintarvikkeiden s\u00e4ilyvyytt\u00e4 jopa kolme kertaa. S\u00e4\u00e4st\u00e4t my\u00f6s rahaa ruoassa, koska et tuhlaa en\u00e4\u00e4 yht\u00e4\u00e4n ruokaa. Pakastettujen elintarvikkeiden kanssa voit esimerkiksi s\u00e4ilytt\u00e4\u00e4 pakastettua lihaa jopa 3 vuotta kuluttamatta energiaa j\u00e4\u00e4kaapissa.  <\/p>\n<p>Takajen tyhji\u00f6pakkausj\u00e4rjestelm\u00e4 mahdollistaa monenlaisten elintarvikkeiden s\u00e4ilytt\u00e4misen tyhji\u00f6pusseissa sek\u00e4 uudelleenk\u00e4ytett\u00e4viss\u00e4 lasiastioissa, kuten pulloissa ja purkeissa. Teknologia, jossa lasitavaroita k\u00e4ytet\u00e4\u00e4n tyhji\u00f6pakkauksina, on ainutlaatuinen Tre Spaden keksint\u00f6. <\/p>\n<p>Ihmiset ovat aikojen alusta l\u00e4htien etsineet tapoja s\u00e4ilytt\u00e4\u00e4 ruokaa selviyty\u00e4kseen. On k\u00e4ytetty suolaamista ja pakastamista ja nyt tyhji\u00f6pakkaamista. Tyhji\u00f6pakkaaminen tuo s\u00e4il\u00f6nt\u00e4\u00e4n uuden ulottuvuuden, sill\u00e4 se s\u00e4\u00e4st\u00e4\u00e4 valtavia rahasummia hy\u00f6dynt\u00e4m\u00e4ll\u00e4 elintarvikkeita paremmin. Ruokaa menee v\u00e4hemm\u00e4n hukkaan. Samalla voit s\u00e4ilytt\u00e4\u00e4 enemm\u00e4n ruokaa pienemmiss\u00e4 annoksissa ja sy\u00f6d\u00e4 sen aina tuoreena.    <\/p>\n<p><strong>Tre Spade -ruokakuivaimet ovat Euroopan suosituimpia ja luotettavimpia ruokakuivaimia. Tre Spade Takaje -tyhji\u00f6pakkauslaitteet puolestaan voittivat hiljattain Euroopan parhaan muotoilupalkinnon 2014. <\/strong><\/p>\n<p><a href=\"https:\/\/rodoaed.ee\/fi\/tootekategooria\/keittiolaitteet\/tyhjiopakkaajat\/\">Takaje-tyhji\u00f6pakkauslaitteet<\/a><\/p>\n","protected":false},"excerpt":{"rendered":"<p>Ruostumattomasta ter\u00e4ksest\u00e4 valmistettu raaka-aineiden varastos\u00e4ili\u00f6, jossa on venttiili. K\u00e4ytett\u00e4v\u00e4ksi Takaje-tyhji\u00f6pumpun kanssa. Soveltuu kaikenlaisten elintarvikkeiden ja valmisruokien s\u00e4ilytykseen. Olipa kyse sitten pastasta, pihveist\u00e4, keitoista, salaateista, kastikkeista, puuroista jne. K\u00e4ytet\u00e4\u00e4n laajalti ammattikeitti\u00f6iss\u00e4 ja ravintoloissa sek\u00e4 tietenkin kotikeitti\u00f6iss\u00e4. Koska metallis\u00e4ili\u00f6 ei muutu tyhji\u00f6pakkauksen aikana, siihen on k\u00e4tev\u00e4 laittaa kaikenlaisia elintarvikkeita, keittoja, nesteit\u00e4 ja soseet. Ruokas\u00e4ili\u00f6t\u00e4 ruostumattomasta ter\u00e4ksest\u00e4 on saatavana kahta kokoa &#8211; 1,5 l ja 2,2 l. Ruokas\u00e4ili\u00f6&#8230;<\/p>\n","protected":false},"featured_media":18063,"template":"","meta":{"_acf_changed":false},"product_brand":[],"product_cat":[2232],"product_tag":[],"class_list":{"0":"post-53474","1":"product","2":"type-product","3":"status-publish","4":"has-post-thumbnail","6":"product_cat-tyhjiopakkaajat","7":"product_shipping_class-toimitus-1-3-tyopaivan-kuluessa","8":"pa_variatsioon-tyhjiopakkaus-metallisailio-15l-12","10":"first","11":"instock","12":"sale","13":"taxable","14":"shipping-taxable","15":"purchasable","16":"product-type-simple"},"acf":[],"yoast_head":"<!-- This site is optimized with the Yoast SEO Premium plugin v27.3 (Yoast SEO v27.3) - https:\/\/yoast.com\/product\/yoast-seo-premium-wordpress\/ -->\n<title>Tyhji\u00f6pakkaus metallis\u00e4ili\u00f6 1,5L - Rodoaed<\/title>\n<meta name=\"robots\" content=\"index, follow, max-snippet:-1, max-image-preview:large, max-video-preview:-1\" \/>\n<link rel=\"canonical\" href=\"https:\/\/rodoaed.ee\/fi\/toode\/tyhjiopakkaus-metallisailio-15l\/\" \/>\n<meta property=\"og:locale\" content=\"fi_FI\" \/>\n<meta property=\"og:type\" content=\"article\" \/>\n<meta property=\"og:title\" content=\"Tyhji\u00f6pakkaus metallis\u00e4ili\u00f6 1,5L\" \/>\n<meta property=\"og:description\" content=\"Ruostumattomasta ter\u00e4ksest\u00e4 valmistettu raaka-aineiden varastos\u00e4ili\u00f6, jossa on venttiili. K\u00e4ytett\u00e4v\u00e4ksi Takaje-tyhji\u00f6pumpun kanssa. Soveltuu kaikenlaisten\" \/>\n<meta property=\"og:url\" content=\"https:\/\/rodoaed.ee\/fi\/toode\/tyhjiopakkaus-metallisailio-15l\/\" \/>\n<meta property=\"og:site_name\" content=\"Rodoaed\" \/>\n<meta property=\"article:publisher\" content=\"https:\/\/www.facebook.com\/kasvuhooned\/\" \/>\n<meta property=\"article:modified_time\" content=\"2026-04-13T08:06:38+00:00\" \/>\n<meta property=\"og:image\" content=\"https:\/\/rodoaed.ee\/wp-content\/uploads\/2019\/07\/Takaje-vaakukonteiner_suur_s-scaled.jpg\" \/>\n\t<meta property=\"og:image:width\" content=\"2560\" \/>\n\t<meta property=\"og:image:height\" content=\"1707\" \/>\n\t<meta property=\"og:image:type\" content=\"image\/jpeg\" \/>\n<meta name=\"twitter:card\" content=\"summary_large_image\" \/>\n<meta name=\"twitter:label1\" content=\"Arvioitu lukuaika\" \/>\n\t<meta name=\"twitter:data1\" content=\"2 minuuttia\" \/>\n<script type=\"application\/ld+json\" class=\"yoast-schema-graph\">{\"@context\":\"https:\\\/\\\/schema.org\",\"@graph\":[{\"@type\":\"WebPage\",\"@id\":\"https:\\\/\\\/rodoaed.ee\\\/fi\\\/toode\\\/tyhjiopakkaus-metallisailio-15l\\\/\",\"url\":\"https:\\\/\\\/rodoaed.ee\\\/fi\\\/toode\\\/tyhjiopakkaus-metallisailio-15l\\\/\",\"name\":\"Tyhji\u00f6pakkaus metallis\u00e4ili\u00f6 1,5L - Rodoaed\",\"isPartOf\":{\"@id\":\"https:\\\/\\\/rodoaed.ee\\\/#website\"},\"primaryImageOfPage\":{\"@id\":\"https:\\\/\\\/rodoaed.ee\\\/fi\\\/toode\\\/tyhjiopakkaus-metallisailio-15l\\\/#primaryimage\"},\"image\":{\"@id\":\"https:\\\/\\\/rodoaed.ee\\\/fi\\\/toode\\\/tyhjiopakkaus-metallisailio-15l\\\/#primaryimage\"},\"thumbnailUrl\":\"https:\\\/\\\/rodoaed.ee\\\/wp-content\\\/uploads\\\/2019\\\/07\\\/Takaje-vaakukonteiner_suur_s.jpg\",\"datePublished\":\"2019-08-02T09:50:18+00:00\",\"dateModified\":\"2026-04-13T08:06:38+00:00\",\"breadcrumb\":{\"@id\":\"https:\\\/\\\/rodoaed.ee\\\/fi\\\/toode\\\/tyhjiopakkaus-metallisailio-15l\\\/#breadcrumb\"},\"inLanguage\":\"fi\",\"potentialAction\":[{\"@type\":\"ReadAction\",\"target\":[\"https:\\\/\\\/rodoaed.ee\\\/fi\\\/toode\\\/tyhjiopakkaus-metallisailio-15l\\\/\"]}]},{\"@type\":\"ImageObject\",\"inLanguage\":\"fi\",\"@id\":\"https:\\\/\\\/rodoaed.ee\\\/fi\\\/toode\\\/tyhjiopakkaus-metallisailio-15l\\\/#primaryimage\",\"url\":\"https:\\\/\\\/rodoaed.ee\\\/wp-content\\\/uploads\\\/2019\\\/07\\\/Takaje-vaakukonteiner_suur_s.jpg\",\"contentUrl\":\"https:\\\/\\\/rodoaed.ee\\\/wp-content\\\/uploads\\\/2019\\\/07\\\/Takaje-vaakukonteiner_suur_s.jpg\",\"width\":4752,\"height\":3168},{\"@type\":\"BreadcrumbList\",\"@id\":\"https:\\\/\\\/rodoaed.ee\\\/fi\\\/toode\\\/tyhjiopakkaus-metallisailio-15l\\\/#breadcrumb\",\"itemListElement\":[{\"@type\":\"ListItem\",\"position\":1,\"name\":\"Home\",\"item\":\"https:\\\/\\\/rodoaed.ee\\\/fi\\\/\"},{\"@type\":\"ListItem\",\"position\":2,\"name\":\"Osta osoitteessa\",\"item\":\"https:\\\/\\\/rodoaed.ee\\\/osta-osoitteessa\\\/\"},{\"@type\":\"ListItem\",\"position\":3,\"name\":\"Tyhji\u00f6pakkaus metallis\u00e4ili\u00f6 1,5L\"}]},{\"@type\":\"WebSite\",\"@id\":\"https:\\\/\\\/rodoaed.ee\\\/#website\",\"url\":\"https:\\\/\\\/rodoaed.ee\\\/\",\"name\":\"Rodoaed\",\"description\":\"\",\"publisher\":{\"@id\":\"https:\\\/\\\/rodoaed.ee\\\/#organization\"},\"potentialAction\":[{\"@type\":\"SearchAction\",\"target\":{\"@type\":\"EntryPoint\",\"urlTemplate\":\"https:\\\/\\\/rodoaed.ee\\\/?s={search_term_string}\"},\"query-input\":{\"@type\":\"PropertyValueSpecification\",\"valueRequired\":true,\"valueName\":\"search_term_string\"}}],\"inLanguage\":\"fi\"},{\"@type\":\"Organization\",\"@id\":\"https:\\\/\\\/rodoaed.ee\\\/#organization\",\"name\":\"Rodoaed\",\"url\":\"https:\\\/\\\/rodoaed.ee\\\/\",\"logo\":{\"@type\":\"ImageObject\",\"inLanguage\":\"fi\",\"@id\":\"https:\\\/\\\/rodoaed.ee\\\/#\\\/schema\\\/logo\\\/image\\\/\",\"url\":\"https:\\\/\\\/rodoaed.ee\\\/wp-content\\\/uploads\\\/2019\\\/11\\\/rodoaed-logo-ilma-taustata.jpg\",\"contentUrl\":\"https:\\\/\\\/rodoaed.ee\\\/wp-content\\\/uploads\\\/2019\\\/11\\\/rodoaed-logo-ilma-taustata.jpg\",\"width\":769,\"height\":268,\"caption\":\"Rodoaed\"},\"image\":{\"@id\":\"https:\\\/\\\/rodoaed.ee\\\/#\\\/schema\\\/logo\\\/image\\\/\"},\"sameAs\":[\"https:\\\/\\\/www.facebook.com\\\/kasvuhooned\\\/\",\"https:\\\/\\\/rodoaed.ee\"]}]}<\/script>\n<!-- \/ Yoast SEO Premium plugin. -->","yoast_head_json":{"title":"Tyhji\u00f6pakkaus metallis\u00e4ili\u00f6 1,5L - Rodoaed","robots":{"index":"index","follow":"follow","max-snippet":"max-snippet:-1","max-image-preview":"max-image-preview:large","max-video-preview":"max-video-preview:-1"},"canonical":"https:\/\/rodoaed.ee\/fi\/toode\/tyhjiopakkaus-metallisailio-15l\/","og_locale":"fi_FI","og_type":"article","og_title":"Tyhji\u00f6pakkaus metallis\u00e4ili\u00f6 1,5L","og_description":"Ruostumattomasta ter\u00e4ksest\u00e4 valmistettu raaka-aineiden varastos\u00e4ili\u00f6, jossa on venttiili. K\u00e4ytett\u00e4v\u00e4ksi Takaje-tyhji\u00f6pumpun kanssa. Soveltuu kaikenlaisten","og_url":"https:\/\/rodoaed.ee\/fi\/toode\/tyhjiopakkaus-metallisailio-15l\/","og_site_name":"Rodoaed","article_publisher":"https:\/\/www.facebook.com\/kasvuhooned\/","article_modified_time":"2026-04-13T08:06:38+00:00","og_image":[{"width":2560,"height":1707,"url":"https:\/\/rodoaed.ee\/wp-content\/uploads\/2019\/07\/Takaje-vaakukonteiner_suur_s-scaled.jpg","type":"image\/jpeg"}],"twitter_card":"summary_large_image","twitter_misc":{"Arvioitu lukuaika":"2 minuuttia"},"schema":{"@context":"https:\/\/schema.org","@graph":[{"@type":"WebPage","@id":"https:\/\/rodoaed.ee\/fi\/toode\/tyhjiopakkaus-metallisailio-15l\/","url":"https:\/\/rodoaed.ee\/fi\/toode\/tyhjiopakkaus-metallisailio-15l\/","name":"Tyhji\u00f6pakkaus metallis\u00e4ili\u00f6 1,5L - Rodoaed","isPartOf":{"@id":"https:\/\/rodoaed.ee\/#website"},"primaryImageOfPage":{"@id":"https:\/\/rodoaed.ee\/fi\/toode\/tyhjiopakkaus-metallisailio-15l\/#primaryimage"},"image":{"@id":"https:\/\/rodoaed.ee\/fi\/toode\/tyhjiopakkaus-metallisailio-15l\/#primaryimage"},"thumbnailUrl":"https:\/\/rodoaed.ee\/wp-content\/uploads\/2019\/07\/Takaje-vaakukonteiner_suur_s.jpg","datePublished":"2019-08-02T09:50:18+00:00","dateModified":"2026-04-13T08:06:38+00:00","breadcrumb":{"@id":"https:\/\/rodoaed.ee\/fi\/toode\/tyhjiopakkaus-metallisailio-15l\/#breadcrumb"},"inLanguage":"fi","potentialAction":[{"@type":"ReadAction","target":["https:\/\/rodoaed.ee\/fi\/toode\/tyhjiopakkaus-metallisailio-15l\/"]}]},{"@type":"ImageObject","inLanguage":"fi","@id":"https:\/\/rodoaed.ee\/fi\/toode\/tyhjiopakkaus-metallisailio-15l\/#primaryimage","url":"https:\/\/rodoaed.ee\/wp-content\/uploads\/2019\/07\/Takaje-vaakukonteiner_suur_s.jpg","contentUrl":"https:\/\/rodoaed.ee\/wp-content\/uploads\/2019\/07\/Takaje-vaakukonteiner_suur_s.jpg","width":4752,"height":3168},{"@type":"BreadcrumbList","@id":"https:\/\/rodoaed.ee\/fi\/toode\/tyhjiopakkaus-metallisailio-15l\/#breadcrumb","itemListElement":[{"@type":"ListItem","position":1,"name":"Home","item":"https:\/\/rodoaed.ee\/fi\/"},{"@type":"ListItem","position":2,"name":"Osta osoitteessa","item":"https:\/\/rodoaed.ee\/osta-osoitteessa\/"},{"@type":"ListItem","position":3,"name":"Tyhji\u00f6pakkaus metallis\u00e4ili\u00f6 1,5L"}]},{"@type":"WebSite","@id":"https:\/\/rodoaed.ee\/#website","url":"https:\/\/rodoaed.ee\/","name":"Rodoaed","description":"","publisher":{"@id":"https:\/\/rodoaed.ee\/#organization"},"potentialAction":[{"@type":"SearchAction","target":{"@type":"EntryPoint","urlTemplate":"https:\/\/rodoaed.ee\/?s={search_term_string}"},"query-input":{"@type":"PropertyValueSpecification","valueRequired":true,"valueName":"search_term_string"}}],"inLanguage":"fi"},{"@type":"Organization","@id":"https:\/\/rodoaed.ee\/#organization","name":"Rodoaed","url":"https:\/\/rodoaed.ee\/","logo":{"@type":"ImageObject","inLanguage":"fi","@id":"https:\/\/rodoaed.ee\/#\/schema\/logo\/image\/","url":"https:\/\/rodoaed.ee\/wp-content\/uploads\/2019\/11\/rodoaed-logo-ilma-taustata.jpg","contentUrl":"https:\/\/rodoaed.ee\/wp-content\/uploads\/2019\/11\/rodoaed-logo-ilma-taustata.jpg","width":769,"height":268,"caption":"Rodoaed"},"image":{"@id":"https:\/\/rodoaed.ee\/#\/schema\/logo\/image\/"},"sameAs":["https:\/\/www.facebook.com\/kasvuhooned\/","https:\/\/rodoaed.ee"]}]}},"_links":{"self":[{"href":"https:\/\/rodoaed.ee\/fi\/wp-json\/wp\/v2\/product\/53474","targetHints":{"allow":["GET"]}}],"collection":[{"href":"https:\/\/rodoaed.ee\/fi\/wp-json\/wp\/v2\/product"}],"about":[{"href":"https:\/\/rodoaed.ee\/fi\/wp-json\/wp\/v2\/types\/product"}],"wp:featuredmedia":[{"embeddable":true,"href":"https:\/\/rodoaed.ee\/fi\/wp-json\/wp\/v2\/media\/18063"}],"wp:attachment":[{"href":"https:\/\/rodoaed.ee\/fi\/wp-json\/wp\/v2\/media?parent=53474"}],"wp:term":[{"taxonomy":"product_brand","embeddable":true,"href":"https:\/\/rodoaed.ee\/fi\/wp-json\/wp\/v2\/product_brand?post=53474"},{"taxonomy":"product_cat","embeddable":true,"href":"https:\/\/rodoaed.ee\/fi\/wp-json\/wp\/v2\/product_cat?post=53474"},{"taxonomy":"product_tag","embeddable":true,"href":"https:\/\/rodoaed.ee\/fi\/wp-json\/wp\/v2\/product_tag?post=53474"}],"curies":[{"name":"wp","href":"https:\/\/api.w.org\/{rel}","templated":true}]}}