{"id":53479,"date":"2019-08-02T12:50:38","date_gmt":"2019-08-02T09:50:38","guid":{"rendered":"https:\/\/rodoaed.ee\/toode\/kasvihuone-plus-457x830cm-38m2-perusrungon-kanssa\/"},"modified":"2026-04-13T11:06:44","modified_gmt":"2026-04-13T08:06:44","slug":"kasvihuone-plus-457x830cm-38m2-perusrungon-kanssa","status":"publish","type":"product","link":"https:\/\/rodoaed.ee\/fi\/tuote\/kasvihuone-plus-457x830cm-38m2-perusrungon-kanssa\/","title":{"rendered":"Kasvihuone Plus 457x830cm 38<sup>m2<\/sup> perusrungon kanssa"},"content":{"rendered":"<div>\n<h2>Kasvihuoneen mitat<\/h2>\n<p>Kasvihuoneen leveys on 457 cm ja pituus 457 cm &#8211; 830 cm. Kattoharjan korkeus peruskehyksen kanssa on 290cm ja sivusein\u00e4n korkeus 13cm peruskehyksell\u00e4 on 181cm. Pyynn\u00f6st\u00e4 sivusein\u00e4n korkeutta voidaan lis\u00e4t\u00e4 +20cm tai 201cm. Suuret kattoaukot varmistavat hyv\u00e4n ilmankierron. Kunkin sein\u00e4n rako on noin 75cm leve\u00e4. Kasvihuoneen mukana toimitetaan my\u00f6s sadevesiputket ja sadetuskasteluj\u00e4rjestelm\u00e4 kattoon.     <\/p>\n<h2>Joustava oviasettelu<\/h2>\n<p>84 cm leve\u00e4 liukuovi asennetaan oletusarvoisesti p\u00e4\u00e4tysein\u00e4\u00e4n, mutta se voidaan asentaa mihin tahansa sein\u00e4\u00e4n pyynn\u00f6st\u00e4. Vakiovet voidaan korvata tai p\u00e4ivitt\u00e4\u00e4 2x 70 cm:n pariovella, 144 cm:n leve\u00e4ll\u00e4 pariovella tai jopa saranaovella. <\/p>\n<h2>Polykarbonaatti tai lasi<\/h2>\n<p>Voit valita kasvihuoneen katteeksi joko polykarbonaatin tai lasin. Vakiona on vahva kolmikerroksinen 8 mm:n polykarbonaatti. Polykarbonaatin No-Drop-pinnoite est\u00e4\u00e4 kondenssiveden muodostumista ja lis\u00e4\u00e4 l\u00e4pin\u00e4kyvyytt\u00e4. Voit halutessasi valita kasvihuoneen katteeksi 4 mm:n karkaistua lasia.   <\/p>\n<h2>Alusraam<\/h2>\n<p>Tukeva alumiininen pohjakehys antaa kasvihuoneelle enemm\u00e4n vakautta ja helpottaa kokoamista huomattavasti. Pohjakehys on valmistettu vahvasta karppiprofiilista, jonka korkeus on noin 13 cm.  Pohjakehykseen on kiinnitetty ankkurik\u00f6ydet, jotka voidaan kaivaa maahan tai kaataa sekaan. N\u00e4in ollen aluskehyst\u00e4 voidaan k\u00e4ytt\u00e4\u00e4 erillisen perustuksen korvikkeena. <\/p>\n<h2>RAL maalattu runko<\/h2>\n<p>Kasvihuoneen runko on tavallisesti matta-alumiinia, mutta se voidaan my\u00f6s tilata pulverimaalattuna RAL-v\u00e4reiss\u00e4 (9010, 8019, 5010, 7016, 6005, 3005, 6009 ja 3011).<\/p>\n<p><a href=\"https:\/\/www.rodoaed.ee\/wp-content\/uploads\/2012\/02\/euro-plus.pdf\" target=\"_blank\" rel=\"noopener noreferrer\">Kokoonpano-ohjeet<\/a><\/p>\n<p><a href=\"https:\/\/rodoaed.ee\/fi\/\">kotisivu<\/a> <a href=\"https:\/\/rodoaed.ee\/tootekategooria\/kasvuhooned-ja-talveaiad\/\">k\u00e4ynnist\u00e4<\/a> <a href=\"https:\/\/rodoaed.ee\/fi\/tootekategooria\/euro-serren-kasvihuoneet\/\">Euro-Serre<\/a><\/p>\n<p>&nbsp;<\/p>\n<\/div>\n","protected":false},"excerpt":{"rendered":"<p>Kasvihuoneen mitat Kasvihuoneen leveys on 457 cm ja pituus 457 cm &#8211; 830 cm. Kattoharjan korkeus peruskehyksen kanssa on 290cm ja sivusein\u00e4n korkeus 13cm peruskehyksell\u00e4 on 181cm. Pyynn\u00f6st\u00e4 sivusein\u00e4n korkeutta voidaan lis\u00e4t\u00e4 +20cm tai 201cm. Suuret kattoaukot varmistavat hyv\u00e4n ilmankierron. Kunkin sein\u00e4n rako on noin 75cm leve\u00e4. Kasvihuoneen mukana toimitetaan my\u00f6s sadevesiputket ja sadetuskasteluj\u00e4rjestelm\u00e4 kattoon. Joustava oviasettelu 84 cm leve\u00e4 liukuovi asennetaan oletusarvoisesti p\u00e4\u00e4tysein\u00e4\u00e4n, mutta&#8230;<\/p>\n","protected":false},"featured_media":20298,"template":"","meta":{"_acf_changed":false},"product_brand":[],"product_cat":[1907,2046],"product_tag":[],"class_list":{"0":"post-53479","1":"product","2":"type-product","3":"status-publish","4":"has-post-thumbnail","6":"product_cat-euro-serren-kasvihuoneet","7":"product_cat-kasvihuone-euro-plus","8":"pa_variatsioon-kasvihuone-plus-457x830cm-38-m2-perusrungon-kanssa","10":"first","11":"instock","12":"sale","13":"taxable","14":"shipping-taxable","15":"purchasable","16":"product-type-simple"},"acf":[],"yoast_head":"<!-- This site is optimized with the Yoast SEO Premium plugin v27.3 (Yoast SEO v27.3) - https:\/\/yoast.com\/product\/yoast-seo-premium-wordpress\/ -->\n<title>Kasvihuone Plus 457x830cm 38m2 perusrungon kanssa - Rodoaed<\/title>\n<meta name=\"robots\" content=\"index, follow, max-snippet:-1, max-image-preview:large, max-video-preview:-1\" \/>\n<link rel=\"canonical\" href=\"https:\/\/rodoaed.ee\/fi\/toode\/kasvihuone-plus-457x830cm-38m2-perusrungon-kanssa\/\" \/>\n<meta property=\"og:locale\" content=\"fi_FI\" \/>\n<meta property=\"og:type\" content=\"article\" \/>\n<meta property=\"og:title\" content=\"Kasvihuone Plus 457x830cm 38m2 perusrungon kanssa\" \/>\n<meta property=\"og:description\" content=\"Kasvihuoneen mitat Kasvihuoneen leveys on 457 cm ja pituus 457 cm - 830 cm. Kattoharjan korkeus peruskehyksen kanssa on 290cm ja sivusein\u00e4n korkeus 13cm\" \/>\n<meta property=\"og:url\" content=\"https:\/\/rodoaed.ee\/fi\/toode\/kasvihuone-plus-457x830cm-38m2-perusrungon-kanssa\/\" \/>\n<meta property=\"og:site_name\" content=\"Rodoaed\" \/>\n<meta property=\"article:publisher\" content=\"https:\/\/www.facebook.com\/kasvuhooned\/\" \/>\n<meta property=\"article:modified_time\" content=\"2026-04-13T08:06:44+00:00\" \/>\n<meta property=\"og:image\" content=\"https:\/\/rodoaed.ee\/wp-content\/uploads\/2019\/07\/kasvuhoone-Euro-Plus-28m2-22-scaled.jpg\" \/>\n\t<meta property=\"og:image:width\" content=\"5184\" \/>\n\t<meta property=\"og:image:height\" content=\"3456\" \/>\n\t<meta property=\"og:image:type\" content=\"image\/jpeg\" \/>\n<meta name=\"twitter:card\" content=\"summary_large_image\" \/>\n<meta name=\"twitter:label1\" content=\"Arvioitu lukuaika\" \/>\n\t<meta name=\"twitter:data1\" content=\"1 minuutti\" \/>\n<script type=\"application\/ld+json\" class=\"yoast-schema-graph\">{\"@context\":\"https:\\\/\\\/schema.org\",\"@graph\":[{\"@type\":\"WebPage\",\"@id\":\"https:\\\/\\\/rodoaed.ee\\\/fi\\\/toode\\\/kasvihuone-plus-457x830cm-38m2-perusrungon-kanssa\\\/\",\"url\":\"https:\\\/\\\/rodoaed.ee\\\/fi\\\/toode\\\/kasvihuone-plus-457x830cm-38m2-perusrungon-kanssa\\\/\",\"name\":\"Kasvihuone Plus 457x830cm 38m2 perusrungon kanssa - Rodoaed\",\"isPartOf\":{\"@id\":\"https:\\\/\\\/rodoaed.ee\\\/#website\"},\"primaryImageOfPage\":{\"@id\":\"https:\\\/\\\/rodoaed.ee\\\/fi\\\/toode\\\/kasvihuone-plus-457x830cm-38m2-perusrungon-kanssa\\\/#primaryimage\"},\"image\":{\"@id\":\"https:\\\/\\\/rodoaed.ee\\\/fi\\\/toode\\\/kasvihuone-plus-457x830cm-38m2-perusrungon-kanssa\\\/#primaryimage\"},\"thumbnailUrl\":\"https:\\\/\\\/rodoaed.ee\\\/wp-content\\\/uploads\\\/2019\\\/07\\\/kasvuhoone-Euro-Plus-28m2-22-scaled.jpg\",\"datePublished\":\"2019-08-02T09:50:38+00:00\",\"dateModified\":\"2026-04-13T08:06:44+00:00\",\"breadcrumb\":{\"@id\":\"https:\\\/\\\/rodoaed.ee\\\/fi\\\/toode\\\/kasvihuone-plus-457x830cm-38m2-perusrungon-kanssa\\\/#breadcrumb\"},\"inLanguage\":\"fi\",\"potentialAction\":[{\"@type\":\"ReadAction\",\"target\":[\"https:\\\/\\\/rodoaed.ee\\\/fi\\\/toode\\\/kasvihuone-plus-457x830cm-38m2-perusrungon-kanssa\\\/\"]}]},{\"@type\":\"ImageObject\",\"inLanguage\":\"fi\",\"@id\":\"https:\\\/\\\/rodoaed.ee\\\/fi\\\/toode\\\/kasvihuone-plus-457x830cm-38m2-perusrungon-kanssa\\\/#primaryimage\",\"url\":\"https:\\\/\\\/rodoaed.ee\\\/wp-content\\\/uploads\\\/2019\\\/07\\\/kasvuhoone-Euro-Plus-28m2-22-scaled.jpg\",\"contentUrl\":\"https:\\\/\\\/rodoaed.ee\\\/wp-content\\\/uploads\\\/2019\\\/07\\\/kasvuhoone-Euro-Plus-28m2-22-scaled.jpg\",\"width\":5184,\"height\":3456},{\"@type\":\"BreadcrumbList\",\"@id\":\"https:\\\/\\\/rodoaed.ee\\\/fi\\\/toode\\\/kasvihuone-plus-457x830cm-38m2-perusrungon-kanssa\\\/#breadcrumb\",\"itemListElement\":[{\"@type\":\"ListItem\",\"position\":1,\"name\":\"Home\",\"item\":\"https:\\\/\\\/rodoaed.ee\\\/fi\\\/\"},{\"@type\":\"ListItem\",\"position\":2,\"name\":\"Osta osoitteessa\",\"item\":\"https:\\\/\\\/rodoaed.ee\\\/osta-osoitteessa\\\/\"},{\"@type\":\"ListItem\",\"position\":3,\"name\":\"Kasvihuone Plus 457x830cm 38m2 perusrungon kanssa\"}]},{\"@type\":\"WebSite\",\"@id\":\"https:\\\/\\\/rodoaed.ee\\\/#website\",\"url\":\"https:\\\/\\\/rodoaed.ee\\\/\",\"name\":\"Rodoaed\",\"description\":\"\",\"publisher\":{\"@id\":\"https:\\\/\\\/rodoaed.ee\\\/#organization\"},\"potentialAction\":[{\"@type\":\"SearchAction\",\"target\":{\"@type\":\"EntryPoint\",\"urlTemplate\":\"https:\\\/\\\/rodoaed.ee\\\/?s={search_term_string}\"},\"query-input\":{\"@type\":\"PropertyValueSpecification\",\"valueRequired\":true,\"valueName\":\"search_term_string\"}}],\"inLanguage\":\"fi\"},{\"@type\":\"Organization\",\"@id\":\"https:\\\/\\\/rodoaed.ee\\\/#organization\",\"name\":\"Rodoaed\",\"url\":\"https:\\\/\\\/rodoaed.ee\\\/\",\"logo\":{\"@type\":\"ImageObject\",\"inLanguage\":\"fi\",\"@id\":\"https:\\\/\\\/rodoaed.ee\\\/#\\\/schema\\\/logo\\\/image\\\/\",\"url\":\"https:\\\/\\\/rodoaed.ee\\\/wp-content\\\/uploads\\\/2019\\\/11\\\/rodoaed-logo-ilma-taustata.jpg\",\"contentUrl\":\"https:\\\/\\\/rodoaed.ee\\\/wp-content\\\/uploads\\\/2019\\\/11\\\/rodoaed-logo-ilma-taustata.jpg\",\"width\":769,\"height\":268,\"caption\":\"Rodoaed\"},\"image\":{\"@id\":\"https:\\\/\\\/rodoaed.ee\\\/#\\\/schema\\\/logo\\\/image\\\/\"},\"sameAs\":[\"https:\\\/\\\/www.facebook.com\\\/kasvuhooned\\\/\",\"https:\\\/\\\/rodoaed.ee\"]}]}<\/script>\n<!-- \/ Yoast SEO Premium plugin. -->","yoast_head_json":{"title":"Kasvihuone Plus 457x830cm 38m2 perusrungon kanssa - Rodoaed","robots":{"index":"index","follow":"follow","max-snippet":"max-snippet:-1","max-image-preview":"max-image-preview:large","max-video-preview":"max-video-preview:-1"},"canonical":"https:\/\/rodoaed.ee\/fi\/toode\/kasvihuone-plus-457x830cm-38m2-perusrungon-kanssa\/","og_locale":"fi_FI","og_type":"article","og_title":"Kasvihuone Plus 457x830cm 38m2 perusrungon kanssa","og_description":"Kasvihuoneen mitat Kasvihuoneen leveys on 457 cm ja pituus 457 cm - 830 cm. Kattoharjan korkeus peruskehyksen kanssa on 290cm ja sivusein\u00e4n korkeus 13cm","og_url":"https:\/\/rodoaed.ee\/fi\/toode\/kasvihuone-plus-457x830cm-38m2-perusrungon-kanssa\/","og_site_name":"Rodoaed","article_publisher":"https:\/\/www.facebook.com\/kasvuhooned\/","article_modified_time":"2026-04-13T08:06:44+00:00","og_image":[{"width":5184,"height":3456,"url":"https:\/\/rodoaed.ee\/wp-content\/uploads\/2019\/07\/kasvuhoone-Euro-Plus-28m2-22-scaled.jpg","type":"image\/jpeg"}],"twitter_card":"summary_large_image","twitter_misc":{"Arvioitu lukuaika":"1 minuutti"},"schema":{"@context":"https:\/\/schema.org","@graph":[{"@type":"WebPage","@id":"https:\/\/rodoaed.ee\/fi\/toode\/kasvihuone-plus-457x830cm-38m2-perusrungon-kanssa\/","url":"https:\/\/rodoaed.ee\/fi\/toode\/kasvihuone-plus-457x830cm-38m2-perusrungon-kanssa\/","name":"Kasvihuone Plus 457x830cm 38m2 perusrungon kanssa - Rodoaed","isPartOf":{"@id":"https:\/\/rodoaed.ee\/#website"},"primaryImageOfPage":{"@id":"https:\/\/rodoaed.ee\/fi\/toode\/kasvihuone-plus-457x830cm-38m2-perusrungon-kanssa\/#primaryimage"},"image":{"@id":"https:\/\/rodoaed.ee\/fi\/toode\/kasvihuone-plus-457x830cm-38m2-perusrungon-kanssa\/#primaryimage"},"thumbnailUrl":"https:\/\/rodoaed.ee\/wp-content\/uploads\/2019\/07\/kasvuhoone-Euro-Plus-28m2-22-scaled.jpg","datePublished":"2019-08-02T09:50:38+00:00","dateModified":"2026-04-13T08:06:44+00:00","breadcrumb":{"@id":"https:\/\/rodoaed.ee\/fi\/toode\/kasvihuone-plus-457x830cm-38m2-perusrungon-kanssa\/#breadcrumb"},"inLanguage":"fi","potentialAction":[{"@type":"ReadAction","target":["https:\/\/rodoaed.ee\/fi\/toode\/kasvihuone-plus-457x830cm-38m2-perusrungon-kanssa\/"]}]},{"@type":"ImageObject","inLanguage":"fi","@id":"https:\/\/rodoaed.ee\/fi\/toode\/kasvihuone-plus-457x830cm-38m2-perusrungon-kanssa\/#primaryimage","url":"https:\/\/rodoaed.ee\/wp-content\/uploads\/2019\/07\/kasvuhoone-Euro-Plus-28m2-22-scaled.jpg","contentUrl":"https:\/\/rodoaed.ee\/wp-content\/uploads\/2019\/07\/kasvuhoone-Euro-Plus-28m2-22-scaled.jpg","width":5184,"height":3456},{"@type":"BreadcrumbList","@id":"https:\/\/rodoaed.ee\/fi\/toode\/kasvihuone-plus-457x830cm-38m2-perusrungon-kanssa\/#breadcrumb","itemListElement":[{"@type":"ListItem","position":1,"name":"Home","item":"https:\/\/rodoaed.ee\/fi\/"},{"@type":"ListItem","position":2,"name":"Osta osoitteessa","item":"https:\/\/rodoaed.ee\/osta-osoitteessa\/"},{"@type":"ListItem","position":3,"name":"Kasvihuone Plus 457x830cm 38m2 perusrungon kanssa"}]},{"@type":"WebSite","@id":"https:\/\/rodoaed.ee\/#website","url":"https:\/\/rodoaed.ee\/","name":"Rodoaed","description":"","publisher":{"@id":"https:\/\/rodoaed.ee\/#organization"},"potentialAction":[{"@type":"SearchAction","target":{"@type":"EntryPoint","urlTemplate":"https:\/\/rodoaed.ee\/?s={search_term_string}"},"query-input":{"@type":"PropertyValueSpecification","valueRequired":true,"valueName":"search_term_string"}}],"inLanguage":"fi"},{"@type":"Organization","@id":"https:\/\/rodoaed.ee\/#organization","name":"Rodoaed","url":"https:\/\/rodoaed.ee\/","logo":{"@type":"ImageObject","inLanguage":"fi","@id":"https:\/\/rodoaed.ee\/#\/schema\/logo\/image\/","url":"https:\/\/rodoaed.ee\/wp-content\/uploads\/2019\/11\/rodoaed-logo-ilma-taustata.jpg","contentUrl":"https:\/\/rodoaed.ee\/wp-content\/uploads\/2019\/11\/rodoaed-logo-ilma-taustata.jpg","width":769,"height":268,"caption":"Rodoaed"},"image":{"@id":"https:\/\/rodoaed.ee\/#\/schema\/logo\/image\/"},"sameAs":["https:\/\/www.facebook.com\/kasvuhooned\/","https:\/\/rodoaed.ee"]}]}},"_links":{"self":[{"href":"https:\/\/rodoaed.ee\/fi\/wp-json\/wp\/v2\/product\/53479","targetHints":{"allow":["GET"]}}],"collection":[{"href":"https:\/\/rodoaed.ee\/fi\/wp-json\/wp\/v2\/product"}],"about":[{"href":"https:\/\/rodoaed.ee\/fi\/wp-json\/wp\/v2\/types\/product"}],"wp:featuredmedia":[{"embeddable":true,"href":"https:\/\/rodoaed.ee\/fi\/wp-json\/wp\/v2\/media\/20298"}],"wp:attachment":[{"href":"https:\/\/rodoaed.ee\/fi\/wp-json\/wp\/v2\/media?parent=53479"}],"wp:term":[{"taxonomy":"product_brand","embeddable":true,"href":"https:\/\/rodoaed.ee\/fi\/wp-json\/wp\/v2\/product_brand?post=53479"},{"taxonomy":"product_cat","embeddable":true,"href":"https:\/\/rodoaed.ee\/fi\/wp-json\/wp\/v2\/product_cat?post=53479"},{"taxonomy":"product_tag","embeddable":true,"href":"https:\/\/rodoaed.ee\/fi\/wp-json\/wp\/v2\/product_tag?post=53479"}],"curies":[{"name":"wp","href":"https:\/\/api.w.org\/{rel}","templated":true}]}}