{"id":53489,"date":"2019-08-02T12:51:48","date_gmt":"2019-08-02T09:51:48","guid":{"rendered":"https:\/\/rodoaed.ee\/toode\/pesapakkaus-kakaduille\/"},"modified":"2026-04-13T11:06:59","modified_gmt":"2026-04-13T08:06:59","slug":"pesapakkaus-kakaduille","status":"publish","type":"product","link":"https:\/\/rodoaed.ee\/fi\/tuote\/pesapakkaus-kakaduille\/","title":{"rendered":"Pes\u00e4pakkaus kakaduille"},"content":{"rendered":"<h2>Puuhakkeen ja karkean sahanpurun seos pesien nro 4 ja 5 t\u00e4ytt\u00e4miseen.<\/h2>\n<h2>Koska k\u00e4ki munii munansa suoraan puuontelon pohjalle lis\u00e4\u00e4m\u00e4tt\u00e4 pes\u00e4vuorausta, pes\u00e4kotelon pohjalle on hyv\u00e4 lis\u00e4t\u00e4 hieman puulastuja tai karkeaa sahanpurua. N\u00e4in munat pysyv\u00e4t tukevasti paikoillaan ja est\u00e4v\u00e4t niiden vierimisen. <\/h2>\n<p>Pakkaus sis\u00e4lt\u00e4\u00e4 juuri oikean m\u00e4\u00e4r\u00e4n pes\u00e4materiaalia oikeassa suhteessa ja paksuudessa yht\u00e4 pes\u00e4koteloa varten.<\/p>\n<p>&nbsp;<\/p>\n<p>&nbsp;<\/p>\n","protected":false},"excerpt":{"rendered":"<p>Puuhakkeen ja karkean sahanpurun seos pesien nro 4 ja 5 t\u00e4ytt\u00e4miseen. Koska k\u00e4ki munii munansa suoraan puuontelon pohjalle lis\u00e4\u00e4m\u00e4tt\u00e4 pes\u00e4vuorausta, pes\u00e4kotelon pohjalle on hyv\u00e4 lis\u00e4t\u00e4 hieman puulastuja tai karkeaa sahanpurua. N\u00e4in munat pysyv\u00e4t tukevasti paikoillaan ja est\u00e4v\u00e4t niiden vierimisen. Pakkaus sis\u00e4lt\u00e4\u00e4 juuri oikean m\u00e4\u00e4r\u00e4n pes\u00e4materiaalia oikeassa suhteessa ja paksuudessa yht\u00e4 pes\u00e4koteloa varten. &nbsp; &nbsp;<\/p>\n","protected":false},"featured_media":25484,"template":"","meta":{"_acf_changed":false},"product_brand":[],"product_cat":[1953,1852,1851,2302],"product_tag":[],"class_list":{"0":"post-53489","1":"product","2":"type-product","3":"status-publish","4":"has-post-thumbnail","6":"product_cat-lintujen-pesakotelot","7":"product_cat-lintujen-tarvikkeet","8":"product_cat-pesakotelot","9":"product_cat-pesakotelot-kakaduille","10":"product_shipping_class-toimitus-1-3-tyopaivan-kuluessa","11":"pa_variatsioon-pesapakkaus-kakaduille","13":"first","14":"instock","15":"sale","16":"taxable","17":"shipping-taxable","18":"purchasable","19":"product-type-simple"},"acf":[],"yoast_head":"<!-- This site is optimized with the Yoast SEO Premium plugin v27.3 (Yoast SEO v27.3) - https:\/\/yoast.com\/product\/yoast-seo-premium-wordpress\/ -->\n<title>Pes\u00e4pakkaus kakaduille - Rodoaed<\/title>\n<meta name=\"robots\" content=\"index, follow, max-snippet:-1, max-image-preview:large, max-video-preview:-1\" \/>\n<link rel=\"canonical\" href=\"https:\/\/rodoaed.ee\/fi\/toode\/pesapakkaus-kakaduille\/\" \/>\n<meta property=\"og:locale\" content=\"fi_FI\" \/>\n<meta property=\"og:type\" content=\"article\" \/>\n<meta property=\"og:title\" content=\"Pes\u00e4pakkaus kakaduille\" \/>\n<meta property=\"og:description\" content=\"Puuhakkeen ja karkean sahanpurun seos pesien nro 4 ja 5 t\u00e4ytt\u00e4miseen. Koska k\u00e4ki munii munansa suoraan puuontelon pohjalle lis\u00e4\u00e4m\u00e4tt\u00e4 pes\u00e4vuorausta,\" \/>\n<meta property=\"og:url\" content=\"https:\/\/rodoaed.ee\/fi\/toode\/pesapakkaus-kakaduille\/\" \/>\n<meta property=\"og:site_name\" content=\"Rodoaed\" \/>\n<meta property=\"article:publisher\" content=\"https:\/\/www.facebook.com\/kasvuhooned\/\" \/>\n<meta property=\"article:modified_time\" content=\"2026-04-13T08:06:59+00:00\" \/>\n<meta property=\"og:image\" content=\"https:\/\/rodoaed.ee\/wp-content\/uploads\/2019\/08\/pesamaterjal-kakkudele_02.jpg\" \/>\n\t<meta property=\"og:image:width\" content=\"480\" \/>\n\t<meta property=\"og:image:height\" content=\"360\" \/>\n\t<meta property=\"og:image:type\" content=\"image\/jpeg\" \/>\n<meta name=\"twitter:card\" content=\"summary_large_image\" \/>\n<script type=\"application\/ld+json\" class=\"yoast-schema-graph\">{\"@context\":\"https:\\\/\\\/schema.org\",\"@graph\":[{\"@type\":\"WebPage\",\"@id\":\"https:\\\/\\\/rodoaed.ee\\\/fi\\\/toode\\\/pesapakkaus-kakaduille\\\/\",\"url\":\"https:\\\/\\\/rodoaed.ee\\\/fi\\\/toode\\\/pesapakkaus-kakaduille\\\/\",\"name\":\"Pes\u00e4pakkaus kakaduille - Rodoaed\",\"isPartOf\":{\"@id\":\"https:\\\/\\\/rodoaed.ee\\\/#website\"},\"primaryImageOfPage\":{\"@id\":\"https:\\\/\\\/rodoaed.ee\\\/fi\\\/toode\\\/pesapakkaus-kakaduille\\\/#primaryimage\"},\"image\":{\"@id\":\"https:\\\/\\\/rodoaed.ee\\\/fi\\\/toode\\\/pesapakkaus-kakaduille\\\/#primaryimage\"},\"thumbnailUrl\":\"https:\\\/\\\/rodoaed.ee\\\/wp-content\\\/uploads\\\/2019\\\/08\\\/pesamaterjal-kakkudele_02.jpg\",\"datePublished\":\"2019-08-02T09:51:48+00:00\",\"dateModified\":\"2026-04-13T08:06:59+00:00\",\"breadcrumb\":{\"@id\":\"https:\\\/\\\/rodoaed.ee\\\/fi\\\/toode\\\/pesapakkaus-kakaduille\\\/#breadcrumb\"},\"inLanguage\":\"fi\",\"potentialAction\":[{\"@type\":\"ReadAction\",\"target\":[\"https:\\\/\\\/rodoaed.ee\\\/fi\\\/toode\\\/pesapakkaus-kakaduille\\\/\"]}]},{\"@type\":\"ImageObject\",\"inLanguage\":\"fi\",\"@id\":\"https:\\\/\\\/rodoaed.ee\\\/fi\\\/toode\\\/pesapakkaus-kakaduille\\\/#primaryimage\",\"url\":\"https:\\\/\\\/rodoaed.ee\\\/wp-content\\\/uploads\\\/2019\\\/08\\\/pesamaterjal-kakkudele_02.jpg\",\"contentUrl\":\"https:\\\/\\\/rodoaed.ee\\\/wp-content\\\/uploads\\\/2019\\\/08\\\/pesamaterjal-kakkudele_02.jpg\",\"width\":480,\"height\":360},{\"@type\":\"BreadcrumbList\",\"@id\":\"https:\\\/\\\/rodoaed.ee\\\/fi\\\/toode\\\/pesapakkaus-kakaduille\\\/#breadcrumb\",\"itemListElement\":[{\"@type\":\"ListItem\",\"position\":1,\"name\":\"Home\",\"item\":\"https:\\\/\\\/rodoaed.ee\\\/fi\\\/\"},{\"@type\":\"ListItem\",\"position\":2,\"name\":\"Osta osoitteessa\",\"item\":\"https:\\\/\\\/rodoaed.ee\\\/osta-osoitteessa\\\/\"},{\"@type\":\"ListItem\",\"position\":3,\"name\":\"Pes\u00e4pakkaus kakaduille\"}]},{\"@type\":\"WebSite\",\"@id\":\"https:\\\/\\\/rodoaed.ee\\\/#website\",\"url\":\"https:\\\/\\\/rodoaed.ee\\\/\",\"name\":\"Rodoaed\",\"description\":\"\",\"publisher\":{\"@id\":\"https:\\\/\\\/rodoaed.ee\\\/#organization\"},\"potentialAction\":[{\"@type\":\"SearchAction\",\"target\":{\"@type\":\"EntryPoint\",\"urlTemplate\":\"https:\\\/\\\/rodoaed.ee\\\/?s={search_term_string}\"},\"query-input\":{\"@type\":\"PropertyValueSpecification\",\"valueRequired\":true,\"valueName\":\"search_term_string\"}}],\"inLanguage\":\"fi\"},{\"@type\":\"Organization\",\"@id\":\"https:\\\/\\\/rodoaed.ee\\\/#organization\",\"name\":\"Rodoaed\",\"url\":\"https:\\\/\\\/rodoaed.ee\\\/\",\"logo\":{\"@type\":\"ImageObject\",\"inLanguage\":\"fi\",\"@id\":\"https:\\\/\\\/rodoaed.ee\\\/#\\\/schema\\\/logo\\\/image\\\/\",\"url\":\"https:\\\/\\\/rodoaed.ee\\\/wp-content\\\/uploads\\\/2019\\\/11\\\/rodoaed-logo-ilma-taustata.jpg\",\"contentUrl\":\"https:\\\/\\\/rodoaed.ee\\\/wp-content\\\/uploads\\\/2019\\\/11\\\/rodoaed-logo-ilma-taustata.jpg\",\"width\":769,\"height\":268,\"caption\":\"Rodoaed\"},\"image\":{\"@id\":\"https:\\\/\\\/rodoaed.ee\\\/#\\\/schema\\\/logo\\\/image\\\/\"},\"sameAs\":[\"https:\\\/\\\/www.facebook.com\\\/kasvuhooned\\\/\",\"https:\\\/\\\/rodoaed.ee\"]}]}<\/script>\n<!-- \/ Yoast SEO Premium plugin. -->","yoast_head_json":{"title":"Pes\u00e4pakkaus kakaduille - Rodoaed","robots":{"index":"index","follow":"follow","max-snippet":"max-snippet:-1","max-image-preview":"max-image-preview:large","max-video-preview":"max-video-preview:-1"},"canonical":"https:\/\/rodoaed.ee\/fi\/toode\/pesapakkaus-kakaduille\/","og_locale":"fi_FI","og_type":"article","og_title":"Pes\u00e4pakkaus kakaduille","og_description":"Puuhakkeen ja karkean sahanpurun seos pesien nro 4 ja 5 t\u00e4ytt\u00e4miseen. Koska k\u00e4ki munii munansa suoraan puuontelon pohjalle lis\u00e4\u00e4m\u00e4tt\u00e4 pes\u00e4vuorausta,","og_url":"https:\/\/rodoaed.ee\/fi\/toode\/pesapakkaus-kakaduille\/","og_site_name":"Rodoaed","article_publisher":"https:\/\/www.facebook.com\/kasvuhooned\/","article_modified_time":"2026-04-13T08:06:59+00:00","og_image":[{"width":480,"height":360,"url":"https:\/\/rodoaed.ee\/wp-content\/uploads\/2019\/08\/pesamaterjal-kakkudele_02.jpg","type":"image\/jpeg"}],"twitter_card":"summary_large_image","schema":{"@context":"https:\/\/schema.org","@graph":[{"@type":"WebPage","@id":"https:\/\/rodoaed.ee\/fi\/toode\/pesapakkaus-kakaduille\/","url":"https:\/\/rodoaed.ee\/fi\/toode\/pesapakkaus-kakaduille\/","name":"Pes\u00e4pakkaus kakaduille - Rodoaed","isPartOf":{"@id":"https:\/\/rodoaed.ee\/#website"},"primaryImageOfPage":{"@id":"https:\/\/rodoaed.ee\/fi\/toode\/pesapakkaus-kakaduille\/#primaryimage"},"image":{"@id":"https:\/\/rodoaed.ee\/fi\/toode\/pesapakkaus-kakaduille\/#primaryimage"},"thumbnailUrl":"https:\/\/rodoaed.ee\/wp-content\/uploads\/2019\/08\/pesamaterjal-kakkudele_02.jpg","datePublished":"2019-08-02T09:51:48+00:00","dateModified":"2026-04-13T08:06:59+00:00","breadcrumb":{"@id":"https:\/\/rodoaed.ee\/fi\/toode\/pesapakkaus-kakaduille\/#breadcrumb"},"inLanguage":"fi","potentialAction":[{"@type":"ReadAction","target":["https:\/\/rodoaed.ee\/fi\/toode\/pesapakkaus-kakaduille\/"]}]},{"@type":"ImageObject","inLanguage":"fi","@id":"https:\/\/rodoaed.ee\/fi\/toode\/pesapakkaus-kakaduille\/#primaryimage","url":"https:\/\/rodoaed.ee\/wp-content\/uploads\/2019\/08\/pesamaterjal-kakkudele_02.jpg","contentUrl":"https:\/\/rodoaed.ee\/wp-content\/uploads\/2019\/08\/pesamaterjal-kakkudele_02.jpg","width":480,"height":360},{"@type":"BreadcrumbList","@id":"https:\/\/rodoaed.ee\/fi\/toode\/pesapakkaus-kakaduille\/#breadcrumb","itemListElement":[{"@type":"ListItem","position":1,"name":"Home","item":"https:\/\/rodoaed.ee\/fi\/"},{"@type":"ListItem","position":2,"name":"Osta osoitteessa","item":"https:\/\/rodoaed.ee\/osta-osoitteessa\/"},{"@type":"ListItem","position":3,"name":"Pes\u00e4pakkaus kakaduille"}]},{"@type":"WebSite","@id":"https:\/\/rodoaed.ee\/#website","url":"https:\/\/rodoaed.ee\/","name":"Rodoaed","description":"","publisher":{"@id":"https:\/\/rodoaed.ee\/#organization"},"potentialAction":[{"@type":"SearchAction","target":{"@type":"EntryPoint","urlTemplate":"https:\/\/rodoaed.ee\/?s={search_term_string}"},"query-input":{"@type":"PropertyValueSpecification","valueRequired":true,"valueName":"search_term_string"}}],"inLanguage":"fi"},{"@type":"Organization","@id":"https:\/\/rodoaed.ee\/#organization","name":"Rodoaed","url":"https:\/\/rodoaed.ee\/","logo":{"@type":"ImageObject","inLanguage":"fi","@id":"https:\/\/rodoaed.ee\/#\/schema\/logo\/image\/","url":"https:\/\/rodoaed.ee\/wp-content\/uploads\/2019\/11\/rodoaed-logo-ilma-taustata.jpg","contentUrl":"https:\/\/rodoaed.ee\/wp-content\/uploads\/2019\/11\/rodoaed-logo-ilma-taustata.jpg","width":769,"height":268,"caption":"Rodoaed"},"image":{"@id":"https:\/\/rodoaed.ee\/#\/schema\/logo\/image\/"},"sameAs":["https:\/\/www.facebook.com\/kasvuhooned\/","https:\/\/rodoaed.ee"]}]}},"_links":{"self":[{"href":"https:\/\/rodoaed.ee\/fi\/wp-json\/wp\/v2\/product\/53489","targetHints":{"allow":["GET"]}}],"collection":[{"href":"https:\/\/rodoaed.ee\/fi\/wp-json\/wp\/v2\/product"}],"about":[{"href":"https:\/\/rodoaed.ee\/fi\/wp-json\/wp\/v2\/types\/product"}],"wp:featuredmedia":[{"embeddable":true,"href":"https:\/\/rodoaed.ee\/fi\/wp-json\/wp\/v2\/media\/25484"}],"wp:attachment":[{"href":"https:\/\/rodoaed.ee\/fi\/wp-json\/wp\/v2\/media?parent=53489"}],"wp:term":[{"taxonomy":"product_brand","embeddable":true,"href":"https:\/\/rodoaed.ee\/fi\/wp-json\/wp\/v2\/product_brand?post=53489"},{"taxonomy":"product_cat","embeddable":true,"href":"https:\/\/rodoaed.ee\/fi\/wp-json\/wp\/v2\/product_cat?post=53489"},{"taxonomy":"product_tag","embeddable":true,"href":"https:\/\/rodoaed.ee\/fi\/wp-json\/wp\/v2\/product_tag?post=53489"}],"curies":[{"name":"wp","href":"https:\/\/api.w.org\/{rel}","templated":true}]}}