{"id":53490,"date":"2019-08-02T12:51:48","date_gmt":"2019-08-02T09:51:48","guid":{"rendered":"https:\/\/rodoaed.ee\/toode\/kultasirkkujen-pesalaatikko-3sv-turvakaytavalla-varustettuna\/"},"modified":"2026-04-13T11:07:00","modified_gmt":"2026-04-13T08:07:00","slug":"kultasirkkujen-pesalaatikko-3sv-turvakaytavalla-varustettuna","status":"publish","type":"product","link":"https:\/\/rodoaed.ee\/fi\/tuote\/kultasirkkujen-pesalaatikko-3sv-turvakaytavalla-varustettuna\/","title":{"rendered":"Kultasirkkujen pes\u00e4laatikko 3SV &#8211; turvak\u00e4yt\u00e4v\u00e4ll\u00e4 varustettuna"},"content":{"rendered":"<p><strong>3SV-pes\u00e4kotelo eroaa 3S-mallista l\u00e4hinn\u00e4 siin\u00e4, ett\u00e4 siin\u00e4 on paksumpi turpeen sis\u00e4\u00e4nk\u00e4ynti. T\u00e4h\u00e4n pes\u00e4laatikkoon ei p\u00e4\u00e4se saalistaja. <\/strong><\/p>\n<p><span style=\"color: #008000;\"><strong>HUOM: Saimme hyvin rajoitetun m\u00e4\u00e4r\u00e4n 3S- ja 3Sv-malleja. Vain yksi lava koko Viroon. Jos haluat ostaa sen, varmista, ett\u00e4 ostat sen nyt, koska heti kun m\u00e4\u00e4r\u00e4 on myyty, tuote lukitaan uudelleen.  <\/strong><\/span><\/p>\n<p>Jos puutarhassa tai mets\u00e4ss\u00e4 on paljon k\u00e4rp\u00e4si\u00e4, n\u00e4\u00e4t\u00e4el\u00e4imi\u00e4 ja oravia, t\u00e4m\u00e4 malli voi olla parempi.<\/p>\n<p><strong>T\u00e4st\u00e4 pes\u00e4laatikosta on tullut viime vuosikymmenin\u00e4 enemm\u00e4n tai v\u00e4hemm\u00e4n standardi Euroopassa, Amerikassa ja Kanadassa.<\/strong><\/p>\n<p>Se soveltuu yht\u00e4 hyvin asennettavaksi asutukseen, asunnon viereiseen puutarhaan kuin puistoon ja mets\u00e4\u00e4nkin. Pes\u00e4kotelossa on eritt\u00e4in tilava pes\u00e4kammio (halkaisija 14 cm) ja 45 mm:n lentoaukko, joka antaa lis\u00e4\u00e4 valoa pes\u00e4n sis\u00e4lle. <\/p>\n<p>Kultasirkkujen lis\u00e4ksi pes\u00e4laatikossa pesiv\u00e4t my\u00f6s: puukiipij\u00e4t (jotka itse muurauttavat osan kolosta tehd\u00e4kseen siit\u00e4 pienemm\u00e4n), iso- ja pikkukultasirkut, mustakirvinen, harmaakirvinen ja muut.<\/p>\n<p><strong>3SV Goldfinchin pes\u00e4kotelo houkuttelee lintuja puutarhaan, hedelm\u00e4tarhaan tai puistoon. Se on valmistettu eritt\u00e4in vahvasta ja kest\u00e4v\u00e4st\u00e4 patentoidusta SCHWEGLER-puubetonista, joka koostuu 100-prosenttisesti luonnollisista ainesosista. Pes\u00e4kotelon materiaali ja valmistustapa takaavat, ettei se kutistu, kutistu tai lahoa, ei vuoda vett\u00e4 eik\u00e4 p\u00e4\u00e4st\u00e4 tuulta l\u00e4pi eik\u00e4 vaadi huoltoa vuosikymmeniin.  <\/strong><\/p>\n<p>Koska pes\u00e4kotelo on niin kest\u00e4v\u00e4 ja pitk\u00e4ik\u00e4inen, se tarjoaa erinomaista vastinetta rahalle. Pes\u00e4laatikko on l\u00e4mmin ja sateenpit\u00e4v\u00e4 pesinn\u00e4n aikana ja samalla viile\u00e4 ja mukava, jotta linnunpoikaset voivat kasvaa siin\u00e4. <strong>Pes\u00e4laatikko 3SV:ll\u00e4 on todellinen enn\u00e4tys &#8211;<\/strong> nimitt\u00e4in se on tuonut puutarhaan ja pesinyt <strong>yli kaksi kertaa enemm\u00e4n lintuja kuin perinteiset puiset pes\u00e4laatikot<\/strong>, mik\u00e4 perustuu pitk\u00e4aikaisiin kirjattuihin pesint\u00e4tutkimuksiin. Linnut tuntevat olonsa paljon turvallisemmaksi t\u00e4llaisessa pes\u00e4laatikossa, ja vakaat olosuhteet suojaavat sek\u00e4 munia ett\u00e4 poikasia.  <\/p>\n<p>Kaikkien pes\u00e4laatikoiden mukana toimitetaan ripustuskannattimet ja erityinen Schweglerin alumiininaulain. <\/p>\n<p><strong>Pes\u00e4laatikon asennuspaikka:<\/strong><\/p>\n<p>Puissa tai rakennuksissa<\/p>\n<p><strong>Puhdistus ja tarkastus:<\/strong><\/p>\n<p>Helppo puhdistaa ja tarkastaa irrotettavan etupaneelin ansiosta<\/p>\n<p><strong>Materiaali:<\/strong><\/p>\n<p>SCHWEGLER ilmaa l\u00e4p\u00e4isev\u00e4 ja pitk\u00e4ik\u00e4inen puubetoni<\/p>\n<p><strong>Setti sis\u00e4lt\u00e4\u00e4:<\/strong><\/p>\n<ul>\n<li>Pes\u00e4laatikko, jossa on irrotettava etupaneeli<\/li>\n<li>Sinkitty ter\u00e4skiinnike &#8211; mets\u00e4talous hyv\u00e4ksytty.<\/li>\n<li>Alumiinipiikki &#8211; mets\u00e4talouden hyv\u00e4ksym\u00e4<\/li>\n<\/ul>\n<p><strong>Lentoreitin koko:<\/strong><\/p>\n<p>&#8211; \u00d8 45 mm<\/p>\n<p><strong>Kuka t\u00e4ytt\u00e4\u00e4 pes\u00e4kotelon:<\/strong><\/p>\n<p><em>Kultasirkku, mets\u00e4viklo, hiirihaukka, pikkutiainen, k\u00e4rp\u00e4ssiipi, harmaa k\u00e4rp\u00e4ssiipi, mets\u00e4hanhi, sinihanhi, kanalintu, h\u00f6m\u00f6tiainen ja lepakot.<\/em><\/p>\n<p>Soveltuu kaikille luetelluille linnuille, mutta jos pes\u00e4koteloita ei ole riitt\u00e4v\u00e4sti, kultasirkku ottaa yleens\u00e4 pes\u00e4kotelon haltuunsa muilta linnuilta. Sen vuoksi on parempi asentaa useita pes\u00e4laatikoita kerralla. <\/p>\n<p><strong>Pes\u00e4kotelon paino: <\/strong>4,8 kg<\/p>\n<div data-fullscreen=\"disabled\" data-mode=\"normal\" data-oembed=\"1\" data-provider=\"youtube\" data-reset-after-played id=\"arve-youtube-gitbv3nu1z4\" class=\"arve\">\n<div class=\"arve-inner\">\n<div style=\"aspect-ratio:1140\/641\" class=\"arve-embed arve-embed--has-aspect-ratio\">\n<div class=\"arve-ar\" style=\"padding-top:56.228070%\"><\/div>\n<p>\t\t\t<iframe allow=\"accelerometer &apos;none&apos;;autoplay &apos;none&apos;;bluetooth &apos;none&apos;;browsing-topics &apos;none&apos;;camera &apos;none&apos;;clipboard-read &apos;none&apos;;clipboard-write;display-capture &apos;none&apos;;encrypted-media &apos;none&apos;;gamepad &apos;none&apos;;geolocation &apos;none&apos;;gyroscope &apos;none&apos;;hid &apos;none&apos;;identity-credentials-get &apos;none&apos;;idle-detection &apos;none&apos;;keyboard-map &apos;none&apos;;local-fonts;magnetometer &apos;none&apos;;microphone &apos;none&apos;;midi &apos;none&apos;;otp-credentials &apos;none&apos;;payment &apos;none&apos;;picture-in-picture;publickey-credentials-create &apos;none&apos;;publickey-credentials-get &apos;none&apos;;screen-wake-lock &apos;none&apos;;serial &apos;none&apos;;summarizer &apos;none&apos;;sync-xhr;usb &apos;none&apos;;web-share;window-management &apos;none&apos;;xr-spatial-tracking &apos;none&apos;;\" allowfullscreen=\"\" class=\"arve-iframe fitvidsignore\" credentialless data-arve=\"arve-youtube-gitbv3nu1z4\" data-lenis-prevent=\"\" data-src-no-ap=\"https:\/\/www.youtube-nocookie.com\/embed\/giTbv3nU1z4?feature=oembed&amp;iv_load_policy=3&amp;modestbranding=1&amp;rel=0&amp;autohide=1&amp;playsinline=0&amp;autoplay=0&amp;enablejsapi=1\" frameborder=\"0\" height=\"0\" loading=\"lazy\" name=\"\" referrerpolicy=\"strict-origin-when-cross-origin\" sandbox=\"allow-scripts allow-same-origin allow-presentation allow-popups allow-popups-to-escape-sandbox\" scrolling=\"no\" src=\"https:\/\/www.youtube-nocookie.com\/embed\/giTbv3nU1z4?feature=oembed&#038;iv_load_policy=3&#038;modestbranding=1&#038;rel=0&#038;autohide=1&#038;playsinline=0&#038;autoplay=0&#038;enablejsapi=1\" title=\"Pesakastid\" width=\"0\"><\/iframe><\/p><\/div>\n<\/p><\/div>\n<p>\t<script type=\"application\/ld+json\">{\"@context\":\"http:\\\/\\\/schema.org\\\/\",\"@id\":\"https:\\\/\\\/rodoaed.ee\\\/fi\\\/tuote\\\/kultasirkkujen-pesalaatikko-3sv-turvakaytavalla-varustettuna\\\/#arve-youtube-gitbv3nu1z4\",\"type\":\"VideoObject\",\"embedURL\":\"https:\\\/\\\/www.youtube-nocookie.com\\\/embed\\\/giTbv3nU1z4?feature=oembed&iv_load_policy=3&modestbranding=1&rel=0&autohide=1&playsinline=0&autoplay=0&enablejsapi=1\",\"name\":\"Pesakastid\",\"thumbnailUrl\":\"https:\\\/\\\/i.ytimg.com\\\/vi\\\/giTbv3nU1z4\\\/hqdefault.jpg\",\"uploadDate\":\"2026-04-20T20:10:35+03:00\",\"author\":\"www.Rodoaed.ee\",\"description\":\"3SV-pes\\u00e4kotelo eroaa 3S-mallista l\\u00e4hinn\\u00e4 siin\\u00e4, ett\\u00e4 siin\\u00e4 on paksumpi turpeen sis\\u00e4\\u00e4nk\\u00e4ynti. T\\u00e4h\\u00e4n pes\\u00e4laatikkoon ei p\\u00e4\\u00e4se saalistaja. HUOM: Saimme hyvin rajoitetun m\\u00e4\\u00e4r\\u00e4n 3S- ja 3Sv-malleja. Vain yksi lava koko Viroon. Jos haluat ostaa sen, varmista, ett\\u00e4 ostat sen nyt, koska heti kun m\\u00e4\\u00e4r\\u00e4 on myyt\"}<\/script><\/p>\n<\/div>\n<div data-fullscreen=\"disabled\" data-mode=\"normal\" data-oembed=\"1\" data-provider=\"youtube\" data-reset-after-played id=\"arve-youtube-cekt5rqb3ou\" class=\"arve\">\n<div class=\"arve-inner\">\n<div style=\"aspect-ratio:1140\/641\" class=\"arve-embed arve-embed--has-aspect-ratio\">\n<div class=\"arve-ar\" style=\"padding-top:56.228070%\"><\/div>\n<p>\t\t\t<iframe allow=\"accelerometer &apos;none&apos;;autoplay &apos;none&apos;;bluetooth &apos;none&apos;;browsing-topics &apos;none&apos;;camera &apos;none&apos;;clipboard-read &apos;none&apos;;clipboard-write;display-capture &apos;none&apos;;encrypted-media &apos;none&apos;;gamepad &apos;none&apos;;geolocation &apos;none&apos;;gyroscope &apos;none&apos;;hid &apos;none&apos;;identity-credentials-get &apos;none&apos;;idle-detection &apos;none&apos;;keyboard-map &apos;none&apos;;local-fonts;magnetometer &apos;none&apos;;microphone &apos;none&apos;;midi &apos;none&apos;;otp-credentials &apos;none&apos;;payment &apos;none&apos;;picture-in-picture;publickey-credentials-create &apos;none&apos;;publickey-credentials-get &apos;none&apos;;screen-wake-lock &apos;none&apos;;serial &apos;none&apos;;summarizer &apos;none&apos;;sync-xhr;usb &apos;none&apos;;web-share;window-management &apos;none&apos;;xr-spatial-tracking &apos;none&apos;;\" allowfullscreen=\"\" class=\"arve-iframe fitvidsignore\" credentialless data-arve=\"arve-youtube-cekt5rqb3ou\" data-lenis-prevent=\"\" data-src-no-ap=\"https:\/\/www.youtube-nocookie.com\/embed\/CekT5rqb3oU?feature=oembed&amp;iv_load_policy=3&amp;modestbranding=1&amp;rel=0&amp;autohide=1&amp;playsinline=0&amp;autoplay=0&amp;enablejsapi=1\" frameborder=\"0\" height=\"0\" loading=\"lazy\" name=\"\" referrerpolicy=\"strict-origin-when-cross-origin\" sandbox=\"allow-scripts allow-same-origin allow-presentation allow-popups allow-popups-to-escape-sandbox\" scrolling=\"no\" src=\"https:\/\/www.youtube-nocookie.com\/embed\/CekT5rqb3oU?feature=oembed&#038;iv_load_policy=3&#038;modestbranding=1&#038;rel=0&#038;autohide=1&#038;playsinline=0&#038;autoplay=0&#038;enablejsapi=1\" title=\"pesakastide paigaldus\" width=\"0\"><\/iframe><\/p><\/div>\n<\/p><\/div>\n<p>\t<script type=\"application\/ld+json\">{\"@context\":\"http:\\\/\\\/schema.org\\\/\",\"@id\":\"https:\\\/\\\/rodoaed.ee\\\/fi\\\/tuote\\\/kultasirkkujen-pesalaatikko-3sv-turvakaytavalla-varustettuna\\\/#arve-youtube-cekt5rqb3ou\",\"type\":\"VideoObject\",\"embedURL\":\"https:\\\/\\\/www.youtube-nocookie.com\\\/embed\\\/CekT5rqb3oU?feature=oembed&iv_load_policy=3&modestbranding=1&rel=0&autohide=1&playsinline=0&autoplay=0&enablejsapi=1\",\"name\":\"pesakastide paigaldus\",\"thumbnailUrl\":\"https:\\\/\\\/i.ytimg.com\\\/vi\\\/CekT5rqb3oU\\\/hqdefault.jpg\",\"uploadDate\":\"2026-04-20T20:10:35+03:00\",\"author\":\"www.Rodoaed.ee\",\"description\":\"3SV-pes\\u00e4kotelo eroaa 3S-mallista l\\u00e4hinn\\u00e4 siin\\u00e4, ett\\u00e4 siin\\u00e4 on paksumpi turpeen sis\\u00e4\\u00e4nk\\u00e4ynti. T\\u00e4h\\u00e4n pes\\u00e4laatikkoon ei p\\u00e4\\u00e4se saalistaja. HUOM: Saimme hyvin rajoitetun m\\u00e4\\u00e4r\\u00e4n 3S- ja 3Sv-malleja. Vain yksi lava koko Viroon. Jos haluat ostaa sen, varmista, ett\\u00e4 ostat sen nyt, koska heti kun m\\u00e4\\u00e4r\\u00e4 on myyt\"}<\/script><\/p>\n<\/div>\n","protected":false},"excerpt":{"rendered":"<p>3SV-pes\u00e4kotelo eroaa 3S-mallista l\u00e4hinn\u00e4 siin\u00e4, ett\u00e4 siin\u00e4 on paksumpi turpeen sis\u00e4\u00e4nk\u00e4ynti. T\u00e4h\u00e4n pes\u00e4laatikkoon ei p\u00e4\u00e4se saalistaja. HUOM: Saimme hyvin rajoitetun m\u00e4\u00e4r\u00e4n 3S- ja 3Sv-malleja. Vain yksi lava koko Viroon. Jos haluat ostaa sen, varmista, ett\u00e4 ostat sen nyt, koska heti kun m\u00e4\u00e4r\u00e4 on myyty, tuote lukitaan uudelleen. Jos puutarhassa tai mets\u00e4ss\u00e4 on paljon k\u00e4rp\u00e4si\u00e4, n\u00e4\u00e4t\u00e4el\u00e4imi\u00e4 ja oravia, t\u00e4m\u00e4 malli voi olla parempi. T\u00e4st\u00e4 pes\u00e4laatikosta on&#8230;<\/p>\n","protected":false},"featured_media":25493,"template":"","meta":{"_acf_changed":false},"product_brand":[],"product_cat":[1935,1881,1851],"product_tag":[],"class_list":{"0":"post-53490","1":"product","2":"type-product","3":"status-publish","4":"has-post-thumbnail","6":"product_cat-harrastepuutarhan-pesalaatikot","7":"product_cat-kultasirkun-pesakotelo","8":"product_cat-pesakotelot","9":"pa_variatsioon-kultainen-pesalaatikko-3sv","11":"first","12":"outofstock","13":"sale","14":"taxable","15":"shipping-taxable","16":"purchasable","17":"product-type-simple"},"acf":[],"yoast_head":"<!-- This site is optimized with the Yoast SEO Premium plugin v27.3 (Yoast SEO v27.3) - https:\/\/yoast.com\/product\/yoast-seo-premium-wordpress\/ -->\n<title>Kultasirkkujen pes\u00e4laatikko 3SV - turvak\u00e4yt\u00e4v\u00e4ll\u00e4 varustettuna - Rodoaed<\/title>\n<meta name=\"robots\" content=\"index, follow, max-snippet:-1, max-image-preview:large, max-video-preview:-1\" \/>\n<link rel=\"canonical\" href=\"https:\/\/rodoaed.ee\/fi\/toode\/kultasirkkujen-pesalaatikko-3sv-turvakaytavalla-varustettuna\/\" \/>\n<meta property=\"og:locale\" content=\"fi_FI\" \/>\n<meta property=\"og:type\" content=\"article\" \/>\n<meta property=\"og:title\" content=\"Kultasirkkujen pes\u00e4laatikko 3SV - turvak\u00e4yt\u00e4v\u00e4ll\u00e4 varustettuna\" \/>\n<meta property=\"og:description\" content=\"3SV-pes\u00e4kotelo eroaa 3S-mallista l\u00e4hinn\u00e4 siin\u00e4, ett\u00e4 siin\u00e4 on paksumpi turpeen sis\u00e4\u00e4nk\u00e4ynti. T\u00e4h\u00e4n pes\u00e4laatikkoon ei p\u00e4\u00e4se saalistaja. HUOM: Saimme hyvin\" \/>\n<meta property=\"og:url\" content=\"https:\/\/rodoaed.ee\/fi\/toode\/kultasirkkujen-pesalaatikko-3sv-turvakaytavalla-varustettuna\/\" \/>\n<meta property=\"og:site_name\" content=\"Rodoaed\" \/>\n<meta property=\"article:publisher\" content=\"https:\/\/www.facebook.com\/kasvuhooned\/\" \/>\n<meta property=\"article:modified_time\" content=\"2026-04-13T08:07:00+00:00\" \/>\n<meta property=\"og:image\" content=\"https:\/\/rodoaed.ee\/wp-content\/uploads\/2019\/08\/pesakast-kuldnokale_01.jpg\" \/>\n\t<meta property=\"og:image:width\" content=\"300\" \/>\n\t<meta property=\"og:image:height\" content=\"444\" \/>\n\t<meta property=\"og:image:type\" content=\"image\/jpeg\" \/>\n<meta name=\"twitter:card\" content=\"summary_large_image\" \/>\n<meta name=\"twitter:label1\" content=\"Arvioitu lukuaika\" \/>\n\t<meta name=\"twitter:data1\" content=\"2 minuuttia\" \/>\n<script type=\"application\/ld+json\" class=\"yoast-schema-graph\">{\"@context\":\"https:\\\/\\\/schema.org\",\"@graph\":[{\"@type\":\"WebPage\",\"@id\":\"https:\\\/\\\/rodoaed.ee\\\/fi\\\/toode\\\/kultasirkkujen-pesalaatikko-3sv-turvakaytavalla-varustettuna\\\/\",\"url\":\"https:\\\/\\\/rodoaed.ee\\\/fi\\\/toode\\\/kultasirkkujen-pesalaatikko-3sv-turvakaytavalla-varustettuna\\\/\",\"name\":\"Kultasirkkujen pes\u00e4laatikko 3SV - turvak\u00e4yt\u00e4v\u00e4ll\u00e4 varustettuna - Rodoaed\",\"isPartOf\":{\"@id\":\"https:\\\/\\\/rodoaed.ee\\\/#website\"},\"primaryImageOfPage\":{\"@id\":\"https:\\\/\\\/rodoaed.ee\\\/fi\\\/toode\\\/kultasirkkujen-pesalaatikko-3sv-turvakaytavalla-varustettuna\\\/#primaryimage\"},\"image\":{\"@id\":\"https:\\\/\\\/rodoaed.ee\\\/fi\\\/toode\\\/kultasirkkujen-pesalaatikko-3sv-turvakaytavalla-varustettuna\\\/#primaryimage\"},\"thumbnailUrl\":\"https:\\\/\\\/rodoaed.ee\\\/wp-content\\\/uploads\\\/2019\\\/08\\\/pesakast-kuldnokale_01.jpg\",\"datePublished\":\"2019-08-02T09:51:48+00:00\",\"dateModified\":\"2026-04-13T08:07:00+00:00\",\"breadcrumb\":{\"@id\":\"https:\\\/\\\/rodoaed.ee\\\/fi\\\/toode\\\/kultasirkkujen-pesalaatikko-3sv-turvakaytavalla-varustettuna\\\/#breadcrumb\"},\"inLanguage\":\"fi\",\"potentialAction\":[{\"@type\":\"ReadAction\",\"target\":[\"https:\\\/\\\/rodoaed.ee\\\/fi\\\/toode\\\/kultasirkkujen-pesalaatikko-3sv-turvakaytavalla-varustettuna\\\/\"]}]},{\"@type\":\"ImageObject\",\"inLanguage\":\"fi\",\"@id\":\"https:\\\/\\\/rodoaed.ee\\\/fi\\\/toode\\\/kultasirkkujen-pesalaatikko-3sv-turvakaytavalla-varustettuna\\\/#primaryimage\",\"url\":\"https:\\\/\\\/rodoaed.ee\\\/wp-content\\\/uploads\\\/2019\\\/08\\\/pesakast-kuldnokale_01.jpg\",\"contentUrl\":\"https:\\\/\\\/rodoaed.ee\\\/wp-content\\\/uploads\\\/2019\\\/08\\\/pesakast-kuldnokale_01.jpg\",\"width\":300,\"height\":444},{\"@type\":\"BreadcrumbList\",\"@id\":\"https:\\\/\\\/rodoaed.ee\\\/fi\\\/toode\\\/kultasirkkujen-pesalaatikko-3sv-turvakaytavalla-varustettuna\\\/#breadcrumb\",\"itemListElement\":[{\"@type\":\"ListItem\",\"position\":1,\"name\":\"Home\",\"item\":\"https:\\\/\\\/rodoaed.ee\\\/fi\\\/\"},{\"@type\":\"ListItem\",\"position\":2,\"name\":\"Osta osoitteessa\",\"item\":\"https:\\\/\\\/rodoaed.ee\\\/osta-osoitteessa\\\/\"},{\"@type\":\"ListItem\",\"position\":3,\"name\":\"Kultasirkkujen pes\u00e4laatikko 3SV &#8211; turvak\u00e4yt\u00e4v\u00e4ll\u00e4 varustettuna\"}]},{\"@type\":\"WebSite\",\"@id\":\"https:\\\/\\\/rodoaed.ee\\\/#website\",\"url\":\"https:\\\/\\\/rodoaed.ee\\\/\",\"name\":\"Rodoaed\",\"description\":\"\",\"publisher\":{\"@id\":\"https:\\\/\\\/rodoaed.ee\\\/#organization\"},\"potentialAction\":[{\"@type\":\"SearchAction\",\"target\":{\"@type\":\"EntryPoint\",\"urlTemplate\":\"https:\\\/\\\/rodoaed.ee\\\/?s={search_term_string}\"},\"query-input\":{\"@type\":\"PropertyValueSpecification\",\"valueRequired\":true,\"valueName\":\"search_term_string\"}}],\"inLanguage\":\"fi\"},{\"@type\":\"Organization\",\"@id\":\"https:\\\/\\\/rodoaed.ee\\\/#organization\",\"name\":\"Rodoaed\",\"url\":\"https:\\\/\\\/rodoaed.ee\\\/\",\"logo\":{\"@type\":\"ImageObject\",\"inLanguage\":\"fi\",\"@id\":\"https:\\\/\\\/rodoaed.ee\\\/#\\\/schema\\\/logo\\\/image\\\/\",\"url\":\"https:\\\/\\\/rodoaed.ee\\\/wp-content\\\/uploads\\\/2019\\\/11\\\/rodoaed-logo-ilma-taustata.jpg\",\"contentUrl\":\"https:\\\/\\\/rodoaed.ee\\\/wp-content\\\/uploads\\\/2019\\\/11\\\/rodoaed-logo-ilma-taustata.jpg\",\"width\":769,\"height\":268,\"caption\":\"Rodoaed\"},\"image\":{\"@id\":\"https:\\\/\\\/rodoaed.ee\\\/#\\\/schema\\\/logo\\\/image\\\/\"},\"sameAs\":[\"https:\\\/\\\/www.facebook.com\\\/kasvuhooned\\\/\",\"https:\\\/\\\/rodoaed.ee\"]}]}<\/script>\n<!-- \/ Yoast SEO Premium plugin. -->","yoast_head_json":{"title":"Kultasirkkujen pes\u00e4laatikko 3SV - turvak\u00e4yt\u00e4v\u00e4ll\u00e4 varustettuna - Rodoaed","robots":{"index":"index","follow":"follow","max-snippet":"max-snippet:-1","max-image-preview":"max-image-preview:large","max-video-preview":"max-video-preview:-1"},"canonical":"https:\/\/rodoaed.ee\/fi\/toode\/kultasirkkujen-pesalaatikko-3sv-turvakaytavalla-varustettuna\/","og_locale":"fi_FI","og_type":"article","og_title":"Kultasirkkujen pes\u00e4laatikko 3SV - turvak\u00e4yt\u00e4v\u00e4ll\u00e4 varustettuna","og_description":"3SV-pes\u00e4kotelo eroaa 3S-mallista l\u00e4hinn\u00e4 siin\u00e4, ett\u00e4 siin\u00e4 on paksumpi turpeen sis\u00e4\u00e4nk\u00e4ynti. T\u00e4h\u00e4n pes\u00e4laatikkoon ei p\u00e4\u00e4se saalistaja. HUOM: Saimme hyvin","og_url":"https:\/\/rodoaed.ee\/fi\/toode\/kultasirkkujen-pesalaatikko-3sv-turvakaytavalla-varustettuna\/","og_site_name":"Rodoaed","article_publisher":"https:\/\/www.facebook.com\/kasvuhooned\/","article_modified_time":"2026-04-13T08:07:00+00:00","og_image":[{"width":300,"height":444,"url":"https:\/\/rodoaed.ee\/wp-content\/uploads\/2019\/08\/pesakast-kuldnokale_01.jpg","type":"image\/jpeg"}],"twitter_card":"summary_large_image","twitter_misc":{"Arvioitu lukuaika":"2 minuuttia"},"schema":{"@context":"https:\/\/schema.org","@graph":[{"@type":"WebPage","@id":"https:\/\/rodoaed.ee\/fi\/toode\/kultasirkkujen-pesalaatikko-3sv-turvakaytavalla-varustettuna\/","url":"https:\/\/rodoaed.ee\/fi\/toode\/kultasirkkujen-pesalaatikko-3sv-turvakaytavalla-varustettuna\/","name":"Kultasirkkujen pes\u00e4laatikko 3SV - turvak\u00e4yt\u00e4v\u00e4ll\u00e4 varustettuna - Rodoaed","isPartOf":{"@id":"https:\/\/rodoaed.ee\/#website"},"primaryImageOfPage":{"@id":"https:\/\/rodoaed.ee\/fi\/toode\/kultasirkkujen-pesalaatikko-3sv-turvakaytavalla-varustettuna\/#primaryimage"},"image":{"@id":"https:\/\/rodoaed.ee\/fi\/toode\/kultasirkkujen-pesalaatikko-3sv-turvakaytavalla-varustettuna\/#primaryimage"},"thumbnailUrl":"https:\/\/rodoaed.ee\/wp-content\/uploads\/2019\/08\/pesakast-kuldnokale_01.jpg","datePublished":"2019-08-02T09:51:48+00:00","dateModified":"2026-04-13T08:07:00+00:00","breadcrumb":{"@id":"https:\/\/rodoaed.ee\/fi\/toode\/kultasirkkujen-pesalaatikko-3sv-turvakaytavalla-varustettuna\/#breadcrumb"},"inLanguage":"fi","potentialAction":[{"@type":"ReadAction","target":["https:\/\/rodoaed.ee\/fi\/toode\/kultasirkkujen-pesalaatikko-3sv-turvakaytavalla-varustettuna\/"]}]},{"@type":"ImageObject","inLanguage":"fi","@id":"https:\/\/rodoaed.ee\/fi\/toode\/kultasirkkujen-pesalaatikko-3sv-turvakaytavalla-varustettuna\/#primaryimage","url":"https:\/\/rodoaed.ee\/wp-content\/uploads\/2019\/08\/pesakast-kuldnokale_01.jpg","contentUrl":"https:\/\/rodoaed.ee\/wp-content\/uploads\/2019\/08\/pesakast-kuldnokale_01.jpg","width":300,"height":444},{"@type":"BreadcrumbList","@id":"https:\/\/rodoaed.ee\/fi\/toode\/kultasirkkujen-pesalaatikko-3sv-turvakaytavalla-varustettuna\/#breadcrumb","itemListElement":[{"@type":"ListItem","position":1,"name":"Home","item":"https:\/\/rodoaed.ee\/fi\/"},{"@type":"ListItem","position":2,"name":"Osta osoitteessa","item":"https:\/\/rodoaed.ee\/osta-osoitteessa\/"},{"@type":"ListItem","position":3,"name":"Kultasirkkujen pes\u00e4laatikko 3SV &#8211; turvak\u00e4yt\u00e4v\u00e4ll\u00e4 varustettuna"}]},{"@type":"WebSite","@id":"https:\/\/rodoaed.ee\/#website","url":"https:\/\/rodoaed.ee\/","name":"Rodoaed","description":"","publisher":{"@id":"https:\/\/rodoaed.ee\/#organization"},"potentialAction":[{"@type":"SearchAction","target":{"@type":"EntryPoint","urlTemplate":"https:\/\/rodoaed.ee\/?s={search_term_string}"},"query-input":{"@type":"PropertyValueSpecification","valueRequired":true,"valueName":"search_term_string"}}],"inLanguage":"fi"},{"@type":"Organization","@id":"https:\/\/rodoaed.ee\/#organization","name":"Rodoaed","url":"https:\/\/rodoaed.ee\/","logo":{"@type":"ImageObject","inLanguage":"fi","@id":"https:\/\/rodoaed.ee\/#\/schema\/logo\/image\/","url":"https:\/\/rodoaed.ee\/wp-content\/uploads\/2019\/11\/rodoaed-logo-ilma-taustata.jpg","contentUrl":"https:\/\/rodoaed.ee\/wp-content\/uploads\/2019\/11\/rodoaed-logo-ilma-taustata.jpg","width":769,"height":268,"caption":"Rodoaed"},"image":{"@id":"https:\/\/rodoaed.ee\/#\/schema\/logo\/image\/"},"sameAs":["https:\/\/www.facebook.com\/kasvuhooned\/","https:\/\/rodoaed.ee"]}]}},"_links":{"self":[{"href":"https:\/\/rodoaed.ee\/fi\/wp-json\/wp\/v2\/product\/53490","targetHints":{"allow":["GET"]}}],"collection":[{"href":"https:\/\/rodoaed.ee\/fi\/wp-json\/wp\/v2\/product"}],"about":[{"href":"https:\/\/rodoaed.ee\/fi\/wp-json\/wp\/v2\/types\/product"}],"wp:featuredmedia":[{"embeddable":true,"href":"https:\/\/rodoaed.ee\/fi\/wp-json\/wp\/v2\/media\/25493"}],"wp:attachment":[{"href":"https:\/\/rodoaed.ee\/fi\/wp-json\/wp\/v2\/media?parent=53490"}],"wp:term":[{"taxonomy":"product_brand","embeddable":true,"href":"https:\/\/rodoaed.ee\/fi\/wp-json\/wp\/v2\/product_brand?post=53490"},{"taxonomy":"product_cat","embeddable":true,"href":"https:\/\/rodoaed.ee\/fi\/wp-json\/wp\/v2\/product_cat?post=53490"},{"taxonomy":"product_tag","embeddable":true,"href":"https:\/\/rodoaed.ee\/fi\/wp-json\/wp\/v2\/product_tag?post=53490"}],"curies":[{"name":"wp","href":"https:\/\/api.w.org\/{rel}","templated":true}]}}