{"id":53491,"date":"2019-08-02T12:51:48","date_gmt":"2019-08-02T09:51:48","guid":{"rendered":"https:\/\/rodoaed.ee\/toode\/profiilimalli-suuri-haikaroiden-ja-sepelkyyhkyjen-pesalaatikko\/"},"modified":"2026-04-13T11:07:01","modified_gmt":"2026-04-13T08:07:01","slug":"profiilimalli-suuri-haikaroiden-ja-sepelkyyhkyjen-pesalaatikko","status":"publish","type":"product","link":"https:\/\/rodoaed.ee\/fi\/tuote\/profiilimalli-suuri-haikaroiden-ja-sepelkyyhkyjen-pesalaatikko\/","title":{"rendered":"Profiilimalli Suuri haikaroiden ja sepelkyyhkyjen pes\u00e4laatikko"},"content":{"rendered":"<h2>Pes\u00e4laatikko sopii haikarayhdyskunnalle.<\/h2>\n<p><strong>Monissa Euroopan maissa, kuten Saksassa ja It\u00e4vallassa, ampiaisia suojellaan eritt\u00e4in tiukasti.<\/strong>  On tieteellisesti todistettu, ett\u00e4 ampiaiset hy\u00f6kk\u00e4\u00e4v\u00e4t ihmisten kimppuun tai pist\u00e4v\u00e4t heit\u00e4 vain t\u00e4ysin itsepuolustustilanteissa. Toisin sanoen silloin, kun niit\u00e4 vaanitaan ja ajetaan takaa pes\u00e4n l\u00e4hell\u00e4. Ampiaisen pist\u00e4minen ei ole meille vaarallisempaa kuin tavallisen mehil\u00e4isen pist\u00e4minen, mutta se on hyv\u00e4ksi terveydellemme.  <\/p>\n<p>Ampiaiset sy\u00f6v\u00e4t siitep\u00f6ly\u00e4, hedelmi\u00e4 ja puunmahlaa, mutta niiden toukat sy\u00f6v\u00e4t vain hy\u00f6nteisi\u00e4, kuten k\u00e4rp\u00e4si\u00e4, kovakuoriaisia ja muita. Siksi ne ovat eritt\u00e4in t\u00e4rkeit\u00e4 hy\u00f6nteisten luonnollisen tasapainon yll\u00e4pit\u00e4miseksi niityill\u00e4, puutarhoissa ja metsiss\u00e4. Jos ampiaiset v\u00e4henisiv\u00e4t merkitt\u00e4v\u00e4sti, tasapaino j\u00e4rkkyisi nopeasti, mik\u00e4 johtaisi monien tuhohy\u00f6nteisten r\u00e4j\u00e4hdysm\u00e4iseen lis\u00e4\u00e4ntymiseen, joka vahingoittaisi sek\u00e4 puutarhoja ett\u00e4 mets\u00e4taloutta.  <\/p>\n<p><strong>Tiesitk\u00f6, ett\u00e4 yksi ampiaiskolonia ruokkii toukkiaan jopa 0,5 kiloa hy\u00f6nteisi\u00e4 p\u00e4iv\u00e4ss\u00e4!<\/strong><\/p>\n<p><strong>Schweglerin ampiaisten aloituspakkauksen ja suuren pes\u00e4kolon pes\u00e4kotelon asentaminen on helppo tapa auttaa ampiaisia kotisi ymp\u00e4rill\u00e4.<\/strong>  Aloituspakkaus on monien vuosien tieteellisen tutkimuksen tulos, ja se luo ihanteelliset ilmasto-olosuhteet ampiaisten pes\u00e4\u00e4n. Pes\u00e4n sis\u00e4\u00e4nk\u00e4ynti on huolellisesti suunniteltu ja patentoitu ampiaisille parhaiten sopivaan muotoon ja rakenteeseen. Se pit\u00e4\u00e4 my\u00f6s poissa linnut ja hiiret, jotka muutoin saattaisivat uhata pes\u00e4koloniaa.  <\/p>\n<p>Ampiaisten aloituspakkauksen pes\u00e4laatikko on ihanteellinen uuden pes\u00e4kolon perustamiseen ja pienempien ampiaispes\u00e4kkeiden asuttamiseen. Kun pes\u00e4kolonia kasvaa vuosien mittaan tai alkaa etsi\u00e4 suurempaa pes\u00e4koloa, suosittelemme <strong>t\u00e4ysikokoisen Heron Nest Box -pes\u00e4kotelon<\/strong> asentamista <strong>.<\/strong> Yleisesti ottaen on suositeltavaa k\u00e4ytt\u00e4\u00e4 aloituspakkausta yhdess\u00e4 suuren pes\u00e4kotelon kanssa.  <\/p>\n<p>&nbsp;<\/p>\n<p><strong>Asennusohjeet:<\/strong> v\u00e4hint\u00e4\u00e4n 4 metrin korkeuteen aurinkoiselle paikalle puun latvaan. Sijoita mets\u00e4n reunaan, aukealle, aukealle, puistopuuhun. On parasta asentaa havupuuhun, kuten kuuseen tai m\u00e4ntyyn. Lentoaukkojen edess\u00e4 olevan v\u00e4litt\u00f6m\u00e4n alueen on oltava vapaa oksista. Paras et\u00e4isyys toisesta suuresta ampiaispes\u00e4kopista on v\u00e4hint\u00e4\u00e4n 100 metri\u00e4. N\u00e4in ei ole vaaraa, ett\u00e4 kaksi pes\u00e4kolonia taistelee reviirist\u00e4.     <\/p>\n<p><strong>Puhdistus<\/strong>: puhdistaminen on parasta tehd\u00e4 huhtikuussa seuraavana vuonna asennuksen j\u00e4lkeen. J\u00e4t\u00e4 talveksi puun latvaan, \u00e4l\u00e4k\u00e4 koske siihen, koska monet hy\u00f6dylliset hy\u00f6nteiset talvehtivat siell\u00e4. <\/p>\n<p><strong>K\u00e4ytt\u00f6:<\/strong> Pes\u00e4 perustetaan yleens\u00e4 toukokuussa, ja se el\u00e4\u00e4 aktiivisesti loppukes\u00e4\u00e4n asti. Yksityiskohtaiset ohjeet sis\u00e4ltyv\u00e4t pakkaukseen. <\/p>\n<p>&nbsp;<\/p>\n<p>Toimitetaan galvanoidun ripustustelineen kanssa.<\/p>\n<p><strong>Mitat:<\/strong> korkeus 60cm, leveys 28cm ja pituus 25cm.<\/p>\n<p><strong>Paino:<\/strong> noin 14,5 kg<\/p>\n<p>&nbsp;<\/p>\n","protected":false},"excerpt":{"rendered":"<p>Pes\u00e4laatikko sopii haikarayhdyskunnalle. Monissa Euroopan maissa, kuten Saksassa ja It\u00e4vallassa, ampiaisia suojellaan eritt\u00e4in tiukasti. On tieteellisesti todistettu, ett\u00e4 ampiaiset hy\u00f6kk\u00e4\u00e4v\u00e4t ihmisten kimppuun tai pist\u00e4v\u00e4t heit\u00e4 vain t\u00e4ysin itsepuolustustilanteissa. Toisin sanoen silloin, kun niit\u00e4 vaanitaan ja ajetaan takaa pes\u00e4n l\u00e4hell\u00e4. Ampiaisen pist\u00e4minen ei ole meille vaarallisempaa kuin tavallisen mehil\u00e4isen pist\u00e4minen, mutta se on hyv\u00e4ksi terveydellemme. Ampiaiset sy\u00f6v\u00e4t siitep\u00f6ly\u00e4, hedelmi\u00e4 ja puunmahlaa, mutta niiden toukat sy\u00f6v\u00e4t vain&#8230;<\/p>\n","protected":false},"featured_media":17912,"template":"","meta":{"_acf_changed":false},"product_brand":[],"product_cat":[2364,1854,1878,1851],"product_tag":[],"class_list":{"0":"post-53491","1":"product","2":"type-product","3":"status-publish","4":"has-post-thumbnail","6":"product_cat-haikaran-pesakotelot","7":"product_cat-hyonteishotellit","8":"product_cat-kilettimaiset-majat","9":"product_cat-pesakotelot","10":"product_shipping_class-kuljetus-ainoastaan-kuriiripalvelun-valityksella","11":"pa_variatsioon-suuri-haikaroiden-pesakolonia","13":"first","14":"instock","15":"sale","16":"taxable","17":"shipping-taxable","18":"purchasable","19":"product-type-simple"},"acf":[],"yoast_head":"<!-- This site is optimized with the Yoast SEO Premium plugin v27.3 (Yoast SEO v27.3) - https:\/\/yoast.com\/product\/yoast-seo-premium-wordpress\/ -->\n<title>Profiilimalli Suuri haikaroiden ja sepelkyyhkyjen pes\u00e4laatikko - Rodoaed<\/title>\n<meta name=\"robots\" content=\"index, follow, max-snippet:-1, max-image-preview:large, max-video-preview:-1\" \/>\n<link rel=\"canonical\" href=\"https:\/\/rodoaed.ee\/fi\/toode\/profiilimalli-suuri-haikaroiden-ja-sepelkyyhkyjen-pesalaatikko\/\" \/>\n<meta property=\"og:locale\" content=\"fi_FI\" \/>\n<meta property=\"og:type\" content=\"article\" \/>\n<meta property=\"og:title\" content=\"Profiilimalli Suuri haikaroiden ja sepelkyyhkyjen pes\u00e4laatikko\" \/>\n<meta property=\"og:description\" content=\"Pes\u00e4laatikko sopii haikarayhdyskunnalle. Monissa Euroopan maissa, kuten Saksassa ja It\u00e4vallassa, ampiaisia suojellaan eritt\u00e4in tiukasti. On tieteellisesti\" \/>\n<meta property=\"og:url\" content=\"https:\/\/rodoaed.ee\/fi\/toode\/profiilimalli-suuri-haikaroiden-ja-sepelkyyhkyjen-pesalaatikko\/\" \/>\n<meta property=\"og:site_name\" content=\"Rodoaed\" \/>\n<meta property=\"article:publisher\" content=\"https:\/\/www.facebook.com\/kasvuhooned\/\" \/>\n<meta property=\"article:modified_time\" content=\"2026-04-13T08:07:01+00:00\" \/>\n<meta property=\"og:image\" content=\"https:\/\/rodoaed.ee\/wp-content\/uploads\/2019\/07\/herilaste-pesakast_360_01.jpg\" \/>\n\t<meta property=\"og:image:width\" content=\"263\" \/>\n\t<meta property=\"og:image:height\" content=\"400\" \/>\n\t<meta property=\"og:image:type\" content=\"image\/jpeg\" \/>\n<meta name=\"twitter:card\" content=\"summary_large_image\" \/>\n<meta name=\"twitter:label1\" content=\"Arvioitu lukuaika\" \/>\n\t<meta name=\"twitter:data1\" content=\"2 minuuttia\" \/>\n<script type=\"application\/ld+json\" class=\"yoast-schema-graph\">{\"@context\":\"https:\\\/\\\/schema.org\",\"@graph\":[{\"@type\":\"WebPage\",\"@id\":\"https:\\\/\\\/rodoaed.ee\\\/fi\\\/toode\\\/profiilimalli-suuri-haikaroiden-ja-sepelkyyhkyjen-pesalaatikko\\\/\",\"url\":\"https:\\\/\\\/rodoaed.ee\\\/fi\\\/toode\\\/profiilimalli-suuri-haikaroiden-ja-sepelkyyhkyjen-pesalaatikko\\\/\",\"name\":\"Profiilimalli Suuri haikaroiden ja sepelkyyhkyjen pes\u00e4laatikko - Rodoaed\",\"isPartOf\":{\"@id\":\"https:\\\/\\\/rodoaed.ee\\\/#website\"},\"primaryImageOfPage\":{\"@id\":\"https:\\\/\\\/rodoaed.ee\\\/fi\\\/toode\\\/profiilimalli-suuri-haikaroiden-ja-sepelkyyhkyjen-pesalaatikko\\\/#primaryimage\"},\"image\":{\"@id\":\"https:\\\/\\\/rodoaed.ee\\\/fi\\\/toode\\\/profiilimalli-suuri-haikaroiden-ja-sepelkyyhkyjen-pesalaatikko\\\/#primaryimage\"},\"thumbnailUrl\":\"https:\\\/\\\/rodoaed.ee\\\/wp-content\\\/uploads\\\/2019\\\/07\\\/herilaste-pesakast_360_01.jpg\",\"datePublished\":\"2019-08-02T09:51:48+00:00\",\"dateModified\":\"2026-04-13T08:07:01+00:00\",\"breadcrumb\":{\"@id\":\"https:\\\/\\\/rodoaed.ee\\\/fi\\\/toode\\\/profiilimalli-suuri-haikaroiden-ja-sepelkyyhkyjen-pesalaatikko\\\/#breadcrumb\"},\"inLanguage\":\"fi\",\"potentialAction\":[{\"@type\":\"ReadAction\",\"target\":[\"https:\\\/\\\/rodoaed.ee\\\/fi\\\/toode\\\/profiilimalli-suuri-haikaroiden-ja-sepelkyyhkyjen-pesalaatikko\\\/\"]}]},{\"@type\":\"ImageObject\",\"inLanguage\":\"fi\",\"@id\":\"https:\\\/\\\/rodoaed.ee\\\/fi\\\/toode\\\/profiilimalli-suuri-haikaroiden-ja-sepelkyyhkyjen-pesalaatikko\\\/#primaryimage\",\"url\":\"https:\\\/\\\/rodoaed.ee\\\/wp-content\\\/uploads\\\/2019\\\/07\\\/herilaste-pesakast_360_01.jpg\",\"contentUrl\":\"https:\\\/\\\/rodoaed.ee\\\/wp-content\\\/uploads\\\/2019\\\/07\\\/herilaste-pesakast_360_01.jpg\",\"width\":263,\"height\":400},{\"@type\":\"BreadcrumbList\",\"@id\":\"https:\\\/\\\/rodoaed.ee\\\/fi\\\/toode\\\/profiilimalli-suuri-haikaroiden-ja-sepelkyyhkyjen-pesalaatikko\\\/#breadcrumb\",\"itemListElement\":[{\"@type\":\"ListItem\",\"position\":1,\"name\":\"Home\",\"item\":\"https:\\\/\\\/rodoaed.ee\\\/fi\\\/\"},{\"@type\":\"ListItem\",\"position\":2,\"name\":\"Osta osoitteessa\",\"item\":\"https:\\\/\\\/rodoaed.ee\\\/osta-osoitteessa\\\/\"},{\"@type\":\"ListItem\",\"position\":3,\"name\":\"Profiilimalli Suuri haikaroiden ja sepelkyyhkyjen pes\u00e4laatikko\"}]},{\"@type\":\"WebSite\",\"@id\":\"https:\\\/\\\/rodoaed.ee\\\/#website\",\"url\":\"https:\\\/\\\/rodoaed.ee\\\/\",\"name\":\"Rodoaed\",\"description\":\"\",\"publisher\":{\"@id\":\"https:\\\/\\\/rodoaed.ee\\\/#organization\"},\"potentialAction\":[{\"@type\":\"SearchAction\",\"target\":{\"@type\":\"EntryPoint\",\"urlTemplate\":\"https:\\\/\\\/rodoaed.ee\\\/?s={search_term_string}\"},\"query-input\":{\"@type\":\"PropertyValueSpecification\",\"valueRequired\":true,\"valueName\":\"search_term_string\"}}],\"inLanguage\":\"fi\"},{\"@type\":\"Organization\",\"@id\":\"https:\\\/\\\/rodoaed.ee\\\/#organization\",\"name\":\"Rodoaed\",\"url\":\"https:\\\/\\\/rodoaed.ee\\\/\",\"logo\":{\"@type\":\"ImageObject\",\"inLanguage\":\"fi\",\"@id\":\"https:\\\/\\\/rodoaed.ee\\\/#\\\/schema\\\/logo\\\/image\\\/\",\"url\":\"https:\\\/\\\/rodoaed.ee\\\/wp-content\\\/uploads\\\/2019\\\/11\\\/rodoaed-logo-ilma-taustata.jpg\",\"contentUrl\":\"https:\\\/\\\/rodoaed.ee\\\/wp-content\\\/uploads\\\/2019\\\/11\\\/rodoaed-logo-ilma-taustata.jpg\",\"width\":769,\"height\":268,\"caption\":\"Rodoaed\"},\"image\":{\"@id\":\"https:\\\/\\\/rodoaed.ee\\\/#\\\/schema\\\/logo\\\/image\\\/\"},\"sameAs\":[\"https:\\\/\\\/www.facebook.com\\\/kasvuhooned\\\/\",\"https:\\\/\\\/rodoaed.ee\"]}]}<\/script>\n<!-- \/ Yoast SEO Premium plugin. -->","yoast_head_json":{"title":"Profiilimalli Suuri haikaroiden ja sepelkyyhkyjen pes\u00e4laatikko - Rodoaed","robots":{"index":"index","follow":"follow","max-snippet":"max-snippet:-1","max-image-preview":"max-image-preview:large","max-video-preview":"max-video-preview:-1"},"canonical":"https:\/\/rodoaed.ee\/fi\/toode\/profiilimalli-suuri-haikaroiden-ja-sepelkyyhkyjen-pesalaatikko\/","og_locale":"fi_FI","og_type":"article","og_title":"Profiilimalli Suuri haikaroiden ja sepelkyyhkyjen pes\u00e4laatikko","og_description":"Pes\u00e4laatikko sopii haikarayhdyskunnalle. Monissa Euroopan maissa, kuten Saksassa ja It\u00e4vallassa, ampiaisia suojellaan eritt\u00e4in tiukasti. On tieteellisesti","og_url":"https:\/\/rodoaed.ee\/fi\/toode\/profiilimalli-suuri-haikaroiden-ja-sepelkyyhkyjen-pesalaatikko\/","og_site_name":"Rodoaed","article_publisher":"https:\/\/www.facebook.com\/kasvuhooned\/","article_modified_time":"2026-04-13T08:07:01+00:00","og_image":[{"width":263,"height":400,"url":"https:\/\/rodoaed.ee\/wp-content\/uploads\/2019\/07\/herilaste-pesakast_360_01.jpg","type":"image\/jpeg"}],"twitter_card":"summary_large_image","twitter_misc":{"Arvioitu lukuaika":"2 minuuttia"},"schema":{"@context":"https:\/\/schema.org","@graph":[{"@type":"WebPage","@id":"https:\/\/rodoaed.ee\/fi\/toode\/profiilimalli-suuri-haikaroiden-ja-sepelkyyhkyjen-pesalaatikko\/","url":"https:\/\/rodoaed.ee\/fi\/toode\/profiilimalli-suuri-haikaroiden-ja-sepelkyyhkyjen-pesalaatikko\/","name":"Profiilimalli Suuri haikaroiden ja sepelkyyhkyjen pes\u00e4laatikko - Rodoaed","isPartOf":{"@id":"https:\/\/rodoaed.ee\/#website"},"primaryImageOfPage":{"@id":"https:\/\/rodoaed.ee\/fi\/toode\/profiilimalli-suuri-haikaroiden-ja-sepelkyyhkyjen-pesalaatikko\/#primaryimage"},"image":{"@id":"https:\/\/rodoaed.ee\/fi\/toode\/profiilimalli-suuri-haikaroiden-ja-sepelkyyhkyjen-pesalaatikko\/#primaryimage"},"thumbnailUrl":"https:\/\/rodoaed.ee\/wp-content\/uploads\/2019\/07\/herilaste-pesakast_360_01.jpg","datePublished":"2019-08-02T09:51:48+00:00","dateModified":"2026-04-13T08:07:01+00:00","breadcrumb":{"@id":"https:\/\/rodoaed.ee\/fi\/toode\/profiilimalli-suuri-haikaroiden-ja-sepelkyyhkyjen-pesalaatikko\/#breadcrumb"},"inLanguage":"fi","potentialAction":[{"@type":"ReadAction","target":["https:\/\/rodoaed.ee\/fi\/toode\/profiilimalli-suuri-haikaroiden-ja-sepelkyyhkyjen-pesalaatikko\/"]}]},{"@type":"ImageObject","inLanguage":"fi","@id":"https:\/\/rodoaed.ee\/fi\/toode\/profiilimalli-suuri-haikaroiden-ja-sepelkyyhkyjen-pesalaatikko\/#primaryimage","url":"https:\/\/rodoaed.ee\/wp-content\/uploads\/2019\/07\/herilaste-pesakast_360_01.jpg","contentUrl":"https:\/\/rodoaed.ee\/wp-content\/uploads\/2019\/07\/herilaste-pesakast_360_01.jpg","width":263,"height":400},{"@type":"BreadcrumbList","@id":"https:\/\/rodoaed.ee\/fi\/toode\/profiilimalli-suuri-haikaroiden-ja-sepelkyyhkyjen-pesalaatikko\/#breadcrumb","itemListElement":[{"@type":"ListItem","position":1,"name":"Home","item":"https:\/\/rodoaed.ee\/fi\/"},{"@type":"ListItem","position":2,"name":"Osta osoitteessa","item":"https:\/\/rodoaed.ee\/osta-osoitteessa\/"},{"@type":"ListItem","position":3,"name":"Profiilimalli Suuri haikaroiden ja sepelkyyhkyjen pes\u00e4laatikko"}]},{"@type":"WebSite","@id":"https:\/\/rodoaed.ee\/#website","url":"https:\/\/rodoaed.ee\/","name":"Rodoaed","description":"","publisher":{"@id":"https:\/\/rodoaed.ee\/#organization"},"potentialAction":[{"@type":"SearchAction","target":{"@type":"EntryPoint","urlTemplate":"https:\/\/rodoaed.ee\/?s={search_term_string}"},"query-input":{"@type":"PropertyValueSpecification","valueRequired":true,"valueName":"search_term_string"}}],"inLanguage":"fi"},{"@type":"Organization","@id":"https:\/\/rodoaed.ee\/#organization","name":"Rodoaed","url":"https:\/\/rodoaed.ee\/","logo":{"@type":"ImageObject","inLanguage":"fi","@id":"https:\/\/rodoaed.ee\/#\/schema\/logo\/image\/","url":"https:\/\/rodoaed.ee\/wp-content\/uploads\/2019\/11\/rodoaed-logo-ilma-taustata.jpg","contentUrl":"https:\/\/rodoaed.ee\/wp-content\/uploads\/2019\/11\/rodoaed-logo-ilma-taustata.jpg","width":769,"height":268,"caption":"Rodoaed"},"image":{"@id":"https:\/\/rodoaed.ee\/#\/schema\/logo\/image\/"},"sameAs":["https:\/\/www.facebook.com\/kasvuhooned\/","https:\/\/rodoaed.ee"]}]}},"_links":{"self":[{"href":"https:\/\/rodoaed.ee\/fi\/wp-json\/wp\/v2\/product\/53491","targetHints":{"allow":["GET"]}}],"collection":[{"href":"https:\/\/rodoaed.ee\/fi\/wp-json\/wp\/v2\/product"}],"about":[{"href":"https:\/\/rodoaed.ee\/fi\/wp-json\/wp\/v2\/types\/product"}],"wp:featuredmedia":[{"embeddable":true,"href":"https:\/\/rodoaed.ee\/fi\/wp-json\/wp\/v2\/media\/17912"}],"wp:attachment":[{"href":"https:\/\/rodoaed.ee\/fi\/wp-json\/wp\/v2\/media?parent=53491"}],"wp:term":[{"taxonomy":"product_brand","embeddable":true,"href":"https:\/\/rodoaed.ee\/fi\/wp-json\/wp\/v2\/product_brand?post=53491"},{"taxonomy":"product_cat","embeddable":true,"href":"https:\/\/rodoaed.ee\/fi\/wp-json\/wp\/v2\/product_cat?post=53491"},{"taxonomy":"product_tag","embeddable":true,"href":"https:\/\/rodoaed.ee\/fi\/wp-json\/wp\/v2\/product_tag?post=53491"}],"curies":[{"name":"wp","href":"https:\/\/api.w.org\/{rel}","templated":true}]}}