{"id":53497,"date":"2019-08-02T12:52:27","date_gmt":"2019-08-02T09:52:27","guid":{"rendered":"https:\/\/rodoaed.ee\/toode\/getsetgo-ruokala-ateriasekoitus\/"},"modified":"2026-04-13T11:07:08","modified_gmt":"2026-04-13T08:07:08","slug":"getsetgo-ruokala-ateriasekoitus","status":"publish","type":"product","link":"https:\/\/rodoaed.ee\/fi\/tuote\/getsetgo-ruokala-ateriasekoitus\/","title":{"rendered":"GetSetGo-ruokala-ateriasekoitus"},"content":{"rendered":"<h2>GetSetGo on englantilaisen linnan ruokailutilan malli &#8211; puutarhureiden suosikkimalli.<\/h2>\n<p>Jos olet uusi lintujen ruokinnassa ja etsit ensimm\u00e4ist\u00e4 lintujen ruokintapaikkaa, t\u00e4m\u00e4 malli on varmasti hyv\u00e4 valinta. Se on ammattimaisen valmistajan laatusarjan lintujen ruokinta, mutta symboliseen hintaan. Loistava aloitussarja lintujen ruokintaan.  <\/p>\n<p>Kirkkaat v\u00e4rit on valittu melko tarkasti lintujen mukaan. Kaunis muotoilu ja hyv\u00e4 kest\u00e4vyys ovat tehneet n\u00e4ist\u00e4 ruokintalaitteista rakastetun ja tervetulleen lahjan luonnonyst\u00e4v\u00e4lle. <\/p>\n<h2><strong>Miksi valita minut<\/strong><\/h2>\n<ul>\n<li>Erinomainen linnan ruokailun aloituspakkaus<\/li>\n<li>Aina tervetullut ja kaunis lahja<\/li>\n<li>Miellytt\u00e4v\u00e4t ahvenet linnuille<\/li>\n<li>Ainutlaatuinen napsautuksella irrotettava pohja nopeaa puhdistusta varten<\/li>\n<li>Integroitu ripustuslenkki ja tarkasti istuva kattoluukku<\/li>\n<li>Valmistettu kierr\u00e4tett\u00e4v\u00e4st\u00e4 muovista saranoitu ruostumaton ter\u00e4s<\/li>\n<\/ul>\n<p><a href=\"\/?product_cat=linnusoogimajad-ja-sootjad\">Ruokailu linnassa<\/a><\/p>\n","protected":false},"excerpt":{"rendered":"<p>GetSetGo on englantilaisen linnan ruokailutilan malli &#8211; puutarhureiden suosikkimalli. Jos olet uusi lintujen ruokinnassa ja etsit ensimm\u00e4ist\u00e4 lintujen ruokintapaikkaa, t\u00e4m\u00e4 malli on varmasti hyv\u00e4 valinta. Se on ammattimaisen valmistajan laatusarjan lintujen ruokinta, mutta symboliseen hintaan. Loistava aloitussarja lintujen ruokintaan. Kirkkaat v\u00e4rit on valittu melko tarkasti lintujen mukaan. Kaunis muotoilu ja hyv\u00e4 kest\u00e4vyys ovat tehneet n\u00e4ist\u00e4 ruokintalaitteista rakastetun ja tervetulleen lahjan luonnonyst\u00e4v\u00e4lle. Miksi valita minut Erinomainen&#8230;<\/p>\n","protected":false},"featured_media":28899,"template":"","meta":{"_acf_changed":false},"product_brand":[],"product_cat":[1785,1880,1767,1883],"product_tag":[],"class_list":{"0":"post-53497","1":"product","2":"type-product","3":"status-publish","4":"has-post-thumbnail","6":"product_cat-lahjat-lapsille-6-12a","7":"product_cat-lahjat-luonnonystavalle","8":"product_cat-linnaillalliset-ja-linnan-ravintolat","9":"product_cat-ruokailu-linnassa","10":"product_shipping_class-toimitus-1-3-tyopaivan-kuluessa","11":"pa_variatsioon-25-alennusta-getsetgo-ateriasekoituksesta-ruokapaikalta","13":"first","14":"instock","15":"sale","16":"taxable","17":"shipping-taxable","18":"purchasable","19":"product-type-simple"},"acf":[],"yoast_head":"<!-- This site is optimized with the Yoast SEO Premium plugin v27.3 (Yoast SEO v27.3) - https:\/\/yoast.com\/product\/yoast-seo-premium-wordpress\/ -->\n<title>GetSetGo-ruokala-ateriasekoitus - Rodoaed<\/title>\n<meta name=\"robots\" content=\"index, follow, max-snippet:-1, max-image-preview:large, max-video-preview:-1\" \/>\n<link rel=\"canonical\" href=\"https:\/\/rodoaed.ee\/fi\/toode\/getsetgo-ruokala-ateriasekoitus\/\" \/>\n<meta property=\"og:locale\" content=\"fi_FI\" \/>\n<meta property=\"og:type\" content=\"article\" \/>\n<meta property=\"og:title\" content=\"GetSetGo-ruokala-ateriasekoitus\" \/>\n<meta property=\"og:description\" content=\"GetSetGo on englantilaisen linnan ruokailutilan malli - puutarhureiden suosikkimalli. Jos olet uusi lintujen ruokinnassa ja etsit ensimm\u00e4ist\u00e4 lintujen\" \/>\n<meta property=\"og:url\" content=\"https:\/\/rodoaed.ee\/fi\/toode\/getsetgo-ruokala-ateriasekoitus\/\" \/>\n<meta property=\"og:site_name\" content=\"Rodoaed\" \/>\n<meta property=\"article:publisher\" content=\"https:\/\/www.facebook.com\/kasvuhooned\/\" \/>\n<meta property=\"article:modified_time\" content=\"2026-04-13T08:07:08+00:00\" \/>\n<meta property=\"og:image\" content=\"https:\/\/rodoaed.ee\/wp-content\/uploads\/2019\/08\/linnus\u00f6\u00f6gimajad_get-set-go_03.jpg\" \/>\n\t<meta property=\"og:image:width\" content=\"1280\" \/>\n\t<meta property=\"og:image:height\" content=\"1600\" \/>\n\t<meta property=\"og:image:type\" content=\"image\/jpeg\" \/>\n<meta name=\"twitter:card\" content=\"summary_large_image\" \/>\n<meta name=\"twitter:label1\" content=\"Arvioitu lukuaika\" \/>\n\t<meta name=\"twitter:data1\" content=\"1 minuutti\" \/>\n<script type=\"application\/ld+json\" class=\"yoast-schema-graph\">{\"@context\":\"https:\\\/\\\/schema.org\",\"@graph\":[{\"@type\":\"WebPage\",\"@id\":\"https:\\\/\\\/rodoaed.ee\\\/fi\\\/toode\\\/getsetgo-ruokala-ateriasekoitus\\\/\",\"url\":\"https:\\\/\\\/rodoaed.ee\\\/fi\\\/toode\\\/getsetgo-ruokala-ateriasekoitus\\\/\",\"name\":\"GetSetGo-ruokala-ateriasekoitus - Rodoaed\",\"isPartOf\":{\"@id\":\"https:\\\/\\\/rodoaed.ee\\\/#website\"},\"primaryImageOfPage\":{\"@id\":\"https:\\\/\\\/rodoaed.ee\\\/fi\\\/toode\\\/getsetgo-ruokala-ateriasekoitus\\\/#primaryimage\"},\"image\":{\"@id\":\"https:\\\/\\\/rodoaed.ee\\\/fi\\\/toode\\\/getsetgo-ruokala-ateriasekoitus\\\/#primaryimage\"},\"thumbnailUrl\":\"https:\\\/\\\/rodoaed.ee\\\/wp-content\\\/uploads\\\/2019\\\/08\\\/linnus\u00f6\u00f6gimajad_get-set-go_03.jpg\",\"datePublished\":\"2019-08-02T09:52:27+00:00\",\"dateModified\":\"2026-04-13T08:07:08+00:00\",\"breadcrumb\":{\"@id\":\"https:\\\/\\\/rodoaed.ee\\\/fi\\\/toode\\\/getsetgo-ruokala-ateriasekoitus\\\/#breadcrumb\"},\"inLanguage\":\"fi\",\"potentialAction\":[{\"@type\":\"ReadAction\",\"target\":[\"https:\\\/\\\/rodoaed.ee\\\/fi\\\/toode\\\/getsetgo-ruokala-ateriasekoitus\\\/\"]}]},{\"@type\":\"ImageObject\",\"inLanguage\":\"fi\",\"@id\":\"https:\\\/\\\/rodoaed.ee\\\/fi\\\/toode\\\/getsetgo-ruokala-ateriasekoitus\\\/#primaryimage\",\"url\":\"https:\\\/\\\/rodoaed.ee\\\/wp-content\\\/uploads\\\/2019\\\/08\\\/linnus\u00f6\u00f6gimajad_get-set-go_03.jpg\",\"contentUrl\":\"https:\\\/\\\/rodoaed.ee\\\/wp-content\\\/uploads\\\/2019\\\/08\\\/linnus\u00f6\u00f6gimajad_get-set-go_03.jpg\",\"width\":1280,\"height\":1600},{\"@type\":\"BreadcrumbList\",\"@id\":\"https:\\\/\\\/rodoaed.ee\\\/fi\\\/toode\\\/getsetgo-ruokala-ateriasekoitus\\\/#breadcrumb\",\"itemListElement\":[{\"@type\":\"ListItem\",\"position\":1,\"name\":\"Home\",\"item\":\"https:\\\/\\\/rodoaed.ee\\\/fi\\\/\"},{\"@type\":\"ListItem\",\"position\":2,\"name\":\"Osta osoitteessa\",\"item\":\"https:\\\/\\\/rodoaed.ee\\\/osta-osoitteessa\\\/\"},{\"@type\":\"ListItem\",\"position\":3,\"name\":\"GetSetGo-ruokala-ateriasekoitus\"}]},{\"@type\":\"WebSite\",\"@id\":\"https:\\\/\\\/rodoaed.ee\\\/#website\",\"url\":\"https:\\\/\\\/rodoaed.ee\\\/\",\"name\":\"Rodoaed\",\"description\":\"\",\"publisher\":{\"@id\":\"https:\\\/\\\/rodoaed.ee\\\/#organization\"},\"potentialAction\":[{\"@type\":\"SearchAction\",\"target\":{\"@type\":\"EntryPoint\",\"urlTemplate\":\"https:\\\/\\\/rodoaed.ee\\\/?s={search_term_string}\"},\"query-input\":{\"@type\":\"PropertyValueSpecification\",\"valueRequired\":true,\"valueName\":\"search_term_string\"}}],\"inLanguage\":\"fi\"},{\"@type\":\"Organization\",\"@id\":\"https:\\\/\\\/rodoaed.ee\\\/#organization\",\"name\":\"Rodoaed\",\"url\":\"https:\\\/\\\/rodoaed.ee\\\/\",\"logo\":{\"@type\":\"ImageObject\",\"inLanguage\":\"fi\",\"@id\":\"https:\\\/\\\/rodoaed.ee\\\/#\\\/schema\\\/logo\\\/image\\\/\",\"url\":\"https:\\\/\\\/rodoaed.ee\\\/wp-content\\\/uploads\\\/2019\\\/11\\\/rodoaed-logo-ilma-taustata.jpg\",\"contentUrl\":\"https:\\\/\\\/rodoaed.ee\\\/wp-content\\\/uploads\\\/2019\\\/11\\\/rodoaed-logo-ilma-taustata.jpg\",\"width\":769,\"height\":268,\"caption\":\"Rodoaed\"},\"image\":{\"@id\":\"https:\\\/\\\/rodoaed.ee\\\/#\\\/schema\\\/logo\\\/image\\\/\"},\"sameAs\":[\"https:\\\/\\\/www.facebook.com\\\/kasvuhooned\\\/\",\"https:\\\/\\\/rodoaed.ee\"]}]}<\/script>\n<!-- \/ Yoast SEO Premium plugin. -->","yoast_head_json":{"title":"GetSetGo-ruokala-ateriasekoitus - Rodoaed","robots":{"index":"index","follow":"follow","max-snippet":"max-snippet:-1","max-image-preview":"max-image-preview:large","max-video-preview":"max-video-preview:-1"},"canonical":"https:\/\/rodoaed.ee\/fi\/toode\/getsetgo-ruokala-ateriasekoitus\/","og_locale":"fi_FI","og_type":"article","og_title":"GetSetGo-ruokala-ateriasekoitus","og_description":"GetSetGo on englantilaisen linnan ruokailutilan malli - puutarhureiden suosikkimalli. Jos olet uusi lintujen ruokinnassa ja etsit ensimm\u00e4ist\u00e4 lintujen","og_url":"https:\/\/rodoaed.ee\/fi\/toode\/getsetgo-ruokala-ateriasekoitus\/","og_site_name":"Rodoaed","article_publisher":"https:\/\/www.facebook.com\/kasvuhooned\/","article_modified_time":"2026-04-13T08:07:08+00:00","og_image":[{"width":1280,"height":1600,"url":"https:\/\/rodoaed.ee\/wp-content\/uploads\/2019\/08\/linnus\u00f6\u00f6gimajad_get-set-go_03.jpg","type":"image\/jpeg"}],"twitter_card":"summary_large_image","twitter_misc":{"Arvioitu lukuaika":"1 minuutti"},"schema":{"@context":"https:\/\/schema.org","@graph":[{"@type":"WebPage","@id":"https:\/\/rodoaed.ee\/fi\/toode\/getsetgo-ruokala-ateriasekoitus\/","url":"https:\/\/rodoaed.ee\/fi\/toode\/getsetgo-ruokala-ateriasekoitus\/","name":"GetSetGo-ruokala-ateriasekoitus - Rodoaed","isPartOf":{"@id":"https:\/\/rodoaed.ee\/#website"},"primaryImageOfPage":{"@id":"https:\/\/rodoaed.ee\/fi\/toode\/getsetgo-ruokala-ateriasekoitus\/#primaryimage"},"image":{"@id":"https:\/\/rodoaed.ee\/fi\/toode\/getsetgo-ruokala-ateriasekoitus\/#primaryimage"},"thumbnailUrl":"https:\/\/rodoaed.ee\/wp-content\/uploads\/2019\/08\/linnus\u00f6\u00f6gimajad_get-set-go_03.jpg","datePublished":"2019-08-02T09:52:27+00:00","dateModified":"2026-04-13T08:07:08+00:00","breadcrumb":{"@id":"https:\/\/rodoaed.ee\/fi\/toode\/getsetgo-ruokala-ateriasekoitus\/#breadcrumb"},"inLanguage":"fi","potentialAction":[{"@type":"ReadAction","target":["https:\/\/rodoaed.ee\/fi\/toode\/getsetgo-ruokala-ateriasekoitus\/"]}]},{"@type":"ImageObject","inLanguage":"fi","@id":"https:\/\/rodoaed.ee\/fi\/toode\/getsetgo-ruokala-ateriasekoitus\/#primaryimage","url":"https:\/\/rodoaed.ee\/wp-content\/uploads\/2019\/08\/linnus\u00f6\u00f6gimajad_get-set-go_03.jpg","contentUrl":"https:\/\/rodoaed.ee\/wp-content\/uploads\/2019\/08\/linnus\u00f6\u00f6gimajad_get-set-go_03.jpg","width":1280,"height":1600},{"@type":"BreadcrumbList","@id":"https:\/\/rodoaed.ee\/fi\/toode\/getsetgo-ruokala-ateriasekoitus\/#breadcrumb","itemListElement":[{"@type":"ListItem","position":1,"name":"Home","item":"https:\/\/rodoaed.ee\/fi\/"},{"@type":"ListItem","position":2,"name":"Osta osoitteessa","item":"https:\/\/rodoaed.ee\/osta-osoitteessa\/"},{"@type":"ListItem","position":3,"name":"GetSetGo-ruokala-ateriasekoitus"}]},{"@type":"WebSite","@id":"https:\/\/rodoaed.ee\/#website","url":"https:\/\/rodoaed.ee\/","name":"Rodoaed","description":"","publisher":{"@id":"https:\/\/rodoaed.ee\/#organization"},"potentialAction":[{"@type":"SearchAction","target":{"@type":"EntryPoint","urlTemplate":"https:\/\/rodoaed.ee\/?s={search_term_string}"},"query-input":{"@type":"PropertyValueSpecification","valueRequired":true,"valueName":"search_term_string"}}],"inLanguage":"fi"},{"@type":"Organization","@id":"https:\/\/rodoaed.ee\/#organization","name":"Rodoaed","url":"https:\/\/rodoaed.ee\/","logo":{"@type":"ImageObject","inLanguage":"fi","@id":"https:\/\/rodoaed.ee\/#\/schema\/logo\/image\/","url":"https:\/\/rodoaed.ee\/wp-content\/uploads\/2019\/11\/rodoaed-logo-ilma-taustata.jpg","contentUrl":"https:\/\/rodoaed.ee\/wp-content\/uploads\/2019\/11\/rodoaed-logo-ilma-taustata.jpg","width":769,"height":268,"caption":"Rodoaed"},"image":{"@id":"https:\/\/rodoaed.ee\/#\/schema\/logo\/image\/"},"sameAs":["https:\/\/www.facebook.com\/kasvuhooned\/","https:\/\/rodoaed.ee"]}]}},"_links":{"self":[{"href":"https:\/\/rodoaed.ee\/fi\/wp-json\/wp\/v2\/product\/53497","targetHints":{"allow":["GET"]}}],"collection":[{"href":"https:\/\/rodoaed.ee\/fi\/wp-json\/wp\/v2\/product"}],"about":[{"href":"https:\/\/rodoaed.ee\/fi\/wp-json\/wp\/v2\/types\/product"}],"wp:featuredmedia":[{"embeddable":true,"href":"https:\/\/rodoaed.ee\/fi\/wp-json\/wp\/v2\/media\/28899"}],"wp:attachment":[{"href":"https:\/\/rodoaed.ee\/fi\/wp-json\/wp\/v2\/media?parent=53497"}],"wp:term":[{"taxonomy":"product_brand","embeddable":true,"href":"https:\/\/rodoaed.ee\/fi\/wp-json\/wp\/v2\/product_brand?post=53497"},{"taxonomy":"product_cat","embeddable":true,"href":"https:\/\/rodoaed.ee\/fi\/wp-json\/wp\/v2\/product_cat?post=53497"},{"taxonomy":"product_tag","embeddable":true,"href":"https:\/\/rodoaed.ee\/fi\/wp-json\/wp\/v2\/product_tag?post=53497"}],"curies":[{"name":"wp","href":"https:\/\/api.w.org\/{rel}","templated":true}]}}